{"id":3840847,"date":"2019-09-04T12:15:00","date_gmt":"2025-03-10T05:53:32","guid":{"rendered":"https:\/\/shop.diolosa.com\/product\/five-shells\/"},"modified":"2025-05-06T14:54:48","modified_gmt":"2025-05-06T13:54:48","slug":"five-shells","status":"publish","type":"product","link":"https:\/\/shop.diolosa.com\/en\/product\/five-shells\/","title":{"rendered":"Five Shells"},"content":{"rendered":"<p>FIVE SHELLS is used to treat congestion and hardening in the Upper Heater, Lungs, Lymphatic System, CNS, Brain, Sensory Organs and Yang Ming. This extraordinary preparation liquefies and softens indurations, lumps, growths and sticky and hardened tough-mucus accumulations. FIVE SHELLS may only be used in combination with other preparations, as its composition is symptomatic. This mineral composition has proven to be very helpful in the treatment of acute gastritis with very high acidity. FIVE SHELLS is thermally very cold and may only be taken for a limited time or in combination with another formula. (contains small amounts of gluten!!!!)<\/p>\n","protected":false},"excerpt":{"rendered":"<p>FIVE SHELLS is used to treat congestion and hardening in  [&#8230;]<\/p>\n","protected":false},"featured_media":1385882,"template":"","meta":{"_acf_changed":false},"product_brand":[],"product_cat":[11768],"product_tag":[12032],"class_list":{"0":"post-3840847","1":"product","2":"type-product","3":"status-publish","4":"has-post-thumbnail","6":"product_cat-sedative-procedure-xie-fa","7":"product_tag-hardening-lumps-primary","9":"first","10":"instock","11":"taxable","12":"shipping-taxable","13":"purchasable","14":"product-type-simple"},"acf":{"yn_product_audio":"https:\/\/shop.diolosa.com\/wp-content\/uploads\/2018\/12\/DL_0712.mp3","yn_product_video":"https:\/\/shop.diolosa.com\/wp-content\/uploads\/2025\/03\/Five-Shells.mp4","yn_product_akupunktur":"<p><strong>Expelling phlegm and viscous phlegm heat<\/strong><br \/>\nPericard\/Circulation-5 \u9593\u4f7f ji\u0101n sh\u01d0. &#8211; sedate &#8211; xie fa<br \/>\nPericard\/\/circulation-7 \u5927\u9675 d\u00e0 l\u00edng &#8211; gui xin \u9b3c\u5fc3 . &#8211; sedate &#8211; xie fa<br \/>\ncircuit-6 \u5167\u95dc n\u00e8i gu\u0101n. sedate &#8211; sedate &#8211; xie fa<br \/>\nstomach 40 &#8211; feng long (luo) &#8211; sedate &#8211; xie fa<br \/>\nstomach -37 \u4e0a\u5de8\u865b sh\u00e0ng j\u00f9 x\u016b &#8211; sedate &#8211; xie fa<br \/>\nstomach-39 \u4e0b\u5de8\u865bxi\u00e0 j\u00f9 x\u016b &#8211; sedate &#8211; xie fa   <\/p>\n<p><strong>Slime Heat<\/strong><\/p>\n<p>Ren-17 \u81bb\u4e2d sh\u0101n zh\u014dng &#8211; sedate &#8211; xie fa<br \/>\nStomach\/Magen-40 \u8c50\u9686 f\u0113ng l\u00f3ng &#8211; sedate &#8211; xie fa<br \/>\nLungs\/Lunge-9 \u592a\u6df5 t\u00e0i yu\u0101n &#8211; sedate &#8211; xie fa<br \/>\nBlase-15 \u5fc3\u4fde x\u012bn sh\u016b. &#8211; sedate &#8211; xie fa<br \/>\nBlase-13\u80ba\u4fde f\u00e8i sh\u016b.  &#8211; sedate &#8211; xie fa<\/p>\n<p><strong>Shen acupuncture <\/strong><br \/>\nEX-HN-1 &#8211; \u56db\u795e\u806a &#8211; si shen cong &#8211; sedate &#8211; xie fa<br \/>\nDu Mai -20 \u767e\u6703 b\u01cei hu\u00ec. &#8211; sedate &#8211; xie fa<br \/>\nEX-HN3 &#8211; \u5370\u5802 Yin Tang &#8211; sedate &#8211; xie fa<br \/>\nDu Mai -23 \u4e0a\u661f sh\u00e0ng x\u012bng &#8211; Gui Tang \u9b3c\u5802 &#8211; Ghost Hall &#8211; Du 23 &#8211; sedate &#8211; xie fa<br \/>\nDu Mai -24 \u795e\u5ead sh\u00e9n t\u00edng &#8211; sedate &#8211; xie fa <\/p>\n<p>\u00a0<\/p>\n","yn_product_verabreichungsart":"Pellets 140pcs.","yn_product_dosierung":"<p>3 x 1 to 4 pellets before meals, in combination with a decoction or other pellets. The pellets can also be added directly to the decoction. <\/p>\n<p>(contains small amounts of gluten!!!!)<\/p>\n","yn_product_combinations":"<p>OPEN SPACE (gastritis), TEMPLE OF PEACE (duodenal ulcer), CONFIDENCE (gastric ulcer), HEAVEN&#8217;S PROTECTION (Zhong Liu prophylaxis), CELESTIAL PIVOT (tough mucus and tan accumulation), all Zhong Liu preparations<\/p>\n","yn_product_avoidable":"<p>Smoking, coffee, hot spices, alcohol, chili, garlic, leek, onions, cloves, nutmeg, ginger, seafood, lamb, chicken, pork, vinegar, Tabasco, mustard, chocolate, fried foods, baked foods with cheese, mountain cheese, goat cheese, sheep&#8217;s cheese<\/p>\n","yn_product_tcm_mindmapping":"<p>Tough phlegm (old phlegm) clogs the Qi and the blood > Tough phlegm heat > Hardening and lump formation<\/p>\n","yn_product_tongue_body":"<p>Red, thick, short, lumpy, rigid and even crooked (Feng Tan)<\/p>\n","yn_product_tongue_coating":"<p>Yellowish, sticky<\/p>\n","yn_product_pulse_diagnostics":"<p>Upper warmer: wei mai &#8211; stringy (tan), se mai &#8211; rough (blood congestion), shi mai &#8211; full<\/p>\n","yn_product_indications":"<p>Thyroid diseases, goitre, lymph stagnation, adenitis, hyperacidity, stomach and duodenal ulcers, tough mucus heat accumulation in the lungs, late effects of smoking, dangerous accumulations and hardening, important preparation for the treatment of life-threatening diseases<\/p>\n","yn_product_contra_indications":"<p>Spleen Qi\/Yang deficiency, stomach cold, lung phlegm cold, liquid and chronic diarrhea, polyuria, nocturia, state of exhaustion<\/p>\n","yn_product_pregnancy":"<p>Contraindicated<\/p>\n","yn_product_herbs":"<p>stalactitum &#8211; zhong ru shi, arcae conchae &#8211; wa leng zi, ostrae concha &#8211; mu li, cyclinae concha &#8211; hai ge ke, lapis pumicis &#8211; fu hai shi<\/p>\n","yn_product_magisterrecipes":"<p>Dang Tan Tang, Dao Tan Tang, Xiao Tan Tang Jia Jian<\/p>\n"},"yoast_head":"<!-- This site is optimized with the Yoast SEO plugin v24.9 - https:\/\/yoast.com\/wordpress\/plugins\/seo\/ -->\n<title>Five Shells - Claude Diolosa<\/title>\n<meta name=\"robots\" content=\"index, follow, max-snippet:-1, max-image-preview:large, max-video-preview:-1\" \/>\n<link rel=\"canonical\" href=\"https:\/\/shop.diolosa.com\/en\/product\/five-shells\/\" \/>\n<meta property=\"og:locale\" content=\"en_US\" \/>\n<meta property=\"og:type\" content=\"article\" \/>\n<meta property=\"og:title\" content=\"Five Shells - Claude Diolosa\" \/>\n<meta property=\"og:description\" content=\"FIVE SHELLS is used to treat congestion and hardening in [...]\" \/>\n<meta property=\"og:url\" content=\"https:\/\/shop.diolosa.com\/en\/product\/five-shells\/\" \/>\n<meta property=\"og:site_name\" content=\"Claude Diolosa\" \/>\n<meta property=\"article:publisher\" content=\"https:\/\/facebook.com\/claudediolosa\" \/>\n<meta property=\"article:modified_time\" content=\"2025-05-06T13:54:48+00:00\" \/>\n<meta property=\"og:image\" content=\"https:\/\/shop.diolosa.com\/wp-content\/uploads\/2019\/09\/Presslinge-140.jpg\" \/>\n\t<meta property=\"og:image:width\" content=\"800\" \/>\n\t<meta property=\"og:image:height\" content=\"533\" \/>\n\t<meta property=\"og:image:type\" content=\"image\/jpeg\" \/>\n<meta name=\"twitter:card\" content=\"summary_large_image\" \/>\n<script type=\"application\/ld+json\" class=\"yoast-schema-graph\">{\"@context\":\"https:\/\/schema.org\",\"@graph\":[{\"@type\":\"WebPage\",\"@id\":\"https:\/\/shop.diolosa.com\/en\/product\/five-shells\/\",\"url\":\"https:\/\/shop.diolosa.com\/en\/product\/five-shells\/\",\"name\":\"Five Shells - Claude Diolosa\",\"isPartOf\":{\"@id\":\"https:\/\/shop.diolosa.com\/en\/#website\"},\"primaryImageOfPage\":{\"@id\":\"https:\/\/shop.diolosa.com\/en\/product\/five-shells\/#primaryimage\"},\"image\":{\"@id\":\"https:\/\/shop.diolosa.com\/en\/product\/five-shells\/#primaryimage\"},\"thumbnailUrl\":\"https:\/\/shop.diolosa.com\/wp-content\/uploads\/2019\/09\/Presslinge-140.jpg\",\"datePublished\":\"2025-03-10T05:53:32+00:00\",\"dateModified\":\"2025-05-06T13:54:48+00:00\",\"breadcrumb\":{\"@id\":\"https:\/\/shop.diolosa.com\/en\/product\/five-shells\/#breadcrumb\"},\"inLanguage\":\"en-US\",\"potentialAction\":[{\"@type\":\"ReadAction\",\"target\":[\"https:\/\/shop.diolosa.com\/en\/product\/five-shells\/\"]}]},{\"@type\":\"ImageObject\",\"inLanguage\":\"en-US\",\"@id\":\"https:\/\/shop.diolosa.com\/en\/product\/five-shells\/#primaryimage\",\"url\":\"https:\/\/shop.diolosa.com\/wp-content\/uploads\/2019\/09\/Presslinge-140.jpg\",\"contentUrl\":\"https:\/\/shop.diolosa.com\/wp-content\/uploads\/2019\/09\/Presslinge-140.jpg\",\"width\":800,\"height\":533},{\"@type\":\"BreadcrumbList\",\"@id\":\"https:\/\/shop.diolosa.com\/en\/product\/five-shells\/#breadcrumb\",\"itemListElement\":[{\"@type\":\"ListItem\",\"position\":1,\"name\":\"Startseite\",\"item\":\"https:\/\/shop.diolosa.com\/en\/?page_id=3835693\"},{\"@type\":\"ListItem\",\"position\":2,\"name\":\"Store\",\"item\":\"https:\/\/shop.diolosa.com\/en\/?page_id=3835693\"},{\"@type\":\"ListItem\",\"position\":3,\"name\":\"Five Shells\"}]},{\"@type\":\"WebSite\",\"@id\":\"https:\/\/shop.diolosa.com\/en\/#website\",\"url\":\"https:\/\/shop.diolosa.com\/en\/\",\"name\":\"Claude Diolosa\",\"description\":\"\",\"publisher\":{\"@id\":\"https:\/\/shop.diolosa.com\/en\/#organization\"},\"potentialAction\":[{\"@type\":\"SearchAction\",\"target\":{\"@type\":\"EntryPoint\",\"urlTemplate\":\"https:\/\/shop.diolosa.com\/en\/?s={search_term_string}\"},\"query-input\":{\"@type\":\"PropertyValueSpecification\",\"valueRequired\":true,\"valueName\":\"search_term_string\"}}],\"inLanguage\":\"en-US\"},{\"@type\":\"Organization\",\"@id\":\"https:\/\/shop.diolosa.com\/en\/#organization\",\"name\":\"Claude Diolosa\",\"url\":\"https:\/\/shop.diolosa.com\/en\/\",\"logo\":{\"@type\":\"ImageObject\",\"inLanguage\":\"en-US\",\"@id\":\"https:\/\/shop.diolosa.com\/en\/#\/schema\/logo\/image\/\",\"url\":\"https:\/\/shop.diolosa.com\/wp-content\/uploads\/2019\/08\/diolosa-drop-logo-new.png\",\"contentUrl\":\"https:\/\/shop.diolosa.com\/wp-content\/uploads\/2019\/08\/diolosa-drop-logo-new.png\",\"width\":134,\"height\":176,\"caption\":\"Claude Diolosa\"},\"image\":{\"@id\":\"https:\/\/shop.diolosa.com\/en\/#\/schema\/logo\/image\/\"},\"sameAs\":[\"https:\/\/facebook.com\/claudediolosa\",\"https:\/\/www.instagram.com\/diolosaclaude108\/\"]}]}<\/script>\n<!-- \/ Yoast SEO plugin. -->","yoast_head_json":{"title":"Five Shells - Claude Diolosa","robots":{"index":"index","follow":"follow","max-snippet":"max-snippet:-1","max-image-preview":"max-image-preview:large","max-video-preview":"max-video-preview:-1"},"canonical":"https:\/\/shop.diolosa.com\/en\/product\/five-shells\/","og_locale":"en_US","og_type":"article","og_title":"Five Shells - Claude Diolosa","og_description":"FIVE SHELLS is used to treat congestion and hardening in [...]","og_url":"https:\/\/shop.diolosa.com\/en\/product\/five-shells\/","og_site_name":"Claude Diolosa","article_publisher":"https:\/\/facebook.com\/claudediolosa","article_modified_time":"2025-05-06T13:54:48+00:00","og_image":[{"width":800,"height":533,"url":"https:\/\/shop.diolosa.com\/wp-content\/uploads\/2019\/09\/Presslinge-140.jpg","type":"image\/jpeg"}],"twitter_card":"summary_large_image","schema":{"@context":"https:\/\/schema.org","@graph":[{"@type":"WebPage","@id":"https:\/\/shop.diolosa.com\/en\/product\/five-shells\/","url":"https:\/\/shop.diolosa.com\/en\/product\/five-shells\/","name":"Five Shells - Claude Diolosa","isPartOf":{"@id":"https:\/\/shop.diolosa.com\/en\/#website"},"primaryImageOfPage":{"@id":"https:\/\/shop.diolosa.com\/en\/product\/five-shells\/#primaryimage"},"image":{"@id":"https:\/\/shop.diolosa.com\/en\/product\/five-shells\/#primaryimage"},"thumbnailUrl":"https:\/\/shop.diolosa.com\/wp-content\/uploads\/2019\/09\/Presslinge-140.jpg","datePublished":"2025-03-10T05:53:32+00:00","dateModified":"2025-05-06T13:54:48+00:00","breadcrumb":{"@id":"https:\/\/shop.diolosa.com\/en\/product\/five-shells\/#breadcrumb"},"inLanguage":"en-US","potentialAction":[{"@type":"ReadAction","target":["https:\/\/shop.diolosa.com\/en\/product\/five-shells\/"]}]},{"@type":"ImageObject","inLanguage":"en-US","@id":"https:\/\/shop.diolosa.com\/en\/product\/five-shells\/#primaryimage","url":"https:\/\/shop.diolosa.com\/wp-content\/uploads\/2019\/09\/Presslinge-140.jpg","contentUrl":"https:\/\/shop.diolosa.com\/wp-content\/uploads\/2019\/09\/Presslinge-140.jpg","width":800,"height":533},{"@type":"BreadcrumbList","@id":"https:\/\/shop.diolosa.com\/en\/product\/five-shells\/#breadcrumb","itemListElement":[{"@type":"ListItem","position":1,"name":"Startseite","item":"https:\/\/shop.diolosa.com\/en\/?page_id=3835693"},{"@type":"ListItem","position":2,"name":"Store","item":"https:\/\/shop.diolosa.com\/en\/?page_id=3835693"},{"@type":"ListItem","position":3,"name":"Five Shells"}]},{"@type":"WebSite","@id":"https:\/\/shop.diolosa.com\/en\/#website","url":"https:\/\/shop.diolosa.com\/en\/","name":"Claude Diolosa","description":"","publisher":{"@id":"https:\/\/shop.diolosa.com\/en\/#organization"},"potentialAction":[{"@type":"SearchAction","target":{"@type":"EntryPoint","urlTemplate":"https:\/\/shop.diolosa.com\/en\/?s={search_term_string}"},"query-input":{"@type":"PropertyValueSpecification","valueRequired":true,"valueName":"search_term_string"}}],"inLanguage":"en-US"},{"@type":"Organization","@id":"https:\/\/shop.diolosa.com\/en\/#organization","name":"Claude Diolosa","url":"https:\/\/shop.diolosa.com\/en\/","logo":{"@type":"ImageObject","inLanguage":"en-US","@id":"https:\/\/shop.diolosa.com\/en\/#\/schema\/logo\/image\/","url":"https:\/\/shop.diolosa.com\/wp-content\/uploads\/2019\/08\/diolosa-drop-logo-new.png","contentUrl":"https:\/\/shop.diolosa.com\/wp-content\/uploads\/2019\/08\/diolosa-drop-logo-new.png","width":134,"height":176,"caption":"Claude Diolosa"},"image":{"@id":"https:\/\/shop.diolosa.com\/en\/#\/schema\/logo\/image\/"},"sameAs":["https:\/\/facebook.com\/claudediolosa","https:\/\/www.instagram.com\/diolosaclaude108\/"]}]}},"_links":{"self":[{"href":"https:\/\/shop.diolosa.com\/en\/wp-json\/wp\/v2\/product\/3840847","targetHints":{"allow":["GET"]}}],"collection":[{"href":"https:\/\/shop.diolosa.com\/en\/wp-json\/wp\/v2\/product"}],"about":[{"href":"https:\/\/shop.diolosa.com\/en\/wp-json\/wp\/v2\/types\/product"}],"wp:featuredmedia":[{"embeddable":true,"href":"https:\/\/shop.diolosa.com\/en\/wp-json\/wp\/v2\/media\/1385882"}],"wp:attachment":[{"href":"https:\/\/shop.diolosa.com\/en\/wp-json\/wp\/v2\/media?parent=3840847"}],"wp:term":[{"taxonomy":"product_brand","embeddable":true,"href":"https:\/\/shop.diolosa.com\/en\/wp-json\/wp\/v2\/product_brand?post=3840847"},{"taxonomy":"product_cat","embeddable":true,"href":"https:\/\/shop.diolosa.com\/en\/wp-json\/wp\/v2\/product_cat?post=3840847"},{"taxonomy":"product_tag","embeddable":true,"href":"https:\/\/shop.diolosa.com\/en\/wp-json\/wp\/v2\/product_tag?post=3840847"}],"curies":[{"name":"wp","href":"https:\/\/api.w.org\/{rel}","templated":true}]}}