{"id":3841020,"date":"2022-08-31T07:01:39","date_gmt":"2025-03-10T05:56:19","guid":{"rendered":"https:\/\/shop.diolosa.com\/product\/du-huo-ji-sheng-tang\/"},"modified":"2025-04-24T20:23:21","modified_gmt":"2025-04-24T19:23:21","slug":"du-huo-ji-sheng-tang","status":"publish","type":"product","link":"https:\/\/shop.diolosa.com\/en\/product\/du-huo-ji-sheng-tang\/","title":{"rendered":"Du Huo Ji Sheng Tang"},"content":{"rendered":"<p><strong>DU HUO JI SHENG TANG &#8220;Radix Angelicae Pubescentis and Ramulus Sangjisheng Decoction<\/strong>&#8221;<\/p>\n<p>Herbal pellets according to traditional Chinese medicine<\/p>\n<p>Dietary supplement<\/p>\n<p>Eliminates wind-wetness<\/p>\n<p>Manufacturer: Apotheke Boznerplatz<\/p>\n<p>100% tested high-quality ingredients<\/p>\n<p>&nbsp;<\/p>\n<p>&nbsp;<\/p>\n<p>&nbsp;<\/p>\n<p>&nbsp;<\/p>\n<p>&nbsp;<\/p>\n<p>&nbsp;<\/p>\n","protected":false},"excerpt":{"rendered":"<p>&nbsp;<\/p>\n<p>&nbsp;<\/p>\n<p>&nbsp;<\/p>\n<p>&nbsp;<\/p>\n<p>&nbsp;<\/p>\n<p>&nbsp;<\/p>\n<p>&nbsp;<\/p>\n","protected":false},"featured_media":1385921,"template":"","meta":{"_acf_changed":false},"product_brand":[],"product_cat":[12152],"product_tag":[12154,12153,11832],"class_list":{"0":"post-3841020","1":"product","2":"type-product","3":"status-publish","4":"has-post-thumbnail","6":"product_cat-master-formulas","7":"product_tag-bi-syndrome","8":"product_tag-feng-shi-han-en","9":"product_tag-rheumatism","11":"first","12":"instock","13":"taxable","14":"shipping-taxable","15":"purchasable","16":"product-type-simple"},"acf":{"yn_product_audio":"https:\/\/shop.diolosa.com\/wp-content\/uploads\/2022\/10\/DL-DuHuojishengtang.m4a","yn_product_video":"https:\/\/shop.diolosa.com\/wp-content\/uploads\/2025\/04\/Du-Huo-Ji-Sheng-Tang.mp4","yn_product_akupunktur":"<p><b>For the treatment of wind rheumatism &#8211; Feng Bi<span class=\"Apple-converted-space\"> <\/span><\/b><\/p>\n<p>&#8211; Bladder\/Bladder-12 \u98a8\u9580 f\u0113ng m\u00e9n, Lungs\/Lung-7 v\u5217\u7f3a li\u00e8 qu\u0113 ,San Jiao\/San Chiao-5 \u5916\u95dc w\u00e0i gu\u0101n (yang wei mai, luo). Gallbladder\/gallbladder-20 \u98a8\u6c60 f\u0113ng ch\u00ed. xie fa &#8211; Bladder\/Bladder-17 \u8188\u4fde g\u00e9 sh\u016b bu fa  <\/p>\n<p><b>For the treatment of wet rheumatism &#8211; Shi Bi<span class=\"Apple-converted-space\"> <\/span><\/b><\/p>\n<p>Spleen\/Milz-9 \u9670\u9675\u6cc9 y\u012bn l\u00edng q\u00faan., Spleen\/Milz-6 \u4e09\u9670\u4ea4 s\u0101n y\u012bn ji\u0101o., Ren-9 \u6c34\u5206 shu\u01d0 f\u0113n, Liver\/Liver-4 \u4e2d\u5c01 zh\u014dng f\u0113ng, Stomach\/Magen-40 \u8c50\u9686 f\u0113ng l\u00f3ng, Gallbladder\/Gallbladder-34 \u967d\u9675\u6cc9 y\u00e1ng l\u00edng qu\u00e1n.., Bladder\/Bladder-22 \u4e09\u7126\u4fdes\u0101n ji\u0101o sh\u016b xie fa Bladder\/Bladder-20 \u813e\u4fde p\u00ed sh\u016b. bu fa<\/p>\n<p><b>For the treatment of cold rheumatism &#8211; Han Bi &#8211; with moxa  <\/b><\/p>\n<p>Ren-4 \u95dc\u5143 gu\u0101n yu\u00e1n, Ren-6 \u6c23\u6d77 q\u00ec h\u01cei, Bladder\/Blase-23 \u814e\u4fde sh\u00e8n sh\u016bblase 23 &#8211; shen shu &#8211; bu fa<span class=\"Apple-converted-space\">, Du-4 \u547d\u9580 m\u00ecng m\u00e9n.bu fa &#8211; moxa<\/span><\/p>\n<p>\u00a0<\/p>\n","yn_product_verabreichungsart":"Pellets 200 pcs.","yn_product_dosierung":"<p>Take 3 x 3 to 6 tablets a day with water<\/p>\n<p>\u00a0<\/p>\n","yn_product_combinations":"<p>COLD EASY MOVEMENT (Feng Han Shi Bi), EASY MOVEMENT TEA (Rheumatism &#8211; Feng Han Shi Bi), EARTH PILLAR (Chronic Rheumatism)<\/p>\n<p>\u00a0<\/p>\n","yn_product_avoidable":"<p>All foods that produce cold internal moisture are prohibited during therapy. It is essential to consume warm drinks and eat food that has been cooked or prepared with aromatic spices. You should also not drink while eating, but before or after meals and always warm drinks.  <\/p>\n<p>Leaf lettuce, endive, chicory, artichokes, bean sprouts, tofu, soy milk, rice milk, green tea, black tea, green tea, coffee, cappuccino, latte, sugar, dairy products, cow&#8217;s milk, cream cheese, yogurt, exotic fruits, banana, mango, pear, apple, fruit compote, cakes, cookies, chocolate, sugary drinks, Fanta, Coca Cola, energy-refrigerated foods, cold and ice-cold drinks, ice cream, frozen foods, microwave.<\/p>\n<p>\u00a0<\/p>\n","yn_product_tcm_mindmapping":"<p><strong>Feng Han Shi<\/strong> > Bi Syndrome > Blood and Qi stasis > Pain &#8211; Tong > Blood and Qi deficiency > Yin deficiency<\/p>\n<p>\u00a0<\/p>\n","yn_product_tongue_body":"<p>Short, weak, pale, damp<\/p>\n<p>\u00a0<\/p>\n","yn_product_tongue_coating":"<p>Thin, White, Moisture<\/p>\n<p>\u00a0<\/p>\n","yn_product_pulse_diagnostics":"<p>Chen Mai &#8211; Deep pulse, Jin Mai &#8211; Tight pulse, Chi Mai &#8211; Slow pulse , Xu Mai &#8211; Empty pulse or Ruo Mai &#8211; Weak pulse or Chen Mai &#8211; Deep pulse , Xi Mai &#8211; Thread-like pulse , Duan Mai &#8211; Short pulse , Xu Mai &#8211; Empty pulse , Chi Mai &#8211; Slow pulse<\/p>\n","yn_product_indications":"<p>Rheumatism in old age, joint pain, walking pain Inability to move, paresthesia, aversion to cold Palpitations<br \/>\nWorsening at night<br \/>\nPale complexion, shortness of breath, tinnitus, muscle cramps, dizziness<\/p>\n<p>\u00a0<\/p>\n","yn_product_contra_indications":"<p>Re Bi Syndrome<\/p>\n<p>\u00a0<\/p>\n","yn_product_pregnancy":"<p>Allowed<\/p>\n<p>\u00a0<\/p>\n","yn_product_herbs":"<p>\u00a0<\/p>\n<p>\u00a0<\/p>\n","yn_product_magisterrecipes":"<p>Du Huo \u72ec\u6d3b (Radix Angelicae Pubescentis) (9%)<\/p>\n<p>Yan Hu Suo \u5ef6\u80e1\u7d22 (Rhizoma Corydalis)(6.5%)<\/p>\n<p>Fang Feng \u9632\u98a8, Radix Saposhnikoviae, Divaricate Saposhnikovia Root.(6.5%)<\/p>\n<p>Qin Jiao \u79e6\u827d (Radix Gentianae Macrophyllae)(6.5%)<\/p>\n<p>Sang Ji Sheng \u6851\u5bc4\u751f (Herba Taxilli) (6.5%)<\/p>\n<p>Du Zhong \u675c\u4ef2 (Cortex Eucommiae) (6.5%)<\/p>\n<p>Huai Niu Xi \u725b\u819d (Radix Achyranthis Bidentatae)(6.5%)<\/p>\n<p>Rou Gui \u8089\u6842 (Cortex Cinnamomi) (6.5%)<\/p>\n<p>Dang Gui Wei \u5f53\u5f52 (Radix Angelicae Sinensis par caudensis radix) (6.5%)<\/p>\n<p>Chuan Xiong \u5ddd\u828e (Rhizoma Chuanxiong)<br \/>\n(6.5%)<\/p>\n<p>Shu Di Huang \u719f\u5730\u9ec4 \u719f\u5730 (Radix Rehmanniae Preparata) (6.5%)<\/p>\n<p>Bai Shao Yao \u767d\u828d (Radix Paeoniae Alba) (6.5%)<\/p>\n<p>Ren Shen \u4eba\u53c2 (Radix Ginseng) (6.5%)<\/p>\n<p>Bai Fu Ling \u832f\u82d3 (Poria Alba) (6.5%)<\/p>\n<p>Zhi Gan Cao \u7518\u8349 (Radix Glycyrrhizae cum Liquido Fricta)(6.5%)<\/p>\n<p>\u00a0<\/p>\n"},"yoast_head":"<!-- This site is optimized with the Yoast SEO plugin v24.9 - https:\/\/yoast.com\/wordpress\/plugins\/seo\/ -->\n<title>Du Huo Ji Sheng Tang - Claude Diolosa<\/title>\n<meta name=\"robots\" content=\"index, follow, max-snippet:-1, max-image-preview:large, max-video-preview:-1\" \/>\n<link rel=\"canonical\" href=\"https:\/\/shop.diolosa.com\/en\/product\/du-huo-ji-sheng-tang\/\" \/>\n<meta property=\"og:locale\" content=\"en_US\" \/>\n<meta property=\"og:type\" content=\"article\" \/>\n<meta property=\"og:title\" content=\"Du Huo Ji Sheng Tang - Claude Diolosa\" \/>\n<meta property=\"og:description\" content=\"&nbsp; &nbsp; &nbsp; &nbsp; &nbsp; &nbsp; &nbsp;\" \/>\n<meta property=\"og:url\" content=\"https:\/\/shop.diolosa.com\/en\/product\/du-huo-ji-sheng-tang\/\" \/>\n<meta property=\"og:site_name\" content=\"Claude Diolosa\" \/>\n<meta property=\"article:publisher\" content=\"https:\/\/facebook.com\/claudediolosa\" \/>\n<meta property=\"article:modified_time\" content=\"2025-04-24T19:23:21+00:00\" \/>\n<meta property=\"og:image\" content=\"https:\/\/shop.diolosa.com\/wp-content\/uploads\/2022\/08\/magisterformel.jpg\" \/>\n\t<meta property=\"og:image:width\" content=\"800\" \/>\n\t<meta property=\"og:image:height\" content=\"533\" \/>\n\t<meta property=\"og:image:type\" content=\"image\/jpeg\" \/>\n<meta name=\"twitter:card\" content=\"summary_large_image\" \/>\n<script type=\"application\/ld+json\" class=\"yoast-schema-graph\">{\"@context\":\"https:\/\/schema.org\",\"@graph\":[{\"@type\":\"WebPage\",\"@id\":\"https:\/\/shop.diolosa.com\/en\/product\/du-huo-ji-sheng-tang\/\",\"url\":\"https:\/\/shop.diolosa.com\/en\/product\/du-huo-ji-sheng-tang\/\",\"name\":\"Du Huo Ji Sheng Tang - Claude Diolosa\",\"isPartOf\":{\"@id\":\"https:\/\/shop.diolosa.com\/en\/#website\"},\"primaryImageOfPage\":{\"@id\":\"https:\/\/shop.diolosa.com\/en\/product\/du-huo-ji-sheng-tang\/#primaryimage\"},\"image\":{\"@id\":\"https:\/\/shop.diolosa.com\/en\/product\/du-huo-ji-sheng-tang\/#primaryimage\"},\"thumbnailUrl\":\"https:\/\/shop.diolosa.com\/wp-content\/uploads\/2022\/08\/magisterformel.jpg\",\"datePublished\":\"2025-03-10T05:56:19+00:00\",\"dateModified\":\"2025-04-24T19:23:21+00:00\",\"breadcrumb\":{\"@id\":\"https:\/\/shop.diolosa.com\/en\/product\/du-huo-ji-sheng-tang\/#breadcrumb\"},\"inLanguage\":\"en-US\",\"potentialAction\":[{\"@type\":\"ReadAction\",\"target\":[\"https:\/\/shop.diolosa.com\/en\/product\/du-huo-ji-sheng-tang\/\"]}]},{\"@type\":\"ImageObject\",\"inLanguage\":\"en-US\",\"@id\":\"https:\/\/shop.diolosa.com\/en\/product\/du-huo-ji-sheng-tang\/#primaryimage\",\"url\":\"https:\/\/shop.diolosa.com\/wp-content\/uploads\/2022\/08\/magisterformel.jpg\",\"contentUrl\":\"https:\/\/shop.diolosa.com\/wp-content\/uploads\/2022\/08\/magisterformel.jpg\",\"width\":800,\"height\":533},{\"@type\":\"BreadcrumbList\",\"@id\":\"https:\/\/shop.diolosa.com\/en\/product\/du-huo-ji-sheng-tang\/#breadcrumb\",\"itemListElement\":[{\"@type\":\"ListItem\",\"position\":1,\"name\":\"Startseite\",\"item\":\"https:\/\/shop.diolosa.com\/en\/?page_id=3835693\"},{\"@type\":\"ListItem\",\"position\":2,\"name\":\"Store\",\"item\":\"https:\/\/shop.diolosa.com\/en\/?page_id=3835693\"},{\"@type\":\"ListItem\",\"position\":3,\"name\":\"Du Huo Ji Sheng Tang\"}]},{\"@type\":\"WebSite\",\"@id\":\"https:\/\/shop.diolosa.com\/en\/#website\",\"url\":\"https:\/\/shop.diolosa.com\/en\/\",\"name\":\"Claude Diolosa\",\"description\":\"\",\"publisher\":{\"@id\":\"https:\/\/shop.diolosa.com\/en\/#organization\"},\"potentialAction\":[{\"@type\":\"SearchAction\",\"target\":{\"@type\":\"EntryPoint\",\"urlTemplate\":\"https:\/\/shop.diolosa.com\/en\/?s={search_term_string}\"},\"query-input\":{\"@type\":\"PropertyValueSpecification\",\"valueRequired\":true,\"valueName\":\"search_term_string\"}}],\"inLanguage\":\"en-US\"},{\"@type\":\"Organization\",\"@id\":\"https:\/\/shop.diolosa.com\/en\/#organization\",\"name\":\"Claude Diolosa\",\"url\":\"https:\/\/shop.diolosa.com\/en\/\",\"logo\":{\"@type\":\"ImageObject\",\"inLanguage\":\"en-US\",\"@id\":\"https:\/\/shop.diolosa.com\/en\/#\/schema\/logo\/image\/\",\"url\":\"https:\/\/shop.diolosa.com\/wp-content\/uploads\/2019\/08\/diolosa-drop-logo-new.png\",\"contentUrl\":\"https:\/\/shop.diolosa.com\/wp-content\/uploads\/2019\/08\/diolosa-drop-logo-new.png\",\"width\":134,\"height\":176,\"caption\":\"Claude Diolosa\"},\"image\":{\"@id\":\"https:\/\/shop.diolosa.com\/en\/#\/schema\/logo\/image\/\"},\"sameAs\":[\"https:\/\/facebook.com\/claudediolosa\",\"https:\/\/www.instagram.com\/diolosaclaude108\/\"]}]}<\/script>\n<!-- \/ Yoast SEO plugin. -->","yoast_head_json":{"title":"Du Huo Ji Sheng Tang - Claude Diolosa","robots":{"index":"index","follow":"follow","max-snippet":"max-snippet:-1","max-image-preview":"max-image-preview:large","max-video-preview":"max-video-preview:-1"},"canonical":"https:\/\/shop.diolosa.com\/en\/product\/du-huo-ji-sheng-tang\/","og_locale":"en_US","og_type":"article","og_title":"Du Huo Ji Sheng Tang - Claude Diolosa","og_description":"&nbsp; &nbsp; &nbsp; &nbsp; &nbsp; &nbsp; &nbsp;","og_url":"https:\/\/shop.diolosa.com\/en\/product\/du-huo-ji-sheng-tang\/","og_site_name":"Claude Diolosa","article_publisher":"https:\/\/facebook.com\/claudediolosa","article_modified_time":"2025-04-24T19:23:21+00:00","og_image":[{"width":800,"height":533,"url":"https:\/\/shop.diolosa.com\/wp-content\/uploads\/2022\/08\/magisterformel.jpg","type":"image\/jpeg"}],"twitter_card":"summary_large_image","schema":{"@context":"https:\/\/schema.org","@graph":[{"@type":"WebPage","@id":"https:\/\/shop.diolosa.com\/en\/product\/du-huo-ji-sheng-tang\/","url":"https:\/\/shop.diolosa.com\/en\/product\/du-huo-ji-sheng-tang\/","name":"Du Huo Ji Sheng Tang - Claude Diolosa","isPartOf":{"@id":"https:\/\/shop.diolosa.com\/en\/#website"},"primaryImageOfPage":{"@id":"https:\/\/shop.diolosa.com\/en\/product\/du-huo-ji-sheng-tang\/#primaryimage"},"image":{"@id":"https:\/\/shop.diolosa.com\/en\/product\/du-huo-ji-sheng-tang\/#primaryimage"},"thumbnailUrl":"https:\/\/shop.diolosa.com\/wp-content\/uploads\/2022\/08\/magisterformel.jpg","datePublished":"2025-03-10T05:56:19+00:00","dateModified":"2025-04-24T19:23:21+00:00","breadcrumb":{"@id":"https:\/\/shop.diolosa.com\/en\/product\/du-huo-ji-sheng-tang\/#breadcrumb"},"inLanguage":"en-US","potentialAction":[{"@type":"ReadAction","target":["https:\/\/shop.diolosa.com\/en\/product\/du-huo-ji-sheng-tang\/"]}]},{"@type":"ImageObject","inLanguage":"en-US","@id":"https:\/\/shop.diolosa.com\/en\/product\/du-huo-ji-sheng-tang\/#primaryimage","url":"https:\/\/shop.diolosa.com\/wp-content\/uploads\/2022\/08\/magisterformel.jpg","contentUrl":"https:\/\/shop.diolosa.com\/wp-content\/uploads\/2022\/08\/magisterformel.jpg","width":800,"height":533},{"@type":"BreadcrumbList","@id":"https:\/\/shop.diolosa.com\/en\/product\/du-huo-ji-sheng-tang\/#breadcrumb","itemListElement":[{"@type":"ListItem","position":1,"name":"Startseite","item":"https:\/\/shop.diolosa.com\/en\/?page_id=3835693"},{"@type":"ListItem","position":2,"name":"Store","item":"https:\/\/shop.diolosa.com\/en\/?page_id=3835693"},{"@type":"ListItem","position":3,"name":"Du Huo Ji Sheng Tang"}]},{"@type":"WebSite","@id":"https:\/\/shop.diolosa.com\/en\/#website","url":"https:\/\/shop.diolosa.com\/en\/","name":"Claude Diolosa","description":"","publisher":{"@id":"https:\/\/shop.diolosa.com\/en\/#organization"},"potentialAction":[{"@type":"SearchAction","target":{"@type":"EntryPoint","urlTemplate":"https:\/\/shop.diolosa.com\/en\/?s={search_term_string}"},"query-input":{"@type":"PropertyValueSpecification","valueRequired":true,"valueName":"search_term_string"}}],"inLanguage":"en-US"},{"@type":"Organization","@id":"https:\/\/shop.diolosa.com\/en\/#organization","name":"Claude Diolosa","url":"https:\/\/shop.diolosa.com\/en\/","logo":{"@type":"ImageObject","inLanguage":"en-US","@id":"https:\/\/shop.diolosa.com\/en\/#\/schema\/logo\/image\/","url":"https:\/\/shop.diolosa.com\/wp-content\/uploads\/2019\/08\/diolosa-drop-logo-new.png","contentUrl":"https:\/\/shop.diolosa.com\/wp-content\/uploads\/2019\/08\/diolosa-drop-logo-new.png","width":134,"height":176,"caption":"Claude Diolosa"},"image":{"@id":"https:\/\/shop.diolosa.com\/en\/#\/schema\/logo\/image\/"},"sameAs":["https:\/\/facebook.com\/claudediolosa","https:\/\/www.instagram.com\/diolosaclaude108\/"]}]}},"_links":{"self":[{"href":"https:\/\/shop.diolosa.com\/en\/wp-json\/wp\/v2\/product\/3841020","targetHints":{"allow":["GET"]}}],"collection":[{"href":"https:\/\/shop.diolosa.com\/en\/wp-json\/wp\/v2\/product"}],"about":[{"href":"https:\/\/shop.diolosa.com\/en\/wp-json\/wp\/v2\/types\/product"}],"wp:featuredmedia":[{"embeddable":true,"href":"https:\/\/shop.diolosa.com\/en\/wp-json\/wp\/v2\/media\/1385921"}],"wp:attachment":[{"href":"https:\/\/shop.diolosa.com\/en\/wp-json\/wp\/v2\/media?parent=3841020"}],"wp:term":[{"taxonomy":"product_brand","embeddable":true,"href":"https:\/\/shop.diolosa.com\/en\/wp-json\/wp\/v2\/product_brand?post=3841020"},{"taxonomy":"product_cat","embeddable":true,"href":"https:\/\/shop.diolosa.com\/en\/wp-json\/wp\/v2\/product_cat?post=3841020"},{"taxonomy":"product_tag","embeddable":true,"href":"https:\/\/shop.diolosa.com\/en\/wp-json\/wp\/v2\/product_tag?post=3841020"}],"curies":[{"name":"wp","href":"https:\/\/api.w.org\/{rel}","templated":true}]}}