{"id":3841026,"date":"2022-08-31T06:58:57","date_gmt":"2025-03-10T05:56:21","guid":{"rendered":"https:\/\/shop.diolosa.com\/product\/dan-zhi-xiao-yao-san\/"},"modified":"2025-04-24T20:23:19","modified_gmt":"2025-04-24T19:23:19","slug":"dan-zhi-xiao-yao-san","status":"publish","type":"product","link":"https:\/\/shop.diolosa.com\/en\/product\/dan-zhi-xiao-yao-san\/","title":{"rendered":"Dan Zhi Xiao Yao San"},"content":{"rendered":"<p><strong>DAN ZHI XIAO YAO SAN &#8220;roaming powder&#8221;<\/strong><\/p>\n<p><strong>Regulates and harmonizes liver and spleen and clears heat  <\/strong><\/p>\n<p>&nbsp;<\/p>\n<p>Herbal pellets according to traditional Chinese medicine<\/p>\n<p>Food supplements<\/p>\n<p>Regulates and harmonizes the liver and spleen<\/p>\n<p>Manufacturer: Pharmacy Boznerplatz<\/p>\n<p>100% tested high-quality ingredients<\/p>\n<p>&nbsp;<\/p>\n<p>&nbsp;<\/p>\n<p>&nbsp;<\/p>\n<p>&nbsp;<\/p>\n<p>&nbsp;<\/p>\n<p>&nbsp;<\/p>\n<p>&nbsp;<\/p>\n<p>&nbsp;<\/p>\n<p>&nbsp;<\/p>\n","protected":false},"excerpt":{"rendered":"<p>&nbsp;<\/p>\n<p>&nbsp;<\/p>\n<p>&nbsp;<\/p>\n<p>&nbsp;<\/p>\n<p>&nbsp;<\/p>\n<p>&nbsp;<\/p>\n<p>&nbsp;<\/p>\n<p>&nbsp;<\/p>\n<p>&nbsp;<\/p>\n<p>&nbsp;<\/p>\n","protected":false},"featured_media":1385921,"template":"","meta":{"_acf_changed":false},"product_brand":[],"product_cat":[12152],"product_tag":[12164],"class_list":{"0":"post-3841026","1":"product","2":"type-product","3":"status-publish","4":"has-post-thumbnail","6":"product_cat-master-formulas","7":"product_tag-dysmenorrhea-heat","9":"first","10":"instock","11":"taxable","12":"shipping-taxable","13":"purchasable","14":"product-type-simple"},"acf":{"yn_product_audio":"https:\/\/shop.diolosa.com\/wp-content\/uploads\/2022\/10\/DL_DanZhixiaoyaosan.m4a","yn_product_video":"https:\/\/shop.diolosa.com\/wp-content\/uploads\/2025\/04\/Dan-Zhi-Xiao-Yao-San.mp4","yn_product_akupunktur":"<p><strong>Liver Qi Congestion<\/strong> >  Liver-3 \u592a\u6c96 ta\u00ec ch\u014dng, Large Intestine\/\/colon-4 \u5408\u8c37 h\u00e9 g\u01d4.  > <strong>Flank pain<\/strong> >  Liver-14 \u671f\u9580 q\u00ed m\u00e9n.  >  Spleen Qi congestion  >  Liver-13 \u7ae0\u9580 zh\u0101ng m\u00e9n.  > <strong>Dysmenorrhea<\/strong> >  Stomach\/stomach-25 \u5929\u6a1e ti\u0101n sh\u016b, Stomach\/stomach-30 \u6c23\u6c96 q\u00ec ch\u014dng, Spleen\/spleen-10 \u8840\u6d77 xu\u00e8 h\u01cei., Spleen\/spleen-8 \u5730\u6a5f d\u00ec j\u012b, Spleen\/spleen-6 \u4e09\u9670\u4ea4 s\u0101n y\u012bn ji\u0101on  <strong>or dysmenorrhea<\/strong> >  Gallbladder\/gallbladder-34 \u967d\u9675\u6cc9 y\u00e1ng l\u00edng qu\u00e1n,Gallbladder\/gallbladder-41 \u8db3\u81e8\u6ce3 z\u00fa l\u00edn q\u00ec (dai mai, shu), Gallbladder\/gallbladder-24 \u65e5\u6708 r\u00ec yu\u00e8<\/p>\n<p>Reduce\/Sedate <b>&#8211; Xie Fa.<\/b><\/p>\n<p>\u00a0<\/p>\n","yn_product_verabreichungsart":"Pellets 200 pcs.","yn_product_dosierung":"<p>Take 3 x 3 to 6 tablets a day with water<\/p>\n<p>\u00a0<\/p>\n","yn_product_combinations":"<p>EASY FLOW HOT (Dysmenorrhea)<\/p>\n<p>\u00a0<\/p>\n","yn_product_avoidable":"<p>All foods that produce cold internal moisture are prohibited during therapy. It is essential to consume warm drinks and eat food that has been cooked or prepared with aromatic spices. You should also not drink while eating, but before or after meals and always warm drinks.  <\/p>\n<p>Leaf lettuce, endive, chicory, artichokes, bean sprouts, tofu, soy milk, rice milk, green tea, black tea, coffee, cappuccino, latte, sugar, dairy products, cow&#8217;s milk, cream cheese, yogurt, exotic fruits, Banana, mango, pear, apple, fruit compote, cake, cookies, chocolate, sugar drinks, Fanta, Coca Cola, energy-refrigerated food, cold and ice-cold drinks, ice cream, frozen food, microwave.<\/p>\n<p>\u00a0<\/p>\n","yn_product_tongue_body":"<p>Edges are swollen and red<\/p>\n<p>\u00a0<\/p>\n","yn_product_tongue_coating":"<p>Yellow &#8211; Humidity<\/p>\n<p>\u00a0<\/p>\n","yn_product_pulse_diagnostics":"<p>Xian Mai &#8211; String-like pulse, Hua Mai &#8211; Sliding &#8211; Rolling pulse, Shi Mai &#8211; Fullness pulse, Shuo Mai &#8211; Fast pulse<\/p>\n<p>\u00a0<\/p>\n<p>\u00a0<\/p>\n<p>\u00a0<\/p>\n","yn_product_indications":"<p>Tension, irritability, restlessness<br \/>\nRed eyes, dry mouth and throat<br \/>\nDysmenorrhea, increased menstrual flow<br \/>\nIrregular menstruation, infertility Red face, thirst, cloudy urine, headache, dry mouth, bitter taste in the mouth<\/p>\n<p>\u00a0<\/p>\n<p>\u00a0<\/p>\n","yn_product_contra_indications":"<p>Yang deficiency and wetness &#8211; phlegm cold<\/p>\n<p>\u00a0<\/p>\n<p>\u00a0<\/p>\n<p>\u00a0<\/p>\n","yn_product_pregnancy":"<p>Allowed<\/p>\n<p>\u00a0<\/p>\n","yn_product_magisterrecipes":"<p>Chai Hu \u67f4\u80e1 (Radix Bupleurum) (13%)<\/p>\n<p>Dang Gui \u5f53\u5f52 (Radix Angelicae Sinensis) (13%)<\/p>\n<p>Bai Shao Yao \u767d\u828d (Radix Paeoniae Alba)(13%)<\/p>\n<p>Bai Zhu \u767d\u672f (Rhizoma Atractylodis Macrocephalae) (13%)<\/p>\n<p>Zhi Gan Cao \u7518\u8349 (Radix Glycyrrhizae cum Liquido Fricta)<\/p>\n<p>Sheng Jiang \u751f\u59dc (Rhizoma Officinalis Zingiberis Recens)<br \/>\n(4.3%)<\/p>\n<p>Bo He \u8584\u8377 (Herba Menthae) (4.3%)<\/p>\n<p>Bai Fu Ling \u832f\u82d3 (Poria Alba) (13%)<\/p>\n<p>Zhi Zi \u6800\u5b50 (Fructus Gardeniae)(8.8%)<\/p>\n<p>Mu Dan Pi \u7261\u4e39\u76ae (Cortex Moutan) (8.8%)<\/p>\n<p>\u00a0<\/p>\n<p>\u00a0<\/p>\n<p>\u00a0<\/p>\n"},"yoast_head":"<!-- This site is optimized with the Yoast SEO plugin v24.9 - https:\/\/yoast.com\/wordpress\/plugins\/seo\/ -->\n<title>Dan Zhi Xiao Yao San - Claude Diolosa<\/title>\n<meta name=\"robots\" content=\"index, follow, max-snippet:-1, max-image-preview:large, max-video-preview:-1\" \/>\n<link rel=\"canonical\" href=\"https:\/\/shop.diolosa.com\/en\/product\/dan-zhi-xiao-yao-san\/\" \/>\n<meta property=\"og:locale\" content=\"en_US\" \/>\n<meta property=\"og:type\" content=\"article\" \/>\n<meta property=\"og:title\" content=\"Dan Zhi Xiao Yao San - Claude Diolosa\" \/>\n<meta property=\"og:description\" content=\"&nbsp; &nbsp; &nbsp; &nbsp; &nbsp; &nbsp; &nbsp; &nbsp; &nbsp; &nbsp;\" \/>\n<meta property=\"og:url\" content=\"https:\/\/shop.diolosa.com\/en\/product\/dan-zhi-xiao-yao-san\/\" \/>\n<meta property=\"og:site_name\" content=\"Claude Diolosa\" \/>\n<meta property=\"article:publisher\" content=\"https:\/\/facebook.com\/claudediolosa\" \/>\n<meta property=\"article:modified_time\" content=\"2025-04-24T19:23:19+00:00\" \/>\n<meta property=\"og:image\" content=\"https:\/\/shop.diolosa.com\/wp-content\/uploads\/2022\/08\/magisterformel.jpg\" \/>\n\t<meta property=\"og:image:width\" content=\"800\" \/>\n\t<meta property=\"og:image:height\" content=\"533\" \/>\n\t<meta property=\"og:image:type\" content=\"image\/jpeg\" \/>\n<meta name=\"twitter:card\" content=\"summary_large_image\" \/>\n<script type=\"application\/ld+json\" class=\"yoast-schema-graph\">{\"@context\":\"https:\/\/schema.org\",\"@graph\":[{\"@type\":\"WebPage\",\"@id\":\"https:\/\/shop.diolosa.com\/en\/product\/dan-zhi-xiao-yao-san\/\",\"url\":\"https:\/\/shop.diolosa.com\/en\/product\/dan-zhi-xiao-yao-san\/\",\"name\":\"Dan Zhi Xiao Yao San - Claude Diolosa\",\"isPartOf\":{\"@id\":\"https:\/\/shop.diolosa.com\/en\/#website\"},\"primaryImageOfPage\":{\"@id\":\"https:\/\/shop.diolosa.com\/en\/product\/dan-zhi-xiao-yao-san\/#primaryimage\"},\"image\":{\"@id\":\"https:\/\/shop.diolosa.com\/en\/product\/dan-zhi-xiao-yao-san\/#primaryimage\"},\"thumbnailUrl\":\"https:\/\/shop.diolosa.com\/wp-content\/uploads\/2022\/08\/magisterformel.jpg\",\"datePublished\":\"2025-03-10T05:56:21+00:00\",\"dateModified\":\"2025-04-24T19:23:19+00:00\",\"breadcrumb\":{\"@id\":\"https:\/\/shop.diolosa.com\/en\/product\/dan-zhi-xiao-yao-san\/#breadcrumb\"},\"inLanguage\":\"en-US\",\"potentialAction\":[{\"@type\":\"ReadAction\",\"target\":[\"https:\/\/shop.diolosa.com\/en\/product\/dan-zhi-xiao-yao-san\/\"]}]},{\"@type\":\"ImageObject\",\"inLanguage\":\"en-US\",\"@id\":\"https:\/\/shop.diolosa.com\/en\/product\/dan-zhi-xiao-yao-san\/#primaryimage\",\"url\":\"https:\/\/shop.diolosa.com\/wp-content\/uploads\/2022\/08\/magisterformel.jpg\",\"contentUrl\":\"https:\/\/shop.diolosa.com\/wp-content\/uploads\/2022\/08\/magisterformel.jpg\",\"width\":800,\"height\":533},{\"@type\":\"BreadcrumbList\",\"@id\":\"https:\/\/shop.diolosa.com\/en\/product\/dan-zhi-xiao-yao-san\/#breadcrumb\",\"itemListElement\":[{\"@type\":\"ListItem\",\"position\":1,\"name\":\"Startseite\",\"item\":\"https:\/\/shop.diolosa.com\/en\/?page_id=3835693\"},{\"@type\":\"ListItem\",\"position\":2,\"name\":\"Store\",\"item\":\"https:\/\/shop.diolosa.com\/en\/?page_id=3835693\"},{\"@type\":\"ListItem\",\"position\":3,\"name\":\"Dan Zhi Xiao Yao San\"}]},{\"@type\":\"WebSite\",\"@id\":\"https:\/\/shop.diolosa.com\/en\/#website\",\"url\":\"https:\/\/shop.diolosa.com\/en\/\",\"name\":\"Claude Diolosa\",\"description\":\"\",\"publisher\":{\"@id\":\"https:\/\/shop.diolosa.com\/en\/#organization\"},\"potentialAction\":[{\"@type\":\"SearchAction\",\"target\":{\"@type\":\"EntryPoint\",\"urlTemplate\":\"https:\/\/shop.diolosa.com\/en\/?s={search_term_string}\"},\"query-input\":{\"@type\":\"PropertyValueSpecification\",\"valueRequired\":true,\"valueName\":\"search_term_string\"}}],\"inLanguage\":\"en-US\"},{\"@type\":\"Organization\",\"@id\":\"https:\/\/shop.diolosa.com\/en\/#organization\",\"name\":\"Claude Diolosa\",\"url\":\"https:\/\/shop.diolosa.com\/en\/\",\"logo\":{\"@type\":\"ImageObject\",\"inLanguage\":\"en-US\",\"@id\":\"https:\/\/shop.diolosa.com\/en\/#\/schema\/logo\/image\/\",\"url\":\"https:\/\/shop.diolosa.com\/wp-content\/uploads\/2019\/08\/diolosa-drop-logo-new.png\",\"contentUrl\":\"https:\/\/shop.diolosa.com\/wp-content\/uploads\/2019\/08\/diolosa-drop-logo-new.png\",\"width\":134,\"height\":176,\"caption\":\"Claude Diolosa\"},\"image\":{\"@id\":\"https:\/\/shop.diolosa.com\/en\/#\/schema\/logo\/image\/\"},\"sameAs\":[\"https:\/\/facebook.com\/claudediolosa\",\"https:\/\/www.instagram.com\/diolosaclaude108\/\"]}]}<\/script>\n<!-- \/ Yoast SEO plugin. -->","yoast_head_json":{"title":"Dan Zhi Xiao Yao San - Claude Diolosa","robots":{"index":"index","follow":"follow","max-snippet":"max-snippet:-1","max-image-preview":"max-image-preview:large","max-video-preview":"max-video-preview:-1"},"canonical":"https:\/\/shop.diolosa.com\/en\/product\/dan-zhi-xiao-yao-san\/","og_locale":"en_US","og_type":"article","og_title":"Dan Zhi Xiao Yao San - Claude Diolosa","og_description":"&nbsp; &nbsp; &nbsp; &nbsp; &nbsp; &nbsp; &nbsp; &nbsp; &nbsp; &nbsp;","og_url":"https:\/\/shop.diolosa.com\/en\/product\/dan-zhi-xiao-yao-san\/","og_site_name":"Claude Diolosa","article_publisher":"https:\/\/facebook.com\/claudediolosa","article_modified_time":"2025-04-24T19:23:19+00:00","og_image":[{"width":800,"height":533,"url":"https:\/\/shop.diolosa.com\/wp-content\/uploads\/2022\/08\/magisterformel.jpg","type":"image\/jpeg"}],"twitter_card":"summary_large_image","schema":{"@context":"https:\/\/schema.org","@graph":[{"@type":"WebPage","@id":"https:\/\/shop.diolosa.com\/en\/product\/dan-zhi-xiao-yao-san\/","url":"https:\/\/shop.diolosa.com\/en\/product\/dan-zhi-xiao-yao-san\/","name":"Dan Zhi Xiao Yao San - Claude Diolosa","isPartOf":{"@id":"https:\/\/shop.diolosa.com\/en\/#website"},"primaryImageOfPage":{"@id":"https:\/\/shop.diolosa.com\/en\/product\/dan-zhi-xiao-yao-san\/#primaryimage"},"image":{"@id":"https:\/\/shop.diolosa.com\/en\/product\/dan-zhi-xiao-yao-san\/#primaryimage"},"thumbnailUrl":"https:\/\/shop.diolosa.com\/wp-content\/uploads\/2022\/08\/magisterformel.jpg","datePublished":"2025-03-10T05:56:21+00:00","dateModified":"2025-04-24T19:23:19+00:00","breadcrumb":{"@id":"https:\/\/shop.diolosa.com\/en\/product\/dan-zhi-xiao-yao-san\/#breadcrumb"},"inLanguage":"en-US","potentialAction":[{"@type":"ReadAction","target":["https:\/\/shop.diolosa.com\/en\/product\/dan-zhi-xiao-yao-san\/"]}]},{"@type":"ImageObject","inLanguage":"en-US","@id":"https:\/\/shop.diolosa.com\/en\/product\/dan-zhi-xiao-yao-san\/#primaryimage","url":"https:\/\/shop.diolosa.com\/wp-content\/uploads\/2022\/08\/magisterformel.jpg","contentUrl":"https:\/\/shop.diolosa.com\/wp-content\/uploads\/2022\/08\/magisterformel.jpg","width":800,"height":533},{"@type":"BreadcrumbList","@id":"https:\/\/shop.diolosa.com\/en\/product\/dan-zhi-xiao-yao-san\/#breadcrumb","itemListElement":[{"@type":"ListItem","position":1,"name":"Startseite","item":"https:\/\/shop.diolosa.com\/en\/?page_id=3835693"},{"@type":"ListItem","position":2,"name":"Store","item":"https:\/\/shop.diolosa.com\/en\/?page_id=3835693"},{"@type":"ListItem","position":3,"name":"Dan Zhi Xiao Yao San"}]},{"@type":"WebSite","@id":"https:\/\/shop.diolosa.com\/en\/#website","url":"https:\/\/shop.diolosa.com\/en\/","name":"Claude Diolosa","description":"","publisher":{"@id":"https:\/\/shop.diolosa.com\/en\/#organization"},"potentialAction":[{"@type":"SearchAction","target":{"@type":"EntryPoint","urlTemplate":"https:\/\/shop.diolosa.com\/en\/?s={search_term_string}"},"query-input":{"@type":"PropertyValueSpecification","valueRequired":true,"valueName":"search_term_string"}}],"inLanguage":"en-US"},{"@type":"Organization","@id":"https:\/\/shop.diolosa.com\/en\/#organization","name":"Claude Diolosa","url":"https:\/\/shop.diolosa.com\/en\/","logo":{"@type":"ImageObject","inLanguage":"en-US","@id":"https:\/\/shop.diolosa.com\/en\/#\/schema\/logo\/image\/","url":"https:\/\/shop.diolosa.com\/wp-content\/uploads\/2019\/08\/diolosa-drop-logo-new.png","contentUrl":"https:\/\/shop.diolosa.com\/wp-content\/uploads\/2019\/08\/diolosa-drop-logo-new.png","width":134,"height":176,"caption":"Claude Diolosa"},"image":{"@id":"https:\/\/shop.diolosa.com\/en\/#\/schema\/logo\/image\/"},"sameAs":["https:\/\/facebook.com\/claudediolosa","https:\/\/www.instagram.com\/diolosaclaude108\/"]}]}},"_links":{"self":[{"href":"https:\/\/shop.diolosa.com\/en\/wp-json\/wp\/v2\/product\/3841026","targetHints":{"allow":["GET"]}}],"collection":[{"href":"https:\/\/shop.diolosa.com\/en\/wp-json\/wp\/v2\/product"}],"about":[{"href":"https:\/\/shop.diolosa.com\/en\/wp-json\/wp\/v2\/types\/product"}],"wp:featuredmedia":[{"embeddable":true,"href":"https:\/\/shop.diolosa.com\/en\/wp-json\/wp\/v2\/media\/1385921"}],"wp:attachment":[{"href":"https:\/\/shop.diolosa.com\/en\/wp-json\/wp\/v2\/media?parent=3841026"}],"wp:term":[{"taxonomy":"product_brand","embeddable":true,"href":"https:\/\/shop.diolosa.com\/en\/wp-json\/wp\/v2\/product_brand?post=3841026"},{"taxonomy":"product_cat","embeddable":true,"href":"https:\/\/shop.diolosa.com\/en\/wp-json\/wp\/v2\/product_cat?post=3841026"},{"taxonomy":"product_tag","embeddable":true,"href":"https:\/\/shop.diolosa.com\/en\/wp-json\/wp\/v2\/product_tag?post=3841026"}],"curies":[{"name":"wp","href":"https:\/\/api.w.org\/{rel}","templated":true}]}}