{"id":3841029,"date":"2022-08-31T06:57:07","date_gmt":"2025-03-10T05:56:22","guid":{"rendered":"https:\/\/shop.diolosa.com\/product\/chai-hu-shu-gan-san\/"},"modified":"2025-04-24T20:23:15","modified_gmt":"2025-04-24T19:23:15","slug":"chai-hu-shu-gan-san","status":"publish","type":"product","link":"https:\/\/shop.diolosa.com\/en\/product\/chai-hu-shu-gan-san\/","title":{"rendered":"Chai Hu Shu Gan San"},"content":{"rendered":"<p><strong>CHAI HU SHU GAN SAN &#8220;Radix Bupleuri decoction that distributes the liver&#8221;<\/strong><\/p>\n<p><strong>Regulates and harmonizes the liver, stomach and spleen<\/strong><\/p>\n<p>&nbsp;<\/p>\n<p>&nbsp;<\/p>\n<p>Herbal pellets according to traditional Chinese medicine<\/p>\n<p>Food supplements<\/p>\n<p>Manufacturer: Pharmacy Boznerplatz<\/p>\n<p>100% tested high-quality ingredients<\/p>\n<p>&nbsp;<\/p>\n<p>&nbsp;<\/p>\n<p>&nbsp;<\/p>\n<p>&nbsp;<\/p>\n<p>&nbsp;<\/p>\n","protected":false},"excerpt":{"rendered":"<p>&nbsp;<\/p>\n<p>&nbsp;<\/p>\n<p>&nbsp;<\/p>\n<p>&nbsp;<\/p>\n<p>&nbsp;<\/p>\n<p>&nbsp;<\/p>\n","protected":false},"featured_media":1385921,"template":"","meta":{"_acf_changed":false},"product_brand":[],"product_cat":[12152],"product_tag":[12171,12118],"class_list":{"0":"post-3841029","1":"product","2":"type-product","3":"status-publish","4":"has-post-thumbnail","6":"product_cat-master-formulas","7":"product_tag-dysmenorrhea-en","8":"product_tag-mastopathy","10":"first","11":"instock","12":"taxable","13":"shipping-taxable","14":"purchasable","15":"product-type-simple"},"acf":{"yn_product_audio":"https:\/\/shop.diolosa.com\/wp-content\/uploads\/2022\/10\/DL_ChaiHUsugansan.m4a","yn_product_video":"https:\/\/shop.diolosa.com\/wp-content\/uploads\/2025\/04\/Chai-Hu-Su-Gan-San.mp4","yn_product_akupunktur":"<p><strong>Liver Qi congestion<\/strong> > Liver\/Liver-3 \u592a\u6c96 ta\u00ec ch\u014dng, Liver\/Liver-14 \u671f\u9580 q\u00ed m\u00e9n, Liver\/Liver-13 \u7ae0\u9580 zh\u0101ng m\u00e9n, Large Intestine\/\/colon-4 \u5408\u8c37 h\u00e9 g\u01d4<\/p>\n<p>Reduce\/Sedate <b>&#8211; Xie Fa<\/b><\/p>\n<p><strong>Gallbladder qi congestion<\/strong> > Gallbladder\/gallbladder-34 \u967d\u9675\u6cc9 y\u00e1ng l\u00edng qu\u00e1n, Gallbladder\/gallbladder-40\u4e18\u589f qi\u016b x\u016b, Gallbladder\/gallbladder-41 \u8db3\u81e8\u6ce3 z\u00fa l\u00edn q\u00ec (dai mai, shu)<\/p>\n<p>Reduce\/Sedate <b>&#8211; Xie Fa<\/b><\/p>\n<div><strong>Stomach Qi, wetness, phlegm stagnation<\/strong> > Stomach\/Stomach-25 \u5929\u6a1e ti\u0101n sh\u016b, Stomach\/Stomach-36 \u8db3\u4e09\u91cc z\u00fa s\u0101n l\u01d0, Stomach\/Stomach-40 \u8c50\u9686 f\u0113ng l\u00f3ng., Stomach\/Magen-34\u6881\u4e18 li\u00e1ng q\u012bu.Reduce\/Sedate <b>&#8211; Xie Fa<\/b><\/p>\n<p><strong>Shen<\/strong> > EX-HN3 &#8211; \u5370\u5802 Yin Tang, EX-HN-1 &#8211; \u56db\u795e\u806a &#8211; si shen cong<\/p>\n<p>Reduce\/Sedate <b>&#8211; Xie Fa<\/b><\/p>\n<\/div>\n<p>\u00a0<\/p>\n","yn_product_verabreichungsart":"Pellets 200 pcs.","yn_product_dosierung":"<p>Take 3 x 3 to 6 tablets a day with water<\/p>\n<p>\u00a0<\/p>\n","yn_product_combinations":"<p>BRIGHT FUTURE (depression), HAPPY DAYS (depressed), OPEN SPACE (gastritis), LADY&#8217;S RELIEF (mastopathy), EASY FLOW HEAT, EASY FLOW COLD (dysmenorrhea)<\/p>\n<p>\u00a0<\/p>\n","yn_product_avoidable":"<p>All foods that produce cold internal moisture are prohibited during therapy. It is essential to consume warm drinks and eat food that has been cooked or prepared with aromatic spices. You should also not drink while eating, but before or after meals and always warm drinks.  <\/p>\n<p>Leaf lettuce, endive, chicory, artichokes, bean sprouts, tofu, soy milk, rice milk, green tea, black tea, coffee, cappuccino, latte, sugar, dairy products, cow&#8217;s milk, cream cheese, yogurt, exotic fruits, Banana, mango, pear, apple, fruit compote, cake, cookies, chocolate, sugar drinks, Fanta, Coca Cola, energy-refrigerated food, cold and ice-cold drinks, ice cream, frozen food, microwave.<\/p>\n<p>\u00a0<\/p>\n","yn_product_tongue_body":"<p>The edges are swollen, the tongue is pale, moist and swollen<\/p>\n<p>\u00a0<\/p>\n","yn_product_tongue_coating":"<p>White, moisture<\/p>\n","yn_product_pulse_diagnostics":"<p>Xian Mai &#8211; String-like pulse, Shi Mai &#8211; Fullness pulse, Chi Mai &#8211; Slow pulse<\/p>\n<p>\u00a0<\/p>\n","yn_product_indications":"<p>Hypochondriacal pain and bloating, Stomach pain, Alternating fever and chills, Depression, Mild excitability, Breast fullness (mastopathy), Bitter taste in the mouth<br \/>\nFidgeting, Abdominal pain and cramps<br \/>\nBloated breasts and pain, Irritability<br \/>\nDysmenorrhea, Irregular menstruation<br \/>\nAmenorrhea<\/p>\n<p>\u00a0<\/p>\n","yn_product_contra_indications":"<p>Wetness, mucus Cold<\/p>\n<p>\u00a0<\/p>\n","yn_product_pregnancy":"<p>Allowed<\/p>\n<p>\u00a0<\/p>\n","yn_product_herbs":"<p>\u00a0<\/p>\n<p>\u00a0<\/p>\n","yn_product_magisterrecipes":"<p>Chen Pi \u9648\u76ae (Pericarpium Citri Reticulatae)(19%)<\/p>\n<p>Chai Hu \u67f4\u80e1 (Radix Bupleurum) (19%)<\/p>\n<p>Chuan Xiong \u5ddd\u828e (Rhizoma Chuanxiong)<br \/>\n(14.3%)<\/p>\n<p>Zhi Ke\/Zhi Qiao \u67b3\u58f3 (Fructus Aurantii) (14,3%)<\/p>\n<p>Bai Shao Yao \u767d\u828d (Radix Paeoniae Alba) (14.3%)<\/p>\n<p>Zhi Gan Cao \u7518\u8349 (Radix Glycyrrhizae cum Liquido Fricta)(4.8%)<\/p>\n<p>Xiang Fu \u9999\u9644 (Rhizoma Cyperi) (14.3%)<\/p>\n<p>\u00a0<\/p>\n"},"yoast_head":"<!-- This site is optimized with the Yoast SEO plugin v24.9 - https:\/\/yoast.com\/wordpress\/plugins\/seo\/ -->\n<title>Chai Hu Shu Gan San - Claude Diolosa<\/title>\n<meta name=\"robots\" content=\"index, follow, max-snippet:-1, max-image-preview:large, max-video-preview:-1\" \/>\n<link rel=\"canonical\" href=\"https:\/\/shop.diolosa.com\/en\/product\/chai-hu-shu-gan-san\/\" \/>\n<meta property=\"og:locale\" content=\"en_US\" \/>\n<meta property=\"og:type\" content=\"article\" \/>\n<meta property=\"og:title\" content=\"Chai Hu Shu Gan San - Claude Diolosa\" \/>\n<meta property=\"og:description\" content=\"&nbsp; &nbsp; &nbsp; &nbsp; &nbsp; &nbsp;\" \/>\n<meta property=\"og:url\" content=\"https:\/\/shop.diolosa.com\/en\/product\/chai-hu-shu-gan-san\/\" \/>\n<meta property=\"og:site_name\" content=\"Claude Diolosa\" \/>\n<meta property=\"article:publisher\" content=\"https:\/\/facebook.com\/claudediolosa\" \/>\n<meta property=\"article:modified_time\" content=\"2025-04-24T19:23:15+00:00\" \/>\n<meta property=\"og:image\" content=\"https:\/\/shop.diolosa.com\/wp-content\/uploads\/2022\/08\/magisterformel.jpg\" \/>\n\t<meta property=\"og:image:width\" content=\"800\" \/>\n\t<meta property=\"og:image:height\" content=\"533\" \/>\n\t<meta property=\"og:image:type\" content=\"image\/jpeg\" \/>\n<meta name=\"twitter:card\" content=\"summary_large_image\" \/>\n<script type=\"application\/ld+json\" class=\"yoast-schema-graph\">{\"@context\":\"https:\/\/schema.org\",\"@graph\":[{\"@type\":\"WebPage\",\"@id\":\"https:\/\/shop.diolosa.com\/en\/product\/chai-hu-shu-gan-san\/\",\"url\":\"https:\/\/shop.diolosa.com\/en\/product\/chai-hu-shu-gan-san\/\",\"name\":\"Chai Hu Shu Gan San - Claude Diolosa\",\"isPartOf\":{\"@id\":\"https:\/\/shop.diolosa.com\/en\/#website\"},\"primaryImageOfPage\":{\"@id\":\"https:\/\/shop.diolosa.com\/en\/product\/chai-hu-shu-gan-san\/#primaryimage\"},\"image\":{\"@id\":\"https:\/\/shop.diolosa.com\/en\/product\/chai-hu-shu-gan-san\/#primaryimage\"},\"thumbnailUrl\":\"https:\/\/shop.diolosa.com\/wp-content\/uploads\/2022\/08\/magisterformel.jpg\",\"datePublished\":\"2025-03-10T05:56:22+00:00\",\"dateModified\":\"2025-04-24T19:23:15+00:00\",\"breadcrumb\":{\"@id\":\"https:\/\/shop.diolosa.com\/en\/product\/chai-hu-shu-gan-san\/#breadcrumb\"},\"inLanguage\":\"en-US\",\"potentialAction\":[{\"@type\":\"ReadAction\",\"target\":[\"https:\/\/shop.diolosa.com\/en\/product\/chai-hu-shu-gan-san\/\"]}]},{\"@type\":\"ImageObject\",\"inLanguage\":\"en-US\",\"@id\":\"https:\/\/shop.diolosa.com\/en\/product\/chai-hu-shu-gan-san\/#primaryimage\",\"url\":\"https:\/\/shop.diolosa.com\/wp-content\/uploads\/2022\/08\/magisterformel.jpg\",\"contentUrl\":\"https:\/\/shop.diolosa.com\/wp-content\/uploads\/2022\/08\/magisterformel.jpg\",\"width\":800,\"height\":533},{\"@type\":\"BreadcrumbList\",\"@id\":\"https:\/\/shop.diolosa.com\/en\/product\/chai-hu-shu-gan-san\/#breadcrumb\",\"itemListElement\":[{\"@type\":\"ListItem\",\"position\":1,\"name\":\"Startseite\",\"item\":\"https:\/\/shop.diolosa.com\/en\/?page_id=3835693\"},{\"@type\":\"ListItem\",\"position\":2,\"name\":\"Store\",\"item\":\"https:\/\/shop.diolosa.com\/en\/?page_id=3835693\"},{\"@type\":\"ListItem\",\"position\":3,\"name\":\"Chai Hu Shu Gan San\"}]},{\"@type\":\"WebSite\",\"@id\":\"https:\/\/shop.diolosa.com\/en\/#website\",\"url\":\"https:\/\/shop.diolosa.com\/en\/\",\"name\":\"Claude Diolosa\",\"description\":\"\",\"publisher\":{\"@id\":\"https:\/\/shop.diolosa.com\/en\/#organization\"},\"potentialAction\":[{\"@type\":\"SearchAction\",\"target\":{\"@type\":\"EntryPoint\",\"urlTemplate\":\"https:\/\/shop.diolosa.com\/en\/?s={search_term_string}\"},\"query-input\":{\"@type\":\"PropertyValueSpecification\",\"valueRequired\":true,\"valueName\":\"search_term_string\"}}],\"inLanguage\":\"en-US\"},{\"@type\":\"Organization\",\"@id\":\"https:\/\/shop.diolosa.com\/en\/#organization\",\"name\":\"Claude Diolosa\",\"url\":\"https:\/\/shop.diolosa.com\/en\/\",\"logo\":{\"@type\":\"ImageObject\",\"inLanguage\":\"en-US\",\"@id\":\"https:\/\/shop.diolosa.com\/en\/#\/schema\/logo\/image\/\",\"url\":\"https:\/\/shop.diolosa.com\/wp-content\/uploads\/2019\/08\/diolosa-drop-logo-new.png\",\"contentUrl\":\"https:\/\/shop.diolosa.com\/wp-content\/uploads\/2019\/08\/diolosa-drop-logo-new.png\",\"width\":134,\"height\":176,\"caption\":\"Claude Diolosa\"},\"image\":{\"@id\":\"https:\/\/shop.diolosa.com\/en\/#\/schema\/logo\/image\/\"},\"sameAs\":[\"https:\/\/facebook.com\/claudediolosa\",\"https:\/\/www.instagram.com\/diolosaclaude108\/\"]}]}<\/script>\n<!-- \/ Yoast SEO plugin. -->","yoast_head_json":{"title":"Chai Hu Shu Gan San - Claude Diolosa","robots":{"index":"index","follow":"follow","max-snippet":"max-snippet:-1","max-image-preview":"max-image-preview:large","max-video-preview":"max-video-preview:-1"},"canonical":"https:\/\/shop.diolosa.com\/en\/product\/chai-hu-shu-gan-san\/","og_locale":"en_US","og_type":"article","og_title":"Chai Hu Shu Gan San - Claude Diolosa","og_description":"&nbsp; &nbsp; &nbsp; &nbsp; &nbsp; &nbsp;","og_url":"https:\/\/shop.diolosa.com\/en\/product\/chai-hu-shu-gan-san\/","og_site_name":"Claude Diolosa","article_publisher":"https:\/\/facebook.com\/claudediolosa","article_modified_time":"2025-04-24T19:23:15+00:00","og_image":[{"width":800,"height":533,"url":"https:\/\/shop.diolosa.com\/wp-content\/uploads\/2022\/08\/magisterformel.jpg","type":"image\/jpeg"}],"twitter_card":"summary_large_image","schema":{"@context":"https:\/\/schema.org","@graph":[{"@type":"WebPage","@id":"https:\/\/shop.diolosa.com\/en\/product\/chai-hu-shu-gan-san\/","url":"https:\/\/shop.diolosa.com\/en\/product\/chai-hu-shu-gan-san\/","name":"Chai Hu Shu Gan San - Claude Diolosa","isPartOf":{"@id":"https:\/\/shop.diolosa.com\/en\/#website"},"primaryImageOfPage":{"@id":"https:\/\/shop.diolosa.com\/en\/product\/chai-hu-shu-gan-san\/#primaryimage"},"image":{"@id":"https:\/\/shop.diolosa.com\/en\/product\/chai-hu-shu-gan-san\/#primaryimage"},"thumbnailUrl":"https:\/\/shop.diolosa.com\/wp-content\/uploads\/2022\/08\/magisterformel.jpg","datePublished":"2025-03-10T05:56:22+00:00","dateModified":"2025-04-24T19:23:15+00:00","breadcrumb":{"@id":"https:\/\/shop.diolosa.com\/en\/product\/chai-hu-shu-gan-san\/#breadcrumb"},"inLanguage":"en-US","potentialAction":[{"@type":"ReadAction","target":["https:\/\/shop.diolosa.com\/en\/product\/chai-hu-shu-gan-san\/"]}]},{"@type":"ImageObject","inLanguage":"en-US","@id":"https:\/\/shop.diolosa.com\/en\/product\/chai-hu-shu-gan-san\/#primaryimage","url":"https:\/\/shop.diolosa.com\/wp-content\/uploads\/2022\/08\/magisterformel.jpg","contentUrl":"https:\/\/shop.diolosa.com\/wp-content\/uploads\/2022\/08\/magisterformel.jpg","width":800,"height":533},{"@type":"BreadcrumbList","@id":"https:\/\/shop.diolosa.com\/en\/product\/chai-hu-shu-gan-san\/#breadcrumb","itemListElement":[{"@type":"ListItem","position":1,"name":"Startseite","item":"https:\/\/shop.diolosa.com\/en\/?page_id=3835693"},{"@type":"ListItem","position":2,"name":"Store","item":"https:\/\/shop.diolosa.com\/en\/?page_id=3835693"},{"@type":"ListItem","position":3,"name":"Chai Hu Shu Gan San"}]},{"@type":"WebSite","@id":"https:\/\/shop.diolosa.com\/en\/#website","url":"https:\/\/shop.diolosa.com\/en\/","name":"Claude Diolosa","description":"","publisher":{"@id":"https:\/\/shop.diolosa.com\/en\/#organization"},"potentialAction":[{"@type":"SearchAction","target":{"@type":"EntryPoint","urlTemplate":"https:\/\/shop.diolosa.com\/en\/?s={search_term_string}"},"query-input":{"@type":"PropertyValueSpecification","valueRequired":true,"valueName":"search_term_string"}}],"inLanguage":"en-US"},{"@type":"Organization","@id":"https:\/\/shop.diolosa.com\/en\/#organization","name":"Claude Diolosa","url":"https:\/\/shop.diolosa.com\/en\/","logo":{"@type":"ImageObject","inLanguage":"en-US","@id":"https:\/\/shop.diolosa.com\/en\/#\/schema\/logo\/image\/","url":"https:\/\/shop.diolosa.com\/wp-content\/uploads\/2019\/08\/diolosa-drop-logo-new.png","contentUrl":"https:\/\/shop.diolosa.com\/wp-content\/uploads\/2019\/08\/diolosa-drop-logo-new.png","width":134,"height":176,"caption":"Claude Diolosa"},"image":{"@id":"https:\/\/shop.diolosa.com\/en\/#\/schema\/logo\/image\/"},"sameAs":["https:\/\/facebook.com\/claudediolosa","https:\/\/www.instagram.com\/diolosaclaude108\/"]}]}},"_links":{"self":[{"href":"https:\/\/shop.diolosa.com\/en\/wp-json\/wp\/v2\/product\/3841029","targetHints":{"allow":["GET"]}}],"collection":[{"href":"https:\/\/shop.diolosa.com\/en\/wp-json\/wp\/v2\/product"}],"about":[{"href":"https:\/\/shop.diolosa.com\/en\/wp-json\/wp\/v2\/types\/product"}],"wp:featuredmedia":[{"embeddable":true,"href":"https:\/\/shop.diolosa.com\/en\/wp-json\/wp\/v2\/media\/1385921"}],"wp:attachment":[{"href":"https:\/\/shop.diolosa.com\/en\/wp-json\/wp\/v2\/media?parent=3841029"}],"wp:term":[{"taxonomy":"product_brand","embeddable":true,"href":"https:\/\/shop.diolosa.com\/en\/wp-json\/wp\/v2\/product_brand?post=3841029"},{"taxonomy":"product_cat","embeddable":true,"href":"https:\/\/shop.diolosa.com\/en\/wp-json\/wp\/v2\/product_cat?post=3841029"},{"taxonomy":"product_tag","embeddable":true,"href":"https:\/\/shop.diolosa.com\/en\/wp-json\/wp\/v2\/product_tag?post=3841029"}],"curies":[{"name":"wp","href":"https:\/\/api.w.org\/{rel}","templated":true}]}}