{"id":3841034,"date":"2022-08-31T06:40:37","date_gmt":"2025-03-10T05:56:25","guid":{"rendered":"https:\/\/shop.diolosa.com\/product\/bao-he-wan\/"},"modified":"2025-05-31T08:10:50","modified_gmt":"2025-05-31T07:10:50","slug":"bao-he-wan","status":"publish","type":"product","link":"https:\/\/shop.diolosa.com\/en\/product\/bao-he-wan\/","title":{"rendered":"Bao He Wan"},"content":{"rendered":"<p>Bao He Wan is a traditional Chinese medicinal formula consisting of seven carefully selected ingredients, the main ingredient being hawthorn berries (Shan Zha). These berries are known for their positive properties on the digestive system and are widely used in TCM. <\/p>\n<p>The formula was developed in 1481 AD and belongs to the category of herbal formulas aimed at reducing food accumulation and transforming stagnant energy in the body. Its main effects can be divided into two key points: First, it effectively reduces food stagnation, which means that it helps to eliminate excess food or hard-to-digest food in the stomach. Secondly, it harmonizes the stomach and thus promotes healthy digestion.  <\/p>\n<p>In traditional Chinese medicine, it is believed that many health conditions can arise due to \u201cdisharmonies\u201d within the body. These disharmonies manifest as specific \u201cpatterns\u201d that can affect health. The real purpose of herbal formulas such as Bao He Wan is to combat these patterns and thus restore the body&#8217;s internal harmony.  <\/p>\n<p>In the specific case of Bao He Wan, TCM practitioners use this formula specifically to combat patterns such as food stagnation in the stomach. From a Western medical perspective, such patterns can cause various health problems, including conditions such as gastroenteritis &#8211; an inflammation of the stomach and intestines &#8211; chronic gastritis or pancreatitis &#8211; an inflammation of the pancreas. The use of this traditional formula can therefore not only improve well-being, but also have a preventive effect against serious illnesses.  <\/p>\n<p><strong>&nbsp;<\/strong><\/p>\n<p><strong>&nbsp;<\/strong><\/p>\n<p><strong>&nbsp;<\/strong><\/p>\n<p><strong>&nbsp;<\/strong><\/p>\n<p><strong>&nbsp;<\/strong><\/p>\n<p><strong>&nbsp;<\/strong><\/p>\n","protected":false},"excerpt":{"rendered":"<p>&nbsp;<\/p>\n<p>&nbsp;<\/p>\n<p>&nbsp;<\/p>\n<p>&nbsp;<\/p>\n<p>&nbsp;<\/p>\n<p>&nbsp;<\/p>\n<p>&nbsp;<\/p>\n","protected":false},"featured_media":1385921,"template":"","meta":{"_acf_changed":false},"product_brand":[],"product_cat":[12152],"product_tag":[12181],"class_list":{"0":"post-3841034","1":"product","2":"type-product","3":"status-publish","4":"has-post-thumbnail","6":"product_cat-master-formulas","7":"product_tag-food-stagnation","9":"first","10":"instock","11":"taxable","12":"shipping-taxable","13":"purchasable","14":"product-type-simple"},"acf":{"yn_product_audio":"https:\/\/shop.diolosa.com\/wp-content\/uploads\/2022\/10\/DL_baoHewan.m4a","yn_product_video":"https:\/\/shop.diolosa.com\/wp-content\/uploads\/2025\/04\/Bao-He-Wan.mp4","yn_product_akupunktur":"<p>Stomach\/Magen-36 \u8db3\u4e09\u91cc z\u00fa s\u0101n l\u01d0, Pericard\/\/Circulation-6 \u5167\u95dc n\u00e8i gu\u0101n, Stomach\/Magen-25 \u5929\u6a1e ti\u0101n sh\u016b<br \/>\nRen-12 \u4e2d\u8118 zh\u014dng w\u01cen [or zh\u014dng gu\u01cen].<br \/>\nStomach\/Magen -37 \u4e0a\u5de8\u865b sh\u00e0ng j\u00f9 x\u016b.<\/p>\n<p>Reduce\/Sedate <b>&#8211; Xie Fa<\/b><\/p>\n<p>\u00a0<\/p>\n<p>\u00a0<\/p>\n","yn_product_verabreichungsart":"Pellets 200 pcs.","yn_product_dosierung":"<p>Take 3 x 3 &#8211; 6 tablets a day with water<\/p>\n<p>\u00a0<\/p>\n","yn_product_combinations":"<p>QUICK and SLOW BELLY MOVEMENT (food stagnation)<\/p>\n<p>\u00a0<\/p>\n","yn_product_tongue_body":"<p>Normal<\/p>\n<p>\u00a0<\/p>\n","yn_product_tongue_coating":"<p>White, Yellowish, Thick, Moist, Sticky<\/p>\n<p>\u00a0<\/p>\n","yn_product_pulse_diagnostics":"<p><strong>Stomach position:<\/strong> Hua Mai &#8211; Sliding &#8211; Rolling pulse , Shuo Mai &#8211; Fast pulse , Shi Mai &#8211; Fullness pulse<\/p>\n<p>\u00a0<\/p>\n","yn_product_indications":"<p>Food stagnation, feeling of fullness, reflux, abdominal pain, nausea, vomiting<\/p>\n<p>\u00a0<\/p>\n","yn_product_contra_indications":"<p>Spleen Qi and Yang deficiency<\/p>\n<p>\u00a0<\/p>\n","yn_product_pregnancy":"<p>Allowed<\/p>\n<p>\u00a0<\/p>\n","yn_product_magisterrecipes":"<p>Shan Zha \u5c71\u6942 (Fructus Crataegu) (20%)<\/p>\n<p>Shen Qu \u795e\u66f2 (Medicated Leaven) (16%)<\/p>\n<p>Lai Fu Zi \u83b1\u83d4 (Radix Raphani)(12%)<\/p>\n<p>Chen Pi \u9648\u76ae (Pericarpium Citri Reticulatae) (12%)<\/p>\n<p>Bai Fu Ling \u832f\u82d3 (Poria Alba) (16%)<\/p>\n<p>Lian Qiao \u8fde\u7fd8 \u9023\u7ff9 (Fructus Forsythiae) (8%)<\/p>\n<p>Qu Ban Xia (Pinellia Ternata Rhizoma Praep)<span class=\"Apple-converted-space\"> <\/span><\/p>\n<p> (16%)<\/p>\n<p>\u00a0<\/p>\n"},"yoast_head":"<!-- This site is optimized with the Yoast SEO plugin v24.9 - https:\/\/yoast.com\/wordpress\/plugins\/seo\/ -->\n<title>Bao He Wan - Claude Diolosa<\/title>\n<meta name=\"robots\" content=\"index, follow, max-snippet:-1, max-image-preview:large, max-video-preview:-1\" \/>\n<link rel=\"canonical\" href=\"https:\/\/shop.diolosa.com\/en\/product\/bao-he-wan\/\" \/>\n<meta property=\"og:locale\" content=\"en_US\" \/>\n<meta property=\"og:type\" content=\"article\" \/>\n<meta property=\"og:title\" content=\"Bao He Wan - Claude Diolosa\" \/>\n<meta property=\"og:description\" content=\"&nbsp; &nbsp; &nbsp; &nbsp; &nbsp; &nbsp; &nbsp;\" \/>\n<meta property=\"og:url\" content=\"https:\/\/shop.diolosa.com\/en\/product\/bao-he-wan\/\" \/>\n<meta property=\"og:site_name\" content=\"Claude Diolosa\" \/>\n<meta property=\"article:publisher\" content=\"https:\/\/facebook.com\/claudediolosa\" \/>\n<meta property=\"article:modified_time\" content=\"2025-05-31T07:10:50+00:00\" \/>\n<meta property=\"og:image\" content=\"https:\/\/shop.diolosa.com\/wp-content\/uploads\/2022\/08\/magisterformel.jpg\" \/>\n\t<meta property=\"og:image:width\" content=\"800\" \/>\n\t<meta property=\"og:image:height\" content=\"533\" \/>\n\t<meta property=\"og:image:type\" content=\"image\/jpeg\" \/>\n<meta name=\"twitter:card\" content=\"summary_large_image\" \/>\n<meta name=\"twitter:label1\" content=\"Est. reading time\" \/>\n\t<meta name=\"twitter:data1\" content=\"1 minute\" \/>\n<script type=\"application\/ld+json\" class=\"yoast-schema-graph\">{\"@context\":\"https:\/\/schema.org\",\"@graph\":[{\"@type\":\"WebPage\",\"@id\":\"https:\/\/shop.diolosa.com\/en\/product\/bao-he-wan\/\",\"url\":\"https:\/\/shop.diolosa.com\/en\/product\/bao-he-wan\/\",\"name\":\"Bao He Wan - Claude Diolosa\",\"isPartOf\":{\"@id\":\"https:\/\/shop.diolosa.com\/en\/#website\"},\"primaryImageOfPage\":{\"@id\":\"https:\/\/shop.diolosa.com\/en\/product\/bao-he-wan\/#primaryimage\"},\"image\":{\"@id\":\"https:\/\/shop.diolosa.com\/en\/product\/bao-he-wan\/#primaryimage\"},\"thumbnailUrl\":\"https:\/\/shop.diolosa.com\/wp-content\/uploads\/2022\/08\/magisterformel.jpg\",\"datePublished\":\"2025-03-10T05:56:25+00:00\",\"dateModified\":\"2025-05-31T07:10:50+00:00\",\"breadcrumb\":{\"@id\":\"https:\/\/shop.diolosa.com\/en\/product\/bao-he-wan\/#breadcrumb\"},\"inLanguage\":\"en-US\",\"potentialAction\":[{\"@type\":\"ReadAction\",\"target\":[\"https:\/\/shop.diolosa.com\/en\/product\/bao-he-wan\/\"]}]},{\"@type\":\"ImageObject\",\"inLanguage\":\"en-US\",\"@id\":\"https:\/\/shop.diolosa.com\/en\/product\/bao-he-wan\/#primaryimage\",\"url\":\"https:\/\/shop.diolosa.com\/wp-content\/uploads\/2022\/08\/magisterformel.jpg\",\"contentUrl\":\"https:\/\/shop.diolosa.com\/wp-content\/uploads\/2022\/08\/magisterformel.jpg\",\"width\":800,\"height\":533},{\"@type\":\"BreadcrumbList\",\"@id\":\"https:\/\/shop.diolosa.com\/en\/product\/bao-he-wan\/#breadcrumb\",\"itemListElement\":[{\"@type\":\"ListItem\",\"position\":1,\"name\":\"Startseite\",\"item\":\"https:\/\/shop.diolosa.com\/en\/?page_id=3835693\"},{\"@type\":\"ListItem\",\"position\":2,\"name\":\"Store\",\"item\":\"https:\/\/shop.diolosa.com\/en\/?page_id=3835693\"},{\"@type\":\"ListItem\",\"position\":3,\"name\":\"Bao He Wan\"}]},{\"@type\":\"WebSite\",\"@id\":\"https:\/\/shop.diolosa.com\/en\/#website\",\"url\":\"https:\/\/shop.diolosa.com\/en\/\",\"name\":\"Claude Diolosa\",\"description\":\"\",\"publisher\":{\"@id\":\"https:\/\/shop.diolosa.com\/en\/#organization\"},\"potentialAction\":[{\"@type\":\"SearchAction\",\"target\":{\"@type\":\"EntryPoint\",\"urlTemplate\":\"https:\/\/shop.diolosa.com\/en\/?s={search_term_string}\"},\"query-input\":{\"@type\":\"PropertyValueSpecification\",\"valueRequired\":true,\"valueName\":\"search_term_string\"}}],\"inLanguage\":\"en-US\"},{\"@type\":\"Organization\",\"@id\":\"https:\/\/shop.diolosa.com\/en\/#organization\",\"name\":\"Claude Diolosa\",\"url\":\"https:\/\/shop.diolosa.com\/en\/\",\"logo\":{\"@type\":\"ImageObject\",\"inLanguage\":\"en-US\",\"@id\":\"https:\/\/shop.diolosa.com\/en\/#\/schema\/logo\/image\/\",\"url\":\"https:\/\/shop.diolosa.com\/wp-content\/uploads\/2019\/08\/diolosa-drop-logo-new.png\",\"contentUrl\":\"https:\/\/shop.diolosa.com\/wp-content\/uploads\/2019\/08\/diolosa-drop-logo-new.png\",\"width\":134,\"height\":176,\"caption\":\"Claude Diolosa\"},\"image\":{\"@id\":\"https:\/\/shop.diolosa.com\/en\/#\/schema\/logo\/image\/\"},\"sameAs\":[\"https:\/\/facebook.com\/claudediolosa\",\"https:\/\/www.instagram.com\/diolosaclaude108\/\"]}]}<\/script>\n<!-- \/ Yoast SEO plugin. -->","yoast_head_json":{"title":"Bao He Wan - Claude Diolosa","robots":{"index":"index","follow":"follow","max-snippet":"max-snippet:-1","max-image-preview":"max-image-preview:large","max-video-preview":"max-video-preview:-1"},"canonical":"https:\/\/shop.diolosa.com\/en\/product\/bao-he-wan\/","og_locale":"en_US","og_type":"article","og_title":"Bao He Wan - Claude Diolosa","og_description":"&nbsp; &nbsp; &nbsp; &nbsp; &nbsp; &nbsp; &nbsp;","og_url":"https:\/\/shop.diolosa.com\/en\/product\/bao-he-wan\/","og_site_name":"Claude Diolosa","article_publisher":"https:\/\/facebook.com\/claudediolosa","article_modified_time":"2025-05-31T07:10:50+00:00","og_image":[{"width":800,"height":533,"url":"https:\/\/shop.diolosa.com\/wp-content\/uploads\/2022\/08\/magisterformel.jpg","type":"image\/jpeg"}],"twitter_card":"summary_large_image","twitter_misc":{"Est. reading time":"1 minute"},"schema":{"@context":"https:\/\/schema.org","@graph":[{"@type":"WebPage","@id":"https:\/\/shop.diolosa.com\/en\/product\/bao-he-wan\/","url":"https:\/\/shop.diolosa.com\/en\/product\/bao-he-wan\/","name":"Bao He Wan - Claude Diolosa","isPartOf":{"@id":"https:\/\/shop.diolosa.com\/en\/#website"},"primaryImageOfPage":{"@id":"https:\/\/shop.diolosa.com\/en\/product\/bao-he-wan\/#primaryimage"},"image":{"@id":"https:\/\/shop.diolosa.com\/en\/product\/bao-he-wan\/#primaryimage"},"thumbnailUrl":"https:\/\/shop.diolosa.com\/wp-content\/uploads\/2022\/08\/magisterformel.jpg","datePublished":"2025-03-10T05:56:25+00:00","dateModified":"2025-05-31T07:10:50+00:00","breadcrumb":{"@id":"https:\/\/shop.diolosa.com\/en\/product\/bao-he-wan\/#breadcrumb"},"inLanguage":"en-US","potentialAction":[{"@type":"ReadAction","target":["https:\/\/shop.diolosa.com\/en\/product\/bao-he-wan\/"]}]},{"@type":"ImageObject","inLanguage":"en-US","@id":"https:\/\/shop.diolosa.com\/en\/product\/bao-he-wan\/#primaryimage","url":"https:\/\/shop.diolosa.com\/wp-content\/uploads\/2022\/08\/magisterformel.jpg","contentUrl":"https:\/\/shop.diolosa.com\/wp-content\/uploads\/2022\/08\/magisterformel.jpg","width":800,"height":533},{"@type":"BreadcrumbList","@id":"https:\/\/shop.diolosa.com\/en\/product\/bao-he-wan\/#breadcrumb","itemListElement":[{"@type":"ListItem","position":1,"name":"Startseite","item":"https:\/\/shop.diolosa.com\/en\/?page_id=3835693"},{"@type":"ListItem","position":2,"name":"Store","item":"https:\/\/shop.diolosa.com\/en\/?page_id=3835693"},{"@type":"ListItem","position":3,"name":"Bao He Wan"}]},{"@type":"WebSite","@id":"https:\/\/shop.diolosa.com\/en\/#website","url":"https:\/\/shop.diolosa.com\/en\/","name":"Claude Diolosa","description":"","publisher":{"@id":"https:\/\/shop.diolosa.com\/en\/#organization"},"potentialAction":[{"@type":"SearchAction","target":{"@type":"EntryPoint","urlTemplate":"https:\/\/shop.diolosa.com\/en\/?s={search_term_string}"},"query-input":{"@type":"PropertyValueSpecification","valueRequired":true,"valueName":"search_term_string"}}],"inLanguage":"en-US"},{"@type":"Organization","@id":"https:\/\/shop.diolosa.com\/en\/#organization","name":"Claude Diolosa","url":"https:\/\/shop.diolosa.com\/en\/","logo":{"@type":"ImageObject","inLanguage":"en-US","@id":"https:\/\/shop.diolosa.com\/en\/#\/schema\/logo\/image\/","url":"https:\/\/shop.diolosa.com\/wp-content\/uploads\/2019\/08\/diolosa-drop-logo-new.png","contentUrl":"https:\/\/shop.diolosa.com\/wp-content\/uploads\/2019\/08\/diolosa-drop-logo-new.png","width":134,"height":176,"caption":"Claude Diolosa"},"image":{"@id":"https:\/\/shop.diolosa.com\/en\/#\/schema\/logo\/image\/"},"sameAs":["https:\/\/facebook.com\/claudediolosa","https:\/\/www.instagram.com\/diolosaclaude108\/"]}]}},"_links":{"self":[{"href":"https:\/\/shop.diolosa.com\/en\/wp-json\/wp\/v2\/product\/3841034","targetHints":{"allow":["GET"]}}],"collection":[{"href":"https:\/\/shop.diolosa.com\/en\/wp-json\/wp\/v2\/product"}],"about":[{"href":"https:\/\/shop.diolosa.com\/en\/wp-json\/wp\/v2\/types\/product"}],"wp:featuredmedia":[{"embeddable":true,"href":"https:\/\/shop.diolosa.com\/en\/wp-json\/wp\/v2\/media\/1385921"}],"wp:attachment":[{"href":"https:\/\/shop.diolosa.com\/en\/wp-json\/wp\/v2\/media?parent=3841034"}],"wp:term":[{"taxonomy":"product_brand","embeddable":true,"href":"https:\/\/shop.diolosa.com\/en\/wp-json\/wp\/v2\/product_brand?post=3841034"},{"taxonomy":"product_cat","embeddable":true,"href":"https:\/\/shop.diolosa.com\/en\/wp-json\/wp\/v2\/product_cat?post=3841034"},{"taxonomy":"product_tag","embeddable":true,"href":"https:\/\/shop.diolosa.com\/en\/wp-json\/wp\/v2\/product_tag?post=3841034"}],"curies":[{"name":"wp","href":"https:\/\/api.w.org\/{rel}","templated":true}]}}