{"id":3841044,"date":"2022-08-31T06:30:17","date_gmt":"2025-03-10T05:56:27","guid":{"rendered":"https:\/\/shop.diolosa.com\/product\/ba-zhen-tang\/"},"modified":"2025-06-01T16:09:02","modified_gmt":"2025-06-01T15:09:02","slug":"ba-zhen-tang","status":"publish","type":"product","link":"https:\/\/shop.diolosa.com\/en\/product\/ba-zhen-tang\/","title":{"rendered":"Ba Zhen Tang"},"content":{"rendered":"<p><strong><\/strong><\/p>\n<p><strong>&nbsp;<\/strong>Ba Zhen Tang, also known as \u201cEight Treasures Decoction\u201d or \u201cEight Precious Decoction,\u201d has its roots in the respected medical text \u201cTai Ping Hui Min He Ji Ju Fang,\u201d which was written during the Song Dynasty (960-1279 AD). This text is considered an important work in traditional Chinese medicine and offers comprehensive insights into various healing methods and herbal formulas. The Ba Zhen Tang formula itself is a careful combination of Si Jun Zi Tang and Si Wu Tang, two classical formulas each known for their specific healing properties. This combination creates a synergistic blend that can address both Qi (energy) and Blood deficiencies. Harmonizing these two aspects not only promotes overall well-being, but also increases the body&#8217;s vitality, leading to better health.    <\/p>\n<p>&nbsp;<\/p>\n<p>&nbsp;<\/p>\n<p>&nbsp;<\/p>\n<p>&nbsp;<\/p>\n<p>&nbsp;<\/p>\n","protected":false},"excerpt":{"rendered":"<p><strong>Blood and Qi deficiency&nbsp;<\/strong><\/p>\n<p><strong>&nbsp;<\/strong><\/p>\n<p><strong>&nbsp;<\/strong><\/p>\n<p><strong>&nbsp;<\/strong><\/p>\n<p><strong>&nbsp;<\/strong><\/p>\n<p><strong>&nbsp;<\/strong><\/p>\n<p><strong>&nbsp;<\/strong><\/p>\n<p><strong>&nbsp;<\/strong><\/p>\n","protected":false},"featured_media":1385921,"template":"","meta":{"_acf_changed":false},"product_brand":[],"product_cat":[12152],"product_tag":[12198,12195,12197,12199,12196],"class_list":{"0":"post-3841044","1":"product","2":"type-product","3":"status-publish","4":"has-post-thumbnail","6":"product_cat-master-formulas","7":"product_tag-amenorrhea-en","8":"product_tag-blood-deficiency","9":"product_tag-chong-and-ren-mai-emptiness","10":"product_tag-iron-deficiency","11":"product_tag-state-of-exhaustion","13":"first","14":"instock","15":"taxable","16":"shipping-taxable","17":"purchasable","18":"product-type-simple"},"acf":{"yn_product_audio":"https:\/\/shop.diolosa.com\/wp-content\/uploads\/2022\/10\/DL_BaZehenTang.m4a","yn_product_video":"https:\/\/shop.diolosa.com\/wp-content\/uploads\/2025\/03\/Ba-Zhen-Tang-.mp4","yn_product_akupunktur":"<p>Ren-4 \u95dc\u5143 gu\u0101n yu\u00e1n, Ren-6 \u6c23\u6d77 q\u00ec h\u01cei.<\/p>\n<p>Reinforce\/toning<b> &#8211; Bu Fa<span class=\"Apple-converted-space\"> &#8211; Moxa<\/span><\/b><\/p>\n<p>Bladder\/Blase-20 \u813e\u4fde p\u00ed sh\u016b, Bladder\/Blase-17 \u8188\u4fde g\u00e9 sh\u016b , Bladder\/Blase-17 \u8188\u4fde g\u00e9 sh\u016b ., Bladder\/Blase-18 \u809d\u4fde g\u0101n sh\u016b, Bladder\/Blase-43 \u818f\u8093\u4fde g\u0101o hu\u0101ng sh\u016b.<\/p>\n<p>Reinforce\/toning<b> &#8211; Bu Fa<span class=\"Apple-converted-space\"> <\/span><\/b> <\/p>\n<p>Stomach\/stomach-36 \u8db3\u4e09\u91cc z\u00fa s\u0101n l\u01d0., Spleen\/spleen-6 \u4e09\u9670\u4ea4 s\u0101n y\u012bn ji\u0101o, Kidneys\/kidneys-3 \u592a\u8c3f ta\u00ec x\u012b.<\/p>\n<p>Reinforce\/toning<b> &#8211; Bu Fa<span class=\"Apple-converted-space\"> <\/span><\/b> <\/p>\n<p>\u00a0<\/p>\n<p>\u00a0<\/p>\n","yn_product_verabreichungsart":"Pellets 200 pcs.","yn_product_dosierung":"<p>Take 3 x 3 &#8211; 6 tablets a day with water<\/p>\n<p>\u00a0<\/p>\n","yn_product_combinations":"<p><strong>IRON DROPS (iron deficiency), SEA OF QI (state of exhaustion), Vitality<\/strong><\/p>\n<p><strong>\u00a0<\/strong><\/p>\n","yn_product_avoidable":"<p>All foods that produce cold internal moisture are prohibited during therapy. It is essential to consume warm drinks and eat food that has been cooked or prepared with aromatic spices. You should also not drink while eating, but before or after meals and always warm drinks.  <\/p>\n<p>Leaf lettuce, endive, chicory, artichokes, bean sprouts, tofu, soy milk, rice milk, green tea, black tea, coffee, cappuccino, latte, sugar, dairy products, cow&#8217;s milk, cream cheese, yogurt, exotic fruits, Banana, mango, pear, apple, fruit compote, cake, cookies, chocolate, sugar drinks, Fanta, Coca Cola, energy-refrigerated food, cold and ice-cold drinks, ice cream, frozen food, microwave.<\/p>\n<p>\u00a0<\/p>\n","yn_product_tcm_mindmapping":"<p>Spleen Qi deficiency > Jing and blood deficiency > Tai Yin Qi deficiency > Kidney Jing, liver, heart blood deficiency<\/p>\n<p>\u00a0<\/p>\n","yn_product_tongue_body":"<p>Short, narrow, pale, moist or dry<\/p>\n<p>\u00a0<\/p>\n","yn_product_tongue_coating":"<p>Thin White Moist or dry<\/p>\n<p>\u00a0<\/p>\n","yn_product_pulse_diagnostics":"<p><strong>Duan Mai &#8211; Short pulse, Xi Mai &#8211; Filiform pulse, Xi Mai &#8211; Filiform pulse, Xu Mai &#8211; Empty pulse<\/strong><\/p>\n<p><strong>\u00a0<\/strong><\/p>\n","yn_product_indications":"<p>Iron deficiency, brittle and sparse hair, visual impairment, photosensitivity, fatigue, sleep disturbance, hypotonia, headache, ringing in the ears, numbness of the limbs, amenorrhea, scanty bleeding,<span class=\"Apple-converted-space\">  <\/span>Exhaustion after menses, forgetfulness, state of exhaustion,<\/p>\n<p>hypotension, dizziness, chronic headaches, visual impairment, immunodeficiency, pale face and lips, thin, sparse and brittle hair<span class=\"Apple-converted-space\"> <\/span><\/p>\n<p>\u00a0<\/p>\n","yn_product_contra_indications":"<p>Wetness, mucus, heat and cold<\/p>\n<p>\u00a0<\/p>\n","yn_product_pregnancy":"<p>Allowed<\/p>\n<p>\u00a0<\/p>\n","yn_product_magisterrecipes":"<p>Ren Shen \u4eba\u53c2 (Radix Ginseng) (7.1%)<\/p>\n<p>Shu Di Huang \u719f\u5730\u9ec4 \u719f\u5730 (Radix Rehmanniae Preparata) (17.9%)<\/p>\n<p>Bai Zhu \u767d\u672f (Rhizoma Atractylodis Macrocephalae) (10.7%)<\/p>\n<p>Dang Gui \u5f53\u5f52 (Radix Angelicae Sinensis) (14,3%)<\/p>\n<p>Bai Shao Yao \u767d\u828d (Radix Paeoniae Alba) (14.3%)<\/p>\n<p>Chuan Xiong \u5ddd\u828e (Rhizoma Chuanxiong)<br \/>\n(14.3%)<\/p>\n<p>Bai Fu Ling \u832f\u82d3 (Poria Alba) (14.3%)<\/p>\n<p>Zhi Gan Cao \u7518\u8349 (Radix Glycyrrhizae cum Liquido Fricta) (7.1%)<\/p>\n<p>\u00a0<\/p>\n"},"yoast_head":"<!-- This site is optimized with the Yoast SEO plugin v24.9 - https:\/\/yoast.com\/wordpress\/plugins\/seo\/ -->\n<title>Ba Zhen Tang - Claude Diolosa<\/title>\n<meta name=\"robots\" content=\"index, follow, max-snippet:-1, max-image-preview:large, max-video-preview:-1\" \/>\n<link rel=\"canonical\" href=\"https:\/\/shop.diolosa.com\/en\/product\/ba-zhen-tang\/\" \/>\n<meta property=\"og:locale\" content=\"en_US\" \/>\n<meta property=\"og:type\" content=\"article\" \/>\n<meta property=\"og:title\" content=\"Ba Zhen Tang - Claude Diolosa\" \/>\n<meta property=\"og:description\" content=\"Blood and Qi deficiency&nbsp; &nbsp; &nbsp; &nbsp; &nbsp; &nbsp; &nbsp; &nbsp;\" \/>\n<meta property=\"og:url\" content=\"https:\/\/shop.diolosa.com\/en\/product\/ba-zhen-tang\/\" \/>\n<meta property=\"og:site_name\" content=\"Claude Diolosa\" \/>\n<meta property=\"article:publisher\" content=\"https:\/\/facebook.com\/claudediolosa\" \/>\n<meta property=\"article:modified_time\" content=\"2025-06-01T15:09:02+00:00\" \/>\n<meta property=\"og:image\" content=\"https:\/\/shop.diolosa.com\/wp-content\/uploads\/2022\/08\/magisterformel.jpg\" \/>\n\t<meta property=\"og:image:width\" content=\"800\" \/>\n\t<meta property=\"og:image:height\" content=\"533\" \/>\n\t<meta property=\"og:image:type\" content=\"image\/jpeg\" \/>\n<meta name=\"twitter:card\" content=\"summary_large_image\" \/>\n<meta name=\"twitter:label1\" content=\"Est. reading time\" \/>\n\t<meta name=\"twitter:data1\" content=\"1 minute\" \/>\n<script type=\"application\/ld+json\" class=\"yoast-schema-graph\">{\"@context\":\"https:\/\/schema.org\",\"@graph\":[{\"@type\":\"WebPage\",\"@id\":\"https:\/\/shop.diolosa.com\/en\/product\/ba-zhen-tang\/\",\"url\":\"https:\/\/shop.diolosa.com\/en\/product\/ba-zhen-tang\/\",\"name\":\"Ba Zhen Tang - Claude Diolosa\",\"isPartOf\":{\"@id\":\"https:\/\/shop.diolosa.com\/en\/#website\"},\"primaryImageOfPage\":{\"@id\":\"https:\/\/shop.diolosa.com\/en\/product\/ba-zhen-tang\/#primaryimage\"},\"image\":{\"@id\":\"https:\/\/shop.diolosa.com\/en\/product\/ba-zhen-tang\/#primaryimage\"},\"thumbnailUrl\":\"https:\/\/shop.diolosa.com\/wp-content\/uploads\/2022\/08\/magisterformel.jpg\",\"datePublished\":\"2025-03-10T05:56:27+00:00\",\"dateModified\":\"2025-06-01T15:09:02+00:00\",\"breadcrumb\":{\"@id\":\"https:\/\/shop.diolosa.com\/en\/product\/ba-zhen-tang\/#breadcrumb\"},\"inLanguage\":\"en-US\",\"potentialAction\":[{\"@type\":\"ReadAction\",\"target\":[\"https:\/\/shop.diolosa.com\/en\/product\/ba-zhen-tang\/\"]}]},{\"@type\":\"ImageObject\",\"inLanguage\":\"en-US\",\"@id\":\"https:\/\/shop.diolosa.com\/en\/product\/ba-zhen-tang\/#primaryimage\",\"url\":\"https:\/\/shop.diolosa.com\/wp-content\/uploads\/2022\/08\/magisterformel.jpg\",\"contentUrl\":\"https:\/\/shop.diolosa.com\/wp-content\/uploads\/2022\/08\/magisterformel.jpg\",\"width\":800,\"height\":533},{\"@type\":\"BreadcrumbList\",\"@id\":\"https:\/\/shop.diolosa.com\/en\/product\/ba-zhen-tang\/#breadcrumb\",\"itemListElement\":[{\"@type\":\"ListItem\",\"position\":1,\"name\":\"Startseite\",\"item\":\"https:\/\/shop.diolosa.com\/en\/?page_id=3835693\"},{\"@type\":\"ListItem\",\"position\":2,\"name\":\"Store\",\"item\":\"https:\/\/shop.diolosa.com\/en\/?page_id=3835693\"},{\"@type\":\"ListItem\",\"position\":3,\"name\":\"Ba Zhen Tang\"}]},{\"@type\":\"WebSite\",\"@id\":\"https:\/\/shop.diolosa.com\/en\/#website\",\"url\":\"https:\/\/shop.diolosa.com\/en\/\",\"name\":\"Claude Diolosa\",\"description\":\"\",\"publisher\":{\"@id\":\"https:\/\/shop.diolosa.com\/en\/#organization\"},\"potentialAction\":[{\"@type\":\"SearchAction\",\"target\":{\"@type\":\"EntryPoint\",\"urlTemplate\":\"https:\/\/shop.diolosa.com\/en\/?s={search_term_string}\"},\"query-input\":{\"@type\":\"PropertyValueSpecification\",\"valueRequired\":true,\"valueName\":\"search_term_string\"}}],\"inLanguage\":\"en-US\"},{\"@type\":\"Organization\",\"@id\":\"https:\/\/shop.diolosa.com\/en\/#organization\",\"name\":\"Claude Diolosa\",\"url\":\"https:\/\/shop.diolosa.com\/en\/\",\"logo\":{\"@type\":\"ImageObject\",\"inLanguage\":\"en-US\",\"@id\":\"https:\/\/shop.diolosa.com\/en\/#\/schema\/logo\/image\/\",\"url\":\"https:\/\/shop.diolosa.com\/wp-content\/uploads\/2019\/08\/diolosa-drop-logo-new.png\",\"contentUrl\":\"https:\/\/shop.diolosa.com\/wp-content\/uploads\/2019\/08\/diolosa-drop-logo-new.png\",\"width\":134,\"height\":176,\"caption\":\"Claude Diolosa\"},\"image\":{\"@id\":\"https:\/\/shop.diolosa.com\/en\/#\/schema\/logo\/image\/\"},\"sameAs\":[\"https:\/\/facebook.com\/claudediolosa\",\"https:\/\/www.instagram.com\/diolosaclaude108\/\"]}]}<\/script>\n<!-- \/ Yoast SEO plugin. -->","yoast_head_json":{"title":"Ba Zhen Tang - Claude Diolosa","robots":{"index":"index","follow":"follow","max-snippet":"max-snippet:-1","max-image-preview":"max-image-preview:large","max-video-preview":"max-video-preview:-1"},"canonical":"https:\/\/shop.diolosa.com\/en\/product\/ba-zhen-tang\/","og_locale":"en_US","og_type":"article","og_title":"Ba Zhen Tang - Claude Diolosa","og_description":"Blood and Qi deficiency&nbsp; &nbsp; &nbsp; &nbsp; &nbsp; &nbsp; &nbsp; &nbsp;","og_url":"https:\/\/shop.diolosa.com\/en\/product\/ba-zhen-tang\/","og_site_name":"Claude Diolosa","article_publisher":"https:\/\/facebook.com\/claudediolosa","article_modified_time":"2025-06-01T15:09:02+00:00","og_image":[{"width":800,"height":533,"url":"https:\/\/shop.diolosa.com\/wp-content\/uploads\/2022\/08\/magisterformel.jpg","type":"image\/jpeg"}],"twitter_card":"summary_large_image","twitter_misc":{"Est. reading time":"1 minute"},"schema":{"@context":"https:\/\/schema.org","@graph":[{"@type":"WebPage","@id":"https:\/\/shop.diolosa.com\/en\/product\/ba-zhen-tang\/","url":"https:\/\/shop.diolosa.com\/en\/product\/ba-zhen-tang\/","name":"Ba Zhen Tang - Claude Diolosa","isPartOf":{"@id":"https:\/\/shop.diolosa.com\/en\/#website"},"primaryImageOfPage":{"@id":"https:\/\/shop.diolosa.com\/en\/product\/ba-zhen-tang\/#primaryimage"},"image":{"@id":"https:\/\/shop.diolosa.com\/en\/product\/ba-zhen-tang\/#primaryimage"},"thumbnailUrl":"https:\/\/shop.diolosa.com\/wp-content\/uploads\/2022\/08\/magisterformel.jpg","datePublished":"2025-03-10T05:56:27+00:00","dateModified":"2025-06-01T15:09:02+00:00","breadcrumb":{"@id":"https:\/\/shop.diolosa.com\/en\/product\/ba-zhen-tang\/#breadcrumb"},"inLanguage":"en-US","potentialAction":[{"@type":"ReadAction","target":["https:\/\/shop.diolosa.com\/en\/product\/ba-zhen-tang\/"]}]},{"@type":"ImageObject","inLanguage":"en-US","@id":"https:\/\/shop.diolosa.com\/en\/product\/ba-zhen-tang\/#primaryimage","url":"https:\/\/shop.diolosa.com\/wp-content\/uploads\/2022\/08\/magisterformel.jpg","contentUrl":"https:\/\/shop.diolosa.com\/wp-content\/uploads\/2022\/08\/magisterformel.jpg","width":800,"height":533},{"@type":"BreadcrumbList","@id":"https:\/\/shop.diolosa.com\/en\/product\/ba-zhen-tang\/#breadcrumb","itemListElement":[{"@type":"ListItem","position":1,"name":"Startseite","item":"https:\/\/shop.diolosa.com\/en\/?page_id=3835693"},{"@type":"ListItem","position":2,"name":"Store","item":"https:\/\/shop.diolosa.com\/en\/?page_id=3835693"},{"@type":"ListItem","position":3,"name":"Ba Zhen Tang"}]},{"@type":"WebSite","@id":"https:\/\/shop.diolosa.com\/en\/#website","url":"https:\/\/shop.diolosa.com\/en\/","name":"Claude Diolosa","description":"","publisher":{"@id":"https:\/\/shop.diolosa.com\/en\/#organization"},"potentialAction":[{"@type":"SearchAction","target":{"@type":"EntryPoint","urlTemplate":"https:\/\/shop.diolosa.com\/en\/?s={search_term_string}"},"query-input":{"@type":"PropertyValueSpecification","valueRequired":true,"valueName":"search_term_string"}}],"inLanguage":"en-US"},{"@type":"Organization","@id":"https:\/\/shop.diolosa.com\/en\/#organization","name":"Claude Diolosa","url":"https:\/\/shop.diolosa.com\/en\/","logo":{"@type":"ImageObject","inLanguage":"en-US","@id":"https:\/\/shop.diolosa.com\/en\/#\/schema\/logo\/image\/","url":"https:\/\/shop.diolosa.com\/wp-content\/uploads\/2019\/08\/diolosa-drop-logo-new.png","contentUrl":"https:\/\/shop.diolosa.com\/wp-content\/uploads\/2019\/08\/diolosa-drop-logo-new.png","width":134,"height":176,"caption":"Claude Diolosa"},"image":{"@id":"https:\/\/shop.diolosa.com\/en\/#\/schema\/logo\/image\/"},"sameAs":["https:\/\/facebook.com\/claudediolosa","https:\/\/www.instagram.com\/diolosaclaude108\/"]}]}},"_links":{"self":[{"href":"https:\/\/shop.diolosa.com\/en\/wp-json\/wp\/v2\/product\/3841044","targetHints":{"allow":["GET"]}}],"collection":[{"href":"https:\/\/shop.diolosa.com\/en\/wp-json\/wp\/v2\/product"}],"about":[{"href":"https:\/\/shop.diolosa.com\/en\/wp-json\/wp\/v2\/types\/product"}],"wp:featuredmedia":[{"embeddable":true,"href":"https:\/\/shop.diolosa.com\/en\/wp-json\/wp\/v2\/media\/1385921"}],"wp:attachment":[{"href":"https:\/\/shop.diolosa.com\/en\/wp-json\/wp\/v2\/media?parent=3841044"}],"wp:term":[{"taxonomy":"product_brand","embeddable":true,"href":"https:\/\/shop.diolosa.com\/en\/wp-json\/wp\/v2\/product_brand?post=3841044"},{"taxonomy":"product_cat","embeddable":true,"href":"https:\/\/shop.diolosa.com\/en\/wp-json\/wp\/v2\/product_cat?post=3841044"},{"taxonomy":"product_tag","embeddable":true,"href":"https:\/\/shop.diolosa.com\/en\/wp-json\/wp\/v2\/product_tag?post=3841044"}],"curies":[{"name":"wp","href":"https:\/\/api.w.org\/{rel}","templated":true}]}}