{"id":3841249,"date":"2019-09-04T12:11:28","date_gmt":"2025-03-10T05:57:55","guid":{"rendered":"https:\/\/shop.diolosa.com\/product\/taming-the-bull\/"},"modified":"2025-05-06T14:52:51","modified_gmt":"2025-05-06T13:52:51","slug":"taming-the-bull","status":"publish","type":"product","link":"https:\/\/shop.diolosa.com\/en\/product\/taming-the-bull\/","title":{"rendered":"Taming the Bull"},"content":{"rendered":"<p>TAMING THE BULL is used for the treatment of herpes zoster, especially when Fire toxins predominate. This preparation is thermally cold, penetrates into XUE FEN (JUE YIN) and eliminates encapsulated Damp-Heat and Fire toxins, clears Blood-Heat, resolves Blood stasis and relieves pain. To avoid neurological pain and the spread of the disease, TAMING THE BULL should be taken in high doses in the acute phase.<\/p>\n","protected":false},"excerpt":{"rendered":"<p>TAMING THE BULL is used for the treatment of herpes  [&#8230;]<\/p>\n","protected":false},"featured_media":1385882,"template":"","meta":{"_acf_changed":false},"product_brand":[],"product_cat":[11817,11758],"product_tag":[12349],"class_list":{"0":"post-3841249","1":"product","2":"type-product","3":"status-publish","4":"has-post-thumbnail","6":"product_cat-dermatology-en","7":"product_cat-wen-bing-lun-en","8":"product_tag-herpes-zoster-liver","10":"first","11":"instock","12":"taxable","13":"shipping-taxable","14":"purchasable","15":"product-type-simple"},"acf":{"yn_product_audio":"https:\/\/shop.diolosa.com\/wp-content\/uploads\/2018\/12\/DL_0783.mp3","yn_product_video":"https:\/\/shop.diolosa.com\/wp-content\/uploads\/2024\/11\/Taming-the-Bull-1-1.mp4","yn_product_akupunktur":"<p><strong>Liver Discharge Damp Heat<\/strong><br \/>\ndu mai 10 &#8211; ling tai &#8211; xie fa<br \/>\ndu mai 9 &#8211; zhi yang &#8211; xie fa<br \/>\nliver 3 &#8211; tai chong (shu, yuan) &#8211; xie fa<br \/>\nliver 2 &#8211; xing jian (ying) &#8211; xie fa<br \/>\nspleen 6 \u4e09\u9670\u4ea4 s\u0101n y\u012bn ji\u0101o. sedate &#8211; xie fa<br \/>\nbladder 17 &#8211; ge shu (blood) &#8211; bloody cupping<br \/>\nbladder 18 &#8211; gan shu &#8211; bloody cupping <\/p>\n<p><strong>Gallbladder Discharge damp heat<\/strong><br \/>\ngallbladder 34 &#8211; yang ling quan (he, xia he xue, gui) &#8211; xie fa<br \/>\ngallbladder 41 &#8211; to lin qi (dai mai, shu) &#8211; xie fa<br \/>\ngallbladder-43 \u4fe0\u8c3f xi\u00e1 x\u012b sedate &#8211; xie fa<\/p>\n<p><strong>Stimulate diuresis<\/strong><br \/>\nspleen 9 &#8211; yin ling quan (he) &#8211; xie fa<br \/>\nspleen 6 &#8211; san yin jiao (le,ni,mb) &#8211; xie fa<br \/>\nbladder 39 &#8211; wei yang (xia he xue &#8211; san chiao) &#8211; xie fa<br \/>\nbladder\/bladder-40\u59d4\u4e2d w\u011bi zh\u014dng.sedate &#8211; xie fa<\/p>\n<p><strong>Clear blood heat and toxins<\/strong><br \/>\ncirculation 5 &#8211; jian shi (jing) &#8211; xie fa<br \/>\ncirculation 8 &#8211; lao gong &#8211; gui cu (ying, gui) &#8211; xie fa<br \/>\ncirculation 3 &#8211; qu ze (he) &#8211; bloody cupping<br \/>\nlarge intestine 11 &#8211; qu chi (he &#8211; gui) &#8211; xie fa<br \/>\nLarge Intestine\/\/colon-4 \u5408\u8c37 h\u00e9 g\u01d4. sedate &#8211; xie fa<br \/>\nbladder 17 &#8211; ge shu (blood) &#8211; bloody cupping<br \/>\nbladder 18 &#8211; gan shu &#8211; bloody cupping<br \/>\nLiver\/Liver-2 \u884c\u9593 x\u00edng ji\u0101n. sedate &#8211; xie fa<br \/>\nspleen-10 \u8840\u6d77 xu\u00e8 h\u01cei. sedate &#8211; xie fa<br \/>\nbladder\/bladder-40\u59d4\u4e2d w\u011bi zh\u014dng. sedate &#8211; xie fa    <\/p>\n<p><strong>Neurological pain<\/strong><br \/>\nsan chiao 5 &#8211; wai guan (yang wei mai, luo) &#8211; xie fa<br \/>\nsan chiao 3 &#8211; zhong zhu (shu) &#8211; xie fa<br \/>\ngallbladder 41 &#8211; zu lin qi (dai mai, shu) &#8211; xie fa<br \/>\ngallbladder\/\/gallbladder-24 \u65e5\u6708 r\u00ec yu\u00e8 sedate &#8211; xie fa<br \/>\nLiver-14 \u671f\u9580 q\u00ed m\u00e9n. sedate &#8211; xie fa<br \/>\nbladder 18 &#8211; gan shu &#8211; cupping<br \/>\nbladder 17 &#8211; ge shu (blood) &#8211; cupping<br \/>\nbladder 62 &#8211; shen mai &#8211; gui lu (yang qiao mai) &#8211; xie fa <\/p>\n","yn_product_verabreichungsart":"Pellets 140pcs.","yn_product_dosierung":"<p>3 x 6 to 10 tablets a day, always before meals<\/p>\n","yn_product_combinations":"<p>CLEANSING DAYS TABLETS and TEA (detoxification cure), YELLOW DRAGON (Hepatitis B), HOT STREAM (acute cystitis), HEAVENLY STREAMS (Wet Heat Toxins in Jue Yin), FIVE HERBS(Wet Heat Toxins), FIVE DRAGONS (Luo Mai and pain)<\/p>\n","yn_product_avoidable":"<p>Alcohol, fatty foods, hot and spicy spices, pepper, garlic, leek, onions, chili, vinegar, lamb, seafood, pork, sausage, ham, bacon, margarine<\/p>\n","yn_product_tcm_mindmapping":"<p>Herpes Zoster > Virus = Moist Heat Toxins > Liver Moist Heat Toxins > Blood Moist Heat Toxins > Skin Wetness Heat Toxins<\/p>\n","yn_product_tongue_body":"<p>Swollen, wide and red<\/p>\n","yn_product_tongue_coating":"<p>Yellowish and greasy<\/p>\n","yn_product_pulse_diagnostics":"<p>Liver position: chen mai &#8211; deep, hua mai &#8211; gliding, shuo mai &#8211; fast, shi mai &#8211; full<\/p>\n","yn_product_indications":"<p>Herpes zoster, weeping and painful skin rash, neurological pain<\/p>\n","yn_product_contra_indications":"<p>Yang deficiency and wetness\/mucus cold<\/p>\n","yn_product_pregnancy":"<p>Allowed<\/p>\n","yn_product_herbs":"<p>gentianae scabrae radix &#8211; long dan cao, bupleurum radix &#8211; chai hu, clematidis armandi caulis &#8211; chuan mu tong, scutellariae baicalensis radix &#8211; huang qin, gardeniae jasminoidis fructus &#8211; zhi zi, glycyrrhizae uralensis radix &#8211; gan cao, kochiae fructus &#8211; di fu zi, paeoniae rubrae radix &#8211; chi shao yao, rhemanniae radix &#8211; sheng di huang<\/p>\n","yn_product_magisterrecipes":"<p>Long Dan Xie Gan Tang, Shuang Hua Tu Li Yin, Wu Wei Xiao Du Yin, Er Miao San<\/p>\n"},"yoast_head":"<!-- This site is optimized with the Yoast SEO plugin v24.9 - https:\/\/yoast.com\/wordpress\/plugins\/seo\/ -->\n<title>Taming the Bull - Claude Diolosa<\/title>\n<meta name=\"robots\" content=\"index, follow, max-snippet:-1, max-image-preview:large, max-video-preview:-1\" \/>\n<link rel=\"canonical\" href=\"https:\/\/shop.diolosa.com\/en\/product\/taming-the-bull\/\" \/>\n<meta property=\"og:locale\" content=\"en_US\" \/>\n<meta property=\"og:type\" content=\"article\" \/>\n<meta property=\"og:title\" content=\"Taming the Bull - Claude Diolosa\" \/>\n<meta property=\"og:description\" content=\"TAMING THE BULL is used for the treatment of herpes [...]\" \/>\n<meta property=\"og:url\" content=\"https:\/\/shop.diolosa.com\/en\/product\/taming-the-bull\/\" \/>\n<meta property=\"og:site_name\" content=\"Claude Diolosa\" \/>\n<meta property=\"article:publisher\" content=\"https:\/\/facebook.com\/claudediolosa\" \/>\n<meta property=\"article:modified_time\" content=\"2025-05-06T13:52:51+00:00\" \/>\n<meta property=\"og:image\" content=\"https:\/\/shop.diolosa.com\/wp-content\/uploads\/2019\/09\/Presslinge-140.jpg\" \/>\n\t<meta property=\"og:image:width\" content=\"800\" \/>\n\t<meta property=\"og:image:height\" content=\"533\" \/>\n\t<meta property=\"og:image:type\" content=\"image\/jpeg\" \/>\n<meta name=\"twitter:card\" content=\"summary_large_image\" \/>\n<script type=\"application\/ld+json\" class=\"yoast-schema-graph\">{\"@context\":\"https:\/\/schema.org\",\"@graph\":[{\"@type\":\"WebPage\",\"@id\":\"https:\/\/shop.diolosa.com\/en\/product\/taming-the-bull\/\",\"url\":\"https:\/\/shop.diolosa.com\/en\/product\/taming-the-bull\/\",\"name\":\"Taming the Bull - Claude Diolosa\",\"isPartOf\":{\"@id\":\"https:\/\/shop.diolosa.com\/en\/#website\"},\"primaryImageOfPage\":{\"@id\":\"https:\/\/shop.diolosa.com\/en\/product\/taming-the-bull\/#primaryimage\"},\"image\":{\"@id\":\"https:\/\/shop.diolosa.com\/en\/product\/taming-the-bull\/#primaryimage\"},\"thumbnailUrl\":\"https:\/\/shop.diolosa.com\/wp-content\/uploads\/2019\/09\/Presslinge-140.jpg\",\"datePublished\":\"2025-03-10T05:57:55+00:00\",\"dateModified\":\"2025-05-06T13:52:51+00:00\",\"breadcrumb\":{\"@id\":\"https:\/\/shop.diolosa.com\/en\/product\/taming-the-bull\/#breadcrumb\"},\"inLanguage\":\"en-US\",\"potentialAction\":[{\"@type\":\"ReadAction\",\"target\":[\"https:\/\/shop.diolosa.com\/en\/product\/taming-the-bull\/\"]}]},{\"@type\":\"ImageObject\",\"inLanguage\":\"en-US\",\"@id\":\"https:\/\/shop.diolosa.com\/en\/product\/taming-the-bull\/#primaryimage\",\"url\":\"https:\/\/shop.diolosa.com\/wp-content\/uploads\/2019\/09\/Presslinge-140.jpg\",\"contentUrl\":\"https:\/\/shop.diolosa.com\/wp-content\/uploads\/2019\/09\/Presslinge-140.jpg\",\"width\":800,\"height\":533},{\"@type\":\"BreadcrumbList\",\"@id\":\"https:\/\/shop.diolosa.com\/en\/product\/taming-the-bull\/#breadcrumb\",\"itemListElement\":[{\"@type\":\"ListItem\",\"position\":1,\"name\":\"Startseite\",\"item\":\"https:\/\/shop.diolosa.com\/en\/?page_id=3835693\"},{\"@type\":\"ListItem\",\"position\":2,\"name\":\"Store\",\"item\":\"https:\/\/shop.diolosa.com\/en\/?page_id=3835693\"},{\"@type\":\"ListItem\",\"position\":3,\"name\":\"Taming the Bull\"}]},{\"@type\":\"WebSite\",\"@id\":\"https:\/\/shop.diolosa.com\/en\/#website\",\"url\":\"https:\/\/shop.diolosa.com\/en\/\",\"name\":\"Claude Diolosa\",\"description\":\"\",\"publisher\":{\"@id\":\"https:\/\/shop.diolosa.com\/en\/#organization\"},\"potentialAction\":[{\"@type\":\"SearchAction\",\"target\":{\"@type\":\"EntryPoint\",\"urlTemplate\":\"https:\/\/shop.diolosa.com\/en\/?s={search_term_string}\"},\"query-input\":{\"@type\":\"PropertyValueSpecification\",\"valueRequired\":true,\"valueName\":\"search_term_string\"}}],\"inLanguage\":\"en-US\"},{\"@type\":\"Organization\",\"@id\":\"https:\/\/shop.diolosa.com\/en\/#organization\",\"name\":\"Claude Diolosa\",\"url\":\"https:\/\/shop.diolosa.com\/en\/\",\"logo\":{\"@type\":\"ImageObject\",\"inLanguage\":\"en-US\",\"@id\":\"https:\/\/shop.diolosa.com\/en\/#\/schema\/logo\/image\/\",\"url\":\"https:\/\/shop.diolosa.com\/wp-content\/uploads\/2019\/08\/diolosa-drop-logo-new.png\",\"contentUrl\":\"https:\/\/shop.diolosa.com\/wp-content\/uploads\/2019\/08\/diolosa-drop-logo-new.png\",\"width\":134,\"height\":176,\"caption\":\"Claude Diolosa\"},\"image\":{\"@id\":\"https:\/\/shop.diolosa.com\/en\/#\/schema\/logo\/image\/\"},\"sameAs\":[\"https:\/\/facebook.com\/claudediolosa\",\"https:\/\/www.instagram.com\/diolosaclaude108\/\"]}]}<\/script>\n<!-- \/ Yoast SEO plugin. -->","yoast_head_json":{"title":"Taming the Bull - Claude Diolosa","robots":{"index":"index","follow":"follow","max-snippet":"max-snippet:-1","max-image-preview":"max-image-preview:large","max-video-preview":"max-video-preview:-1"},"canonical":"https:\/\/shop.diolosa.com\/en\/product\/taming-the-bull\/","og_locale":"en_US","og_type":"article","og_title":"Taming the Bull - Claude Diolosa","og_description":"TAMING THE BULL is used for the treatment of herpes [...]","og_url":"https:\/\/shop.diolosa.com\/en\/product\/taming-the-bull\/","og_site_name":"Claude Diolosa","article_publisher":"https:\/\/facebook.com\/claudediolosa","article_modified_time":"2025-05-06T13:52:51+00:00","og_image":[{"width":800,"height":533,"url":"https:\/\/shop.diolosa.com\/wp-content\/uploads\/2019\/09\/Presslinge-140.jpg","type":"image\/jpeg"}],"twitter_card":"summary_large_image","schema":{"@context":"https:\/\/schema.org","@graph":[{"@type":"WebPage","@id":"https:\/\/shop.diolosa.com\/en\/product\/taming-the-bull\/","url":"https:\/\/shop.diolosa.com\/en\/product\/taming-the-bull\/","name":"Taming the Bull - Claude Diolosa","isPartOf":{"@id":"https:\/\/shop.diolosa.com\/en\/#website"},"primaryImageOfPage":{"@id":"https:\/\/shop.diolosa.com\/en\/product\/taming-the-bull\/#primaryimage"},"image":{"@id":"https:\/\/shop.diolosa.com\/en\/product\/taming-the-bull\/#primaryimage"},"thumbnailUrl":"https:\/\/shop.diolosa.com\/wp-content\/uploads\/2019\/09\/Presslinge-140.jpg","datePublished":"2025-03-10T05:57:55+00:00","dateModified":"2025-05-06T13:52:51+00:00","breadcrumb":{"@id":"https:\/\/shop.diolosa.com\/en\/product\/taming-the-bull\/#breadcrumb"},"inLanguage":"en-US","potentialAction":[{"@type":"ReadAction","target":["https:\/\/shop.diolosa.com\/en\/product\/taming-the-bull\/"]}]},{"@type":"ImageObject","inLanguage":"en-US","@id":"https:\/\/shop.diolosa.com\/en\/product\/taming-the-bull\/#primaryimage","url":"https:\/\/shop.diolosa.com\/wp-content\/uploads\/2019\/09\/Presslinge-140.jpg","contentUrl":"https:\/\/shop.diolosa.com\/wp-content\/uploads\/2019\/09\/Presslinge-140.jpg","width":800,"height":533},{"@type":"BreadcrumbList","@id":"https:\/\/shop.diolosa.com\/en\/product\/taming-the-bull\/#breadcrumb","itemListElement":[{"@type":"ListItem","position":1,"name":"Startseite","item":"https:\/\/shop.diolosa.com\/en\/?page_id=3835693"},{"@type":"ListItem","position":2,"name":"Store","item":"https:\/\/shop.diolosa.com\/en\/?page_id=3835693"},{"@type":"ListItem","position":3,"name":"Taming the Bull"}]},{"@type":"WebSite","@id":"https:\/\/shop.diolosa.com\/en\/#website","url":"https:\/\/shop.diolosa.com\/en\/","name":"Claude Diolosa","description":"","publisher":{"@id":"https:\/\/shop.diolosa.com\/en\/#organization"},"potentialAction":[{"@type":"SearchAction","target":{"@type":"EntryPoint","urlTemplate":"https:\/\/shop.diolosa.com\/en\/?s={search_term_string}"},"query-input":{"@type":"PropertyValueSpecification","valueRequired":true,"valueName":"search_term_string"}}],"inLanguage":"en-US"},{"@type":"Organization","@id":"https:\/\/shop.diolosa.com\/en\/#organization","name":"Claude Diolosa","url":"https:\/\/shop.diolosa.com\/en\/","logo":{"@type":"ImageObject","inLanguage":"en-US","@id":"https:\/\/shop.diolosa.com\/en\/#\/schema\/logo\/image\/","url":"https:\/\/shop.diolosa.com\/wp-content\/uploads\/2019\/08\/diolosa-drop-logo-new.png","contentUrl":"https:\/\/shop.diolosa.com\/wp-content\/uploads\/2019\/08\/diolosa-drop-logo-new.png","width":134,"height":176,"caption":"Claude Diolosa"},"image":{"@id":"https:\/\/shop.diolosa.com\/en\/#\/schema\/logo\/image\/"},"sameAs":["https:\/\/facebook.com\/claudediolosa","https:\/\/www.instagram.com\/diolosaclaude108\/"]}]}},"_links":{"self":[{"href":"https:\/\/shop.diolosa.com\/en\/wp-json\/wp\/v2\/product\/3841249","targetHints":{"allow":["GET"]}}],"collection":[{"href":"https:\/\/shop.diolosa.com\/en\/wp-json\/wp\/v2\/product"}],"about":[{"href":"https:\/\/shop.diolosa.com\/en\/wp-json\/wp\/v2\/types\/product"}],"wp:featuredmedia":[{"embeddable":true,"href":"https:\/\/shop.diolosa.com\/en\/wp-json\/wp\/v2\/media\/1385882"}],"wp:attachment":[{"href":"https:\/\/shop.diolosa.com\/en\/wp-json\/wp\/v2\/media?parent=3841249"}],"wp:term":[{"taxonomy":"product_brand","embeddable":true,"href":"https:\/\/shop.diolosa.com\/en\/wp-json\/wp\/v2\/product_brand?post=3841249"},{"taxonomy":"product_cat","embeddable":true,"href":"https:\/\/shop.diolosa.com\/en\/wp-json\/wp\/v2\/product_cat?post=3841249"},{"taxonomy":"product_tag","embeddable":true,"href":"https:\/\/shop.diolosa.com\/en\/wp-json\/wp\/v2\/product_tag?post=3841249"}],"curies":[{"name":"wp","href":"https:\/\/api.w.org\/{rel}","templated":true}]}}