{"id":3841407,"date":"2025-02-05T10:28:59","date_gmt":"2025-03-10T05:59:05","guid":{"rendered":"https:\/\/shop.diolosa.com\/product\/song-of-freedom\/"},"modified":"2025-04-24T20:09:08","modified_gmt":"2025-04-24T19:09:08","slug":"song-of-freedom","status":"publish","type":"product","link":"https:\/\/shop.diolosa.com\/en\/product\/song-of-freedom\/","title":{"rendered":"Song of Freedom"},"content":{"rendered":"<p>SONG OF FREEDOM is designed to treat tinnitus caused by the side effects of Covid vaccination and Covid itself.<\/p>\n<p>This formula eliminates dampness and phlegm, opens the LUO MAI, clears blood stasis, clears the mind and calms the internal winds, which is an important formula to open the shao-yang and release the mo-yuan.<\/p>\n<p>&nbsp;<\/p>\n<p>&nbsp;<\/p>\n<p>&nbsp;<\/p>\n","protected":false},"excerpt":{"rendered":"<p>&nbsp;<\/p>\n<p>&nbsp;<\/p>\n<p>&nbsp;<\/p>\n<p>&nbsp;<\/p>\n","protected":false},"featured_media":1385882,"template":"","meta":{"_acf_changed":false},"product_brand":[],"product_cat":[11865],"product_tag":[12480,12185,12481,12482,12479,12483],"class_list":{"0":"post-3841407","1":"product","2":"type-product","3":"status-publish","4":"has-post-thumbnail","6":"product_cat-ent","7":"product_tag-brainwaves","8":"product_tag-covid-en","9":"product_tag-nao-ming-en","10":"product_tag-ringing-in-the-ears","11":"product_tag-tinnitus-en","12":"product_tag-vaccination","14":"first","15":"instock","16":"taxable","17":"shipping-taxable","18":"purchasable","19":"product-type-simple"},"acf":{"yn_product_audio":"https:\/\/shop.diolosa.com\/wp-content\/uploads\/2025\/02\/Song-of-FReedom.m4a","yn_product_video":"https:\/\/shop.diolosa.com\/wp-content\/uploads\/2025\/01\/Song-of-FReedom-.mp4","yn_product_akupunktur":"<p><span style=\"color: #000000; font-family: Georgia; font-size: large;\"><strong>Open Shao Yang : sedate &#8211; xie fa <\/strong><\/p>\n<p>San Jiao\/San Chiao 3 <\/span><span style=\"color: #000000; font-family: Songti SC; font-size: large;\">\u4e2d\u6e1a<\/span><span style=\"color: #000000; font-family: Georgia; font-size: large;\">  zh\u014dng zh\u01d4. sedate &#8211; xie fa<br \/>\nSan Jiao \/San Chiao 2 \u6db2\u9580 YeMen . sedate &#8211; xie fa<br \/>\nSan Jiao\/San Chiao-5 \u5916\u95dc w\u00e0i gu\u0101n (yang wei mai, luo) sedate &#8211; xie fa<br \/>\nGallbladder\/Gallbladder-41 \u8db3\u81e8\u6ce3 z\u00fa l\u00edn q\u00ec (dai mai, shu)    <\/span><span style=\"color: #000000; font-family: Georgia; font-size: large;\">. sedate &#8211; xie fa<br \/>\nGallbladder\/gallbladder-37 \u5149\u660e gu\u0101ng m\u00edng. sedate &#8211; xie fa<br \/>\nGallbladder\/gallbladder-34 \u967d\u9675\u6cc9 y\u00e1ng l\u00edng qu\u00e1n. sedate &#8211; xie fa<br \/>\nGallbladder\/gallbladder-40\u4e18\u589f qi\u016b x\u016b. sedate &#8211; xie fa<br \/>\nStomach\/Magen-25 \u5929\u6a1e ti\u0101n sh\u016b- sedate &#8211; xie fa<br \/>\nStomach\/Magen-40 \u8c50\u9686 f\u0113ng l\u00f3ng. sedate &#8211; xie fa<br \/>\nSmall Intestine\/\/Small Intestine-3 \u5f8c\u8c3fh\u00f2u xi. sedate &#8211; xie fa<br \/>\nBladder\/Bladder-62 \u7533\u8108 sh\u0113n m\u00e0i &#8211; Gui Lu \u9b3c\u8def &#8211; Ghost Road &#8211; sedate &#8211; xie fa    <\/p>\n<p><strong>Head acupuncture<\/strong><\/p>\n<p>EX-HN-1 &#8211; \u56db\u795e\u806a &#8211; si shen cong .sedate &#8211; xie fa<br \/>\nEX-HN3 &#8211; \u5370\u5802 Yin Tang sedate &#8211; xie fa<br \/>\nSmall Intestine\/small intestine\/small intestine-19\u807d\u5bae t\u012bng g\u014dng. sedate &#8211; xie fa<br \/>\nSan Jiao\/San Chiao-17 \u7ff3\u98a8 y\u00ec f\u0113ng. sedate &#8211; xie fa<br \/>\nDu Mai -23 \u4e0a\u661f sh\u00e0ng x\u012bng &#8211; Gui Tang \u9b3c\u5802 &#8211; Ghost Hall &#8211; Du 23. sedate &#8211; xie fa<br \/>\nDu Mai -24 \u795e\u5ead sh\u00e9n t\u00edng. sedate &#8211; xie fa<br \/>\nGallbladder\/Gallenbladder-19 \u8166\u7a7a n\u01ceo k\u014dng. sedate &#8211; xie fa<br \/>\nDu-17 \u8166\u6236 n\u01ceo h\u00f9. sedate &#8211; xie fa     <\/p>\n<p>Kidneys\/kidneys-7 \u5fa9\u6e9c f\u00f9 li\u016b. tonify &#8211; bu fa<br \/>\nKidneys\/kidneys-3 \u592a\u8c3f ta\u00ec x\u012b. tonify &#8211; bu fa    <\/span><\/p>\n","yn_product_verabreichungsart":"Pellets 140pcs.","yn_product_dosierung":"<p>10 tablets 3 times a day before meals<\/p>\n","yn_product_combinations":"<p>FREEDOM (Covid)<\/p>\n<p>REMOVING THE CLOUDS (Shi Wen)<\/p>\n<p>BREAKING THROUGH (thrombosis)<\/p>\n<p>DIAMONS SHIELD (thrombosis &#8211; vaccination-related)<\/p>\n<p>NIRIPSA (circulatory disorder, pain)<\/p>\n","yn_product_avoidable":"<p>all foods that are difficult to digest, especially garlic, onions, sugar, dairy products, wheat, bread, pasta, pizza, sugary drinks<\/p>\n","yn_product_tcm_mindmapping":"<p>Wen Bing Xue (Heat Disease) > Mo Yuan > Wetness\/Mucus > Qi and Blood Stasis > NO MING and ER MING<\/p>\n","yn_product_tongue_body":"<p>thick and broad tongue, sometimes with teeth marks, spotty<\/p>\n","yn_product_tongue_coating":"<p>MO YUAN: coating of the tongue: powdery, or thick, greasy and white<\/p>\n","yn_product_pulse_diagnostics":"<p>HUA MAI &#8211; gliding, rolling pulse<\/p>\n<p>DA MAI &#8211; broad pulse<\/p>\n<p>SHI MAI &#8211; Fullness Pulse<\/p>\n<p>SHUO MAI &#8211; fast pulse<\/p>\n<p>SE MAI &#8211; hesitant, rough pulse<\/p>\n<p>XIAN MAI &#8211; string-like pulse<\/p>\n<p>FU MAI &#8211; superficial pulse<\/p>\n<p>WEI MAI &#8211; threadbare pulse<\/p>\n<p>XI MAI &#8211; thin pulse<\/p>\n<p>SE MAI &#8211; hesitant, rough pulse<\/p>\n","yn_product_indications":"<p>Late effects of Weng Bin Xue (heat illnesses) such as Covid and Covid vaccinations, tinnitus, headaches (NAO MING), helmet-like headaches, dizziness, nausea, poor appetite, sluggishness, exhaustion, cognitive disorders, oliguria, mushy stools, brain tumor (ZHONG LIU)<\/p>\n","yn_product_contra_indications":"<p>Yin Mangl, empty heat, wind cold PE<\/p>\n","yn_product_pregnancy":"<p>Allowed<\/p>\n","yn_product_magisterrecipes":"<p>Da Yuan Yin, Huo Xiang Zheng Qi San, San Ren Tang, xue Kai Da Mo Yuan Yin, Chai Hu Da Yuan Yin, Lei Shi Fang Xiang Hua Zhuo Fa, Lei Shi Qing Liang Di Shu Fa, Lei Shi Xuan Tou Mo Yuan Fa, Tou Shi Zhuan Qi Tang, Hao Qin Qing Dan Tang<\/p>\n"},"yoast_head":"<!-- This site is optimized with the Yoast SEO plugin v24.9 - https:\/\/yoast.com\/wordpress\/plugins\/seo\/ -->\n<title>Song of Freedom - Claude Diolosa<\/title>\n<meta name=\"robots\" content=\"index, follow, max-snippet:-1, max-image-preview:large, max-video-preview:-1\" \/>\n<link rel=\"canonical\" href=\"https:\/\/shop.diolosa.com\/en\/product\/song-of-freedom\/\" \/>\n<meta property=\"og:locale\" content=\"en_US\" \/>\n<meta property=\"og:type\" content=\"article\" \/>\n<meta property=\"og:title\" content=\"Song of Freedom - Claude Diolosa\" \/>\n<meta property=\"og:description\" content=\"&nbsp; &nbsp; &nbsp; &nbsp;\" \/>\n<meta property=\"og:url\" content=\"https:\/\/shop.diolosa.com\/en\/product\/song-of-freedom\/\" \/>\n<meta property=\"og:site_name\" content=\"Claude Diolosa\" \/>\n<meta property=\"article:publisher\" content=\"https:\/\/facebook.com\/claudediolosa\" \/>\n<meta property=\"article:modified_time\" content=\"2025-04-24T19:09:08+00:00\" \/>\n<meta property=\"og:image\" content=\"https:\/\/shop.diolosa.com\/wp-content\/uploads\/2019\/09\/Presslinge-140.jpg\" \/>\n\t<meta property=\"og:image:width\" content=\"800\" \/>\n\t<meta property=\"og:image:height\" content=\"533\" \/>\n\t<meta property=\"og:image:type\" content=\"image\/jpeg\" \/>\n<meta name=\"twitter:card\" content=\"summary_large_image\" \/>\n<script type=\"application\/ld+json\" class=\"yoast-schema-graph\">{\"@context\":\"https:\/\/schema.org\",\"@graph\":[{\"@type\":\"WebPage\",\"@id\":\"https:\/\/shop.diolosa.com\/en\/product\/song-of-freedom\/\",\"url\":\"https:\/\/shop.diolosa.com\/en\/product\/song-of-freedom\/\",\"name\":\"Song of Freedom - Claude Diolosa\",\"isPartOf\":{\"@id\":\"https:\/\/shop.diolosa.com\/en\/#website\"},\"primaryImageOfPage\":{\"@id\":\"https:\/\/shop.diolosa.com\/en\/product\/song-of-freedom\/#primaryimage\"},\"image\":{\"@id\":\"https:\/\/shop.diolosa.com\/en\/product\/song-of-freedom\/#primaryimage\"},\"thumbnailUrl\":\"https:\/\/shop.diolosa.com\/wp-content\/uploads\/2019\/09\/Presslinge-140.jpg\",\"datePublished\":\"2025-03-10T05:59:05+00:00\",\"dateModified\":\"2025-04-24T19:09:08+00:00\",\"breadcrumb\":{\"@id\":\"https:\/\/shop.diolosa.com\/en\/product\/song-of-freedom\/#breadcrumb\"},\"inLanguage\":\"en-US\",\"potentialAction\":[{\"@type\":\"ReadAction\",\"target\":[\"https:\/\/shop.diolosa.com\/en\/product\/song-of-freedom\/\"]}]},{\"@type\":\"ImageObject\",\"inLanguage\":\"en-US\",\"@id\":\"https:\/\/shop.diolosa.com\/en\/product\/song-of-freedom\/#primaryimage\",\"url\":\"https:\/\/shop.diolosa.com\/wp-content\/uploads\/2019\/09\/Presslinge-140.jpg\",\"contentUrl\":\"https:\/\/shop.diolosa.com\/wp-content\/uploads\/2019\/09\/Presslinge-140.jpg\",\"width\":800,\"height\":533},{\"@type\":\"BreadcrumbList\",\"@id\":\"https:\/\/shop.diolosa.com\/en\/product\/song-of-freedom\/#breadcrumb\",\"itemListElement\":[{\"@type\":\"ListItem\",\"position\":1,\"name\":\"Startseite\",\"item\":\"https:\/\/shop.diolosa.com\/en\/?page_id=3835693\"},{\"@type\":\"ListItem\",\"position\":2,\"name\":\"Store\",\"item\":\"https:\/\/shop.diolosa.com\/en\/?page_id=3835693\"},{\"@type\":\"ListItem\",\"position\":3,\"name\":\"Song of Freedom\"}]},{\"@type\":\"WebSite\",\"@id\":\"https:\/\/shop.diolosa.com\/en\/#website\",\"url\":\"https:\/\/shop.diolosa.com\/en\/\",\"name\":\"Claude Diolosa\",\"description\":\"\",\"publisher\":{\"@id\":\"https:\/\/shop.diolosa.com\/en\/#organization\"},\"potentialAction\":[{\"@type\":\"SearchAction\",\"target\":{\"@type\":\"EntryPoint\",\"urlTemplate\":\"https:\/\/shop.diolosa.com\/en\/?s={search_term_string}\"},\"query-input\":{\"@type\":\"PropertyValueSpecification\",\"valueRequired\":true,\"valueName\":\"search_term_string\"}}],\"inLanguage\":\"en-US\"},{\"@type\":\"Organization\",\"@id\":\"https:\/\/shop.diolosa.com\/en\/#organization\",\"name\":\"Claude Diolosa\",\"url\":\"https:\/\/shop.diolosa.com\/en\/\",\"logo\":{\"@type\":\"ImageObject\",\"inLanguage\":\"en-US\",\"@id\":\"https:\/\/shop.diolosa.com\/en\/#\/schema\/logo\/image\/\",\"url\":\"https:\/\/shop.diolosa.com\/wp-content\/uploads\/2019\/08\/diolosa-drop-logo-new.png\",\"contentUrl\":\"https:\/\/shop.diolosa.com\/wp-content\/uploads\/2019\/08\/diolosa-drop-logo-new.png\",\"width\":134,\"height\":176,\"caption\":\"Claude Diolosa\"},\"image\":{\"@id\":\"https:\/\/shop.diolosa.com\/en\/#\/schema\/logo\/image\/\"},\"sameAs\":[\"https:\/\/facebook.com\/claudediolosa\",\"https:\/\/www.instagram.com\/diolosaclaude108\/\"]}]}<\/script>\n<!-- \/ Yoast SEO plugin. -->","yoast_head_json":{"title":"Song of Freedom - Claude Diolosa","robots":{"index":"index","follow":"follow","max-snippet":"max-snippet:-1","max-image-preview":"max-image-preview:large","max-video-preview":"max-video-preview:-1"},"canonical":"https:\/\/shop.diolosa.com\/en\/product\/song-of-freedom\/","og_locale":"en_US","og_type":"article","og_title":"Song of Freedom - Claude Diolosa","og_description":"&nbsp; &nbsp; &nbsp; &nbsp;","og_url":"https:\/\/shop.diolosa.com\/en\/product\/song-of-freedom\/","og_site_name":"Claude Diolosa","article_publisher":"https:\/\/facebook.com\/claudediolosa","article_modified_time":"2025-04-24T19:09:08+00:00","og_image":[{"width":800,"height":533,"url":"https:\/\/shop.diolosa.com\/wp-content\/uploads\/2019\/09\/Presslinge-140.jpg","type":"image\/jpeg"}],"twitter_card":"summary_large_image","schema":{"@context":"https:\/\/schema.org","@graph":[{"@type":"WebPage","@id":"https:\/\/shop.diolosa.com\/en\/product\/song-of-freedom\/","url":"https:\/\/shop.diolosa.com\/en\/product\/song-of-freedom\/","name":"Song of Freedom - Claude Diolosa","isPartOf":{"@id":"https:\/\/shop.diolosa.com\/en\/#website"},"primaryImageOfPage":{"@id":"https:\/\/shop.diolosa.com\/en\/product\/song-of-freedom\/#primaryimage"},"image":{"@id":"https:\/\/shop.diolosa.com\/en\/product\/song-of-freedom\/#primaryimage"},"thumbnailUrl":"https:\/\/shop.diolosa.com\/wp-content\/uploads\/2019\/09\/Presslinge-140.jpg","datePublished":"2025-03-10T05:59:05+00:00","dateModified":"2025-04-24T19:09:08+00:00","breadcrumb":{"@id":"https:\/\/shop.diolosa.com\/en\/product\/song-of-freedom\/#breadcrumb"},"inLanguage":"en-US","potentialAction":[{"@type":"ReadAction","target":["https:\/\/shop.diolosa.com\/en\/product\/song-of-freedom\/"]}]},{"@type":"ImageObject","inLanguage":"en-US","@id":"https:\/\/shop.diolosa.com\/en\/product\/song-of-freedom\/#primaryimage","url":"https:\/\/shop.diolosa.com\/wp-content\/uploads\/2019\/09\/Presslinge-140.jpg","contentUrl":"https:\/\/shop.diolosa.com\/wp-content\/uploads\/2019\/09\/Presslinge-140.jpg","width":800,"height":533},{"@type":"BreadcrumbList","@id":"https:\/\/shop.diolosa.com\/en\/product\/song-of-freedom\/#breadcrumb","itemListElement":[{"@type":"ListItem","position":1,"name":"Startseite","item":"https:\/\/shop.diolosa.com\/en\/?page_id=3835693"},{"@type":"ListItem","position":2,"name":"Store","item":"https:\/\/shop.diolosa.com\/en\/?page_id=3835693"},{"@type":"ListItem","position":3,"name":"Song of Freedom"}]},{"@type":"WebSite","@id":"https:\/\/shop.diolosa.com\/en\/#website","url":"https:\/\/shop.diolosa.com\/en\/","name":"Claude Diolosa","description":"","publisher":{"@id":"https:\/\/shop.diolosa.com\/en\/#organization"},"potentialAction":[{"@type":"SearchAction","target":{"@type":"EntryPoint","urlTemplate":"https:\/\/shop.diolosa.com\/en\/?s={search_term_string}"},"query-input":{"@type":"PropertyValueSpecification","valueRequired":true,"valueName":"search_term_string"}}],"inLanguage":"en-US"},{"@type":"Organization","@id":"https:\/\/shop.diolosa.com\/en\/#organization","name":"Claude Diolosa","url":"https:\/\/shop.diolosa.com\/en\/","logo":{"@type":"ImageObject","inLanguage":"en-US","@id":"https:\/\/shop.diolosa.com\/en\/#\/schema\/logo\/image\/","url":"https:\/\/shop.diolosa.com\/wp-content\/uploads\/2019\/08\/diolosa-drop-logo-new.png","contentUrl":"https:\/\/shop.diolosa.com\/wp-content\/uploads\/2019\/08\/diolosa-drop-logo-new.png","width":134,"height":176,"caption":"Claude Diolosa"},"image":{"@id":"https:\/\/shop.diolosa.com\/en\/#\/schema\/logo\/image\/"},"sameAs":["https:\/\/facebook.com\/claudediolosa","https:\/\/www.instagram.com\/diolosaclaude108\/"]}]}},"_links":{"self":[{"href":"https:\/\/shop.diolosa.com\/en\/wp-json\/wp\/v2\/product\/3841407","targetHints":{"allow":["GET"]}}],"collection":[{"href":"https:\/\/shop.diolosa.com\/en\/wp-json\/wp\/v2\/product"}],"about":[{"href":"https:\/\/shop.diolosa.com\/en\/wp-json\/wp\/v2\/types\/product"}],"wp:featuredmedia":[{"embeddable":true,"href":"https:\/\/shop.diolosa.com\/en\/wp-json\/wp\/v2\/media\/1385882"}],"wp:attachment":[{"href":"https:\/\/shop.diolosa.com\/en\/wp-json\/wp\/v2\/media?parent=3841407"}],"wp:term":[{"taxonomy":"product_brand","embeddable":true,"href":"https:\/\/shop.diolosa.com\/en\/wp-json\/wp\/v2\/product_brand?post=3841407"},{"taxonomy":"product_cat","embeddable":true,"href":"https:\/\/shop.diolosa.com\/en\/wp-json\/wp\/v2\/product_cat?post=3841407"},{"taxonomy":"product_tag","embeddable":true,"href":"https:\/\/shop.diolosa.com\/en\/wp-json\/wp\/v2\/product_tag?post=3841407"}],"curies":[{"name":"wp","href":"https:\/\/api.w.org\/{rel}","templated":true}]}}