{"id":3841453,"date":"2023-11-15T08:13:15","date_gmt":"2025-03-10T05:59:10","guid":{"rendered":"https:\/\/shop.diolosa.com\/product\/holy-mountains-protection\/"},"modified":"2025-04-24T20:22:33","modified_gmt":"2025-04-24T19:22:33","slug":"holy-mountains-protection","status":"publish","type":"product","link":"https:\/\/shop.diolosa.com\/en\/product\/holy-mountains-protection\/","title":{"rendered":"Holy Mountains PROTECTION"},"content":{"rendered":"<p><strong>HOLY MOUNTAINS PROTECTION<\/strong> prevents blood stasis and viscous mucus accumulation, hardening, lumps and accumulation of toxins in the breasts. It is recommended that this treatment be carried out annually from the age of 35 (5&#215;7). <strong>HOLY MOUNTAINS PROTECTION<\/strong> is used as a preventive measure against serious diseases of the breast and lymphatic system. <\/p>\n<p>&nbsp;<\/p>\n","protected":false},"excerpt":{"rendered":"<p>&nbsp;<\/p>\n<p>&nbsp;<\/p>\n","protected":false},"featured_media":1385882,"template":"","meta":{"_acf_changed":false},"product_brand":[],"product_cat":[12037,12244],"product_tag":[12490],"class_list":{"0":"post-3841453","1":"product","2":"type-product","3":"status-publish","4":"has-post-thumbnail","6":"product_cat-life-extension","7":"product_cat-prophylactic","8":"product_tag-breast-prophylaxis-zhong-liu","10":"first","11":"instock","12":"taxable","13":"shipping-taxable","14":"purchasable","15":"product-type-simple"},"acf":{"yn_product_akupunktur":"<p>Reduce fever<br \/>\nDu Mai &#8211; 14 \u2f24\u690ed\u00e0 zhu\u012b<br \/>\nStomach &#8211; 44\u5185\u5eadn\u00e8i t\u00edng<br \/>\nBladder -13 \u80ba\u4fde f\u00e8i sh\u016b<br \/>\nBladder -12 \u2fb5\u2fa8 f\u0113ng m\u00e9n<br \/>\nSan Jiao-5 \u5916\u95dcw\u00e0i gu\u0101n (yang wei mai, luo)<\/p>\n<p>Wind Expel heat and toxins<br \/>\nLarge intestine-4\u5408\u2f95h\u00e9 g\u01d4<br \/>\nLarge intestine-11 \u66f2\u6c60 q\u016b ch\u00ed<br \/>\nLarge intestine 20 \u8fce\u2fb9 y\u00edng xi\u0101ng<\/p>\n<p>Lower Lung Qi &#8211; Expectorate and move blood<br \/>\nLung-6 \u5b54\u6700k\u01d2ng zu\u00ec<br \/>\nCirculation-6 \u5167\u95dcn\u00e8i gu\u0101n<br \/>\nCirculation-5 \u9593\u4f7fji\u0101n sh\u01d0<br \/>\nStomach-40 \u8c50\u9686f\u0113ng l\u00f3ng<br \/>\nLung-5 \u5c3a\u6fa4 ch\u01d0 z\u00e9<br \/>\nLung-9 \u592a\u6df5 t\u00e0i yu\u0101n<br \/>\nRen Mai-17 \u81bb\u4e2d sh\u0101n zh\u014dng<br \/>\nMagen-36 \u2f9c\u4e09\u2fa5 z\u00fa s\u0101n l\u01d0<br \/>\nShen calm and clear<br \/>\nEX-HN-1 -\u56db\u795e\u806a Si Shen Cong<br \/>\nM-HN-3 \u5370\u5802 y\u00ecn t\u00e1ng<\/p>\n<p>Stimulate intestinal transit and reduce fever<br \/>\nSan Chiao-6 \u2f40\u6e9d zh\u012b g\u014du<br \/>\nStomach-25 \u5929\u6a1eti\u0101n sh\u016b<br \/>\nStomach-37 \u4e0a\u5de8\u865b sh\u00e0ng j\u00f9 x\u016b<\/p>\n<p>Headache<br \/>\nBladder-40 \u59d4\u4e2d w\u011bi zh\u014dng &#8211; xie fa &#8211; bleed &#8211; Jing Bie<br \/>\nBladder-65 \u675f\u2ee3 sh\u00f9 g\u01d4 &#8211; xie fa<br \/>\nBladder-10 \u5929\u67f1 ti\u0101n zh\u00f9 &#8211; xie fa<br \/>\nGallbladder -20 \u2fb5\u6c60 f\u0113ng ch\u00ed &#8211; xie fa<br \/>\nGallbladder -19 \u8166\u7a7a n\u01ceo k\u014dng &#8211; xie fa<br \/>\nDu Mai -17 \u8166\u2f3en\u01ceo h\u00f9 &#8211; xie fa<br \/>\nKidneys -3 \u592a\u8c3f ta\u00ec x\u012b &#8211; bu fa<br \/>\nKidneys-10 \u9670\u2f95 y\u012bn g\u01d4 &#8211; bu fa<\/p>\n","yn_product_verabreichungsart":"Pellets 140pcs.","yn_product_dosierung":"<p>Once a year in spring: 3 times 4 tablets per day for 12 days &#8211; always before each meal &#8211; together with <strong>HEAVEN&#8217;S PROTECTION <\/strong> <\/p>\n","yn_product_combinations":"<p><b>HEAVEN&#8217;S PROTECTION<\/b> (prophylactic treatment of ZHONG LIU) may also be taken.<span class=\"apple-converted-space\"> <\/span><\/p>\n<p><b>TREE OF LIFE<\/b> (mastitis), <b>LADY&#8217;S RELIEF <\/b>(mastopathy), <strong>KNOTTY PATH<\/strong> (firbroadenoma), <b>EASY FLOW HOT and COLD<\/b> (dysmenorrhea), <b>HAPPY DAYS<\/b> (depression), <b>RELAXING DAYS TEA<\/b> (stress), <b>NO WORRY<\/b> (stress), <b>BRIGHT FUTURE<\/b> (depression),<b> FIVE SHELLS<\/b> (indurations), <b>CELESTIAL PIVOT<\/b> (indurations and lumps)<span class=\"apple-converted-space\"> <\/span><\/p>\n","yn_product_avoidable":"<p>Dairy products in general, sugar, aspartame, alcohol, tobacco, pork<\/p>\n","yn_product_tcm_mindmapping":"<p>Liver or gallbladder Qi congestion  >  Stomach Qi congestion  >  Rebellious Stomach Qi  >  Wet mucus accumulation in the chest  >  Hardening and accumulations  >  Blood congestion  >  Ru Bi (node)  >  Zhong Liu Danger<\/p>\n","yn_product_tongue_body":"<p>Due to the prophylactic properties of the preparation, the tongue and its coating are not important.<\/p>\n","yn_product_tongue_coating":"<p>Due to the prophylactic properties of the preparation, the tongue and its coating are not important<\/p>\n","yn_product_pulse_diagnostics":"<p>Due to the prophylactic properties of the preparation, the pulse is not important.<\/p>\n","yn_product_indications":"<p>Dysmenorrhea, mastopathy, fibroadenoma, breast lumps, mastitis, preventive against ZHONG LIU<\/p>\n","yn_product_contra_indications":"<p>None<\/p>\n","yn_product_pregnancy":"<p>Not allowed<\/p>\n","yn_product_magisterrecipes":"<p>Xiao Yao San, Gua Lou Xiao Yao San, Si Ni San, Ping Xiao Dan, Qing Zhi Si Wu Tang Jia Jian, Gua Lou Yin Feng Tang<\/p>\n","yn_product_audio":"https:\/\/shop.diolosa.com\/wp-content\/uploads\/2025\/07\/Holy-MOuntains-Protection-.m4a","yn_product_video":"https:\/\/shop.diolosa.com\/wp-content\/uploads\/2025\/07\/Holy-Mountains-Protection-.mp4"},"yoast_head":"<!-- This site is optimized with the Yoast SEO plugin v24.9 - https:\/\/yoast.com\/wordpress\/plugins\/seo\/ -->\n<title>Holy Mountains PROTECTION - Claude Diolosa<\/title>\n<meta name=\"robots\" content=\"index, follow, max-snippet:-1, max-image-preview:large, max-video-preview:-1\" \/>\n<link rel=\"canonical\" href=\"https:\/\/shop.diolosa.com\/en\/product\/holy-mountains-protection\/\" \/>\n<meta property=\"og:locale\" content=\"en_US\" \/>\n<meta property=\"og:type\" content=\"article\" \/>\n<meta property=\"og:title\" content=\"Holy Mountains PROTECTION - Claude Diolosa\" \/>\n<meta property=\"og:description\" content=\"&nbsp; &nbsp;\" \/>\n<meta property=\"og:url\" content=\"https:\/\/shop.diolosa.com\/en\/product\/holy-mountains-protection\/\" \/>\n<meta property=\"og:site_name\" content=\"Claude Diolosa\" \/>\n<meta property=\"article:publisher\" content=\"https:\/\/facebook.com\/claudediolosa\" \/>\n<meta property=\"article:modified_time\" content=\"2025-04-24T19:22:33+00:00\" \/>\n<meta property=\"og:image\" content=\"https:\/\/shop.diolosa.com\/wp-content\/uploads\/2019\/09\/Presslinge-140.jpg\" \/>\n\t<meta property=\"og:image:width\" content=\"800\" \/>\n\t<meta property=\"og:image:height\" content=\"533\" \/>\n\t<meta property=\"og:image:type\" content=\"image\/jpeg\" \/>\n<meta name=\"twitter:card\" content=\"summary_large_image\" \/>\n<script type=\"application\/ld+json\" class=\"yoast-schema-graph\">{\"@context\":\"https:\/\/schema.org\",\"@graph\":[{\"@type\":\"WebPage\",\"@id\":\"https:\/\/shop.diolosa.com\/en\/product\/holy-mountains-protection\/\",\"url\":\"https:\/\/shop.diolosa.com\/en\/product\/holy-mountains-protection\/\",\"name\":\"Holy Mountains PROTECTION - Claude Diolosa\",\"isPartOf\":{\"@id\":\"https:\/\/shop.diolosa.com\/en\/#website\"},\"primaryImageOfPage\":{\"@id\":\"https:\/\/shop.diolosa.com\/en\/product\/holy-mountains-protection\/#primaryimage\"},\"image\":{\"@id\":\"https:\/\/shop.diolosa.com\/en\/product\/holy-mountains-protection\/#primaryimage\"},\"thumbnailUrl\":\"https:\/\/shop.diolosa.com\/wp-content\/uploads\/2019\/09\/Presslinge-140.jpg\",\"datePublished\":\"2025-03-10T05:59:10+00:00\",\"dateModified\":\"2025-04-24T19:22:33+00:00\",\"breadcrumb\":{\"@id\":\"https:\/\/shop.diolosa.com\/en\/product\/holy-mountains-protection\/#breadcrumb\"},\"inLanguage\":\"en-US\",\"potentialAction\":[{\"@type\":\"ReadAction\",\"target\":[\"https:\/\/shop.diolosa.com\/en\/product\/holy-mountains-protection\/\"]}]},{\"@type\":\"ImageObject\",\"inLanguage\":\"en-US\",\"@id\":\"https:\/\/shop.diolosa.com\/en\/product\/holy-mountains-protection\/#primaryimage\",\"url\":\"https:\/\/shop.diolosa.com\/wp-content\/uploads\/2019\/09\/Presslinge-140.jpg\",\"contentUrl\":\"https:\/\/shop.diolosa.com\/wp-content\/uploads\/2019\/09\/Presslinge-140.jpg\",\"width\":800,\"height\":533},{\"@type\":\"BreadcrumbList\",\"@id\":\"https:\/\/shop.diolosa.com\/en\/product\/holy-mountains-protection\/#breadcrumb\",\"itemListElement\":[{\"@type\":\"ListItem\",\"position\":1,\"name\":\"Startseite\",\"item\":\"https:\/\/shop.diolosa.com\/en\/?page_id=3835693\"},{\"@type\":\"ListItem\",\"position\":2,\"name\":\"Store\",\"item\":\"https:\/\/shop.diolosa.com\/en\/?page_id=3835693\"},{\"@type\":\"ListItem\",\"position\":3,\"name\":\"Holy Mountains PROTECTION\"}]},{\"@type\":\"WebSite\",\"@id\":\"https:\/\/shop.diolosa.com\/en\/#website\",\"url\":\"https:\/\/shop.diolosa.com\/en\/\",\"name\":\"Claude Diolosa\",\"description\":\"\",\"publisher\":{\"@id\":\"https:\/\/shop.diolosa.com\/en\/#organization\"},\"potentialAction\":[{\"@type\":\"SearchAction\",\"target\":{\"@type\":\"EntryPoint\",\"urlTemplate\":\"https:\/\/shop.diolosa.com\/en\/?s={search_term_string}\"},\"query-input\":{\"@type\":\"PropertyValueSpecification\",\"valueRequired\":true,\"valueName\":\"search_term_string\"}}],\"inLanguage\":\"en-US\"},{\"@type\":\"Organization\",\"@id\":\"https:\/\/shop.diolosa.com\/en\/#organization\",\"name\":\"Claude Diolosa\",\"url\":\"https:\/\/shop.diolosa.com\/en\/\",\"logo\":{\"@type\":\"ImageObject\",\"inLanguage\":\"en-US\",\"@id\":\"https:\/\/shop.diolosa.com\/en\/#\/schema\/logo\/image\/\",\"url\":\"https:\/\/shop.diolosa.com\/wp-content\/uploads\/2019\/08\/diolosa-drop-logo-new.png\",\"contentUrl\":\"https:\/\/shop.diolosa.com\/wp-content\/uploads\/2019\/08\/diolosa-drop-logo-new.png\",\"width\":134,\"height\":176,\"caption\":\"Claude Diolosa\"},\"image\":{\"@id\":\"https:\/\/shop.diolosa.com\/en\/#\/schema\/logo\/image\/\"},\"sameAs\":[\"https:\/\/facebook.com\/claudediolosa\",\"https:\/\/www.instagram.com\/diolosaclaude108\/\"]}]}<\/script>\n<!-- \/ Yoast SEO plugin. -->","yoast_head_json":{"title":"Holy Mountains PROTECTION - Claude Diolosa","robots":{"index":"index","follow":"follow","max-snippet":"max-snippet:-1","max-image-preview":"max-image-preview:large","max-video-preview":"max-video-preview:-1"},"canonical":"https:\/\/shop.diolosa.com\/en\/product\/holy-mountains-protection\/","og_locale":"en_US","og_type":"article","og_title":"Holy Mountains PROTECTION - Claude Diolosa","og_description":"&nbsp; &nbsp;","og_url":"https:\/\/shop.diolosa.com\/en\/product\/holy-mountains-protection\/","og_site_name":"Claude Diolosa","article_publisher":"https:\/\/facebook.com\/claudediolosa","article_modified_time":"2025-04-24T19:22:33+00:00","og_image":[{"width":800,"height":533,"url":"https:\/\/shop.diolosa.com\/wp-content\/uploads\/2019\/09\/Presslinge-140.jpg","type":"image\/jpeg"}],"twitter_card":"summary_large_image","schema":{"@context":"https:\/\/schema.org","@graph":[{"@type":"WebPage","@id":"https:\/\/shop.diolosa.com\/en\/product\/holy-mountains-protection\/","url":"https:\/\/shop.diolosa.com\/en\/product\/holy-mountains-protection\/","name":"Holy Mountains PROTECTION - Claude Diolosa","isPartOf":{"@id":"https:\/\/shop.diolosa.com\/en\/#website"},"primaryImageOfPage":{"@id":"https:\/\/shop.diolosa.com\/en\/product\/holy-mountains-protection\/#primaryimage"},"image":{"@id":"https:\/\/shop.diolosa.com\/en\/product\/holy-mountains-protection\/#primaryimage"},"thumbnailUrl":"https:\/\/shop.diolosa.com\/wp-content\/uploads\/2019\/09\/Presslinge-140.jpg","datePublished":"2025-03-10T05:59:10+00:00","dateModified":"2025-04-24T19:22:33+00:00","breadcrumb":{"@id":"https:\/\/shop.diolosa.com\/en\/product\/holy-mountains-protection\/#breadcrumb"},"inLanguage":"en-US","potentialAction":[{"@type":"ReadAction","target":["https:\/\/shop.diolosa.com\/en\/product\/holy-mountains-protection\/"]}]},{"@type":"ImageObject","inLanguage":"en-US","@id":"https:\/\/shop.diolosa.com\/en\/product\/holy-mountains-protection\/#primaryimage","url":"https:\/\/shop.diolosa.com\/wp-content\/uploads\/2019\/09\/Presslinge-140.jpg","contentUrl":"https:\/\/shop.diolosa.com\/wp-content\/uploads\/2019\/09\/Presslinge-140.jpg","width":800,"height":533},{"@type":"BreadcrumbList","@id":"https:\/\/shop.diolosa.com\/en\/product\/holy-mountains-protection\/#breadcrumb","itemListElement":[{"@type":"ListItem","position":1,"name":"Startseite","item":"https:\/\/shop.diolosa.com\/en\/?page_id=3835693"},{"@type":"ListItem","position":2,"name":"Store","item":"https:\/\/shop.diolosa.com\/en\/?page_id=3835693"},{"@type":"ListItem","position":3,"name":"Holy Mountains PROTECTION"}]},{"@type":"WebSite","@id":"https:\/\/shop.diolosa.com\/en\/#website","url":"https:\/\/shop.diolosa.com\/en\/","name":"Claude Diolosa","description":"","publisher":{"@id":"https:\/\/shop.diolosa.com\/en\/#organization"},"potentialAction":[{"@type":"SearchAction","target":{"@type":"EntryPoint","urlTemplate":"https:\/\/shop.diolosa.com\/en\/?s={search_term_string}"},"query-input":{"@type":"PropertyValueSpecification","valueRequired":true,"valueName":"search_term_string"}}],"inLanguage":"en-US"},{"@type":"Organization","@id":"https:\/\/shop.diolosa.com\/en\/#organization","name":"Claude Diolosa","url":"https:\/\/shop.diolosa.com\/en\/","logo":{"@type":"ImageObject","inLanguage":"en-US","@id":"https:\/\/shop.diolosa.com\/en\/#\/schema\/logo\/image\/","url":"https:\/\/shop.diolosa.com\/wp-content\/uploads\/2019\/08\/diolosa-drop-logo-new.png","contentUrl":"https:\/\/shop.diolosa.com\/wp-content\/uploads\/2019\/08\/diolosa-drop-logo-new.png","width":134,"height":176,"caption":"Claude Diolosa"},"image":{"@id":"https:\/\/shop.diolosa.com\/en\/#\/schema\/logo\/image\/"},"sameAs":["https:\/\/facebook.com\/claudediolosa","https:\/\/www.instagram.com\/diolosaclaude108\/"]}]}},"_links":{"self":[{"href":"https:\/\/shop.diolosa.com\/en\/wp-json\/wp\/v2\/product\/3841453","targetHints":{"allow":["GET"]}}],"collection":[{"href":"https:\/\/shop.diolosa.com\/en\/wp-json\/wp\/v2\/product"}],"about":[{"href":"https:\/\/shop.diolosa.com\/en\/wp-json\/wp\/v2\/types\/product"}],"wp:featuredmedia":[{"embeddable":true,"href":"https:\/\/shop.diolosa.com\/en\/wp-json\/wp\/v2\/media\/1385882"}],"wp:attachment":[{"href":"https:\/\/shop.diolosa.com\/en\/wp-json\/wp\/v2\/media?parent=3841453"}],"wp:term":[{"taxonomy":"product_brand","embeddable":true,"href":"https:\/\/shop.diolosa.com\/en\/wp-json\/wp\/v2\/product_brand?post=3841453"},{"taxonomy":"product_cat","embeddable":true,"href":"https:\/\/shop.diolosa.com\/en\/wp-json\/wp\/v2\/product_cat?post=3841453"},{"taxonomy":"product_tag","embeddable":true,"href":"https:\/\/shop.diolosa.com\/en\/wp-json\/wp\/v2\/product_tag?post=3841453"}],"curies":[{"name":"wp","href":"https:\/\/api.w.org\/{rel}","templated":true}]}}