{"id":3841467,"date":"2023-11-15T07:51:23","date_gmt":"2025-03-10T05:59:16","guid":{"rendered":"https:\/\/shop.diolosa.com\/product\/indra\/"},"modified":"2025-04-24T20:22:32","modified_gmt":"2025-04-24T19:22:32","slug":"indra","status":"publish","type":"product","link":"https:\/\/shop.diolosa.com\/en\/product\/indra\/","title":{"rendered":"Indra"},"content":{"rendered":"<p><strong>INDRA<\/strong> opens the<strong> LUO MAI of the brain\/heart<\/strong> and promotes the circulation of Qi and blood. The loss of smell and taste is a neurological disorder. The pathogen Covid19 affects our cognitive perception, taste and smell by penetrating the blood layer and the nervous system. This preparation eliminates the pathogen and at the same time restores the normal circulation of Qi and BLOOD in the brain.<\/p>\n","protected":false},"excerpt":{"rendered":"<p>&nbsp;<\/p>\n<p>&nbsp;<\/p>\n","protected":false},"featured_media":1385882,"template":"","meta":{"_acf_changed":false},"product_brand":[],"product_cat":[11758],"product_tag":[12183,12185,12510,12509,12182],"class_list":{"0":"post-3841467","1":"product","2":"type-product","3":"status-publish","4":"has-post-thumbnail","6":"product_cat-wen-bing-lun-en","7":"product_tag-corona-en","8":"product_tag-covid-en","9":"product_tag-loss-of-odor","10":"product_tag-loss-of-taste","11":"product_tag-virus-en","13":"first","14":"instock","15":"taxable","16":"shipping-taxable","17":"purchasable","18":"product-type-simple"},"acf":{"yn_product_audio":"https:\/\/shop.diolosa.com\/wp-content\/uploads\/2022\/10\/DL_Metamorphosis.m4a","yn_product_video":"https:\/\/shop.diolosa.com\/wp-content\/uploads\/2019\/09\/Indra.mp4","yn_product_akupunktur":"<p>Reduce fever<br \/>\nDu Mai &#8211; 14 \u2f24\u690ed\u00e0 zhu\u012b<br \/>\nStomach &#8211; 44\u5185\u5eadn\u00e8i t\u00edng<br \/>\nBladder -13 \u80ba\u4fde f\u00e8i sh\u016b<br \/>\nBladder -12 \u2fb5\u2fa8 f\u0113ng m\u00e9n<br \/>\nSan Jiao-5 \u5916\u95dcw\u00e0i gu\u0101n (yang wei mai, luo)<\/p>\n<p>Wind Expel heat and toxins<br \/>\nLarge intestine-4\u5408\u2f95h\u00e9 g\u01d4<br \/>\nLarge intestine-11 \u66f2\u6c60 q\u016b ch\u00ed<br \/>\nLarge intestine 20 \u8fce\u2fb9 y\u00edng xi\u0101ng<\/p>\n<p>Lower Lung Qi &#8211; Expectorate and move blood<br \/>\nLung-6 \u5b54\u6700k\u01d2ng zu\u00ec<br \/>\nCirculation-6 \u5167\u95dcn\u00e8i gu\u0101n<br \/>\nCirculation-5 \u9593\u4f7fji\u0101n sh\u01d0<br \/>\nStomach-40 \u8c50\u9686f\u0113ng l\u00f3ng<br \/>\nLung-5 \u5c3a\u6fa4 ch\u01d0 z\u00e9<br \/>\nLung-9 \u592a\u6df5 t\u00e0i yu\u0101n<br \/>\nRen Mai-17 \u81bb\u4e2d sh\u0101n zh\u014dng<br \/>\nMagen-36 \u2f9c\u4e09\u2fa5 z\u00fa s\u0101n l\u01d0<br \/>\nShen calm and clear<br \/>\nEX-HN-1 -\u56db\u795e\u806a Si Shen Cong<br \/>\nM-HN-3 \u5370\u5802 y\u00ecn t\u00e1ng<\/p>\n<p>Stimulate intestinal transit and reduce fever<br \/>\nSan Chiao-6 \u2f40\u6e9d zh\u012b g\u014du<br \/>\nStomach-25 \u5929\u6a1eti\u0101n sh\u016b<br \/>\nStomach-37 \u4e0a\u5de8\u865b sh\u00e0ng j\u00f9 x\u016b<\/p>\n<p>Headache<br \/>\nBladder-40 \u59d4\u4e2d w\u011bi zh\u014dng &#8211; xie fa &#8211; bleed &#8211; Jing Bie<br \/>\nBladder-65 \u675f\u2ee3 sh\u00f9 g\u01d4 &#8211; xie fa<br \/>\nBladder-10 \u5929\u67f1 ti\u0101n zh\u00f9 &#8211; xie fa<br \/>\nGallbladder -20 \u2fb5\u6c60 f\u0113ng ch\u00ed &#8211; xie fa<br \/>\nGallbladder -19 \u8166\u7a7a n\u01ceo k\u014dng &#8211; xie fa<br \/>\nDu Mai -17 \u8166\u2f3en\u01ceo h\u00f9 &#8211; xie fa<br \/>\nKidneys -3 \u592a\u8c3f ta\u00ec x\u012b &#8211; bu fa<br \/>\nKidneys-10 \u9670\u2f95 y\u012bn g\u01d4 &#8211; bu fa<\/p>\n","yn_product_verabreichungsart":"Pellets 140pcs.","yn_product_dosierung":"<p>3 x 3 to 6 tablets a day &#8211; preferably after meals &#8211; for 12 days<\/p>\n","yn_product_combinations":"<p>FREEDOM (virus), DIAMOND SHIELD TABLETS and BALM (late effects of vaccinations), REMOVING THE CLOUDS (late summer illness), BRIGHT SUMMERTIME (intestinal infection), COOLING FRAGRANCE (sinusitis)<\/p>\n","yn_product_avoidable":"<p>All foods that produce internal cold and dampness are prohibited during therapy. It is essential to consume warm drinks and eat food that has been cooked or prepared with aromatic spices. You should also not drink while eating, but before or after meals and always only warm drinks.  <\/p>\n<p>Leaf lettuce, endive, chicory, artichokes, bean sprouts, tofu, soy milk, rice milk, green tea, black tea, coffee, cappuccino, latte, sugar, dairy products, cow&#8217;s milk, cream cheese, yogurt, exotic fruits, Banana, mango, pear, apple, fruit compote, cake, cookies, chocolate, sugar drinks, Fanta, Coca Cola, energy-refrigerated food, cold and ice-cold drinks, ice cream, frozen food, microwave<\/p>\n","yn_product_tcm_mindmapping":"<p>Wen Bing Xue (heat disorders)> Cloudy wetness\/mucus > attacks the CNS > Brain > blocks the LUO MAI of the heart and brain<\/p>\n","yn_product_tongue_body":"<p>Broad, swollen, thick, pale, tooth marks, blotchy, especially the veins under the tongue<\/p>\n","yn_product_tongue_coating":"<p>Thin, white, moist, sticky<\/p>\n","yn_product_pulse_diagnostics":"<p><strong>Heart position<\/strong>: Fu Mai &#8211; superficial pulse, Xi Mai <strong>or<\/strong> thread-like pulse, Se Mai &#8211; hesitant pulse <strong>or<\/strong> Huan Mai &#8211; leisurely pulse, Da Mai &#8211; broad pulse and Se Mai &#8211; hesitant pulse<\/p>\n","yn_product_indications":"<p>Loss of odor and taste<\/p>\n","yn_product_contra_indications":"<p>Yin deficiency &#8211; Empty heat<\/p>\n","yn_product_pregnancy":"<p>Allowed<\/p>\n","yn_product_magisterrecipes":"<p>Cang Er Zi San, Xin Yi San, Ban Xia Bai Zhu Tian Ma Tang<\/p>\n"},"yoast_head":"<!-- This site is optimized with the Yoast SEO plugin v24.9 - https:\/\/yoast.com\/wordpress\/plugins\/seo\/ -->\n<title>Indra - Claude Diolosa<\/title>\n<meta name=\"robots\" content=\"index, follow, max-snippet:-1, max-image-preview:large, max-video-preview:-1\" \/>\n<link rel=\"canonical\" href=\"https:\/\/shop.diolosa.com\/en\/product\/indra\/\" \/>\n<meta property=\"og:locale\" content=\"en_US\" \/>\n<meta property=\"og:type\" content=\"article\" \/>\n<meta property=\"og:title\" content=\"Indra - Claude Diolosa\" \/>\n<meta property=\"og:description\" content=\"&nbsp; &nbsp;\" \/>\n<meta property=\"og:url\" content=\"https:\/\/shop.diolosa.com\/en\/product\/indra\/\" \/>\n<meta property=\"og:site_name\" content=\"Claude Diolosa\" \/>\n<meta property=\"article:publisher\" content=\"https:\/\/facebook.com\/claudediolosa\" \/>\n<meta property=\"article:modified_time\" content=\"2025-04-24T19:22:32+00:00\" \/>\n<meta property=\"og:image\" content=\"https:\/\/shop.diolosa.com\/wp-content\/uploads\/2019\/09\/Presslinge-140.jpg\" \/>\n\t<meta property=\"og:image:width\" content=\"800\" \/>\n\t<meta property=\"og:image:height\" content=\"533\" \/>\n\t<meta property=\"og:image:type\" content=\"image\/jpeg\" \/>\n<meta name=\"twitter:card\" content=\"summary_large_image\" \/>\n<script type=\"application\/ld+json\" class=\"yoast-schema-graph\">{\"@context\":\"https:\/\/schema.org\",\"@graph\":[{\"@type\":\"WebPage\",\"@id\":\"https:\/\/shop.diolosa.com\/en\/product\/indra\/\",\"url\":\"https:\/\/shop.diolosa.com\/en\/product\/indra\/\",\"name\":\"Indra - Claude Diolosa\",\"isPartOf\":{\"@id\":\"https:\/\/shop.diolosa.com\/en\/#website\"},\"primaryImageOfPage\":{\"@id\":\"https:\/\/shop.diolosa.com\/en\/product\/indra\/#primaryimage\"},\"image\":{\"@id\":\"https:\/\/shop.diolosa.com\/en\/product\/indra\/#primaryimage\"},\"thumbnailUrl\":\"https:\/\/shop.diolosa.com\/wp-content\/uploads\/2019\/09\/Presslinge-140.jpg\",\"datePublished\":\"2025-03-10T05:59:16+00:00\",\"dateModified\":\"2025-04-24T19:22:32+00:00\",\"breadcrumb\":{\"@id\":\"https:\/\/shop.diolosa.com\/en\/product\/indra\/#breadcrumb\"},\"inLanguage\":\"en-US\",\"potentialAction\":[{\"@type\":\"ReadAction\",\"target\":[\"https:\/\/shop.diolosa.com\/en\/product\/indra\/\"]}]},{\"@type\":\"ImageObject\",\"inLanguage\":\"en-US\",\"@id\":\"https:\/\/shop.diolosa.com\/en\/product\/indra\/#primaryimage\",\"url\":\"https:\/\/shop.diolosa.com\/wp-content\/uploads\/2019\/09\/Presslinge-140.jpg\",\"contentUrl\":\"https:\/\/shop.diolosa.com\/wp-content\/uploads\/2019\/09\/Presslinge-140.jpg\",\"width\":800,\"height\":533},{\"@type\":\"BreadcrumbList\",\"@id\":\"https:\/\/shop.diolosa.com\/en\/product\/indra\/#breadcrumb\",\"itemListElement\":[{\"@type\":\"ListItem\",\"position\":1,\"name\":\"Startseite\",\"item\":\"https:\/\/shop.diolosa.com\/en\/?page_id=3835693\"},{\"@type\":\"ListItem\",\"position\":2,\"name\":\"Store\",\"item\":\"https:\/\/shop.diolosa.com\/en\/?page_id=3835693\"},{\"@type\":\"ListItem\",\"position\":3,\"name\":\"Indra\"}]},{\"@type\":\"WebSite\",\"@id\":\"https:\/\/shop.diolosa.com\/en\/#website\",\"url\":\"https:\/\/shop.diolosa.com\/en\/\",\"name\":\"Claude Diolosa\",\"description\":\"\",\"publisher\":{\"@id\":\"https:\/\/shop.diolosa.com\/en\/#organization\"},\"potentialAction\":[{\"@type\":\"SearchAction\",\"target\":{\"@type\":\"EntryPoint\",\"urlTemplate\":\"https:\/\/shop.diolosa.com\/en\/?s={search_term_string}\"},\"query-input\":{\"@type\":\"PropertyValueSpecification\",\"valueRequired\":true,\"valueName\":\"search_term_string\"}}],\"inLanguage\":\"en-US\"},{\"@type\":\"Organization\",\"@id\":\"https:\/\/shop.diolosa.com\/en\/#organization\",\"name\":\"Claude Diolosa\",\"url\":\"https:\/\/shop.diolosa.com\/en\/\",\"logo\":{\"@type\":\"ImageObject\",\"inLanguage\":\"en-US\",\"@id\":\"https:\/\/shop.diolosa.com\/en\/#\/schema\/logo\/image\/\",\"url\":\"https:\/\/shop.diolosa.com\/wp-content\/uploads\/2019\/08\/diolosa-drop-logo-new.png\",\"contentUrl\":\"https:\/\/shop.diolosa.com\/wp-content\/uploads\/2019\/08\/diolosa-drop-logo-new.png\",\"width\":134,\"height\":176,\"caption\":\"Claude Diolosa\"},\"image\":{\"@id\":\"https:\/\/shop.diolosa.com\/en\/#\/schema\/logo\/image\/\"},\"sameAs\":[\"https:\/\/facebook.com\/claudediolosa\",\"https:\/\/www.instagram.com\/diolosaclaude108\/\"]}]}<\/script>\n<!-- \/ Yoast SEO plugin. -->","yoast_head_json":{"title":"Indra - Claude Diolosa","robots":{"index":"index","follow":"follow","max-snippet":"max-snippet:-1","max-image-preview":"max-image-preview:large","max-video-preview":"max-video-preview:-1"},"canonical":"https:\/\/shop.diolosa.com\/en\/product\/indra\/","og_locale":"en_US","og_type":"article","og_title":"Indra - Claude Diolosa","og_description":"&nbsp; &nbsp;","og_url":"https:\/\/shop.diolosa.com\/en\/product\/indra\/","og_site_name":"Claude Diolosa","article_publisher":"https:\/\/facebook.com\/claudediolosa","article_modified_time":"2025-04-24T19:22:32+00:00","og_image":[{"width":800,"height":533,"url":"https:\/\/shop.diolosa.com\/wp-content\/uploads\/2019\/09\/Presslinge-140.jpg","type":"image\/jpeg"}],"twitter_card":"summary_large_image","schema":{"@context":"https:\/\/schema.org","@graph":[{"@type":"WebPage","@id":"https:\/\/shop.diolosa.com\/en\/product\/indra\/","url":"https:\/\/shop.diolosa.com\/en\/product\/indra\/","name":"Indra - Claude Diolosa","isPartOf":{"@id":"https:\/\/shop.diolosa.com\/en\/#website"},"primaryImageOfPage":{"@id":"https:\/\/shop.diolosa.com\/en\/product\/indra\/#primaryimage"},"image":{"@id":"https:\/\/shop.diolosa.com\/en\/product\/indra\/#primaryimage"},"thumbnailUrl":"https:\/\/shop.diolosa.com\/wp-content\/uploads\/2019\/09\/Presslinge-140.jpg","datePublished":"2025-03-10T05:59:16+00:00","dateModified":"2025-04-24T19:22:32+00:00","breadcrumb":{"@id":"https:\/\/shop.diolosa.com\/en\/product\/indra\/#breadcrumb"},"inLanguage":"en-US","potentialAction":[{"@type":"ReadAction","target":["https:\/\/shop.diolosa.com\/en\/product\/indra\/"]}]},{"@type":"ImageObject","inLanguage":"en-US","@id":"https:\/\/shop.diolosa.com\/en\/product\/indra\/#primaryimage","url":"https:\/\/shop.diolosa.com\/wp-content\/uploads\/2019\/09\/Presslinge-140.jpg","contentUrl":"https:\/\/shop.diolosa.com\/wp-content\/uploads\/2019\/09\/Presslinge-140.jpg","width":800,"height":533},{"@type":"BreadcrumbList","@id":"https:\/\/shop.diolosa.com\/en\/product\/indra\/#breadcrumb","itemListElement":[{"@type":"ListItem","position":1,"name":"Startseite","item":"https:\/\/shop.diolosa.com\/en\/?page_id=3835693"},{"@type":"ListItem","position":2,"name":"Store","item":"https:\/\/shop.diolosa.com\/en\/?page_id=3835693"},{"@type":"ListItem","position":3,"name":"Indra"}]},{"@type":"WebSite","@id":"https:\/\/shop.diolosa.com\/en\/#website","url":"https:\/\/shop.diolosa.com\/en\/","name":"Claude Diolosa","description":"","publisher":{"@id":"https:\/\/shop.diolosa.com\/en\/#organization"},"potentialAction":[{"@type":"SearchAction","target":{"@type":"EntryPoint","urlTemplate":"https:\/\/shop.diolosa.com\/en\/?s={search_term_string}"},"query-input":{"@type":"PropertyValueSpecification","valueRequired":true,"valueName":"search_term_string"}}],"inLanguage":"en-US"},{"@type":"Organization","@id":"https:\/\/shop.diolosa.com\/en\/#organization","name":"Claude Diolosa","url":"https:\/\/shop.diolosa.com\/en\/","logo":{"@type":"ImageObject","inLanguage":"en-US","@id":"https:\/\/shop.diolosa.com\/en\/#\/schema\/logo\/image\/","url":"https:\/\/shop.diolosa.com\/wp-content\/uploads\/2019\/08\/diolosa-drop-logo-new.png","contentUrl":"https:\/\/shop.diolosa.com\/wp-content\/uploads\/2019\/08\/diolosa-drop-logo-new.png","width":134,"height":176,"caption":"Claude Diolosa"},"image":{"@id":"https:\/\/shop.diolosa.com\/en\/#\/schema\/logo\/image\/"},"sameAs":["https:\/\/facebook.com\/claudediolosa","https:\/\/www.instagram.com\/diolosaclaude108\/"]}]}},"_links":{"self":[{"href":"https:\/\/shop.diolosa.com\/en\/wp-json\/wp\/v2\/product\/3841467","targetHints":{"allow":["GET"]}}],"collection":[{"href":"https:\/\/shop.diolosa.com\/en\/wp-json\/wp\/v2\/product"}],"about":[{"href":"https:\/\/shop.diolosa.com\/en\/wp-json\/wp\/v2\/types\/product"}],"wp:featuredmedia":[{"embeddable":true,"href":"https:\/\/shop.diolosa.com\/en\/wp-json\/wp\/v2\/media\/1385882"}],"wp:attachment":[{"href":"https:\/\/shop.diolosa.com\/en\/wp-json\/wp\/v2\/media?parent=3841467"}],"wp:term":[{"taxonomy":"product_brand","embeddable":true,"href":"https:\/\/shop.diolosa.com\/en\/wp-json\/wp\/v2\/product_brand?post=3841467"},{"taxonomy":"product_cat","embeddable":true,"href":"https:\/\/shop.diolosa.com\/en\/wp-json\/wp\/v2\/product_cat?post=3841467"},{"taxonomy":"product_tag","embeddable":true,"href":"https:\/\/shop.diolosa.com\/en\/wp-json\/wp\/v2\/product_tag?post=3841467"}],"curies":[{"name":"wp","href":"https:\/\/api.w.org\/{rel}","templated":true}]}}