{"id":3841488,"date":"2022-08-31T08:17:52","date_gmt":"2025-03-10T05:59:25","guid":{"rendered":"https:\/\/shop.diolosa.com\/product\/tian-wang-bu-xin-tang\/"},"modified":"2025-04-24T20:23:43","modified_gmt":"2025-04-24T19:23:43","slug":"tian-wang-bu-xin-tang","status":"publish","type":"product","link":"https:\/\/shop.diolosa.com\/en\/product\/tian-wang-bu-xin-tang\/","title":{"rendered":"Tian Wang Bu Xin Tang"},"content":{"rendered":"<p><strong>TIAN WANG BU XIN TANG &#8220;Heavenly Emperor&#8217;s special pill that tones the heart&#8221;<\/strong><\/p>\n<p><strong>Nourishes the heart and calms the mind<\/strong><\/p>\n<p>&nbsp;<\/p>\n<p>Herbal pellets according to traditional Chinese medicine<\/p>\n<p>Food supplements<\/p>\n<p>Nourishes the heart and calms the mind<\/p>\n<p>Manufacturer: Pharmacy Boznerplatz<\/p>\n<p>100% tested high-quality ingredients<\/p>\n<p>&nbsp;<\/p>\n<p>&nbsp;<\/p>\n<p>&nbsp;<\/p>\n<p>&nbsp;<\/p>\n<p>&nbsp;<\/p>\n","protected":false},"excerpt":{"rendered":"<p>&nbsp;<\/p>\n<p>&nbsp;<\/p>\n<p>&nbsp;<\/p>\n<p>&nbsp;<\/p>\n<p>&nbsp;<\/p>\n<p>&nbsp;<\/p>\n","protected":false},"featured_media":1385921,"template":"","meta":{"_acf_changed":false},"product_brand":[],"product_cat":[12152],"product_tag":[12528],"class_list":{"0":"post-3841488","1":"product","2":"type-product","3":"status-publish","4":"has-post-thumbnail","6":"product_cat-master-formulas","7":"product_tag-sleep-through-disorder","9":"first","10":"instock","11":"taxable","12":"shipping-taxable","13":"purchasable","14":"product-type-simple"},"acf":{"yn_product_audio":"https:\/\/shop.diolosa.com\/wp-content\/uploads\/2022\/10\/DL_TianWangBuXinTang.m4a","yn_product_video":"https:\/\/shop.diolosa.com\/wp-content\/uploads\/2022\/10\/DL_TianWangBuXinTang.m4a","yn_product_akupunktur":"<p>Kidneys\/kidneys-6 \u7167\u6d77 zh\u00e0o h\u01cei (yin qiao mai) -Reinforce\/tonify &#8211;<b> Bu Fa <\/b>Spleen\/spleen-6 \u4e09\u9670\u4ea4 s\u0101n y\u012bn ji\u0101o-Reinforce\/tonify &#8211;<b>Bu Fa<br \/>\n<\/b>Heart\/heart-7 \u795e\u9580 sh\u00e9n m\u00e9n -Reinforce\/toning<b> &#8211; Bu Fa<br \/>\n<\/b>Lungs\/Lunge-5 \u5c3a\u6fa4 ch\u01d0 z\u00e9 -Reinforce\/toning<b> &#8211; Bu Fa<\/b><\/p>\n<p>EX-HN3 &#8211; \u5370\u5802 Yin Tang -Reduce\/Sedate <b>&#8211; Xie Fa<br \/>\n<\/b>EX-HN-1 &#8211; \u56db\u795e\u806a &#8211; si shen cong -Reduce\/Sedate-<b> Xie Fa<\/p>\n<p><\/b><\/p>\n<p>\u00a0<\/p>\n","yn_product_verabreichungsart":"Pellets 200 pcs.","yn_product_dosierung":"<p>Take 3 x 3 to 6 tablets a day with water &#8211; especially in the evening<\/p>\n<p>\u00a0<\/p>\n","yn_product_combinations":"<p><b>PEACEFUL NIGHTS<\/b><span class=\"Apple-converted-space\">  <\/span>(insomnia)<b>, HAPPY DAYS <\/b>(being depressed), <b>FINDING BALANCE<span class=\"Apple-converted-space\"> <\/span><\/b> (Kuang),<b> BURNOUT RELIEF<span class=\"Apple-converted-space\">  <\/span><\/b>(burnout syndrome), <b>YIN ROOT, SAN BAO TEE <\/b>(kidney yin deficiency), <b>CALM RELIEF <\/b>(hypertension),<span class=\"Apple-converted-space\">  <\/span><b>SPIRITUAL SOUL GATE <\/b>(HUN), <b>BRIGHT LIGHT<span class=\"Apple-converted-space\"> <\/span><\/b> (eyes and heart), <b>NOURISHING THE ESSENCE <\/b>(Yin and Jin Ye deficiency)<\/p>\n<p>\u00a0<\/p>\n","yn_product_avoidable":"<p>Coffee, black and green tea before going to bed, red wine, alcohol, hot and hot spices<\/p>\n<p>\u00a0<\/p>\n","yn_product_tcm_mindmapping":"<p>Kidney Yin deficiency > Heart Yin deficiency > SHAO YIN &#8211; YIN deficiency > Heart Wind<\/p>\n<p>\u00a0<\/p>\n","yn_product_tongue_body":"<p>Narrow, pale, shaky, red tip of tongue<\/p>\n<p>\u00a0<\/p>\n","yn_product_tongue_coating":"<p>Thin, white\/yellowish, sparse<span class=\"Apple-converted-space\"> <\/span><\/p>\n<p>\u00a0<\/p>\n","yn_product_pulse_diagnostics":"<p>Heart position: Fu Mai &#8211; Superficial pulse , Xi Mai &#8211; Thread-like pulse , Xu Mai &#8211; Empty pulse , Shuo Mai &#8211; Fast pulse<\/p>\n<p>\u00a0<\/p>\n","yn_product_indications":"<p>Difficulty falling asleep and staying asleep, sensitivity to noise and light during sleep, forgetfulness, dreams and nightmares, exhaustion, restlessness, restless legs syndrome, Gu Zheng, night sweats<\/p>\n<p>\u00a0<\/p>\n","yn_product_contra_indications":"<p>Heart Yang and Qi deficiency > Stomach and gall bladder phlegm cold<\/p>\n<p>\u00a0<\/p>\n","yn_product_pregnancy":"<p>Allowed<\/p>\n<p>\u00a0<\/p>\n","yn_product_herbs":"<p>\u00a0<\/p>\n<p>\u00a0<\/p>\n","yn_product_magisterrecipes":"<p>Sheng Di Huang \u5730\u9ec4 (Radix Rehmanniae) (29.6%)<\/p>\n<p>Ren Shen \u4eba\u53c2 (Radix Ginseng) (3.7%)<\/p>\n<p>Tian Men Dong \u5929\u51ac (Radix asparagi) (7.4%)<\/p>\n<p>Mai Men Dong \u9ea6\u51ac (Radix Ophiopogonis) (7.4%)<\/p>\n<p>Xuan Shen \u7384\u53c2 (Radix Scrophulariae) (3.7%)<\/p>\n<p>Dan Shen \u4e39\u53c2 (Radix Salviae Miltiorrhizae) (3.7%)<\/p>\n<p>Bai Fu Ling \u832f\u82d3 (Poria Alba) (3.7%)<\/p>\n<p>Yuan Zhi \u8fdc\u5fd7 (Radix Polygalae) (3.7%)<\/p>\n<p>Dang Gui \u5f53\u5f52 (Radix Angelicae Sinensis) (7.4%)<\/p>\n<p>Wu Wei Zi \u4e94\u5473\u5b50 (Fructus Schisandrae) (7.4%)<\/p>\n<p>Bai Zi Ren \u67cf\u5b50\u4ec1 (Semen Platycladi) (7.4%)<\/p>\n<p>Chao Suan Zao Ren \u9178\u67a3\u4ec1 (Semen Ziziphi Spinosae Praep) (7.4%)<\/p>\n<p>Jie Geng \u6854\u6897 (Radix Platycodi) (3.7%)<\/p>\n<p>\u00a0<\/p>\n<p><iframe class=\"ginger-extension-definitionpopup\" style=\"display: none;\"><\/iframe><\/p>\n"},"yoast_head":"<!-- This site is optimized with the Yoast SEO plugin v24.9 - https:\/\/yoast.com\/wordpress\/plugins\/seo\/ -->\n<title>Tian Wang Bu Xin Tang - Claude Diolosa<\/title>\n<meta name=\"robots\" content=\"index, follow, max-snippet:-1, max-image-preview:large, max-video-preview:-1\" \/>\n<link rel=\"canonical\" href=\"https:\/\/shop.diolosa.com\/en\/product\/tian-wang-bu-xin-tang\/\" \/>\n<meta property=\"og:locale\" content=\"en_US\" \/>\n<meta property=\"og:type\" content=\"article\" \/>\n<meta property=\"og:title\" content=\"Tian Wang Bu Xin Tang - Claude Diolosa\" \/>\n<meta property=\"og:description\" content=\"&nbsp; &nbsp; &nbsp; &nbsp; &nbsp; &nbsp;\" \/>\n<meta property=\"og:url\" content=\"https:\/\/shop.diolosa.com\/en\/product\/tian-wang-bu-xin-tang\/\" \/>\n<meta property=\"og:site_name\" content=\"Claude Diolosa\" \/>\n<meta property=\"article:publisher\" content=\"https:\/\/facebook.com\/claudediolosa\" \/>\n<meta property=\"article:modified_time\" content=\"2025-04-24T19:23:43+00:00\" \/>\n<meta property=\"og:image\" content=\"https:\/\/shop.diolosa.com\/wp-content\/uploads\/2022\/08\/magisterformel.jpg\" \/>\n\t<meta property=\"og:image:width\" content=\"800\" \/>\n\t<meta property=\"og:image:height\" content=\"533\" \/>\n\t<meta property=\"og:image:type\" content=\"image\/jpeg\" \/>\n<meta name=\"twitter:card\" content=\"summary_large_image\" \/>\n<script type=\"application\/ld+json\" class=\"yoast-schema-graph\">{\"@context\":\"https:\/\/schema.org\",\"@graph\":[{\"@type\":\"WebPage\",\"@id\":\"https:\/\/shop.diolosa.com\/en\/product\/tian-wang-bu-xin-tang\/\",\"url\":\"https:\/\/shop.diolosa.com\/en\/product\/tian-wang-bu-xin-tang\/\",\"name\":\"Tian Wang Bu Xin Tang - Claude Diolosa\",\"isPartOf\":{\"@id\":\"https:\/\/shop.diolosa.com\/en\/#website\"},\"primaryImageOfPage\":{\"@id\":\"https:\/\/shop.diolosa.com\/en\/product\/tian-wang-bu-xin-tang\/#primaryimage\"},\"image\":{\"@id\":\"https:\/\/shop.diolosa.com\/en\/product\/tian-wang-bu-xin-tang\/#primaryimage\"},\"thumbnailUrl\":\"https:\/\/shop.diolosa.com\/wp-content\/uploads\/2022\/08\/magisterformel.jpg\",\"datePublished\":\"2025-03-10T05:59:25+00:00\",\"dateModified\":\"2025-04-24T19:23:43+00:00\",\"breadcrumb\":{\"@id\":\"https:\/\/shop.diolosa.com\/en\/product\/tian-wang-bu-xin-tang\/#breadcrumb\"},\"inLanguage\":\"en-US\",\"potentialAction\":[{\"@type\":\"ReadAction\",\"target\":[\"https:\/\/shop.diolosa.com\/en\/product\/tian-wang-bu-xin-tang\/\"]}]},{\"@type\":\"ImageObject\",\"inLanguage\":\"en-US\",\"@id\":\"https:\/\/shop.diolosa.com\/en\/product\/tian-wang-bu-xin-tang\/#primaryimage\",\"url\":\"https:\/\/shop.diolosa.com\/wp-content\/uploads\/2022\/08\/magisterformel.jpg\",\"contentUrl\":\"https:\/\/shop.diolosa.com\/wp-content\/uploads\/2022\/08\/magisterformel.jpg\",\"width\":800,\"height\":533},{\"@type\":\"BreadcrumbList\",\"@id\":\"https:\/\/shop.diolosa.com\/en\/product\/tian-wang-bu-xin-tang\/#breadcrumb\",\"itemListElement\":[{\"@type\":\"ListItem\",\"position\":1,\"name\":\"Startseite\",\"item\":\"https:\/\/shop.diolosa.com\/en\/?page_id=3835693\"},{\"@type\":\"ListItem\",\"position\":2,\"name\":\"Store\",\"item\":\"https:\/\/shop.diolosa.com\/en\/?page_id=3835693\"},{\"@type\":\"ListItem\",\"position\":3,\"name\":\"Tian Wang Bu Xin Tang\"}]},{\"@type\":\"WebSite\",\"@id\":\"https:\/\/shop.diolosa.com\/en\/#website\",\"url\":\"https:\/\/shop.diolosa.com\/en\/\",\"name\":\"Claude Diolosa\",\"description\":\"\",\"publisher\":{\"@id\":\"https:\/\/shop.diolosa.com\/en\/#organization\"},\"potentialAction\":[{\"@type\":\"SearchAction\",\"target\":{\"@type\":\"EntryPoint\",\"urlTemplate\":\"https:\/\/shop.diolosa.com\/en\/?s={search_term_string}\"},\"query-input\":{\"@type\":\"PropertyValueSpecification\",\"valueRequired\":true,\"valueName\":\"search_term_string\"}}],\"inLanguage\":\"en-US\"},{\"@type\":\"Organization\",\"@id\":\"https:\/\/shop.diolosa.com\/en\/#organization\",\"name\":\"Claude Diolosa\",\"url\":\"https:\/\/shop.diolosa.com\/en\/\",\"logo\":{\"@type\":\"ImageObject\",\"inLanguage\":\"en-US\",\"@id\":\"https:\/\/shop.diolosa.com\/en\/#\/schema\/logo\/image\/\",\"url\":\"https:\/\/shop.diolosa.com\/wp-content\/uploads\/2019\/08\/diolosa-drop-logo-new.png\",\"contentUrl\":\"https:\/\/shop.diolosa.com\/wp-content\/uploads\/2019\/08\/diolosa-drop-logo-new.png\",\"width\":134,\"height\":176,\"caption\":\"Claude Diolosa\"},\"image\":{\"@id\":\"https:\/\/shop.diolosa.com\/en\/#\/schema\/logo\/image\/\"},\"sameAs\":[\"https:\/\/facebook.com\/claudediolosa\",\"https:\/\/www.instagram.com\/diolosaclaude108\/\"]}]}<\/script>\n<!-- \/ Yoast SEO plugin. -->","yoast_head_json":{"title":"Tian Wang Bu Xin Tang - Claude Diolosa","robots":{"index":"index","follow":"follow","max-snippet":"max-snippet:-1","max-image-preview":"max-image-preview:large","max-video-preview":"max-video-preview:-1"},"canonical":"https:\/\/shop.diolosa.com\/en\/product\/tian-wang-bu-xin-tang\/","og_locale":"en_US","og_type":"article","og_title":"Tian Wang Bu Xin Tang - Claude Diolosa","og_description":"&nbsp; &nbsp; &nbsp; &nbsp; &nbsp; &nbsp;","og_url":"https:\/\/shop.diolosa.com\/en\/product\/tian-wang-bu-xin-tang\/","og_site_name":"Claude Diolosa","article_publisher":"https:\/\/facebook.com\/claudediolosa","article_modified_time":"2025-04-24T19:23:43+00:00","og_image":[{"width":800,"height":533,"url":"https:\/\/shop.diolosa.com\/wp-content\/uploads\/2022\/08\/magisterformel.jpg","type":"image\/jpeg"}],"twitter_card":"summary_large_image","schema":{"@context":"https:\/\/schema.org","@graph":[{"@type":"WebPage","@id":"https:\/\/shop.diolosa.com\/en\/product\/tian-wang-bu-xin-tang\/","url":"https:\/\/shop.diolosa.com\/en\/product\/tian-wang-bu-xin-tang\/","name":"Tian Wang Bu Xin Tang - Claude Diolosa","isPartOf":{"@id":"https:\/\/shop.diolosa.com\/en\/#website"},"primaryImageOfPage":{"@id":"https:\/\/shop.diolosa.com\/en\/product\/tian-wang-bu-xin-tang\/#primaryimage"},"image":{"@id":"https:\/\/shop.diolosa.com\/en\/product\/tian-wang-bu-xin-tang\/#primaryimage"},"thumbnailUrl":"https:\/\/shop.diolosa.com\/wp-content\/uploads\/2022\/08\/magisterformel.jpg","datePublished":"2025-03-10T05:59:25+00:00","dateModified":"2025-04-24T19:23:43+00:00","breadcrumb":{"@id":"https:\/\/shop.diolosa.com\/en\/product\/tian-wang-bu-xin-tang\/#breadcrumb"},"inLanguage":"en-US","potentialAction":[{"@type":"ReadAction","target":["https:\/\/shop.diolosa.com\/en\/product\/tian-wang-bu-xin-tang\/"]}]},{"@type":"ImageObject","inLanguage":"en-US","@id":"https:\/\/shop.diolosa.com\/en\/product\/tian-wang-bu-xin-tang\/#primaryimage","url":"https:\/\/shop.diolosa.com\/wp-content\/uploads\/2022\/08\/magisterformel.jpg","contentUrl":"https:\/\/shop.diolosa.com\/wp-content\/uploads\/2022\/08\/magisterformel.jpg","width":800,"height":533},{"@type":"BreadcrumbList","@id":"https:\/\/shop.diolosa.com\/en\/product\/tian-wang-bu-xin-tang\/#breadcrumb","itemListElement":[{"@type":"ListItem","position":1,"name":"Startseite","item":"https:\/\/shop.diolosa.com\/en\/?page_id=3835693"},{"@type":"ListItem","position":2,"name":"Store","item":"https:\/\/shop.diolosa.com\/en\/?page_id=3835693"},{"@type":"ListItem","position":3,"name":"Tian Wang Bu Xin Tang"}]},{"@type":"WebSite","@id":"https:\/\/shop.diolosa.com\/en\/#website","url":"https:\/\/shop.diolosa.com\/en\/","name":"Claude Diolosa","description":"","publisher":{"@id":"https:\/\/shop.diolosa.com\/en\/#organization"},"potentialAction":[{"@type":"SearchAction","target":{"@type":"EntryPoint","urlTemplate":"https:\/\/shop.diolosa.com\/en\/?s={search_term_string}"},"query-input":{"@type":"PropertyValueSpecification","valueRequired":true,"valueName":"search_term_string"}}],"inLanguage":"en-US"},{"@type":"Organization","@id":"https:\/\/shop.diolosa.com\/en\/#organization","name":"Claude Diolosa","url":"https:\/\/shop.diolosa.com\/en\/","logo":{"@type":"ImageObject","inLanguage":"en-US","@id":"https:\/\/shop.diolosa.com\/en\/#\/schema\/logo\/image\/","url":"https:\/\/shop.diolosa.com\/wp-content\/uploads\/2019\/08\/diolosa-drop-logo-new.png","contentUrl":"https:\/\/shop.diolosa.com\/wp-content\/uploads\/2019\/08\/diolosa-drop-logo-new.png","width":134,"height":176,"caption":"Claude Diolosa"},"image":{"@id":"https:\/\/shop.diolosa.com\/en\/#\/schema\/logo\/image\/"},"sameAs":["https:\/\/facebook.com\/claudediolosa","https:\/\/www.instagram.com\/diolosaclaude108\/"]}]}},"_links":{"self":[{"href":"https:\/\/shop.diolosa.com\/en\/wp-json\/wp\/v2\/product\/3841488","targetHints":{"allow":["GET"]}}],"collection":[{"href":"https:\/\/shop.diolosa.com\/en\/wp-json\/wp\/v2\/product"}],"about":[{"href":"https:\/\/shop.diolosa.com\/en\/wp-json\/wp\/v2\/types\/product"}],"wp:featuredmedia":[{"embeddable":true,"href":"https:\/\/shop.diolosa.com\/en\/wp-json\/wp\/v2\/media\/1385921"}],"wp:attachment":[{"href":"https:\/\/shop.diolosa.com\/en\/wp-json\/wp\/v2\/media?parent=3841488"}],"wp:term":[{"taxonomy":"product_brand","embeddable":true,"href":"https:\/\/shop.diolosa.com\/en\/wp-json\/wp\/v2\/product_brand?post=3841488"},{"taxonomy":"product_cat","embeddable":true,"href":"https:\/\/shop.diolosa.com\/en\/wp-json\/wp\/v2\/product_cat?post=3841488"},{"taxonomy":"product_tag","embeddable":true,"href":"https:\/\/shop.diolosa.com\/en\/wp-json\/wp\/v2\/product_tag?post=3841488"}],"curies":[{"name":"wp","href":"https:\/\/api.w.org\/{rel}","templated":true}]}}