{"id":3841500,"date":"2022-08-31T07:48:22","date_gmt":"2025-03-10T05:59:30","guid":{"rendered":"https:\/\/shop.diolosa.com\/product\/shou-wu-pian\/"},"modified":"2025-04-24T20:23:40","modified_gmt":"2025-04-24T19:23:40","slug":"shou-wu-pian","status":"publish","type":"product","link":"https:\/\/shop.diolosa.com\/en\/product\/shou-wu-pian\/","title":{"rendered":"Shou Wu Pian"},"content":{"rendered":"<p><strong>SHOU WU PIAN &#8220;Zhi He Sho Wu Extract<\/strong><strong>&#8220;<\/strong><\/p>\n<p><strong> Nourishes<strong>the liver and kidneys<\/strong><\/p>\n<p> Herbal pellets according to traditional Chinese medicine<\/p>\n<p>Dietary supplement<\/p>\n<p>Manufacturer: Apotheke Boznerplatz<\/p>\n<p>100% tested high-quality ingredients<\/strong><\/p>\n<p>&nbsp;<\/p>\n<p>&nbsp;<\/p>\n<p>&nbsp;<\/p>\n<p>&nbsp;<\/p>\n<p>&nbsp;<\/p>\n<p>&nbsp;<\/p>\n<p>&nbsp;<\/p>\n","protected":false},"excerpt":{"rendered":"<p>&nbsp;<\/p>\n<p>&nbsp;<\/p>\n<p>&nbsp;<\/p>\n<p>&nbsp;<\/p>\n<p>&nbsp;<\/p>\n<p>&nbsp;<\/p>\n<p>&nbsp;<\/p>\n<p>&nbsp;<\/p>\n","protected":false},"featured_media":1385921,"template":"","meta":{"_acf_changed":false},"product_brand":[],"product_cat":[12152],"product_tag":[12538],"class_list":{"0":"post-3841500","1":"product","2":"type-product","3":"status-publish","4":"has-post-thumbnail","6":"product_cat-master-formulas","7":"product_tag-hair-loss","9":"first","10":"instock","11":"taxable","12":"shipping-taxable","13":"purchasable","14":"product-type-simple"},"acf":{"yn_product_audio":"https:\/\/shop.diolosa.com\/wp-content\/uploads\/2022\/10\/DL_ShouWuPian.m4a","yn_product_video":"https:\/\/shop.diolosa.com\/wp-content\/uploads\/2025\/04\/Shou-Wu-Pian.mp4","yn_product_akupunktur":"<p>Bladder\/Bladder-23 \u814e\u4fde sh\u00e8n sh\u016bn, Gallbladder\/Gallbladder-25 \u4eac\u9580 j\u012bng m\u00e9n, Kidneys\/Kidneys-3 \u592a\u8c3f ta\u00ec x\u012b, Gallbladder39 \u61f8\u9418 xu\u00e1n zh\u014dng, Ren-4 \u95dc\u5143 gu\u0101n yu\u00e1n,, Ren-6 \u6c23\u6d77 q\u00ec h\u01cei, Bladder-17 \u8188\u4fde g\u00e9 sh\u016b ., Stomach\/stomach-36 \u8db3\u4e09\u91cc z\u00fa s\u0101n l\u01d0., Spleen\/spleen-6 \u4e09\u9670\u4ea4 s\u0101n y\u012bn ji\u0101o. tonify &#8211; bu fa<\/p>\n<p>\u00a0<\/p>\n<p>\u00a0<\/p>\n<p>\u00a0<\/p>\n<p>\u00a0<\/p>\n","yn_product_verabreichungsart":"Pellets 200 pcs.","yn_product_dosierung":"<p>Take 3 x 3 to 6 tablets a day with water<\/p>\n<p>\u00a0<\/p>\n","yn_product_combinations":"<p><b>BLACK CROWN (hair loss), DAKINI&#8217;S HAIR WATER (<\/b>hair water), <b>IRON DROPS <\/b>(anemia),<span class=\"Apple-converted-space\"> <\/span><b> YIN ROOT and SAN BAO TEA <\/b>(kidney Qi and Jing deficiency), <b>YANG ROOT and RINCHEN TEE<span class=\"Apple-converted-space\"> <\/span><\/b> (kidney Yang and Jing deficiency), <b>DEEP SLEEP FORTE and GOOD DREAMS TEE <\/b>(insomnia), <b>HAPPY DAYS<span class=\"Apple-converted-space\"> <\/span><\/b> (stress), <b>BURNOUT RELIEF <\/b>(burnout syndrome)<\/p>\n<p>\u00a0<\/p>\n","yn_product_avoidable":"<p>Cold drinks and food, lettuce, tomatoes, cucumber, coffee, black tea, yogurt, tropical fruit<\/p>\n<p>\u00a0<\/p>\n","yn_product_tcm_mindmapping":"<p>Spleen Qi deficiency > Kidney Jing and liver blood deficiency > TAN<\/p>\n<p>\u00a0<\/p>\n","yn_product_tongue_body":"<p>Pale, Schmall<\/p>\n<p>\u00a0<\/p>\n","yn_product_tongue_coating":"<p>Thin, white and dry<\/p>\n<p>\u00a0<\/p>\n","yn_product_pulse_diagnostics":"<p>Xi Mai &#8211; Filiform Pulse , Xu Mai &#8211; Empty Pulse or Fu Mai &#8211; Superficial Pulse , Xi Mai &#8211; Filiform Pulse , Xu Mai &#8211; Empty Pulse , Duan Mai &#8211; Short Pulse<\/p>\n<p>\u00a0<\/p>\n","yn_product_indications":"<p>Hair loss, thin, greasy and brittle hair, split ends, circular hair loss, blood deficiency, alopecia errata, hypotension, anemia<\/p>\n<p>\u00a0<\/p>\n","yn_product_contra_indications":"<p>Wet cold and wet heat<\/p>\n<p>\u00a0<\/p>\n","yn_product_pregnancy":"<p>Allowed<\/p>\n<p>\u00a0<\/p>\n","yn_product_herbs":"<p>\u00a0<\/p>\n<p>\u00a0<\/p>\n","yn_product_magisterrecipes":"<p>Zi He Shou Wu \u4f55\u9996\u4e4c (Radix Polygoni Multiflori Praeparata) 100%<\/p>\n<p>\u00a0<\/p>\n"},"yoast_head":"<!-- This site is optimized with the Yoast SEO plugin v24.9 - https:\/\/yoast.com\/wordpress\/plugins\/seo\/ -->\n<title>Shou Wu Pian - Claude Diolosa<\/title>\n<meta name=\"robots\" content=\"index, follow, max-snippet:-1, max-image-preview:large, max-video-preview:-1\" \/>\n<link rel=\"canonical\" href=\"https:\/\/shop.diolosa.com\/en\/product\/shou-wu-pian\/\" \/>\n<meta property=\"og:locale\" content=\"en_US\" \/>\n<meta property=\"og:type\" content=\"article\" \/>\n<meta property=\"og:title\" content=\"Shou Wu Pian - Claude Diolosa\" \/>\n<meta property=\"og:description\" content=\"&nbsp; &nbsp; &nbsp; &nbsp; &nbsp; &nbsp; &nbsp; &nbsp;\" \/>\n<meta property=\"og:url\" content=\"https:\/\/shop.diolosa.com\/en\/product\/shou-wu-pian\/\" \/>\n<meta property=\"og:site_name\" content=\"Claude Diolosa\" \/>\n<meta property=\"article:publisher\" content=\"https:\/\/facebook.com\/claudediolosa\" \/>\n<meta property=\"article:modified_time\" content=\"2025-04-24T19:23:40+00:00\" \/>\n<meta property=\"og:image\" content=\"https:\/\/shop.diolosa.com\/wp-content\/uploads\/2022\/08\/magisterformel.jpg\" \/>\n\t<meta property=\"og:image:width\" content=\"800\" \/>\n\t<meta property=\"og:image:height\" content=\"533\" \/>\n\t<meta property=\"og:image:type\" content=\"image\/jpeg\" \/>\n<meta name=\"twitter:card\" content=\"summary_large_image\" \/>\n<script type=\"application\/ld+json\" class=\"yoast-schema-graph\">{\"@context\":\"https:\/\/schema.org\",\"@graph\":[{\"@type\":\"WebPage\",\"@id\":\"https:\/\/shop.diolosa.com\/en\/product\/shou-wu-pian\/\",\"url\":\"https:\/\/shop.diolosa.com\/en\/product\/shou-wu-pian\/\",\"name\":\"Shou Wu Pian - Claude Diolosa\",\"isPartOf\":{\"@id\":\"https:\/\/shop.diolosa.com\/en\/#website\"},\"primaryImageOfPage\":{\"@id\":\"https:\/\/shop.diolosa.com\/en\/product\/shou-wu-pian\/#primaryimage\"},\"image\":{\"@id\":\"https:\/\/shop.diolosa.com\/en\/product\/shou-wu-pian\/#primaryimage\"},\"thumbnailUrl\":\"https:\/\/shop.diolosa.com\/wp-content\/uploads\/2022\/08\/magisterformel.jpg\",\"datePublished\":\"2025-03-10T05:59:30+00:00\",\"dateModified\":\"2025-04-24T19:23:40+00:00\",\"breadcrumb\":{\"@id\":\"https:\/\/shop.diolosa.com\/en\/product\/shou-wu-pian\/#breadcrumb\"},\"inLanguage\":\"en-US\",\"potentialAction\":[{\"@type\":\"ReadAction\",\"target\":[\"https:\/\/shop.diolosa.com\/en\/product\/shou-wu-pian\/\"]}]},{\"@type\":\"ImageObject\",\"inLanguage\":\"en-US\",\"@id\":\"https:\/\/shop.diolosa.com\/en\/product\/shou-wu-pian\/#primaryimage\",\"url\":\"https:\/\/shop.diolosa.com\/wp-content\/uploads\/2022\/08\/magisterformel.jpg\",\"contentUrl\":\"https:\/\/shop.diolosa.com\/wp-content\/uploads\/2022\/08\/magisterformel.jpg\",\"width\":800,\"height\":533},{\"@type\":\"BreadcrumbList\",\"@id\":\"https:\/\/shop.diolosa.com\/en\/product\/shou-wu-pian\/#breadcrumb\",\"itemListElement\":[{\"@type\":\"ListItem\",\"position\":1,\"name\":\"Startseite\",\"item\":\"https:\/\/shop.diolosa.com\/en\/?page_id=3835693\"},{\"@type\":\"ListItem\",\"position\":2,\"name\":\"Store\",\"item\":\"https:\/\/shop.diolosa.com\/en\/?page_id=3835693\"},{\"@type\":\"ListItem\",\"position\":3,\"name\":\"Shou Wu Pian\"}]},{\"@type\":\"WebSite\",\"@id\":\"https:\/\/shop.diolosa.com\/en\/#website\",\"url\":\"https:\/\/shop.diolosa.com\/en\/\",\"name\":\"Claude Diolosa\",\"description\":\"\",\"publisher\":{\"@id\":\"https:\/\/shop.diolosa.com\/en\/#organization\"},\"potentialAction\":[{\"@type\":\"SearchAction\",\"target\":{\"@type\":\"EntryPoint\",\"urlTemplate\":\"https:\/\/shop.diolosa.com\/en\/?s={search_term_string}\"},\"query-input\":{\"@type\":\"PropertyValueSpecification\",\"valueRequired\":true,\"valueName\":\"search_term_string\"}}],\"inLanguage\":\"en-US\"},{\"@type\":\"Organization\",\"@id\":\"https:\/\/shop.diolosa.com\/en\/#organization\",\"name\":\"Claude Diolosa\",\"url\":\"https:\/\/shop.diolosa.com\/en\/\",\"logo\":{\"@type\":\"ImageObject\",\"inLanguage\":\"en-US\",\"@id\":\"https:\/\/shop.diolosa.com\/en\/#\/schema\/logo\/image\/\",\"url\":\"https:\/\/shop.diolosa.com\/wp-content\/uploads\/2019\/08\/diolosa-drop-logo-new.png\",\"contentUrl\":\"https:\/\/shop.diolosa.com\/wp-content\/uploads\/2019\/08\/diolosa-drop-logo-new.png\",\"width\":134,\"height\":176,\"caption\":\"Claude Diolosa\"},\"image\":{\"@id\":\"https:\/\/shop.diolosa.com\/en\/#\/schema\/logo\/image\/\"},\"sameAs\":[\"https:\/\/facebook.com\/claudediolosa\",\"https:\/\/www.instagram.com\/diolosaclaude108\/\"]}]}<\/script>\n<!-- \/ Yoast SEO plugin. -->","yoast_head_json":{"title":"Shou Wu Pian - Claude Diolosa","robots":{"index":"index","follow":"follow","max-snippet":"max-snippet:-1","max-image-preview":"max-image-preview:large","max-video-preview":"max-video-preview:-1"},"canonical":"https:\/\/shop.diolosa.com\/en\/product\/shou-wu-pian\/","og_locale":"en_US","og_type":"article","og_title":"Shou Wu Pian - Claude Diolosa","og_description":"&nbsp; &nbsp; &nbsp; &nbsp; &nbsp; &nbsp; &nbsp; &nbsp;","og_url":"https:\/\/shop.diolosa.com\/en\/product\/shou-wu-pian\/","og_site_name":"Claude Diolosa","article_publisher":"https:\/\/facebook.com\/claudediolosa","article_modified_time":"2025-04-24T19:23:40+00:00","og_image":[{"width":800,"height":533,"url":"https:\/\/shop.diolosa.com\/wp-content\/uploads\/2022\/08\/magisterformel.jpg","type":"image\/jpeg"}],"twitter_card":"summary_large_image","schema":{"@context":"https:\/\/schema.org","@graph":[{"@type":"WebPage","@id":"https:\/\/shop.diolosa.com\/en\/product\/shou-wu-pian\/","url":"https:\/\/shop.diolosa.com\/en\/product\/shou-wu-pian\/","name":"Shou Wu Pian - Claude Diolosa","isPartOf":{"@id":"https:\/\/shop.diolosa.com\/en\/#website"},"primaryImageOfPage":{"@id":"https:\/\/shop.diolosa.com\/en\/product\/shou-wu-pian\/#primaryimage"},"image":{"@id":"https:\/\/shop.diolosa.com\/en\/product\/shou-wu-pian\/#primaryimage"},"thumbnailUrl":"https:\/\/shop.diolosa.com\/wp-content\/uploads\/2022\/08\/magisterformel.jpg","datePublished":"2025-03-10T05:59:30+00:00","dateModified":"2025-04-24T19:23:40+00:00","breadcrumb":{"@id":"https:\/\/shop.diolosa.com\/en\/product\/shou-wu-pian\/#breadcrumb"},"inLanguage":"en-US","potentialAction":[{"@type":"ReadAction","target":["https:\/\/shop.diolosa.com\/en\/product\/shou-wu-pian\/"]}]},{"@type":"ImageObject","inLanguage":"en-US","@id":"https:\/\/shop.diolosa.com\/en\/product\/shou-wu-pian\/#primaryimage","url":"https:\/\/shop.diolosa.com\/wp-content\/uploads\/2022\/08\/magisterformel.jpg","contentUrl":"https:\/\/shop.diolosa.com\/wp-content\/uploads\/2022\/08\/magisterformel.jpg","width":800,"height":533},{"@type":"BreadcrumbList","@id":"https:\/\/shop.diolosa.com\/en\/product\/shou-wu-pian\/#breadcrumb","itemListElement":[{"@type":"ListItem","position":1,"name":"Startseite","item":"https:\/\/shop.diolosa.com\/en\/?page_id=3835693"},{"@type":"ListItem","position":2,"name":"Store","item":"https:\/\/shop.diolosa.com\/en\/?page_id=3835693"},{"@type":"ListItem","position":3,"name":"Shou Wu Pian"}]},{"@type":"WebSite","@id":"https:\/\/shop.diolosa.com\/en\/#website","url":"https:\/\/shop.diolosa.com\/en\/","name":"Claude Diolosa","description":"","publisher":{"@id":"https:\/\/shop.diolosa.com\/en\/#organization"},"potentialAction":[{"@type":"SearchAction","target":{"@type":"EntryPoint","urlTemplate":"https:\/\/shop.diolosa.com\/en\/?s={search_term_string}"},"query-input":{"@type":"PropertyValueSpecification","valueRequired":true,"valueName":"search_term_string"}}],"inLanguage":"en-US"},{"@type":"Organization","@id":"https:\/\/shop.diolosa.com\/en\/#organization","name":"Claude Diolosa","url":"https:\/\/shop.diolosa.com\/en\/","logo":{"@type":"ImageObject","inLanguage":"en-US","@id":"https:\/\/shop.diolosa.com\/en\/#\/schema\/logo\/image\/","url":"https:\/\/shop.diolosa.com\/wp-content\/uploads\/2019\/08\/diolosa-drop-logo-new.png","contentUrl":"https:\/\/shop.diolosa.com\/wp-content\/uploads\/2019\/08\/diolosa-drop-logo-new.png","width":134,"height":176,"caption":"Claude Diolosa"},"image":{"@id":"https:\/\/shop.diolosa.com\/en\/#\/schema\/logo\/image\/"},"sameAs":["https:\/\/facebook.com\/claudediolosa","https:\/\/www.instagram.com\/diolosaclaude108\/"]}]}},"_links":{"self":[{"href":"https:\/\/shop.diolosa.com\/en\/wp-json\/wp\/v2\/product\/3841500","targetHints":{"allow":["GET"]}}],"collection":[{"href":"https:\/\/shop.diolosa.com\/en\/wp-json\/wp\/v2\/product"}],"about":[{"href":"https:\/\/shop.diolosa.com\/en\/wp-json\/wp\/v2\/types\/product"}],"wp:featuredmedia":[{"embeddable":true,"href":"https:\/\/shop.diolosa.com\/en\/wp-json\/wp\/v2\/media\/1385921"}],"wp:attachment":[{"href":"https:\/\/shop.diolosa.com\/en\/wp-json\/wp\/v2\/media?parent=3841500"}],"wp:term":[{"taxonomy":"product_brand","embeddable":true,"href":"https:\/\/shop.diolosa.com\/en\/wp-json\/wp\/v2\/product_brand?post=3841500"},{"taxonomy":"product_cat","embeddable":true,"href":"https:\/\/shop.diolosa.com\/en\/wp-json\/wp\/v2\/product_cat?post=3841500"},{"taxonomy":"product_tag","embeddable":true,"href":"https:\/\/shop.diolosa.com\/en\/wp-json\/wp\/v2\/product_tag?post=3841500"}],"curies":[{"name":"wp","href":"https:\/\/api.w.org\/{rel}","templated":true}]}}