{"id":3841507,"date":"2022-08-31T07:25:22","date_gmt":"2025-03-10T05:59:31","guid":{"rendered":"https:\/\/shop.diolosa.com\/product\/ma-zi-ren-wan\/"},"modified":"2025-04-24T20:23:34","modified_gmt":"2025-04-24T19:23:34","slug":"ma-zi-ren-wan","status":"publish","type":"product","link":"https:\/\/shop.diolosa.com\/en\/product\/ma-zi-ren-wan\/","title":{"rendered":"Ma Zi Ren Wan"},"content":{"rendered":"<p><strong>Ma Zi Ren Wan<\/strong> is a traditional Chinese medicine formula that is mainly used to treat constipation and support digestive well-being. It is also known as &#8220;hemp seed pill&#8221; or &#8220;hemp seed formula&#8221; because one of its main ingredients, Semen Cannabis Sativae (hemp seed), moisturizes the intestinal mucosa and promotes regular bowel movements. <\/p>\n<p>&nbsp;<\/p>\n<p>&nbsp;<\/p>\n<p>&nbsp;<\/p>\n<p>&nbsp;<\/p>\n","protected":false},"excerpt":{"rendered":"<p>&nbsp;<\/p>\n<p>&nbsp;<\/p>\n<p>&nbsp;<\/p>\n<p>&nbsp;<\/p>\n","protected":false},"featured_media":1385921,"template":"","meta":{"_acf_changed":false},"product_brand":[],"product_cat":[12152],"product_tag":[12006],"class_list":{"0":"post-3841507","1":"product","2":"type-product","3":"status-publish","4":"has-post-thumbnail","6":"product_cat-master-formulas","7":"product_tag-constipation-chronic","9":"first","10":"instock","11":"taxable","12":"shipping-taxable","13":"purchasable","14":"product-type-simple"},"acf":{"yn_product_audio":"https:\/\/shop.diolosa.com\/wp-content\/uploads\/2022\/10\/DL_MaZiRenWan.m4a","yn_product_video":"https:\/\/shop.diolosa.com\/wp-content\/uploads\/2025\/03\/Ma-Zi-Ren-Wan.mp4","yn_product_akupunktur":"<p>Large Intestine Dryness> Large Intestine-11 \u66f2\u6c60 q\u016b ch\u00ed tonify &#8211; bu fa, Lung-9 \u592a\u6df5 t\u00e0i yu\u0101n tonify &#8211; bu fa , Lung-5 \u5c3a\u6fa4 ch\u01d0 z\u00e9<span class=\"Apple-converted-space\">  <\/span>bu fa <span class=\"Apple-converted-space\">  <\/span>> Large Intestine Qi Congestion > Stomach-25 \u5929\u6a1e ti\u0101n sh\u016b sedate &#8211; xie fa , Stomach -37 \u4e0a\u5de8\u865b sh\u00e0ng j\u00f9 x\u016b sedate &#8211; xie fa, Large Intestine\/Colon-4 \u5408\u8c37 h\u00e9 g\u01d4 sedate &#8211; xie fa <span class=\"Apple-converted-space\">  <\/span>> Large Intestine\/Colon Blood Congestion > Large Intestine\/Colon-7 \u6eab\u6e9c w\u0113n li\u016b sedate &#8211; xie fa<span class=\"Apple-converted-space\"> <\/span><\/p>\n","yn_product_verabreichungsart":"Pellets 200 pcs.","yn_product_dosierung":"<p>3 x daily 3 to 6 tablets before eating, take with water<\/p>\n","yn_product_avoidable":"<p>Spices and aromatic herbs<\/p>\n","yn_product_tcm_mindmapping":"<p>Large Intestine Juices Deficiency > Large Intestine Emptiness4 Heat > Large Intestine Qi Congestion > Large Intestine Blood Congestion > Constipation<\/p>\n","yn_product_tongue_body":"<p>Cracked and dry<\/p>\n","yn_product_tongue_coating":"<p>Yellowish and dry<\/p>\n","yn_product_pulse_diagnostics":"<p>Xi Mai &#8211; Thin pulse , Xian Mai &#8211; String-like pulse , Shuo Mai &#8211; Fast pulse<\/p>\n","yn_product_indications":"<p>Ma Zi Ren Wan is often recommended for people suffering from constipation related to dryness and Qi stagnation in the intestines.<\/p>\n<p><strong>Effects and benefits<\/strong><br \/>\n&#8211; Moisturizes the intestines: Helps relieve intestinal dryness.<br \/>\n&#8211; Dissipates heat: Relieves internal heat stagnation.<br \/>\n&#8211; Promotes Qi movement: Improves energy flow in the body.<br \/>\n&#8211; Lubricates the bowel: Facilitates smoother bowel movements.<br \/>\n&#8211; Relieves constipation: Effective in treating difficult or infrequent bowel movements.<\/p>\n","yn_product_contra_indications":"<p>Diarrhea<\/p>\n","yn_product_pregnancy":"<p>Allowed<\/p>\n","yn_product_magisterrecipes":"<p>Huo Ma Ren \u706b\u9ebb\u4ec1 (Semen Cannabis)(28.6%)<\/p>\n<p>Ku Xing Ren \u82e6\u674f\u4ec1 (Semen Armeniacae Amarae)(11.9%)<\/p>\n<p>Bai Shao Yao \u767d\u828d (Radix Paeoniae Alba)(11,9%)<\/p>\n<p>Zhi Shi \u67b3\u5b9e (Fructus Aurantii Immaturus)(11.9%)<\/p>\n<p>Hou Po \u539a\u6734 (Cortex Magnoliae Officinalis)(11.9%)<\/p>\n<p>Shu Da Huang \u5927\u9ec4 (Radix et Rhizoma Rhei Pr\u00e4p) (23.8%)<\/p>\n"},"yoast_head":"<!-- This site is optimized with the Yoast SEO plugin v24.9 - https:\/\/yoast.com\/wordpress\/plugins\/seo\/ -->\n<title>Ma Zi Ren Wan - Claude Diolosa<\/title>\n<meta name=\"robots\" content=\"index, follow, max-snippet:-1, max-image-preview:large, max-video-preview:-1\" \/>\n<link rel=\"canonical\" href=\"https:\/\/shop.diolosa.com\/en\/product\/ma-zi-ren-wan\/\" \/>\n<meta property=\"og:locale\" content=\"en_US\" \/>\n<meta property=\"og:type\" content=\"article\" \/>\n<meta property=\"og:title\" content=\"Ma Zi Ren Wan - Claude Diolosa\" \/>\n<meta property=\"og:description\" content=\"&nbsp; &nbsp; &nbsp; &nbsp;\" \/>\n<meta property=\"og:url\" content=\"https:\/\/shop.diolosa.com\/en\/product\/ma-zi-ren-wan\/\" \/>\n<meta property=\"og:site_name\" content=\"Claude Diolosa\" \/>\n<meta property=\"article:publisher\" content=\"https:\/\/facebook.com\/claudediolosa\" \/>\n<meta property=\"article:modified_time\" content=\"2025-04-24T19:23:34+00:00\" \/>\n<meta property=\"og:image\" content=\"https:\/\/shop.diolosa.com\/wp-content\/uploads\/2022\/08\/magisterformel.jpg\" \/>\n\t<meta property=\"og:image:width\" content=\"800\" \/>\n\t<meta property=\"og:image:height\" content=\"533\" \/>\n\t<meta property=\"og:image:type\" content=\"image\/jpeg\" \/>\n<meta name=\"twitter:card\" content=\"summary_large_image\" \/>\n<script type=\"application\/ld+json\" class=\"yoast-schema-graph\">{\"@context\":\"https:\/\/schema.org\",\"@graph\":[{\"@type\":\"WebPage\",\"@id\":\"https:\/\/shop.diolosa.com\/en\/product\/ma-zi-ren-wan\/\",\"url\":\"https:\/\/shop.diolosa.com\/en\/product\/ma-zi-ren-wan\/\",\"name\":\"Ma Zi Ren Wan - Claude Diolosa\",\"isPartOf\":{\"@id\":\"https:\/\/shop.diolosa.com\/en\/#website\"},\"primaryImageOfPage\":{\"@id\":\"https:\/\/shop.diolosa.com\/en\/product\/ma-zi-ren-wan\/#primaryimage\"},\"image\":{\"@id\":\"https:\/\/shop.diolosa.com\/en\/product\/ma-zi-ren-wan\/#primaryimage\"},\"thumbnailUrl\":\"https:\/\/shop.diolosa.com\/wp-content\/uploads\/2022\/08\/magisterformel.jpg\",\"datePublished\":\"2025-03-10T05:59:31+00:00\",\"dateModified\":\"2025-04-24T19:23:34+00:00\",\"breadcrumb\":{\"@id\":\"https:\/\/shop.diolosa.com\/en\/product\/ma-zi-ren-wan\/#breadcrumb\"},\"inLanguage\":\"en-US\",\"potentialAction\":[{\"@type\":\"ReadAction\",\"target\":[\"https:\/\/shop.diolosa.com\/en\/product\/ma-zi-ren-wan\/\"]}]},{\"@type\":\"ImageObject\",\"inLanguage\":\"en-US\",\"@id\":\"https:\/\/shop.diolosa.com\/en\/product\/ma-zi-ren-wan\/#primaryimage\",\"url\":\"https:\/\/shop.diolosa.com\/wp-content\/uploads\/2022\/08\/magisterformel.jpg\",\"contentUrl\":\"https:\/\/shop.diolosa.com\/wp-content\/uploads\/2022\/08\/magisterformel.jpg\",\"width\":800,\"height\":533},{\"@type\":\"BreadcrumbList\",\"@id\":\"https:\/\/shop.diolosa.com\/en\/product\/ma-zi-ren-wan\/#breadcrumb\",\"itemListElement\":[{\"@type\":\"ListItem\",\"position\":1,\"name\":\"Startseite\",\"item\":\"https:\/\/shop.diolosa.com\/en\/?page_id=3835693\"},{\"@type\":\"ListItem\",\"position\":2,\"name\":\"Store\",\"item\":\"https:\/\/shop.diolosa.com\/en\/?page_id=3835693\"},{\"@type\":\"ListItem\",\"position\":3,\"name\":\"Ma Zi Ren Wan\"}]},{\"@type\":\"WebSite\",\"@id\":\"https:\/\/shop.diolosa.com\/en\/#website\",\"url\":\"https:\/\/shop.diolosa.com\/en\/\",\"name\":\"Claude Diolosa\",\"description\":\"\",\"publisher\":{\"@id\":\"https:\/\/shop.diolosa.com\/en\/#organization\"},\"potentialAction\":[{\"@type\":\"SearchAction\",\"target\":{\"@type\":\"EntryPoint\",\"urlTemplate\":\"https:\/\/shop.diolosa.com\/en\/?s={search_term_string}\"},\"query-input\":{\"@type\":\"PropertyValueSpecification\",\"valueRequired\":true,\"valueName\":\"search_term_string\"}}],\"inLanguage\":\"en-US\"},{\"@type\":\"Organization\",\"@id\":\"https:\/\/shop.diolosa.com\/en\/#organization\",\"name\":\"Claude Diolosa\",\"url\":\"https:\/\/shop.diolosa.com\/en\/\",\"logo\":{\"@type\":\"ImageObject\",\"inLanguage\":\"en-US\",\"@id\":\"https:\/\/shop.diolosa.com\/en\/#\/schema\/logo\/image\/\",\"url\":\"https:\/\/shop.diolosa.com\/wp-content\/uploads\/2019\/08\/diolosa-drop-logo-new.png\",\"contentUrl\":\"https:\/\/shop.diolosa.com\/wp-content\/uploads\/2019\/08\/diolosa-drop-logo-new.png\",\"width\":134,\"height\":176,\"caption\":\"Claude Diolosa\"},\"image\":{\"@id\":\"https:\/\/shop.diolosa.com\/en\/#\/schema\/logo\/image\/\"},\"sameAs\":[\"https:\/\/facebook.com\/claudediolosa\",\"https:\/\/www.instagram.com\/diolosaclaude108\/\"]}]}<\/script>\n<!-- \/ Yoast SEO plugin. -->","yoast_head_json":{"title":"Ma Zi Ren Wan - Claude Diolosa","robots":{"index":"index","follow":"follow","max-snippet":"max-snippet:-1","max-image-preview":"max-image-preview:large","max-video-preview":"max-video-preview:-1"},"canonical":"https:\/\/shop.diolosa.com\/en\/product\/ma-zi-ren-wan\/","og_locale":"en_US","og_type":"article","og_title":"Ma Zi Ren Wan - Claude Diolosa","og_description":"&nbsp; &nbsp; &nbsp; &nbsp;","og_url":"https:\/\/shop.diolosa.com\/en\/product\/ma-zi-ren-wan\/","og_site_name":"Claude Diolosa","article_publisher":"https:\/\/facebook.com\/claudediolosa","article_modified_time":"2025-04-24T19:23:34+00:00","og_image":[{"width":800,"height":533,"url":"https:\/\/shop.diolosa.com\/wp-content\/uploads\/2022\/08\/magisterformel.jpg","type":"image\/jpeg"}],"twitter_card":"summary_large_image","schema":{"@context":"https:\/\/schema.org","@graph":[{"@type":"WebPage","@id":"https:\/\/shop.diolosa.com\/en\/product\/ma-zi-ren-wan\/","url":"https:\/\/shop.diolosa.com\/en\/product\/ma-zi-ren-wan\/","name":"Ma Zi Ren Wan - Claude Diolosa","isPartOf":{"@id":"https:\/\/shop.diolosa.com\/en\/#website"},"primaryImageOfPage":{"@id":"https:\/\/shop.diolosa.com\/en\/product\/ma-zi-ren-wan\/#primaryimage"},"image":{"@id":"https:\/\/shop.diolosa.com\/en\/product\/ma-zi-ren-wan\/#primaryimage"},"thumbnailUrl":"https:\/\/shop.diolosa.com\/wp-content\/uploads\/2022\/08\/magisterformel.jpg","datePublished":"2025-03-10T05:59:31+00:00","dateModified":"2025-04-24T19:23:34+00:00","breadcrumb":{"@id":"https:\/\/shop.diolosa.com\/en\/product\/ma-zi-ren-wan\/#breadcrumb"},"inLanguage":"en-US","potentialAction":[{"@type":"ReadAction","target":["https:\/\/shop.diolosa.com\/en\/product\/ma-zi-ren-wan\/"]}]},{"@type":"ImageObject","inLanguage":"en-US","@id":"https:\/\/shop.diolosa.com\/en\/product\/ma-zi-ren-wan\/#primaryimage","url":"https:\/\/shop.diolosa.com\/wp-content\/uploads\/2022\/08\/magisterformel.jpg","contentUrl":"https:\/\/shop.diolosa.com\/wp-content\/uploads\/2022\/08\/magisterformel.jpg","width":800,"height":533},{"@type":"BreadcrumbList","@id":"https:\/\/shop.diolosa.com\/en\/product\/ma-zi-ren-wan\/#breadcrumb","itemListElement":[{"@type":"ListItem","position":1,"name":"Startseite","item":"https:\/\/shop.diolosa.com\/en\/?page_id=3835693"},{"@type":"ListItem","position":2,"name":"Store","item":"https:\/\/shop.diolosa.com\/en\/?page_id=3835693"},{"@type":"ListItem","position":3,"name":"Ma Zi Ren Wan"}]},{"@type":"WebSite","@id":"https:\/\/shop.diolosa.com\/en\/#website","url":"https:\/\/shop.diolosa.com\/en\/","name":"Claude Diolosa","description":"","publisher":{"@id":"https:\/\/shop.diolosa.com\/en\/#organization"},"potentialAction":[{"@type":"SearchAction","target":{"@type":"EntryPoint","urlTemplate":"https:\/\/shop.diolosa.com\/en\/?s={search_term_string}"},"query-input":{"@type":"PropertyValueSpecification","valueRequired":true,"valueName":"search_term_string"}}],"inLanguage":"en-US"},{"@type":"Organization","@id":"https:\/\/shop.diolosa.com\/en\/#organization","name":"Claude Diolosa","url":"https:\/\/shop.diolosa.com\/en\/","logo":{"@type":"ImageObject","inLanguage":"en-US","@id":"https:\/\/shop.diolosa.com\/en\/#\/schema\/logo\/image\/","url":"https:\/\/shop.diolosa.com\/wp-content\/uploads\/2019\/08\/diolosa-drop-logo-new.png","contentUrl":"https:\/\/shop.diolosa.com\/wp-content\/uploads\/2019\/08\/diolosa-drop-logo-new.png","width":134,"height":176,"caption":"Claude Diolosa"},"image":{"@id":"https:\/\/shop.diolosa.com\/en\/#\/schema\/logo\/image\/"},"sameAs":["https:\/\/facebook.com\/claudediolosa","https:\/\/www.instagram.com\/diolosaclaude108\/"]}]}},"_links":{"self":[{"href":"https:\/\/shop.diolosa.com\/en\/wp-json\/wp\/v2\/product\/3841507","targetHints":{"allow":["GET"]}}],"collection":[{"href":"https:\/\/shop.diolosa.com\/en\/wp-json\/wp\/v2\/product"}],"about":[{"href":"https:\/\/shop.diolosa.com\/en\/wp-json\/wp\/v2\/types\/product"}],"wp:featuredmedia":[{"embeddable":true,"href":"https:\/\/shop.diolosa.com\/en\/wp-json\/wp\/v2\/media\/1385921"}],"wp:attachment":[{"href":"https:\/\/shop.diolosa.com\/en\/wp-json\/wp\/v2\/media?parent=3841507"}],"wp:term":[{"taxonomy":"product_brand","embeddable":true,"href":"https:\/\/shop.diolosa.com\/en\/wp-json\/wp\/v2\/product_brand?post=3841507"},{"taxonomy":"product_cat","embeddable":true,"href":"https:\/\/shop.diolosa.com\/en\/wp-json\/wp\/v2\/product_cat?post=3841507"},{"taxonomy":"product_tag","embeddable":true,"href":"https:\/\/shop.diolosa.com\/en\/wp-json\/wp\/v2\/product_tag?post=3841507"}],"curies":[{"name":"wp","href":"https:\/\/api.w.org\/{rel}","templated":true}]}}