{"id":3841512,"date":"2022-08-31T07:23:28","date_gmt":"2025-03-10T05:59:34","guid":{"rendered":"https:\/\/shop.diolosa.com\/product\/long-dan-xie-gan-tang\/"},"modified":"2025-04-24T20:23:32","modified_gmt":"2025-04-24T19:23:32","slug":"long-dan-xie-gan-tang","status":"publish","type":"product","link":"https:\/\/shop.diolosa.com\/en\/product\/long-dan-xie-gan-tang\/","title":{"rendered":"Long Dan Xie Gan Tang"},"content":{"rendered":"<p><strong>LONG DAN XIE GAN TANG &#8220;Radix Gentianae Longdancao decoction that relieves the liver&#8221;<\/strong><\/p>\n<p><strong>Eliminates heat from the organs<\/strong><\/p>\n<p>&nbsp;<\/p>\n<p>&nbsp;<\/p>\n<p>Herbal pellets according to traditional Chinese medicine<\/p>\n<p>Food supplements<\/p>\n<p>Manufacturer: Pharmacy Boznerplatz<\/p>\n<p>100% tested high-quality ingredients<\/p>\n<p>&nbsp;<\/p>\n<p>&nbsp;<\/p>\n<p>&nbsp;<\/p>\n<p>&nbsp;<\/p>\n<p>&nbsp;<\/p>\n<p>&nbsp;<\/p>\n<p>&nbsp;<\/p>\n<p>&nbsp;<\/p>\n<p>&nbsp;<\/p>\n<p>&nbsp;<\/p>\n<p>&nbsp;<\/p>\n","protected":false},"excerpt":{"rendered":"<p>&nbsp;<\/p>\n<p>&nbsp;<\/p>\n<p>&nbsp;<\/p>\n<p>&nbsp;<\/p>\n<p>&nbsp;<\/p>\n<p>&nbsp;<\/p>\n<p>&nbsp;<\/p>\n<p>&nbsp;<\/p>\n<p>&nbsp;<\/p>\n<p>&nbsp;<\/p>\n<p>&nbsp;<\/p>\n<p>&nbsp;<\/p>\n","protected":false},"featured_media":1385921,"template":"","meta":{"_acf_changed":false},"product_brand":[],"product_cat":[12152],"product_tag":[12455],"class_list":{"0":"post-3841512","1":"product","2":"type-product","3":"status-publish","4":"has-post-thumbnail","6":"product_cat-master-formulas","7":"product_tag-cholecystitis","9":"first","10":"instock","11":"taxable","12":"shipping-taxable","13":"purchasable","14":"product-type-simple"},"acf":{"yn_product_audio":"https:\/\/shop.diolosa.com\/wp-content\/uploads\/2022\/10\/DL_Longanxiegantang.m4a","yn_product_video":"https:\/\/shop.diolosa.com\/wp-content\/uploads\/2025\/03\/Long-Dan-Xie-Gan-Tang-.mp4","yn_product_akupunktur":"<p>Gallbladder\/gallbladder-34 \u967d\u9675\u6cc9 y\u00e1ng l\u00edng qu\u00e1n.<\/p>\n<p>Reduce\/Sedate <b>&#8211; Xie Fa<\/b><\/p>\n<p>Gallbladder\/gallbladder-40\u4e18\u589f qi\u016b x\u016b.<\/p>\n<p>Reduce\/Sedate <b>&#8211; Xie Fa<\/b><\/p>\n<p>Gallbladder\/\/Gallbladder-24 \u65e5\u6708 r\u00ec yu\u00e8.<\/p>\n<p>Reduce\/Sedate <b>&#8211; Xie Fa<\/b><\/p>\n<p>Gallbladder-41 \u8db3\u81e8\u6ce3 z\u00fa l\u00edn q\u00ec (dai mai, shu)<\/p>\n<p>Reduce\/Sedate <b>&#8211; Xie Fa<\/b><\/p>\n<p>Pericard\/\/circulation-6 \u5167\u95dc n\u00e8i gu\u0101n<\/p>\n<p>Reduce\/Sedate <b>&#8211; Xie Fa<\/b><\/p>\n<p>EX-HN3 &#8211; \u5370\u5802 Yin Tang<\/p>\n<p>Reduce\/Sedate <b>&#8211; Xie Fa<\/b><\/p>\n<p>\u00a0<\/p>\n<p>\u00a0<\/p>\n<p>\u00a0<\/p>\n","yn_product_verabreichungsart":"Pellets 200 pcs.","yn_product_dosierung":"<p>Take 3 x 3 to 6 tablets a day with water<\/p>\n<p>\u00a0<\/p>\n","yn_product_combinations":"<p><b>WRATHFUL GENERAL <\/b>(cholecystitis)<b>, QUICK BELLY MOVEMENT<\/b> to promote absorption, <b>GREEN STONE <\/b>for gallstones, <b>HAPPY DAYS<span class=\"Apple-converted-space\"> <\/span><\/b> for relaxation, <b>NO WORRY, SIX FLOWERS, JOYFUL DAYS <\/b>are also very good for relaxation, <b>PEACEFUL NIGHTS<\/b> to relieve the gallbladder via the heart or <b>DEEP SLEEP FORTE<\/b> for Yin deficiency, <b>BURN OUT RELIEF <\/b>for burn out syndrome and depletion of Yin, <b>SHL TAMING THE DRAGON <\/b>specifically for Shao Yang complaints, <b>NIRIPSA<\/b> for the treatment of pain and <b>FLEMING <\/b>if the patient has a bacterial inflammation<span class=\"Apple-converted-space\"> <\/span><\/p>\n<p>\u00a0<\/p>\n<p>\u00a0<\/p>\n","yn_product_avoidable":"<p>Alcohol, garlic, onion, leek, chives, dill, hot spices, chocolate, fatty and fried foods, cocktails<\/p>\n<p>\u00a0<\/p>\n<p>\u00a0<\/p>\n<p>\u00a0<\/p>\n","yn_product_tcm_mindmapping":"<p>Gallbladder Qi congestion > Gallbladder phlegm heat > Gallstones or lifestyle > Gallbladder wetness\/phlegm heat > Fire<\/p>\n<p>\u00a0<\/p>\n<p>\u00a0<\/p>\n","yn_product_tongue_body":"<p style=\"text-align: left;\">Long, Strong, Spear-shaped, Red<\/p>\n<p>\u00a0<\/p>\n<p>\u00a0<\/p>\n","yn_product_tongue_coating":"<p>Yellow, Greasy, Sticky<\/p>\n<p>\u00a0<\/p>\n","yn_product_pulse_diagnostics":"<p><strong>Gallbladder position:<\/strong> Xian Mai &#8211; String-like pulse, Hua Mai &#8211; Gliding &#8211; Rolling pulse, Shi Mai &#8211; Fullness pulse, Shuo Mai &#8211; Fast pulse<\/p>\n<p>\u00a0<\/p>\n<p>\u00a0<\/p>\n","yn_product_indications":"<p>Cholecystitis, Migraine, Bitter taste in mouth, Hypertension, Dizziness, Herpes zoster, Conjunctivitis, Irritability, Aggressive, Flank pain<\/p>\n<p>\u00a0<\/p>\n<p>\u00a0<\/p>\n<p>\u00a0<\/p>\n","yn_product_contra_indications":"<p>Yang deficiency &#8211; wetness and phlegm cold<\/p>\n<p>\u00a0<\/p>\n","yn_product_pregnancy":"<p>Allowed<\/p>\n<p>\u00a0<\/p>\n","yn_product_magisterrecipes":"<p>Long Dan Cao \u9f99\u80c6 (Radix Gentianae) (8.3%)<\/p>\n<p>Huang Qin \u9ec4\u82a9 (Radix Scutellariae)(11.1%)<\/p>\n<p>Zhi Zi \u6800\u5b50 (Fructus Gardeniae) (11.1%)<\/p>\n<p>Chuan Mu Tong \u5ddd\u6728\u901a (Caulis Clematidis Armandii) (5.6%)<\/p>\n<p>Che Qian Zi \u8f66\u524d\u5b50 (Semen Plantaginis)(13.9%)<\/p>\n<p>Sheng Ze Xie \u6cfd\u6cfb (Rhizoma Alismatis) (11.1%)<\/p>\n<p>Chai Hu \u67f4\u80e1 (Radix Bupleurum)(8.3%)<\/p>\n<p>Sheng Di Huang \u5730\u9ec4 (Radix Rehmanniae) (13.9%)<\/p>\n<p>dang gui (11.1%)<\/p>\n<p>gan cao (5.6%)<\/p>\n<p>\u00a0<\/p>\n"},"yoast_head":"<!-- This site is optimized with the Yoast SEO plugin v24.9 - https:\/\/yoast.com\/wordpress\/plugins\/seo\/ -->\n<title>Long Dan Xie Gan Tang - Claude Diolosa<\/title>\n<meta name=\"robots\" content=\"index, follow, max-snippet:-1, max-image-preview:large, max-video-preview:-1\" \/>\n<link rel=\"canonical\" href=\"https:\/\/shop.diolosa.com\/en\/product\/long-dan-xie-gan-tang\/\" \/>\n<meta property=\"og:locale\" content=\"en_US\" \/>\n<meta property=\"og:type\" content=\"article\" \/>\n<meta property=\"og:title\" content=\"Long Dan Xie Gan Tang - Claude Diolosa\" \/>\n<meta property=\"og:description\" content=\"&nbsp; &nbsp; &nbsp; &nbsp; &nbsp; &nbsp; &nbsp; &nbsp; &nbsp; &nbsp; &nbsp; &nbsp;\" \/>\n<meta property=\"og:url\" content=\"https:\/\/shop.diolosa.com\/en\/product\/long-dan-xie-gan-tang\/\" \/>\n<meta property=\"og:site_name\" content=\"Claude Diolosa\" \/>\n<meta property=\"article:publisher\" content=\"https:\/\/facebook.com\/claudediolosa\" \/>\n<meta property=\"article:modified_time\" content=\"2025-04-24T19:23:32+00:00\" \/>\n<meta property=\"og:image\" content=\"https:\/\/shop.diolosa.com\/wp-content\/uploads\/2022\/08\/magisterformel.jpg\" \/>\n\t<meta property=\"og:image:width\" content=\"800\" \/>\n\t<meta property=\"og:image:height\" content=\"533\" \/>\n\t<meta property=\"og:image:type\" content=\"image\/jpeg\" \/>\n<meta name=\"twitter:card\" content=\"summary_large_image\" \/>\n<script type=\"application\/ld+json\" class=\"yoast-schema-graph\">{\"@context\":\"https:\/\/schema.org\",\"@graph\":[{\"@type\":\"WebPage\",\"@id\":\"https:\/\/shop.diolosa.com\/en\/product\/long-dan-xie-gan-tang\/\",\"url\":\"https:\/\/shop.diolosa.com\/en\/product\/long-dan-xie-gan-tang\/\",\"name\":\"Long Dan Xie Gan Tang - Claude Diolosa\",\"isPartOf\":{\"@id\":\"https:\/\/shop.diolosa.com\/en\/#website\"},\"primaryImageOfPage\":{\"@id\":\"https:\/\/shop.diolosa.com\/en\/product\/long-dan-xie-gan-tang\/#primaryimage\"},\"image\":{\"@id\":\"https:\/\/shop.diolosa.com\/en\/product\/long-dan-xie-gan-tang\/#primaryimage\"},\"thumbnailUrl\":\"https:\/\/shop.diolosa.com\/wp-content\/uploads\/2022\/08\/magisterformel.jpg\",\"datePublished\":\"2025-03-10T05:59:34+00:00\",\"dateModified\":\"2025-04-24T19:23:32+00:00\",\"breadcrumb\":{\"@id\":\"https:\/\/shop.diolosa.com\/en\/product\/long-dan-xie-gan-tang\/#breadcrumb\"},\"inLanguage\":\"en-US\",\"potentialAction\":[{\"@type\":\"ReadAction\",\"target\":[\"https:\/\/shop.diolosa.com\/en\/product\/long-dan-xie-gan-tang\/\"]}]},{\"@type\":\"ImageObject\",\"inLanguage\":\"en-US\",\"@id\":\"https:\/\/shop.diolosa.com\/en\/product\/long-dan-xie-gan-tang\/#primaryimage\",\"url\":\"https:\/\/shop.diolosa.com\/wp-content\/uploads\/2022\/08\/magisterformel.jpg\",\"contentUrl\":\"https:\/\/shop.diolosa.com\/wp-content\/uploads\/2022\/08\/magisterformel.jpg\",\"width\":800,\"height\":533},{\"@type\":\"BreadcrumbList\",\"@id\":\"https:\/\/shop.diolosa.com\/en\/product\/long-dan-xie-gan-tang\/#breadcrumb\",\"itemListElement\":[{\"@type\":\"ListItem\",\"position\":1,\"name\":\"Startseite\",\"item\":\"https:\/\/shop.diolosa.com\/en\/?page_id=3835693\"},{\"@type\":\"ListItem\",\"position\":2,\"name\":\"Store\",\"item\":\"https:\/\/shop.diolosa.com\/en\/?page_id=3835693\"},{\"@type\":\"ListItem\",\"position\":3,\"name\":\"Long Dan Xie Gan Tang\"}]},{\"@type\":\"WebSite\",\"@id\":\"https:\/\/shop.diolosa.com\/en\/#website\",\"url\":\"https:\/\/shop.diolosa.com\/en\/\",\"name\":\"Claude Diolosa\",\"description\":\"\",\"publisher\":{\"@id\":\"https:\/\/shop.diolosa.com\/en\/#organization\"},\"potentialAction\":[{\"@type\":\"SearchAction\",\"target\":{\"@type\":\"EntryPoint\",\"urlTemplate\":\"https:\/\/shop.diolosa.com\/en\/?s={search_term_string}\"},\"query-input\":{\"@type\":\"PropertyValueSpecification\",\"valueRequired\":true,\"valueName\":\"search_term_string\"}}],\"inLanguage\":\"en-US\"},{\"@type\":\"Organization\",\"@id\":\"https:\/\/shop.diolosa.com\/en\/#organization\",\"name\":\"Claude Diolosa\",\"url\":\"https:\/\/shop.diolosa.com\/en\/\",\"logo\":{\"@type\":\"ImageObject\",\"inLanguage\":\"en-US\",\"@id\":\"https:\/\/shop.diolosa.com\/en\/#\/schema\/logo\/image\/\",\"url\":\"https:\/\/shop.diolosa.com\/wp-content\/uploads\/2019\/08\/diolosa-drop-logo-new.png\",\"contentUrl\":\"https:\/\/shop.diolosa.com\/wp-content\/uploads\/2019\/08\/diolosa-drop-logo-new.png\",\"width\":134,\"height\":176,\"caption\":\"Claude Diolosa\"},\"image\":{\"@id\":\"https:\/\/shop.diolosa.com\/en\/#\/schema\/logo\/image\/\"},\"sameAs\":[\"https:\/\/facebook.com\/claudediolosa\",\"https:\/\/www.instagram.com\/diolosaclaude108\/\"]}]}<\/script>\n<!-- \/ Yoast SEO plugin. -->","yoast_head_json":{"title":"Long Dan Xie Gan Tang - Claude Diolosa","robots":{"index":"index","follow":"follow","max-snippet":"max-snippet:-1","max-image-preview":"max-image-preview:large","max-video-preview":"max-video-preview:-1"},"canonical":"https:\/\/shop.diolosa.com\/en\/product\/long-dan-xie-gan-tang\/","og_locale":"en_US","og_type":"article","og_title":"Long Dan Xie Gan Tang - Claude Diolosa","og_description":"&nbsp; &nbsp; &nbsp; &nbsp; &nbsp; &nbsp; &nbsp; &nbsp; &nbsp; &nbsp; &nbsp; &nbsp;","og_url":"https:\/\/shop.diolosa.com\/en\/product\/long-dan-xie-gan-tang\/","og_site_name":"Claude Diolosa","article_publisher":"https:\/\/facebook.com\/claudediolosa","article_modified_time":"2025-04-24T19:23:32+00:00","og_image":[{"width":800,"height":533,"url":"https:\/\/shop.diolosa.com\/wp-content\/uploads\/2022\/08\/magisterformel.jpg","type":"image\/jpeg"}],"twitter_card":"summary_large_image","schema":{"@context":"https:\/\/schema.org","@graph":[{"@type":"WebPage","@id":"https:\/\/shop.diolosa.com\/en\/product\/long-dan-xie-gan-tang\/","url":"https:\/\/shop.diolosa.com\/en\/product\/long-dan-xie-gan-tang\/","name":"Long Dan Xie Gan Tang - Claude Diolosa","isPartOf":{"@id":"https:\/\/shop.diolosa.com\/en\/#website"},"primaryImageOfPage":{"@id":"https:\/\/shop.diolosa.com\/en\/product\/long-dan-xie-gan-tang\/#primaryimage"},"image":{"@id":"https:\/\/shop.diolosa.com\/en\/product\/long-dan-xie-gan-tang\/#primaryimage"},"thumbnailUrl":"https:\/\/shop.diolosa.com\/wp-content\/uploads\/2022\/08\/magisterformel.jpg","datePublished":"2025-03-10T05:59:34+00:00","dateModified":"2025-04-24T19:23:32+00:00","breadcrumb":{"@id":"https:\/\/shop.diolosa.com\/en\/product\/long-dan-xie-gan-tang\/#breadcrumb"},"inLanguage":"en-US","potentialAction":[{"@type":"ReadAction","target":["https:\/\/shop.diolosa.com\/en\/product\/long-dan-xie-gan-tang\/"]}]},{"@type":"ImageObject","inLanguage":"en-US","@id":"https:\/\/shop.diolosa.com\/en\/product\/long-dan-xie-gan-tang\/#primaryimage","url":"https:\/\/shop.diolosa.com\/wp-content\/uploads\/2022\/08\/magisterformel.jpg","contentUrl":"https:\/\/shop.diolosa.com\/wp-content\/uploads\/2022\/08\/magisterformel.jpg","width":800,"height":533},{"@type":"BreadcrumbList","@id":"https:\/\/shop.diolosa.com\/en\/product\/long-dan-xie-gan-tang\/#breadcrumb","itemListElement":[{"@type":"ListItem","position":1,"name":"Startseite","item":"https:\/\/shop.diolosa.com\/en\/?page_id=3835693"},{"@type":"ListItem","position":2,"name":"Store","item":"https:\/\/shop.diolosa.com\/en\/?page_id=3835693"},{"@type":"ListItem","position":3,"name":"Long Dan Xie Gan Tang"}]},{"@type":"WebSite","@id":"https:\/\/shop.diolosa.com\/en\/#website","url":"https:\/\/shop.diolosa.com\/en\/","name":"Claude Diolosa","description":"","publisher":{"@id":"https:\/\/shop.diolosa.com\/en\/#organization"},"potentialAction":[{"@type":"SearchAction","target":{"@type":"EntryPoint","urlTemplate":"https:\/\/shop.diolosa.com\/en\/?s={search_term_string}"},"query-input":{"@type":"PropertyValueSpecification","valueRequired":true,"valueName":"search_term_string"}}],"inLanguage":"en-US"},{"@type":"Organization","@id":"https:\/\/shop.diolosa.com\/en\/#organization","name":"Claude Diolosa","url":"https:\/\/shop.diolosa.com\/en\/","logo":{"@type":"ImageObject","inLanguage":"en-US","@id":"https:\/\/shop.diolosa.com\/en\/#\/schema\/logo\/image\/","url":"https:\/\/shop.diolosa.com\/wp-content\/uploads\/2019\/08\/diolosa-drop-logo-new.png","contentUrl":"https:\/\/shop.diolosa.com\/wp-content\/uploads\/2019\/08\/diolosa-drop-logo-new.png","width":134,"height":176,"caption":"Claude Diolosa"},"image":{"@id":"https:\/\/shop.diolosa.com\/en\/#\/schema\/logo\/image\/"},"sameAs":["https:\/\/facebook.com\/claudediolosa","https:\/\/www.instagram.com\/diolosaclaude108\/"]}]}},"_links":{"self":[{"href":"https:\/\/shop.diolosa.com\/en\/wp-json\/wp\/v2\/product\/3841512","targetHints":{"allow":["GET"]}}],"collection":[{"href":"https:\/\/shop.diolosa.com\/en\/wp-json\/wp\/v2\/product"}],"about":[{"href":"https:\/\/shop.diolosa.com\/en\/wp-json\/wp\/v2\/types\/product"}],"wp:featuredmedia":[{"embeddable":true,"href":"https:\/\/shop.diolosa.com\/en\/wp-json\/wp\/v2\/media\/1385921"}],"wp:attachment":[{"href":"https:\/\/shop.diolosa.com\/en\/wp-json\/wp\/v2\/media?parent=3841512"}],"wp:term":[{"taxonomy":"product_brand","embeddable":true,"href":"https:\/\/shop.diolosa.com\/en\/wp-json\/wp\/v2\/product_brand?post=3841512"},{"taxonomy":"product_cat","embeddable":true,"href":"https:\/\/shop.diolosa.com\/en\/wp-json\/wp\/v2\/product_cat?post=3841512"},{"taxonomy":"product_tag","embeddable":true,"href":"https:\/\/shop.diolosa.com\/en\/wp-json\/wp\/v2\/product_tag?post=3841512"}],"curies":[{"name":"wp","href":"https:\/\/api.w.org\/{rel}","templated":true}]}}