{"id":3841516,"date":"2022-08-31T07:20:23","date_gmt":"2025-03-10T05:59:35","guid":{"rendered":"https:\/\/shop.diolosa.com\/product\/liu-wei-di-huang-wan\/"},"modified":"2025-04-24T20:24:20","modified_gmt":"2025-04-24T19:24:20","slug":"liu-wei-di-huang-wan","status":"publish","type":"product","link":"https:\/\/shop.diolosa.com\/en\/product\/liu-wei-di-huang-wan\/","title":{"rendered":"Liu Wei Di Huang Wan"},"content":{"rendered":"<p>Liu Wei Di Huang Wan is a traditional Chinese medicine formula, also known as &#8220;Rehmannia Pill with Six Ingredients&#8221;. It is mainly used to strengthen the yin of the kidneys and liver, to strengthen qi and to balance the yin-yang energies in the body. This formula is often recommended for people suffering from symptoms related to yin deficiency, such as back pain, tinnitus, sexual problems and hot flashes during menopause.  <\/p>\n<p>&nbsp;<\/p>\n<p>&nbsp;<\/p>\n<p>&nbsp;<\/p>\n<p>&nbsp;<\/p>\n","protected":false},"excerpt":{"rendered":"<p>&nbsp;<\/p>\n<p>&nbsp;<\/p>\n<p>&nbsp;<\/p>\n<p>&nbsp;<\/p>\n<p>&nbsp;<\/p>\n","protected":false},"featured_media":1385921,"template":"","meta":{"_acf_changed":false},"product_brand":[],"product_cat":[12152],"product_tag":[12550],"class_list":{"0":"post-3841516","1":"product","2":"type-product","3":"status-publish","4":"has-post-thumbnail","6":"product_cat-master-formulas","7":"product_tag-yin-emaciation","9":"first","10":"instock","11":"taxable","12":"shipping-taxable","13":"purchasable","14":"product-type-simple"},"acf":{"yn_product_audio":"https:\/\/shop.diolosa.com\/wp-content\/uploads\/2022\/10\/DL_liuweidihuangwan.m4a","yn_product_video":"https:\/\/shop.diolosa.com\/wp-content\/uploads\/2025\/03\/Liu-Wei-Di-Huang-Wan-.mp4","yn_product_akupunktur":"<p>Bladder\/Blase-23 \u814e\u4fde sh\u00e8n sh\u016b.<\/p>\n<p>Reinforce\/toning<b> &#8211; Bu Fa<span class=\"Apple-converted-space\"> <\/span><\/b> <\/p>\n<p>Kidneys\/kidneys-3 \u592a\u8c3f ta\u00ec x\u012b.<\/p>\n<p>Reinforce\/toning<b> &#8211; Bu Fa<span class=\"Apple-converted-space\"> <\/span><\/b> <\/p>\n<p>Kidneys\/kidneys-6 \u7167\u6d77 zh\u00e0o h\u01cei (yin qiao mai).<\/p>\n<p>Reinforce\/toning<b> &#8211; Bu Fa<span class=\"Apple-converted-space\"> <\/span><\/b> <\/p>\n<p>Spleen\/spleen-6 \u4e09\u9670\u4ea4 s\u0101n y\u012bn ji\u0101o.<\/p>\n<p>Reinforce\/toning<b> &#8211; Bu Fa<span class=\"Apple-converted-space\"> <\/span><\/b> <\/p>\n<p>Bladder\/Blase-43 \u818f\u8093\u4fde &#8211; Guao Huang<\/p>\n<p>Reinforce\/toning<b> &#8211; Bu Fa<span class=\"Apple-converted-space\"> <\/span><\/b> <\/p>\n<p>Stomach\/stomach-36 \u8db3\u4e09\u91cc z\u00fa s\u0101n l\u01d0.<\/p>\n<p>Reinforce\/toning<b> &#8211; Bu Fa<span class=\"Apple-converted-space\"> <\/span><\/b> <\/p>\n<p>\u00a0<\/p>\n<p>\u00a0<\/p>\n","yn_product_verabreichungsart":"Pellets 200 pcs.","yn_product_dosierung":"<p>Take 3 x 3 to 6 tablets a day with water<\/p>\n<p>\u00a0<\/p>\n","yn_product_combinations":"<p><b>SAN BAO TEE <\/b>(Kidney Yin deficiency), <b>DEEP SLEEP FORTE <\/b>(Insomnia), <b>COOL MOON <\/b>(Menopause), <b>CLEARING THE HEAT <\/b>(Yin deficiency with Empty Heat), <b>NOURISHING THE ESSENCE <\/b>(Yin and Jin Ye deficiency),<span class=\"Apple-converted-space\"> <\/span><b> REGENERATION <\/b>(Qi and Yang deficiency leads to Yin deficiency)<\/p>\n<p>\u00a0<\/p>\n","yn_product_avoidable":"<p>Cold foods, raw vegetables, coffee, black tea, green tea, tomato, cucumber, eggplant, Chinese cabbage, celery root, sugar, very hot foods such as lamb, seafood, alcohol, hot spices, nutmeg, pepper, chili<\/p>\n<p>\u00a0<\/p>\n","yn_product_tcm_mindmapping":"<p>Spleen Qi deficiency > Kidney Yin deficiency or depletion of Yin<\/p>\n<p>\u00a0<\/p>\n","yn_product_tongue_body":"<p>Thin, Red, Narrow, Dry, Cracked in the middle<\/p>\n<p>\u00a0<\/p>\n","yn_product_tongue_coating":"<p>Sparse, yellowish, dry<\/p>\n<p>\u00a0<\/p>\n","yn_product_pulse_diagnostics":"<p>Fu Mai &#8211; Superficial pulse , Xi Mai &#8211; Thread-like pulse , Xian Mai &#8211; String-like pulse , Xu Mai &#8211; Empty pulse , Shuo Mai &#8211; Fast pulse<\/p>\n<p>\u00a0<\/p>\n","yn_product_indications":"<p>Exhaustion, late effects of chemotherapy and radiotherapy, weight loss, infertility, miscarriage, listlessness, depression and exhaustion after sex, chronic back pain, ringing in the ears, exhaustion after childbirth, hair, eyebrow and eyelash loss<\/p>\n<p>\u00a0<\/p>\n","yn_product_contra_indications":"<p>Wetness\/slime Cold<\/p>\n<p>\u00a0<\/p>\n","yn_product_pregnancy":"<p>Allowed<\/p>\n<p>\u00a0<\/p>\n","yn_product_magisterrecipes":"<p>Sheng Di Huang \u5730\u9ec4 (Radix Rehmanniae) (32%)<\/p>\n<p>Shan Zhu Yu \u5c71\u8331\u8438 (Fructus Corni) (16%)<\/p>\n<p>Shan Yao \u5c71\u836f (Rhizoma Dioscoreae) (16%)<\/p>\n<p>Bai Fu Ling \u832f\u82d3 (Poria Alba) (12%)<\/p>\n<p>Mu Dan Pi \u7261\u4e39\u76ae (Cortex Moutan) (12%)<\/p>\n<p>Sheng Ze Xie \u6cfd\u6cfb (Rhizoma Alismatis) (12%)<\/p>\n<p>\u00a0<\/p>\n"},"yoast_head":"<!-- This site is optimized with the Yoast SEO plugin v24.9 - https:\/\/yoast.com\/wordpress\/plugins\/seo\/ -->\n<title>Liu Wei Di Huang Wan - Claude Diolosa<\/title>\n<meta name=\"robots\" content=\"index, follow, max-snippet:-1, max-image-preview:large, max-video-preview:-1\" \/>\n<link rel=\"canonical\" href=\"https:\/\/shop.diolosa.com\/en\/product\/liu-wei-di-huang-wan\/\" \/>\n<meta property=\"og:locale\" content=\"en_US\" \/>\n<meta property=\"og:type\" content=\"article\" \/>\n<meta property=\"og:title\" content=\"Liu Wei Di Huang Wan - Claude Diolosa\" \/>\n<meta property=\"og:description\" content=\"&nbsp; &nbsp; &nbsp; &nbsp; &nbsp;\" \/>\n<meta property=\"og:url\" content=\"https:\/\/shop.diolosa.com\/en\/product\/liu-wei-di-huang-wan\/\" \/>\n<meta property=\"og:site_name\" content=\"Claude Diolosa\" \/>\n<meta property=\"article:publisher\" content=\"https:\/\/facebook.com\/claudediolosa\" \/>\n<meta property=\"article:modified_time\" content=\"2025-04-24T19:24:20+00:00\" \/>\n<meta property=\"og:image\" content=\"https:\/\/shop.diolosa.com\/wp-content\/uploads\/2022\/08\/magisterformel.jpg\" \/>\n\t<meta property=\"og:image:width\" content=\"800\" \/>\n\t<meta property=\"og:image:height\" content=\"533\" \/>\n\t<meta property=\"og:image:type\" content=\"image\/jpeg\" \/>\n<meta name=\"twitter:card\" content=\"summary_large_image\" \/>\n<script type=\"application\/ld+json\" class=\"yoast-schema-graph\">{\"@context\":\"https:\/\/schema.org\",\"@graph\":[{\"@type\":\"WebPage\",\"@id\":\"https:\/\/shop.diolosa.com\/en\/product\/liu-wei-di-huang-wan\/\",\"url\":\"https:\/\/shop.diolosa.com\/en\/product\/liu-wei-di-huang-wan\/\",\"name\":\"Liu Wei Di Huang Wan - Claude Diolosa\",\"isPartOf\":{\"@id\":\"https:\/\/shop.diolosa.com\/en\/#website\"},\"primaryImageOfPage\":{\"@id\":\"https:\/\/shop.diolosa.com\/en\/product\/liu-wei-di-huang-wan\/#primaryimage\"},\"image\":{\"@id\":\"https:\/\/shop.diolosa.com\/en\/product\/liu-wei-di-huang-wan\/#primaryimage\"},\"thumbnailUrl\":\"https:\/\/shop.diolosa.com\/wp-content\/uploads\/2022\/08\/magisterformel.jpg\",\"datePublished\":\"2025-03-10T05:59:35+00:00\",\"dateModified\":\"2025-04-24T19:24:20+00:00\",\"breadcrumb\":{\"@id\":\"https:\/\/shop.diolosa.com\/en\/product\/liu-wei-di-huang-wan\/#breadcrumb\"},\"inLanguage\":\"en-US\",\"potentialAction\":[{\"@type\":\"ReadAction\",\"target\":[\"https:\/\/shop.diolosa.com\/en\/product\/liu-wei-di-huang-wan\/\"]}]},{\"@type\":\"ImageObject\",\"inLanguage\":\"en-US\",\"@id\":\"https:\/\/shop.diolosa.com\/en\/product\/liu-wei-di-huang-wan\/#primaryimage\",\"url\":\"https:\/\/shop.diolosa.com\/wp-content\/uploads\/2022\/08\/magisterformel.jpg\",\"contentUrl\":\"https:\/\/shop.diolosa.com\/wp-content\/uploads\/2022\/08\/magisterformel.jpg\",\"width\":800,\"height\":533},{\"@type\":\"BreadcrumbList\",\"@id\":\"https:\/\/shop.diolosa.com\/en\/product\/liu-wei-di-huang-wan\/#breadcrumb\",\"itemListElement\":[{\"@type\":\"ListItem\",\"position\":1,\"name\":\"Startseite\",\"item\":\"https:\/\/shop.diolosa.com\/en\/?page_id=3835693\"},{\"@type\":\"ListItem\",\"position\":2,\"name\":\"Store\",\"item\":\"https:\/\/shop.diolosa.com\/en\/?page_id=3835693\"},{\"@type\":\"ListItem\",\"position\":3,\"name\":\"Liu Wei Di Huang Wan\"}]},{\"@type\":\"WebSite\",\"@id\":\"https:\/\/shop.diolosa.com\/en\/#website\",\"url\":\"https:\/\/shop.diolosa.com\/en\/\",\"name\":\"Claude Diolosa\",\"description\":\"\",\"publisher\":{\"@id\":\"https:\/\/shop.diolosa.com\/en\/#organization\"},\"potentialAction\":[{\"@type\":\"SearchAction\",\"target\":{\"@type\":\"EntryPoint\",\"urlTemplate\":\"https:\/\/shop.diolosa.com\/en\/?s={search_term_string}\"},\"query-input\":{\"@type\":\"PropertyValueSpecification\",\"valueRequired\":true,\"valueName\":\"search_term_string\"}}],\"inLanguage\":\"en-US\"},{\"@type\":\"Organization\",\"@id\":\"https:\/\/shop.diolosa.com\/en\/#organization\",\"name\":\"Claude Diolosa\",\"url\":\"https:\/\/shop.diolosa.com\/en\/\",\"logo\":{\"@type\":\"ImageObject\",\"inLanguage\":\"en-US\",\"@id\":\"https:\/\/shop.diolosa.com\/en\/#\/schema\/logo\/image\/\",\"url\":\"https:\/\/shop.diolosa.com\/wp-content\/uploads\/2019\/08\/diolosa-drop-logo-new.png\",\"contentUrl\":\"https:\/\/shop.diolosa.com\/wp-content\/uploads\/2019\/08\/diolosa-drop-logo-new.png\",\"width\":134,\"height\":176,\"caption\":\"Claude Diolosa\"},\"image\":{\"@id\":\"https:\/\/shop.diolosa.com\/en\/#\/schema\/logo\/image\/\"},\"sameAs\":[\"https:\/\/facebook.com\/claudediolosa\",\"https:\/\/www.instagram.com\/diolosaclaude108\/\"]}]}<\/script>\n<!-- \/ Yoast SEO plugin. -->","yoast_head_json":{"title":"Liu Wei Di Huang Wan - Claude Diolosa","robots":{"index":"index","follow":"follow","max-snippet":"max-snippet:-1","max-image-preview":"max-image-preview:large","max-video-preview":"max-video-preview:-1"},"canonical":"https:\/\/shop.diolosa.com\/en\/product\/liu-wei-di-huang-wan\/","og_locale":"en_US","og_type":"article","og_title":"Liu Wei Di Huang Wan - Claude Diolosa","og_description":"&nbsp; &nbsp; &nbsp; &nbsp; &nbsp;","og_url":"https:\/\/shop.diolosa.com\/en\/product\/liu-wei-di-huang-wan\/","og_site_name":"Claude Diolosa","article_publisher":"https:\/\/facebook.com\/claudediolosa","article_modified_time":"2025-04-24T19:24:20+00:00","og_image":[{"width":800,"height":533,"url":"https:\/\/shop.diolosa.com\/wp-content\/uploads\/2022\/08\/magisterformel.jpg","type":"image\/jpeg"}],"twitter_card":"summary_large_image","schema":{"@context":"https:\/\/schema.org","@graph":[{"@type":"WebPage","@id":"https:\/\/shop.diolosa.com\/en\/product\/liu-wei-di-huang-wan\/","url":"https:\/\/shop.diolosa.com\/en\/product\/liu-wei-di-huang-wan\/","name":"Liu Wei Di Huang Wan - Claude Diolosa","isPartOf":{"@id":"https:\/\/shop.diolosa.com\/en\/#website"},"primaryImageOfPage":{"@id":"https:\/\/shop.diolosa.com\/en\/product\/liu-wei-di-huang-wan\/#primaryimage"},"image":{"@id":"https:\/\/shop.diolosa.com\/en\/product\/liu-wei-di-huang-wan\/#primaryimage"},"thumbnailUrl":"https:\/\/shop.diolosa.com\/wp-content\/uploads\/2022\/08\/magisterformel.jpg","datePublished":"2025-03-10T05:59:35+00:00","dateModified":"2025-04-24T19:24:20+00:00","breadcrumb":{"@id":"https:\/\/shop.diolosa.com\/en\/product\/liu-wei-di-huang-wan\/#breadcrumb"},"inLanguage":"en-US","potentialAction":[{"@type":"ReadAction","target":["https:\/\/shop.diolosa.com\/en\/product\/liu-wei-di-huang-wan\/"]}]},{"@type":"ImageObject","inLanguage":"en-US","@id":"https:\/\/shop.diolosa.com\/en\/product\/liu-wei-di-huang-wan\/#primaryimage","url":"https:\/\/shop.diolosa.com\/wp-content\/uploads\/2022\/08\/magisterformel.jpg","contentUrl":"https:\/\/shop.diolosa.com\/wp-content\/uploads\/2022\/08\/magisterformel.jpg","width":800,"height":533},{"@type":"BreadcrumbList","@id":"https:\/\/shop.diolosa.com\/en\/product\/liu-wei-di-huang-wan\/#breadcrumb","itemListElement":[{"@type":"ListItem","position":1,"name":"Startseite","item":"https:\/\/shop.diolosa.com\/en\/?page_id=3835693"},{"@type":"ListItem","position":2,"name":"Store","item":"https:\/\/shop.diolosa.com\/en\/?page_id=3835693"},{"@type":"ListItem","position":3,"name":"Liu Wei Di Huang Wan"}]},{"@type":"WebSite","@id":"https:\/\/shop.diolosa.com\/en\/#website","url":"https:\/\/shop.diolosa.com\/en\/","name":"Claude Diolosa","description":"","publisher":{"@id":"https:\/\/shop.diolosa.com\/en\/#organization"},"potentialAction":[{"@type":"SearchAction","target":{"@type":"EntryPoint","urlTemplate":"https:\/\/shop.diolosa.com\/en\/?s={search_term_string}"},"query-input":{"@type":"PropertyValueSpecification","valueRequired":true,"valueName":"search_term_string"}}],"inLanguage":"en-US"},{"@type":"Organization","@id":"https:\/\/shop.diolosa.com\/en\/#organization","name":"Claude Diolosa","url":"https:\/\/shop.diolosa.com\/en\/","logo":{"@type":"ImageObject","inLanguage":"en-US","@id":"https:\/\/shop.diolosa.com\/en\/#\/schema\/logo\/image\/","url":"https:\/\/shop.diolosa.com\/wp-content\/uploads\/2019\/08\/diolosa-drop-logo-new.png","contentUrl":"https:\/\/shop.diolosa.com\/wp-content\/uploads\/2019\/08\/diolosa-drop-logo-new.png","width":134,"height":176,"caption":"Claude Diolosa"},"image":{"@id":"https:\/\/shop.diolosa.com\/en\/#\/schema\/logo\/image\/"},"sameAs":["https:\/\/facebook.com\/claudediolosa","https:\/\/www.instagram.com\/diolosaclaude108\/"]}]}},"_links":{"self":[{"href":"https:\/\/shop.diolosa.com\/en\/wp-json\/wp\/v2\/product\/3841516","targetHints":{"allow":["GET"]}}],"collection":[{"href":"https:\/\/shop.diolosa.com\/en\/wp-json\/wp\/v2\/product"}],"about":[{"href":"https:\/\/shop.diolosa.com\/en\/wp-json\/wp\/v2\/types\/product"}],"wp:featuredmedia":[{"embeddable":true,"href":"https:\/\/shop.diolosa.com\/en\/wp-json\/wp\/v2\/media\/1385921"}],"wp:attachment":[{"href":"https:\/\/shop.diolosa.com\/en\/wp-json\/wp\/v2\/media?parent=3841516"}],"wp:term":[{"taxonomy":"product_brand","embeddable":true,"href":"https:\/\/shop.diolosa.com\/en\/wp-json\/wp\/v2\/product_brand?post=3841516"},{"taxonomy":"product_cat","embeddable":true,"href":"https:\/\/shop.diolosa.com\/en\/wp-json\/wp\/v2\/product_cat?post=3841516"},{"taxonomy":"product_tag","embeddable":true,"href":"https:\/\/shop.diolosa.com\/en\/wp-json\/wp\/v2\/product_tag?post=3841516"}],"curies":[{"name":"wp","href":"https:\/\/api.w.org\/{rel}","templated":true}]}}