{"id":3841532,"date":"2022-08-31T07:05:53","date_gmt":"2025-03-10T05:59:41","guid":{"rendered":"https:\/\/shop.diolosa.com\/product\/he-xian-tang\/"},"modified":"2025-04-24T20:23:20","modified_gmt":"2025-04-24T19:23:20","slug":"he-xian-tang","status":"publish","type":"product","link":"https:\/\/shop.diolosa.com\/en\/product\/he-xian-tang\/","title":{"rendered":"He Xian Tang"},"content":{"rendered":"<p><strong>HE XIAN TANG &#8220;two immortal decoct&#8221;<\/strong><\/p>\n<p><strong>Kidney yin and yang weakness<\/strong><br \/>\n<strong>Disharmony between Chong and Ren Mai  <\/strong><\/p>\n<p>&nbsp;<\/p>\n<p>&nbsp;<\/p>\n<p>Herbal pellets according to traditional Chinese medicine<\/p>\n<p>Food supplements<\/p>\n<p>Warms and tones the yang<\/p>\n<p>Manufacturer: Pharmacy Boznerplatz<\/p>\n<p>100% tested high-quality ingredients<\/p>\n<p>&nbsp;<\/p>\n<p>&nbsp;<\/p>\n<p>&nbsp;<\/p>\n","protected":false},"excerpt":{"rendered":"<p>&nbsp;<\/p>\n<p>&nbsp;<\/p>\n<p>&nbsp;<\/p>\n<p>&nbsp;<\/p>\n","protected":false},"featured_media":1385921,"template":"","meta":{"_acf_changed":false},"product_brand":[],"product_cat":[12152],"product_tag":[],"class_list":{"0":"post-3841532","1":"product","2":"type-product","3":"status-publish","4":"has-post-thumbnail","6":"product_cat-master-formulas","8":"first","9":"instock","10":"taxable","11":"shipping-taxable","12":"purchasable","13":"product-type-simple"},"acf":{"yn_product_audio":"https:\/\/shop.diolosa.com\/wp-content\/uploads\/2022\/10\/DL_ErxianTang.m4a","yn_product_video":"https:\/\/shop.diolosa.com\/wp-content\/uploads\/2025\/04\/Er-Xian-Tang.mp4","yn_product_akupunktur":"<p><strong>Kidney Yang deficiency<\/strong> > Du-4 \u547d\u9580 m\u00ecng m\u00e9n, Bladder\/Bladder-23 \u814e\u4fde sh\u00e8n sh\u016b, Kidneys\/Kidneys-3 \u592a\u8c3f ta\u00ec x\u012b. > <strong>Kidneys Yin deficiency<\/strong> > Spleen-6 \u4e09\u9670\u4ea4 s\u0101n y\u012bn ji\u0101o, Bladder-43 \u818f\u8093\u4fde g\u0101o hu\u0101ng sh\u016b, Gallbladder-39 \u61f8\u9418 xu\u00e1n zh\u014dng, Kidneys\/Kidneys-6 \u7167\u6d77 zh\u00e0o h\u01cei (yin qiao mai), Lungs\/Lungs-7 v\u5217\u7f3a li\u00e8 qu\u0113 , Stomach-36 \u8db3\u4e09\u91cc z\u00fa s\u0101n l\u01d0. bu fa<\/p>\n<p>Shen Calming : EX-HN3 &#8211; \u5370\u5802 Yin Tang ., EX-HN-1 &#8211; \u56db\u795e\u806a &#8211; si shen cong xie fa<\/p>\n<p>\u00a0<\/p>\n","yn_product_verabreichungsart":"Pellets 200 pcs.","yn_product_dosierung":"<p>Take 3 x 3 to 6 tablets a day with water<\/p>\n<p>\u00a0<\/p>\n","yn_product_combinations":"<p><b>EARTH<span class=\"Apple-converted-space\">  <\/span><\/b> PILLAR <b><span class=\"Apple-converted-space\"> <\/span> (chronic back pain),<\/b> <b>SECRET POWER <\/b>(impotence), <b>WATER BALANCE <\/b>(urinary incontinence), <b>WATER WAY<span class=\"Apple-converted-space\">  <\/span><\/b>(edema),<span class=\"Apple-converted-space\"> <\/span> <b> RINCHEN TEE , YANG ROOT, WARMING THE ROOT <\/b>(Kidney Yang and Jing deficiency),<\/p>\n<p><b>SAN BAO TEE<span class=\"Apple-converted-space\"> <\/span><\/b> (Kidney Yin deficiency), <b>DEEP SLEEP NIGHT <\/b>(Insomnia), <b>COOL MOON <\/b>(Menauposis), <b>CLEARING HEAT<span class=\"Apple-converted-space\"> <\/span><\/b> (Yin deficiency with Empty Heat), <b>NOURISHING THE ESSENCE<span class=\"Apple-converted-space\">  <\/span><\/b>(Yin and Jin Ye deficiency),<span class=\"Apple-converted-space\"> <\/span> <b> REGENERATION<span class=\"Apple-converted-space\">  <\/span><\/b>(Qi and Yang deficiency leads to Yin deficiency)<\/p>\n<p>\u00a0<\/p>\n","yn_product_avoidable":"<p>All foods that produce cold internal moisture are prohibited during therapy. It is essential to consume warm drinks and eat food that has been cooked or prepared with aromatic spices. You should also not drink while eating, but before or after meals and always warm drinks.  <\/p>\n<p>Leaf lettuce, endive, chicory, artichokes, bean sprouts, tofu, soy milk, rice milk, green tea, black tea, coffee, cappuccino, latte, sugar, dairy products, cow&#8217;s milk, cream cheese, yogurt, exotic fruits, Banana, mango, pear, apple, fruit compote, cake, cookies, chocolate, sugar drinks, Fanta, Coca Cola, energy-refrigerated food, cold and ice-cold drinks, ice cream, frozen food, microwave.<\/p>\n<p>\u00a0<\/p>\n","yn_product_tcm_mindmapping":"<p>Kidney Yin and Yang deficiency > Emptiness of Chong Mai and Ren Mai<\/p>\n<p>\u00a0<\/p>\n","yn_product_tongue_body":"<p>Short, weak, pale<\/p>\n<p>\u00a0<\/p>\n","yn_product_tongue_coating":"<p>White, Thin<\/p>\n<p>\u00a0<\/p>\n","yn_product_pulse_diagnostics":"<p>Fu Mai &#8211; Superficial pulse, Duan Mai &#8211; Short pulse , Xi Mai &#8211; Thread-like pulse , Xu Mai &#8211; Empty pulse , Shuo Mai &#8211; Fast pulse<\/p>\n<p>\u00a0<\/p>\n","yn_product_indications":"<p>Irregular menstruation<br \/>\nHot flushes, dizziness<br \/>\nTinnitus, night sweats<br \/>\nSweating, nervousness, muscle relaxation<br \/>\nTiredness, mood swings<br \/>\nCold feet, fatigue, frequent, clear urine, irritability, headaches, palpitations<br \/>\nInsomnia<\/p>\n<p>\u00a0<\/p>\n","yn_product_contra_indications":"<p>Wetness and phlegm Cold\/heat, Wen Bing Xue (heat illnesses), wind Cold and dampness<\/p>\n<p>\u00a0<\/p>\n","yn_product_pregnancy":"<p>Not allowed<\/p>\n<p>\u00a0<\/p>\n","yn_product_herbs":"<p>\u00a0<\/p>\n<p>\u00a0<\/p>\n","yn_product_magisterrecipes":"<p>Xian Mao \u4ed9\u8305 (Rhizoma Curculiginis). (22,8%)<\/p>\n<p>Yin Yang Huo \u6deb\u7f8a\u85ff (Herba Epimedii)o (22.8%)<\/p>\n<p>Ba Ji Tian \u5df4\u621f\u5929 (Radix Morindae Officinalis) (13.6%)<\/p>\n<p>Huang Bo \u9ec4\u67cf (Cortex Phellodendri)<br \/>\n(13.6%)<\/p>\n<p>Zhi Mu \u77e5\u6bcd (Rhizoma Anemarrhenae) (13.6%)<\/p>\n<p>Dang Gui \u5f53\u5f52 (Radix Angelicae Sinensis)i (13.6%)<\/p>\n<p>\u00a0<\/p>\n"},"yoast_head":"<!-- This site is optimized with the Yoast SEO plugin v24.9 - https:\/\/yoast.com\/wordpress\/plugins\/seo\/ -->\n<title>He Xian Tang - Claude Diolosa<\/title>\n<meta name=\"robots\" content=\"index, follow, max-snippet:-1, max-image-preview:large, max-video-preview:-1\" \/>\n<link rel=\"canonical\" href=\"https:\/\/shop.diolosa.com\/en\/product\/he-xian-tang\/\" \/>\n<meta property=\"og:locale\" content=\"en_US\" \/>\n<meta property=\"og:type\" content=\"article\" \/>\n<meta property=\"og:title\" content=\"He Xian Tang - Claude Diolosa\" \/>\n<meta property=\"og:description\" content=\"&nbsp; &nbsp; &nbsp; &nbsp;\" \/>\n<meta property=\"og:url\" content=\"https:\/\/shop.diolosa.com\/en\/product\/he-xian-tang\/\" \/>\n<meta property=\"og:site_name\" content=\"Claude Diolosa\" \/>\n<meta property=\"article:publisher\" content=\"https:\/\/facebook.com\/claudediolosa\" \/>\n<meta property=\"article:modified_time\" content=\"2025-04-24T19:23:20+00:00\" \/>\n<meta property=\"og:image\" content=\"https:\/\/shop.diolosa.com\/wp-content\/uploads\/2022\/08\/magisterformel.jpg\" \/>\n\t<meta property=\"og:image:width\" content=\"800\" \/>\n\t<meta property=\"og:image:height\" content=\"533\" \/>\n\t<meta property=\"og:image:type\" content=\"image\/jpeg\" \/>\n<meta name=\"twitter:card\" content=\"summary_large_image\" \/>\n<script type=\"application\/ld+json\" class=\"yoast-schema-graph\">{\"@context\":\"https:\/\/schema.org\",\"@graph\":[{\"@type\":\"WebPage\",\"@id\":\"https:\/\/shop.diolosa.com\/en\/product\/he-xian-tang\/\",\"url\":\"https:\/\/shop.diolosa.com\/en\/product\/he-xian-tang\/\",\"name\":\"He Xian Tang - Claude Diolosa\",\"isPartOf\":{\"@id\":\"https:\/\/shop.diolosa.com\/en\/#website\"},\"primaryImageOfPage\":{\"@id\":\"https:\/\/shop.diolosa.com\/en\/product\/he-xian-tang\/#primaryimage\"},\"image\":{\"@id\":\"https:\/\/shop.diolosa.com\/en\/product\/he-xian-tang\/#primaryimage\"},\"thumbnailUrl\":\"https:\/\/shop.diolosa.com\/wp-content\/uploads\/2022\/08\/magisterformel.jpg\",\"datePublished\":\"2025-03-10T05:59:41+00:00\",\"dateModified\":\"2025-04-24T19:23:20+00:00\",\"breadcrumb\":{\"@id\":\"https:\/\/shop.diolosa.com\/en\/product\/he-xian-tang\/#breadcrumb\"},\"inLanguage\":\"en-US\",\"potentialAction\":[{\"@type\":\"ReadAction\",\"target\":[\"https:\/\/shop.diolosa.com\/en\/product\/he-xian-tang\/\"]}]},{\"@type\":\"ImageObject\",\"inLanguage\":\"en-US\",\"@id\":\"https:\/\/shop.diolosa.com\/en\/product\/he-xian-tang\/#primaryimage\",\"url\":\"https:\/\/shop.diolosa.com\/wp-content\/uploads\/2022\/08\/magisterformel.jpg\",\"contentUrl\":\"https:\/\/shop.diolosa.com\/wp-content\/uploads\/2022\/08\/magisterformel.jpg\",\"width\":800,\"height\":533},{\"@type\":\"BreadcrumbList\",\"@id\":\"https:\/\/shop.diolosa.com\/en\/product\/he-xian-tang\/#breadcrumb\",\"itemListElement\":[{\"@type\":\"ListItem\",\"position\":1,\"name\":\"Startseite\",\"item\":\"https:\/\/shop.diolosa.com\/en\/?page_id=3835693\"},{\"@type\":\"ListItem\",\"position\":2,\"name\":\"Store\",\"item\":\"https:\/\/shop.diolosa.com\/en\/?page_id=3835693\"},{\"@type\":\"ListItem\",\"position\":3,\"name\":\"He Xian Tang\"}]},{\"@type\":\"WebSite\",\"@id\":\"https:\/\/shop.diolosa.com\/en\/#website\",\"url\":\"https:\/\/shop.diolosa.com\/en\/\",\"name\":\"Claude Diolosa\",\"description\":\"\",\"publisher\":{\"@id\":\"https:\/\/shop.diolosa.com\/en\/#organization\"},\"potentialAction\":[{\"@type\":\"SearchAction\",\"target\":{\"@type\":\"EntryPoint\",\"urlTemplate\":\"https:\/\/shop.diolosa.com\/en\/?s={search_term_string}\"},\"query-input\":{\"@type\":\"PropertyValueSpecification\",\"valueRequired\":true,\"valueName\":\"search_term_string\"}}],\"inLanguage\":\"en-US\"},{\"@type\":\"Organization\",\"@id\":\"https:\/\/shop.diolosa.com\/en\/#organization\",\"name\":\"Claude Diolosa\",\"url\":\"https:\/\/shop.diolosa.com\/en\/\",\"logo\":{\"@type\":\"ImageObject\",\"inLanguage\":\"en-US\",\"@id\":\"https:\/\/shop.diolosa.com\/en\/#\/schema\/logo\/image\/\",\"url\":\"https:\/\/shop.diolosa.com\/wp-content\/uploads\/2019\/08\/diolosa-drop-logo-new.png\",\"contentUrl\":\"https:\/\/shop.diolosa.com\/wp-content\/uploads\/2019\/08\/diolosa-drop-logo-new.png\",\"width\":134,\"height\":176,\"caption\":\"Claude Diolosa\"},\"image\":{\"@id\":\"https:\/\/shop.diolosa.com\/en\/#\/schema\/logo\/image\/\"},\"sameAs\":[\"https:\/\/facebook.com\/claudediolosa\",\"https:\/\/www.instagram.com\/diolosaclaude108\/\"]}]}<\/script>\n<!-- \/ Yoast SEO plugin. -->","yoast_head_json":{"title":"He Xian Tang - Claude Diolosa","robots":{"index":"index","follow":"follow","max-snippet":"max-snippet:-1","max-image-preview":"max-image-preview:large","max-video-preview":"max-video-preview:-1"},"canonical":"https:\/\/shop.diolosa.com\/en\/product\/he-xian-tang\/","og_locale":"en_US","og_type":"article","og_title":"He Xian Tang - Claude Diolosa","og_description":"&nbsp; &nbsp; &nbsp; &nbsp;","og_url":"https:\/\/shop.diolosa.com\/en\/product\/he-xian-tang\/","og_site_name":"Claude Diolosa","article_publisher":"https:\/\/facebook.com\/claudediolosa","article_modified_time":"2025-04-24T19:23:20+00:00","og_image":[{"width":800,"height":533,"url":"https:\/\/shop.diolosa.com\/wp-content\/uploads\/2022\/08\/magisterformel.jpg","type":"image\/jpeg"}],"twitter_card":"summary_large_image","schema":{"@context":"https:\/\/schema.org","@graph":[{"@type":"WebPage","@id":"https:\/\/shop.diolosa.com\/en\/product\/he-xian-tang\/","url":"https:\/\/shop.diolosa.com\/en\/product\/he-xian-tang\/","name":"He Xian Tang - Claude Diolosa","isPartOf":{"@id":"https:\/\/shop.diolosa.com\/en\/#website"},"primaryImageOfPage":{"@id":"https:\/\/shop.diolosa.com\/en\/product\/he-xian-tang\/#primaryimage"},"image":{"@id":"https:\/\/shop.diolosa.com\/en\/product\/he-xian-tang\/#primaryimage"},"thumbnailUrl":"https:\/\/shop.diolosa.com\/wp-content\/uploads\/2022\/08\/magisterformel.jpg","datePublished":"2025-03-10T05:59:41+00:00","dateModified":"2025-04-24T19:23:20+00:00","breadcrumb":{"@id":"https:\/\/shop.diolosa.com\/en\/product\/he-xian-tang\/#breadcrumb"},"inLanguage":"en-US","potentialAction":[{"@type":"ReadAction","target":["https:\/\/shop.diolosa.com\/en\/product\/he-xian-tang\/"]}]},{"@type":"ImageObject","inLanguage":"en-US","@id":"https:\/\/shop.diolosa.com\/en\/product\/he-xian-tang\/#primaryimage","url":"https:\/\/shop.diolosa.com\/wp-content\/uploads\/2022\/08\/magisterformel.jpg","contentUrl":"https:\/\/shop.diolosa.com\/wp-content\/uploads\/2022\/08\/magisterformel.jpg","width":800,"height":533},{"@type":"BreadcrumbList","@id":"https:\/\/shop.diolosa.com\/en\/product\/he-xian-tang\/#breadcrumb","itemListElement":[{"@type":"ListItem","position":1,"name":"Startseite","item":"https:\/\/shop.diolosa.com\/en\/?page_id=3835693"},{"@type":"ListItem","position":2,"name":"Store","item":"https:\/\/shop.diolosa.com\/en\/?page_id=3835693"},{"@type":"ListItem","position":3,"name":"He Xian Tang"}]},{"@type":"WebSite","@id":"https:\/\/shop.diolosa.com\/en\/#website","url":"https:\/\/shop.diolosa.com\/en\/","name":"Claude Diolosa","description":"","publisher":{"@id":"https:\/\/shop.diolosa.com\/en\/#organization"},"potentialAction":[{"@type":"SearchAction","target":{"@type":"EntryPoint","urlTemplate":"https:\/\/shop.diolosa.com\/en\/?s={search_term_string}"},"query-input":{"@type":"PropertyValueSpecification","valueRequired":true,"valueName":"search_term_string"}}],"inLanguage":"en-US"},{"@type":"Organization","@id":"https:\/\/shop.diolosa.com\/en\/#organization","name":"Claude Diolosa","url":"https:\/\/shop.diolosa.com\/en\/","logo":{"@type":"ImageObject","inLanguage":"en-US","@id":"https:\/\/shop.diolosa.com\/en\/#\/schema\/logo\/image\/","url":"https:\/\/shop.diolosa.com\/wp-content\/uploads\/2019\/08\/diolosa-drop-logo-new.png","contentUrl":"https:\/\/shop.diolosa.com\/wp-content\/uploads\/2019\/08\/diolosa-drop-logo-new.png","width":134,"height":176,"caption":"Claude Diolosa"},"image":{"@id":"https:\/\/shop.diolosa.com\/en\/#\/schema\/logo\/image\/"},"sameAs":["https:\/\/facebook.com\/claudediolosa","https:\/\/www.instagram.com\/diolosaclaude108\/"]}]}},"_links":{"self":[{"href":"https:\/\/shop.diolosa.com\/en\/wp-json\/wp\/v2\/product\/3841532","targetHints":{"allow":["GET"]}}],"collection":[{"href":"https:\/\/shop.diolosa.com\/en\/wp-json\/wp\/v2\/product"}],"about":[{"href":"https:\/\/shop.diolosa.com\/en\/wp-json\/wp\/v2\/types\/product"}],"wp:featuredmedia":[{"embeddable":true,"href":"https:\/\/shop.diolosa.com\/en\/wp-json\/wp\/v2\/media\/1385921"}],"wp:attachment":[{"href":"https:\/\/shop.diolosa.com\/en\/wp-json\/wp\/v2\/media?parent=3841532"}],"wp:term":[{"taxonomy":"product_brand","embeddable":true,"href":"https:\/\/shop.diolosa.com\/en\/wp-json\/wp\/v2\/product_brand?post=3841532"},{"taxonomy":"product_cat","embeddable":true,"href":"https:\/\/shop.diolosa.com\/en\/wp-json\/wp\/v2\/product_cat?post=3841532"},{"taxonomy":"product_tag","embeddable":true,"href":"https:\/\/shop.diolosa.com\/en\/wp-json\/wp\/v2\/product_tag?post=3841532"}],"curies":[{"name":"wp","href":"https:\/\/api.w.org\/{rel}","templated":true}]}}