{"id":3902647,"date":"2025-02-06T12:03:55","date_gmt":"2025-03-20T11:26:40","guid":{"rendered":"https:\/\/shop.diolosa.com\/product\/black-shell\/"},"modified":"2025-05-31T16:33:37","modified_gmt":"2025-05-31T15:33:37","slug":"black-shell","status":"publish","type":"product","link":"https:\/\/shop.diolosa.com\/en\/product\/black-shell\/","title":{"rendered":"Black Shell"},"content":{"rendered":"<p>BLACK SHELL is used to treat chronic otitis media, a condition characterized by inflammation of the middle ear. This particular therapy is especially important for children, as they are often more susceptible to such ear infections and they can have a significant impact on their well-being. The formula has been specifically developed to treat Otitis Media due to YIN deficiency and Empty Heat. In traditional Chinese medicine, it is believed that such imbalances in the body can lead to various ailments.   <\/p>\n<p>Empty-Heat typically spreads in the SHAO YANG and YANG MING and can cause FIRE which then spreads to the upper part of the body. This means that the symptoms are not only localized but can also affect other areas. It is important to understand that this type of treatment aims to restore balance in the body and address the underlying causes of inflammation. By using BLACK SHELL, one can therefore not only alleviate acute symptoms, but also achieve long-term improvements in the child&#8217;s health.<\/p>\n","protected":false},"excerpt":{"rendered":"<p>&nbsp;<\/p>\n<p>&nbsp;<\/p>\n","protected":false},"featured_media":1385882,"template":"","meta":{"_acf_changed":false},"product_brand":[],"product_cat":[11865],"product_tag":[12570,12569,11866],"class_list":{"0":"post-3902647","1":"product","2":"type-product","3":"status-publish","4":"has-post-thumbnail","6":"product_cat-ent","7":"product_tag-ear-infection","8":"product_tag-earache","9":"product_tag-otitis-media-chronic","11":"first","12":"instock","13":"taxable","14":"shipping-taxable","15":"purchasable","16":"product-type-simple"},"acf":{"yn_product_audio":"https:\/\/shop.diolosa.com\/wp-content\/uploads\/2025\/02\/Black-SHELL-.m4a","yn_product_video":"https:\/\/shop.diolosa.com\/wp-content\/uploads\/2025\/02\/Black-Shell.mp4","yn_product_akupunktur":"<p><b>Kidney Yin Toning<span class=\"Apple-converted-space\"> <\/span><\/b><\/p>\n<p>Kidney-7 \u5fa9\u6e9c f\u00f9 li\u016b.<\/p>\n<p>Kidneys-6 \u7167\u6d77<span class=\"Apple-converted-space\">  <\/span>zh\u00e0o h\u01cei (yin qiao mai)<\/p>\n<p>Spleen-6 \u4e09\u9670\u4ea4 s\u0101n y\u012bn ji\u0101o<\/p>\n<p>Lung-7 v\u5217\u7f3a li\u00e8 qu\u0113<span class=\"Apple-converted-space\"> <\/span><\/p>\n<p><b>Local treatment<span class=\"Apple-converted-space\"> <\/span><\/b><\/p>\n<p>san chiao 17 &#8211; yi feng (gall bladder) &#8211; xie fa<\/p>\n<p>small intestine 19 &#8211; ting gong (gallbladder, san chiao) &#8211; xie fa<span class=\"Apple-converted-space\"> <\/span><\/p>\n<p>gallbladder 2 &#8211; ting hui<span class=\"Apple-converted-space\">  <\/span>&#8211; xie fa<span class=\"Apple-converted-space\"> <\/span><\/p>\n<p>gallbladder 20 &#8211; feng chi (san chiao, yang wei mai) &#8211; xie fa<span class=\"Apple-converted-space\"> <\/span><\/p>\n<p>gall bladder 8 &#8211; shuai gu (bladder) &#8211; xie fa<span class=\"Apple-converted-space\"> <\/span><\/p>\n<p><b>Far point<span class=\"Apple-converted-space\"> <\/span><\/b><\/p>\n<p>san chiao 5 &#8211; wai guan (yang wei mai, luo) &#8211; xie fa<span class=\"Apple-converted-space\"> <\/span><\/p>\n<p>san chiao 3 &#8211; zhong zhu (shu) &#8211; xie fa<\/p>\n<p>San Jiao \/San Chiao 2 \u6db2\u9580 YeMen<span class=\"Apple-converted-space\">  <\/span>&#8211; sedate &#8211; xie fa  <span class=\"Apple-converted-space\"> <\/span><\/p>\n<p>colon 4 &#8211; he gu (yuan) &#8211; xie fa<span class=\"Apple-converted-space\"> <\/span><\/p>\n<p>colon 11 &#8211; qu chi &#8211; gui tui (he &#8211; gui)<span class=\"Apple-converted-space\">  <\/span>&#8211; xie fa<span class=\"Apple-converted-space\"> <\/span><\/p>\n<p>colon 6 &#8211; pian li (luo) &#8211; xie fa<\/p>\n<p>Stomach-44 \u5185\u5eadv n\u00e8i t\u00edng sedate &#8211; xie fa<span class=\"Apple-converted-space\"> <\/span><\/p>\n<p>si shen cong &#8211; M-HN-1 (brain,cns) &#8211; xie fa<span class=\"Apple-converted-space\"> <\/span><\/p>\n<p>colon 6 &#8211; pian li (luo) &#8211; xie fa<br \/>\nsi shen cong &#8211; M-HN-1 (brain,cns) &#8211; xie fa<\/p>\n","yn_product_verabreichungsart":"Pellets 140pcs.","yn_product_dosierung":"<p>3 x 6 to 9 tablets a day. Children from 1 to 3 years: 1 to 3 pellets, 3 to 6 years: 3 to 6 pellets and 6 to 9 years: 6 to 9 pellets. <span class=\"Apple-converted-space\"> <\/span><\/p>\n","yn_product_combinations":"<p><b>THROAT COOLING DEW SPRAY <span class=\"Apple-converted-space\"> <\/span><\/b> (tonsil inflammation) , <b>CLEARING THE HEAT (empty heat) , YIN ROOT, SAN BAO TEA, DEEP SLEEP FORTE <\/b>(insomnia)<\/p>\n","yn_product_avoidable":"<p>Chocolate, any sweets, Coca Cola, Fanta, fruit juices, honey, nuts, potatoes, carrots, onions, garlic, alcohol<\/p>\n","yn_product_tcm_mindmapping":"<p>Kidney Yin deficiency  >  Empty heat  >  Stomach, small intestine, large intestine, San Chiao and gallbladder fire or Shao Yin &#8211; Yin deficiency  >  Empty heat  >  Tai Yang, Yang Ming, Shao Yang  >  Heat &#8211; fire and wind  >  Blood stasis &#8211; Viscous mucus and pain<\/p>\n","yn_product_tongue_body":"<p>Cracked in Shao Yin and red<\/p>\n","yn_product_tongue_coating":"<p>Stomach, large intestine and gall bladder Position: Yellowish, dry<span class=\"Apple-converted-space\"> <\/span><\/p>\n","yn_product_pulse_diagnostics":"<p>Fu Mai &#8211; Superficial Pulse , Xian Mai &#8211; String-like Pulse , Xi Mai &#8211; Thin Pulse , Shuo Mai &#8211; Rapid Pulse , Se Mai &#8211; Hesitant &#8211; Rough<span class=\"Apple-converted-space\">  <\/span>Pulse<span class=\"Apple-converted-space\">  <\/span>> Stomach and Gallbladder POsition : Xian Mai &#8211; String-like Pulse<span class=\"Apple-converted-space\">  <\/span>some Hua Mai &#8211; Sliding &#8211; Rolling Pulse , Shi Mai &#8211; Fullness Pulse<\/p>\n","yn_product_indications":"<p>Chronic otitis media, pain, worsening at night, fever attacks at night<\/p>\n","yn_product_contra_indications":"<p>Yang deficiency, wetness and phlegm cold or wind heat otitis<span class=\"Apple-converted-space\"> <\/span><\/p>\n","yn_product_pregnancy":"<p>Allowed<\/p>\n","yn_product_magisterrecipes":"<p>Zhi Bai Di Huang Tang  <span class=\"Apple-converted-space\"> <\/span><\/p>\n"},"yoast_head":"<!-- This site is optimized with the Yoast SEO plugin v24.9 - https:\/\/yoast.com\/wordpress\/plugins\/seo\/ -->\n<title>Black Shell - Claude Diolosa<\/title>\n<meta name=\"robots\" content=\"index, follow, max-snippet:-1, max-image-preview:large, max-video-preview:-1\" \/>\n<link rel=\"canonical\" href=\"https:\/\/shop.diolosa.com\/en\/product\/black-shell\/\" \/>\n<meta property=\"og:locale\" content=\"en_US\" \/>\n<meta property=\"og:type\" content=\"article\" \/>\n<meta property=\"og:title\" content=\"Black Shell - Claude Diolosa\" \/>\n<meta property=\"og:description\" content=\"&nbsp; &nbsp;\" \/>\n<meta property=\"og:url\" content=\"https:\/\/shop.diolosa.com\/en\/product\/black-shell\/\" \/>\n<meta property=\"og:site_name\" content=\"Claude Diolosa\" \/>\n<meta property=\"article:publisher\" content=\"https:\/\/facebook.com\/claudediolosa\" \/>\n<meta property=\"article:modified_time\" content=\"2025-05-31T15:33:37+00:00\" \/>\n<meta property=\"og:image\" content=\"https:\/\/shop.diolosa.com\/wp-content\/uploads\/2019\/09\/Presslinge-140.jpg\" \/>\n\t<meta property=\"og:image:width\" content=\"800\" \/>\n\t<meta property=\"og:image:height\" content=\"533\" \/>\n\t<meta property=\"og:image:type\" content=\"image\/jpeg\" \/>\n<meta name=\"twitter:card\" content=\"summary_large_image\" \/>\n<meta name=\"twitter:label1\" content=\"Est. reading time\" \/>\n\t<meta name=\"twitter:data1\" content=\"1 minute\" \/>\n<script type=\"application\/ld+json\" class=\"yoast-schema-graph\">{\"@context\":\"https:\/\/schema.org\",\"@graph\":[{\"@type\":\"WebPage\",\"@id\":\"https:\/\/shop.diolosa.com\/en\/product\/black-shell\/\",\"url\":\"https:\/\/shop.diolosa.com\/en\/product\/black-shell\/\",\"name\":\"Black Shell - Claude Diolosa\",\"isPartOf\":{\"@id\":\"https:\/\/shop.diolosa.com\/en\/#website\"},\"primaryImageOfPage\":{\"@id\":\"https:\/\/shop.diolosa.com\/en\/product\/black-shell\/#primaryimage\"},\"image\":{\"@id\":\"https:\/\/shop.diolosa.com\/en\/product\/black-shell\/#primaryimage\"},\"thumbnailUrl\":\"https:\/\/shop.diolosa.com\/wp-content\/uploads\/2019\/09\/Presslinge-140.jpg\",\"datePublished\":\"2025-03-20T11:26:40+00:00\",\"dateModified\":\"2025-05-31T15:33:37+00:00\",\"breadcrumb\":{\"@id\":\"https:\/\/shop.diolosa.com\/en\/product\/black-shell\/#breadcrumb\"},\"inLanguage\":\"en-US\",\"potentialAction\":[{\"@type\":\"ReadAction\",\"target\":[\"https:\/\/shop.diolosa.com\/en\/product\/black-shell\/\"]}]},{\"@type\":\"ImageObject\",\"inLanguage\":\"en-US\",\"@id\":\"https:\/\/shop.diolosa.com\/en\/product\/black-shell\/#primaryimage\",\"url\":\"https:\/\/shop.diolosa.com\/wp-content\/uploads\/2019\/09\/Presslinge-140.jpg\",\"contentUrl\":\"https:\/\/shop.diolosa.com\/wp-content\/uploads\/2019\/09\/Presslinge-140.jpg\",\"width\":800,\"height\":533},{\"@type\":\"BreadcrumbList\",\"@id\":\"https:\/\/shop.diolosa.com\/en\/product\/black-shell\/#breadcrumb\",\"itemListElement\":[{\"@type\":\"ListItem\",\"position\":1,\"name\":\"Startseite\",\"item\":\"https:\/\/shop.diolosa.com\/en\/?page_id=3835693\"},{\"@type\":\"ListItem\",\"position\":2,\"name\":\"Store\",\"item\":\"https:\/\/shop.diolosa.com\/en\/?page_id=3835693\"},{\"@type\":\"ListItem\",\"position\":3,\"name\":\"Black Shell\"}]},{\"@type\":\"WebSite\",\"@id\":\"https:\/\/shop.diolosa.com\/en\/#website\",\"url\":\"https:\/\/shop.diolosa.com\/en\/\",\"name\":\"Claude Diolosa\",\"description\":\"\",\"publisher\":{\"@id\":\"https:\/\/shop.diolosa.com\/en\/#organization\"},\"potentialAction\":[{\"@type\":\"SearchAction\",\"target\":{\"@type\":\"EntryPoint\",\"urlTemplate\":\"https:\/\/shop.diolosa.com\/en\/?s={search_term_string}\"},\"query-input\":{\"@type\":\"PropertyValueSpecification\",\"valueRequired\":true,\"valueName\":\"search_term_string\"}}],\"inLanguage\":\"en-US\"},{\"@type\":\"Organization\",\"@id\":\"https:\/\/shop.diolosa.com\/en\/#organization\",\"name\":\"Claude Diolosa\",\"url\":\"https:\/\/shop.diolosa.com\/en\/\",\"logo\":{\"@type\":\"ImageObject\",\"inLanguage\":\"en-US\",\"@id\":\"https:\/\/shop.diolosa.com\/en\/#\/schema\/logo\/image\/\",\"url\":\"https:\/\/shop.diolosa.com\/wp-content\/uploads\/2019\/08\/diolosa-drop-logo-new.png\",\"contentUrl\":\"https:\/\/shop.diolosa.com\/wp-content\/uploads\/2019\/08\/diolosa-drop-logo-new.png\",\"width\":134,\"height\":176,\"caption\":\"Claude Diolosa\"},\"image\":{\"@id\":\"https:\/\/shop.diolosa.com\/en\/#\/schema\/logo\/image\/\"},\"sameAs\":[\"https:\/\/facebook.com\/claudediolosa\",\"https:\/\/www.instagram.com\/diolosaclaude108\/\"]}]}<\/script>\n<!-- \/ Yoast SEO plugin. -->","yoast_head_json":{"title":"Black Shell - Claude Diolosa","robots":{"index":"index","follow":"follow","max-snippet":"max-snippet:-1","max-image-preview":"max-image-preview:large","max-video-preview":"max-video-preview:-1"},"canonical":"https:\/\/shop.diolosa.com\/en\/product\/black-shell\/","og_locale":"en_US","og_type":"article","og_title":"Black Shell - Claude Diolosa","og_description":"&nbsp; &nbsp;","og_url":"https:\/\/shop.diolosa.com\/en\/product\/black-shell\/","og_site_name":"Claude Diolosa","article_publisher":"https:\/\/facebook.com\/claudediolosa","article_modified_time":"2025-05-31T15:33:37+00:00","og_image":[{"width":800,"height":533,"url":"https:\/\/shop.diolosa.com\/wp-content\/uploads\/2019\/09\/Presslinge-140.jpg","type":"image\/jpeg"}],"twitter_card":"summary_large_image","twitter_misc":{"Est. reading time":"1 minute"},"schema":{"@context":"https:\/\/schema.org","@graph":[{"@type":"WebPage","@id":"https:\/\/shop.diolosa.com\/en\/product\/black-shell\/","url":"https:\/\/shop.diolosa.com\/en\/product\/black-shell\/","name":"Black Shell - Claude Diolosa","isPartOf":{"@id":"https:\/\/shop.diolosa.com\/en\/#website"},"primaryImageOfPage":{"@id":"https:\/\/shop.diolosa.com\/en\/product\/black-shell\/#primaryimage"},"image":{"@id":"https:\/\/shop.diolosa.com\/en\/product\/black-shell\/#primaryimage"},"thumbnailUrl":"https:\/\/shop.diolosa.com\/wp-content\/uploads\/2019\/09\/Presslinge-140.jpg","datePublished":"2025-03-20T11:26:40+00:00","dateModified":"2025-05-31T15:33:37+00:00","breadcrumb":{"@id":"https:\/\/shop.diolosa.com\/en\/product\/black-shell\/#breadcrumb"},"inLanguage":"en-US","potentialAction":[{"@type":"ReadAction","target":["https:\/\/shop.diolosa.com\/en\/product\/black-shell\/"]}]},{"@type":"ImageObject","inLanguage":"en-US","@id":"https:\/\/shop.diolosa.com\/en\/product\/black-shell\/#primaryimage","url":"https:\/\/shop.diolosa.com\/wp-content\/uploads\/2019\/09\/Presslinge-140.jpg","contentUrl":"https:\/\/shop.diolosa.com\/wp-content\/uploads\/2019\/09\/Presslinge-140.jpg","width":800,"height":533},{"@type":"BreadcrumbList","@id":"https:\/\/shop.diolosa.com\/en\/product\/black-shell\/#breadcrumb","itemListElement":[{"@type":"ListItem","position":1,"name":"Startseite","item":"https:\/\/shop.diolosa.com\/en\/?page_id=3835693"},{"@type":"ListItem","position":2,"name":"Store","item":"https:\/\/shop.diolosa.com\/en\/?page_id=3835693"},{"@type":"ListItem","position":3,"name":"Black Shell"}]},{"@type":"WebSite","@id":"https:\/\/shop.diolosa.com\/en\/#website","url":"https:\/\/shop.diolosa.com\/en\/","name":"Claude Diolosa","description":"","publisher":{"@id":"https:\/\/shop.diolosa.com\/en\/#organization"},"potentialAction":[{"@type":"SearchAction","target":{"@type":"EntryPoint","urlTemplate":"https:\/\/shop.diolosa.com\/en\/?s={search_term_string}"},"query-input":{"@type":"PropertyValueSpecification","valueRequired":true,"valueName":"search_term_string"}}],"inLanguage":"en-US"},{"@type":"Organization","@id":"https:\/\/shop.diolosa.com\/en\/#organization","name":"Claude Diolosa","url":"https:\/\/shop.diolosa.com\/en\/","logo":{"@type":"ImageObject","inLanguage":"en-US","@id":"https:\/\/shop.diolosa.com\/en\/#\/schema\/logo\/image\/","url":"https:\/\/shop.diolosa.com\/wp-content\/uploads\/2019\/08\/diolosa-drop-logo-new.png","contentUrl":"https:\/\/shop.diolosa.com\/wp-content\/uploads\/2019\/08\/diolosa-drop-logo-new.png","width":134,"height":176,"caption":"Claude Diolosa"},"image":{"@id":"https:\/\/shop.diolosa.com\/en\/#\/schema\/logo\/image\/"},"sameAs":["https:\/\/facebook.com\/claudediolosa","https:\/\/www.instagram.com\/diolosaclaude108\/"]}]}},"_links":{"self":[{"href":"https:\/\/shop.diolosa.com\/en\/wp-json\/wp\/v2\/product\/3902647","targetHints":{"allow":["GET"]}}],"collection":[{"href":"https:\/\/shop.diolosa.com\/en\/wp-json\/wp\/v2\/product"}],"about":[{"href":"https:\/\/shop.diolosa.com\/en\/wp-json\/wp\/v2\/types\/product"}],"wp:featuredmedia":[{"embeddable":true,"href":"https:\/\/shop.diolosa.com\/en\/wp-json\/wp\/v2\/media\/1385882"}],"wp:attachment":[{"href":"https:\/\/shop.diolosa.com\/en\/wp-json\/wp\/v2\/media?parent=3902647"}],"wp:term":[{"taxonomy":"product_brand","embeddable":true,"href":"https:\/\/shop.diolosa.com\/en\/wp-json\/wp\/v2\/product_brand?post=3902647"},{"taxonomy":"product_cat","embeddable":true,"href":"https:\/\/shop.diolosa.com\/en\/wp-json\/wp\/v2\/product_cat?post=3902647"},{"taxonomy":"product_tag","embeddable":true,"href":"https:\/\/shop.diolosa.com\/en\/wp-json\/wp\/v2\/product_tag?post=3902647"}],"curies":[{"name":"wp","href":"https:\/\/api.w.org\/{rel}","templated":true}]}}