{"id":3835759,"date":"2025-03-08T14:49:28","date_gmt":"2025-03-08T13:49:28","guid":{"rendered":"https:\/\/shop.diolosa.com\/gtc\/"},"modified":"2025-03-08T14:49:28","modified_gmt":"2025-03-08T13:49:28","slug":"gtc","status":"publish","type":"page","link":"https:\/\/shop.diolosa.com\/pl\/gtc\/","title":{"rendered":"GTC"},"content":{"rendered":"<h1>Og\u00f3lne warunki handlowe<\/h1>\n<div>\n<p>Wszystkie formu\u0142y zosta\u0142y opracowane przez Claude&#8217;a Diolos\u0119 i opieraj\u0105 si\u0119 na jego bogatym do\u015bwiadczeniu klinicznym. Linia Diolosa zosta\u0142a opracowana dla certyfikowanych terapeut\u00f3w TCM, lekarzy i praktyk\u00f3w alternatywnych i nie mo\u017ce by\u0107 przepisywana bez tradycyjnej diagnozy r\u00f3\u017cnicowej. Akceptuj\u0105c niniejsze warunki podczas procesu zamawiania, potwierdzasz, \u017ce posiadasz odpowiedni\u0105 wiedz\u0119.  <\/p>\n<p><b>1. wysy\u0142ka i realizacja:<\/b><br \/>\nZam\u00f3wienie jest realizowane przez <strong>aptek\u0119 Boznerplatz w Innsbrucku<\/strong>. Apteka prze\u015ble r\u00f3wnie\u017c faktur\u0119 za zam\u00f3wienie. <\/p>\n<p><b>2.<\/b><b>koszty wysy\u0142ki:<\/b><br \/>\nKoszty wysy\u0142ki paczek do 4 kg:<br \/>\nAustria: 5,95 \u20ac (bezp\u0142atna wysy\u0142ka od warto\u015bci zam\u00f3wienia 70 \u20ac)<br \/>\nNiemcy: 6,95 \u20ac (sta\u0142a cena)<br \/>\nInne kraje i rozmiary: W zale\u017cno\u015bci od koszt\u00f3w, patrz <a href=\"http:\/\/www.post.at\/tarifrechner.php\">http:\/\/www.post.at\/tarifrechner.php<\/a><\/p>\n<p>W przypadku Szwajcarii nale\u017cy skorzysta\u0107 ze szwajcarskiego sklepu internetowego: <a href=\"https:\/\/ch.shop.diolosa.com\/\">https:\/\/ch.shop.diolosa.com\/<\/a><\/p>\n<p>&nbsp;<\/p>\n<p>Brak mo\u017cliwo\u015bci zwrotu.<\/p>\n<p><strong>3. ceny DIOLOSA-LINE: (suplement diety)<\/strong><\/p>\n<p>1 puszka 140 granulek bez laktozy: 25,80 \u20ac (bez Metamorphose)<br \/>\n1 puszka 700 granulek bez laktozy: 104,00 \u20ac (r\u00f3wnowarto\u015b\u0107 4+1 gratis)<\/p>\n<p><strong>4. linia ZLP: (preparat magistralny na recept\u0119 lekarsk\u0105)<\/strong><\/p>\n<p>Formu\u0142y ZLP mog\u0105 by\u0107 dostosowane do indywidualnych potrzeb klienta &#8211; prosimy o podanie \u017c\u0105danej liczby granulek podczas sk\u0142adania zam\u00f3wienia!<\/p>\n<p>do 200 jednostek \u20ac 29.-<br \/>\ndo 300 jednostek \u20ac 43.-<br \/>\ndo 400 jednostek \u20ac 56.-<br \/>\ndo 500 jednostek \u20ac 68.-<br \/>\ndo 600 jednostek \u20ac 79.-<br \/>\ndo 700 jednostek \u20ac 89.-<br \/>\ndo 800 jednostek \u20ac 98.-<br \/>\ndo 900 jednostek \u20ac 106.-<br \/>\ndo 1000 jednostek \u20ac 113.-<\/p>\n<p><b>5. ra<\/b>bat<b>dla terapeut\u00f3w na odsprzeda\u017c konsumentom ko\u0144cowym \/ pacjentom:<\/b><br \/>\nrabaty dotycz\u0105 wy\u0142\u0105cznie terapeut\u00f3w. Rabaty dla zarejestrowanych terapeut\u00f3w s\u0105 nast\u0119pnie automatycznie obliczane przez system sklepu. Rabaty s\u0105 mo\u017cliwe tylko wtedy, gdy adres rozliczeniowy i adres dostawy s\u0105 identyczne i wys\u0142ane bezpo\u015brednio do terapeuty.  <\/p>\n<p>Zni\u017cka dla terapeut\u00f3w: 10% (23% za 5 lub wi\u0119cej produkt\u00f3w jednej odmiany). Na puszki po 700 sztuk zazwyczaj 10% <\/p>\n<p><b>6 Wszystkie ceny zawieraj\u0105 podatek VAT. W przypadku klient\u00f3w komercyjnych posiadaj\u0105cych numer VAT, podatek VAT zostanie odliczony od faktury. <\/b><\/p>\n<p><b>7 Uwaga: Zwrot produkt\u00f3w nie jest mo\u017cliwy!<\/b><\/p>\n<p><strong>8. mo\u017ce ulec zmianie<\/strong><\/p>\n<\/div>\n","protected":false},"excerpt":{"rendered":"<p>Og\u00f3lne warunki handlowe Wszystkie formu\u0142y zosta\u0142y opracowane przez Claude&#8217;a Diolos\u0119  [&#8230;]<\/p>\n","protected":false},"author":17,"featured_media":0,"parent":0,"menu_order":0,"comment_status":"closed","ping_status":"closed","template":"","meta":{"_acf_changed":false,"footnotes":""},"class_list":["post-3835759","page","type-page","status-publish","hentry"],"acf":[],"yoast_head":"<!-- This site is optimized with the Yoast SEO plugin v24.9 - https:\/\/yoast.com\/wordpress\/plugins\/seo\/ -->\n<title>GTC - Claude Diolosa<\/title>\n<meta name=\"robots\" content=\"index, follow, max-snippet:-1, max-image-preview:large, max-video-preview:-1\" \/>\n<link rel=\"canonical\" href=\"https:\/\/shop.diolosa.com\/pl\/gtc\/\" \/>\n<meta property=\"og:locale\" content=\"pl_PL\" \/>\n<meta property=\"og:type\" content=\"article\" \/>\n<meta property=\"og:title\" content=\"GTC - Claude Diolosa\" \/>\n<meta property=\"og:description\" content=\"Og\u00f3lne warunki handlowe Wszystkie formu\u0142y zosta\u0142y opracowane przez Claude&#8217;a Diolos\u0119 [...]\" \/>\n<meta property=\"og:url\" content=\"https:\/\/shop.diolosa.com\/pl\/gtc\/\" \/>\n<meta property=\"og:site_name\" content=\"Claude Diolosa\" \/>\n<meta property=\"article:publisher\" content=\"https:\/\/facebook.com\/claudediolosa\" \/>\n<meta name=\"twitter:card\" content=\"summary_large_image\" \/>\n<meta name=\"twitter:label1\" content=\"Szacowany czas czytania\" \/>\n\t<meta name=\"twitter:data1\" content=\"2 minuty\" \/>\n<script type=\"application\/ld+json\" class=\"yoast-schema-graph\">{\"@context\":\"https:\/\/schema.org\",\"@graph\":[{\"@type\":\"WebPage\",\"@id\":\"https:\/\/shop.diolosa.com\/pl\/gtc\/\",\"url\":\"https:\/\/shop.diolosa.com\/pl\/gtc\/\",\"name\":\"GTC - Claude Diolosa\",\"isPartOf\":{\"@id\":\"https:\/\/shop.diolosa.com\/pl\/#website\"},\"datePublished\":\"2025-03-08T13:49:28+00:00\",\"breadcrumb\":{\"@id\":\"https:\/\/shop.diolosa.com\/pl\/gtc\/#breadcrumb\"},\"inLanguage\":\"pl-PL\",\"potentialAction\":[{\"@type\":\"ReadAction\",\"target\":[\"https:\/\/shop.diolosa.com\/pl\/gtc\/\"]}]},{\"@type\":\"BreadcrumbList\",\"@id\":\"https:\/\/shop.diolosa.com\/pl\/gtc\/#breadcrumb\",\"itemListElement\":[{\"@type\":\"ListItem\",\"position\":1,\"name\":\"Startseite\",\"item\":\"https:\/\/shop.diolosa.com\/pl\/?page_id=3835710\"},{\"@type\":\"ListItem\",\"position\":2,\"name\":\"GTC\"}]},{\"@type\":\"WebSite\",\"@id\":\"https:\/\/shop.diolosa.com\/pl\/#website\",\"url\":\"https:\/\/shop.diolosa.com\/pl\/\",\"name\":\"Claude Diolosa\",\"description\":\"\",\"publisher\":{\"@id\":\"https:\/\/shop.diolosa.com\/pl\/#organization\"},\"potentialAction\":[{\"@type\":\"SearchAction\",\"target\":{\"@type\":\"EntryPoint\",\"urlTemplate\":\"https:\/\/shop.diolosa.com\/pl\/?s={search_term_string}\"},\"query-input\":{\"@type\":\"PropertyValueSpecification\",\"valueRequired\":true,\"valueName\":\"search_term_string\"}}],\"inLanguage\":\"pl-PL\"},{\"@type\":\"Organization\",\"@id\":\"https:\/\/shop.diolosa.com\/pl\/#organization\",\"name\":\"Claude Diolosa\",\"url\":\"https:\/\/shop.diolosa.com\/pl\/\",\"logo\":{\"@type\":\"ImageObject\",\"inLanguage\":\"pl-PL\",\"@id\":\"https:\/\/shop.diolosa.com\/pl\/#\/schema\/logo\/image\/\",\"url\":\"https:\/\/shop.diolosa.com\/wp-content\/uploads\/2019\/08\/diolosa-drop-logo-new.png\",\"contentUrl\":\"https:\/\/shop.diolosa.com\/wp-content\/uploads\/2019\/08\/diolosa-drop-logo-new.png\",\"width\":134,\"height\":176,\"caption\":\"Claude Diolosa\"},\"image\":{\"@id\":\"https:\/\/shop.diolosa.com\/pl\/#\/schema\/logo\/image\/\"},\"sameAs\":[\"https:\/\/facebook.com\/claudediolosa\",\"https:\/\/www.instagram.com\/diolosaclaude108\/\"]}]}<\/script>\n<!-- \/ Yoast SEO plugin. -->","yoast_head_json":{"title":"GTC - Claude Diolosa","robots":{"index":"index","follow":"follow","max-snippet":"max-snippet:-1","max-image-preview":"max-image-preview:large","max-video-preview":"max-video-preview:-1"},"canonical":"https:\/\/shop.diolosa.com\/pl\/gtc\/","og_locale":"pl_PL","og_type":"article","og_title":"GTC - Claude Diolosa","og_description":"Og\u00f3lne warunki handlowe Wszystkie formu\u0142y zosta\u0142y opracowane przez Claude&#8217;a Diolos\u0119 [...]","og_url":"https:\/\/shop.diolosa.com\/pl\/gtc\/","og_site_name":"Claude Diolosa","article_publisher":"https:\/\/facebook.com\/claudediolosa","twitter_card":"summary_large_image","twitter_misc":{"Szacowany czas czytania":"2 minuty"},"schema":{"@context":"https:\/\/schema.org","@graph":[{"@type":"WebPage","@id":"https:\/\/shop.diolosa.com\/pl\/gtc\/","url":"https:\/\/shop.diolosa.com\/pl\/gtc\/","name":"GTC - Claude Diolosa","isPartOf":{"@id":"https:\/\/shop.diolosa.com\/pl\/#website"},"datePublished":"2025-03-08T13:49:28+00:00","breadcrumb":{"@id":"https:\/\/shop.diolosa.com\/pl\/gtc\/#breadcrumb"},"inLanguage":"pl-PL","potentialAction":[{"@type":"ReadAction","target":["https:\/\/shop.diolosa.com\/pl\/gtc\/"]}]},{"@type":"BreadcrumbList","@id":"https:\/\/shop.diolosa.com\/pl\/gtc\/#breadcrumb","itemListElement":[{"@type":"ListItem","position":1,"name":"Startseite","item":"https:\/\/shop.diolosa.com\/pl\/?page_id=3835710"},{"@type":"ListItem","position":2,"name":"GTC"}]},{"@type":"WebSite","@id":"https:\/\/shop.diolosa.com\/pl\/#website","url":"https:\/\/shop.diolosa.com\/pl\/","name":"Claude Diolosa","description":"","publisher":{"@id":"https:\/\/shop.diolosa.com\/pl\/#organization"},"potentialAction":[{"@type":"SearchAction","target":{"@type":"EntryPoint","urlTemplate":"https:\/\/shop.diolosa.com\/pl\/?s={search_term_string}"},"query-input":{"@type":"PropertyValueSpecification","valueRequired":true,"valueName":"search_term_string"}}],"inLanguage":"pl-PL"},{"@type":"Organization","@id":"https:\/\/shop.diolosa.com\/pl\/#organization","name":"Claude Diolosa","url":"https:\/\/shop.diolosa.com\/pl\/","logo":{"@type":"ImageObject","inLanguage":"pl-PL","@id":"https:\/\/shop.diolosa.com\/pl\/#\/schema\/logo\/image\/","url":"https:\/\/shop.diolosa.com\/wp-content\/uploads\/2019\/08\/diolosa-drop-logo-new.png","contentUrl":"https:\/\/shop.diolosa.com\/wp-content\/uploads\/2019\/08\/diolosa-drop-logo-new.png","width":134,"height":176,"caption":"Claude Diolosa"},"image":{"@id":"https:\/\/shop.diolosa.com\/pl\/#\/schema\/logo\/image\/"},"sameAs":["https:\/\/facebook.com\/claudediolosa","https:\/\/www.instagram.com\/diolosaclaude108\/"]}]}},"_links":{"self":[{"href":"https:\/\/shop.diolosa.com\/pl\/wp-json\/wp\/v2\/pages\/3835759","targetHints":{"allow":["GET"]}}],"collection":[{"href":"https:\/\/shop.diolosa.com\/pl\/wp-json\/wp\/v2\/pages"}],"about":[{"href":"https:\/\/shop.diolosa.com\/pl\/wp-json\/wp\/v2\/types\/page"}],"author":[{"embeddable":true,"href":"https:\/\/shop.diolosa.com\/pl\/wp-json\/wp\/v2\/users\/17"}],"replies":[{"embeddable":true,"href":"https:\/\/shop.diolosa.com\/pl\/wp-json\/wp\/v2\/comments?post=3835759"}],"version-history":[{"count":1,"href":"https:\/\/shop.diolosa.com\/pl\/wp-json\/wp\/v2\/pages\/3835759\/revisions"}],"predecessor-version":[{"id":3835761,"href":"https:\/\/shop.diolosa.com\/pl\/wp-json\/wp\/v2\/pages\/3835759\/revisions\/3835761"}],"wp:attachment":[{"href":"https:\/\/shop.diolosa.com\/pl\/wp-json\/wp\/v2\/media?parent=3835759"}],"curies":[{"name":"wp","href":"https:\/\/api.w.org\/{rel}","templated":true}]}}