{"id":3835992,"date":"2025-03-08T15:07:59","date_gmt":"2025-03-08T14:07:59","guid":{"rendered":"https:\/\/shop.diolosa.com\/rabaty\/"},"modified":"2025-03-08T15:07:59","modified_gmt":"2025-03-08T14:07:59","slug":"rabaty","status":"publish","type":"page","link":"https:\/\/shop.diolosa.com\/pl\/rabaty\/","title":{"rendered":"Rabaty"},"content":{"rendered":"<h1>Zni\u017cki dla lekarzy, terapeut\u00f3w TCM i student\u00f3w TCM<\/h1>\n<p><b>Oferujemy zni\u017cki na lini\u0119 Diolosa dla lekarzy, terapeut\u00f3w TCM i student\u00f3w TCM do odsprzeda\u017cy konsumentom ko\u0144cowym \/ pacjentom:<\/b><\/p>\n<p>&nbsp;<\/p>\n<p><strong>Dla produkt\u00f3w z linii Diolosa:<\/strong><br \/>\nZam\u00f3wienie na mniej ni\u017c 5 sztuk: 10% zni\u017cki<br \/>\nZam\u00f3wienie na 5 lub wi\u0119cej sztuk: 23% zni\u017cki<\/p>\n<p>&nbsp;<\/p>\n<p><strong>Formu\u0142y mistrzowskie:<\/strong> 10% zni\u017cki<\/p>\n<p>&nbsp;<\/p>\n<p>Rabaty dotycz\u0105 wy\u0142\u0105cznie terapeut\u00f3w, kt\u00f3rzy kupuj\u0105 od nas du\u017ce ilo\u015bci produkt\u00f3w, aby mie\u0107 je w magazynie i sprzedawa\u0107 bezpo\u015brednio swoim pacjentom. Rabaty dla zarejestrowanych terapeut\u00f3w s\u0105 nast\u0119pnie automatycznie obliczane przez system sklepu. Rabaty s\u0105 mo\u017cliwe tylko w przypadku podania <strong>adresu rozliczeniowego i adresu dostawy terapeuty<\/strong>.  <\/p>\n<p>&nbsp;<\/p>\n<p>*jedna odmiana = 5 identycznych produkt\u00f3w (np. 5 Burnout Relief, 5 Bright Light, &#8230;)<\/p>\n<p>&nbsp;<\/p>\n<p>Mo\u017cliwa r\u00f3wnie\u017c wysy\u0142ka mi\u0119dzynarodowa za po\u015brednictwem DHL EXPRESS!<\/p>\n","protected":false},"excerpt":{"rendered":"<p>Zni\u017cki dla lekarzy, terapeut\u00f3w TCM i student\u00f3w TCM Oferujemy zni\u017cki  [&#8230;]<\/p>\n","protected":false},"author":17,"featured_media":0,"parent":0,"menu_order":0,"comment_status":"closed","ping_status":"closed","template":"","meta":{"_acf_changed":false,"footnotes":""},"class_list":["post-3835992","page","type-page","status-publish","hentry"],"acf":[],"yoast_head":"<!-- This site is optimized with the Yoast SEO plugin v24.9 - https:\/\/yoast.com\/wordpress\/plugins\/seo\/ -->\n<title>Rabaty - Claude Diolosa<\/title>\n<meta name=\"robots\" content=\"index, follow, max-snippet:-1, max-image-preview:large, max-video-preview:-1\" \/>\n<link rel=\"canonical\" href=\"https:\/\/shop.diolosa.com\/pl\/rabaty\/\" \/>\n<meta property=\"og:locale\" content=\"pl_PL\" \/>\n<meta property=\"og:type\" content=\"article\" \/>\n<meta property=\"og:title\" content=\"Rabaty - Claude Diolosa\" \/>\n<meta property=\"og:description\" content=\"Zni\u017cki dla lekarzy, terapeut\u00f3w TCM i student\u00f3w TCM Oferujemy zni\u017cki [...]\" \/>\n<meta property=\"og:url\" content=\"https:\/\/shop.diolosa.com\/pl\/rabaty\/\" \/>\n<meta property=\"og:site_name\" content=\"Claude Diolosa\" \/>\n<meta property=\"article:publisher\" content=\"https:\/\/facebook.com\/claudediolosa\" \/>\n<meta name=\"twitter:card\" content=\"summary_large_image\" \/>\n<meta name=\"twitter:label1\" content=\"Szacowany czas czytania\" \/>\n\t<meta name=\"twitter:data1\" content=\"1 minuta\" \/>\n<script type=\"application\/ld+json\" class=\"yoast-schema-graph\">{\"@context\":\"https:\/\/schema.org\",\"@graph\":[{\"@type\":\"WebPage\",\"@id\":\"https:\/\/shop.diolosa.com\/pl\/rabaty\/\",\"url\":\"https:\/\/shop.diolosa.com\/pl\/rabaty\/\",\"name\":\"Rabaty - Claude Diolosa\",\"isPartOf\":{\"@id\":\"https:\/\/shop.diolosa.com\/pl\/#website\"},\"datePublished\":\"2025-03-08T14:07:59+00:00\",\"breadcrumb\":{\"@id\":\"https:\/\/shop.diolosa.com\/pl\/rabaty\/#breadcrumb\"},\"inLanguage\":\"pl-PL\",\"potentialAction\":[{\"@type\":\"ReadAction\",\"target\":[\"https:\/\/shop.diolosa.com\/pl\/rabaty\/\"]}]},{\"@type\":\"BreadcrumbList\",\"@id\":\"https:\/\/shop.diolosa.com\/pl\/rabaty\/#breadcrumb\",\"itemListElement\":[{\"@type\":\"ListItem\",\"position\":1,\"name\":\"Startseite\",\"item\":\"https:\/\/shop.diolosa.com\/pl\/?page_id=3835710\"},{\"@type\":\"ListItem\",\"position\":2,\"name\":\"Rabaty\"}]},{\"@type\":\"WebSite\",\"@id\":\"https:\/\/shop.diolosa.com\/pl\/#website\",\"url\":\"https:\/\/shop.diolosa.com\/pl\/\",\"name\":\"Claude Diolosa\",\"description\":\"\",\"publisher\":{\"@id\":\"https:\/\/shop.diolosa.com\/pl\/#organization\"},\"potentialAction\":[{\"@type\":\"SearchAction\",\"target\":{\"@type\":\"EntryPoint\",\"urlTemplate\":\"https:\/\/shop.diolosa.com\/pl\/?s={search_term_string}\"},\"query-input\":{\"@type\":\"PropertyValueSpecification\",\"valueRequired\":true,\"valueName\":\"search_term_string\"}}],\"inLanguage\":\"pl-PL\"},{\"@type\":\"Organization\",\"@id\":\"https:\/\/shop.diolosa.com\/pl\/#organization\",\"name\":\"Claude Diolosa\",\"url\":\"https:\/\/shop.diolosa.com\/pl\/\",\"logo\":{\"@type\":\"ImageObject\",\"inLanguage\":\"pl-PL\",\"@id\":\"https:\/\/shop.diolosa.com\/pl\/#\/schema\/logo\/image\/\",\"url\":\"https:\/\/shop.diolosa.com\/wp-content\/uploads\/2019\/08\/diolosa-drop-logo-new.png\",\"contentUrl\":\"https:\/\/shop.diolosa.com\/wp-content\/uploads\/2019\/08\/diolosa-drop-logo-new.png\",\"width\":134,\"height\":176,\"caption\":\"Claude Diolosa\"},\"image\":{\"@id\":\"https:\/\/shop.diolosa.com\/pl\/#\/schema\/logo\/image\/\"},\"sameAs\":[\"https:\/\/facebook.com\/claudediolosa\",\"https:\/\/www.instagram.com\/diolosaclaude108\/\"]}]}<\/script>\n<!-- \/ Yoast SEO plugin. -->","yoast_head_json":{"title":"Rabaty - Claude Diolosa","robots":{"index":"index","follow":"follow","max-snippet":"max-snippet:-1","max-image-preview":"max-image-preview:large","max-video-preview":"max-video-preview:-1"},"canonical":"https:\/\/shop.diolosa.com\/pl\/rabaty\/","og_locale":"pl_PL","og_type":"article","og_title":"Rabaty - Claude Diolosa","og_description":"Zni\u017cki dla lekarzy, terapeut\u00f3w TCM i student\u00f3w TCM Oferujemy zni\u017cki [...]","og_url":"https:\/\/shop.diolosa.com\/pl\/rabaty\/","og_site_name":"Claude Diolosa","article_publisher":"https:\/\/facebook.com\/claudediolosa","twitter_card":"summary_large_image","twitter_misc":{"Szacowany czas czytania":"1 minuta"},"schema":{"@context":"https:\/\/schema.org","@graph":[{"@type":"WebPage","@id":"https:\/\/shop.diolosa.com\/pl\/rabaty\/","url":"https:\/\/shop.diolosa.com\/pl\/rabaty\/","name":"Rabaty - Claude Diolosa","isPartOf":{"@id":"https:\/\/shop.diolosa.com\/pl\/#website"},"datePublished":"2025-03-08T14:07:59+00:00","breadcrumb":{"@id":"https:\/\/shop.diolosa.com\/pl\/rabaty\/#breadcrumb"},"inLanguage":"pl-PL","potentialAction":[{"@type":"ReadAction","target":["https:\/\/shop.diolosa.com\/pl\/rabaty\/"]}]},{"@type":"BreadcrumbList","@id":"https:\/\/shop.diolosa.com\/pl\/rabaty\/#breadcrumb","itemListElement":[{"@type":"ListItem","position":1,"name":"Startseite","item":"https:\/\/shop.diolosa.com\/pl\/?page_id=3835710"},{"@type":"ListItem","position":2,"name":"Rabaty"}]},{"@type":"WebSite","@id":"https:\/\/shop.diolosa.com\/pl\/#website","url":"https:\/\/shop.diolosa.com\/pl\/","name":"Claude Diolosa","description":"","publisher":{"@id":"https:\/\/shop.diolosa.com\/pl\/#organization"},"potentialAction":[{"@type":"SearchAction","target":{"@type":"EntryPoint","urlTemplate":"https:\/\/shop.diolosa.com\/pl\/?s={search_term_string}"},"query-input":{"@type":"PropertyValueSpecification","valueRequired":true,"valueName":"search_term_string"}}],"inLanguage":"pl-PL"},{"@type":"Organization","@id":"https:\/\/shop.diolosa.com\/pl\/#organization","name":"Claude Diolosa","url":"https:\/\/shop.diolosa.com\/pl\/","logo":{"@type":"ImageObject","inLanguage":"pl-PL","@id":"https:\/\/shop.diolosa.com\/pl\/#\/schema\/logo\/image\/","url":"https:\/\/shop.diolosa.com\/wp-content\/uploads\/2019\/08\/diolosa-drop-logo-new.png","contentUrl":"https:\/\/shop.diolosa.com\/wp-content\/uploads\/2019\/08\/diolosa-drop-logo-new.png","width":134,"height":176,"caption":"Claude Diolosa"},"image":{"@id":"https:\/\/shop.diolosa.com\/pl\/#\/schema\/logo\/image\/"},"sameAs":["https:\/\/facebook.com\/claudediolosa","https:\/\/www.instagram.com\/diolosaclaude108\/"]}]}},"_links":{"self":[{"href":"https:\/\/shop.diolosa.com\/pl\/wp-json\/wp\/v2\/pages\/3835992","targetHints":{"allow":["GET"]}}],"collection":[{"href":"https:\/\/shop.diolosa.com\/pl\/wp-json\/wp\/v2\/pages"}],"about":[{"href":"https:\/\/shop.diolosa.com\/pl\/wp-json\/wp\/v2\/types\/page"}],"author":[{"embeddable":true,"href":"https:\/\/shop.diolosa.com\/pl\/wp-json\/wp\/v2\/users\/17"}],"replies":[{"embeddable":true,"href":"https:\/\/shop.diolosa.com\/pl\/wp-json\/wp\/v2\/comments?post=3835992"}],"version-history":[{"count":1,"href":"https:\/\/shop.diolosa.com\/pl\/wp-json\/wp\/v2\/pages\/3835992\/revisions"}],"predecessor-version":[{"id":3835993,"href":"https:\/\/shop.diolosa.com\/pl\/wp-json\/wp\/v2\/pages\/3835992\/revisions\/3835993"}],"wp:attachment":[{"href":"https:\/\/shop.diolosa.com\/pl\/wp-json\/wp\/v2\/media?parent=3835992"}],"curies":[{"name":"wp","href":"https:\/\/api.w.org\/{rel}","templated":true}]}}