{"id":3835994,"date":"2025-03-08T15:08:00","date_gmt":"2025-03-08T14:08:00","guid":{"rendered":"https:\/\/shop.diolosa.com\/ochrona-danych\/"},"modified":"2025-03-08T15:08:00","modified_gmt":"2025-03-08T14:08:00","slug":"ochrona-danych","status":"publish","type":"page","link":"https:\/\/shop.diolosa.com\/pl\/ochrona-danych\/","title":{"rendered":"Ochrona danych"},"content":{"rendered":"<h2>Ochrona danych<\/h2>\n<p>Niniejsza polityka prywatno\u015bci wyja\u015bnia charakter, zakres i cel gromadzenia i wykorzystywania danych odwiedzaj\u0105cych i u\u017cytkownik\u00f3w (zwanych dalej \u0142\u0105cznie &#8222;u\u017cytkownikami&#8221;) przez Avicenna &#8211; Institute for Traditional Naturopathy <b>Claude Diolosa, <\/b>Via Padre Pio 15, Assisi, PG 06081, W\u0142ochy (zwany dalej &#8222;dostawc\u0105&#8221;) jako organ odpowiedzialny za ochron\u0119 danych. W razie jakichkolwiek pyta\u0144 prosimy o kontakt pod adresem diolosainfo@gmail.com. <\/p>\n<p><strong>Gromadzenie danych dost\u0119powych<\/strong><\/p>\n<p>Dostawca gromadzi dane o ka\u017cdym dost\u0119pie do oferty online (tzw. pliki dziennika serwera). Dane dost\u0119pu obejmuj\u0105 nazw\u0119 strony internetowej, do kt\u00f3rej uzyskano dost\u0119p, plik, dat\u0119 i godzin\u0119 dost\u0119pu, ilo\u015b\u0107 przes\u0142anych danych, powiadomienie o pomy\u015blnym dost\u0119pie, typ i wersj\u0119 przegl\u0105darki, system operacyjny u\u017cytkownika, adres URL odsy\u0142acza (poprzednio odwiedzana strona), adres IP i dostawc\u0119 \u017c\u0105daj\u0105cego.<br \/>\nDostawca wykorzystuje dane dziennika bez przypisywania ich do osoby u\u017cytkownika lub innego profilowania zgodnie z przepisami ustawowymi wy\u0142\u0105cznie do ocen statystycznych w celu obs\u0142ugi, bezpiecze\u0144stwa i optymalizacji oferty online. Dostawca zastrzega sobie jednak prawo do retrospektywnego sprawdzenia danych dziennika, je\u015bli istnieje uzasadnione podejrzenie bezprawnego u\u017cycia na podstawie konkretnych dowod\u00f3w.  <\/p>\n<p>&nbsp;<\/p>\n<p><strong>Gromadzenie i wykorzystywanie danych osobowych<\/strong><\/p>\n<p>Dane osobowe s\u0105 gromadzone i wykorzystywane przez dostawc\u0119 tylko wtedy, gdy jest to dozwolone przez prawo lub gdy u\u017cytkownik wyrazi zgod\u0119 na gromadzenie danych. Zasadniczo u\u017cytkownicy mog\u0105 rozpozna\u0107, kt\u00f3re dane s\u0105 przechowywane podczas korzystania z us\u0142ugi, na przyk\u0142ad imi\u0119 i nazwisko, adres e-mail i wiadomo\u015b\u0107 podczas korzystania z formularza zam\u00f3wienia. <\/p>\n<p>Dane osobowe podane w celu zam\u00f3wienia towar\u00f3w (takie jak imi\u0119 i nazwisko, adres e-mail, adres, szczeg\u00f3\u0142y p\u0142atno\u015bci) s\u0105 wykorzystywane przez sprzedawc\u0119 do realizacji i przetwarzania umowy. Dane te s\u0105 traktowane jako poufne, przesy\u0142ane w formie zaszyfrowanej i nie s\u0105 przekazywane stronom trzecim, kt\u00f3re nie s\u0105 zaanga\u017cowane w proces zamawiania, dostawy i p\u0142atno\u015bci.<br \/>\nPodczas kontaktu z dostawc\u0105 (za po\u015brednictwem formularza kontaktowego lub poczty elektronicznej) dane u\u017cytkownika s\u0105 przechowywane w celu przetworzenia zapytania oraz w przypadku pojawienia si\u0119 dalszych pyta\u0144.<br \/>\nDostawca podj\u0105\u0142 organizacyjne, umowne i techniczne \u015brodki bezpiecze\u0144stwa w celu zapewnienia przestrzegania przepis\u00f3w o ochronie danych oraz zapobiegania przypadkowej lub celowej manipulacji, utracie, zniszczeniu lub dost\u0119powi os\u00f3b nieupowa\u017cnionych. <\/p>\n<p>&nbsp;<\/p>\n<p><strong>Przekazywanie danych stronom trzecim<\/strong><\/p>\n<p>Dane u\u017cytkownika s\u0105 przekazywane stronom trzecim tylko wtedy, gdy jest to dozwolone przez prawo lub gdy u\u017cytkownik wyrazi\u0142 zgod\u0119 na ich przekazanie.<br \/>\nDzieje si\u0119 tak na przyk\u0142ad wtedy, gdy przekazanie danych s\u0142u\u017cy wype\u0142nieniu zobowi\u0105za\u0144 umownych wobec u\u017cytkownika, a adres pocztowy jest przekazywany firmie spedycyjnej po z\u0142o\u017ceniu zam\u00f3wienia w sklepie. Na przyk\u0142ad chcieliby\u015bmy zwr\u00f3ci\u0107 uwag\u0119, \u017ce dane zam\u00f3wienia s\u0105 przekazywane do apteki Boznerplatz w Innsbrucku w celu realizacji zam\u00f3wienia.<br \/>\nDane osobowe u\u017cytkownik\u00f3w nie s\u0105 sprzedawane ani przekazywane stronom trzecim w celach reklamowych lub w celu tworzenia profili u\u017cytkownik\u00f3w. <\/p>\n<p>&nbsp;<\/p>\n<p><strong>Pliki cookie<\/strong><\/p>\n<p>Dostawca wykorzystuje pliki &#8222;cookie&#8221; w ramach swojej oferty online. Pliki cookie to ma\u0142e pliki, kt\u00f3re s\u0105 przechowywane na komputerze u\u017cytkownika i mog\u0105 przechowywa\u0107 informacje dla dostawc\u00f3w. Tymczasowe pliki cookie s\u0105 usuwane po zamkni\u0119ciu przegl\u0105darki; sta\u0142e pliki cookie s\u0105 przechowywane przez okre\u015blony czas i mog\u0105 udost\u0119pnia\u0107 przechowywane informacje po ponownym wywo\u0142aniu us\u0142ugi online.<br \/>\nPliki cookie s\u0105 u\u017cywane z jednej strony w celu u\u0142atwienia korzystania z us\u0142ugi. Na przyk\u0142ad plik cookie zapisuje status koszyka zakup\u00f3w u\u017cytkownika.<br \/>\nU\u017cytkownik mo\u017ce wp\u0142ywa\u0107 na wykorzystanie plik\u00f3w cookie. Wi\u0119kszo\u015b\u0107 przegl\u0105darek ma opcj\u0119 ograniczenia lub ca\u0142kowitego uniemo\u017cliwienia przechowywania plik\u00f3w cookie. Dostawca stara si\u0119 zaprojektowa\u0107 ofert\u0119 online w taki spos\u00f3b, aby korzystanie z plik\u00f3w cookie nie by\u0142o konieczne. Nale\u017cy jednak zauwa\u017cy\u0107, \u017ce korzystanie, a w szczeg\u00f3lno\u015bci \u0142atwo\u015b\u0107 u\u017cytkowania, s\u0105 ograniczone bez plik\u00f3w cookie.      <\/p>\n<p>&nbsp;<\/p>\n<p><strong>Wysy\u0142anie informacji za po\u015brednictwem newslettera<\/strong><\/p>\n<p>E-maile z dalszymi informacjami o dostawcy i jego us\u0142ugach s\u0105 wysy\u0142ane poprzez aktywne subskrybowanie newslettera i zamawianie produkt\u00f3w. U\u017cytkownicy mog\u0105 w ka\u017cdej chwili sprzeciwi\u0107 si\u0119 otrzymywaniu newslettera. Opcja sprzeciwu znajduje si\u0119 w ka\u017cdej wiadomo\u015bci e-mail.<br \/>\nPrzed wys\u0142aniem newslettera w\u0142a\u015bciciel wiadomo\u015bci e-mail otrzymuje wiadomo\u015b\u0107 e-mail z potwierdzeniem, w kt\u00f3rej musi potwierdzi\u0107 rejestracj\u0119 w newsletterze. Niepotwierdzone rejestracje s\u0105 automatycznie usuwane najp\u00f3\u017aniej w ci\u0105gu czterech tygodni.<br \/>\nWiadomo\u015bci w ramach stosunku umownego z u\u017cytkownikiem nie s\u0105 uwa\u017cane za informacje reklamowe. Obejmuje to wysy\u0142anie informacji technicznych, informacji o przetwarzaniu p\u0142atno\u015bci, zapyta\u0144 dotycz\u0105cych zam\u00f3wie\u0144 i podobnych wiadomo\u015bci.<br \/>\nU\u017cytkownicy mog\u0105 nast\u0119pnie za\u017c\u0105da\u0107 usuni\u0119cia z listy powiadomie\u0144, wysy\u0142aj\u0105c wiadomo\u015b\u0107 e-mail na podane powy\u017cej opcje kontaktu.<br \/>\nW ramach procesu rejestracji dostawca przechowuje czas rejestracji i potwierdzenia oraz adres IP u\u017cytkownika. Dostawca jest prawnie zobowi\u0105zany do rejestrowania rejestracji w celu udowodnienia prawid\u0142owej rejestracji.     <\/p>\n<p>&nbsp;<\/p>\n<p><strong>Korzystanie z wtyczek YouTube<\/strong><\/p>\n<p>W celu integracji film\u00f3w korzystamy mi\u0119dzy innymi z dostawcy YouTube. YouTube jest obs\u0142ugiwany przez YouTube LLC z siedzib\u0105 pod adresem 901 Cherry Avenue, San Bruno, CA 94066, USA. YouTube jest reprezentowany przez Google Inc. z siedzib\u0105 pod adresem 1600 Amphitheatre Parkway, Mountain View, CA 94043, USA.   <\/p>\n<p>Na niekt\u00f3rych naszych stronach internetowych u\u017cywamy wtyczek dostawcy YouTube. Po wej\u015bciu na strony internetowe naszej witryny, kt\u00f3re maj\u0105 tak\u0105 wtyczk\u0119 &#8211; na przyk\u0142ad nasze centrum multimedialne &#8211; nawi\u0105zywane jest po\u0142\u0105czenie z serwerami YouTube i wy\u015bwietlana jest wtyczka. Informuje ona serwer YouTube, kt\u00f3re z naszych stron internetowych odwiedzi\u0142 u\u017cytkownik. Je\u015bli u\u017cytkownik jest zalogowany w serwisie YouTube jako cz\u0142onek, YouTube przypisuje te informacje do jego osobistego konta u\u017cytkownika. Gdy u\u017cytkownik korzysta z wtyczki, np. klikaj\u0105c przycisk uruchamiania filmu, informacje te s\u0105 r\u00f3wnie\u017c przypisywane do jego konta u\u017cytkownika. Mo\u017cesz zapobiec temu przypisaniu, wylogowuj\u0105c si\u0119 z konta u\u017cytkownika YouTube i innych kont u\u017cytkownik\u00f3w YouTube LLC i Google Inc. przed skorzystaniem z naszej strony internetowej i usuwaj\u0105c odpowiednie pliki cookie firm.      <\/p>\n<p>Wi\u0119cej informacji na temat przetwarzania danych i uwag dotycz\u0105cych ochrony danych przez YouTube (Google) mo\u017cna znale\u017a\u0107 na stronie <a href=\"http:\/\/www.google.de\/intl\/de\/policies\/privacy\/\" target=\"_blank\" rel=\"noopener noreferrer\">www.google.de\/intl\/de\/policies\/privacy\/.<\/a><\/p>\n<p>&nbsp;<\/p>\n<p><strong>Cofni\u0119cie, zmiany, poprawki i aktualizacje<\/strong><\/p>\n<p>U\u017cytkownik ma prawo, na \u017c\u0105danie i bezp\u0142atnie, do otrzymania informacji o danych osobowych, kt\u00f3re dostawca przechowuje na jego temat. Dane kontaktowe mo\u017cna znale\u017a\u0107 w nocie prawnej dostawcy.<br \/>\nPonadto u\u017cytkownik ma prawo do poprawiania nieprawid\u0142owych danych, blokowania i usuwania swoich danych osobowych, pod warunkiem, \u017ce nie ma prawnego obowi\u0105zku ich przechowywania. <\/p>\n<p>&nbsp;<\/p>\n<p><strong>Zmiany w polityce prywatno\u015bci<\/strong><\/p>\n<p>Dostawca zastrzega sobie prawo do zmiany polityki prywatno\u015bci w celu dostosowania jej do zmian w sytuacji prawnej lub zmian w us\u0142udze i przetwarzaniu danych.<\/p>\n","protected":false},"excerpt":{"rendered":"<p>Ochrona danych Niniejsza polityka prywatno\u015bci wyja\u015bnia charakter, zakres i cel  [&#8230;]<\/p>\n","protected":false},"author":17,"featured_media":0,"parent":0,"menu_order":0,"comment_status":"closed","ping_status":"closed","template":"","meta":{"_acf_changed":false,"footnotes":""},"class_list":["post-3835994","page","type-page","status-publish","hentry"],"acf":[],"yoast_head":"<!-- This site is optimized with the Yoast SEO plugin v24.9 - https:\/\/yoast.com\/wordpress\/plugins\/seo\/ -->\n<title>Ochrona danych - Claude Diolosa<\/title>\n<meta name=\"robots\" content=\"index, follow, max-snippet:-1, max-image-preview:large, max-video-preview:-1\" \/>\n<link rel=\"canonical\" href=\"https:\/\/shop.diolosa.com\/pl\/ochrona-danych\/\" \/>\n<meta property=\"og:locale\" content=\"pl_PL\" \/>\n<meta property=\"og:type\" content=\"article\" \/>\n<meta property=\"og:title\" content=\"Ochrona danych - Claude Diolosa\" \/>\n<meta property=\"og:description\" content=\"Ochrona danych Niniejsza polityka prywatno\u015bci wyja\u015bnia charakter, zakres i cel [...]\" \/>\n<meta property=\"og:url\" content=\"https:\/\/shop.diolosa.com\/pl\/ochrona-danych\/\" \/>\n<meta property=\"og:site_name\" content=\"Claude Diolosa\" \/>\n<meta property=\"article:publisher\" content=\"https:\/\/facebook.com\/claudediolosa\" \/>\n<meta name=\"twitter:card\" content=\"summary_large_image\" \/>\n<meta name=\"twitter:label1\" content=\"Szacowany czas czytania\" \/>\n\t<meta name=\"twitter:data1\" content=\"6 minut\" \/>\n<script type=\"application\/ld+json\" class=\"yoast-schema-graph\">{\"@context\":\"https:\/\/schema.org\",\"@graph\":[{\"@type\":\"WebPage\",\"@id\":\"https:\/\/shop.diolosa.com\/pl\/ochrona-danych\/\",\"url\":\"https:\/\/shop.diolosa.com\/pl\/ochrona-danych\/\",\"name\":\"Ochrona danych - Claude Diolosa\",\"isPartOf\":{\"@id\":\"https:\/\/shop.diolosa.com\/pl\/#website\"},\"datePublished\":\"2025-03-08T14:08:00+00:00\",\"breadcrumb\":{\"@id\":\"https:\/\/shop.diolosa.com\/pl\/ochrona-danych\/#breadcrumb\"},\"inLanguage\":\"pl-PL\",\"potentialAction\":[{\"@type\":\"ReadAction\",\"target\":[\"https:\/\/shop.diolosa.com\/pl\/ochrona-danych\/\"]}]},{\"@type\":\"BreadcrumbList\",\"@id\":\"https:\/\/shop.diolosa.com\/pl\/ochrona-danych\/#breadcrumb\",\"itemListElement\":[{\"@type\":\"ListItem\",\"position\":1,\"name\":\"Startseite\",\"item\":\"https:\/\/shop.diolosa.com\/pl\/?page_id=3835710\"},{\"@type\":\"ListItem\",\"position\":2,\"name\":\"Ochrona danych\"}]},{\"@type\":\"WebSite\",\"@id\":\"https:\/\/shop.diolosa.com\/pl\/#website\",\"url\":\"https:\/\/shop.diolosa.com\/pl\/\",\"name\":\"Claude Diolosa\",\"description\":\"\",\"publisher\":{\"@id\":\"https:\/\/shop.diolosa.com\/pl\/#organization\"},\"potentialAction\":[{\"@type\":\"SearchAction\",\"target\":{\"@type\":\"EntryPoint\",\"urlTemplate\":\"https:\/\/shop.diolosa.com\/pl\/?s={search_term_string}\"},\"query-input\":{\"@type\":\"PropertyValueSpecification\",\"valueRequired\":true,\"valueName\":\"search_term_string\"}}],\"inLanguage\":\"pl-PL\"},{\"@type\":\"Organization\",\"@id\":\"https:\/\/shop.diolosa.com\/pl\/#organization\",\"name\":\"Claude Diolosa\",\"url\":\"https:\/\/shop.diolosa.com\/pl\/\",\"logo\":{\"@type\":\"ImageObject\",\"inLanguage\":\"pl-PL\",\"@id\":\"https:\/\/shop.diolosa.com\/pl\/#\/schema\/logo\/image\/\",\"url\":\"https:\/\/shop.diolosa.com\/wp-content\/uploads\/2019\/08\/diolosa-drop-logo-new.png\",\"contentUrl\":\"https:\/\/shop.diolosa.com\/wp-content\/uploads\/2019\/08\/diolosa-drop-logo-new.png\",\"width\":134,\"height\":176,\"caption\":\"Claude Diolosa\"},\"image\":{\"@id\":\"https:\/\/shop.diolosa.com\/pl\/#\/schema\/logo\/image\/\"},\"sameAs\":[\"https:\/\/facebook.com\/claudediolosa\",\"https:\/\/www.instagram.com\/diolosaclaude108\/\"]}]}<\/script>\n<!-- \/ Yoast SEO plugin. -->","yoast_head_json":{"title":"Ochrona danych - Claude Diolosa","robots":{"index":"index","follow":"follow","max-snippet":"max-snippet:-1","max-image-preview":"max-image-preview:large","max-video-preview":"max-video-preview:-1"},"canonical":"https:\/\/shop.diolosa.com\/pl\/ochrona-danych\/","og_locale":"pl_PL","og_type":"article","og_title":"Ochrona danych - Claude Diolosa","og_description":"Ochrona danych Niniejsza polityka prywatno\u015bci wyja\u015bnia charakter, zakres i cel [...]","og_url":"https:\/\/shop.diolosa.com\/pl\/ochrona-danych\/","og_site_name":"Claude Diolosa","article_publisher":"https:\/\/facebook.com\/claudediolosa","twitter_card":"summary_large_image","twitter_misc":{"Szacowany czas czytania":"6 minut"},"schema":{"@context":"https:\/\/schema.org","@graph":[{"@type":"WebPage","@id":"https:\/\/shop.diolosa.com\/pl\/ochrona-danych\/","url":"https:\/\/shop.diolosa.com\/pl\/ochrona-danych\/","name":"Ochrona danych - Claude Diolosa","isPartOf":{"@id":"https:\/\/shop.diolosa.com\/pl\/#website"},"datePublished":"2025-03-08T14:08:00+00:00","breadcrumb":{"@id":"https:\/\/shop.diolosa.com\/pl\/ochrona-danych\/#breadcrumb"},"inLanguage":"pl-PL","potentialAction":[{"@type":"ReadAction","target":["https:\/\/shop.diolosa.com\/pl\/ochrona-danych\/"]}]},{"@type":"BreadcrumbList","@id":"https:\/\/shop.diolosa.com\/pl\/ochrona-danych\/#breadcrumb","itemListElement":[{"@type":"ListItem","position":1,"name":"Startseite","item":"https:\/\/shop.diolosa.com\/pl\/?page_id=3835710"},{"@type":"ListItem","position":2,"name":"Ochrona danych"}]},{"@type":"WebSite","@id":"https:\/\/shop.diolosa.com\/pl\/#website","url":"https:\/\/shop.diolosa.com\/pl\/","name":"Claude Diolosa","description":"","publisher":{"@id":"https:\/\/shop.diolosa.com\/pl\/#organization"},"potentialAction":[{"@type":"SearchAction","target":{"@type":"EntryPoint","urlTemplate":"https:\/\/shop.diolosa.com\/pl\/?s={search_term_string}"},"query-input":{"@type":"PropertyValueSpecification","valueRequired":true,"valueName":"search_term_string"}}],"inLanguage":"pl-PL"},{"@type":"Organization","@id":"https:\/\/shop.diolosa.com\/pl\/#organization","name":"Claude Diolosa","url":"https:\/\/shop.diolosa.com\/pl\/","logo":{"@type":"ImageObject","inLanguage":"pl-PL","@id":"https:\/\/shop.diolosa.com\/pl\/#\/schema\/logo\/image\/","url":"https:\/\/shop.diolosa.com\/wp-content\/uploads\/2019\/08\/diolosa-drop-logo-new.png","contentUrl":"https:\/\/shop.diolosa.com\/wp-content\/uploads\/2019\/08\/diolosa-drop-logo-new.png","width":134,"height":176,"caption":"Claude Diolosa"},"image":{"@id":"https:\/\/shop.diolosa.com\/pl\/#\/schema\/logo\/image\/"},"sameAs":["https:\/\/facebook.com\/claudediolosa","https:\/\/www.instagram.com\/diolosaclaude108\/"]}]}},"_links":{"self":[{"href":"https:\/\/shop.diolosa.com\/pl\/wp-json\/wp\/v2\/pages\/3835994","targetHints":{"allow":["GET"]}}],"collection":[{"href":"https:\/\/shop.diolosa.com\/pl\/wp-json\/wp\/v2\/pages"}],"about":[{"href":"https:\/\/shop.diolosa.com\/pl\/wp-json\/wp\/v2\/types\/page"}],"author":[{"embeddable":true,"href":"https:\/\/shop.diolosa.com\/pl\/wp-json\/wp\/v2\/users\/17"}],"replies":[{"embeddable":true,"href":"https:\/\/shop.diolosa.com\/pl\/wp-json\/wp\/v2\/comments?post=3835994"}],"version-history":[{"count":1,"href":"https:\/\/shop.diolosa.com\/pl\/wp-json\/wp\/v2\/pages\/3835994\/revisions"}],"predecessor-version":[{"id":3835996,"href":"https:\/\/shop.diolosa.com\/pl\/wp-json\/wp\/v2\/pages\/3835994\/revisions\/3835996"}],"wp:attachment":[{"href":"https:\/\/shop.diolosa.com\/pl\/wp-json\/wp\/v2\/media?parent=3835994"}],"curies":[{"name":"wp","href":"https:\/\/api.w.org\/{rel}","templated":true}]}}