{"id":3835941,"date":"2019-09-04T12:10:38","date_gmt":"2025-03-08T14:07:37","guid":{"rendered":"https:\/\/shop.diolosa.com\/product\/piec-krolowych\/"},"modified":"2025-05-06T14:54:56","modified_gmt":"2025-05-06T13:54:56","slug":"piec-krolowych","status":"publish","type":"product","link":"https:\/\/shop.diolosa.com\/pl\/product\/piec-krolowych\/","title":{"rendered":"Pi\u0119\u0107 kr\u00f3lowych"},"content":{"rendered":"<p>FIVE QUEENS jest stosowany w leczeniu zastoju krwi i b\u00f3lu. Formu\u0142a ta dociera do wszystkich cz\u0119\u015bci cia\u0142a, porusza krew, rozpuszcza zast\u00f3j krwi bez uszkadzania krwi lub o\u015brodka. FIVE QUEENS jest odpowiedni, gdy stwardnienie, nagromadzenie i opalenizna blokuj\u0105 naczynia krwiono\u015bne i powoduj\u0105 b\u00f3l. Kompozycja jest \u0142agodna i nie powoduje krwawienia.<\/p>\n","protected":false},"excerpt":{"rendered":"<p>FIVE QUEENS jest stosowany w leczeniu zastoju krwi i b\u00f3lu.  [&#8230;]<\/p>\n","protected":false},"featured_media":3835943,"template":"","meta":{"_acf_changed":false},"product_brand":[],"product_cat":[11765],"product_tag":[11767],"class_list":{"0":"post-3835941","1":"product","2":"type-product","3":"status-publish","4":"has-post-thumbnail","6":"product_cat-procedura-uspokajajaca-xie-fa","7":"product_tag-zastoj-krwi-ogolnie","9":"first","10":"instock","11":"taxable","12":"shipping-taxable","13":"purchasable","14":"product-type-simple"},"acf":{"yn_product_audio":"https:\/\/shop.diolosa.com\/wp-content\/uploads\/2018\/12\/DL_0702.mp3","yn_product_video":"https:\/\/shop.diolosa.com\/wp-content\/uploads\/2025\/03\/Five-Queens.mp4","yn_product_akupunktur":"<p>Punkty b\u00f3lu i punkty miejscowe &#8211; Xie Fa <\/p>\n<p>Punkty Xi na narz\u0105dach Yin &#8211; Xie Fa<br \/>\n\u015bledziona 8 &#8211; di ji (xi)<br \/>\nw\u0105troba 6 &#8211; zhong du (xi) &#8211; xie fa<br \/>\nnerka 5 &#8211; shui quan (xi) &#8211; xie fa <\/p>\n<p>Punkty koncentracji krwi &#8211; Xie Fa, krwawe ba\u0144ki<br \/>\n\u015bledziona 10 &#8211; xue hai (xue) > xie fa p\u0119cherz moczowy 17 &#8211; ge shu (krew) > xie fa p\u0119cherz moczowy 40 &#8211; sheng long (he, xia he xue) > xie fa  xie fa<br \/>\np\u0119cherz 17 &#8211; ge shu (krew) > xie fa<br \/>\np\u0119cherz 40 &#8211; feng long (he, xia he xue) > xie fa <\/p>\n<p>Zang Fu i poziom krwi:<br \/>\np\u0119cherz 18 &#8211; gan shu &#8211; xie fa<br \/>\np\u0119cherz 15 &#8211; xin shu &#8211; xie fa<\/p>\n","yn_product_verabreichungsart":"Pelety 140szt.","yn_product_dosierung":"<p>3 x 6 do 10 tabletek dziennie, zawsze przed posi\u0142kami<\/p>\n","yn_product_combinations":"<p>BREAKING THROUGH (zakrzepica), FREE FLOW TABLETS, GEL i SPRAY (urazy, kontuzje, p\u00f3\u017ane skutki operacji), LION&#8217;S HEART (dusznica bolesna &#8211; Xiong Bi), EASY FLOW COLD (bolesne miesi\u0105czkowanie z zimna), LOVING CARE (choroba Reynauda), FIVE DRAGONS (Feng Tan blokuje naczynia Luo).<\/p>\n","yn_product_avoidable":"<p>Produkty mleczne, owoce tropikalne, herbata owocowa, kapusta kiszona, jogurt, zimna \u017cywno\u015b\u0107 i napoje<\/p>\n","yn_product_tcm_mindmapping":"<p>&#8211; Zheng Jia Ji Ju (brzuch), dominuje zast\u00f3j krwi > b\u00f3l<br \/>\n&#8211; stwardnienie, og\u00f3lne przekrwienie > zast\u00f3j krwi > b\u00f3l<br \/>\n&#8211; Tan, twarda flegma, zast\u00f3j Qi > zast\u00f3j krwi > b\u00f3l<\/p>\n","yn_product_tongue_body":"<p>W zale\u017cno\u015bci od przyczyny: Og\u00f3lne = bardzo poplamione kraw\u0119dzie j\u0119zyka, a \u017cy\u0142y j\u0119zyka s\u0105 r\u00f3wnie\u017c przekrwione, j\u0119zyk jest suchy.<\/p>\n","yn_product_tongue_coating":"<p>Rzadkie, bia\u0142e\/\u017c\u00f3\u0142tawe i suche<\/p>\n","yn_product_pulse_diagnostics":"<p>W zale\u017cno\u015bci od przyczyny: Og\u00f3lne = wei mai &#8211; nitkowate > Tan, duan mai &#8211; kr\u00f3tkie > niedob\u00f3r Qi, a zw\u0142aszcza se mai &#8211; szorstkie > zast\u00f3j krwi.<\/p>\n","yn_product_indications":"<p>B\u00f3l spowodowany stwardnieniem, nagromadzeniem, tworzeniem si\u0119 guzk\u00f3w, uciskiem naczy\u0144 krwiono\u015bnych, p\u00f3\u017anymi skutkami operacji, Xiong Bi (d\u0142awica piersiowa), urazami, skr\u0119ceniami, parestezjami, bolesnym miesi\u0105czkowaniem, b\u00f3lem miejscowym i k\u0142uj\u0105cym.<\/p>\n","yn_product_contra_indications":"<p>Krwawienie, leki rozrzedzaj\u0105ce krew, wyczerpanie, nadmierne miesi\u0105czkowanie, krwotok miesi\u0105czkowy, krwotok maciczny<\/p>\n","yn_product_pregnancy":"<p>Przeciwwskazane<\/p>\n","yn_product_herbs":"<p>angelicae sinensis radix &#8211; dang gui wei, ligusticii rhizoma &#8211; chuan xiong, paeoniae rubrae radix &#8211; chi shao yao, persicae semen &#8211; tao ren, carthami flos &#8211; hong hua<\/p>\n","yn_product_magisterrecipes":"<p>Xue Fu Zhu Yu Tang, Shi Xiao San<\/p>\n"},"yoast_head":"<!-- This site is optimized with the Yoast SEO plugin v24.9 - https:\/\/yoast.com\/wordpress\/plugins\/seo\/ -->\n<title>Pi\u0119\u0107 kr\u00f3lowych - Claude Diolosa<\/title>\n<meta name=\"robots\" content=\"index, follow, max-snippet:-1, max-image-preview:large, max-video-preview:-1\" \/>\n<link rel=\"canonical\" href=\"https:\/\/shop.diolosa.com\/pl\/product\/piec-krolowych\/\" \/>\n<meta property=\"og:locale\" content=\"pl_PL\" \/>\n<meta property=\"og:type\" content=\"article\" \/>\n<meta property=\"og:title\" content=\"Pi\u0119\u0107 kr\u00f3lowych - Claude Diolosa\" \/>\n<meta property=\"og:description\" content=\"FIVE QUEENS jest stosowany w leczeniu zastoju krwi i b\u00f3lu. [...]\" \/>\n<meta property=\"og:url\" content=\"https:\/\/shop.diolosa.com\/pl\/product\/piec-krolowych\/\" \/>\n<meta property=\"og:site_name\" content=\"Claude Diolosa\" \/>\n<meta property=\"article:publisher\" content=\"https:\/\/facebook.com\/claudediolosa\" \/>\n<meta property=\"article:modified_time\" content=\"2025-05-06T13:54:56+00:00\" \/>\n<meta property=\"og:image\" content=\"https:\/\/shop.diolosa.com\/wp-content\/uploads\/2019\/09\/Presslinge-140.jpg\" \/>\n\t<meta property=\"og:image:width\" content=\"800\" \/>\n\t<meta property=\"og:image:height\" content=\"533\" \/>\n\t<meta property=\"og:image:type\" content=\"image\/jpeg\" \/>\n<meta name=\"twitter:card\" content=\"summary_large_image\" \/>\n<script type=\"application\/ld+json\" class=\"yoast-schema-graph\">{\"@context\":\"https:\/\/schema.org\",\"@graph\":[{\"@type\":\"WebPage\",\"@id\":\"https:\/\/shop.diolosa.com\/pl\/product\/piec-krolowych\/\",\"url\":\"https:\/\/shop.diolosa.com\/pl\/product\/piec-krolowych\/\",\"name\":\"Pi\u0119\u0107 kr\u00f3lowych - Claude Diolosa\",\"isPartOf\":{\"@id\":\"https:\/\/shop.diolosa.com\/pl\/#website\"},\"primaryImageOfPage\":{\"@id\":\"https:\/\/shop.diolosa.com\/pl\/product\/piec-krolowych\/#primaryimage\"},\"image\":{\"@id\":\"https:\/\/shop.diolosa.com\/pl\/product\/piec-krolowych\/#primaryimage\"},\"thumbnailUrl\":\"https:\/\/shop.diolosa.com\/wp-content\/uploads\/2019\/09\/Presslinge-140.jpg\",\"datePublished\":\"2025-03-08T14:07:37+00:00\",\"dateModified\":\"2025-05-06T13:54:56+00:00\",\"breadcrumb\":{\"@id\":\"https:\/\/shop.diolosa.com\/pl\/product\/piec-krolowych\/#breadcrumb\"},\"inLanguage\":\"pl-PL\",\"potentialAction\":[{\"@type\":\"ReadAction\",\"target\":[\"https:\/\/shop.diolosa.com\/pl\/product\/piec-krolowych\/\"]}]},{\"@type\":\"ImageObject\",\"inLanguage\":\"pl-PL\",\"@id\":\"https:\/\/shop.diolosa.com\/pl\/product\/piec-krolowych\/#primaryimage\",\"url\":\"https:\/\/shop.diolosa.com\/wp-content\/uploads\/2019\/09\/Presslinge-140.jpg\",\"contentUrl\":\"https:\/\/shop.diolosa.com\/wp-content\/uploads\/2019\/09\/Presslinge-140.jpg\",\"width\":800,\"height\":533},{\"@type\":\"BreadcrumbList\",\"@id\":\"https:\/\/shop.diolosa.com\/pl\/product\/piec-krolowych\/#breadcrumb\",\"itemListElement\":[{\"@type\":\"ListItem\",\"position\":1,\"name\":\"Startseite\",\"item\":\"https:\/\/shop.diolosa.com\/pl\/?page_id=3835710\"},{\"@type\":\"ListItem\",\"position\":2,\"name\":\"Sklep\",\"item\":\"https:\/\/shop.diolosa.com\/pl\/?page_id=3835710\"},{\"@type\":\"ListItem\",\"position\":3,\"name\":\"Pi\u0119\u0107 kr\u00f3lowych\"}]},{\"@type\":\"WebSite\",\"@id\":\"https:\/\/shop.diolosa.com\/pl\/#website\",\"url\":\"https:\/\/shop.diolosa.com\/pl\/\",\"name\":\"Claude Diolosa\",\"description\":\"\",\"publisher\":{\"@id\":\"https:\/\/shop.diolosa.com\/pl\/#organization\"},\"potentialAction\":[{\"@type\":\"SearchAction\",\"target\":{\"@type\":\"EntryPoint\",\"urlTemplate\":\"https:\/\/shop.diolosa.com\/pl\/?s={search_term_string}\"},\"query-input\":{\"@type\":\"PropertyValueSpecification\",\"valueRequired\":true,\"valueName\":\"search_term_string\"}}],\"inLanguage\":\"pl-PL\"},{\"@type\":\"Organization\",\"@id\":\"https:\/\/shop.diolosa.com\/pl\/#organization\",\"name\":\"Claude Diolosa\",\"url\":\"https:\/\/shop.diolosa.com\/pl\/\",\"logo\":{\"@type\":\"ImageObject\",\"inLanguage\":\"pl-PL\",\"@id\":\"https:\/\/shop.diolosa.com\/pl\/#\/schema\/logo\/image\/\",\"url\":\"https:\/\/shop.diolosa.com\/wp-content\/uploads\/2019\/08\/diolosa-drop-logo-new.png\",\"contentUrl\":\"https:\/\/shop.diolosa.com\/wp-content\/uploads\/2019\/08\/diolosa-drop-logo-new.png\",\"width\":134,\"height\":176,\"caption\":\"Claude Diolosa\"},\"image\":{\"@id\":\"https:\/\/shop.diolosa.com\/pl\/#\/schema\/logo\/image\/\"},\"sameAs\":[\"https:\/\/facebook.com\/claudediolosa\",\"https:\/\/www.instagram.com\/diolosaclaude108\/\"]}]}<\/script>\n<!-- \/ Yoast SEO plugin. -->","yoast_head_json":{"title":"Pi\u0119\u0107 kr\u00f3lowych - Claude Diolosa","robots":{"index":"index","follow":"follow","max-snippet":"max-snippet:-1","max-image-preview":"max-image-preview:large","max-video-preview":"max-video-preview:-1"},"canonical":"https:\/\/shop.diolosa.com\/pl\/product\/piec-krolowych\/","og_locale":"pl_PL","og_type":"article","og_title":"Pi\u0119\u0107 kr\u00f3lowych - Claude Diolosa","og_description":"FIVE QUEENS jest stosowany w leczeniu zastoju krwi i b\u00f3lu. [...]","og_url":"https:\/\/shop.diolosa.com\/pl\/product\/piec-krolowych\/","og_site_name":"Claude Diolosa","article_publisher":"https:\/\/facebook.com\/claudediolosa","article_modified_time":"2025-05-06T13:54:56+00:00","og_image":[{"width":800,"height":533,"url":"https:\/\/shop.diolosa.com\/wp-content\/uploads\/2019\/09\/Presslinge-140.jpg","type":"image\/jpeg"}],"twitter_card":"summary_large_image","schema":{"@context":"https:\/\/schema.org","@graph":[{"@type":"WebPage","@id":"https:\/\/shop.diolosa.com\/pl\/product\/piec-krolowych\/","url":"https:\/\/shop.diolosa.com\/pl\/product\/piec-krolowych\/","name":"Pi\u0119\u0107 kr\u00f3lowych - Claude Diolosa","isPartOf":{"@id":"https:\/\/shop.diolosa.com\/pl\/#website"},"primaryImageOfPage":{"@id":"https:\/\/shop.diolosa.com\/pl\/product\/piec-krolowych\/#primaryimage"},"image":{"@id":"https:\/\/shop.diolosa.com\/pl\/product\/piec-krolowych\/#primaryimage"},"thumbnailUrl":"https:\/\/shop.diolosa.com\/wp-content\/uploads\/2019\/09\/Presslinge-140.jpg","datePublished":"2025-03-08T14:07:37+00:00","dateModified":"2025-05-06T13:54:56+00:00","breadcrumb":{"@id":"https:\/\/shop.diolosa.com\/pl\/product\/piec-krolowych\/#breadcrumb"},"inLanguage":"pl-PL","potentialAction":[{"@type":"ReadAction","target":["https:\/\/shop.diolosa.com\/pl\/product\/piec-krolowych\/"]}]},{"@type":"ImageObject","inLanguage":"pl-PL","@id":"https:\/\/shop.diolosa.com\/pl\/product\/piec-krolowych\/#primaryimage","url":"https:\/\/shop.diolosa.com\/wp-content\/uploads\/2019\/09\/Presslinge-140.jpg","contentUrl":"https:\/\/shop.diolosa.com\/wp-content\/uploads\/2019\/09\/Presslinge-140.jpg","width":800,"height":533},{"@type":"BreadcrumbList","@id":"https:\/\/shop.diolosa.com\/pl\/product\/piec-krolowych\/#breadcrumb","itemListElement":[{"@type":"ListItem","position":1,"name":"Startseite","item":"https:\/\/shop.diolosa.com\/pl\/?page_id=3835710"},{"@type":"ListItem","position":2,"name":"Sklep","item":"https:\/\/shop.diolosa.com\/pl\/?page_id=3835710"},{"@type":"ListItem","position":3,"name":"Pi\u0119\u0107 kr\u00f3lowych"}]},{"@type":"WebSite","@id":"https:\/\/shop.diolosa.com\/pl\/#website","url":"https:\/\/shop.diolosa.com\/pl\/","name":"Claude Diolosa","description":"","publisher":{"@id":"https:\/\/shop.diolosa.com\/pl\/#organization"},"potentialAction":[{"@type":"SearchAction","target":{"@type":"EntryPoint","urlTemplate":"https:\/\/shop.diolosa.com\/pl\/?s={search_term_string}"},"query-input":{"@type":"PropertyValueSpecification","valueRequired":true,"valueName":"search_term_string"}}],"inLanguage":"pl-PL"},{"@type":"Organization","@id":"https:\/\/shop.diolosa.com\/pl\/#organization","name":"Claude Diolosa","url":"https:\/\/shop.diolosa.com\/pl\/","logo":{"@type":"ImageObject","inLanguage":"pl-PL","@id":"https:\/\/shop.diolosa.com\/pl\/#\/schema\/logo\/image\/","url":"https:\/\/shop.diolosa.com\/wp-content\/uploads\/2019\/08\/diolosa-drop-logo-new.png","contentUrl":"https:\/\/shop.diolosa.com\/wp-content\/uploads\/2019\/08\/diolosa-drop-logo-new.png","width":134,"height":176,"caption":"Claude Diolosa"},"image":{"@id":"https:\/\/shop.diolosa.com\/pl\/#\/schema\/logo\/image\/"},"sameAs":["https:\/\/facebook.com\/claudediolosa","https:\/\/www.instagram.com\/diolosaclaude108\/"]}]}},"_links":{"self":[{"href":"https:\/\/shop.diolosa.com\/pl\/wp-json\/wp\/v2\/product\/3835941","targetHints":{"allow":["GET"]}}],"collection":[{"href":"https:\/\/shop.diolosa.com\/pl\/wp-json\/wp\/v2\/product"}],"about":[{"href":"https:\/\/shop.diolosa.com\/pl\/wp-json\/wp\/v2\/types\/product"}],"wp:featuredmedia":[{"embeddable":true,"href":"https:\/\/shop.diolosa.com\/pl\/wp-json\/wp\/v2\/media\/3835943"}],"wp:attachment":[{"href":"https:\/\/shop.diolosa.com\/pl\/wp-json\/wp\/v2\/media?parent=3835941"}],"wp:term":[{"taxonomy":"product_brand","embeddable":true,"href":"https:\/\/shop.diolosa.com\/pl\/wp-json\/wp\/v2\/product_brand?post=3835941"},{"taxonomy":"product_cat","embeddable":true,"href":"https:\/\/shop.diolosa.com\/pl\/wp-json\/wp\/v2\/product_cat?post=3835941"},{"taxonomy":"product_tag","embeddable":true,"href":"https:\/\/shop.diolosa.com\/pl\/wp-json\/wp\/v2\/product_tag?post=3835941"}],"curies":[{"name":"wp","href":"https:\/\/api.w.org\/{rel}","templated":true}]}}