{"id":3835946,"date":"2019-09-04T12:10:38","date_gmt":"2025-03-08T14:07:39","guid":{"rendered":"https:\/\/shop.diolosa.com\/product\/zimny-strumien\/"},"modified":"2025-05-06T14:54:58","modified_gmt":"2025-05-06T13:54:58","slug":"zimny-strumien","status":"publish","type":"product","link":"https:\/\/shop.diolosa.com\/pl\/product\/zimny-strumien\/","title":{"rendered":"Zimny strumie\u0144"},"content":{"rendered":"<p>COLD STREAM jest stosowany w nawracaj\u0105cych i przewlek\u0142ych postaciach zapalenia p\u0119cherza moczowego spowodowanych przezi\u0119bieniem wewn\u0119trznym i os\u0142abieniem Yang i Qi nerek. Preparat ten rozgrzewa Nerki, wzmacnia Qi Nerek, porusza Wod\u0119, wzmacnia \u015aledzion\u0119, przekszta\u0142ca Wilgo\u0107 i usuwa toksyny wt\u00f3rnego Wilgotnego Ciep\u0142a (nieco antybiotyku) poprzez diurez\u0119.<\/p>\n","protected":false},"excerpt":{"rendered":"<p>COLD STREAM jest stosowany w nawracaj\u0105cych i przewlek\u0142ych postaciach zapalenia  [&#8230;]<\/p>\n","protected":false},"featured_media":3835943,"template":"","meta":{"_acf_changed":false},"product_brand":[],"product_cat":[11773],"product_tag":[11774],"class_list":{"0":"post-3835946","1":"product","2":"type-product","3":"status-publish","4":"has-post-thumbnail","6":"product_cat-urologia","7":"product_tag-przewlekle-zapalenie-pecherza-moczowego","9":"first","10":"instock","11":"taxable","12":"shipping-taxable","13":"purchasable","14":"product-type-simple"},"acf":{"yn_product_audio":"https:\/\/shop.diolosa.com\/wp-content\/uploads\/2018\/12\/DL_0308.mp3","yn_product_video":"https:\/\/shop.diolosa.com\/wp-content\/uploads\/2024\/04\/Cold-Stream-.mp4","yn_product_akupunktur":"<p>Tonizowanie yang nerek i qi za pomoc\u0105 moksy<br \/>\np\u0119cherz 23 &#8211; shen shu &#8211; bu fa z moks\u0105<br \/>\ndu mai 4 &#8211; ming men &#8211; bu fa z moks\u0105<br \/>\nren mai 4 &#8211; guan yuan (mo > jelito cienkie) &#8211; bu fa z moks\u0105 ren mai 6 &#8211; qi hai &#8211; bu fa z moks\u0105 nerka 7 &#8211; fu liu (jiu) jelito cienkie, w\u0105troba, nerki, \u015bledziona) &#8211; bu fa z mox\u0105<br \/>\nren mai 6 &#8211; qi hai &#8211; bu fa z mox\u0105<br \/>\nnerka 7 &#8211; fu liu (jing) &#8211; bu fa<br \/>\nnerka 3 &#8211; tai xi (shu, yuan) &#8211; bu fa<\/p>\n<p>Tonizowanie \u015bledziony<br \/>\np\u0119cherz 20 &#8211; pi shu &#8211; bu fa z moks\u0105<br \/>\n\u015bledziona 3 &#8211; tai bai (yuan)<br \/>\n\u015bledziona 2 &#8211; da du (ying) &#8211; bu fa  <\/p>\n<p>Odwadnianie nagromadzonej wilgoci w dolnym cieple<br \/>\nren mai 9 &#8211; shui fen (jelito cienkie) &#8211; xie fa z moks\u0105<br \/>\n\u015bledziona 9 &#8211; yin ling quan (on) &#8211; xie fa z moks\u0105  <\/p>\n<p>Otwarte kana\u0142y serca<br \/>\n\u017co\u0142\u0105dek 40 &#8211; feng long (luo) &#8211; xie fa<br \/>\n\u017co\u0142\u0105dek 6 &#8211; jia che &#8211; gui chuan (gui) &#8211; xie fa<br \/>\nkr\u0105\u017cenie 5 &#8211; jian shi &#8211; gui lu (jing, gui) &#8211; xie fa  <\/p>\n<p>Stymulacja diurezy<br \/>\nw\u0105troba 4 &#8211; zhong feng (jing) &#8211; xie fa<br \/>\n\u015bledziona 5 &#8211; shang qiu (jing) &#8211; xie fa<br \/>\np\u0119cherz 22 &#8211; san jiao shu &#8211; xie fa<br \/>\np\u0119cherz 39 &#8211; wei yang (xia he xue &#8211; san chiao) &#8211; xie fa  <\/p>\n<p>Czyste ciep\u0142o<br \/>\nw\u0105troba 2 &#8211; xing jian (ying) &#8211; xie fa  <\/p>\n<p>Rozpu\u015bci\u0107 przekrwienie<br \/>\n\u015bledziona 10 &#8211; xue hai (jezioro krwi) &#8211; xie fa<br \/>\n\u015bledziona 8 &#8211; di ji (xi) &#8211; xie fa<\/p>\n","yn_product_verabreichungsart":"Pelety 140szt.","yn_product_dosierung":"<p>Przyjmowa\u0107 10 tabletek przed posi\u0142kami, 3 razy dziennie, przez 12 dni.<\/p>\n","yn_product_combinations":"<p>KORZE\u0143 YANG, ROZGRZEWAJ\u0104CY KORZE\u0143, SEKRETNA MOC i RINCHEN TEE, aby tonizowa\u0107 yang i qi nerek, ENERGI\u0118 \u017bYCIA (niedob\u00f3r qi \u015bledziony i wilgo\u0107).<\/p>\n","yn_product_avoidable":"<p>Surowe warzywa, sa\u0142ata, og\u00f3rek, pomidory, owoce tropikalne, soki owocowe, produkty mleczne, produkty sojowe, mleko sojowe, mleko ry\u017cowe, jogurt, zimne napoje, herbata mi\u0119towa, kawa, czarna i zielona herbata, herbata z mniszka lekarskiego, gorzkie i zimne zio\u0142a.<\/p>\n","yn_product_tcm_mindmapping":"<p>Niedob\u00f3r Qi\/Yang nerek > Niedob\u00f3r Qi\/Yang \u015bledziony > Nagromadzenie wilgotnego zimna w dolnym ogrzewaczu > Stagnacja Qi i krwi > Wt\u00f3rne wilgotne ciep\u0142o > Toksyny w dolnym ogrzewaczu<\/p>\n","yn_product_tongue_body":"<p>Kr\u00f3tki, s\u0142aby, okr\u0105g\u0142y, szeroki ze \u015bladami z\u0119b\u00f3w, wilgotny i blady<\/p>\n","yn_product_tongue_coating":"<p>Korze\u0144 j\u0119zyka: bia\u0142y, lekko \u017c\u00f3\u0142tawy<\/p>\n","yn_product_pulse_diagnostics":"<p>Pozycja Yang nerek: ruo mai &#8211; s\u0142aba<br \/>\nPozycja p\u0119cherza moczowego: da mai &#8211; szeroka, se mai &#8211; szorstka, duan mai &#8211; kr\u00f3tka, shi mai &#8211; pe\u0142na, shuo mai &#8211; szybka<\/p>\n","yn_product_indications":"<p>Zapalenie p\u0119cherza moczowego, uczucie pieczenia przy oddawaniu moczu, cz\u0119ste parcie na mocz, cuchn\u0105cy i m\u0119tny mocz, niewielka gor\u0105czka w zaawansowanych stadiach, krwiomocz, depresja.<\/p>\n","yn_product_contra_indications":"<p>Niedob\u00f3r Yin, puste ciep\u0142o i pierwotne mokre ciep\u0142o w dolnej nagrzewnicy<\/p>\n","yn_product_pregnancy":"<p>Dozwolone<\/p>\n","yn_product_herbs":"<p>coicis semen &#8211; yi yi ren, poria alba sclerotium &#8211; bai fu ling, citri reticulatae pericarpium &#8211; chen pi, glycyrrhizae uralensis radix cum liquido fricta &#8211; zhi gan cao, auckandiae radix &#8211; mu xiang, amomi fructus &#8211; sha ren, linderae radix &#8211; wu yao<\/p>\n","yn_product_magisterrecipes":"<p>Bi Xie Fen Qing Yin, Cheng Shi Bi Xie Yin, Chen Xiang San<\/p>\n"},"yoast_head":"<!-- This site is optimized with the Yoast SEO plugin v24.9 - https:\/\/yoast.com\/wordpress\/plugins\/seo\/ -->\n<title>Zimny strumie\u0144 - Claude Diolosa<\/title>\n<meta name=\"robots\" content=\"index, follow, max-snippet:-1, max-image-preview:large, max-video-preview:-1\" \/>\n<link rel=\"canonical\" href=\"https:\/\/shop.diolosa.com\/pl\/product\/zimny-strumien\/\" \/>\n<meta property=\"og:locale\" content=\"pl_PL\" \/>\n<meta property=\"og:type\" content=\"article\" \/>\n<meta property=\"og:title\" content=\"Zimny strumie\u0144 - Claude Diolosa\" \/>\n<meta property=\"og:description\" content=\"COLD STREAM jest stosowany w nawracaj\u0105cych i przewlek\u0142ych postaciach zapalenia [...]\" \/>\n<meta property=\"og:url\" content=\"https:\/\/shop.diolosa.com\/pl\/product\/zimny-strumien\/\" \/>\n<meta property=\"og:site_name\" content=\"Claude Diolosa\" \/>\n<meta property=\"article:publisher\" content=\"https:\/\/facebook.com\/claudediolosa\" \/>\n<meta property=\"article:modified_time\" content=\"2025-05-06T13:54:58+00:00\" \/>\n<meta property=\"og:image\" content=\"https:\/\/shop.diolosa.com\/wp-content\/uploads\/2019\/09\/Presslinge-140.jpg\" \/>\n\t<meta property=\"og:image:width\" content=\"800\" \/>\n\t<meta property=\"og:image:height\" content=\"533\" \/>\n\t<meta property=\"og:image:type\" content=\"image\/jpeg\" \/>\n<meta name=\"twitter:card\" content=\"summary_large_image\" \/>\n<script type=\"application\/ld+json\" class=\"yoast-schema-graph\">{\"@context\":\"https:\/\/schema.org\",\"@graph\":[{\"@type\":\"WebPage\",\"@id\":\"https:\/\/shop.diolosa.com\/pl\/product\/zimny-strumien\/\",\"url\":\"https:\/\/shop.diolosa.com\/pl\/product\/zimny-strumien\/\",\"name\":\"Zimny strumie\u0144 - Claude Diolosa\",\"isPartOf\":{\"@id\":\"https:\/\/shop.diolosa.com\/pl\/#website\"},\"primaryImageOfPage\":{\"@id\":\"https:\/\/shop.diolosa.com\/pl\/product\/zimny-strumien\/#primaryimage\"},\"image\":{\"@id\":\"https:\/\/shop.diolosa.com\/pl\/product\/zimny-strumien\/#primaryimage\"},\"thumbnailUrl\":\"https:\/\/shop.diolosa.com\/wp-content\/uploads\/2019\/09\/Presslinge-140.jpg\",\"datePublished\":\"2025-03-08T14:07:39+00:00\",\"dateModified\":\"2025-05-06T13:54:58+00:00\",\"breadcrumb\":{\"@id\":\"https:\/\/shop.diolosa.com\/pl\/product\/zimny-strumien\/#breadcrumb\"},\"inLanguage\":\"pl-PL\",\"potentialAction\":[{\"@type\":\"ReadAction\",\"target\":[\"https:\/\/shop.diolosa.com\/pl\/product\/zimny-strumien\/\"]}]},{\"@type\":\"ImageObject\",\"inLanguage\":\"pl-PL\",\"@id\":\"https:\/\/shop.diolosa.com\/pl\/product\/zimny-strumien\/#primaryimage\",\"url\":\"https:\/\/shop.diolosa.com\/wp-content\/uploads\/2019\/09\/Presslinge-140.jpg\",\"contentUrl\":\"https:\/\/shop.diolosa.com\/wp-content\/uploads\/2019\/09\/Presslinge-140.jpg\",\"width\":800,\"height\":533},{\"@type\":\"BreadcrumbList\",\"@id\":\"https:\/\/shop.diolosa.com\/pl\/product\/zimny-strumien\/#breadcrumb\",\"itemListElement\":[{\"@type\":\"ListItem\",\"position\":1,\"name\":\"Startseite\",\"item\":\"https:\/\/shop.diolosa.com\/pl\/?page_id=3835710\"},{\"@type\":\"ListItem\",\"position\":2,\"name\":\"Sklep\",\"item\":\"https:\/\/shop.diolosa.com\/pl\/?page_id=3835710\"},{\"@type\":\"ListItem\",\"position\":3,\"name\":\"Zimny strumie\u0144\"}]},{\"@type\":\"WebSite\",\"@id\":\"https:\/\/shop.diolosa.com\/pl\/#website\",\"url\":\"https:\/\/shop.diolosa.com\/pl\/\",\"name\":\"Claude Diolosa\",\"description\":\"\",\"publisher\":{\"@id\":\"https:\/\/shop.diolosa.com\/pl\/#organization\"},\"potentialAction\":[{\"@type\":\"SearchAction\",\"target\":{\"@type\":\"EntryPoint\",\"urlTemplate\":\"https:\/\/shop.diolosa.com\/pl\/?s={search_term_string}\"},\"query-input\":{\"@type\":\"PropertyValueSpecification\",\"valueRequired\":true,\"valueName\":\"search_term_string\"}}],\"inLanguage\":\"pl-PL\"},{\"@type\":\"Organization\",\"@id\":\"https:\/\/shop.diolosa.com\/pl\/#organization\",\"name\":\"Claude Diolosa\",\"url\":\"https:\/\/shop.diolosa.com\/pl\/\",\"logo\":{\"@type\":\"ImageObject\",\"inLanguage\":\"pl-PL\",\"@id\":\"https:\/\/shop.diolosa.com\/pl\/#\/schema\/logo\/image\/\",\"url\":\"https:\/\/shop.diolosa.com\/wp-content\/uploads\/2019\/08\/diolosa-drop-logo-new.png\",\"contentUrl\":\"https:\/\/shop.diolosa.com\/wp-content\/uploads\/2019\/08\/diolosa-drop-logo-new.png\",\"width\":134,\"height\":176,\"caption\":\"Claude Diolosa\"},\"image\":{\"@id\":\"https:\/\/shop.diolosa.com\/pl\/#\/schema\/logo\/image\/\"},\"sameAs\":[\"https:\/\/facebook.com\/claudediolosa\",\"https:\/\/www.instagram.com\/diolosaclaude108\/\"]}]}<\/script>\n<!-- \/ Yoast SEO plugin. -->","yoast_head_json":{"title":"Zimny strumie\u0144 - Claude Diolosa","robots":{"index":"index","follow":"follow","max-snippet":"max-snippet:-1","max-image-preview":"max-image-preview:large","max-video-preview":"max-video-preview:-1"},"canonical":"https:\/\/shop.diolosa.com\/pl\/product\/zimny-strumien\/","og_locale":"pl_PL","og_type":"article","og_title":"Zimny strumie\u0144 - Claude Diolosa","og_description":"COLD STREAM jest stosowany w nawracaj\u0105cych i przewlek\u0142ych postaciach zapalenia [...]","og_url":"https:\/\/shop.diolosa.com\/pl\/product\/zimny-strumien\/","og_site_name":"Claude Diolosa","article_publisher":"https:\/\/facebook.com\/claudediolosa","article_modified_time":"2025-05-06T13:54:58+00:00","og_image":[{"width":800,"height":533,"url":"https:\/\/shop.diolosa.com\/wp-content\/uploads\/2019\/09\/Presslinge-140.jpg","type":"image\/jpeg"}],"twitter_card":"summary_large_image","schema":{"@context":"https:\/\/schema.org","@graph":[{"@type":"WebPage","@id":"https:\/\/shop.diolosa.com\/pl\/product\/zimny-strumien\/","url":"https:\/\/shop.diolosa.com\/pl\/product\/zimny-strumien\/","name":"Zimny strumie\u0144 - Claude Diolosa","isPartOf":{"@id":"https:\/\/shop.diolosa.com\/pl\/#website"},"primaryImageOfPage":{"@id":"https:\/\/shop.diolosa.com\/pl\/product\/zimny-strumien\/#primaryimage"},"image":{"@id":"https:\/\/shop.diolosa.com\/pl\/product\/zimny-strumien\/#primaryimage"},"thumbnailUrl":"https:\/\/shop.diolosa.com\/wp-content\/uploads\/2019\/09\/Presslinge-140.jpg","datePublished":"2025-03-08T14:07:39+00:00","dateModified":"2025-05-06T13:54:58+00:00","breadcrumb":{"@id":"https:\/\/shop.diolosa.com\/pl\/product\/zimny-strumien\/#breadcrumb"},"inLanguage":"pl-PL","potentialAction":[{"@type":"ReadAction","target":["https:\/\/shop.diolosa.com\/pl\/product\/zimny-strumien\/"]}]},{"@type":"ImageObject","inLanguage":"pl-PL","@id":"https:\/\/shop.diolosa.com\/pl\/product\/zimny-strumien\/#primaryimage","url":"https:\/\/shop.diolosa.com\/wp-content\/uploads\/2019\/09\/Presslinge-140.jpg","contentUrl":"https:\/\/shop.diolosa.com\/wp-content\/uploads\/2019\/09\/Presslinge-140.jpg","width":800,"height":533},{"@type":"BreadcrumbList","@id":"https:\/\/shop.diolosa.com\/pl\/product\/zimny-strumien\/#breadcrumb","itemListElement":[{"@type":"ListItem","position":1,"name":"Startseite","item":"https:\/\/shop.diolosa.com\/pl\/?page_id=3835710"},{"@type":"ListItem","position":2,"name":"Sklep","item":"https:\/\/shop.diolosa.com\/pl\/?page_id=3835710"},{"@type":"ListItem","position":3,"name":"Zimny strumie\u0144"}]},{"@type":"WebSite","@id":"https:\/\/shop.diolosa.com\/pl\/#website","url":"https:\/\/shop.diolosa.com\/pl\/","name":"Claude Diolosa","description":"","publisher":{"@id":"https:\/\/shop.diolosa.com\/pl\/#organization"},"potentialAction":[{"@type":"SearchAction","target":{"@type":"EntryPoint","urlTemplate":"https:\/\/shop.diolosa.com\/pl\/?s={search_term_string}"},"query-input":{"@type":"PropertyValueSpecification","valueRequired":true,"valueName":"search_term_string"}}],"inLanguage":"pl-PL"},{"@type":"Organization","@id":"https:\/\/shop.diolosa.com\/pl\/#organization","name":"Claude Diolosa","url":"https:\/\/shop.diolosa.com\/pl\/","logo":{"@type":"ImageObject","inLanguage":"pl-PL","@id":"https:\/\/shop.diolosa.com\/pl\/#\/schema\/logo\/image\/","url":"https:\/\/shop.diolosa.com\/wp-content\/uploads\/2019\/08\/diolosa-drop-logo-new.png","contentUrl":"https:\/\/shop.diolosa.com\/wp-content\/uploads\/2019\/08\/diolosa-drop-logo-new.png","width":134,"height":176,"caption":"Claude Diolosa"},"image":{"@id":"https:\/\/shop.diolosa.com\/pl\/#\/schema\/logo\/image\/"},"sameAs":["https:\/\/facebook.com\/claudediolosa","https:\/\/www.instagram.com\/diolosaclaude108\/"]}]}},"_links":{"self":[{"href":"https:\/\/shop.diolosa.com\/pl\/wp-json\/wp\/v2\/product\/3835946","targetHints":{"allow":["GET"]}}],"collection":[{"href":"https:\/\/shop.diolosa.com\/pl\/wp-json\/wp\/v2\/product"}],"about":[{"href":"https:\/\/shop.diolosa.com\/pl\/wp-json\/wp\/v2\/types\/product"}],"wp:featuredmedia":[{"embeddable":true,"href":"https:\/\/shop.diolosa.com\/pl\/wp-json\/wp\/v2\/media\/3835943"}],"wp:attachment":[{"href":"https:\/\/shop.diolosa.com\/pl\/wp-json\/wp\/v2\/media?parent=3835946"}],"wp:term":[{"taxonomy":"product_brand","embeddable":true,"href":"https:\/\/shop.diolosa.com\/pl\/wp-json\/wp\/v2\/product_brand?post=3835946"},{"taxonomy":"product_cat","embeddable":true,"href":"https:\/\/shop.diolosa.com\/pl\/wp-json\/wp\/v2\/product_cat?post=3835946"},{"taxonomy":"product_tag","embeddable":true,"href":"https:\/\/shop.diolosa.com\/pl\/wp-json\/wp\/v2\/product_tag?post=3835946"}],"curies":[{"name":"wp","href":"https:\/\/api.w.org\/{rel}","templated":true}]}}