{"id":3835949,"date":"2019-09-04T12:10:21","date_gmt":"2025-03-08T14:07:39","guid":{"rendered":"https:\/\/shop.diolosa.com\/product\/nieustraszonosc\/"},"modified":"2025-05-06T15:17:42","modified_gmt":"2025-05-06T14:17:42","slug":"nieustraszonosc","status":"publish","type":"product","link":"https:\/\/shop.diolosa.com\/pl\/product\/nieustraszonosc\/","title":{"rendered":"Nieustraszono\u015b\u0107"},"content":{"rendered":"<p>FEARLESSNESS jest stosowany w leczeniu moczenia nocnego u dzieci i niemowl\u0105t. Preparat ten oczyszcza kana\u0142y serca, wzmacnia ZHI (si\u0142\u0119 woli), wzmacnia Qi nerek i poporodowe \u017ar\u00f3d\u0142o Jing oraz harmonizuje po\u0142\u0105czenie mi\u0119dzy sercem (SHEN) i nerkami (ZHI).<\/p>\n","protected":false},"excerpt":{"rendered":"<p>FEARLESSNESS jest stosowany w leczeniu moczenia nocnego u dzieci i  [&#8230;]<\/p>\n","protected":false},"featured_media":3835943,"template":"","meta":{"_acf_changed":false},"product_brand":[],"product_cat":[11778],"product_tag":[11779],"class_list":{"0":"post-3835949","1":"product","2":"type-product","3":"status-publish","4":"has-post-thumbnail","6":"product_cat-pediatria","7":"product_tag-moczenie-nocne-u-dzieci","9":"first","10":"instock","11":"taxable","12":"shipping-taxable","13":"purchasable","14":"product-type-simple"},"acf":{"yn_product_audio":"https:\/\/shop.diolosa.com\/wp-content\/uploads\/2018\/12\/DL_0794.mp3","yn_product_video":"https:\/\/shop.diolosa.com\/wp-content\/uploads\/2024\/10\/Fearlessness.mp4","yn_product_akupunktur":"<p>Tonizuje nerki &#8211; wzmacnia p\u0119cherz<br \/>\np\u0119cherz 23 &#8211; shen shu &#8211; bu fa<br \/>\nnerka 3 &#8211; tai xi (shu,yuan) &#8211; bu fa<br \/>\np\u0119cherz 13 &#8211; fei shu &#8211; bu fa<br \/>\np\u0119cherz 40 &#8211; wei zhong (he, xia he xue &#8211; p\u0119cherz, xi krwi, jing bie ni\/bl) &#8211; bu fa<br \/>\np\u0119cherz 39 &#8211; wei yang (xia he xue &#8211; san chiao) &#8211; bu fa<br \/>\np\u0119cherz 52 &#8211; zhi shi (gui = zhi) &#8211; bu fa<\/p>\n<p>Napraw \u015bledzion\u0119<br \/>\np\u0119cherz 20 &#8211; pi shu &#8211; bu fa<br \/>\n\u017co\u0142\u0105dek 36 &#8211; to san li (shu, xia he xue &#8211; \u017co\u0142\u0105dek, si hai xue, si zhong xue) &#8211; bu fa<br \/>\n\u015bledziona 3 &#8211; tai bai (yuan) &#8211; bu fa<\/p>\n<p>PO zapi\u0119cie<br \/>\np\u0119cherz 13 &#8211; fei shu &#8211; bu fa<br \/>\np\u0119cherz 12 &#8211; feng men (du mai) &#8211; bu fa<br \/>\np\u0142uca 8 &#8211; jing qu (jing) &#8211; bu fa<br \/>\np\u0119cherz 42 &#8211; po hu (po) &#8211; bu fa<\/p>\n<p>HUN soothe<br \/>\nbubble 47 &#8211; hun men (hun) &#8211; xie fa  <\/p>\n<p>Podnoszenie Qi<br \/>\nren mai 6 &#8211; qi hai (yuan qi) &#8211; bu fa<br \/>\nren mai 4 &#8211; guan yuan (mo > jelito cienkie, w\u0105troba, nerki, \u015bledziona) &#8211; bu fa<\/p>\n<p>Uspokojenie Shen i udro\u017cnienie kana\u0142\u00f3w serca<br \/>\nserce 7 &#8211; shen men (shu, yuan) &#8211; xie fa<br \/>\n\u017co\u0142\u0105dek 6 &#8211; jia che &#8211; gui chuan (gui) &#8211; xie fa<br \/>\nkr\u0105\u017cenie 5 &#8211; jian shi &#8211; gui lu (jing. gui, gui) &#8211; xie fa<br \/>\nyin tang &#8211; M-HN-3 &#8211; xie fa<br \/>\nkr\u0105\u017cenie 6 &#8211; nei guan (luo, yin wei mai) &#8211; xie fa<br \/>\n\u017co\u0142\u0105dek 40 &#8211; feng long (luo) &#8211; xie fa<\/p>\n","yn_product_verabreichungsart":"Pelety 140szt.","yn_product_dosierung":"<p>3 x 4 do 10 tabletek wieczorem, przez 12 do 30 dni<\/p>\n","yn_product_combinations":"<p>WATER BALANCE (nietrzymanie moczu w podesz\u0142ym wieku), YANG ROOT i RINCHEN TEA (niedob\u00f3r Qi nerek, Yang i esencji), PEACEFUL NIGHTS (bezsenno\u015b\u0107), INTELLIGENT LODGE (Yi Plus), SPIRITUAL SOUL GATE (od\u0142\u0105czenie HUN), WILL&#8217;S CHAMBER (niepok\u00f3j).<\/p>\n","yn_product_avoidable":"<p>Picie zbyt du\u017cej ilo\u015bci alkoholu wieczorem, kawa, czarna herbata, produkty mleczne, cukier we wszystkich postaciach, owoce tropikalne, soki owocowe.<\/p>\n","yn_product_tcm_mindmapping":"<p>Niedob\u00f3r Qi\/Yang nerek > Wilgotno\u015b\u0107 p\u0119cherza moczowego > Wilgotno\u015b\u0107 Dai Mai<\/p>\n","yn_product_tongue_body":"<p>Kr\u00f3tki, okr\u0105g\u0142y, wilgotny, blady<\/p>\n","yn_product_tongue_coating":"<p>Cienki, bia\u0142y, wilgotny<\/p>\n","yn_product_pulse_diagnostics":"<p>Pozycja Yang nerek: ruo mai &#8211; s\u0142aba<\/p>\n","yn_product_indications":"<p>Moczenie nocne, nokturia, bezsenno\u015b\u0107, niepok\u00f3j<\/p>\n","yn_product_contra_indications":"<p>Niedob\u00f3r Yin w nerkach > Puste ciep\u0142o lub wilgotne ciep\u0142o w nerkach<\/p>\n","yn_product_pregnancy":"<p>Dozwolone<\/p>\n","yn_product_herbs":"<p>cuscutae semen &#8211; tu si zi, ostreae concha calcinatum pr\u00e4p &#8211; duan mu li, schizandrae fructus &#8211; wu wei zi, dioscorea rhizoma praep &#8211; chao huang shan yao, euryalae semen praep &#8211; chao huang qian shi<\/p>\n","yn_product_magisterrecipes":"<p>Tu Si Zi Wan, Jin Suo Gu Jing Wan, You Gui Wan<\/p>\n"},"yoast_head":"<!-- This site is optimized with the Yoast SEO plugin v24.9 - https:\/\/yoast.com\/wordpress\/plugins\/seo\/ -->\n<title>Nieustraszono\u015b\u0107 - Claude Diolosa<\/title>\n<meta name=\"robots\" content=\"index, follow, max-snippet:-1, max-image-preview:large, max-video-preview:-1\" \/>\n<link rel=\"canonical\" href=\"https:\/\/shop.diolosa.com\/pl\/product\/nieustraszonosc\/\" \/>\n<meta property=\"og:locale\" content=\"pl_PL\" \/>\n<meta property=\"og:type\" content=\"article\" \/>\n<meta property=\"og:title\" content=\"Nieustraszono\u015b\u0107 - Claude Diolosa\" \/>\n<meta property=\"og:description\" content=\"FEARLESSNESS jest stosowany w leczeniu moczenia nocnego u dzieci i [...]\" \/>\n<meta property=\"og:url\" content=\"https:\/\/shop.diolosa.com\/pl\/product\/nieustraszonosc\/\" \/>\n<meta property=\"og:site_name\" content=\"Claude Diolosa\" \/>\n<meta property=\"article:publisher\" content=\"https:\/\/facebook.com\/claudediolosa\" \/>\n<meta property=\"article:modified_time\" content=\"2025-05-06T14:17:42+00:00\" \/>\n<meta property=\"og:image\" content=\"https:\/\/shop.diolosa.com\/wp-content\/uploads\/2019\/09\/Presslinge-140.jpg\" \/>\n\t<meta property=\"og:image:width\" content=\"800\" \/>\n\t<meta property=\"og:image:height\" content=\"533\" \/>\n\t<meta property=\"og:image:type\" content=\"image\/jpeg\" \/>\n<meta name=\"twitter:card\" content=\"summary_large_image\" \/>\n<script type=\"application\/ld+json\" class=\"yoast-schema-graph\">{\"@context\":\"https:\/\/schema.org\",\"@graph\":[{\"@type\":\"WebPage\",\"@id\":\"https:\/\/shop.diolosa.com\/pl\/product\/nieustraszonosc\/\",\"url\":\"https:\/\/shop.diolosa.com\/pl\/product\/nieustraszonosc\/\",\"name\":\"Nieustraszono\u015b\u0107 - Claude Diolosa\",\"isPartOf\":{\"@id\":\"https:\/\/shop.diolosa.com\/pl\/#website\"},\"primaryImageOfPage\":{\"@id\":\"https:\/\/shop.diolosa.com\/pl\/product\/nieustraszonosc\/#primaryimage\"},\"image\":{\"@id\":\"https:\/\/shop.diolosa.com\/pl\/product\/nieustraszonosc\/#primaryimage\"},\"thumbnailUrl\":\"https:\/\/shop.diolosa.com\/wp-content\/uploads\/2019\/09\/Presslinge-140.jpg\",\"datePublished\":\"2025-03-08T14:07:39+00:00\",\"dateModified\":\"2025-05-06T14:17:42+00:00\",\"breadcrumb\":{\"@id\":\"https:\/\/shop.diolosa.com\/pl\/product\/nieustraszonosc\/#breadcrumb\"},\"inLanguage\":\"pl-PL\",\"potentialAction\":[{\"@type\":\"ReadAction\",\"target\":[\"https:\/\/shop.diolosa.com\/pl\/product\/nieustraszonosc\/\"]}]},{\"@type\":\"ImageObject\",\"inLanguage\":\"pl-PL\",\"@id\":\"https:\/\/shop.diolosa.com\/pl\/product\/nieustraszonosc\/#primaryimage\",\"url\":\"https:\/\/shop.diolosa.com\/wp-content\/uploads\/2019\/09\/Presslinge-140.jpg\",\"contentUrl\":\"https:\/\/shop.diolosa.com\/wp-content\/uploads\/2019\/09\/Presslinge-140.jpg\",\"width\":800,\"height\":533},{\"@type\":\"BreadcrumbList\",\"@id\":\"https:\/\/shop.diolosa.com\/pl\/product\/nieustraszonosc\/#breadcrumb\",\"itemListElement\":[{\"@type\":\"ListItem\",\"position\":1,\"name\":\"Startseite\",\"item\":\"https:\/\/shop.diolosa.com\/pl\/?page_id=3835710\"},{\"@type\":\"ListItem\",\"position\":2,\"name\":\"Sklep\",\"item\":\"https:\/\/shop.diolosa.com\/pl\/?page_id=3835710\"},{\"@type\":\"ListItem\",\"position\":3,\"name\":\"Nieustraszono\u015b\u0107\"}]},{\"@type\":\"WebSite\",\"@id\":\"https:\/\/shop.diolosa.com\/pl\/#website\",\"url\":\"https:\/\/shop.diolosa.com\/pl\/\",\"name\":\"Claude Diolosa\",\"description\":\"\",\"publisher\":{\"@id\":\"https:\/\/shop.diolosa.com\/pl\/#organization\"},\"potentialAction\":[{\"@type\":\"SearchAction\",\"target\":{\"@type\":\"EntryPoint\",\"urlTemplate\":\"https:\/\/shop.diolosa.com\/pl\/?s={search_term_string}\"},\"query-input\":{\"@type\":\"PropertyValueSpecification\",\"valueRequired\":true,\"valueName\":\"search_term_string\"}}],\"inLanguage\":\"pl-PL\"},{\"@type\":\"Organization\",\"@id\":\"https:\/\/shop.diolosa.com\/pl\/#organization\",\"name\":\"Claude Diolosa\",\"url\":\"https:\/\/shop.diolosa.com\/pl\/\",\"logo\":{\"@type\":\"ImageObject\",\"inLanguage\":\"pl-PL\",\"@id\":\"https:\/\/shop.diolosa.com\/pl\/#\/schema\/logo\/image\/\",\"url\":\"https:\/\/shop.diolosa.com\/wp-content\/uploads\/2019\/08\/diolosa-drop-logo-new.png\",\"contentUrl\":\"https:\/\/shop.diolosa.com\/wp-content\/uploads\/2019\/08\/diolosa-drop-logo-new.png\",\"width\":134,\"height\":176,\"caption\":\"Claude Diolosa\"},\"image\":{\"@id\":\"https:\/\/shop.diolosa.com\/pl\/#\/schema\/logo\/image\/\"},\"sameAs\":[\"https:\/\/facebook.com\/claudediolosa\",\"https:\/\/www.instagram.com\/diolosaclaude108\/\"]}]}<\/script>\n<!-- \/ Yoast SEO plugin. -->","yoast_head_json":{"title":"Nieustraszono\u015b\u0107 - Claude Diolosa","robots":{"index":"index","follow":"follow","max-snippet":"max-snippet:-1","max-image-preview":"max-image-preview:large","max-video-preview":"max-video-preview:-1"},"canonical":"https:\/\/shop.diolosa.com\/pl\/product\/nieustraszonosc\/","og_locale":"pl_PL","og_type":"article","og_title":"Nieustraszono\u015b\u0107 - Claude Diolosa","og_description":"FEARLESSNESS jest stosowany w leczeniu moczenia nocnego u dzieci i [...]","og_url":"https:\/\/shop.diolosa.com\/pl\/product\/nieustraszonosc\/","og_site_name":"Claude Diolosa","article_publisher":"https:\/\/facebook.com\/claudediolosa","article_modified_time":"2025-05-06T14:17:42+00:00","og_image":[{"width":800,"height":533,"url":"https:\/\/shop.diolosa.com\/wp-content\/uploads\/2019\/09\/Presslinge-140.jpg","type":"image\/jpeg"}],"twitter_card":"summary_large_image","schema":{"@context":"https:\/\/schema.org","@graph":[{"@type":"WebPage","@id":"https:\/\/shop.diolosa.com\/pl\/product\/nieustraszonosc\/","url":"https:\/\/shop.diolosa.com\/pl\/product\/nieustraszonosc\/","name":"Nieustraszono\u015b\u0107 - Claude Diolosa","isPartOf":{"@id":"https:\/\/shop.diolosa.com\/pl\/#website"},"primaryImageOfPage":{"@id":"https:\/\/shop.diolosa.com\/pl\/product\/nieustraszonosc\/#primaryimage"},"image":{"@id":"https:\/\/shop.diolosa.com\/pl\/product\/nieustraszonosc\/#primaryimage"},"thumbnailUrl":"https:\/\/shop.diolosa.com\/wp-content\/uploads\/2019\/09\/Presslinge-140.jpg","datePublished":"2025-03-08T14:07:39+00:00","dateModified":"2025-05-06T14:17:42+00:00","breadcrumb":{"@id":"https:\/\/shop.diolosa.com\/pl\/product\/nieustraszonosc\/#breadcrumb"},"inLanguage":"pl-PL","potentialAction":[{"@type":"ReadAction","target":["https:\/\/shop.diolosa.com\/pl\/product\/nieustraszonosc\/"]}]},{"@type":"ImageObject","inLanguage":"pl-PL","@id":"https:\/\/shop.diolosa.com\/pl\/product\/nieustraszonosc\/#primaryimage","url":"https:\/\/shop.diolosa.com\/wp-content\/uploads\/2019\/09\/Presslinge-140.jpg","contentUrl":"https:\/\/shop.diolosa.com\/wp-content\/uploads\/2019\/09\/Presslinge-140.jpg","width":800,"height":533},{"@type":"BreadcrumbList","@id":"https:\/\/shop.diolosa.com\/pl\/product\/nieustraszonosc\/#breadcrumb","itemListElement":[{"@type":"ListItem","position":1,"name":"Startseite","item":"https:\/\/shop.diolosa.com\/pl\/?page_id=3835710"},{"@type":"ListItem","position":2,"name":"Sklep","item":"https:\/\/shop.diolosa.com\/pl\/?page_id=3835710"},{"@type":"ListItem","position":3,"name":"Nieustraszono\u015b\u0107"}]},{"@type":"WebSite","@id":"https:\/\/shop.diolosa.com\/pl\/#website","url":"https:\/\/shop.diolosa.com\/pl\/","name":"Claude Diolosa","description":"","publisher":{"@id":"https:\/\/shop.diolosa.com\/pl\/#organization"},"potentialAction":[{"@type":"SearchAction","target":{"@type":"EntryPoint","urlTemplate":"https:\/\/shop.diolosa.com\/pl\/?s={search_term_string}"},"query-input":{"@type":"PropertyValueSpecification","valueRequired":true,"valueName":"search_term_string"}}],"inLanguage":"pl-PL"},{"@type":"Organization","@id":"https:\/\/shop.diolosa.com\/pl\/#organization","name":"Claude Diolosa","url":"https:\/\/shop.diolosa.com\/pl\/","logo":{"@type":"ImageObject","inLanguage":"pl-PL","@id":"https:\/\/shop.diolosa.com\/pl\/#\/schema\/logo\/image\/","url":"https:\/\/shop.diolosa.com\/wp-content\/uploads\/2019\/08\/diolosa-drop-logo-new.png","contentUrl":"https:\/\/shop.diolosa.com\/wp-content\/uploads\/2019\/08\/diolosa-drop-logo-new.png","width":134,"height":176,"caption":"Claude Diolosa"},"image":{"@id":"https:\/\/shop.diolosa.com\/pl\/#\/schema\/logo\/image\/"},"sameAs":["https:\/\/facebook.com\/claudediolosa","https:\/\/www.instagram.com\/diolosaclaude108\/"]}]}},"_links":{"self":[{"href":"https:\/\/shop.diolosa.com\/pl\/wp-json\/wp\/v2\/product\/3835949","targetHints":{"allow":["GET"]}}],"collection":[{"href":"https:\/\/shop.diolosa.com\/pl\/wp-json\/wp\/v2\/product"}],"about":[{"href":"https:\/\/shop.diolosa.com\/pl\/wp-json\/wp\/v2\/types\/product"}],"wp:featuredmedia":[{"embeddable":true,"href":"https:\/\/shop.diolosa.com\/pl\/wp-json\/wp\/v2\/media\/3835943"}],"wp:attachment":[{"href":"https:\/\/shop.diolosa.com\/pl\/wp-json\/wp\/v2\/media?parent=3835949"}],"wp:term":[{"taxonomy":"product_brand","embeddable":true,"href":"https:\/\/shop.diolosa.com\/pl\/wp-json\/wp\/v2\/product_brand?post=3835949"},{"taxonomy":"product_cat","embeddable":true,"href":"https:\/\/shop.diolosa.com\/pl\/wp-json\/wp\/v2\/product_cat?post=3835949"},{"taxonomy":"product_tag","embeddable":true,"href":"https:\/\/shop.diolosa.com\/pl\/wp-json\/wp\/v2\/product_tag?post=3835949"}],"curies":[{"name":"wp","href":"https:\/\/api.w.org\/{rel}","templated":true}]}}