{"id":3835950,"date":"2019-09-04T12:10:38","date_gmt":"2025-03-08T14:07:40","guid":{"rendered":"https:\/\/shop.diolosa.com\/product\/hot-stream\/"},"modified":"2025-05-06T14:54:59","modified_gmt":"2025-05-06T13:54:59","slug":"hot-stream","status":"publish","type":"product","link":"https:\/\/shop.diolosa.com\/pl\/product\/hot-stream\/","title":{"rendered":"Hot Stream"},"content":{"rendered":"<p>HOT STREAM jest stosowany w ostrej i zaka\u017anej postaci zapalenia p\u0119cherza moczowego. Preparat ten drenuje p\u0119cherz moczowy, w\u0105trob\u0119, Dai Mai (naczynie pasowe), mokre toksyny cieplne i ogie\u0144 serca poprzez diurez\u0119, przeciwdzia\u0142a toksynom ognia (Re Du) i dzia\u0142a przeciwkrwotocznie. <\/p>\n<p>&nbsp;<\/p>\n","protected":false},"excerpt":{"rendered":"<p>&nbsp;<\/p>\n<p>&nbsp;<\/p>\n","protected":false},"featured_media":3835943,"template":"","meta":{"_acf_changed":false},"product_brand":[],"product_cat":[11773],"product_tag":[11780],"class_list":{"0":"post-3835950","1":"product","2":"type-product","3":"status-publish","4":"has-post-thumbnail","6":"product_cat-urologia","7":"product_tag-ostre-zapalenie-pecherza-moczowego","9":"first","10":"instock","11":"taxable","12":"shipping-taxable","13":"purchasable","14":"product-type-simple"},"acf":{"yn_product_audio":"https:\/\/shop.diolosa.com\/wp-content\/uploads\/2018\/12\/DL_0316.mp3","yn_product_video":"https:\/\/shop.diolosa.com\/wp-content\/uploads\/2024\/04\/Hot-Stream-.mp4","yn_product_akupunktur":"<p>Ostre leczenie &#8211; p\u0119cherze Wilgotne ciep\u0142o i usuwanie toksyn<br \/>\nw\u0105troba 3 &#8211; tai chong (shu, yuan) &#8211; xie fa<br \/>\nw\u0105troba 2 &#8211; xing jian (ying) &#8211; xie fa<br \/>\nren mai 3 &#8211; zhong ji (mo > p\u0119cherz, w\u0105troba, nerki, \u015bledziona) &#8211; xie fa<br \/>\n\u015bledziona 6 &#8211; san yin jiao (le, ni, mb) &#8211; xie fa<br \/>\n\u015bledziona 9 &#8211; yin ling quan (he) &#8211; xie fa<br \/>\nbubble 28 &#8211; pang guang shu &#8211; xie fa<br \/>\nbubble 39 &#8211; wei yang (xia he xue &#8211; san chiao) &#8211; xie fa<br \/>\nbubble 40 &#8211; wei zhong (he, xia he xue &#8211; ba\u0144ka, xi krwi, jing bie ni\/bl) &#8211; xie fa<br \/>\nbubble 66 &#8211; to ting gu (ying) &#8211; xie fa<br \/>\nworeczek \u017c\u00f3\u0142ciowy 41 &#8211; to lin qi (dai mai, shu) &#8211; xie fa<br \/>\n\u017co\u0142\u0105dek 39 &#8211; xia ju xu (xia he xue) &#8211; xie fa<br \/>\nba\u0144ka 31 do 34 &#8211; ba liao &#8211; xie fa  <\/p>\n<p>Ogie\u0144 serca &#8211; zaburzenie Shen<br \/>\nserce 8 &#8211; shao fu (ying) &#8211; xie fa<br \/>\nkr\u0105\u017cenie 8 &#8211; lao gong &#8211; gui cu (ying, gui) &#8211; xie fa<br \/>\nkr\u0105\u017cenie 7 &#8211; da ling &#8211; gui xin (shu, yuan, gui) &#8211; xie fa<br \/>\njelito cienkie 7 &#8211; zhi zheng (luo) &#8211; xie fa<br \/>\ndu mai 20 &#8211; bai hui &#8211; bai lao (jezioro szpiku kostnego, p\u0119cherz) &#8211; xie fa<br \/>\n\u017co\u0142\u0105dek 6 &#8211; jia che &#8211; gui chuan (gui) &#8211; xie fa<br \/>\nyin tang &#8211; M-HN-3 &#8211; xie fa  <\/p>\n<p>Dominuje przekrwienie qi<br \/>\nren mai 3 &#8211; zhong ji (mo > p\u0119cherz, w\u0105troba, nerki, \u015bledziona) &#8211; xie fa<br \/>\nworeczek \u017c\u00f3\u0142ciowy 41 &#8211; zu lin qi (dai mai, shu) &#8211; xie fa<br \/>\nw\u0105troba 3 &#8211; tai chong (shu, yuan) &#8211; xie fa  <\/p>\n<p>Przewa\u017ca wilgo\u0107<br \/>\n\u015bledziona 9 &#8211; yin ling quan (he) &#8211; xie fa<br \/>\n\u015bledziona 6 &#8211; san yin jiao (le,ni,mb) &#8211; xie fa<br \/>\nw\u0105troba 3 &#8211; tai chong (shu, yuan) &#8211; xie fa<br \/>\nren mai 9 &#8211; shui fen (jelito cienkie) &#8211; xie fa<br \/>\nw\u0105troba 4 &#8211; zhong feng (jing) &#8211; xie fa<br \/>\n\u015bledziona 5 &#8211; shang qiu (jing) &#8211; xie fa<br \/>\n\u017co\u0142\u0105dek 40 &#8211; feng long (luo) &#8211; xie fa  <\/p>\n<p>Ciep\u0142o krwi &#8211; dominuje krwawienie<br \/>\n\u015bledziona 10 &#8211; xue hai (xue) &#8211; xie fa<br \/>\nw\u0105troba 2 &#8211; xing jian (ying) &#8211; xie fa<br \/>\np\u0119cherz 39 &#8211; wei yang (xia he xue &#8211; san chiao) &#8211; xie fa  <\/p>\n<p>Przewa\u017ca przekrwienie<br \/>\n\u015bledziona 10 &#8211; xue hai (jezioro krwi) &#8211; xie fa<br \/>\n\u015bledziona 8 &#8211; di ji (xi) &#8211; xie fa<br \/>\nw\u0105troba 6 &#8211; zhong du (xi) &#8211; xie fa<\/p>\n","yn_product_verabreichungsart":"Pelety 140szt.","yn_product_dosierung":"<p>Przyjmowa\u0107 10 tabletek bezpo\u015brednio przed posi\u0142kiem, 3 do 5 razy dziennie.<\/p>\n","yn_product_combinations":"<p>TABLETKI I HERBATKI OCZYSZCZAJ\u0104CE (detoksykacja), STREAMS HEAVENLY (wilgotne ciep\u0142o w Jue Yin), FLEMING (antybiotyk), NIRIPSA (b\u00f3l)<\/p>\n","yn_product_avoidable":"<p>Kawa, czarna herbata, herbata z przyprawami, imbir, czosnek, por, cebula, alkohol, pieprz, jagni\u0119cina, owoce morza, ryby, krewetki, tabasco, ocet<\/p>\n","yn_product_tcm_mindmapping":"<p>Wilgotne toksyny w\u0105troby \/ p\u0119cherza moczowego > Niedob\u00f3r Yin nerek > Puste ciep\u0142o > Ciep\u0142o krwi > Przekrwienie krwi > Krew w moczu, grudkowate krwawienie<\/p>\n","yn_product_tongue_body":"<p>Szeroki i czerwony, czubek j\u0119zyka jest bardzo czerwony<\/p>\n","yn_product_tongue_coating":"<p>\u017b\u00f3\u0142tawy, t\u0142usty nalot w dolnej cieplejszej cz\u0119\u015bci cia\u0142a<\/p>\n","yn_product_pulse_diagnostics":"<p>P\u0119cherz moczowy i dolna cieplejsza pozycja: hua mai &#8211; szybuj\u0105ca, xian mai &#8211; napi\u0119ta, shuo mai &#8211; szybka, shi mai &#8211; pe\u0142na, a tak\u017ce se mai &#8211; szorstka.<\/p>\n","yn_product_indications":"<p>Ostre, bolesne i bakteryjne zapalenie p\u0119cherza moczowego, krwiomocz, bolesne oddawanie moczu, zapalenie gruczo\u0142u krokowego, zapalenie nerek, zapalenie cewki moczowej<\/p>\n","yn_product_contra_indications":"<p>Niedob\u00f3r Yang nerek i wt\u00f3rne Mokre Ciep\u0142o p\u0119cherza moczowego z powodu zimna, niedoboru Qi i Yang.<br \/>\nCAVE: Ten preparat jest przeznaczony wy\u0142\u0105cznie do ostrego bakteryjnego zapalenia p\u0119cherza moczowego z toksynami Mokrego Ciep\u0142a w dolnym ogrzewaczu.<\/p>\n","yn_product_pregnancy":"<p>Dozwolone<\/p>\n","yn_product_herbs":"<p>clematidis armandi caulis &#8211; chuan mu tong, cephalanopli herba &#8211; xiao ji, cirsii japonici herba et radix &#8211; da ji, imperatae rhizoma &#8211; bai mao gen, plantaginis asiaticae semen &#8211; che qian zi, polygoni avicularis herba &#8211; bian xu, pyrrosiae herba &#8211; shi wei<\/p>\n","yn_product_magisterrecipes":"<p>Ba Zheng San, Xiao Jiao Ji Ying Zi, Dao Qi San, Long Dan Xie Gan Tang<\/p>\n"},"yoast_head":"<!-- This site is optimized with the Yoast SEO plugin v24.9 - https:\/\/yoast.com\/wordpress\/plugins\/seo\/ -->\n<title>Hot Stream - Claude Diolosa<\/title>\n<meta name=\"robots\" content=\"index, follow, max-snippet:-1, max-image-preview:large, max-video-preview:-1\" \/>\n<link rel=\"canonical\" href=\"https:\/\/shop.diolosa.com\/pl\/product\/hot-stream\/\" \/>\n<meta property=\"og:locale\" content=\"pl_PL\" \/>\n<meta property=\"og:type\" content=\"article\" \/>\n<meta property=\"og:title\" content=\"Hot Stream - Claude Diolosa\" \/>\n<meta property=\"og:description\" content=\"&nbsp; &nbsp;\" \/>\n<meta property=\"og:url\" content=\"https:\/\/shop.diolosa.com\/pl\/product\/hot-stream\/\" \/>\n<meta property=\"og:site_name\" content=\"Claude Diolosa\" \/>\n<meta property=\"article:publisher\" content=\"https:\/\/facebook.com\/claudediolosa\" \/>\n<meta property=\"article:modified_time\" content=\"2025-05-06T13:54:59+00:00\" \/>\n<meta property=\"og:image\" content=\"https:\/\/shop.diolosa.com\/wp-content\/uploads\/2019\/09\/Presslinge-140.jpg\" \/>\n\t<meta property=\"og:image:width\" content=\"800\" \/>\n\t<meta property=\"og:image:height\" content=\"533\" \/>\n\t<meta property=\"og:image:type\" content=\"image\/jpeg\" \/>\n<meta name=\"twitter:card\" content=\"summary_large_image\" \/>\n<script type=\"application\/ld+json\" class=\"yoast-schema-graph\">{\"@context\":\"https:\/\/schema.org\",\"@graph\":[{\"@type\":\"WebPage\",\"@id\":\"https:\/\/shop.diolosa.com\/pl\/product\/hot-stream\/\",\"url\":\"https:\/\/shop.diolosa.com\/pl\/product\/hot-stream\/\",\"name\":\"Hot Stream - Claude Diolosa\",\"isPartOf\":{\"@id\":\"https:\/\/shop.diolosa.com\/pl\/#website\"},\"primaryImageOfPage\":{\"@id\":\"https:\/\/shop.diolosa.com\/pl\/product\/hot-stream\/#primaryimage\"},\"image\":{\"@id\":\"https:\/\/shop.diolosa.com\/pl\/product\/hot-stream\/#primaryimage\"},\"thumbnailUrl\":\"https:\/\/shop.diolosa.com\/wp-content\/uploads\/2019\/09\/Presslinge-140.jpg\",\"datePublished\":\"2025-03-08T14:07:40+00:00\",\"dateModified\":\"2025-05-06T13:54:59+00:00\",\"breadcrumb\":{\"@id\":\"https:\/\/shop.diolosa.com\/pl\/product\/hot-stream\/#breadcrumb\"},\"inLanguage\":\"pl-PL\",\"potentialAction\":[{\"@type\":\"ReadAction\",\"target\":[\"https:\/\/shop.diolosa.com\/pl\/product\/hot-stream\/\"]}]},{\"@type\":\"ImageObject\",\"inLanguage\":\"pl-PL\",\"@id\":\"https:\/\/shop.diolosa.com\/pl\/product\/hot-stream\/#primaryimage\",\"url\":\"https:\/\/shop.diolosa.com\/wp-content\/uploads\/2019\/09\/Presslinge-140.jpg\",\"contentUrl\":\"https:\/\/shop.diolosa.com\/wp-content\/uploads\/2019\/09\/Presslinge-140.jpg\",\"width\":800,\"height\":533},{\"@type\":\"BreadcrumbList\",\"@id\":\"https:\/\/shop.diolosa.com\/pl\/product\/hot-stream\/#breadcrumb\",\"itemListElement\":[{\"@type\":\"ListItem\",\"position\":1,\"name\":\"Startseite\",\"item\":\"https:\/\/shop.diolosa.com\/pl\/?page_id=3835710\"},{\"@type\":\"ListItem\",\"position\":2,\"name\":\"Sklep\",\"item\":\"https:\/\/shop.diolosa.com\/pl\/?page_id=3835710\"},{\"@type\":\"ListItem\",\"position\":3,\"name\":\"Hot Stream\"}]},{\"@type\":\"WebSite\",\"@id\":\"https:\/\/shop.diolosa.com\/pl\/#website\",\"url\":\"https:\/\/shop.diolosa.com\/pl\/\",\"name\":\"Claude Diolosa\",\"description\":\"\",\"publisher\":{\"@id\":\"https:\/\/shop.diolosa.com\/pl\/#organization\"},\"potentialAction\":[{\"@type\":\"SearchAction\",\"target\":{\"@type\":\"EntryPoint\",\"urlTemplate\":\"https:\/\/shop.diolosa.com\/pl\/?s={search_term_string}\"},\"query-input\":{\"@type\":\"PropertyValueSpecification\",\"valueRequired\":true,\"valueName\":\"search_term_string\"}}],\"inLanguage\":\"pl-PL\"},{\"@type\":\"Organization\",\"@id\":\"https:\/\/shop.diolosa.com\/pl\/#organization\",\"name\":\"Claude Diolosa\",\"url\":\"https:\/\/shop.diolosa.com\/pl\/\",\"logo\":{\"@type\":\"ImageObject\",\"inLanguage\":\"pl-PL\",\"@id\":\"https:\/\/shop.diolosa.com\/pl\/#\/schema\/logo\/image\/\",\"url\":\"https:\/\/shop.diolosa.com\/wp-content\/uploads\/2019\/08\/diolosa-drop-logo-new.png\",\"contentUrl\":\"https:\/\/shop.diolosa.com\/wp-content\/uploads\/2019\/08\/diolosa-drop-logo-new.png\",\"width\":134,\"height\":176,\"caption\":\"Claude Diolosa\"},\"image\":{\"@id\":\"https:\/\/shop.diolosa.com\/pl\/#\/schema\/logo\/image\/\"},\"sameAs\":[\"https:\/\/facebook.com\/claudediolosa\",\"https:\/\/www.instagram.com\/diolosaclaude108\/\"]}]}<\/script>\n<!-- \/ Yoast SEO plugin. -->","yoast_head_json":{"title":"Hot Stream - Claude Diolosa","robots":{"index":"index","follow":"follow","max-snippet":"max-snippet:-1","max-image-preview":"max-image-preview:large","max-video-preview":"max-video-preview:-1"},"canonical":"https:\/\/shop.diolosa.com\/pl\/product\/hot-stream\/","og_locale":"pl_PL","og_type":"article","og_title":"Hot Stream - Claude Diolosa","og_description":"&nbsp; &nbsp;","og_url":"https:\/\/shop.diolosa.com\/pl\/product\/hot-stream\/","og_site_name":"Claude Diolosa","article_publisher":"https:\/\/facebook.com\/claudediolosa","article_modified_time":"2025-05-06T13:54:59+00:00","og_image":[{"width":800,"height":533,"url":"https:\/\/shop.diolosa.com\/wp-content\/uploads\/2019\/09\/Presslinge-140.jpg","type":"image\/jpeg"}],"twitter_card":"summary_large_image","schema":{"@context":"https:\/\/schema.org","@graph":[{"@type":"WebPage","@id":"https:\/\/shop.diolosa.com\/pl\/product\/hot-stream\/","url":"https:\/\/shop.diolosa.com\/pl\/product\/hot-stream\/","name":"Hot Stream - Claude Diolosa","isPartOf":{"@id":"https:\/\/shop.diolosa.com\/pl\/#website"},"primaryImageOfPage":{"@id":"https:\/\/shop.diolosa.com\/pl\/product\/hot-stream\/#primaryimage"},"image":{"@id":"https:\/\/shop.diolosa.com\/pl\/product\/hot-stream\/#primaryimage"},"thumbnailUrl":"https:\/\/shop.diolosa.com\/wp-content\/uploads\/2019\/09\/Presslinge-140.jpg","datePublished":"2025-03-08T14:07:40+00:00","dateModified":"2025-05-06T13:54:59+00:00","breadcrumb":{"@id":"https:\/\/shop.diolosa.com\/pl\/product\/hot-stream\/#breadcrumb"},"inLanguage":"pl-PL","potentialAction":[{"@type":"ReadAction","target":["https:\/\/shop.diolosa.com\/pl\/product\/hot-stream\/"]}]},{"@type":"ImageObject","inLanguage":"pl-PL","@id":"https:\/\/shop.diolosa.com\/pl\/product\/hot-stream\/#primaryimage","url":"https:\/\/shop.diolosa.com\/wp-content\/uploads\/2019\/09\/Presslinge-140.jpg","contentUrl":"https:\/\/shop.diolosa.com\/wp-content\/uploads\/2019\/09\/Presslinge-140.jpg","width":800,"height":533},{"@type":"BreadcrumbList","@id":"https:\/\/shop.diolosa.com\/pl\/product\/hot-stream\/#breadcrumb","itemListElement":[{"@type":"ListItem","position":1,"name":"Startseite","item":"https:\/\/shop.diolosa.com\/pl\/?page_id=3835710"},{"@type":"ListItem","position":2,"name":"Sklep","item":"https:\/\/shop.diolosa.com\/pl\/?page_id=3835710"},{"@type":"ListItem","position":3,"name":"Hot Stream"}]},{"@type":"WebSite","@id":"https:\/\/shop.diolosa.com\/pl\/#website","url":"https:\/\/shop.diolosa.com\/pl\/","name":"Claude Diolosa","description":"","publisher":{"@id":"https:\/\/shop.diolosa.com\/pl\/#organization"},"potentialAction":[{"@type":"SearchAction","target":{"@type":"EntryPoint","urlTemplate":"https:\/\/shop.diolosa.com\/pl\/?s={search_term_string}"},"query-input":{"@type":"PropertyValueSpecification","valueRequired":true,"valueName":"search_term_string"}}],"inLanguage":"pl-PL"},{"@type":"Organization","@id":"https:\/\/shop.diolosa.com\/pl\/#organization","name":"Claude Diolosa","url":"https:\/\/shop.diolosa.com\/pl\/","logo":{"@type":"ImageObject","inLanguage":"pl-PL","@id":"https:\/\/shop.diolosa.com\/pl\/#\/schema\/logo\/image\/","url":"https:\/\/shop.diolosa.com\/wp-content\/uploads\/2019\/08\/diolosa-drop-logo-new.png","contentUrl":"https:\/\/shop.diolosa.com\/wp-content\/uploads\/2019\/08\/diolosa-drop-logo-new.png","width":134,"height":176,"caption":"Claude Diolosa"},"image":{"@id":"https:\/\/shop.diolosa.com\/pl\/#\/schema\/logo\/image\/"},"sameAs":["https:\/\/facebook.com\/claudediolosa","https:\/\/www.instagram.com\/diolosaclaude108\/"]}]}},"_links":{"self":[{"href":"https:\/\/shop.diolosa.com\/pl\/wp-json\/wp\/v2\/product\/3835950","targetHints":{"allow":["GET"]}}],"collection":[{"href":"https:\/\/shop.diolosa.com\/pl\/wp-json\/wp\/v2\/product"}],"about":[{"href":"https:\/\/shop.diolosa.com\/pl\/wp-json\/wp\/v2\/types\/product"}],"wp:featuredmedia":[{"embeddable":true,"href":"https:\/\/shop.diolosa.com\/pl\/wp-json\/wp\/v2\/media\/3835943"}],"wp:attachment":[{"href":"https:\/\/shop.diolosa.com\/pl\/wp-json\/wp\/v2\/media?parent=3835950"}],"wp:term":[{"taxonomy":"product_brand","embeddable":true,"href":"https:\/\/shop.diolosa.com\/pl\/wp-json\/wp\/v2\/product_brand?post=3835950"},{"taxonomy":"product_cat","embeddable":true,"href":"https:\/\/shop.diolosa.com\/pl\/wp-json\/wp\/v2\/product_cat?post=3835950"},{"taxonomy":"product_tag","embeddable":true,"href":"https:\/\/shop.diolosa.com\/pl\/wp-json\/wp\/v2\/product_tag?post=3835950"}],"curies":[{"name":"wp","href":"https:\/\/api.w.org\/{rel}","templated":true}]}}