{"id":3835956,"date":"2019-09-04T12:10:21","date_gmt":"2025-03-08T14:07:43","guid":{"rendered":"https:\/\/shop.diolosa.com\/product\/posejdon-2\/"},"modified":"2025-05-06T15:17:41","modified_gmt":"2025-05-06T14:17:41","slug":"posejdon-2","status":"publish","type":"product","link":"https:\/\/shop.diolosa.com\/pl\/product\/posejdon-2\/","title":{"rendered":"Posejdon 2"},"content":{"rendered":"<p>POSEIDON 2 jest stosowany w leczeniu przepukliny dysku. Preparat ten od\u017cywia Yin, usuwa Puste Ciep\u0142o i Ciep\u0142o Krwi, porusza Krew, wzmacnia \u015aledzion\u0119, otwiera Naczynia Luo i TMM oraz odprowadza Wnikni\u0119t\u0105 Wilgo\u0107.<br \/>\nPreparat ten mo\u017ce by\u0107 stosowany wy\u0142\u0105cznie w przypadku przepukliny dysku z niedoborem Yin i mokrym ciep\u0142em. POSEIDON 2 nie jest odpowiedni w przypadku niedoboru Yang. Obraz energetyczny w tym przypadku jest nieco z\u0142o\u017cony. Pacjent ma wewn\u0119trzn\u0105 wilgo\u0107 spowodowan\u0105 niedoborem Qi \u015bledziony, kt\u00f3ra jest przekszta\u0142cana w wilgotne ciep\u0142o przez os\u0142abienie Yin i puste ciep\u0142o. W po\u0142\u0105czeniu z Feng Shi, a zw\u0142aszcza Shi Wen PE, kt\u00f3re blokuj\u0105 naczynia Luo, prowadzi to do wypadni\u0119cia dysku.<\/p>\n","protected":false},"excerpt":{"rendered":"<p>POSEIDON 2 jest stosowany w leczeniu przepukliny dysku. Preparat ten  [&#8230;]<\/p>\n","protected":false},"featured_media":3835943,"template":"","meta":{"_acf_changed":false},"product_brand":[],"product_cat":[11784],"product_tag":[11786],"class_list":{"0":"post-3835956","1":"product","2":"type-product","3":"status-publish","4":"has-post-thumbnail","6":"product_cat-medycyna-sportowa","7":"product_tag-przepuklina-dysku-2","9":"first","10":"instock","11":"taxable","12":"shipping-taxable","13":"purchasable","14":"product-type-simple"},"acf":{"yn_product_audio":"https:\/\/shop.diolosa.com\/wp-content\/uploads\/2018\/12\/DL_0992.mp3","yn_product_akupunktur":"<p>Miejscowe ig\u0142owanie<br \/>\nPunkty Hua To Jia Ji z ig\u0142ami i sprayem o swobodnym przep\u0142ywie<\/p>\n<p>Odprowadza ciep\u0142o wilgoci i rozpuszcza zastoje krwi<br \/>\n\u015bledziona 6 &#8211; san yin jiao (le, ni, mb) &#8211; xie fa<br \/>\n\u015bledziona 5 &#8211; shang qiu (jing) &#8211; xie fa<br \/>\nworeczek \u017c\u00f3\u0142ciowy 34 &#8211; yang ling quan (he, xia he xue, gui) &#8211; xie fa<br \/>\n\u015bledziona 10 &#8211; xue hai (jezioro krwi) &#8211; xie fa  <\/p>\n<p>Dalekie punkty<br \/>\np\u0119cherz moczowy 40 &#8211; wei zhong (he, xia he xue &#8211; p\u0119cherz moczowy, xi krwi, jing bie ni\/bl) &#8211; xie fa<br \/>\np\u0119cherz moczowy 57 &#8211; cheng shan &#8211; xie fa<br \/>\nworeczek \u017c\u00f3\u0142ciowy 41 &#8211; zu lin qi (dai mai, shu) &#8211; xie fa<br \/>\np\u0119cherz moczowy 63 &#8211; jin men (xi, yang wei mai)<\/p>\n<p>Uzupe\u0142nienie yin nerek<br \/>\np\u0119cherz 23 &#8211; shen shu &#8211; bu fa<br \/>\nnerki 3 &#8211; tai xi (shu, yuan) &#8211; bu fa<br \/>\nnerki 6 &#8211; zhao hai (yin qiao mai) &#8211; bu fa<br \/>\nren mai 4 &#8211; guan yuan (mo > jelito cienkie, w\u0105troba, nerki, \u015bledziona) &#8211; bu fa<br \/>\nren mai 6 &#8211; qi hai (yuan qi) &#8211; bu fa<\/p>\n","yn_product_verabreichungsart":"Pelety 140szt.","yn_product_dosierung":"<p>3 x 6 do 10 tabletek dziennie, przez co najmniej 30 dni<\/p>\n","yn_product_combinations":"<p>TABLETKI I HERBATKI OCZYSZCZAJ\u0104CE DO USUWANIA WILGOTNEGO CIEP\u0141A Jue Yin, USUWANIE CIEP\u0141A w przypadku niedoboru Yin i pustego ciep\u0142a, GOR\u0104CE \u0141AGODNE RUCHY w leczeniu zespo\u0142u Re Bi, zewn\u0119trznie TABLETKI, \u017bEL, OLEJ i SPRAY FREE FLOW s\u0105 zalecane do otwierania meridian\u00f3w, Luo i TMM.<\/p>\n","yn_product_avoidable":"<p>Pacjent powinien zdecydowanie unika\u0107 owoc\u00f3w morza, jagni\u0119ciny, sma\u017conego i t\u0142ustego mi\u0119sa oraz drobiu. Szczeg\u00f3lnie zabronione s\u0105 czosnek, pory, cebula, ostre przyprawy i alkohol. <\/p>\n","yn_product_tcm_mindmapping":"<p>Niedob\u00f3r Yin nerek > puste ciep\u0142o > ciep\u0142o krwi > zast\u00f3j krwi i niedob\u00f3r Qi \u015bledziony > mokre ciep\u0142o > jeszcze wi\u0119kszy zast\u00f3j Qi i krwi w okolicy kr\u0119gos\u0142upa l\u0119d\u017awiowego.<\/p>\n","yn_product_tongue_body":"<p>Szeroki, czerwony, p\u0119kni\u0119ty w \u015brodku, plamisty korpus j\u0119zyka<\/p>\n","yn_product_tongue_coating":"<p>\u017b\u00f3\u0142tawy i wilgotny<\/p>\n","yn_product_pulse_diagnostics":"<p>Pozycja nerek: fu mai &#8211; powierzchowna, xi mai &#8211; cienka, xian mai &#8211; napi\u0119ta, se mai &#8211; szorstka, shuo mai &#8211; szybka, xu mai &#8211; pusta lub chen mai &#8211; g\u0142\u0119boka, xi mai &#8211; cienka, xu mai &#8211; pusta, shuo mai &#8211; szybka, se mai &#8211; szorstka<br \/>\nPozycja Dai Mai: xian mai &#8211; napi\u0119ta, se mai &#8211; szorstka, shi mai &#8211; pe\u0142na, da mai &#8211; szeroka<\/p>\n","yn_product_indications":"<p>Dyskopatia, b\u00f3l plec\u00f3w, dr\u0119twienie ko\u0144czyn dolnych, cuchn\u0105ce wydzieliny, nie\u015bwie\u017cy oddech, sk\u0105pomocz.<\/p>\n","yn_product_contra_indications":"<p>Niedob\u00f3r Yang z wewn\u0119trznym przezi\u0119bieniem i wilgoci\u0105<\/p>\n","yn_product_pregnancy":"<p>Dozwolone<\/p>\n","yn_product_herbs":"<p>coicis semen &#8211; yi yi ren, sclerotium poriae cocos rubrae &#8211; chi fu ling, plantaginis asiaticae semen &#8211; che qian zi, alismati rhizoma &#8211; ze xie, clematidis armandi caulis &#8211; chuan mu tong, moutan cortex &#8211; mu dan pi, salviae radix &#8211; dan shen, achyranthis radix &#8211; huai niu xi<\/p>\n","yn_product_magisterrecipes":"<p>Si Miao San Jia Jian<\/p>\n","yn_product_video":"https:\/\/shop.diolosa.com\/wp-content\/uploads\/2026\/03\/Poseidon-2.mp4"},"yoast_head":"<!-- This site is optimized with the Yoast SEO plugin v24.9 - https:\/\/yoast.com\/wordpress\/plugins\/seo\/ -->\n<title>Posejdon 2 - Claude Diolosa<\/title>\n<meta name=\"robots\" content=\"index, follow, max-snippet:-1, max-image-preview:large, max-video-preview:-1\" \/>\n<link rel=\"canonical\" href=\"https:\/\/shop.diolosa.com\/pl\/product\/posejdon-2\/\" \/>\n<meta property=\"og:locale\" content=\"pl_PL\" \/>\n<meta property=\"og:type\" content=\"article\" \/>\n<meta property=\"og:title\" content=\"Posejdon 2 - Claude Diolosa\" \/>\n<meta property=\"og:description\" content=\"POSEIDON 2 jest stosowany w leczeniu przepukliny dysku. Preparat ten [...]\" \/>\n<meta property=\"og:url\" content=\"https:\/\/shop.diolosa.com\/pl\/product\/posejdon-2\/\" \/>\n<meta property=\"og:site_name\" content=\"Claude Diolosa\" \/>\n<meta property=\"article:publisher\" content=\"https:\/\/facebook.com\/claudediolosa\" \/>\n<meta property=\"article:modified_time\" content=\"2025-05-06T14:17:41+00:00\" \/>\n<meta property=\"og:image\" content=\"https:\/\/shop.diolosa.com\/wp-content\/uploads\/2019\/09\/Presslinge-140.jpg\" \/>\n\t<meta property=\"og:image:width\" content=\"800\" \/>\n\t<meta property=\"og:image:height\" content=\"533\" \/>\n\t<meta property=\"og:image:type\" content=\"image\/jpeg\" \/>\n<meta name=\"twitter:card\" content=\"summary_large_image\" \/>\n<meta name=\"twitter:label1\" content=\"Szacowany czas czytania\" \/>\n\t<meta name=\"twitter:data1\" content=\"1 minuta\" \/>\n<script type=\"application\/ld+json\" class=\"yoast-schema-graph\">{\"@context\":\"https:\/\/schema.org\",\"@graph\":[{\"@type\":\"WebPage\",\"@id\":\"https:\/\/shop.diolosa.com\/pl\/product\/posejdon-2\/\",\"url\":\"https:\/\/shop.diolosa.com\/pl\/product\/posejdon-2\/\",\"name\":\"Posejdon 2 - Claude Diolosa\",\"isPartOf\":{\"@id\":\"https:\/\/shop.diolosa.com\/pl\/#website\"},\"primaryImageOfPage\":{\"@id\":\"https:\/\/shop.diolosa.com\/pl\/product\/posejdon-2\/#primaryimage\"},\"image\":{\"@id\":\"https:\/\/shop.diolosa.com\/pl\/product\/posejdon-2\/#primaryimage\"},\"thumbnailUrl\":\"https:\/\/shop.diolosa.com\/wp-content\/uploads\/2019\/09\/Presslinge-140.jpg\",\"datePublished\":\"2025-03-08T14:07:43+00:00\",\"dateModified\":\"2025-05-06T14:17:41+00:00\",\"breadcrumb\":{\"@id\":\"https:\/\/shop.diolosa.com\/pl\/product\/posejdon-2\/#breadcrumb\"},\"inLanguage\":\"pl-PL\",\"potentialAction\":[{\"@type\":\"ReadAction\",\"target\":[\"https:\/\/shop.diolosa.com\/pl\/product\/posejdon-2\/\"]}]},{\"@type\":\"ImageObject\",\"inLanguage\":\"pl-PL\",\"@id\":\"https:\/\/shop.diolosa.com\/pl\/product\/posejdon-2\/#primaryimage\",\"url\":\"https:\/\/shop.diolosa.com\/wp-content\/uploads\/2019\/09\/Presslinge-140.jpg\",\"contentUrl\":\"https:\/\/shop.diolosa.com\/wp-content\/uploads\/2019\/09\/Presslinge-140.jpg\",\"width\":800,\"height\":533},{\"@type\":\"BreadcrumbList\",\"@id\":\"https:\/\/shop.diolosa.com\/pl\/product\/posejdon-2\/#breadcrumb\",\"itemListElement\":[{\"@type\":\"ListItem\",\"position\":1,\"name\":\"Startseite\",\"item\":\"https:\/\/shop.diolosa.com\/pl\/?page_id=3835710\"},{\"@type\":\"ListItem\",\"position\":2,\"name\":\"Sklep\",\"item\":\"https:\/\/shop.diolosa.com\/pl\/?page_id=3835710\"},{\"@type\":\"ListItem\",\"position\":3,\"name\":\"Posejdon 2\"}]},{\"@type\":\"WebSite\",\"@id\":\"https:\/\/shop.diolosa.com\/pl\/#website\",\"url\":\"https:\/\/shop.diolosa.com\/pl\/\",\"name\":\"Claude Diolosa\",\"description\":\"\",\"publisher\":{\"@id\":\"https:\/\/shop.diolosa.com\/pl\/#organization\"},\"potentialAction\":[{\"@type\":\"SearchAction\",\"target\":{\"@type\":\"EntryPoint\",\"urlTemplate\":\"https:\/\/shop.diolosa.com\/pl\/?s={search_term_string}\"},\"query-input\":{\"@type\":\"PropertyValueSpecification\",\"valueRequired\":true,\"valueName\":\"search_term_string\"}}],\"inLanguage\":\"pl-PL\"},{\"@type\":\"Organization\",\"@id\":\"https:\/\/shop.diolosa.com\/pl\/#organization\",\"name\":\"Claude Diolosa\",\"url\":\"https:\/\/shop.diolosa.com\/pl\/\",\"logo\":{\"@type\":\"ImageObject\",\"inLanguage\":\"pl-PL\",\"@id\":\"https:\/\/shop.diolosa.com\/pl\/#\/schema\/logo\/image\/\",\"url\":\"https:\/\/shop.diolosa.com\/wp-content\/uploads\/2019\/08\/diolosa-drop-logo-new.png\",\"contentUrl\":\"https:\/\/shop.diolosa.com\/wp-content\/uploads\/2019\/08\/diolosa-drop-logo-new.png\",\"width\":134,\"height\":176,\"caption\":\"Claude Diolosa\"},\"image\":{\"@id\":\"https:\/\/shop.diolosa.com\/pl\/#\/schema\/logo\/image\/\"},\"sameAs\":[\"https:\/\/facebook.com\/claudediolosa\",\"https:\/\/www.instagram.com\/diolosaclaude108\/\"]}]}<\/script>\n<!-- \/ Yoast SEO plugin. -->","yoast_head_json":{"title":"Posejdon 2 - Claude Diolosa","robots":{"index":"index","follow":"follow","max-snippet":"max-snippet:-1","max-image-preview":"max-image-preview:large","max-video-preview":"max-video-preview:-1"},"canonical":"https:\/\/shop.diolosa.com\/pl\/product\/posejdon-2\/","og_locale":"pl_PL","og_type":"article","og_title":"Posejdon 2 - Claude Diolosa","og_description":"POSEIDON 2 jest stosowany w leczeniu przepukliny dysku. Preparat ten [...]","og_url":"https:\/\/shop.diolosa.com\/pl\/product\/posejdon-2\/","og_site_name":"Claude Diolosa","article_publisher":"https:\/\/facebook.com\/claudediolosa","article_modified_time":"2025-05-06T14:17:41+00:00","og_image":[{"width":800,"height":533,"url":"https:\/\/shop.diolosa.com\/wp-content\/uploads\/2019\/09\/Presslinge-140.jpg","type":"image\/jpeg"}],"twitter_card":"summary_large_image","twitter_misc":{"Szacowany czas czytania":"1 minuta"},"schema":{"@context":"https:\/\/schema.org","@graph":[{"@type":"WebPage","@id":"https:\/\/shop.diolosa.com\/pl\/product\/posejdon-2\/","url":"https:\/\/shop.diolosa.com\/pl\/product\/posejdon-2\/","name":"Posejdon 2 - Claude Diolosa","isPartOf":{"@id":"https:\/\/shop.diolosa.com\/pl\/#website"},"primaryImageOfPage":{"@id":"https:\/\/shop.diolosa.com\/pl\/product\/posejdon-2\/#primaryimage"},"image":{"@id":"https:\/\/shop.diolosa.com\/pl\/product\/posejdon-2\/#primaryimage"},"thumbnailUrl":"https:\/\/shop.diolosa.com\/wp-content\/uploads\/2019\/09\/Presslinge-140.jpg","datePublished":"2025-03-08T14:07:43+00:00","dateModified":"2025-05-06T14:17:41+00:00","breadcrumb":{"@id":"https:\/\/shop.diolosa.com\/pl\/product\/posejdon-2\/#breadcrumb"},"inLanguage":"pl-PL","potentialAction":[{"@type":"ReadAction","target":["https:\/\/shop.diolosa.com\/pl\/product\/posejdon-2\/"]}]},{"@type":"ImageObject","inLanguage":"pl-PL","@id":"https:\/\/shop.diolosa.com\/pl\/product\/posejdon-2\/#primaryimage","url":"https:\/\/shop.diolosa.com\/wp-content\/uploads\/2019\/09\/Presslinge-140.jpg","contentUrl":"https:\/\/shop.diolosa.com\/wp-content\/uploads\/2019\/09\/Presslinge-140.jpg","width":800,"height":533},{"@type":"BreadcrumbList","@id":"https:\/\/shop.diolosa.com\/pl\/product\/posejdon-2\/#breadcrumb","itemListElement":[{"@type":"ListItem","position":1,"name":"Startseite","item":"https:\/\/shop.diolosa.com\/pl\/?page_id=3835710"},{"@type":"ListItem","position":2,"name":"Sklep","item":"https:\/\/shop.diolosa.com\/pl\/?page_id=3835710"},{"@type":"ListItem","position":3,"name":"Posejdon 2"}]},{"@type":"WebSite","@id":"https:\/\/shop.diolosa.com\/pl\/#website","url":"https:\/\/shop.diolosa.com\/pl\/","name":"Claude Diolosa","description":"","publisher":{"@id":"https:\/\/shop.diolosa.com\/pl\/#organization"},"potentialAction":[{"@type":"SearchAction","target":{"@type":"EntryPoint","urlTemplate":"https:\/\/shop.diolosa.com\/pl\/?s={search_term_string}"},"query-input":{"@type":"PropertyValueSpecification","valueRequired":true,"valueName":"search_term_string"}}],"inLanguage":"pl-PL"},{"@type":"Organization","@id":"https:\/\/shop.diolosa.com\/pl\/#organization","name":"Claude Diolosa","url":"https:\/\/shop.diolosa.com\/pl\/","logo":{"@type":"ImageObject","inLanguage":"pl-PL","@id":"https:\/\/shop.diolosa.com\/pl\/#\/schema\/logo\/image\/","url":"https:\/\/shop.diolosa.com\/wp-content\/uploads\/2019\/08\/diolosa-drop-logo-new.png","contentUrl":"https:\/\/shop.diolosa.com\/wp-content\/uploads\/2019\/08\/diolosa-drop-logo-new.png","width":134,"height":176,"caption":"Claude Diolosa"},"image":{"@id":"https:\/\/shop.diolosa.com\/pl\/#\/schema\/logo\/image\/"},"sameAs":["https:\/\/facebook.com\/claudediolosa","https:\/\/www.instagram.com\/diolosaclaude108\/"]}]}},"_links":{"self":[{"href":"https:\/\/shop.diolosa.com\/pl\/wp-json\/wp\/v2\/product\/3835956","targetHints":{"allow":["GET"]}}],"collection":[{"href":"https:\/\/shop.diolosa.com\/pl\/wp-json\/wp\/v2\/product"}],"about":[{"href":"https:\/\/shop.diolosa.com\/pl\/wp-json\/wp\/v2\/types\/product"}],"wp:featuredmedia":[{"embeddable":true,"href":"https:\/\/shop.diolosa.com\/pl\/wp-json\/wp\/v2\/media\/3835943"}],"wp:attachment":[{"href":"https:\/\/shop.diolosa.com\/pl\/wp-json\/wp\/v2\/media?parent=3835956"}],"wp:term":[{"taxonomy":"product_brand","embeddable":true,"href":"https:\/\/shop.diolosa.com\/pl\/wp-json\/wp\/v2\/product_brand?post=3835956"},{"taxonomy":"product_cat","embeddable":true,"href":"https:\/\/shop.diolosa.com\/pl\/wp-json\/wp\/v2\/product_cat?post=3835956"},{"taxonomy":"product_tag","embeddable":true,"href":"https:\/\/shop.diolosa.com\/pl\/wp-json\/wp\/v2\/product_tag?post=3835956"}],"curies":[{"name":"wp","href":"https:\/\/api.w.org\/{rel}","templated":true}]}}