{"id":3835959,"date":"2019-09-04T12:10:21","date_gmt":"2025-03-08T14:07:44","guid":{"rendered":"https:\/\/shop.diolosa.com\/product\/posejdon-1\/"},"modified":"2025-05-06T15:17:43","modified_gmt":"2025-05-06T14:17:43","slug":"posejdon-1","status":"publish","type":"product","link":"https:\/\/shop.diolosa.com\/pl\/product\/posejdon-1\/","title":{"rendered":"Posejdon 1"},"content":{"rendered":"<p>POSEIDON 1 jest stosowany w przypadku przepukliny dysku. POSEIDON 1 rozgrzewa Yang nerek, wzmacnia Qi nerek, od\u017cywia esencj\u0119, tonizuje \u015bledzion\u0119, przekszta\u0142ca wewn\u0119trzn\u0105 wilgo\u0107, odprowadza zewn\u0119trzn\u0105 wilgo\u0107 (Feng Shi), usuwa zast\u00f3j krwi, wzmacnia kr\u0119gos\u0142up l\u0119d\u017awiowy, przeciwdzia\u0142a wypadaniu i \u0142agodzi b\u00f3l.<\/p>\n","protected":false},"excerpt":{"rendered":"<p>POSEIDON 1 jest stosowany w przypadku przepukliny dysku. POSEIDON 1  [&#8230;]<\/p>\n","protected":false},"featured_media":3835943,"template":"","meta":{"_acf_changed":false},"product_brand":[],"product_cat":[11784],"product_tag":[11789],"class_list":{"0":"post-3835959","1":"product","2":"type-product","3":"status-publish","4":"has-post-thumbnail","6":"product_cat-medycyna-sportowa","7":"product_tag-przepuklina-dysku-1","9":"first","10":"instock","11":"taxable","12":"shipping-taxable","13":"purchasable","14":"product-type-simple"},"acf":{"yn_product_audio":"https:\/\/shop.diolosa.com\/wp-content\/uploads\/2018\/12\/DL_0991.mp3","yn_product_akupunktur":"<p>Miejscowe ig\u0142owanie<br \/>\nPunkty Hua To Jia Ji z ig\u0142ami, moks\u0105 i sprayem o swobodnym przep\u0142ywie<\/p>\n<p>Punkty odleg\u0142e<br \/>\np\u0119cherz moczowy 40 &#8211; wei zhong (he, xia he xue &#8211; p\u0119cherz moczowy, xi krwi, jing bie ni\/bl) &#8211; bu fa<br \/>\np\u0119cherz moczowy 57 &#8211; cheng shan &#8211; bu fa<br \/>\np\u0119cherz moczowy 31 do 34 &#8211; ba liao &#8211; xie fa z moks\u0105<br \/>\nworeczek \u017c\u00f3\u0142ciowy 41 &#8211; zu lin qi (dai mai, shu) &#8211; bu fa<br \/>\nworeczek \u017c\u00f3\u0142ciowy 25 &#8211; jing men (mo > nerka) &#8211; bu fa  <\/p>\n<p>Wzmocnienie qi i yang nerek<br \/>\ndu mai 4 &#8211; ming men &#8211; bu fa z moks\u0105<br \/>\nren mai 4 &#8211; guan yuan (mo > jelito cienkie, w\u0105troba, nerki, \u015bledziona) &#8211; bu fa z moks\u0105<br \/>\nren mai 6 &#8211; qi hai (yuan qi) &#8211; bu fa z moks\u0105<br \/>\np\u0119cherz 23 &#8211; shen shu &#8211; bu fa z moks\u0105<\/p>\n<p>Tonizowanie Qi i Yang \u015bledziony<br \/>\nba\u0144ka 20 &#8211; pi shu &#8211; bu fa z moks\u0105<br \/>\n\u015bledziona 3 &#8211; tai bai (yuan) &#8211; bu fa z moks\u0105<\/p>\n","yn_product_verabreichungsart":"Pelety 140szt.","yn_product_dosierung":"<p>3 x 6 do 10 tabletek dziennie, przez co najmniej 3 do 4 miesi\u0119cy.<\/p>\n","yn_product_combinations":"<p>RINCHEN TEA, YANG ROOT, WARMING THE ROOT, SECRET POWER, aby ogrza\u0107 Yang i wzmocni\u0107 Qi nerek, EARTH PILLAR na klasyczny b\u00f3l plec\u00f3w bez przepukliny dysku, WATER BALANCE na nietrzymanie moczu, EASY MOVEMENT COLD na dolegliwo\u015bci reumatyczne Feng Shi Han, zewn\u0119trznie FREE FLOW TABLETS, GEL, OIL i SPRAY s\u0105 zalecane do otwierania meridian\u00f3w, Luo i TMM.<\/p>\n","yn_product_avoidable":"<p>Pacjent powinien unika\u0107 zimnych pokarm\u00f3w i napoj\u00f3w. W szczeg\u00f3lno\u015bci nale\u017cy unika\u0107 zielonej sa\u0142aty, owoc\u00f3w tropikalnych, owoc\u00f3w cytrusowych, kawy, zielonej i czarnej herbaty, pomidor\u00f3w, og\u00f3rk\u00f3w, ziemniak\u00f3w, bak\u0142a\u017can\u00f3w, jogurtu i cukru. <\/p>\n","yn_product_tcm_mindmapping":"<p>Niedob\u00f3r Yang i Qi nerek > Obni\u017cenie Qi nerek > Nagromadzenie wilgoci w dolnym ogrzewaczu > Zast\u00f3j Qi i krwi > Podatno\u015b\u0107 na wp\u0142ywy patogenne wiatru i wilgoci > Wypadanie w\u0142os\u00f3w<\/p>\n","yn_product_tongue_body":"<p>Kr\u00f3tkie, blade, wilgotne, s\u0142abe, a tak\u017ce plamiste<\/p>\n","yn_product_tongue_coating":"<p>Cienki i bia\u0142y<\/p>\n","yn_product_pulse_diagnostics":"<p>Pozycja nerek: ruo mai &#8211; s\u0142aba, chen mai &#8211; g\u0142\u0119boka, xi mai &#8211; cienka, duan mai &#8211; kr\u00f3tka, xu mai &#8211; pusta, chi mai &#8211; powolna, se mai &#8211; szorstka<br \/>\nPozycja Dai Mai: da mai &#8211; szeroka, huan mai &#8211; spokojna, se mai &#8211; szorstka, jin mai &#8211; ciasna, chi mai &#8211; powolna, shi mai &#8211; pe\u0142na<\/p>\n","yn_product_indications":"<p>Dyskopatia, b\u00f3l plec\u00f3w, dr\u0119twienie ko\u0144czyn dolnych, nietrzymanie moczu, zimne ko\u0144czyny, zm\u0119czenie<\/p>\n","yn_product_contra_indications":"<p>Niedob\u00f3r Yin z pustym ciep\u0142em i ciep\u0142em krwi<\/p>\n","yn_product_pregnancy":"<p>Dozwolone<\/p>\n","yn_product_herbs":"<p>coicis semen &#8211; yi yi ren, poria cocos &#8211; fu ling, alismati rhizoma &#8211; ze xie, lateralis aconiti carmichaeli praeparata radix &#8211; fu zi, morindae radix &#8211; ba ji tian, rehmanniae radix praep &#8211; shu di huang<\/p>\n","yn_product_magisterrecipes":"<p>Bu Shen Zhuang Gu Tang, Jing Suo Gu Jing Wan, Su Quan Wan, Gui Fu Du Jin Zan Yu Dan, You Gui Wan, Du Zhong Tang, Lu Rong Bu She Wan<\/p>\n","yn_product_video":"https:\/\/shop.diolosa.com\/wp-content\/uploads\/2026\/03\/Poseidon-1.mp4"},"yoast_head":"<!-- This site is optimized with the Yoast SEO plugin v24.9 - https:\/\/yoast.com\/wordpress\/plugins\/seo\/ -->\n<title>Posejdon 1 - Claude Diolosa<\/title>\n<meta name=\"robots\" content=\"index, follow, max-snippet:-1, max-image-preview:large, max-video-preview:-1\" \/>\n<link rel=\"canonical\" href=\"https:\/\/shop.diolosa.com\/pl\/product\/posejdon-1\/\" \/>\n<meta property=\"og:locale\" content=\"pl_PL\" \/>\n<meta property=\"og:type\" content=\"article\" \/>\n<meta property=\"og:title\" content=\"Posejdon 1 - Claude Diolosa\" \/>\n<meta property=\"og:description\" content=\"POSEIDON 1 jest stosowany w przypadku przepukliny dysku. POSEIDON 1 [...]\" \/>\n<meta property=\"og:url\" content=\"https:\/\/shop.diolosa.com\/pl\/product\/posejdon-1\/\" \/>\n<meta property=\"og:site_name\" content=\"Claude Diolosa\" \/>\n<meta property=\"article:publisher\" content=\"https:\/\/facebook.com\/claudediolosa\" \/>\n<meta property=\"article:modified_time\" content=\"2025-05-06T14:17:43+00:00\" \/>\n<meta property=\"og:image\" content=\"https:\/\/shop.diolosa.com\/wp-content\/uploads\/2019\/09\/Presslinge-140.jpg\" \/>\n\t<meta property=\"og:image:width\" content=\"800\" \/>\n\t<meta property=\"og:image:height\" content=\"533\" \/>\n\t<meta property=\"og:image:type\" content=\"image\/jpeg\" \/>\n<meta name=\"twitter:card\" content=\"summary_large_image\" \/>\n<script type=\"application\/ld+json\" class=\"yoast-schema-graph\">{\"@context\":\"https:\/\/schema.org\",\"@graph\":[{\"@type\":\"WebPage\",\"@id\":\"https:\/\/shop.diolosa.com\/pl\/product\/posejdon-1\/\",\"url\":\"https:\/\/shop.diolosa.com\/pl\/product\/posejdon-1\/\",\"name\":\"Posejdon 1 - Claude Diolosa\",\"isPartOf\":{\"@id\":\"https:\/\/shop.diolosa.com\/pl\/#website\"},\"primaryImageOfPage\":{\"@id\":\"https:\/\/shop.diolosa.com\/pl\/product\/posejdon-1\/#primaryimage\"},\"image\":{\"@id\":\"https:\/\/shop.diolosa.com\/pl\/product\/posejdon-1\/#primaryimage\"},\"thumbnailUrl\":\"https:\/\/shop.diolosa.com\/wp-content\/uploads\/2019\/09\/Presslinge-140.jpg\",\"datePublished\":\"2025-03-08T14:07:44+00:00\",\"dateModified\":\"2025-05-06T14:17:43+00:00\",\"breadcrumb\":{\"@id\":\"https:\/\/shop.diolosa.com\/pl\/product\/posejdon-1\/#breadcrumb\"},\"inLanguage\":\"pl-PL\",\"potentialAction\":[{\"@type\":\"ReadAction\",\"target\":[\"https:\/\/shop.diolosa.com\/pl\/product\/posejdon-1\/\"]}]},{\"@type\":\"ImageObject\",\"inLanguage\":\"pl-PL\",\"@id\":\"https:\/\/shop.diolosa.com\/pl\/product\/posejdon-1\/#primaryimage\",\"url\":\"https:\/\/shop.diolosa.com\/wp-content\/uploads\/2019\/09\/Presslinge-140.jpg\",\"contentUrl\":\"https:\/\/shop.diolosa.com\/wp-content\/uploads\/2019\/09\/Presslinge-140.jpg\",\"width\":800,\"height\":533},{\"@type\":\"BreadcrumbList\",\"@id\":\"https:\/\/shop.diolosa.com\/pl\/product\/posejdon-1\/#breadcrumb\",\"itemListElement\":[{\"@type\":\"ListItem\",\"position\":1,\"name\":\"Startseite\",\"item\":\"https:\/\/shop.diolosa.com\/pl\/?page_id=3835710\"},{\"@type\":\"ListItem\",\"position\":2,\"name\":\"Sklep\",\"item\":\"https:\/\/shop.diolosa.com\/pl\/?page_id=3835710\"},{\"@type\":\"ListItem\",\"position\":3,\"name\":\"Posejdon 1\"}]},{\"@type\":\"WebSite\",\"@id\":\"https:\/\/shop.diolosa.com\/pl\/#website\",\"url\":\"https:\/\/shop.diolosa.com\/pl\/\",\"name\":\"Claude Diolosa\",\"description\":\"\",\"publisher\":{\"@id\":\"https:\/\/shop.diolosa.com\/pl\/#organization\"},\"potentialAction\":[{\"@type\":\"SearchAction\",\"target\":{\"@type\":\"EntryPoint\",\"urlTemplate\":\"https:\/\/shop.diolosa.com\/pl\/?s={search_term_string}\"},\"query-input\":{\"@type\":\"PropertyValueSpecification\",\"valueRequired\":true,\"valueName\":\"search_term_string\"}}],\"inLanguage\":\"pl-PL\"},{\"@type\":\"Organization\",\"@id\":\"https:\/\/shop.diolosa.com\/pl\/#organization\",\"name\":\"Claude Diolosa\",\"url\":\"https:\/\/shop.diolosa.com\/pl\/\",\"logo\":{\"@type\":\"ImageObject\",\"inLanguage\":\"pl-PL\",\"@id\":\"https:\/\/shop.diolosa.com\/pl\/#\/schema\/logo\/image\/\",\"url\":\"https:\/\/shop.diolosa.com\/wp-content\/uploads\/2019\/08\/diolosa-drop-logo-new.png\",\"contentUrl\":\"https:\/\/shop.diolosa.com\/wp-content\/uploads\/2019\/08\/diolosa-drop-logo-new.png\",\"width\":134,\"height\":176,\"caption\":\"Claude Diolosa\"},\"image\":{\"@id\":\"https:\/\/shop.diolosa.com\/pl\/#\/schema\/logo\/image\/\"},\"sameAs\":[\"https:\/\/facebook.com\/claudediolosa\",\"https:\/\/www.instagram.com\/diolosaclaude108\/\"]}]}<\/script>\n<!-- \/ Yoast SEO plugin. -->","yoast_head_json":{"title":"Posejdon 1 - Claude Diolosa","robots":{"index":"index","follow":"follow","max-snippet":"max-snippet:-1","max-image-preview":"max-image-preview:large","max-video-preview":"max-video-preview:-1"},"canonical":"https:\/\/shop.diolosa.com\/pl\/product\/posejdon-1\/","og_locale":"pl_PL","og_type":"article","og_title":"Posejdon 1 - Claude Diolosa","og_description":"POSEIDON 1 jest stosowany w przypadku przepukliny dysku. POSEIDON 1 [...]","og_url":"https:\/\/shop.diolosa.com\/pl\/product\/posejdon-1\/","og_site_name":"Claude Diolosa","article_publisher":"https:\/\/facebook.com\/claudediolosa","article_modified_time":"2025-05-06T14:17:43+00:00","og_image":[{"width":800,"height":533,"url":"https:\/\/shop.diolosa.com\/wp-content\/uploads\/2019\/09\/Presslinge-140.jpg","type":"image\/jpeg"}],"twitter_card":"summary_large_image","schema":{"@context":"https:\/\/schema.org","@graph":[{"@type":"WebPage","@id":"https:\/\/shop.diolosa.com\/pl\/product\/posejdon-1\/","url":"https:\/\/shop.diolosa.com\/pl\/product\/posejdon-1\/","name":"Posejdon 1 - Claude Diolosa","isPartOf":{"@id":"https:\/\/shop.diolosa.com\/pl\/#website"},"primaryImageOfPage":{"@id":"https:\/\/shop.diolosa.com\/pl\/product\/posejdon-1\/#primaryimage"},"image":{"@id":"https:\/\/shop.diolosa.com\/pl\/product\/posejdon-1\/#primaryimage"},"thumbnailUrl":"https:\/\/shop.diolosa.com\/wp-content\/uploads\/2019\/09\/Presslinge-140.jpg","datePublished":"2025-03-08T14:07:44+00:00","dateModified":"2025-05-06T14:17:43+00:00","breadcrumb":{"@id":"https:\/\/shop.diolosa.com\/pl\/product\/posejdon-1\/#breadcrumb"},"inLanguage":"pl-PL","potentialAction":[{"@type":"ReadAction","target":["https:\/\/shop.diolosa.com\/pl\/product\/posejdon-1\/"]}]},{"@type":"ImageObject","inLanguage":"pl-PL","@id":"https:\/\/shop.diolosa.com\/pl\/product\/posejdon-1\/#primaryimage","url":"https:\/\/shop.diolosa.com\/wp-content\/uploads\/2019\/09\/Presslinge-140.jpg","contentUrl":"https:\/\/shop.diolosa.com\/wp-content\/uploads\/2019\/09\/Presslinge-140.jpg","width":800,"height":533},{"@type":"BreadcrumbList","@id":"https:\/\/shop.diolosa.com\/pl\/product\/posejdon-1\/#breadcrumb","itemListElement":[{"@type":"ListItem","position":1,"name":"Startseite","item":"https:\/\/shop.diolosa.com\/pl\/?page_id=3835710"},{"@type":"ListItem","position":2,"name":"Sklep","item":"https:\/\/shop.diolosa.com\/pl\/?page_id=3835710"},{"@type":"ListItem","position":3,"name":"Posejdon 1"}]},{"@type":"WebSite","@id":"https:\/\/shop.diolosa.com\/pl\/#website","url":"https:\/\/shop.diolosa.com\/pl\/","name":"Claude Diolosa","description":"","publisher":{"@id":"https:\/\/shop.diolosa.com\/pl\/#organization"},"potentialAction":[{"@type":"SearchAction","target":{"@type":"EntryPoint","urlTemplate":"https:\/\/shop.diolosa.com\/pl\/?s={search_term_string}"},"query-input":{"@type":"PropertyValueSpecification","valueRequired":true,"valueName":"search_term_string"}}],"inLanguage":"pl-PL"},{"@type":"Organization","@id":"https:\/\/shop.diolosa.com\/pl\/#organization","name":"Claude Diolosa","url":"https:\/\/shop.diolosa.com\/pl\/","logo":{"@type":"ImageObject","inLanguage":"pl-PL","@id":"https:\/\/shop.diolosa.com\/pl\/#\/schema\/logo\/image\/","url":"https:\/\/shop.diolosa.com\/wp-content\/uploads\/2019\/08\/diolosa-drop-logo-new.png","contentUrl":"https:\/\/shop.diolosa.com\/wp-content\/uploads\/2019\/08\/diolosa-drop-logo-new.png","width":134,"height":176,"caption":"Claude Diolosa"},"image":{"@id":"https:\/\/shop.diolosa.com\/pl\/#\/schema\/logo\/image\/"},"sameAs":["https:\/\/facebook.com\/claudediolosa","https:\/\/www.instagram.com\/diolosaclaude108\/"]}]}},"_links":{"self":[{"href":"https:\/\/shop.diolosa.com\/pl\/wp-json\/wp\/v2\/product\/3835959","targetHints":{"allow":["GET"]}}],"collection":[{"href":"https:\/\/shop.diolosa.com\/pl\/wp-json\/wp\/v2\/product"}],"about":[{"href":"https:\/\/shop.diolosa.com\/pl\/wp-json\/wp\/v2\/types\/product"}],"wp:featuredmedia":[{"embeddable":true,"href":"https:\/\/shop.diolosa.com\/pl\/wp-json\/wp\/v2\/media\/3835943"}],"wp:attachment":[{"href":"https:\/\/shop.diolosa.com\/pl\/wp-json\/wp\/v2\/media?parent=3835959"}],"wp:term":[{"taxonomy":"product_brand","embeddable":true,"href":"https:\/\/shop.diolosa.com\/pl\/wp-json\/wp\/v2\/product_brand?post=3835959"},{"taxonomy":"product_cat","embeddable":true,"href":"https:\/\/shop.diolosa.com\/pl\/wp-json\/wp\/v2\/product_cat?post=3835959"},{"taxonomy":"product_tag","embeddable":true,"href":"https:\/\/shop.diolosa.com\/pl\/wp-json\/wp\/v2\/product_tag?post=3835959"}],"curies":[{"name":"wp","href":"https:\/\/api.w.org\/{rel}","templated":true}]}}