{"id":3835969,"date":"2019-09-04T12:10:21","date_gmt":"2025-03-08T14:07:49","guid":{"rendered":"https:\/\/shop.diolosa.com\/product\/pas-zimnej-wilgoci\/"},"modified":"2025-05-06T15:17:52","modified_gmt":"2025-05-06T14:17:52","slug":"pas-zimnej-wilgoci","status":"publish","type":"product","link":"https:\/\/shop.diolosa.com\/pl\/product\/pas-zimnej-wilgoci\/","title":{"rendered":"Pas zimnej wilgoci"},"content":{"rendered":"<p>COLD DAMP BELT jest stosowany w leczeniu bia\u0142ej i p\u0142ynnej wydzieliny. Preparat ten tonizuje Qi \u015aledziony, wzmacnia Qi Nerek, ogrzewa Yang i usuwa przenikni\u0119t\u0105 wilgo\u0107 w Jue Yin (W\u0105troba = Dolny Ogrzewacz) oraz w Dai Mai (Naczynie Pasowe) poprzez diurez\u0119 i zapobiega zastojowi krwi i Qi w Dolnym Ogrzewaczu.<\/p>\n","protected":false},"excerpt":{"rendered":"<p>COLD DAMP BELT jest stosowany w leczeniu bia\u0142ej i p\u0142ynnej  [&#8230;]<\/p>\n","protected":false},"featured_media":3835943,"template":"","meta":{"_acf_changed":false},"product_brand":[],"product_cat":[11799],"product_tag":[11801],"class_list":{"0":"post-3835969","1":"product","2":"type-product","3":"status-publish","4":"has-post-thumbnail","6":"product_cat-ginekologia","7":"product_tag-wyladowanie-wilgotne-zimno","9":"first","10":"instock","11":"taxable","12":"shipping-taxable","13":"purchasable","14":"product-type-simple"},"acf":{"yn_product_audio":"https:\/\/shop.diolosa.com\/wp-content\/uploads\/2018\/12\/DL_0365.mp3","yn_product_video":"https:\/\/shop.diolosa.com\/wp-content\/uploads\/2024\/10\/Cold-Damp-Belt-.mp4","yn_product_akupunktur":"<p>Liver Moist Cold<br \/>\nliver 3 &#8211; tai chong (shu, yuan) &#8211; xie fa  <\/p>\n<p>P\u0119cherzyk \u017c\u00f3\u0142ciowy Wilgotne Zimno<br \/>\np\u0119cherzyk \u017c\u00f3\u0142ciowy 26 &#8211; p\u0119cherzyk \u017c\u00f3\u0142ciowy &#8211; dai mai &#8211; xie fa<br \/>\np\u0119cherzyk \u017c\u00f3\u0142ciowy 41 &#8211; to lin qi (dai mai, shu) &#8211; xie fa<br \/>\nyao yan &#8211; M-BW-24 (lws, macica) &#8211; xie fa z mox\u0105<br \/>\np\u0119cherzyk 31 do 34 &#8211; ba liao &#8211; xie fa z mox\u0105<\/p>\n<p>Niedob\u00f3r Qi i Yang \u015bledziony<br \/>\np\u0119cherz 20 &#8211; pi shu &#8211; bu fa z moks\u0105<br \/>\n\u015bledziona 3 &#8211; tai bai (yuan) &#8211; bu fa<br \/>\n\u017co\u0142\u0105dek 40 &#8211; feng long (luo) &#8211; xie fa<br \/>\n\u017co\u0142\u0105dek 29 &#8211; gui lai &#8211; xie fa z moks\u0105<br \/>\n\u015bledziona 6 &#8211; san yin jiao (le, ni, mb) &#8211; xie fa  <\/p>\n<p>Niedob\u00f3r qi i yang nerek<br \/>\nren mai 4 &#8211; guan yuan (mo >) jelito cienkie, w\u0105troba, nerki, \u015bledziona) &#8211; bu fa z mox\u0105<br \/>\nren mai 6 &#8211; qi hai (yuan qi) &#8211; bu fa z mox\u0105<br \/>\np\u0119cherz 23 &#8211; shen shu &#8211; bu fa z mox\u0105<br \/>\nnerka 3 &#8211; tai xi (shu,yuan) &#8211; bu fa<br \/>\ndu mai 4 &#8211; ming men &#8211; bu fa z mox\u0105<br \/>\nnerka 5 &#8211; shui quan (xi) &#8211; xie fa z mox\u0105<br \/>\nnerka 12 &#8211; da he (dai mai) &#8211; xie fa z mox\u0105<\/p>\n<p>Zast\u00f3j krwi w dolnym ogrzewaczu<br \/>\n\u015bledziona 10 &#8211; xue hai (jezioro krwi) &#8211; xie fa z moks\u0105<br \/>\nw\u0105troba 6 &#8211; zhong du (xi) &#8211; xie fa z moks\u0105<\/p>\n","yn_product_verabreichungsart":"Pelety 140szt.","yn_product_dosierung":"<p>3 x 6 do 10 tabletek dziennie, zawsze przed posi\u0142kami<\/p>\n","yn_product_combinations":"<p>KORZE\u0143 YANG (niedob\u00f3r Yang w nerkach), HERBATA RINCHEN (niedob\u00f3r Yang w nerkach), ENERGIA \u017bYCIA (niedob\u00f3r Qi w \u015bledzionie), SZYBKIE RUCHY BRZUCHA (zast\u00f3j pokarmu), \u0141ATWY PRZEP\u0141YW ZIMNA (bolesne miesi\u0105czkowanie), OCZY KSI\u0118\u017bYCA (torbiele jajnik\u00f3w), OGRZEWANIE KORZENIA (niedob\u00f3r Yang i Qi w nerkach).<\/p>\n","yn_product_avoidable":"<p>Ser, mleko, \u015bmietana, jogurt, cukier, czekolada, mas\u0142o, kawa, czarna herbata, zielona herbata, og\u00f3rek, pomidor, bak\u0142a\u017can, kapusta peki\u0144ska, sok pomara\u0144czowy, sok gruszkowy, sok jab\u0142kowy, zimne napoje i og\u00f3lnie \u017cywno\u015b\u0107.<\/p>\n","yn_product_tcm_mindmapping":"<p>Niedob\u00f3r Yang i Qi \u015bledziony > Niedob\u00f3r Qi i Yang nerek > Zimno w\u0105troby i wilgo\u0107 Dai Mai w dolnym ogrzewaczu > Zast\u00f3j Qi i krwi w dolnym ogrzewaczu<\/p>\n","yn_product_tongue_body":"<p>Kr\u00f3tkie, szerokie, \u015blady z\u0119b\u00f3w, blade i wilgotne<\/p>\n","yn_product_tongue_coating":"<p>Dolna cieplejsza pozycja: bia\u0142a, g\u0119sta i wilgotna<\/p>\n","yn_product_pulse_diagnostics":"<p>Pozycja \u015bledziony i nerek: ruo mai &#8211; s\u0142aba, chen mai &#8211; g\u0142\u0119boka, xi mai &#8211; cienka, duan mai &#8211; kr\u00f3tka, xu mai &#8211; pusta, chi mai &#8211; powolna, se mai &#8211; szorstka<br \/>\nPozycja Dai Mai: da mai &#8211; szeroka, huan mai &#8211; spokojna, se mai &#8211; szorstka<\/p>\n","yn_product_indications":"<p>Bia\u0142e up\u0142awy, nieuformowane stolce, zm\u0119czenie, ospa\u0142o\u015b\u0107, utrata apetytu, nietolerancja w\u0119glowodan\u00f3w, niedoci\u015bnienie, hipotermia.<\/p>\n","yn_product_contra_indications":"<p>P\u0119cherzyk \u017c\u00f3\u0142ciowy i Dai Mai Nagromadzenie wilgotnego ciep\u0142a w dolnym ogrzewaczu > Toksyny wilgotnego ciep\u0142a > Zast\u00f3j Qi i krwi w dolnym ogrzewaczu > B\u00f3l i krwawienie<\/p>\n","yn_product_pregnancy":"<p>Dozwolone<\/p>\n","yn_product_herbs":"<p>citri reticulatae pericarpium &#8211; chen pi, atractylodes macrocephalae &#8211; bai zhu, poria cocos &#8211; fu ling, euryalae semen &#8211; qian shi, astragali semen &#8211; sha yuan zi, angelicae sinensis radix &#8211; dang gui, cyperi rhizoma &#8211; xiang fu<\/p>\n","yn_product_magisterrecipes":"<p>Gu Chong Tang, An Chong Tang, Wan Dai Tang, Jin Suo Gu Jing Wan, Xiang Sha Liu Jun Zi Tang<\/p>\n"},"yoast_head":"<!-- This site is optimized with the Yoast SEO plugin v24.9 - https:\/\/yoast.com\/wordpress\/plugins\/seo\/ -->\n<title>Pas zimnej wilgoci - Claude Diolosa<\/title>\n<meta name=\"robots\" content=\"index, follow, max-snippet:-1, max-image-preview:large, max-video-preview:-1\" \/>\n<link rel=\"canonical\" href=\"https:\/\/shop.diolosa.com\/pl\/product\/pas-zimnej-wilgoci\/\" \/>\n<meta property=\"og:locale\" content=\"pl_PL\" \/>\n<meta property=\"og:type\" content=\"article\" \/>\n<meta property=\"og:title\" content=\"Pas zimnej wilgoci - Claude Diolosa\" \/>\n<meta property=\"og:description\" content=\"COLD DAMP BELT jest stosowany w leczeniu bia\u0142ej i p\u0142ynnej [...]\" \/>\n<meta property=\"og:url\" content=\"https:\/\/shop.diolosa.com\/pl\/product\/pas-zimnej-wilgoci\/\" \/>\n<meta property=\"og:site_name\" content=\"Claude Diolosa\" \/>\n<meta property=\"article:publisher\" content=\"https:\/\/facebook.com\/claudediolosa\" \/>\n<meta property=\"article:modified_time\" content=\"2025-05-06T14:17:52+00:00\" \/>\n<meta property=\"og:image\" content=\"https:\/\/shop.diolosa.com\/wp-content\/uploads\/2019\/09\/Presslinge-140.jpg\" \/>\n\t<meta property=\"og:image:width\" content=\"800\" \/>\n\t<meta property=\"og:image:height\" content=\"533\" \/>\n\t<meta property=\"og:image:type\" content=\"image\/jpeg\" \/>\n<meta name=\"twitter:card\" content=\"summary_large_image\" \/>\n<script type=\"application\/ld+json\" class=\"yoast-schema-graph\">{\"@context\":\"https:\/\/schema.org\",\"@graph\":[{\"@type\":\"WebPage\",\"@id\":\"https:\/\/shop.diolosa.com\/pl\/product\/pas-zimnej-wilgoci\/\",\"url\":\"https:\/\/shop.diolosa.com\/pl\/product\/pas-zimnej-wilgoci\/\",\"name\":\"Pas zimnej wilgoci - Claude Diolosa\",\"isPartOf\":{\"@id\":\"https:\/\/shop.diolosa.com\/pl\/#website\"},\"primaryImageOfPage\":{\"@id\":\"https:\/\/shop.diolosa.com\/pl\/product\/pas-zimnej-wilgoci\/#primaryimage\"},\"image\":{\"@id\":\"https:\/\/shop.diolosa.com\/pl\/product\/pas-zimnej-wilgoci\/#primaryimage\"},\"thumbnailUrl\":\"https:\/\/shop.diolosa.com\/wp-content\/uploads\/2019\/09\/Presslinge-140.jpg\",\"datePublished\":\"2025-03-08T14:07:49+00:00\",\"dateModified\":\"2025-05-06T14:17:52+00:00\",\"breadcrumb\":{\"@id\":\"https:\/\/shop.diolosa.com\/pl\/product\/pas-zimnej-wilgoci\/#breadcrumb\"},\"inLanguage\":\"pl-PL\",\"potentialAction\":[{\"@type\":\"ReadAction\",\"target\":[\"https:\/\/shop.diolosa.com\/pl\/product\/pas-zimnej-wilgoci\/\"]}]},{\"@type\":\"ImageObject\",\"inLanguage\":\"pl-PL\",\"@id\":\"https:\/\/shop.diolosa.com\/pl\/product\/pas-zimnej-wilgoci\/#primaryimage\",\"url\":\"https:\/\/shop.diolosa.com\/wp-content\/uploads\/2019\/09\/Presslinge-140.jpg\",\"contentUrl\":\"https:\/\/shop.diolosa.com\/wp-content\/uploads\/2019\/09\/Presslinge-140.jpg\",\"width\":800,\"height\":533},{\"@type\":\"BreadcrumbList\",\"@id\":\"https:\/\/shop.diolosa.com\/pl\/product\/pas-zimnej-wilgoci\/#breadcrumb\",\"itemListElement\":[{\"@type\":\"ListItem\",\"position\":1,\"name\":\"Startseite\",\"item\":\"https:\/\/shop.diolosa.com\/pl\/?page_id=3835710\"},{\"@type\":\"ListItem\",\"position\":2,\"name\":\"Sklep\",\"item\":\"https:\/\/shop.diolosa.com\/pl\/?page_id=3835710\"},{\"@type\":\"ListItem\",\"position\":3,\"name\":\"Pas zimnej wilgoci\"}]},{\"@type\":\"WebSite\",\"@id\":\"https:\/\/shop.diolosa.com\/pl\/#website\",\"url\":\"https:\/\/shop.diolosa.com\/pl\/\",\"name\":\"Claude Diolosa\",\"description\":\"\",\"publisher\":{\"@id\":\"https:\/\/shop.diolosa.com\/pl\/#organization\"},\"potentialAction\":[{\"@type\":\"SearchAction\",\"target\":{\"@type\":\"EntryPoint\",\"urlTemplate\":\"https:\/\/shop.diolosa.com\/pl\/?s={search_term_string}\"},\"query-input\":{\"@type\":\"PropertyValueSpecification\",\"valueRequired\":true,\"valueName\":\"search_term_string\"}}],\"inLanguage\":\"pl-PL\"},{\"@type\":\"Organization\",\"@id\":\"https:\/\/shop.diolosa.com\/pl\/#organization\",\"name\":\"Claude Diolosa\",\"url\":\"https:\/\/shop.diolosa.com\/pl\/\",\"logo\":{\"@type\":\"ImageObject\",\"inLanguage\":\"pl-PL\",\"@id\":\"https:\/\/shop.diolosa.com\/pl\/#\/schema\/logo\/image\/\",\"url\":\"https:\/\/shop.diolosa.com\/wp-content\/uploads\/2019\/08\/diolosa-drop-logo-new.png\",\"contentUrl\":\"https:\/\/shop.diolosa.com\/wp-content\/uploads\/2019\/08\/diolosa-drop-logo-new.png\",\"width\":134,\"height\":176,\"caption\":\"Claude Diolosa\"},\"image\":{\"@id\":\"https:\/\/shop.diolosa.com\/pl\/#\/schema\/logo\/image\/\"},\"sameAs\":[\"https:\/\/facebook.com\/claudediolosa\",\"https:\/\/www.instagram.com\/diolosaclaude108\/\"]}]}<\/script>\n<!-- \/ Yoast SEO plugin. -->","yoast_head_json":{"title":"Pas zimnej wilgoci - Claude Diolosa","robots":{"index":"index","follow":"follow","max-snippet":"max-snippet:-1","max-image-preview":"max-image-preview:large","max-video-preview":"max-video-preview:-1"},"canonical":"https:\/\/shop.diolosa.com\/pl\/product\/pas-zimnej-wilgoci\/","og_locale":"pl_PL","og_type":"article","og_title":"Pas zimnej wilgoci - Claude Diolosa","og_description":"COLD DAMP BELT jest stosowany w leczeniu bia\u0142ej i p\u0142ynnej [...]","og_url":"https:\/\/shop.diolosa.com\/pl\/product\/pas-zimnej-wilgoci\/","og_site_name":"Claude Diolosa","article_publisher":"https:\/\/facebook.com\/claudediolosa","article_modified_time":"2025-05-06T14:17:52+00:00","og_image":[{"width":800,"height":533,"url":"https:\/\/shop.diolosa.com\/wp-content\/uploads\/2019\/09\/Presslinge-140.jpg","type":"image\/jpeg"}],"twitter_card":"summary_large_image","schema":{"@context":"https:\/\/schema.org","@graph":[{"@type":"WebPage","@id":"https:\/\/shop.diolosa.com\/pl\/product\/pas-zimnej-wilgoci\/","url":"https:\/\/shop.diolosa.com\/pl\/product\/pas-zimnej-wilgoci\/","name":"Pas zimnej wilgoci - Claude Diolosa","isPartOf":{"@id":"https:\/\/shop.diolosa.com\/pl\/#website"},"primaryImageOfPage":{"@id":"https:\/\/shop.diolosa.com\/pl\/product\/pas-zimnej-wilgoci\/#primaryimage"},"image":{"@id":"https:\/\/shop.diolosa.com\/pl\/product\/pas-zimnej-wilgoci\/#primaryimage"},"thumbnailUrl":"https:\/\/shop.diolosa.com\/wp-content\/uploads\/2019\/09\/Presslinge-140.jpg","datePublished":"2025-03-08T14:07:49+00:00","dateModified":"2025-05-06T14:17:52+00:00","breadcrumb":{"@id":"https:\/\/shop.diolosa.com\/pl\/product\/pas-zimnej-wilgoci\/#breadcrumb"},"inLanguage":"pl-PL","potentialAction":[{"@type":"ReadAction","target":["https:\/\/shop.diolosa.com\/pl\/product\/pas-zimnej-wilgoci\/"]}]},{"@type":"ImageObject","inLanguage":"pl-PL","@id":"https:\/\/shop.diolosa.com\/pl\/product\/pas-zimnej-wilgoci\/#primaryimage","url":"https:\/\/shop.diolosa.com\/wp-content\/uploads\/2019\/09\/Presslinge-140.jpg","contentUrl":"https:\/\/shop.diolosa.com\/wp-content\/uploads\/2019\/09\/Presslinge-140.jpg","width":800,"height":533},{"@type":"BreadcrumbList","@id":"https:\/\/shop.diolosa.com\/pl\/product\/pas-zimnej-wilgoci\/#breadcrumb","itemListElement":[{"@type":"ListItem","position":1,"name":"Startseite","item":"https:\/\/shop.diolosa.com\/pl\/?page_id=3835710"},{"@type":"ListItem","position":2,"name":"Sklep","item":"https:\/\/shop.diolosa.com\/pl\/?page_id=3835710"},{"@type":"ListItem","position":3,"name":"Pas zimnej wilgoci"}]},{"@type":"WebSite","@id":"https:\/\/shop.diolosa.com\/pl\/#website","url":"https:\/\/shop.diolosa.com\/pl\/","name":"Claude Diolosa","description":"","publisher":{"@id":"https:\/\/shop.diolosa.com\/pl\/#organization"},"potentialAction":[{"@type":"SearchAction","target":{"@type":"EntryPoint","urlTemplate":"https:\/\/shop.diolosa.com\/pl\/?s={search_term_string}"},"query-input":{"@type":"PropertyValueSpecification","valueRequired":true,"valueName":"search_term_string"}}],"inLanguage":"pl-PL"},{"@type":"Organization","@id":"https:\/\/shop.diolosa.com\/pl\/#organization","name":"Claude Diolosa","url":"https:\/\/shop.diolosa.com\/pl\/","logo":{"@type":"ImageObject","inLanguage":"pl-PL","@id":"https:\/\/shop.diolosa.com\/pl\/#\/schema\/logo\/image\/","url":"https:\/\/shop.diolosa.com\/wp-content\/uploads\/2019\/08\/diolosa-drop-logo-new.png","contentUrl":"https:\/\/shop.diolosa.com\/wp-content\/uploads\/2019\/08\/diolosa-drop-logo-new.png","width":134,"height":176,"caption":"Claude Diolosa"},"image":{"@id":"https:\/\/shop.diolosa.com\/pl\/#\/schema\/logo\/image\/"},"sameAs":["https:\/\/facebook.com\/claudediolosa","https:\/\/www.instagram.com\/diolosaclaude108\/"]}]}},"_links":{"self":[{"href":"https:\/\/shop.diolosa.com\/pl\/wp-json\/wp\/v2\/product\/3835969","targetHints":{"allow":["GET"]}}],"collection":[{"href":"https:\/\/shop.diolosa.com\/pl\/wp-json\/wp\/v2\/product"}],"about":[{"href":"https:\/\/shop.diolosa.com\/pl\/wp-json\/wp\/v2\/types\/product"}],"wp:featuredmedia":[{"embeddable":true,"href":"https:\/\/shop.diolosa.com\/pl\/wp-json\/wp\/v2\/media\/3835943"}],"wp:attachment":[{"href":"https:\/\/shop.diolosa.com\/pl\/wp-json\/wp\/v2\/media?parent=3835969"}],"wp:term":[{"taxonomy":"product_brand","embeddable":true,"href":"https:\/\/shop.diolosa.com\/pl\/wp-json\/wp\/v2\/product_brand?post=3835969"},{"taxonomy":"product_cat","embeddable":true,"href":"https:\/\/shop.diolosa.com\/pl\/wp-json\/wp\/v2\/product_cat?post=3835969"},{"taxonomy":"product_tag","embeddable":true,"href":"https:\/\/shop.diolosa.com\/pl\/wp-json\/wp\/v2\/product_tag?post=3835969"}],"curies":[{"name":"wp","href":"https:\/\/api.w.org\/{rel}","templated":true}]}}