{"id":3835970,"date":"2019-09-04T12:10:21","date_gmt":"2025-03-08T14:07:49","guid":{"rendered":"https:\/\/shop.diolosa.com\/product\/bawol-wodny\/"},"modified":"2025-05-06T15:18:01","modified_gmt":"2025-05-06T14:18:01","slug":"bawol-wodny","status":"publish","type":"product","link":"https:\/\/shop.diolosa.com\/pl\/product\/bawol-wodny\/","title":{"rendered":"Baw\u00f3\u0142 wodny"},"content":{"rendered":"<p>WATER BUFFALO mo\u017cna uzna\u0107 za podstawowy preparat do leczenia wodobrzusza. Ten preparat zio\u0142owy nie leczy przyczyny choroby, ale leczy objawy i dlatego powinien by\u0107 uzupe\u0142niony innymi preparatami i terapiami.<br \/>\nWATER BUFFALO odprowadza nagromadzone p\u0142yny poprzez diurez\u0119, stymuluje kr\u0105\u017cenie Yang Qi w okolicy brzucha, dzia\u0142a antytoksycznie, drenuj\u0105co i moczop\u0119dnie. Ta formu\u0142a mo\u017ce by\u0107 przyjmowana tylko przez ograniczony czas, w przeciwnym razie mo\u017ce doj\u015b\u0107 do uszkodzenia p\u0142yn\u00f3w ustrojowych i Qi.<\/p>\n","protected":false},"excerpt":{"rendered":"<p>WATER BUFFALO mo\u017cna uzna\u0107 za podstawowy preparat do leczenia wodobrzusza.  [&#8230;]<\/p>\n","protected":false},"featured_media":3835943,"template":"","meta":{"_acf_changed":false},"product_brand":[],"product_cat":[11803],"product_tag":[11804],"class_list":{"0":"post-3835970","1":"product","2":"type-product","3":"status-publish","4":"has-post-thumbnail","6":"product_cat-medycyna-ratunkowa","7":"product_tag-wodobrzusze","9":"first","10":"instock","11":"taxable","12":"shipping-taxable","13":"purchasable","14":"product-type-simple"},"acf":{"yn_product_audio":"https:\/\/shop.diolosa.com\/wp-content\/uploads\/2018\/12\/DL_0655.mp3","yn_product_akupunktur":"<p>Zast\u00f3j p\u0142ynu spustowego<br \/>\nw\u0105troba 3 &#8211; tai chong (shu, yuan) &#8211; xie fa<br \/>\nw\u0105troba 4 &#8211; zhong feng (jing) &#8211; xie fa<br \/>\nw\u0105troba 6 &#8211; zhong du (xi) &#8211; xie fa > b\u00f3l<br \/>\nw\u0105troba 14 &#8211; qi men (mo, yin wei mai) &#8211; xie fa<br \/>\nbubble 39 &#8211; wei yang (xia he xue &#8211; san chiao) &#8211; xie fa<br \/>\nbubble 40 &#8211; wei zhong (he, xia he xue &#8211; ba\u0144ka, xi krwi, jing bie ni\/bl) &#8211; xie fa<br \/>\n\u015bledziona 6 &#8211; san yin jiao (le,ni,mb) &#8211; xie fa<br \/>\n\u015bledziona 9 &#8211; yin ling quan (he) &#8211; xie fa<br \/>\nren mai 9 &#8211; shui fen (jelito cienkie) &#8211; xie fa<br \/>\nbubble 28 &#8211; pang guang shu (bubble) &#8211; xie fa<br \/>\n\u017co\u0142\u0105dek 25 &#8211; tian shu (mo > jelito grube, ME) &#8211; xie fa<br \/>\nworeczek \u017c\u00f3\u0142ciowy 41 &#8211; to lin qi (dai mai, shu) &#8211; xie fa  <\/p>\n<p>Tai Yin tonizuj\u0105ce<br \/>\np\u0119cherz 20 &#8211; pi shu &#8211; bu fa<br \/>\n\u015bledziona 3 &#8211; tai bai (yuan) &#8211; bu fa<br \/>\np\u0119cherz 13 &#8211; fei shu &#8211; bu fa<\/p>\n<p>Shao Yin tonizuje<br \/>\nnerka 7 &#8211; fu liu (jing) &#8211; bu fa<br \/>\nnerka 3 &#8211; tai xi (shu,yuan) &#8211; bu fa lub moxa<br \/>\np\u0119cherz 23 &#8211; shen shu &#8211; bu fa<br \/>\np\u0119cherz 15 &#8211; xin shu &#8211; bu fa  <\/p>\n<p>Rozwi\u0105zanie zastoju krwi i qi<br \/>\nw\u0105troba 13 &#8211; zhang men (mo \u015bledziona, ba hui xue, w\u0105troba i woreczek \u017c\u00f3\u0142ciowy) &#8211; xie fa<br \/>\nren mai 5 &#8211; shi men (mo > san chiao) &#8211; xie fa<br \/>\n\u015bledziona 6 &#8211; san yin jiao (le, ni, mb) &#8211; xie fa<br \/>\n\u015bledziona 10 &#8211; xue hai (jezioro krwi) &#8211; xie fa<br \/>\nw\u0105troba 6 &#8211; zhong du (xi) &#8211; xie fa<\/p>\n","yn_product_verabreichungsart":"Pelety 140szt.","yn_product_dosierung":"<p>3 x 6 do 10 tabletek dziennie, zawsze przed posi\u0142kami<\/p>\n","yn_product_combinations":"<p>W zale\u017cno\u015bci od przyczyn, mo\u017ce by\u0107 \u0142\u0105czony z wieloma preparatami<\/p>\n","yn_product_avoidable":"<p>Mro\u017conki, kuchenka mikrofalowa, wieprzowina, ocet, kie\u0142basa, szynka, alkohol, kawa, w\u0119dzenie, ostre przyprawy, czosnek, por, cebula, s\u0142odziki, s\u0142odkie napoje, takie jak Coca Cola.<\/p>\n","yn_product_tcm_mindmapping":"<p>Nowotwory, przerzuty lub marsko\u015b\u0107 w\u0105troby > Zast\u00f3j Jin Ye w w\u0105trobie > Wodobrzusze<\/p>\n","yn_product_tongue_body":"<p>Szeroka, gruba, zat\u0142oczona, kr\u00f3tka, s\u0142aba, czerwona do ciemnoczerwonej<\/p>\n","yn_product_tongue_coating":"<p>\u017b\u00f3\u0142tawy, wilgotny, rzadki<\/p>\n","yn_product_pulse_diagnostics":"<p>xian mai &#8211; napi\u0119ty, shi mai &#8211; pe\u0142ny, se mai &#8211; szorstki, ge mai &#8211; w kszta\u0142cie b\u0119bna (Zhong Liu)<\/p>\n","yn_product_indications":"<p>Wodobrzusze, guzy w\u0105troby, przerzuty, marsko\u015b\u0107 w\u0105troby<\/p>\n","yn_product_contra_indications":"<p>Niedob\u00f3r Qi i Yang nerek > Przezi\u0119bienie w\u0105troby > Zast\u00f3j Qi i krwi w w\u0105trobie > Nagromadzenie p\u0142yn\u00f3w w jamie brzusznej<\/p>\n","yn_product_pregnancy":"<p>Przeciwwskazane<\/p>\n","yn_product_herbs":"<p>coicis semen &#8211; yi yi ren, plantaginis asiaticae semen &#8211; che qian zi, plantaginis herba &#8211; che qian cao, polypori sclerotium &#8211; zhu ling, poria cocos &#8211; fu ling, alismati rhizoma &#8211; ze xie, phaseoli semen &#8211; chi xiao dou, achyranthis radix &#8211; huai niu xi, tetrapanacais medulla &#8211; tong cao<\/p>\n","yn_product_magisterrecipes":"<p>Dao Shui Fu Ling Tang, Hua Yu Tang, Xue Fu Zhu Yu Tang<\/p>\n","yn_product_video":"https:\/\/shop.diolosa.com\/wp-content\/uploads\/2025\/06\/Wasser-Buffalo-.mp4"},"yoast_head":"<!-- This site is optimized with the Yoast SEO plugin v24.9 - https:\/\/yoast.com\/wordpress\/plugins\/seo\/ -->\n<title>Baw\u00f3\u0142 wodny - Claude Diolosa<\/title>\n<meta name=\"robots\" content=\"index, follow, max-snippet:-1, max-image-preview:large, max-video-preview:-1\" \/>\n<link rel=\"canonical\" href=\"https:\/\/shop.diolosa.com\/pl\/product\/bawol-wodny\/\" \/>\n<meta property=\"og:locale\" content=\"pl_PL\" \/>\n<meta property=\"og:type\" content=\"article\" \/>\n<meta property=\"og:title\" content=\"Baw\u00f3\u0142 wodny - Claude Diolosa\" \/>\n<meta property=\"og:description\" content=\"WATER BUFFALO mo\u017cna uzna\u0107 za podstawowy preparat do leczenia wodobrzusza. [...]\" \/>\n<meta property=\"og:url\" content=\"https:\/\/shop.diolosa.com\/pl\/product\/bawol-wodny\/\" \/>\n<meta property=\"og:site_name\" content=\"Claude Diolosa\" \/>\n<meta property=\"article:publisher\" content=\"https:\/\/facebook.com\/claudediolosa\" \/>\n<meta property=\"article:modified_time\" content=\"2025-05-06T14:18:01+00:00\" \/>\n<meta property=\"og:image\" content=\"https:\/\/shop.diolosa.com\/wp-content\/uploads\/2019\/09\/Presslinge-140.jpg\" \/>\n\t<meta property=\"og:image:width\" content=\"800\" \/>\n\t<meta property=\"og:image:height\" content=\"533\" \/>\n\t<meta property=\"og:image:type\" content=\"image\/jpeg\" \/>\n<meta name=\"twitter:card\" content=\"summary_large_image\" \/>\n<script type=\"application\/ld+json\" class=\"yoast-schema-graph\">{\"@context\":\"https:\/\/schema.org\",\"@graph\":[{\"@type\":\"WebPage\",\"@id\":\"https:\/\/shop.diolosa.com\/pl\/product\/bawol-wodny\/\",\"url\":\"https:\/\/shop.diolosa.com\/pl\/product\/bawol-wodny\/\",\"name\":\"Baw\u00f3\u0142 wodny - Claude Diolosa\",\"isPartOf\":{\"@id\":\"https:\/\/shop.diolosa.com\/pl\/#website\"},\"primaryImageOfPage\":{\"@id\":\"https:\/\/shop.diolosa.com\/pl\/product\/bawol-wodny\/#primaryimage\"},\"image\":{\"@id\":\"https:\/\/shop.diolosa.com\/pl\/product\/bawol-wodny\/#primaryimage\"},\"thumbnailUrl\":\"https:\/\/shop.diolosa.com\/wp-content\/uploads\/2019\/09\/Presslinge-140.jpg\",\"datePublished\":\"2025-03-08T14:07:49+00:00\",\"dateModified\":\"2025-05-06T14:18:01+00:00\",\"breadcrumb\":{\"@id\":\"https:\/\/shop.diolosa.com\/pl\/product\/bawol-wodny\/#breadcrumb\"},\"inLanguage\":\"pl-PL\",\"potentialAction\":[{\"@type\":\"ReadAction\",\"target\":[\"https:\/\/shop.diolosa.com\/pl\/product\/bawol-wodny\/\"]}]},{\"@type\":\"ImageObject\",\"inLanguage\":\"pl-PL\",\"@id\":\"https:\/\/shop.diolosa.com\/pl\/product\/bawol-wodny\/#primaryimage\",\"url\":\"https:\/\/shop.diolosa.com\/wp-content\/uploads\/2019\/09\/Presslinge-140.jpg\",\"contentUrl\":\"https:\/\/shop.diolosa.com\/wp-content\/uploads\/2019\/09\/Presslinge-140.jpg\",\"width\":800,\"height\":533},{\"@type\":\"BreadcrumbList\",\"@id\":\"https:\/\/shop.diolosa.com\/pl\/product\/bawol-wodny\/#breadcrumb\",\"itemListElement\":[{\"@type\":\"ListItem\",\"position\":1,\"name\":\"Startseite\",\"item\":\"https:\/\/shop.diolosa.com\/pl\/?page_id=3835710\"},{\"@type\":\"ListItem\",\"position\":2,\"name\":\"Sklep\",\"item\":\"https:\/\/shop.diolosa.com\/pl\/?page_id=3835710\"},{\"@type\":\"ListItem\",\"position\":3,\"name\":\"Baw\u00f3\u0142 wodny\"}]},{\"@type\":\"WebSite\",\"@id\":\"https:\/\/shop.diolosa.com\/pl\/#website\",\"url\":\"https:\/\/shop.diolosa.com\/pl\/\",\"name\":\"Claude Diolosa\",\"description\":\"\",\"publisher\":{\"@id\":\"https:\/\/shop.diolosa.com\/pl\/#organization\"},\"potentialAction\":[{\"@type\":\"SearchAction\",\"target\":{\"@type\":\"EntryPoint\",\"urlTemplate\":\"https:\/\/shop.diolosa.com\/pl\/?s={search_term_string}\"},\"query-input\":{\"@type\":\"PropertyValueSpecification\",\"valueRequired\":true,\"valueName\":\"search_term_string\"}}],\"inLanguage\":\"pl-PL\"},{\"@type\":\"Organization\",\"@id\":\"https:\/\/shop.diolosa.com\/pl\/#organization\",\"name\":\"Claude Diolosa\",\"url\":\"https:\/\/shop.diolosa.com\/pl\/\",\"logo\":{\"@type\":\"ImageObject\",\"inLanguage\":\"pl-PL\",\"@id\":\"https:\/\/shop.diolosa.com\/pl\/#\/schema\/logo\/image\/\",\"url\":\"https:\/\/shop.diolosa.com\/wp-content\/uploads\/2019\/08\/diolosa-drop-logo-new.png\",\"contentUrl\":\"https:\/\/shop.diolosa.com\/wp-content\/uploads\/2019\/08\/diolosa-drop-logo-new.png\",\"width\":134,\"height\":176,\"caption\":\"Claude Diolosa\"},\"image\":{\"@id\":\"https:\/\/shop.diolosa.com\/pl\/#\/schema\/logo\/image\/\"},\"sameAs\":[\"https:\/\/facebook.com\/claudediolosa\",\"https:\/\/www.instagram.com\/diolosaclaude108\/\"]}]}<\/script>\n<!-- \/ Yoast SEO plugin. -->","yoast_head_json":{"title":"Baw\u00f3\u0142 wodny - Claude Diolosa","robots":{"index":"index","follow":"follow","max-snippet":"max-snippet:-1","max-image-preview":"max-image-preview:large","max-video-preview":"max-video-preview:-1"},"canonical":"https:\/\/shop.diolosa.com\/pl\/product\/bawol-wodny\/","og_locale":"pl_PL","og_type":"article","og_title":"Baw\u00f3\u0142 wodny - Claude Diolosa","og_description":"WATER BUFFALO mo\u017cna uzna\u0107 za podstawowy preparat do leczenia wodobrzusza. [...]","og_url":"https:\/\/shop.diolosa.com\/pl\/product\/bawol-wodny\/","og_site_name":"Claude Diolosa","article_publisher":"https:\/\/facebook.com\/claudediolosa","article_modified_time":"2025-05-06T14:18:01+00:00","og_image":[{"width":800,"height":533,"url":"https:\/\/shop.diolosa.com\/wp-content\/uploads\/2019\/09\/Presslinge-140.jpg","type":"image\/jpeg"}],"twitter_card":"summary_large_image","schema":{"@context":"https:\/\/schema.org","@graph":[{"@type":"WebPage","@id":"https:\/\/shop.diolosa.com\/pl\/product\/bawol-wodny\/","url":"https:\/\/shop.diolosa.com\/pl\/product\/bawol-wodny\/","name":"Baw\u00f3\u0142 wodny - Claude Diolosa","isPartOf":{"@id":"https:\/\/shop.diolosa.com\/pl\/#website"},"primaryImageOfPage":{"@id":"https:\/\/shop.diolosa.com\/pl\/product\/bawol-wodny\/#primaryimage"},"image":{"@id":"https:\/\/shop.diolosa.com\/pl\/product\/bawol-wodny\/#primaryimage"},"thumbnailUrl":"https:\/\/shop.diolosa.com\/wp-content\/uploads\/2019\/09\/Presslinge-140.jpg","datePublished":"2025-03-08T14:07:49+00:00","dateModified":"2025-05-06T14:18:01+00:00","breadcrumb":{"@id":"https:\/\/shop.diolosa.com\/pl\/product\/bawol-wodny\/#breadcrumb"},"inLanguage":"pl-PL","potentialAction":[{"@type":"ReadAction","target":["https:\/\/shop.diolosa.com\/pl\/product\/bawol-wodny\/"]}]},{"@type":"ImageObject","inLanguage":"pl-PL","@id":"https:\/\/shop.diolosa.com\/pl\/product\/bawol-wodny\/#primaryimage","url":"https:\/\/shop.diolosa.com\/wp-content\/uploads\/2019\/09\/Presslinge-140.jpg","contentUrl":"https:\/\/shop.diolosa.com\/wp-content\/uploads\/2019\/09\/Presslinge-140.jpg","width":800,"height":533},{"@type":"BreadcrumbList","@id":"https:\/\/shop.diolosa.com\/pl\/product\/bawol-wodny\/#breadcrumb","itemListElement":[{"@type":"ListItem","position":1,"name":"Startseite","item":"https:\/\/shop.diolosa.com\/pl\/?page_id=3835710"},{"@type":"ListItem","position":2,"name":"Sklep","item":"https:\/\/shop.diolosa.com\/pl\/?page_id=3835710"},{"@type":"ListItem","position":3,"name":"Baw\u00f3\u0142 wodny"}]},{"@type":"WebSite","@id":"https:\/\/shop.diolosa.com\/pl\/#website","url":"https:\/\/shop.diolosa.com\/pl\/","name":"Claude Diolosa","description":"","publisher":{"@id":"https:\/\/shop.diolosa.com\/pl\/#organization"},"potentialAction":[{"@type":"SearchAction","target":{"@type":"EntryPoint","urlTemplate":"https:\/\/shop.diolosa.com\/pl\/?s={search_term_string}"},"query-input":{"@type":"PropertyValueSpecification","valueRequired":true,"valueName":"search_term_string"}}],"inLanguage":"pl-PL"},{"@type":"Organization","@id":"https:\/\/shop.diolosa.com\/pl\/#organization","name":"Claude Diolosa","url":"https:\/\/shop.diolosa.com\/pl\/","logo":{"@type":"ImageObject","inLanguage":"pl-PL","@id":"https:\/\/shop.diolosa.com\/pl\/#\/schema\/logo\/image\/","url":"https:\/\/shop.diolosa.com\/wp-content\/uploads\/2019\/08\/diolosa-drop-logo-new.png","contentUrl":"https:\/\/shop.diolosa.com\/wp-content\/uploads\/2019\/08\/diolosa-drop-logo-new.png","width":134,"height":176,"caption":"Claude Diolosa"},"image":{"@id":"https:\/\/shop.diolosa.com\/pl\/#\/schema\/logo\/image\/"},"sameAs":["https:\/\/facebook.com\/claudediolosa","https:\/\/www.instagram.com\/diolosaclaude108\/"]}]}},"_links":{"self":[{"href":"https:\/\/shop.diolosa.com\/pl\/wp-json\/wp\/v2\/product\/3835970","targetHints":{"allow":["GET"]}}],"collection":[{"href":"https:\/\/shop.diolosa.com\/pl\/wp-json\/wp\/v2\/product"}],"about":[{"href":"https:\/\/shop.diolosa.com\/pl\/wp-json\/wp\/v2\/types\/product"}],"wp:featuredmedia":[{"embeddable":true,"href":"https:\/\/shop.diolosa.com\/pl\/wp-json\/wp\/v2\/media\/3835943"}],"wp:attachment":[{"href":"https:\/\/shop.diolosa.com\/pl\/wp-json\/wp\/v2\/media?parent=3835970"}],"wp:term":[{"taxonomy":"product_brand","embeddable":true,"href":"https:\/\/shop.diolosa.com\/pl\/wp-json\/wp\/v2\/product_brand?post=3835970"},{"taxonomy":"product_cat","embeddable":true,"href":"https:\/\/shop.diolosa.com\/pl\/wp-json\/wp\/v2\/product_cat?post=3835970"},{"taxonomy":"product_tag","embeddable":true,"href":"https:\/\/shop.diolosa.com\/pl\/wp-json\/wp\/v2\/product_tag?post=3835970"}],"curies":[{"name":"wp","href":"https:\/\/api.w.org\/{rel}","templated":true}]}}