{"id":3835973,"date":"2019-09-04T12:10:21","date_gmt":"2025-03-08T14:07:50","guid":{"rendered":"https:\/\/shop.diolosa.com\/product\/pas-goracej-wilgoci\/"},"modified":"2025-05-06T15:17:53","modified_gmt":"2025-05-06T14:17:53","slug":"pas-goracej-wilgoci","status":"publish","type":"product","link":"https:\/\/shop.diolosa.com\/pl\/product\/pas-goracej-wilgoci\/","title":{"rendered":"Pas gor\u0105cej wilgoci"},"content":{"rendered":"<p>HOT DAMP BELT jest stosowany w leczeniu \u017c\u00f3\u0142tawej wydzieliny (Huang Dai). Preparat ten wzmacnia Qi \u015bledziony i usuwa Jue Yin (w\u0105troba-krew), ciep\u0142o i toksyny z p\u0119cherzyka \u017c\u00f3\u0142ciowego i Dai Mai (naczynie pasowe) poprzez diurez\u0119. Preparat ten zapobiega zatorom krwi i usuwa nagromadzone ciep\u0142o krwi w dolnej komorze serca. HOT DAMP BELT ma dzia\u0142anie drenuj\u0105ce bez uszkadzania esencji (JING) i krwi (XUE).<\/p>\n","protected":false},"excerpt":{"rendered":"<p>HOT DAMP BELT jest stosowany w leczeniu \u017c\u00f3\u0142tawej wydzieliny (Huang  [&#8230;]<\/p>\n","protected":false},"featured_media":3835943,"template":"","meta":{"_acf_changed":false},"product_brand":[],"product_cat":[11799],"product_tag":[11809],"class_list":{"0":"post-3835973","1":"product","2":"type-product","3":"status-publish","4":"has-post-thumbnail","6":"product_cat-ginekologia","7":"product_tag-wyladowanie-wilgotne-cieplo","9":"first","10":"instock","11":"taxable","12":"shipping-taxable","13":"purchasable","14":"product-type-simple"},"acf":{"yn_product_audio":"https:\/\/shop.diolosa.com\/wp-content\/uploads\/2018\/12\/DL_0366.mp3","yn_product_video":"https:\/\/shop.diolosa.com\/wp-content\/uploads\/2024\/10\/Hot-Damp-Belt-.mp4","yn_product_akupunktur":"<p>W\u0105troba Wy\u0142adowanie Wilgotne Ciep\u0142o<br \/>\nw\u0105troba 2 &#8211; xing jian (ying) &#8211; xie fa<br \/>\nw\u0105troba 3 &#8211; tai chong (shu, yuan) &#8211; xie fa<br \/>\nw\u0105troba 4 &#8211; zhong feng (jing) &#8211; xie fa<br \/>\n\u015bledziona 6 &#8211; san yin jiao (le,ni,mb) &#8211; xie fa<br \/>\n\u015bledziona 9 &#8211; yin ling quan (he) &#8211; xie fa<\/p>\n<p>Woreczek \u017c\u00f3\u0142ciowy Wy\u0142adowanie wilgoci i ciep\u0142a<br \/>\nworeczek \u017c\u00f3\u0142ciowy 41 &#8211; zu lin qi (dai mai, shu) &#8211; xie fa<br \/>\nsan chiao 3 &#8211; zhong zhu (shu) &#8211; xie fa<br \/>\nsan chiao 2 &#8211; ye men (ying) &#8211; xie fa<br \/>\nworeczek \u017c\u00f3\u0142ciowy 34 &#8211; yang ling quan (he, xia he xue, gui) &#8211; xie fa<br \/>\nworeczek \u017c\u00f3\u0142ciowy 26 &#8211; dai mai (woreczek \u017c\u00f3\u0142ciowy) &#8211; xie fa<br \/>\nworeczek 31 do 34 &#8211; ba liao &#8211; xie fa<br \/>\nren mai 3 &#8211; zhong ji (mo >) p\u0119cherz moczowy, w\u0105troba, nerki, \u015bledziona) &#8211; xie fa  <\/p>\n<p>Tonizuje Qi \u015bledziony<br \/>\n\u015bledziona 3 &#8211; tai bai (yuan) &#8211; bu fa<br \/>\np\u0119cherz 20 &#8211; pi shu &#8211; bu fa<\/p>\n<p>Rozpuszczanie zastoj\u00f3w krwi i b\u00f3lu<br \/>\n\u015bledziona 8 &#8211; di ji (xi) &#8211; xie fa<br \/>\nw\u0105troba 6 &#8211; zhong du (xi) &#8211; xie fa<br \/>\nnerki 5 &#8211; shui quan (xi &#8211; yin qiao mai) &#8211; xie fa<\/p>\n<p>Shen calm<br \/>\nserce 7 &#8211; shen men (shu, yuan) &#8211; xie fa<br \/>\nkr\u0105\u017cenie 6 &#8211; nei guan (luo, yin wei mai) &#8211; xie fa<br \/>\n\u017co\u0142\u0105dek 6 &#8211; jia che &#8211; gui chuan (gui) &#8211; xie fa<br \/>\nsi shen cong &#8211; M-HN-1 (m\u00f3zg, cns) &#8211; xie fa<br \/>\n\u017co\u0142\u0105dek 40 &#8211; feng long (luo) &#8211; xie fa<\/p>\n","yn_product_verabreichungsart":"Pelety 140szt.","yn_product_dosierung":"<p>3 x 6 do 10 tabletek dziennie, zawsze przed posi\u0142kami<\/p>\n","yn_product_combinations":"<p>EASY FLOW HOT (bolesne miesi\u0105czkowanie), HOT STREAM (ostre zapalenie p\u0119cherza moczowego), CLEANSING DAYS TABLETKI i CLEANSING DAYS TEA (kuracja wiosenna), PEACEFUL VALLEY SUPP. (grzybica), PHOENIX MOUTH TABLETS and SUPP. (zesp\u00f3\u0142 PAP)  <\/p>\n","yn_product_avoidable":"<p>Alkohol, koktajle, czekolada, cukier, sery, sery g\u00f3rskie, sery kozie, mleko, \u015bmietana, czosnek, cebula, por, pieprz, ocet, ostre i pikantne przyprawy.<\/p>\n","yn_product_tcm_mindmapping":"<p>P\u0119cherzyk \u017c\u00f3\u0142ciowy i Dai Mai Nagromadzenie wilgotnego ciep\u0142a w dolnym ogrzewaczu > Toksyny wilgotnego ciep\u0142a > Zast\u00f3j Qi i krwi w dolnym ogrzewaczu > B\u00f3l i krwawienie<\/p>\n","yn_product_tongue_body":"<p>Szerokie, czerwone i wilgotne, opuchni\u0119te brzegi lub jednostronny obrz\u0119k<\/p>\n","yn_product_tongue_coating":"<p>Korze\u0144 j\u0119zyka: \u017c\u00f3\u0142tawe, t\u0142uste, wystaj\u0105ce i zaczerwienione brodawki<\/p>\n","yn_product_pulse_diagnostics":"<p>Pozycja dolnego rozgrzewacza i Dai Mai: hua mai &#8211; szybuj\u0105ca, shi mai &#8211; pe\u0142na, shuo mai &#8211; szybka, xian mai &#8211; napi\u0119ta, se mai &#8211; szorstka.<\/p>\n","yn_product_indications":"<p>Pierwotna wilgo\u0107 Ciep\u0142o i toksyny w dolnej cieplejszej, \u017c\u00f3\u0142tawe i cuchn\u0105ce up\u0142awy, bolesne miesi\u0105czkowanie, opryszczka narz\u0105d\u00f3w p\u0142ciowych, grzybica<\/p>\n","yn_product_contra_indications":"<p>Niedob\u00f3r Yang i Qi nerek > Wilgo\u0107 p\u0119cherzyka \u017c\u00f3\u0142ciowego, zimno flegmy > Wilgo\u0107 Dai Mai, zimno flegmy > zast\u00f3j Qi i krwi<\/p>\n","yn_product_pregnancy":"<p>Dozwolone<\/p>\n","yn_product_herbs":"<p>coicis semen &#8211; yi yi ren, sclerotium poriae cocos rubrae &#8211; chi fu ling, dioscorea hypoglaucae rhizoma &#8211; bi xie, plantaginis asiaticae semen &#8211; che qian zi, alismati rhizoma &#8211; ze xie<\/p>\n","yn_product_magisterrecipes":"<p>Si Miao San, Wen Dai Tang, Gu Jing Wan<\/p>\n"},"yoast_head":"<!-- This site is optimized with the Yoast SEO plugin v24.9 - https:\/\/yoast.com\/wordpress\/plugins\/seo\/ -->\n<title>Pas gor\u0105cej wilgoci - Claude Diolosa<\/title>\n<meta name=\"robots\" content=\"index, follow, max-snippet:-1, max-image-preview:large, max-video-preview:-1\" \/>\n<link rel=\"canonical\" href=\"https:\/\/shop.diolosa.com\/pl\/product\/pas-goracej-wilgoci\/\" \/>\n<meta property=\"og:locale\" content=\"pl_PL\" \/>\n<meta property=\"og:type\" content=\"article\" \/>\n<meta property=\"og:title\" content=\"Pas gor\u0105cej wilgoci - Claude Diolosa\" \/>\n<meta property=\"og:description\" content=\"HOT DAMP BELT jest stosowany w leczeniu \u017c\u00f3\u0142tawej wydzieliny (Huang [...]\" \/>\n<meta property=\"og:url\" content=\"https:\/\/shop.diolosa.com\/pl\/product\/pas-goracej-wilgoci\/\" \/>\n<meta property=\"og:site_name\" content=\"Claude Diolosa\" \/>\n<meta property=\"article:publisher\" content=\"https:\/\/facebook.com\/claudediolosa\" \/>\n<meta property=\"article:modified_time\" content=\"2025-05-06T14:17:53+00:00\" \/>\n<meta property=\"og:image\" content=\"https:\/\/shop.diolosa.com\/wp-content\/uploads\/2019\/09\/Presslinge-140.jpg\" \/>\n\t<meta property=\"og:image:width\" content=\"800\" \/>\n\t<meta property=\"og:image:height\" content=\"533\" \/>\n\t<meta property=\"og:image:type\" content=\"image\/jpeg\" \/>\n<meta name=\"twitter:card\" content=\"summary_large_image\" \/>\n<script type=\"application\/ld+json\" class=\"yoast-schema-graph\">{\"@context\":\"https:\/\/schema.org\",\"@graph\":[{\"@type\":\"WebPage\",\"@id\":\"https:\/\/shop.diolosa.com\/pl\/product\/pas-goracej-wilgoci\/\",\"url\":\"https:\/\/shop.diolosa.com\/pl\/product\/pas-goracej-wilgoci\/\",\"name\":\"Pas gor\u0105cej wilgoci - Claude Diolosa\",\"isPartOf\":{\"@id\":\"https:\/\/shop.diolosa.com\/pl\/#website\"},\"primaryImageOfPage\":{\"@id\":\"https:\/\/shop.diolosa.com\/pl\/product\/pas-goracej-wilgoci\/#primaryimage\"},\"image\":{\"@id\":\"https:\/\/shop.diolosa.com\/pl\/product\/pas-goracej-wilgoci\/#primaryimage\"},\"thumbnailUrl\":\"https:\/\/shop.diolosa.com\/wp-content\/uploads\/2019\/09\/Presslinge-140.jpg\",\"datePublished\":\"2025-03-08T14:07:50+00:00\",\"dateModified\":\"2025-05-06T14:17:53+00:00\",\"breadcrumb\":{\"@id\":\"https:\/\/shop.diolosa.com\/pl\/product\/pas-goracej-wilgoci\/#breadcrumb\"},\"inLanguage\":\"pl-PL\",\"potentialAction\":[{\"@type\":\"ReadAction\",\"target\":[\"https:\/\/shop.diolosa.com\/pl\/product\/pas-goracej-wilgoci\/\"]}]},{\"@type\":\"ImageObject\",\"inLanguage\":\"pl-PL\",\"@id\":\"https:\/\/shop.diolosa.com\/pl\/product\/pas-goracej-wilgoci\/#primaryimage\",\"url\":\"https:\/\/shop.diolosa.com\/wp-content\/uploads\/2019\/09\/Presslinge-140.jpg\",\"contentUrl\":\"https:\/\/shop.diolosa.com\/wp-content\/uploads\/2019\/09\/Presslinge-140.jpg\",\"width\":800,\"height\":533},{\"@type\":\"BreadcrumbList\",\"@id\":\"https:\/\/shop.diolosa.com\/pl\/product\/pas-goracej-wilgoci\/#breadcrumb\",\"itemListElement\":[{\"@type\":\"ListItem\",\"position\":1,\"name\":\"Startseite\",\"item\":\"https:\/\/shop.diolosa.com\/pl\/?page_id=3835710\"},{\"@type\":\"ListItem\",\"position\":2,\"name\":\"Sklep\",\"item\":\"https:\/\/shop.diolosa.com\/pl\/?page_id=3835710\"},{\"@type\":\"ListItem\",\"position\":3,\"name\":\"Pas gor\u0105cej wilgoci\"}]},{\"@type\":\"WebSite\",\"@id\":\"https:\/\/shop.diolosa.com\/pl\/#website\",\"url\":\"https:\/\/shop.diolosa.com\/pl\/\",\"name\":\"Claude Diolosa\",\"description\":\"\",\"publisher\":{\"@id\":\"https:\/\/shop.diolosa.com\/pl\/#organization\"},\"potentialAction\":[{\"@type\":\"SearchAction\",\"target\":{\"@type\":\"EntryPoint\",\"urlTemplate\":\"https:\/\/shop.diolosa.com\/pl\/?s={search_term_string}\"},\"query-input\":{\"@type\":\"PropertyValueSpecification\",\"valueRequired\":true,\"valueName\":\"search_term_string\"}}],\"inLanguage\":\"pl-PL\"},{\"@type\":\"Organization\",\"@id\":\"https:\/\/shop.diolosa.com\/pl\/#organization\",\"name\":\"Claude Diolosa\",\"url\":\"https:\/\/shop.diolosa.com\/pl\/\",\"logo\":{\"@type\":\"ImageObject\",\"inLanguage\":\"pl-PL\",\"@id\":\"https:\/\/shop.diolosa.com\/pl\/#\/schema\/logo\/image\/\",\"url\":\"https:\/\/shop.diolosa.com\/wp-content\/uploads\/2019\/08\/diolosa-drop-logo-new.png\",\"contentUrl\":\"https:\/\/shop.diolosa.com\/wp-content\/uploads\/2019\/08\/diolosa-drop-logo-new.png\",\"width\":134,\"height\":176,\"caption\":\"Claude Diolosa\"},\"image\":{\"@id\":\"https:\/\/shop.diolosa.com\/pl\/#\/schema\/logo\/image\/\"},\"sameAs\":[\"https:\/\/facebook.com\/claudediolosa\",\"https:\/\/www.instagram.com\/diolosaclaude108\/\"]}]}<\/script>\n<!-- \/ Yoast SEO plugin. -->","yoast_head_json":{"title":"Pas gor\u0105cej wilgoci - Claude Diolosa","robots":{"index":"index","follow":"follow","max-snippet":"max-snippet:-1","max-image-preview":"max-image-preview:large","max-video-preview":"max-video-preview:-1"},"canonical":"https:\/\/shop.diolosa.com\/pl\/product\/pas-goracej-wilgoci\/","og_locale":"pl_PL","og_type":"article","og_title":"Pas gor\u0105cej wilgoci - Claude Diolosa","og_description":"HOT DAMP BELT jest stosowany w leczeniu \u017c\u00f3\u0142tawej wydzieliny (Huang [...]","og_url":"https:\/\/shop.diolosa.com\/pl\/product\/pas-goracej-wilgoci\/","og_site_name":"Claude Diolosa","article_publisher":"https:\/\/facebook.com\/claudediolosa","article_modified_time":"2025-05-06T14:17:53+00:00","og_image":[{"width":800,"height":533,"url":"https:\/\/shop.diolosa.com\/wp-content\/uploads\/2019\/09\/Presslinge-140.jpg","type":"image\/jpeg"}],"twitter_card":"summary_large_image","schema":{"@context":"https:\/\/schema.org","@graph":[{"@type":"WebPage","@id":"https:\/\/shop.diolosa.com\/pl\/product\/pas-goracej-wilgoci\/","url":"https:\/\/shop.diolosa.com\/pl\/product\/pas-goracej-wilgoci\/","name":"Pas gor\u0105cej wilgoci - Claude Diolosa","isPartOf":{"@id":"https:\/\/shop.diolosa.com\/pl\/#website"},"primaryImageOfPage":{"@id":"https:\/\/shop.diolosa.com\/pl\/product\/pas-goracej-wilgoci\/#primaryimage"},"image":{"@id":"https:\/\/shop.diolosa.com\/pl\/product\/pas-goracej-wilgoci\/#primaryimage"},"thumbnailUrl":"https:\/\/shop.diolosa.com\/wp-content\/uploads\/2019\/09\/Presslinge-140.jpg","datePublished":"2025-03-08T14:07:50+00:00","dateModified":"2025-05-06T14:17:53+00:00","breadcrumb":{"@id":"https:\/\/shop.diolosa.com\/pl\/product\/pas-goracej-wilgoci\/#breadcrumb"},"inLanguage":"pl-PL","potentialAction":[{"@type":"ReadAction","target":["https:\/\/shop.diolosa.com\/pl\/product\/pas-goracej-wilgoci\/"]}]},{"@type":"ImageObject","inLanguage":"pl-PL","@id":"https:\/\/shop.diolosa.com\/pl\/product\/pas-goracej-wilgoci\/#primaryimage","url":"https:\/\/shop.diolosa.com\/wp-content\/uploads\/2019\/09\/Presslinge-140.jpg","contentUrl":"https:\/\/shop.diolosa.com\/wp-content\/uploads\/2019\/09\/Presslinge-140.jpg","width":800,"height":533},{"@type":"BreadcrumbList","@id":"https:\/\/shop.diolosa.com\/pl\/product\/pas-goracej-wilgoci\/#breadcrumb","itemListElement":[{"@type":"ListItem","position":1,"name":"Startseite","item":"https:\/\/shop.diolosa.com\/pl\/?page_id=3835710"},{"@type":"ListItem","position":2,"name":"Sklep","item":"https:\/\/shop.diolosa.com\/pl\/?page_id=3835710"},{"@type":"ListItem","position":3,"name":"Pas gor\u0105cej wilgoci"}]},{"@type":"WebSite","@id":"https:\/\/shop.diolosa.com\/pl\/#website","url":"https:\/\/shop.diolosa.com\/pl\/","name":"Claude Diolosa","description":"","publisher":{"@id":"https:\/\/shop.diolosa.com\/pl\/#organization"},"potentialAction":[{"@type":"SearchAction","target":{"@type":"EntryPoint","urlTemplate":"https:\/\/shop.diolosa.com\/pl\/?s={search_term_string}"},"query-input":{"@type":"PropertyValueSpecification","valueRequired":true,"valueName":"search_term_string"}}],"inLanguage":"pl-PL"},{"@type":"Organization","@id":"https:\/\/shop.diolosa.com\/pl\/#organization","name":"Claude Diolosa","url":"https:\/\/shop.diolosa.com\/pl\/","logo":{"@type":"ImageObject","inLanguage":"pl-PL","@id":"https:\/\/shop.diolosa.com\/pl\/#\/schema\/logo\/image\/","url":"https:\/\/shop.diolosa.com\/wp-content\/uploads\/2019\/08\/diolosa-drop-logo-new.png","contentUrl":"https:\/\/shop.diolosa.com\/wp-content\/uploads\/2019\/08\/diolosa-drop-logo-new.png","width":134,"height":176,"caption":"Claude Diolosa"},"image":{"@id":"https:\/\/shop.diolosa.com\/pl\/#\/schema\/logo\/image\/"},"sameAs":["https:\/\/facebook.com\/claudediolosa","https:\/\/www.instagram.com\/diolosaclaude108\/"]}]}},"_links":{"self":[{"href":"https:\/\/shop.diolosa.com\/pl\/wp-json\/wp\/v2\/product\/3835973","targetHints":{"allow":["GET"]}}],"collection":[{"href":"https:\/\/shop.diolosa.com\/pl\/wp-json\/wp\/v2\/product"}],"about":[{"href":"https:\/\/shop.diolosa.com\/pl\/wp-json\/wp\/v2\/types\/product"}],"wp:featuredmedia":[{"embeddable":true,"href":"https:\/\/shop.diolosa.com\/pl\/wp-json\/wp\/v2\/media\/3835943"}],"wp:attachment":[{"href":"https:\/\/shop.diolosa.com\/pl\/wp-json\/wp\/v2\/media?parent=3835973"}],"wp:term":[{"taxonomy":"product_brand","embeddable":true,"href":"https:\/\/shop.diolosa.com\/pl\/wp-json\/wp\/v2\/product_brand?post=3835973"},{"taxonomy":"product_cat","embeddable":true,"href":"https:\/\/shop.diolosa.com\/pl\/wp-json\/wp\/v2\/product_cat?post=3835973"},{"taxonomy":"product_tag","embeddable":true,"href":"https:\/\/shop.diolosa.com\/pl\/wp-json\/wp\/v2\/product_tag?post=3835973"}],"curies":[{"name":"wp","href":"https:\/\/api.w.org\/{rel}","templated":true}]}}