{"id":3835974,"date":"2019-09-04T12:10:21","date_gmt":"2025-03-08T14:07:50","guid":{"rendered":"https:\/\/shop.diolosa.com\/product\/rozjemca\/"},"modified":"2025-06-02T20:16:51","modified_gmt":"2025-06-02T19:16:51","slug":"rozjemca","status":"publish","type":"product","link":"https:\/\/shop.diolosa.com\/pl\/product\/rozjemca\/","title":{"rendered":"Rozjemca"},"content":{"rendered":"<p>Formu\u0142a PEACEMAKER jest stosowana w celu uspokojenia wiatru sercowego poprzez od\u017cywianie krwi i promowanie komunikacji mi\u0119dzy sercem a nerkami. Kr\u0105\u017cenie krwi w sercu i klatce piersiowej jest r\u00f3wnie\u017c u\u0142atwione, a zatrzymywanie tlenu jest promowane. Jest to dobry wyb\u00f3r w przypadku wyczerpania, ko\u0142atania serca i arytmii. Ta formu\u0142a Magister od\u017cywia serce i uspokaja Shen. Poprawia r\u00f3wnie\u017c sen i pami\u0119\u0107.<\/p>\n","protected":false},"excerpt":{"rendered":"<p>&nbsp;<\/p>\n<p>&nbsp;<\/p>\n<p>&nbsp;<\/p>\n<p>&nbsp;<\/p>\n<p>&nbsp;<\/p>\n<p>&nbsp;<\/p>\n<p>&nbsp;<\/p>\n<p>&nbsp;<\/p>\n<p>&nbsp;<\/p>\n<p>&nbsp;<\/p>\n<p>&nbsp;<\/p>\n<p>&nbsp;<\/p>\n<p>&nbsp;<\/p>\n","protected":false},"featured_media":3835943,"template":"","meta":{"_acf_changed":false},"product_brand":[],"product_cat":[11810],"product_tag":[11811],"class_list":{"0":"post-3835974","1":"product","2":"type-product","3":"status-publish","4":"has-post-thumbnail","6":"product_cat-kardiologia","7":"product_tag-arytmie","9":"first","10":"instock","11":"taxable","12":"shipping-taxable","13":"purchasable","14":"product-type-simple"},"acf":{"yn_product_audio":"https:\/\/shop.diolosa.com\/wp-content\/uploads\/2019\/09\/Peacemaker.m4a","yn_product_video":"https:\/\/shop.diolosa.com\/wp-content\/uploads\/2024\/10\/Peacemaker.mp4","yn_product_akupunktur":"<p><strong>Uspokajaj\u0105cy &#8211; xie fa > Shen uspokajaj\u0105cy  <\/strong><\/p>\n<p>EX-HN3 &#8211; \u5370\u5802 Yin Tang &#8211; xie fa<br \/>\nDu Mai -20 \u767e\u6703 b\u01cei hu\u00ec &#8211; xie fa<br \/>\nEX-HN-1 &#8211; \u56db\u795e\u806a &#8211; si shen cong<br \/>\nBA GUA &#8211; EX-HN-1 &#8211; \u56db\u795e\u806a &#8211; ba gua si shen cong<br \/>\nGallbladder\/P\u0119cherzyk \u017c\u00f3\u0142ciowy-34 \u967d\u9675\u6cc9 y\u00e1ng l\u00edng qu\u00e1n &#8211; xie fa<\/p>\n<p><strong>Tonowanie &#8211; bu fa  <\/strong><\/p>\n<p>Serce-7 \u795e\u9580 sh\u00e9n m\u00e9n &#8211; bu fa<br \/>\nSerce-3 \u5c11\u6d77 sh\u00e0o h\u01cei &#8211; bu fa<br \/>\nOsierdzie\/kr\u0105\u017cenie-6 \u5167\u95dc n\u00e8i gu\u0101n &#8211; bu fa<br \/>\n\u015aledziona-4 \u516c\u5b6b g\u014dng s\u016bn (luo, chong mai) bu fa<br \/>\nNerka-6 \u7167\u6d77 zh\u00e0o h\u01cei (yin qiao mai) bu fa<br \/>\nNerka-3 \u592a\u8c3f ta\u00ec x\u012b bu fa<br \/>\n\u015aledziona-6 \u4e09\u9670\u4ea4 s\u0101n y\u012bn ji\u0101o bu fa<\/p>\n<p><strong>z Mox\u0105<\/strong><\/p>\n<p>Ren-4 \u95dc\u5143 gu\u0101n yu\u00e1n. tonizowanie &#8211; bu fa na niedob\u00f3r YANG<br \/>\nRen-6 \u6c23\u6d77 q\u00ec h\u01cei. tonizowanie &#8211; bu fa na niedob\u00f3r YANG<br \/>\nRen-14 \u5de8\u95d5 j\u00f9 qu\u00e8 (punkty MO). tonizowanie &#8211; bu fa  <\/p>\n<p>\u00a0<\/p>\n<p>\u00a0<\/p>\n<p>\u00a0<\/p>\n<p>\u00a0<\/p>\n","yn_product_verabreichungsart":"Pelety 140szt.","yn_product_dosierung":"<p>Ostre 10 tabletek, w przeciwnym razie 3 x 6 do 10 tabletek dziennie, zawsze po posi\u0142kach, przez 12 do 30 dni.<\/p>\n","yn_product_combinations":"<p>W zale\u017cno\u015bci od diagnozy r\u00f3\u017cnicowej, PEACEMAKER mo\u017cna bardzo dobrze \u0142\u0105czy\u0107 z: LION&#8217;S ROAR (zast\u00f3j Qi i Krwi &#8211; b\u00f3l), LION&#8217;S HEART (zast\u00f3j Tan i Krwi), BREAKING THROUGH (ryzyko zakrzepicy), QUICK BELLY MOVEMENT (zast\u00f3j pokarmu), IRON DROPS (niedob\u00f3r Krwi), KORZE\u0143 YIN i HERBATA SAN BAO (niedob\u00f3r Yin), ENERGIA \u017bYCIA (niedob\u00f3r Qi i wilgo\u0107 w Yang Ming), REGENERACJA (5 korzeni jest pustych), KORZE\u0143 YANG i HERBATA RINCHEN (niedob\u00f3r Yang).<\/p>\n","yn_product_avoidable":"<p>Kawa, herbata i tyto\u0144<\/p>\n","yn_product_tcm_mindmapping":"<p>Niedob\u00f3r Qi serca i krwi > Wiatr serca<span class=\"Apple-converted-space\"> <\/span><\/p>\n","yn_product_tongue_body":"<p>Cienki, w\u0105ski, niski, blady i chwiejny<\/p>\n","yn_product_tongue_coating":"<p>Cienki, bia\u0142y<\/p>\n","yn_product_pulse_diagnostics":"<p>Pozycja serca: xi mai &#8211; cienkie, xian mai &#8211; napi\u0119te, se mai &#8211; szorstkie, xu mai &#8211; puste, duan mai &#8211; kr\u00f3tkie, fu mai &#8211; powierzchowne, dai mai &#8211; nieregularne\/regularne<\/p>\n","yn_product_indications":"<p>Arytmia serca, ko\u0142atanie serca, zm\u0119czenie, zapominanie, bezsenno\u015b\u0107, niepok\u00f3j<\/p>\n","yn_product_contra_indications":"<p>\u015aluz zamyka otwory w sercu<\/p>\n","yn_product_pregnancy":"<p>Dozwolone<\/p>\n","yn_product_magisterrecipes":"<p>Dan Shen Yin, An Shen Di Zhi Wan, Gui Pi Tang, Tao Ren Hong Hua Jian, Yang Xin Tang<\/p>\n"},"yoast_head":"<!-- This site is optimized with the Yoast SEO plugin v24.9 - https:\/\/yoast.com\/wordpress\/plugins\/seo\/ -->\n<title>Rozjemca - Claude Diolosa<\/title>\n<meta name=\"robots\" content=\"index, follow, max-snippet:-1, max-image-preview:large, max-video-preview:-1\" \/>\n<link rel=\"canonical\" href=\"https:\/\/shop.diolosa.com\/pl\/product\/rozjemca\/\" \/>\n<meta property=\"og:locale\" content=\"pl_PL\" \/>\n<meta property=\"og:type\" content=\"article\" \/>\n<meta property=\"og:title\" content=\"Rozjemca - Claude Diolosa\" \/>\n<meta property=\"og:description\" content=\"&nbsp; &nbsp; &nbsp; &nbsp; &nbsp; &nbsp; &nbsp; &nbsp; &nbsp; &nbsp; &nbsp; &nbsp; &nbsp;\" \/>\n<meta property=\"og:url\" content=\"https:\/\/shop.diolosa.com\/pl\/product\/rozjemca\/\" \/>\n<meta property=\"og:site_name\" content=\"Claude Diolosa\" \/>\n<meta property=\"article:publisher\" content=\"https:\/\/facebook.com\/claudediolosa\" \/>\n<meta property=\"article:modified_time\" content=\"2025-06-02T19:16:51+00:00\" \/>\n<meta property=\"og:image\" content=\"https:\/\/shop.diolosa.com\/wp-content\/uploads\/2019\/09\/Presslinge-140.jpg\" \/>\n\t<meta property=\"og:image:width\" content=\"800\" \/>\n\t<meta property=\"og:image:height\" content=\"533\" \/>\n\t<meta property=\"og:image:type\" content=\"image\/jpeg\" \/>\n<meta name=\"twitter:card\" content=\"summary_large_image\" \/>\n<script type=\"application\/ld+json\" class=\"yoast-schema-graph\">{\"@context\":\"https:\/\/schema.org\",\"@graph\":[{\"@type\":\"WebPage\",\"@id\":\"https:\/\/shop.diolosa.com\/pl\/product\/rozjemca\/\",\"url\":\"https:\/\/shop.diolosa.com\/pl\/product\/rozjemca\/\",\"name\":\"Rozjemca - Claude Diolosa\",\"isPartOf\":{\"@id\":\"https:\/\/shop.diolosa.com\/pl\/#website\"},\"primaryImageOfPage\":{\"@id\":\"https:\/\/shop.diolosa.com\/pl\/product\/rozjemca\/#primaryimage\"},\"image\":{\"@id\":\"https:\/\/shop.diolosa.com\/pl\/product\/rozjemca\/#primaryimage\"},\"thumbnailUrl\":\"https:\/\/shop.diolosa.com\/wp-content\/uploads\/2019\/09\/Presslinge-140.jpg\",\"datePublished\":\"2025-03-08T14:07:50+00:00\",\"dateModified\":\"2025-06-02T19:16:51+00:00\",\"breadcrumb\":{\"@id\":\"https:\/\/shop.diolosa.com\/pl\/product\/rozjemca\/#breadcrumb\"},\"inLanguage\":\"pl-PL\",\"potentialAction\":[{\"@type\":\"ReadAction\",\"target\":[\"https:\/\/shop.diolosa.com\/pl\/product\/rozjemca\/\"]}]},{\"@type\":\"ImageObject\",\"inLanguage\":\"pl-PL\",\"@id\":\"https:\/\/shop.diolosa.com\/pl\/product\/rozjemca\/#primaryimage\",\"url\":\"https:\/\/shop.diolosa.com\/wp-content\/uploads\/2019\/09\/Presslinge-140.jpg\",\"contentUrl\":\"https:\/\/shop.diolosa.com\/wp-content\/uploads\/2019\/09\/Presslinge-140.jpg\",\"width\":800,\"height\":533},{\"@type\":\"BreadcrumbList\",\"@id\":\"https:\/\/shop.diolosa.com\/pl\/product\/rozjemca\/#breadcrumb\",\"itemListElement\":[{\"@type\":\"ListItem\",\"position\":1,\"name\":\"Startseite\",\"item\":\"https:\/\/shop.diolosa.com\/pl\/?page_id=3835710\"},{\"@type\":\"ListItem\",\"position\":2,\"name\":\"Sklep\",\"item\":\"https:\/\/shop.diolosa.com\/pl\/?page_id=3835710\"},{\"@type\":\"ListItem\",\"position\":3,\"name\":\"Rozjemca\"}]},{\"@type\":\"WebSite\",\"@id\":\"https:\/\/shop.diolosa.com\/pl\/#website\",\"url\":\"https:\/\/shop.diolosa.com\/pl\/\",\"name\":\"Claude Diolosa\",\"description\":\"\",\"publisher\":{\"@id\":\"https:\/\/shop.diolosa.com\/pl\/#organization\"},\"potentialAction\":[{\"@type\":\"SearchAction\",\"target\":{\"@type\":\"EntryPoint\",\"urlTemplate\":\"https:\/\/shop.diolosa.com\/pl\/?s={search_term_string}\"},\"query-input\":{\"@type\":\"PropertyValueSpecification\",\"valueRequired\":true,\"valueName\":\"search_term_string\"}}],\"inLanguage\":\"pl-PL\"},{\"@type\":\"Organization\",\"@id\":\"https:\/\/shop.diolosa.com\/pl\/#organization\",\"name\":\"Claude Diolosa\",\"url\":\"https:\/\/shop.diolosa.com\/pl\/\",\"logo\":{\"@type\":\"ImageObject\",\"inLanguage\":\"pl-PL\",\"@id\":\"https:\/\/shop.diolosa.com\/pl\/#\/schema\/logo\/image\/\",\"url\":\"https:\/\/shop.diolosa.com\/wp-content\/uploads\/2019\/08\/diolosa-drop-logo-new.png\",\"contentUrl\":\"https:\/\/shop.diolosa.com\/wp-content\/uploads\/2019\/08\/diolosa-drop-logo-new.png\",\"width\":134,\"height\":176,\"caption\":\"Claude Diolosa\"},\"image\":{\"@id\":\"https:\/\/shop.diolosa.com\/pl\/#\/schema\/logo\/image\/\"},\"sameAs\":[\"https:\/\/facebook.com\/claudediolosa\",\"https:\/\/www.instagram.com\/diolosaclaude108\/\"]}]}<\/script>\n<!-- \/ Yoast SEO plugin. -->","yoast_head_json":{"title":"Rozjemca - Claude Diolosa","robots":{"index":"index","follow":"follow","max-snippet":"max-snippet:-1","max-image-preview":"max-image-preview:large","max-video-preview":"max-video-preview:-1"},"canonical":"https:\/\/shop.diolosa.com\/pl\/product\/rozjemca\/","og_locale":"pl_PL","og_type":"article","og_title":"Rozjemca - Claude Diolosa","og_description":"&nbsp; &nbsp; &nbsp; &nbsp; &nbsp; &nbsp; &nbsp; &nbsp; &nbsp; &nbsp; &nbsp; &nbsp; &nbsp;","og_url":"https:\/\/shop.diolosa.com\/pl\/product\/rozjemca\/","og_site_name":"Claude Diolosa","article_publisher":"https:\/\/facebook.com\/claudediolosa","article_modified_time":"2025-06-02T19:16:51+00:00","og_image":[{"width":800,"height":533,"url":"https:\/\/shop.diolosa.com\/wp-content\/uploads\/2019\/09\/Presslinge-140.jpg","type":"image\/jpeg"}],"twitter_card":"summary_large_image","schema":{"@context":"https:\/\/schema.org","@graph":[{"@type":"WebPage","@id":"https:\/\/shop.diolosa.com\/pl\/product\/rozjemca\/","url":"https:\/\/shop.diolosa.com\/pl\/product\/rozjemca\/","name":"Rozjemca - Claude Diolosa","isPartOf":{"@id":"https:\/\/shop.diolosa.com\/pl\/#website"},"primaryImageOfPage":{"@id":"https:\/\/shop.diolosa.com\/pl\/product\/rozjemca\/#primaryimage"},"image":{"@id":"https:\/\/shop.diolosa.com\/pl\/product\/rozjemca\/#primaryimage"},"thumbnailUrl":"https:\/\/shop.diolosa.com\/wp-content\/uploads\/2019\/09\/Presslinge-140.jpg","datePublished":"2025-03-08T14:07:50+00:00","dateModified":"2025-06-02T19:16:51+00:00","breadcrumb":{"@id":"https:\/\/shop.diolosa.com\/pl\/product\/rozjemca\/#breadcrumb"},"inLanguage":"pl-PL","potentialAction":[{"@type":"ReadAction","target":["https:\/\/shop.diolosa.com\/pl\/product\/rozjemca\/"]}]},{"@type":"ImageObject","inLanguage":"pl-PL","@id":"https:\/\/shop.diolosa.com\/pl\/product\/rozjemca\/#primaryimage","url":"https:\/\/shop.diolosa.com\/wp-content\/uploads\/2019\/09\/Presslinge-140.jpg","contentUrl":"https:\/\/shop.diolosa.com\/wp-content\/uploads\/2019\/09\/Presslinge-140.jpg","width":800,"height":533},{"@type":"BreadcrumbList","@id":"https:\/\/shop.diolosa.com\/pl\/product\/rozjemca\/#breadcrumb","itemListElement":[{"@type":"ListItem","position":1,"name":"Startseite","item":"https:\/\/shop.diolosa.com\/pl\/?page_id=3835710"},{"@type":"ListItem","position":2,"name":"Sklep","item":"https:\/\/shop.diolosa.com\/pl\/?page_id=3835710"},{"@type":"ListItem","position":3,"name":"Rozjemca"}]},{"@type":"WebSite","@id":"https:\/\/shop.diolosa.com\/pl\/#website","url":"https:\/\/shop.diolosa.com\/pl\/","name":"Claude Diolosa","description":"","publisher":{"@id":"https:\/\/shop.diolosa.com\/pl\/#organization"},"potentialAction":[{"@type":"SearchAction","target":{"@type":"EntryPoint","urlTemplate":"https:\/\/shop.diolosa.com\/pl\/?s={search_term_string}"},"query-input":{"@type":"PropertyValueSpecification","valueRequired":true,"valueName":"search_term_string"}}],"inLanguage":"pl-PL"},{"@type":"Organization","@id":"https:\/\/shop.diolosa.com\/pl\/#organization","name":"Claude Diolosa","url":"https:\/\/shop.diolosa.com\/pl\/","logo":{"@type":"ImageObject","inLanguage":"pl-PL","@id":"https:\/\/shop.diolosa.com\/pl\/#\/schema\/logo\/image\/","url":"https:\/\/shop.diolosa.com\/wp-content\/uploads\/2019\/08\/diolosa-drop-logo-new.png","contentUrl":"https:\/\/shop.diolosa.com\/wp-content\/uploads\/2019\/08\/diolosa-drop-logo-new.png","width":134,"height":176,"caption":"Claude Diolosa"},"image":{"@id":"https:\/\/shop.diolosa.com\/pl\/#\/schema\/logo\/image\/"},"sameAs":["https:\/\/facebook.com\/claudediolosa","https:\/\/www.instagram.com\/diolosaclaude108\/"]}]}},"_links":{"self":[{"href":"https:\/\/shop.diolosa.com\/pl\/wp-json\/wp\/v2\/product\/3835974","targetHints":{"allow":["GET"]}}],"collection":[{"href":"https:\/\/shop.diolosa.com\/pl\/wp-json\/wp\/v2\/product"}],"about":[{"href":"https:\/\/shop.diolosa.com\/pl\/wp-json\/wp\/v2\/types\/product"}],"wp:featuredmedia":[{"embeddable":true,"href":"https:\/\/shop.diolosa.com\/pl\/wp-json\/wp\/v2\/media\/3835943"}],"wp:attachment":[{"href":"https:\/\/shop.diolosa.com\/pl\/wp-json\/wp\/v2\/media?parent=3835974"}],"wp:term":[{"taxonomy":"product_brand","embeddable":true,"href":"https:\/\/shop.diolosa.com\/pl\/wp-json\/wp\/v2\/product_brand?post=3835974"},{"taxonomy":"product_cat","embeddable":true,"href":"https:\/\/shop.diolosa.com\/pl\/wp-json\/wp\/v2\/product_cat?post=3835974"},{"taxonomy":"product_tag","embeddable":true,"href":"https:\/\/shop.diolosa.com\/pl\/wp-json\/wp\/v2\/product_tag?post=3835974"}],"curies":[{"name":"wp","href":"https:\/\/api.w.org\/{rel}","templated":true}]}}