{"id":3835983,"date":"2019-09-04T12:10:21","date_gmt":"2025-03-08T14:07:55","guid":{"rendered":"https:\/\/shop.diolosa.com\/product\/czarny-wojownik\/"},"modified":"2025-05-31T16:43:49","modified_gmt":"2025-05-31T15:43:49","slug":"czarny-wojownik","status":"publish","type":"product","link":"https:\/\/shop.diolosa.com\/pl\/product\/czarny-wojownik\/","title":{"rendered":"Czarny Wojownik"},"content":{"rendered":"<p>BLACK WARRIOR zosta\u0142 opracowany specjalnie do leczenia pacjent\u00f3w zaka\u017conych wirusem HIV. Ten innowacyjny preparat ma zdolno\u015b\u0107 usuwania z Xue Fen inwazyjnych toksyn Damp-Heat, znanych r\u00f3wnie\u017c jako Shi Re Du. Dzi\u0119ki temu nie tylko oczyszcza krew z gor\u0105ca, ale tak\u017ce rozpuszcza zastoje krwi i wzmacnia uk\u0142ad odporno\u015bciowy. Szczeg\u00f3lnie niezwyk\u0142e jest to, \u017ce dzieje si\u0119 to bez powodowania stagnacji w organizmie. Wa\u017cne jest, aby podkre\u015bli\u0107, \u017ce BLACK WARRIOR powinien by\u0107 przyjmowany w spos\u00f3b ci\u0105g\u0142y &#8211; nawet w okresach, w kt\u00f3rych nie wyst\u0119puj\u0105 wyra\u017ane objawy lub dyskomfort &#8211; w celu zapewnienia optymalnego efektu i wspierania d\u0142ugotrwa\u0142ego dobrego samopoczucia pacjenta. Pomimo silnych w\u0142a\u015bciwo\u015bci antytoksycznych, preparat ten nie wp\u0142ywa na Qi o\u015brodka; raczej promuje zr\u00f3wnowa\u017cony poziom energii w organizmie. Ponadto ten wszechstronny preparat mo\u017ce by\u0107 r\u00f3wnie\u017c stosowany w przypadku innych chor\u00f3b wirusowych, zapewniaj\u0105c cenne wsparcie dla os\u00f3b z r\u00f3\u017cnymi wyzwaniami zdrowotnymi.<\/p>\n","protected":false},"excerpt":{"rendered":"<p>BLACK WARRIOR zosta\u0142 opracowany specjalnie do leczenia pacjent\u00f3w zaka\u017conych wirusem  [&#8230;]<\/p>\n","protected":false},"featured_media":3835943,"template":"","meta":{"_acf_changed":false},"product_brand":[],"product_cat":[11771],"product_tag":[11819],"class_list":{"0":"post-3835983","1":"product","2":"type-product","3":"status-publish","4":"has-post-thumbnail","6":"product_cat-wen-bing-lun-pl","7":"product_tag-pomoce","9":"first","10":"instock","11":"taxable","12":"shipping-taxable","13":"purchasable","14":"product-type-simple"},"acf":{"yn_product_audio":"https:\/\/shop.diolosa.com\/wp-content\/uploads\/2018\/12\/DL_0347.mp3","yn_product_video":"https:\/\/shop.diolosa.com\/wp-content\/uploads\/2024\/10\/Black-Warrior.mp4","yn_product_akupunktur":"<p>W\u0105troba Wilgo\u0107 Ciep\u0142o Odprowadzanie toksyn<br \/>\nw\u0105troba 3 &#8211; tai chong (shu, yuan) &#8211; xie fa<br \/>\nw\u0105troba 2 &#8211; xing jian (ying) &#8211; xie fa<br \/>\nw\u0105troba 6 &#8211; zhong du (xi) &#8211; xie fa<br \/>\n\u015bledziona 6 &#8211; san yin jiao (le, ni, mb) &#8211; xie fa  <\/p>\n<p>ciep\u0142o krwi, wilgo\u0107 eliminuj\u0105 ciep\u0142o i toksyny<br \/>\n\u015bledziona 10 &#8211; xue hai (jezioro krwi) &#8211; xie fa<br \/>\nw\u0105troba 2 &#8211; xing jian (ying) &#8211; xie fa<br \/>\njelito grube 11 &#8211; qu chi &#8211; gui tui (he &#8211; gui) &#8211; xie fa  <\/p>\n<p>Tonizuje poporodowe \u017ar\u00f3d\u0142a jing i qi<br \/>\np\u0119cherz moczowy 20 &#8211; pi shu &#8211; bu fa<br \/>\n\u017co\u0142\u0105dek 36 &#8211; zu san li (shu, xia he xue &#8211; \u017co\u0142\u0105dek, si hai xue, si zhong xue) &#8211; bu fa<br \/>\np\u0119cherz moczowy 43 &#8211; gao huang shu (qi, xue, jinye, yin, yang) &#8211; bu fa<br \/>\nren mai 4 &#8211; guan yuan (mo> jelito cienkie, w\u0105troba, nerki, \u015bledziona) &#8211; bu fa ren mai 6 &#8211; qi hai (yuan qi)jelito cienkie, w\u0105troba, nerki, \u015bledziona) &#8211; bu fa<br \/>\nren mai 6 &#8211; qi hai (yuan qi) &#8211; bu fa<br \/>\nnerka 3 &#8211; tai xi (shu, yuan) &#8211; bu fa  <\/p>\n<p>PO zapi\u0105\u0107<br \/>\np\u0142uco 9 &#8211; tai yuan &#8211; gui xin (shu, yuan, ba hui xue, gui) &#8211; bu fa<br \/>\np\u0142uco 5 &#8211; chi ze (he) &#8211; bu fa<br \/>\np\u0119cherz 13 &#8211; fei shu &#8211; bu fa<br \/>\np\u0119cherz 42 &#8211; po hu (po) &#8211; bu fa<\/p>\n","yn_product_verabreichungsart":"Pelety 140szt.","yn_product_dosierung":"<p>3 x 4 do 10 tabletek dziennie. Czas trwania leczenia: 3 lata, razem z preparatami wzmacniaj\u0105cymi odporno\u015b\u0107 z linii <\/p>\n","yn_product_combinations":"<p>CLEANSING DAYS TABLETS and TEA (kuracja detoksykacyjna, tylko 12 dni na wiosn\u0119), TAMING THE BULL (p\u00f3\u0142pasiec &#8211; w\u0105troba), TAMING THE SNAKE (p\u00f3\u0142pasiec &#8211; \u015bledziona), WHITE DRAGON (zapalenie w\u0105troby typu A), YELLOW DRAGON (zapalenie w\u0105troby typu B), LUMINOUS SHIELD (niedob\u00f3r odporno\u015bci), DEEP BLUE (borelioza) i dla uk\u0142adu odporno\u015bciowego: VITALITY, REGENERATION, YIN ROOT i SAN BAO TEE  <\/p>\n","yn_product_avoidable":"<p>Ostre i indyjskie przyprawy, alkohol: zw\u0142aszcza czerwone i bia\u0142e wino, chili, tabasco, ocet, jagni\u0119cina, kurczak, owoce morza, w\u0119dzenie i narkotyki, go\u017adziki, ga\u0142ka muszkato\u0142owa, czosnek, cebula, pory, szczypiorek.<\/p>\n","yn_product_tcm_mindmapping":"<p>Wen Bing Lun > Mokre toksyny cieplne w Xue Fen (poziom krwi &#8211; Jue Yin) > HIV pozytywny<\/p>\n","yn_product_tongue_body":"<p>Normalne lub kr\u00f3tkie, w\u0105skie, blade, wilgotne, plamiste<\/p>\n","yn_product_tongue_coating":"<p>Cienki, bia\u0142y i wilgotny<\/p>\n","yn_product_pulse_diagnostics":"<p>duan mai &#8211; kr\u00f3tki, xu mai &#8211; pusty, xi mai &#8211; cienki, shuo mai &#8211; szybki, se mai &#8211; szorstki<\/p>\n","yn_product_indications":"<p>HIV, wirusowe zapalenie w\u0105troby typu A i B, opryszczka narz\u0105d\u00f3w p\u0142ciowych\/wargowa, p\u00f3\u0142pasiec<\/p>\n","yn_product_contra_indications":"<p>Niedob\u00f3r Yang i Qi nerek i \u015bledziony > Wilgo\u0107 i flegma > Zast\u00f3j Qi i krwi<\/p>\n","yn_product_pregnancy":"<p>Przeciwwskazane<\/p>\n","yn_product_herbs":"<p>taraxacum herba &#8211; pu gong yin, violae herba &#8211; zhi hua di ding, poria cocos &#8211; fu ling, coicis semen &#8211; yi yi ren, atractylodes macrocephalae &#8211; bai zhu, saussurea radix &#8211; mu xiang, glycyrrhizae uralensis radix &#8211; gan cao<\/p>\n","yn_product_magisterrecipes":"<p>Qing Hao Bie Jia Tang, Yin Chen Hao Tang, Wu Wei Xiao Du Yin<\/p>\n"},"yoast_head":"<!-- This site is optimized with the Yoast SEO plugin v24.9 - https:\/\/yoast.com\/wordpress\/plugins\/seo\/ -->\n<title>Czarny Wojownik - Claude Diolosa<\/title>\n<meta name=\"robots\" content=\"index, follow, max-snippet:-1, max-image-preview:large, max-video-preview:-1\" \/>\n<link rel=\"canonical\" href=\"https:\/\/shop.diolosa.com\/pl\/product\/czarny-wojownik\/\" \/>\n<meta property=\"og:locale\" content=\"pl_PL\" \/>\n<meta property=\"og:type\" content=\"article\" \/>\n<meta property=\"og:title\" content=\"Czarny Wojownik - Claude Diolosa\" \/>\n<meta property=\"og:description\" content=\"BLACK WARRIOR zosta\u0142 opracowany specjalnie do leczenia pacjent\u00f3w zaka\u017conych wirusem [...]\" \/>\n<meta property=\"og:url\" content=\"https:\/\/shop.diolosa.com\/pl\/product\/czarny-wojownik\/\" \/>\n<meta property=\"og:site_name\" content=\"Claude Diolosa\" \/>\n<meta property=\"article:publisher\" content=\"https:\/\/facebook.com\/claudediolosa\" \/>\n<meta property=\"article:modified_time\" content=\"2025-05-31T15:43:49+00:00\" \/>\n<meta property=\"og:image\" content=\"https:\/\/shop.diolosa.com\/wp-content\/uploads\/2019\/09\/Presslinge-140.jpg\" \/>\n\t<meta property=\"og:image:width\" content=\"800\" \/>\n\t<meta property=\"og:image:height\" content=\"533\" \/>\n\t<meta property=\"og:image:type\" content=\"image\/jpeg\" \/>\n<meta name=\"twitter:card\" content=\"summary_large_image\" \/>\n<meta name=\"twitter:label1\" content=\"Szacowany czas czytania\" \/>\n\t<meta name=\"twitter:data1\" content=\"1 minuta\" \/>\n<script type=\"application\/ld+json\" class=\"yoast-schema-graph\">{\"@context\":\"https:\/\/schema.org\",\"@graph\":[{\"@type\":\"WebPage\",\"@id\":\"https:\/\/shop.diolosa.com\/pl\/product\/czarny-wojownik\/\",\"url\":\"https:\/\/shop.diolosa.com\/pl\/product\/czarny-wojownik\/\",\"name\":\"Czarny Wojownik - Claude Diolosa\",\"isPartOf\":{\"@id\":\"https:\/\/shop.diolosa.com\/pl\/#website\"},\"primaryImageOfPage\":{\"@id\":\"https:\/\/shop.diolosa.com\/pl\/product\/czarny-wojownik\/#primaryimage\"},\"image\":{\"@id\":\"https:\/\/shop.diolosa.com\/pl\/product\/czarny-wojownik\/#primaryimage\"},\"thumbnailUrl\":\"https:\/\/shop.diolosa.com\/wp-content\/uploads\/2019\/09\/Presslinge-140.jpg\",\"datePublished\":\"2025-03-08T14:07:55+00:00\",\"dateModified\":\"2025-05-31T15:43:49+00:00\",\"breadcrumb\":{\"@id\":\"https:\/\/shop.diolosa.com\/pl\/product\/czarny-wojownik\/#breadcrumb\"},\"inLanguage\":\"pl-PL\",\"potentialAction\":[{\"@type\":\"ReadAction\",\"target\":[\"https:\/\/shop.diolosa.com\/pl\/product\/czarny-wojownik\/\"]}]},{\"@type\":\"ImageObject\",\"inLanguage\":\"pl-PL\",\"@id\":\"https:\/\/shop.diolosa.com\/pl\/product\/czarny-wojownik\/#primaryimage\",\"url\":\"https:\/\/shop.diolosa.com\/wp-content\/uploads\/2019\/09\/Presslinge-140.jpg\",\"contentUrl\":\"https:\/\/shop.diolosa.com\/wp-content\/uploads\/2019\/09\/Presslinge-140.jpg\",\"width\":800,\"height\":533},{\"@type\":\"BreadcrumbList\",\"@id\":\"https:\/\/shop.diolosa.com\/pl\/product\/czarny-wojownik\/#breadcrumb\",\"itemListElement\":[{\"@type\":\"ListItem\",\"position\":1,\"name\":\"Startseite\",\"item\":\"https:\/\/shop.diolosa.com\/pl\/?page_id=3835710\"},{\"@type\":\"ListItem\",\"position\":2,\"name\":\"Sklep\",\"item\":\"https:\/\/shop.diolosa.com\/pl\/?page_id=3835710\"},{\"@type\":\"ListItem\",\"position\":3,\"name\":\"Czarny Wojownik\"}]},{\"@type\":\"WebSite\",\"@id\":\"https:\/\/shop.diolosa.com\/pl\/#website\",\"url\":\"https:\/\/shop.diolosa.com\/pl\/\",\"name\":\"Claude Diolosa\",\"description\":\"\",\"publisher\":{\"@id\":\"https:\/\/shop.diolosa.com\/pl\/#organization\"},\"potentialAction\":[{\"@type\":\"SearchAction\",\"target\":{\"@type\":\"EntryPoint\",\"urlTemplate\":\"https:\/\/shop.diolosa.com\/pl\/?s={search_term_string}\"},\"query-input\":{\"@type\":\"PropertyValueSpecification\",\"valueRequired\":true,\"valueName\":\"search_term_string\"}}],\"inLanguage\":\"pl-PL\"},{\"@type\":\"Organization\",\"@id\":\"https:\/\/shop.diolosa.com\/pl\/#organization\",\"name\":\"Claude Diolosa\",\"url\":\"https:\/\/shop.diolosa.com\/pl\/\",\"logo\":{\"@type\":\"ImageObject\",\"inLanguage\":\"pl-PL\",\"@id\":\"https:\/\/shop.diolosa.com\/pl\/#\/schema\/logo\/image\/\",\"url\":\"https:\/\/shop.diolosa.com\/wp-content\/uploads\/2019\/08\/diolosa-drop-logo-new.png\",\"contentUrl\":\"https:\/\/shop.diolosa.com\/wp-content\/uploads\/2019\/08\/diolosa-drop-logo-new.png\",\"width\":134,\"height\":176,\"caption\":\"Claude Diolosa\"},\"image\":{\"@id\":\"https:\/\/shop.diolosa.com\/pl\/#\/schema\/logo\/image\/\"},\"sameAs\":[\"https:\/\/facebook.com\/claudediolosa\",\"https:\/\/www.instagram.com\/diolosaclaude108\/\"]}]}<\/script>\n<!-- \/ Yoast SEO plugin. -->","yoast_head_json":{"title":"Czarny Wojownik - Claude Diolosa","robots":{"index":"index","follow":"follow","max-snippet":"max-snippet:-1","max-image-preview":"max-image-preview:large","max-video-preview":"max-video-preview:-1"},"canonical":"https:\/\/shop.diolosa.com\/pl\/product\/czarny-wojownik\/","og_locale":"pl_PL","og_type":"article","og_title":"Czarny Wojownik - Claude Diolosa","og_description":"BLACK WARRIOR zosta\u0142 opracowany specjalnie do leczenia pacjent\u00f3w zaka\u017conych wirusem [...]","og_url":"https:\/\/shop.diolosa.com\/pl\/product\/czarny-wojownik\/","og_site_name":"Claude Diolosa","article_publisher":"https:\/\/facebook.com\/claudediolosa","article_modified_time":"2025-05-31T15:43:49+00:00","og_image":[{"width":800,"height":533,"url":"https:\/\/shop.diolosa.com\/wp-content\/uploads\/2019\/09\/Presslinge-140.jpg","type":"image\/jpeg"}],"twitter_card":"summary_large_image","twitter_misc":{"Szacowany czas czytania":"1 minuta"},"schema":{"@context":"https:\/\/schema.org","@graph":[{"@type":"WebPage","@id":"https:\/\/shop.diolosa.com\/pl\/product\/czarny-wojownik\/","url":"https:\/\/shop.diolosa.com\/pl\/product\/czarny-wojownik\/","name":"Czarny Wojownik - Claude Diolosa","isPartOf":{"@id":"https:\/\/shop.diolosa.com\/pl\/#website"},"primaryImageOfPage":{"@id":"https:\/\/shop.diolosa.com\/pl\/product\/czarny-wojownik\/#primaryimage"},"image":{"@id":"https:\/\/shop.diolosa.com\/pl\/product\/czarny-wojownik\/#primaryimage"},"thumbnailUrl":"https:\/\/shop.diolosa.com\/wp-content\/uploads\/2019\/09\/Presslinge-140.jpg","datePublished":"2025-03-08T14:07:55+00:00","dateModified":"2025-05-31T15:43:49+00:00","breadcrumb":{"@id":"https:\/\/shop.diolosa.com\/pl\/product\/czarny-wojownik\/#breadcrumb"},"inLanguage":"pl-PL","potentialAction":[{"@type":"ReadAction","target":["https:\/\/shop.diolosa.com\/pl\/product\/czarny-wojownik\/"]}]},{"@type":"ImageObject","inLanguage":"pl-PL","@id":"https:\/\/shop.diolosa.com\/pl\/product\/czarny-wojownik\/#primaryimage","url":"https:\/\/shop.diolosa.com\/wp-content\/uploads\/2019\/09\/Presslinge-140.jpg","contentUrl":"https:\/\/shop.diolosa.com\/wp-content\/uploads\/2019\/09\/Presslinge-140.jpg","width":800,"height":533},{"@type":"BreadcrumbList","@id":"https:\/\/shop.diolosa.com\/pl\/product\/czarny-wojownik\/#breadcrumb","itemListElement":[{"@type":"ListItem","position":1,"name":"Startseite","item":"https:\/\/shop.diolosa.com\/pl\/?page_id=3835710"},{"@type":"ListItem","position":2,"name":"Sklep","item":"https:\/\/shop.diolosa.com\/pl\/?page_id=3835710"},{"@type":"ListItem","position":3,"name":"Czarny Wojownik"}]},{"@type":"WebSite","@id":"https:\/\/shop.diolosa.com\/pl\/#website","url":"https:\/\/shop.diolosa.com\/pl\/","name":"Claude Diolosa","description":"","publisher":{"@id":"https:\/\/shop.diolosa.com\/pl\/#organization"},"potentialAction":[{"@type":"SearchAction","target":{"@type":"EntryPoint","urlTemplate":"https:\/\/shop.diolosa.com\/pl\/?s={search_term_string}"},"query-input":{"@type":"PropertyValueSpecification","valueRequired":true,"valueName":"search_term_string"}}],"inLanguage":"pl-PL"},{"@type":"Organization","@id":"https:\/\/shop.diolosa.com\/pl\/#organization","name":"Claude Diolosa","url":"https:\/\/shop.diolosa.com\/pl\/","logo":{"@type":"ImageObject","inLanguage":"pl-PL","@id":"https:\/\/shop.diolosa.com\/pl\/#\/schema\/logo\/image\/","url":"https:\/\/shop.diolosa.com\/wp-content\/uploads\/2019\/08\/diolosa-drop-logo-new.png","contentUrl":"https:\/\/shop.diolosa.com\/wp-content\/uploads\/2019\/08\/diolosa-drop-logo-new.png","width":134,"height":176,"caption":"Claude Diolosa"},"image":{"@id":"https:\/\/shop.diolosa.com\/pl\/#\/schema\/logo\/image\/"},"sameAs":["https:\/\/facebook.com\/claudediolosa","https:\/\/www.instagram.com\/diolosaclaude108\/"]}]}},"_links":{"self":[{"href":"https:\/\/shop.diolosa.com\/pl\/wp-json\/wp\/v2\/product\/3835983","targetHints":{"allow":["GET"]}}],"collection":[{"href":"https:\/\/shop.diolosa.com\/pl\/wp-json\/wp\/v2\/product"}],"about":[{"href":"https:\/\/shop.diolosa.com\/pl\/wp-json\/wp\/v2\/types\/product"}],"wp:featuredmedia":[{"embeddable":true,"href":"https:\/\/shop.diolosa.com\/pl\/wp-json\/wp\/v2\/media\/3835943"}],"wp:attachment":[{"href":"https:\/\/shop.diolosa.com\/pl\/wp-json\/wp\/v2\/media?parent=3835983"}],"wp:term":[{"taxonomy":"product_brand","embeddable":true,"href":"https:\/\/shop.diolosa.com\/pl\/wp-json\/wp\/v2\/product_brand?post=3835983"},{"taxonomy":"product_cat","embeddable":true,"href":"https:\/\/shop.diolosa.com\/pl\/wp-json\/wp\/v2\/product_cat?post=3835983"},{"taxonomy":"product_tag","embeddable":true,"href":"https:\/\/shop.diolosa.com\/pl\/wp-json\/wp\/v2\/product_tag?post=3835983"}],"curies":[{"name":"wp","href":"https:\/\/api.w.org\/{rel}","templated":true}]}}