{"id":3835986,"date":"2019-09-04T12:10:21","date_gmt":"2025-03-08T14:07:56","guid":{"rendered":"https:\/\/shop.diolosa.com\/product\/ryk-lwa\/"},"modified":"2025-05-06T15:18:02","modified_gmt":"2025-05-06T14:18:02","slug":"ryk-lwa","status":"publish","type":"product","link":"https:\/\/shop.diolosa.com\/pl\/product\/ryk-lwa\/","title":{"rendered":"Ryk Lwa"},"content":{"rendered":"<p>LION&#8217;S ROAR jest stosowany w przypadku ostrych i bardzo bolesnych dolegliwo\u015bci serca lub atak\u00f3w dusznicy bolesnej (Xiong Bi). Ten preparat jest silniejszy i dzia\u0142a szybciej ni\u017c LION&#8217;S HEART. Przeciwdzia\u0142a z\u0142ogom, porusza krew, \u0142agodzi b\u00f3l i otwiera Luo Mai serca.<br \/>\nLION&#8217;S ROAR jest lekiem stosowanym w nag\u0142ych wypadkach i powinien by\u0107 przyjmowany natychmiast w leczeniu ostrego b\u00f3lu serca &#8211; dusznicy bolesnej, od 6 do 10 tabletek na raz. Leczenie mo\u017ce by\u0107 kontynuowane do momentu uzyskania poprawy.<\/p>\n","protected":false},"excerpt":{"rendered":"<p>LION&#8217;S ROAR jest stosowany w przypadku ostrych i bardzo bolesnych  [&#8230;]<\/p>\n","protected":false},"featured_media":3835943,"template":"","meta":{"_acf_changed":false},"product_brand":[],"product_cat":[11810],"product_tag":[11822],"class_list":{"0":"post-3835986","1":"product","2":"type-product","3":"status-publish","4":"has-post-thumbnail","6":"product_cat-kardiologia","7":"product_tag-dlawica-piersiowa-nagly-przypadek","9":"first","10":"instock","11":"taxable","12":"shipping-taxable","13":"purchasable","14":"product-type-simple"},"acf":{"yn_product_audio":"https:\/\/shop.diolosa.com\/wp-content\/uploads\/2019\/09\/DL_1110.mp3","yn_product_video":"https:\/\/shop.diolosa.com\/wp-content\/uploads\/2024\/10\/Lion-s-Roar.mp4","yn_product_akupunktur":"<p><strong>Ostry atak &#8211; d\u0142awica piersiowa: uspokojenie (xie fa)<\/strong><\/p>\n<p>cykl 6 &#8211; nei guan (luo, yin wei mai) &#8211; xie fa<br \/>\n\u015bledziona 4 &#8211; gong sun (luo, chong mai) &#8211; xie fa<br \/>\ncykl 5 &#8211; jian shi &#8211; gui lu (jing, gui) &#8211; xie fa<br \/>\nserce 7 &#8211; shen men (shu, yuan) &#8211; xie fa<br \/>\np\u0142uco 9 &#8211; tai yuan &#8211; gui xin (shu, yuan, ba hui xue, gui) &#8211; xie fa<br \/>\n\u017co\u0142\u0105dek 40 &#8211; feng long (luo) &#8211; xie fa<br \/>\np\u0119cherzyk \u017c\u00f3\u0142ciowy 34 &#8211; yang ling quan (he, xia he xue, gui) &#8211; xie fa<br \/>\n\u017co\u0142\u0105dek 36 &#8211; to san li (shu, xia he xue &#8211; \u017co\u0142\u0105dek, si hai xue, si zhong xue) &#8211; xie fa<br \/>\nbubble 17 &#8211; ge shu (krew) &#8211; xie fa<br \/>\nbubble 15 &#8211; xin shu &#8211; xie fa<br \/>\nren may 14 &#8211; ju que (mo  >  serce) &#8211; xie fa<br \/>\nren 17 maja &#8211; tan zhong (mo  >  cykl, ba hui xue, OE) &#8211; xie fa<\/p>\n","yn_product_verabreichungsart":"Pelety 140szt.","yn_product_dosierung":"<p>Ostre natychmiastowe spo\u017cycie 10 tabletek lub 3 x 6 do 10 dziennie. Preparat ten jest bardzo wa\u017cny w przypadku ostrych atak\u00f3w i mo\u017ce by\u0107 przyjmowany z niewielk\u0105 ilo\u015bci\u0105 alkoholu. <\/p>\n","yn_product_combinations":"<p>LWIE SERCE (mia\u017cd\u017cyca t\u0119tnic), PRZERWA (zakrzepica), NIRIPSA (b\u00f3l), SZYBKIE\/WOLNE RUCHY BRZUCHA (wch\u0142anianie pokarmu)<\/p>\n","yn_product_avoidable":"<p>Sma\u017cone i t\u0142uste potrawy, produkty mleczne, zw\u0142aszcza sery, wieprzowina, szynka, bekon, kie\u0142basa, s\u00f3l, cukier, rafinowane w\u0119glowodany, pszenica.<\/p>\n","yn_product_tcm_mindmapping":"<p>Ostry zast\u00f3j krwi w sercu i akumulacja TAN > B\u00f3l w klatce piersiowej &#8211; Xiong Bi<\/p>\n","yn_product_tongue_body":"<p>Twarde, j\u0119drne, przekrwione, \u017cy\u0142y j\u0119zykowe s\u0105 bardzo przekrwione<\/p>\n","yn_product_tongue_coating":"<p>Rzadki lub g\u0119sty, w zale\u017cno\u015bci od przyczyny<\/p>\n","yn_product_pulse_diagnostics":"<p>Pozycja serca: se mai &#8211; szorstkie, xian mai &#8211; napi\u0119te, wei mai &#8211; nitkowate, dai mai &#8211; nieregularne\/regularne<\/p>\n","yn_product_indications":"<p>Ostra d\u0142awica piersiowa, b\u00f3l w klatce piersiowej, k\u0142uj\u0105cy b\u00f3l<\/p>\n","yn_product_contra_indications":"<p>Lek ten poprawia przep\u0142yw krwi do serca. Nale\u017cy zachowa\u0107 ostro\u017cno\u015b\u0107, je\u015bli pacjent przyjmuje leki rozrzedzaj\u0105ce krew oraz inne leki nasercowe. <\/p>\n","yn_product_pregnancy":"<p>Dozwolone<\/p>\n","yn_product_herbs":"<p>pseudoginseng radix &#8211; san qi, salviae radix &#8211; dan shen, ligusticii rhizoma &#8211; chuan xiong, salviae radix &#8211; dan shen, borneolum (dryobalanops aromitaca) &#8211; bing pian, acori graminei rhizoma &#8211; shi chang pu<\/p>\n","yn_product_magisterrecipes":"<p>Dan Shen Yin, Xue Fu Zhu Yu Tang, Guan Xin Er Hao, Guan Xin Dan Shen Pian, Shi Xiao San, Gua Lou Xie Bai Jiu Tang<\/p>\n"},"yoast_head":"<!-- This site is optimized with the Yoast SEO plugin v24.9 - https:\/\/yoast.com\/wordpress\/plugins\/seo\/ -->\n<title>Ryk Lwa - Claude Diolosa<\/title>\n<meta name=\"robots\" content=\"index, follow, max-snippet:-1, max-image-preview:large, max-video-preview:-1\" \/>\n<link rel=\"canonical\" href=\"https:\/\/shop.diolosa.com\/pl\/product\/ryk-lwa\/\" \/>\n<meta property=\"og:locale\" content=\"pl_PL\" \/>\n<meta property=\"og:type\" content=\"article\" \/>\n<meta property=\"og:title\" content=\"Ryk Lwa - Claude Diolosa\" \/>\n<meta property=\"og:description\" content=\"LION&#8217;S ROAR jest stosowany w przypadku ostrych i bardzo bolesnych [...]\" \/>\n<meta property=\"og:url\" content=\"https:\/\/shop.diolosa.com\/pl\/product\/ryk-lwa\/\" \/>\n<meta property=\"og:site_name\" content=\"Claude Diolosa\" \/>\n<meta property=\"article:publisher\" content=\"https:\/\/facebook.com\/claudediolosa\" \/>\n<meta property=\"article:modified_time\" content=\"2025-05-06T14:18:02+00:00\" \/>\n<meta property=\"og:image\" content=\"https:\/\/shop.diolosa.com\/wp-content\/uploads\/2019\/09\/Presslinge-140.jpg\" \/>\n\t<meta property=\"og:image:width\" content=\"800\" \/>\n\t<meta property=\"og:image:height\" content=\"533\" \/>\n\t<meta property=\"og:image:type\" content=\"image\/jpeg\" \/>\n<meta name=\"twitter:card\" content=\"summary_large_image\" \/>\n<script type=\"application\/ld+json\" class=\"yoast-schema-graph\">{\"@context\":\"https:\/\/schema.org\",\"@graph\":[{\"@type\":\"WebPage\",\"@id\":\"https:\/\/shop.diolosa.com\/pl\/product\/ryk-lwa\/\",\"url\":\"https:\/\/shop.diolosa.com\/pl\/product\/ryk-lwa\/\",\"name\":\"Ryk Lwa - Claude Diolosa\",\"isPartOf\":{\"@id\":\"https:\/\/shop.diolosa.com\/pl\/#website\"},\"primaryImageOfPage\":{\"@id\":\"https:\/\/shop.diolosa.com\/pl\/product\/ryk-lwa\/#primaryimage\"},\"image\":{\"@id\":\"https:\/\/shop.diolosa.com\/pl\/product\/ryk-lwa\/#primaryimage\"},\"thumbnailUrl\":\"https:\/\/shop.diolosa.com\/wp-content\/uploads\/2019\/09\/Presslinge-140.jpg\",\"datePublished\":\"2025-03-08T14:07:56+00:00\",\"dateModified\":\"2025-05-06T14:18:02+00:00\",\"breadcrumb\":{\"@id\":\"https:\/\/shop.diolosa.com\/pl\/product\/ryk-lwa\/#breadcrumb\"},\"inLanguage\":\"pl-PL\",\"potentialAction\":[{\"@type\":\"ReadAction\",\"target\":[\"https:\/\/shop.diolosa.com\/pl\/product\/ryk-lwa\/\"]}]},{\"@type\":\"ImageObject\",\"inLanguage\":\"pl-PL\",\"@id\":\"https:\/\/shop.diolosa.com\/pl\/product\/ryk-lwa\/#primaryimage\",\"url\":\"https:\/\/shop.diolosa.com\/wp-content\/uploads\/2019\/09\/Presslinge-140.jpg\",\"contentUrl\":\"https:\/\/shop.diolosa.com\/wp-content\/uploads\/2019\/09\/Presslinge-140.jpg\",\"width\":800,\"height\":533},{\"@type\":\"BreadcrumbList\",\"@id\":\"https:\/\/shop.diolosa.com\/pl\/product\/ryk-lwa\/#breadcrumb\",\"itemListElement\":[{\"@type\":\"ListItem\",\"position\":1,\"name\":\"Startseite\",\"item\":\"https:\/\/shop.diolosa.com\/pl\/?page_id=3835710\"},{\"@type\":\"ListItem\",\"position\":2,\"name\":\"Sklep\",\"item\":\"https:\/\/shop.diolosa.com\/pl\/?page_id=3835710\"},{\"@type\":\"ListItem\",\"position\":3,\"name\":\"Ryk Lwa\"}]},{\"@type\":\"WebSite\",\"@id\":\"https:\/\/shop.diolosa.com\/pl\/#website\",\"url\":\"https:\/\/shop.diolosa.com\/pl\/\",\"name\":\"Claude Diolosa\",\"description\":\"\",\"publisher\":{\"@id\":\"https:\/\/shop.diolosa.com\/pl\/#organization\"},\"potentialAction\":[{\"@type\":\"SearchAction\",\"target\":{\"@type\":\"EntryPoint\",\"urlTemplate\":\"https:\/\/shop.diolosa.com\/pl\/?s={search_term_string}\"},\"query-input\":{\"@type\":\"PropertyValueSpecification\",\"valueRequired\":true,\"valueName\":\"search_term_string\"}}],\"inLanguage\":\"pl-PL\"},{\"@type\":\"Organization\",\"@id\":\"https:\/\/shop.diolosa.com\/pl\/#organization\",\"name\":\"Claude Diolosa\",\"url\":\"https:\/\/shop.diolosa.com\/pl\/\",\"logo\":{\"@type\":\"ImageObject\",\"inLanguage\":\"pl-PL\",\"@id\":\"https:\/\/shop.diolosa.com\/pl\/#\/schema\/logo\/image\/\",\"url\":\"https:\/\/shop.diolosa.com\/wp-content\/uploads\/2019\/08\/diolosa-drop-logo-new.png\",\"contentUrl\":\"https:\/\/shop.diolosa.com\/wp-content\/uploads\/2019\/08\/diolosa-drop-logo-new.png\",\"width\":134,\"height\":176,\"caption\":\"Claude Diolosa\"},\"image\":{\"@id\":\"https:\/\/shop.diolosa.com\/pl\/#\/schema\/logo\/image\/\"},\"sameAs\":[\"https:\/\/facebook.com\/claudediolosa\",\"https:\/\/www.instagram.com\/diolosaclaude108\/\"]}]}<\/script>\n<!-- \/ Yoast SEO plugin. -->","yoast_head_json":{"title":"Ryk Lwa - Claude Diolosa","robots":{"index":"index","follow":"follow","max-snippet":"max-snippet:-1","max-image-preview":"max-image-preview:large","max-video-preview":"max-video-preview:-1"},"canonical":"https:\/\/shop.diolosa.com\/pl\/product\/ryk-lwa\/","og_locale":"pl_PL","og_type":"article","og_title":"Ryk Lwa - Claude Diolosa","og_description":"LION&#8217;S ROAR jest stosowany w przypadku ostrych i bardzo bolesnych [...]","og_url":"https:\/\/shop.diolosa.com\/pl\/product\/ryk-lwa\/","og_site_name":"Claude Diolosa","article_publisher":"https:\/\/facebook.com\/claudediolosa","article_modified_time":"2025-05-06T14:18:02+00:00","og_image":[{"width":800,"height":533,"url":"https:\/\/shop.diolosa.com\/wp-content\/uploads\/2019\/09\/Presslinge-140.jpg","type":"image\/jpeg"}],"twitter_card":"summary_large_image","schema":{"@context":"https:\/\/schema.org","@graph":[{"@type":"WebPage","@id":"https:\/\/shop.diolosa.com\/pl\/product\/ryk-lwa\/","url":"https:\/\/shop.diolosa.com\/pl\/product\/ryk-lwa\/","name":"Ryk Lwa - Claude Diolosa","isPartOf":{"@id":"https:\/\/shop.diolosa.com\/pl\/#website"},"primaryImageOfPage":{"@id":"https:\/\/shop.diolosa.com\/pl\/product\/ryk-lwa\/#primaryimage"},"image":{"@id":"https:\/\/shop.diolosa.com\/pl\/product\/ryk-lwa\/#primaryimage"},"thumbnailUrl":"https:\/\/shop.diolosa.com\/wp-content\/uploads\/2019\/09\/Presslinge-140.jpg","datePublished":"2025-03-08T14:07:56+00:00","dateModified":"2025-05-06T14:18:02+00:00","breadcrumb":{"@id":"https:\/\/shop.diolosa.com\/pl\/product\/ryk-lwa\/#breadcrumb"},"inLanguage":"pl-PL","potentialAction":[{"@type":"ReadAction","target":["https:\/\/shop.diolosa.com\/pl\/product\/ryk-lwa\/"]}]},{"@type":"ImageObject","inLanguage":"pl-PL","@id":"https:\/\/shop.diolosa.com\/pl\/product\/ryk-lwa\/#primaryimage","url":"https:\/\/shop.diolosa.com\/wp-content\/uploads\/2019\/09\/Presslinge-140.jpg","contentUrl":"https:\/\/shop.diolosa.com\/wp-content\/uploads\/2019\/09\/Presslinge-140.jpg","width":800,"height":533},{"@type":"BreadcrumbList","@id":"https:\/\/shop.diolosa.com\/pl\/product\/ryk-lwa\/#breadcrumb","itemListElement":[{"@type":"ListItem","position":1,"name":"Startseite","item":"https:\/\/shop.diolosa.com\/pl\/?page_id=3835710"},{"@type":"ListItem","position":2,"name":"Sklep","item":"https:\/\/shop.diolosa.com\/pl\/?page_id=3835710"},{"@type":"ListItem","position":3,"name":"Ryk Lwa"}]},{"@type":"WebSite","@id":"https:\/\/shop.diolosa.com\/pl\/#website","url":"https:\/\/shop.diolosa.com\/pl\/","name":"Claude Diolosa","description":"","publisher":{"@id":"https:\/\/shop.diolosa.com\/pl\/#organization"},"potentialAction":[{"@type":"SearchAction","target":{"@type":"EntryPoint","urlTemplate":"https:\/\/shop.diolosa.com\/pl\/?s={search_term_string}"},"query-input":{"@type":"PropertyValueSpecification","valueRequired":true,"valueName":"search_term_string"}}],"inLanguage":"pl-PL"},{"@type":"Organization","@id":"https:\/\/shop.diolosa.com\/pl\/#organization","name":"Claude Diolosa","url":"https:\/\/shop.diolosa.com\/pl\/","logo":{"@type":"ImageObject","inLanguage":"pl-PL","@id":"https:\/\/shop.diolosa.com\/pl\/#\/schema\/logo\/image\/","url":"https:\/\/shop.diolosa.com\/wp-content\/uploads\/2019\/08\/diolosa-drop-logo-new.png","contentUrl":"https:\/\/shop.diolosa.com\/wp-content\/uploads\/2019\/08\/diolosa-drop-logo-new.png","width":134,"height":176,"caption":"Claude Diolosa"},"image":{"@id":"https:\/\/shop.diolosa.com\/pl\/#\/schema\/logo\/image\/"},"sameAs":["https:\/\/facebook.com\/claudediolosa","https:\/\/www.instagram.com\/diolosaclaude108\/"]}]}},"_links":{"self":[{"href":"https:\/\/shop.diolosa.com\/pl\/wp-json\/wp\/v2\/product\/3835986","targetHints":{"allow":["GET"]}}],"collection":[{"href":"https:\/\/shop.diolosa.com\/pl\/wp-json\/wp\/v2\/product"}],"about":[{"href":"https:\/\/shop.diolosa.com\/pl\/wp-json\/wp\/v2\/types\/product"}],"wp:featuredmedia":[{"embeddable":true,"href":"https:\/\/shop.diolosa.com\/pl\/wp-json\/wp\/v2\/media\/3835943"}],"wp:attachment":[{"href":"https:\/\/shop.diolosa.com\/pl\/wp-json\/wp\/v2\/media?parent=3835986"}],"wp:term":[{"taxonomy":"product_brand","embeddable":true,"href":"https:\/\/shop.diolosa.com\/pl\/wp-json\/wp\/v2\/product_brand?post=3835986"},{"taxonomy":"product_cat","embeddable":true,"href":"https:\/\/shop.diolosa.com\/pl\/wp-json\/wp\/v2\/product_cat?post=3835986"},{"taxonomy":"product_tag","embeddable":true,"href":"https:\/\/shop.diolosa.com\/pl\/wp-json\/wp\/v2\/product_tag?post=3835986"}],"curies":[{"name":"wp","href":"https:\/\/api.w.org\/{rel}","templated":true}]}}