{"id":3835988,"date":"2019-09-04T12:10:21","date_gmt":"2025-03-08T14:07:56","guid":{"rendered":"https:\/\/shop.diolosa.com\/product\/mandziusri\/"},"modified":"2025-05-06T15:18:12","modified_gmt":"2025-05-06T14:18:12","slug":"mandziusri","status":"publish","type":"product","link":"https:\/\/shop.diolosa.com\/pl\/product\/mandziusri\/","title":{"rendered":"Mandziu\u015bri"},"content":{"rendered":"<p>MANJUSHRI jest stosowany w leczeniu zespo\u0142u ADHD. Ten preparat zio\u0142owy od\u017cywia esencj\u0119 (JING), zakorzenia Yang, usuwa ciep\u0142o Yang Ming i Shao Yang, eliminuje stagnacj\u0119 pokarmu w Yang Ming, otwiera subtelne kana\u0142y serca, uspokaja Wiatr Serca, wzmacnia PO i promuje czujno\u015b\u0107. <\/p>\n<p>&nbsp;<\/p>\n","protected":false},"excerpt":{"rendered":"<p>&nbsp;<\/p>\n<p>&nbsp;<\/p>\n","protected":false},"featured_media":3835943,"template":"","meta":{"_acf_changed":false},"product_brand":[],"product_cat":[11778],"product_tag":[11824],"class_list":{"0":"post-3835988","1":"product","2":"type-product","3":"status-publish","4":"has-post-thumbnail","6":"product_cat-pediatria","7":"product_tag-adhd","9":"first","10":"instock","11":"taxable","12":"shipping-taxable","13":"purchasable","14":"product-type-simple"},"acf":{"yn_product_audio":"https:\/\/shop.diolosa.com\/wp-content\/uploads\/2022\/10\/DL_Manjushri.m4a","yn_product_video":"https:\/\/shop.diolosa.com\/wp-content\/uploads\/2024\/10\/Manjushri.mp4","yn_product_akupunktur":"<p>Stymulacja m\u00f3zgu i udro\u017cnienie kana\u0142\u00f3w<br \/>\ndu mai 20 &#8211; bai hui &#8211; bai lao (morze szpiku kostnego, p\u0119cherz) &#8211; xie fa<br \/>\nsi shen cong &#8211; M-HN-1 (m\u00f3zg, cns) &#8211; xie fa<br \/>\nyin tang &#8211; M-HN-3, razem z woreczkiem \u017c\u00f3\u0142ciowym 14 &#8211; yang bai (\u017co\u0142\u0105dek, yang wei mai), 0,5 cun powy\u017cej igie\u0142 punktowych<br \/>\ndu mai 17 &#8211; nao hu (p\u0119cherzyk) i woreczek \u017c\u00f3\u0142ciowy 19 &#8211; nao kong &#8211; xie fa<br \/>\n\u017co\u0142\u0105dek 40 &#8211; feng long (luo) &#8211; xie fa<br \/>\n\u015bledziona 3 &#8211; tai bai (yuan, shu) &#8211; bu fa<br \/>\ncykl 6 &#8211; nei guan (luo, yin wei mai) &#8211; xie fa<br \/>\ncykl 5 &#8211; jian shi &#8211; gui lu (jing, gui) &#8211; xie fa<br \/>\nserce 5 &#8211; tong li (luo) &#8211; xie fa  <\/p>\n<p>Uzupe\u0142nij nerki, aby od\u017cywi\u0107 m\u00f3zg<br \/>\nnerka 3 &#8211; tai xi (shu,yuan) &#8211; bu fa<br \/>\np\u0119cherz 23 &#8211; shen shu &#8211; bu fa<br \/>\nworeczek \u017c\u00f3\u0142ciowy 39 &#8211; xuan zhong &#8211; jue gu (mark) &#8211; bu fa  <\/p>\n<p>Yang Ming i Shao Yang oczyszczanie z ciep\u0142a<br \/>\n\u017co\u0142\u0105dek 44 &#8211; nei ting (ying) &#8211; xie fa<br \/>\nworeczek \u017c\u00f3\u0142ciowy 43 &#8211; xia xi (ying) &#8211; xie fa  <\/p>\n<p>PO zapi\u0105\u0107<br \/>\np\u0119cherz 42 &#8211; po hu (po) &#8211; bu fa<br \/>\np\u0119cherz 13 &#8211; fei shu &#8211; bu fa<br \/>\np\u0142uco 8 &#8211; jing qu (jing) &#8211; bu fa<br \/>\np\u0142uco 9 &#8211; tai yuan &#8211; gui xin (shu, yuan, ba hui xue, gui) &#8211; bu fa<br \/>\np\u0142uco 5 &#8211; chi ze (he) &#8211; bu fa<br \/>\np\u0142uco 6 &#8211; kong zui (xi) &#8211; xie fa<\/p>\n","yn_product_verabreichungsart":"Pelety 140szt.","yn_product_dosierung":"<p>3 x 6 do 10 tabletek dziennie, zawsze przed posi\u0142kami<\/p>\n","yn_product_combinations":"<p>YIN ROOT, SAN BAO TEE (niedob\u00f3r Yin w nerkach), PEACEFUL NIGHTS (bezsenno\u015b\u0107), INTELLIGENT LODGE (Yi Plus), SPIRITUAL SOUL GATE (zast\u0105pienie HUN), CLEARING THE HEAT (niedob\u00f3r Yin i puste ciep\u0142o), NOURISHING THE ESSENCE (niedob\u00f3r Yin i Jin Ye).<\/p>\n","yn_product_avoidable":"<p>Kuchenka mikrofalowa, mro\u017conki, cukier, aspartam, owoce tropikalne, produkty mleczne, kawa, czarna herbata, s\u0142odkie napoje, takie jak Coca Cola, Fanta, Sprite.<\/p>\n","yn_product_tcm_mindmapping":"<p>Os\u0142abienie Yin z pustym ciep\u0142em i ciep\u0142em krwi > Pe\u0142nia Yang w \u017co\u0142\u0105dku i p\u0119cherzyku \u017c\u00f3\u0142ciowym > Niedob\u00f3r krwi w sercu > Wiatr w sercu<\/p>\n","yn_product_tongue_body":"<p>Czubek i trzon j\u0119zyka s\u0105 bardzo czerwone, dr\u017c\u0105ce i krzywe.<\/p>\n","yn_product_tongue_coating":"<p>Cienki, \u017c\u00f3\u0142tawy<\/p>\n","yn_product_pulse_diagnostics":"<p>Puls Yang Ming i Shao Yang: fu mai &#8211; powierzchowny, xian mai &#8211; napi\u0119ty, se mai &#8211; szorstki, shuo mai &#8211; szybki<br \/>\nPuls Shao Yin: fu mai &#8211; powierzchowny, xi mai &#8211; cienki, xu mai &#8211; pusty, shuo mai &#8211; szybki<\/p>\n","yn_product_indications":"<p>Zesp\u00f3\u0142 ADHD, dr\u017cenie, szybka mowa, niespokojne nogi, og\u00f3lny brak koncentracji, bardzo g\u0142o\u015bny, zaburzenia koncentracji uwagi, nadpobudliwo\u015b\u0107, impulsywno\u015b\u0107, dezorganizacja i objawy emocjonalne (np. gwa\u0142towne zmiany nastroju), zmniejszona odporno\u015b\u0107 na stres.<\/p>\n","yn_product_contra_indications":"<p>Niedob\u00f3r Yang > Tai Yang, Yang Ming i Shao Yang Wilgo\u0107, zimno i przekrwienie krwi<\/p>\n","yn_product_pregnancy":"<p>Dozwolone<\/p>\n","yn_product_herbs":"<p>ostrae concha &#8211; mu li, draconis os &#8211; long gu, lycii fructus &#8211; gou qi zi, ligustri fructus &#8211; niu zhen zi, dioscorea rhizoma &#8211; shan yao, nelumbinis semen &#8211; lian zi, lilii bulbus &#8211; bai he, salviae radix &#8211; dan shen<\/p>\n","yn_product_magisterrecipes":"<p>Zhi Bai Di Huang Wan, Huang Lian Wen Dan Tang, Gan Cai Mai Da Zao Tang<\/p>\n"},"yoast_head":"<!-- This site is optimized with the Yoast SEO plugin v24.9 - https:\/\/yoast.com\/wordpress\/plugins\/seo\/ -->\n<title>Mandziu\u015bri - Claude Diolosa<\/title>\n<meta name=\"robots\" content=\"index, follow, max-snippet:-1, max-image-preview:large, max-video-preview:-1\" \/>\n<link rel=\"canonical\" href=\"https:\/\/shop.diolosa.com\/pl\/product\/mandziusri\/\" \/>\n<meta property=\"og:locale\" content=\"pl_PL\" \/>\n<meta property=\"og:type\" content=\"article\" \/>\n<meta property=\"og:title\" content=\"Mandziu\u015bri - Claude Diolosa\" \/>\n<meta property=\"og:description\" content=\"&nbsp; &nbsp;\" \/>\n<meta property=\"og:url\" content=\"https:\/\/shop.diolosa.com\/pl\/product\/mandziusri\/\" \/>\n<meta property=\"og:site_name\" content=\"Claude Diolosa\" \/>\n<meta property=\"article:publisher\" content=\"https:\/\/facebook.com\/claudediolosa\" \/>\n<meta property=\"article:modified_time\" content=\"2025-05-06T14:18:12+00:00\" \/>\n<meta property=\"og:image\" content=\"https:\/\/shop.diolosa.com\/wp-content\/uploads\/2019\/09\/Presslinge-140.jpg\" \/>\n\t<meta property=\"og:image:width\" content=\"800\" \/>\n\t<meta property=\"og:image:height\" content=\"533\" \/>\n\t<meta property=\"og:image:type\" content=\"image\/jpeg\" \/>\n<meta name=\"twitter:card\" content=\"summary_large_image\" \/>\n<script type=\"application\/ld+json\" class=\"yoast-schema-graph\">{\"@context\":\"https:\/\/schema.org\",\"@graph\":[{\"@type\":\"WebPage\",\"@id\":\"https:\/\/shop.diolosa.com\/pl\/product\/mandziusri\/\",\"url\":\"https:\/\/shop.diolosa.com\/pl\/product\/mandziusri\/\",\"name\":\"Mandziu\u015bri - Claude Diolosa\",\"isPartOf\":{\"@id\":\"https:\/\/shop.diolosa.com\/pl\/#website\"},\"primaryImageOfPage\":{\"@id\":\"https:\/\/shop.diolosa.com\/pl\/product\/mandziusri\/#primaryimage\"},\"image\":{\"@id\":\"https:\/\/shop.diolosa.com\/pl\/product\/mandziusri\/#primaryimage\"},\"thumbnailUrl\":\"https:\/\/shop.diolosa.com\/wp-content\/uploads\/2019\/09\/Presslinge-140.jpg\",\"datePublished\":\"2025-03-08T14:07:56+00:00\",\"dateModified\":\"2025-05-06T14:18:12+00:00\",\"breadcrumb\":{\"@id\":\"https:\/\/shop.diolosa.com\/pl\/product\/mandziusri\/#breadcrumb\"},\"inLanguage\":\"pl-PL\",\"potentialAction\":[{\"@type\":\"ReadAction\",\"target\":[\"https:\/\/shop.diolosa.com\/pl\/product\/mandziusri\/\"]}]},{\"@type\":\"ImageObject\",\"inLanguage\":\"pl-PL\",\"@id\":\"https:\/\/shop.diolosa.com\/pl\/product\/mandziusri\/#primaryimage\",\"url\":\"https:\/\/shop.diolosa.com\/wp-content\/uploads\/2019\/09\/Presslinge-140.jpg\",\"contentUrl\":\"https:\/\/shop.diolosa.com\/wp-content\/uploads\/2019\/09\/Presslinge-140.jpg\",\"width\":800,\"height\":533},{\"@type\":\"BreadcrumbList\",\"@id\":\"https:\/\/shop.diolosa.com\/pl\/product\/mandziusri\/#breadcrumb\",\"itemListElement\":[{\"@type\":\"ListItem\",\"position\":1,\"name\":\"Startseite\",\"item\":\"https:\/\/shop.diolosa.com\/pl\/?page_id=3835710\"},{\"@type\":\"ListItem\",\"position\":2,\"name\":\"Sklep\",\"item\":\"https:\/\/shop.diolosa.com\/pl\/?page_id=3835710\"},{\"@type\":\"ListItem\",\"position\":3,\"name\":\"Mandziu\u015bri\"}]},{\"@type\":\"WebSite\",\"@id\":\"https:\/\/shop.diolosa.com\/pl\/#website\",\"url\":\"https:\/\/shop.diolosa.com\/pl\/\",\"name\":\"Claude Diolosa\",\"description\":\"\",\"publisher\":{\"@id\":\"https:\/\/shop.diolosa.com\/pl\/#organization\"},\"potentialAction\":[{\"@type\":\"SearchAction\",\"target\":{\"@type\":\"EntryPoint\",\"urlTemplate\":\"https:\/\/shop.diolosa.com\/pl\/?s={search_term_string}\"},\"query-input\":{\"@type\":\"PropertyValueSpecification\",\"valueRequired\":true,\"valueName\":\"search_term_string\"}}],\"inLanguage\":\"pl-PL\"},{\"@type\":\"Organization\",\"@id\":\"https:\/\/shop.diolosa.com\/pl\/#organization\",\"name\":\"Claude Diolosa\",\"url\":\"https:\/\/shop.diolosa.com\/pl\/\",\"logo\":{\"@type\":\"ImageObject\",\"inLanguage\":\"pl-PL\",\"@id\":\"https:\/\/shop.diolosa.com\/pl\/#\/schema\/logo\/image\/\",\"url\":\"https:\/\/shop.diolosa.com\/wp-content\/uploads\/2019\/08\/diolosa-drop-logo-new.png\",\"contentUrl\":\"https:\/\/shop.diolosa.com\/wp-content\/uploads\/2019\/08\/diolosa-drop-logo-new.png\",\"width\":134,\"height\":176,\"caption\":\"Claude Diolosa\"},\"image\":{\"@id\":\"https:\/\/shop.diolosa.com\/pl\/#\/schema\/logo\/image\/\"},\"sameAs\":[\"https:\/\/facebook.com\/claudediolosa\",\"https:\/\/www.instagram.com\/diolosaclaude108\/\"]}]}<\/script>\n<!-- \/ Yoast SEO plugin. -->","yoast_head_json":{"title":"Mandziu\u015bri - Claude Diolosa","robots":{"index":"index","follow":"follow","max-snippet":"max-snippet:-1","max-image-preview":"max-image-preview:large","max-video-preview":"max-video-preview:-1"},"canonical":"https:\/\/shop.diolosa.com\/pl\/product\/mandziusri\/","og_locale":"pl_PL","og_type":"article","og_title":"Mandziu\u015bri - Claude Diolosa","og_description":"&nbsp; &nbsp;","og_url":"https:\/\/shop.diolosa.com\/pl\/product\/mandziusri\/","og_site_name":"Claude Diolosa","article_publisher":"https:\/\/facebook.com\/claudediolosa","article_modified_time":"2025-05-06T14:18:12+00:00","og_image":[{"width":800,"height":533,"url":"https:\/\/shop.diolosa.com\/wp-content\/uploads\/2019\/09\/Presslinge-140.jpg","type":"image\/jpeg"}],"twitter_card":"summary_large_image","schema":{"@context":"https:\/\/schema.org","@graph":[{"@type":"WebPage","@id":"https:\/\/shop.diolosa.com\/pl\/product\/mandziusri\/","url":"https:\/\/shop.diolosa.com\/pl\/product\/mandziusri\/","name":"Mandziu\u015bri - Claude Diolosa","isPartOf":{"@id":"https:\/\/shop.diolosa.com\/pl\/#website"},"primaryImageOfPage":{"@id":"https:\/\/shop.diolosa.com\/pl\/product\/mandziusri\/#primaryimage"},"image":{"@id":"https:\/\/shop.diolosa.com\/pl\/product\/mandziusri\/#primaryimage"},"thumbnailUrl":"https:\/\/shop.diolosa.com\/wp-content\/uploads\/2019\/09\/Presslinge-140.jpg","datePublished":"2025-03-08T14:07:56+00:00","dateModified":"2025-05-06T14:18:12+00:00","breadcrumb":{"@id":"https:\/\/shop.diolosa.com\/pl\/product\/mandziusri\/#breadcrumb"},"inLanguage":"pl-PL","potentialAction":[{"@type":"ReadAction","target":["https:\/\/shop.diolosa.com\/pl\/product\/mandziusri\/"]}]},{"@type":"ImageObject","inLanguage":"pl-PL","@id":"https:\/\/shop.diolosa.com\/pl\/product\/mandziusri\/#primaryimage","url":"https:\/\/shop.diolosa.com\/wp-content\/uploads\/2019\/09\/Presslinge-140.jpg","contentUrl":"https:\/\/shop.diolosa.com\/wp-content\/uploads\/2019\/09\/Presslinge-140.jpg","width":800,"height":533},{"@type":"BreadcrumbList","@id":"https:\/\/shop.diolosa.com\/pl\/product\/mandziusri\/#breadcrumb","itemListElement":[{"@type":"ListItem","position":1,"name":"Startseite","item":"https:\/\/shop.diolosa.com\/pl\/?page_id=3835710"},{"@type":"ListItem","position":2,"name":"Sklep","item":"https:\/\/shop.diolosa.com\/pl\/?page_id=3835710"},{"@type":"ListItem","position":3,"name":"Mandziu\u015bri"}]},{"@type":"WebSite","@id":"https:\/\/shop.diolosa.com\/pl\/#website","url":"https:\/\/shop.diolosa.com\/pl\/","name":"Claude Diolosa","description":"","publisher":{"@id":"https:\/\/shop.diolosa.com\/pl\/#organization"},"potentialAction":[{"@type":"SearchAction","target":{"@type":"EntryPoint","urlTemplate":"https:\/\/shop.diolosa.com\/pl\/?s={search_term_string}"},"query-input":{"@type":"PropertyValueSpecification","valueRequired":true,"valueName":"search_term_string"}}],"inLanguage":"pl-PL"},{"@type":"Organization","@id":"https:\/\/shop.diolosa.com\/pl\/#organization","name":"Claude Diolosa","url":"https:\/\/shop.diolosa.com\/pl\/","logo":{"@type":"ImageObject","inLanguage":"pl-PL","@id":"https:\/\/shop.diolosa.com\/pl\/#\/schema\/logo\/image\/","url":"https:\/\/shop.diolosa.com\/wp-content\/uploads\/2019\/08\/diolosa-drop-logo-new.png","contentUrl":"https:\/\/shop.diolosa.com\/wp-content\/uploads\/2019\/08\/diolosa-drop-logo-new.png","width":134,"height":176,"caption":"Claude Diolosa"},"image":{"@id":"https:\/\/shop.diolosa.com\/pl\/#\/schema\/logo\/image\/"},"sameAs":["https:\/\/facebook.com\/claudediolosa","https:\/\/www.instagram.com\/diolosaclaude108\/"]}]}},"_links":{"self":[{"href":"https:\/\/shop.diolosa.com\/pl\/wp-json\/wp\/v2\/product\/3835988","targetHints":{"allow":["GET"]}}],"collection":[{"href":"https:\/\/shop.diolosa.com\/pl\/wp-json\/wp\/v2\/product"}],"about":[{"href":"https:\/\/shop.diolosa.com\/pl\/wp-json\/wp\/v2\/types\/product"}],"wp:featuredmedia":[{"embeddable":true,"href":"https:\/\/shop.diolosa.com\/pl\/wp-json\/wp\/v2\/media\/3835943"}],"wp:attachment":[{"href":"https:\/\/shop.diolosa.com\/pl\/wp-json\/wp\/v2\/media?parent=3835988"}],"wp:term":[{"taxonomy":"product_brand","embeddable":true,"href":"https:\/\/shop.diolosa.com\/pl\/wp-json\/wp\/v2\/product_brand?post=3835988"},{"taxonomy":"product_cat","embeddable":true,"href":"https:\/\/shop.diolosa.com\/pl\/wp-json\/wp\/v2\/product_cat?post=3835988"},{"taxonomy":"product_tag","embeddable":true,"href":"https:\/\/shop.diolosa.com\/pl\/wp-json\/wp\/v2\/product_tag?post=3835988"}],"curies":[{"name":"wp","href":"https:\/\/api.w.org\/{rel}","templated":true}]}}