{"id":3835995,"date":"2019-09-04T12:10:21","date_gmt":"2025-03-08T14:08:00","guid":{"rendered":"https:\/\/shop.diolosa.com\/product\/achilles\/"},"modified":"2025-05-30T19:18:28","modified_gmt":"2025-05-30T18:18:28","slug":"achilles","status":"publish","type":"product","link":"https:\/\/shop.diolosa.com\/pl\/product\/achilles\/","title":{"rendered":"Achilles"},"content":{"rendered":"<p>ACHILLEUS jest stosowany w leczeniu zapalenia kaletki Achillesa, stanu charakteryzuj\u0105cego si\u0119 zapaleniem kaletki w pobli\u017cu \u015bci\u0119gna Achillesa. Zapalenie to mo\u017ce powodowa\u0107 r\u00f3\u017cne objawy, w tym obrz\u0119k i zaczerwienienie dotkni\u0119tego obszaru, a tak\u017ce przegrzanie stawu. Pacjenci cz\u0119sto zg\u0142aszaj\u0105 zwi\u0119kszon\u0105 tkliwo\u015b\u0107, a czasem pulsuj\u0105cy b\u00f3l, szczeg\u00f3lnie w kaletce obj\u0119tej stanem zapalnym. Objawy te mog\u0105 znacznie ogranicza\u0107 mobilno\u015b\u0107, a tym samym powa\u017cnie upo\u015bledza\u0107 codzienne \u017cycie os\u00f3b dotkni\u0119tych chorob\u0105.   <\/p>\n<p>Preparat zio\u0142owy ACHILLEUS ma szereg pozytywnych skutk\u00f3w dla organizmu. Otwiera \u015bcie\u017cki, co oznacza, \u017ce harmonizuje przep\u0142yw energii w ciele i reaktywuje zablokowane obszary. Usuwa r\u00f3wnie\u017c zatory krwi i qi, co jest wa\u017cne dla zdrowego kr\u0105\u017cenia energii \u017cyciowej i krwi w organizmie. W\u0142a\u015bciwo\u015bci przeciwzapalne preparatu pomagaj\u0105 zmniejszy\u0107 stan zapalny, a tym samym z\u0142agodzi\u0107 b\u00f3l. Dzi\u0119ki po\u0142\u0105czeniu r\u00f3\u017cnych mechanizm\u00f3w dzia\u0142ania, ACHILLEUS przyspiesza r\u00f3wnie\u017c og\u00f3lny proces gojenia, co ma ogromne znaczenie dla pacjent\u00f3w z zapaleniem Achillobursitis.<\/p>\n","protected":false},"excerpt":{"rendered":"<p>ACHILLEUS jest stosowany w leczeniu zapalenia kaletki Achillesa, stanu charakteryzuj\u0105cego  [&#8230;]<\/p>\n","protected":false},"featured_media":3835943,"template":"","meta":{"_acf_changed":false},"product_brand":[],"product_cat":[11784],"product_tag":[11826],"class_list":{"0":"post-3835995","1":"product","2":"type-product","3":"status-publish","4":"has-post-thumbnail","6":"product_cat-medycyna-sportowa","7":"product_tag-zapalenie-sciegna-achillobursitis","9":"first","10":"instock","11":"taxable","12":"shipping-taxable","13":"purchasable","14":"product-type-simple"},"acf":{"yn_product_audio":"https:\/\/shop.diolosa.com\/wp-content\/uploads\/2018\/12\/DL_0996.mp3","yn_product_akupunktur":"<p>Miejscowe ig\u0142owanie i punkty Ashi &#8211; Xie Fa<br \/>\nbubble 60 &#8211; kun lun (jing) &#8211; xie fa<br \/>\n\u015bledziona 5 &#8211; shang qiu (jing)- xie fa<br \/>\nw\u0105troba 4 &#8211; zhong feng (jing)- xie fa<br \/>\nbubble 57 &#8211; cheng shan &#8211; xie fa<br \/>\nbubble 40 &#8211; wei zhong (he, xia he xue &#8211; ba\u0144ka, xi krwi, jing bie ni\/bl) &#8211; xie fa<br \/>\n\u015bledziona 10 &#8211; xue hai (jezioro krwi) &#8211; xie fa<br \/>\np\u0119cherzyk \u017c\u00f3\u0142ciowy 34 &#8211; yang ling quan (he, xia he xue, gui) &#8211; xie fa<br \/>\nbubble 63 &#8211; jin men (xi, yang wei mai) &#8211; xie fa<br \/>\nbubble 66 &#8211; to ting gu (ying) &#8211; xie fa<br \/>\nbubble 65 &#8211; shu gu (shu) &#8211; xie fa  <\/p>\n<p>Nourish Blood and Jing &#8211; Bu Fa<br \/>\nliver 3 &#8211; tai chong (shu, yuan) &#8211; bu fa<br \/>\nliver 8 &#8211; qu quan (he) &#8211; bu fa<br \/>\nbladder 17 &#8211; ge shu (blood) &#8211; bu fa<br \/>\nkidney 3 &#8211; tai xi (shu, yuan) &#8211; bu fa<\/p>\n","yn_product_verabreichungsart":"Pelety 140szt.","yn_product_dosierung":"<p>3 x 6 do 10 tabletek dziennie przez co najmniej 12 do 30 dni<\/p>\n","yn_product_combinations":"<p>IRON ROPE (zazwyczaj na urazy \u015bci\u0119gien), IRON DROPS, aby od\u017cywi\u0107 krew, stosowa\u0107 FREE FLOW OIL, GEL, SPRAY zewn\u0119trznie kilka razy dziennie, SAN BAO TEA i YIN ROOT po po\u0142udniu, RINCHEN TEA i YANG ROOT rano, aby od\u017cywi\u0107 esencj\u0119, a tym samym krew w\u0105troby.<\/p>\n","yn_product_avoidable":"<p>W medycynie sportowej nale\u017cy szczeg\u00f3lnie unika\u0107 pokarm\u00f3w, kt\u00f3re spowalniaj\u0105 kr\u0105\u017cenie Qi i But, blokuj\u0105 \u015bci\u0119gna i mi\u0119\u015bnie wilgoci\u0105 i flegm\u0105, a tym samym je uszkadzaj\u0105, a tak\u017ce sch\u0142adzaj\u0105 Yang Ming zar\u00f3wno przed, jak i po treningu. Ze wszystkich produkt\u00f3w mlecznych najbardziej zalecane s\u0105 twarde sery i mas\u0142o. Jaja kurze maj\u0105 dzia\u0142anie wzmacniaj\u0105ce i od\u017cywcze. Z drugiej strony nale\u017cy unika\u0107 jogurtu, mleka, serwatki, twarogu, \u015bmietany i kefiru. W tym przypadku mleko krowie mo\u017cna zast\u0105pi\u0107 mlekiem sojowym i ry\u017cowym, aby od\u017cywi\u0107 p\u0142yny ustrojowe i uzyska\u0107 efekt od\u015bwie\u017cenia.    <\/p>\n","yn_product_tcm_mindmapping":"<p>Sporty wyczynowe uszkadzaj\u0105 p\u0142yny ustrojowe (Jin Ye) i krew > niedob\u00f3r krwi > niedob\u00f3r Yin > zast\u00f3j Qi i krwi > stan zapalny > lub uraz > zast\u00f3j Qi i krwi.<\/p>\n","yn_product_tongue_body":"<p>Blady i szczup\u0142y<\/p>\n","yn_product_tongue_coating":"<p>Cienki i bia\u0142y<\/p>\n","yn_product_pulse_diagnostics":"<p>xi mai &#8211; cienki, se mai &#8211; szorstki, duan mai &#8211; kr\u00f3tki<\/p>\n","yn_product_indications":"<p>Urazy \u015bci\u0119gna Achillesa, naderwania i stany zapalne, obrz\u0119k, b\u00f3l, ograniczenie ruchu, ciep\u0142o i tkliwo\u015b\u0107 w okolicy pi\u0119ty.<\/p>\n","yn_product_contra_indications":"<p>Krwawienie<\/p>\n","yn_product_pregnancy":"<p>Przeciwwskazane<\/p>\n","yn_product_herbs":"<p>coicis semen &#8211; yi yi ren, poria cocos &#8211; fu ling, angelicae sinensis radix &#8211; dang gui, persicae semen &#8211; tao ren, carthami flos &#8211; hong hua, cyathulae radix &#8211; chuan niu xi, loranthi ramulus &#8211; sang ji sheng, ligustri fructus &#8211; niu zhen zi, alismati rhizoma &#8211; ze xie, glycyrrhizae uralensis radix &#8211; gan cao<\/p>\n","yn_product_magisterrecipes":"<p>Di Da Wan, Huo Xue Zhi Tong San, Huo Luo Xiao Ling Dan<\/p>\n","yn_product_video":"https:\/\/shop.diolosa.com\/wp-content\/uploads\/2026\/03\/Achilleus.mp4"},"yoast_head":"<!-- This site is optimized with the Yoast SEO plugin v24.9 - https:\/\/yoast.com\/wordpress\/plugins\/seo\/ -->\n<title>Achilles - Claude Diolosa<\/title>\n<meta name=\"robots\" content=\"index, follow, max-snippet:-1, max-image-preview:large, max-video-preview:-1\" \/>\n<link rel=\"canonical\" href=\"https:\/\/shop.diolosa.com\/pl\/product\/achilles\/\" \/>\n<meta property=\"og:locale\" content=\"pl_PL\" \/>\n<meta property=\"og:type\" content=\"article\" \/>\n<meta property=\"og:title\" content=\"Achilles - Claude Diolosa\" \/>\n<meta property=\"og:description\" content=\"ACHILLEUS jest stosowany w leczeniu zapalenia kaletki Achillesa, stanu charakteryzuj\u0105cego [...]\" \/>\n<meta property=\"og:url\" content=\"https:\/\/shop.diolosa.com\/pl\/product\/achilles\/\" \/>\n<meta property=\"og:site_name\" content=\"Claude Diolosa\" \/>\n<meta property=\"article:publisher\" content=\"https:\/\/facebook.com\/claudediolosa\" \/>\n<meta property=\"article:modified_time\" content=\"2025-05-30T18:18:28+00:00\" \/>\n<meta property=\"og:image\" content=\"https:\/\/shop.diolosa.com\/wp-content\/uploads\/2019\/09\/Presslinge-140.jpg\" \/>\n\t<meta property=\"og:image:width\" content=\"800\" \/>\n\t<meta property=\"og:image:height\" content=\"533\" \/>\n\t<meta property=\"og:image:type\" content=\"image\/jpeg\" \/>\n<meta name=\"twitter:card\" content=\"summary_large_image\" \/>\n<meta name=\"twitter:label1\" content=\"Szacowany czas czytania\" \/>\n\t<meta name=\"twitter:data1\" content=\"1 minuta\" \/>\n<script type=\"application\/ld+json\" class=\"yoast-schema-graph\">{\"@context\":\"https:\/\/schema.org\",\"@graph\":[{\"@type\":\"WebPage\",\"@id\":\"https:\/\/shop.diolosa.com\/pl\/product\/achilles\/\",\"url\":\"https:\/\/shop.diolosa.com\/pl\/product\/achilles\/\",\"name\":\"Achilles - Claude Diolosa\",\"isPartOf\":{\"@id\":\"https:\/\/shop.diolosa.com\/pl\/#website\"},\"primaryImageOfPage\":{\"@id\":\"https:\/\/shop.diolosa.com\/pl\/product\/achilles\/#primaryimage\"},\"image\":{\"@id\":\"https:\/\/shop.diolosa.com\/pl\/product\/achilles\/#primaryimage\"},\"thumbnailUrl\":\"https:\/\/shop.diolosa.com\/wp-content\/uploads\/2019\/09\/Presslinge-140.jpg\",\"datePublished\":\"2025-03-08T14:08:00+00:00\",\"dateModified\":\"2025-05-30T18:18:28+00:00\",\"breadcrumb\":{\"@id\":\"https:\/\/shop.diolosa.com\/pl\/product\/achilles\/#breadcrumb\"},\"inLanguage\":\"pl-PL\",\"potentialAction\":[{\"@type\":\"ReadAction\",\"target\":[\"https:\/\/shop.diolosa.com\/pl\/product\/achilles\/\"]}]},{\"@type\":\"ImageObject\",\"inLanguage\":\"pl-PL\",\"@id\":\"https:\/\/shop.diolosa.com\/pl\/product\/achilles\/#primaryimage\",\"url\":\"https:\/\/shop.diolosa.com\/wp-content\/uploads\/2019\/09\/Presslinge-140.jpg\",\"contentUrl\":\"https:\/\/shop.diolosa.com\/wp-content\/uploads\/2019\/09\/Presslinge-140.jpg\",\"width\":800,\"height\":533},{\"@type\":\"BreadcrumbList\",\"@id\":\"https:\/\/shop.diolosa.com\/pl\/product\/achilles\/#breadcrumb\",\"itemListElement\":[{\"@type\":\"ListItem\",\"position\":1,\"name\":\"Startseite\",\"item\":\"https:\/\/shop.diolosa.com\/pl\/?page_id=3835710\"},{\"@type\":\"ListItem\",\"position\":2,\"name\":\"Sklep\",\"item\":\"https:\/\/shop.diolosa.com\/pl\/?page_id=3835710\"},{\"@type\":\"ListItem\",\"position\":3,\"name\":\"Achilles\"}]},{\"@type\":\"WebSite\",\"@id\":\"https:\/\/shop.diolosa.com\/pl\/#website\",\"url\":\"https:\/\/shop.diolosa.com\/pl\/\",\"name\":\"Claude Diolosa\",\"description\":\"\",\"publisher\":{\"@id\":\"https:\/\/shop.diolosa.com\/pl\/#organization\"},\"potentialAction\":[{\"@type\":\"SearchAction\",\"target\":{\"@type\":\"EntryPoint\",\"urlTemplate\":\"https:\/\/shop.diolosa.com\/pl\/?s={search_term_string}\"},\"query-input\":{\"@type\":\"PropertyValueSpecification\",\"valueRequired\":true,\"valueName\":\"search_term_string\"}}],\"inLanguage\":\"pl-PL\"},{\"@type\":\"Organization\",\"@id\":\"https:\/\/shop.diolosa.com\/pl\/#organization\",\"name\":\"Claude Diolosa\",\"url\":\"https:\/\/shop.diolosa.com\/pl\/\",\"logo\":{\"@type\":\"ImageObject\",\"inLanguage\":\"pl-PL\",\"@id\":\"https:\/\/shop.diolosa.com\/pl\/#\/schema\/logo\/image\/\",\"url\":\"https:\/\/shop.diolosa.com\/wp-content\/uploads\/2019\/08\/diolosa-drop-logo-new.png\",\"contentUrl\":\"https:\/\/shop.diolosa.com\/wp-content\/uploads\/2019\/08\/diolosa-drop-logo-new.png\",\"width\":134,\"height\":176,\"caption\":\"Claude Diolosa\"},\"image\":{\"@id\":\"https:\/\/shop.diolosa.com\/pl\/#\/schema\/logo\/image\/\"},\"sameAs\":[\"https:\/\/facebook.com\/claudediolosa\",\"https:\/\/www.instagram.com\/diolosaclaude108\/\"]}]}<\/script>\n<!-- \/ Yoast SEO plugin. -->","yoast_head_json":{"title":"Achilles - Claude Diolosa","robots":{"index":"index","follow":"follow","max-snippet":"max-snippet:-1","max-image-preview":"max-image-preview:large","max-video-preview":"max-video-preview:-1"},"canonical":"https:\/\/shop.diolosa.com\/pl\/product\/achilles\/","og_locale":"pl_PL","og_type":"article","og_title":"Achilles - Claude Diolosa","og_description":"ACHILLEUS jest stosowany w leczeniu zapalenia kaletki Achillesa, stanu charakteryzuj\u0105cego [...]","og_url":"https:\/\/shop.diolosa.com\/pl\/product\/achilles\/","og_site_name":"Claude Diolosa","article_publisher":"https:\/\/facebook.com\/claudediolosa","article_modified_time":"2025-05-30T18:18:28+00:00","og_image":[{"width":800,"height":533,"url":"https:\/\/shop.diolosa.com\/wp-content\/uploads\/2019\/09\/Presslinge-140.jpg","type":"image\/jpeg"}],"twitter_card":"summary_large_image","twitter_misc":{"Szacowany czas czytania":"1 minuta"},"schema":{"@context":"https:\/\/schema.org","@graph":[{"@type":"WebPage","@id":"https:\/\/shop.diolosa.com\/pl\/product\/achilles\/","url":"https:\/\/shop.diolosa.com\/pl\/product\/achilles\/","name":"Achilles - Claude Diolosa","isPartOf":{"@id":"https:\/\/shop.diolosa.com\/pl\/#website"},"primaryImageOfPage":{"@id":"https:\/\/shop.diolosa.com\/pl\/product\/achilles\/#primaryimage"},"image":{"@id":"https:\/\/shop.diolosa.com\/pl\/product\/achilles\/#primaryimage"},"thumbnailUrl":"https:\/\/shop.diolosa.com\/wp-content\/uploads\/2019\/09\/Presslinge-140.jpg","datePublished":"2025-03-08T14:08:00+00:00","dateModified":"2025-05-30T18:18:28+00:00","breadcrumb":{"@id":"https:\/\/shop.diolosa.com\/pl\/product\/achilles\/#breadcrumb"},"inLanguage":"pl-PL","potentialAction":[{"@type":"ReadAction","target":["https:\/\/shop.diolosa.com\/pl\/product\/achilles\/"]}]},{"@type":"ImageObject","inLanguage":"pl-PL","@id":"https:\/\/shop.diolosa.com\/pl\/product\/achilles\/#primaryimage","url":"https:\/\/shop.diolosa.com\/wp-content\/uploads\/2019\/09\/Presslinge-140.jpg","contentUrl":"https:\/\/shop.diolosa.com\/wp-content\/uploads\/2019\/09\/Presslinge-140.jpg","width":800,"height":533},{"@type":"BreadcrumbList","@id":"https:\/\/shop.diolosa.com\/pl\/product\/achilles\/#breadcrumb","itemListElement":[{"@type":"ListItem","position":1,"name":"Startseite","item":"https:\/\/shop.diolosa.com\/pl\/?page_id=3835710"},{"@type":"ListItem","position":2,"name":"Sklep","item":"https:\/\/shop.diolosa.com\/pl\/?page_id=3835710"},{"@type":"ListItem","position":3,"name":"Achilles"}]},{"@type":"WebSite","@id":"https:\/\/shop.diolosa.com\/pl\/#website","url":"https:\/\/shop.diolosa.com\/pl\/","name":"Claude Diolosa","description":"","publisher":{"@id":"https:\/\/shop.diolosa.com\/pl\/#organization"},"potentialAction":[{"@type":"SearchAction","target":{"@type":"EntryPoint","urlTemplate":"https:\/\/shop.diolosa.com\/pl\/?s={search_term_string}"},"query-input":{"@type":"PropertyValueSpecification","valueRequired":true,"valueName":"search_term_string"}}],"inLanguage":"pl-PL"},{"@type":"Organization","@id":"https:\/\/shop.diolosa.com\/pl\/#organization","name":"Claude Diolosa","url":"https:\/\/shop.diolosa.com\/pl\/","logo":{"@type":"ImageObject","inLanguage":"pl-PL","@id":"https:\/\/shop.diolosa.com\/pl\/#\/schema\/logo\/image\/","url":"https:\/\/shop.diolosa.com\/wp-content\/uploads\/2019\/08\/diolosa-drop-logo-new.png","contentUrl":"https:\/\/shop.diolosa.com\/wp-content\/uploads\/2019\/08\/diolosa-drop-logo-new.png","width":134,"height":176,"caption":"Claude Diolosa"},"image":{"@id":"https:\/\/shop.diolosa.com\/pl\/#\/schema\/logo\/image\/"},"sameAs":["https:\/\/facebook.com\/claudediolosa","https:\/\/www.instagram.com\/diolosaclaude108\/"]}]}},"_links":{"self":[{"href":"https:\/\/shop.diolosa.com\/pl\/wp-json\/wp\/v2\/product\/3835995","targetHints":{"allow":["GET"]}}],"collection":[{"href":"https:\/\/shop.diolosa.com\/pl\/wp-json\/wp\/v2\/product"}],"about":[{"href":"https:\/\/shop.diolosa.com\/pl\/wp-json\/wp\/v2\/types\/product"}],"wp:featuredmedia":[{"embeddable":true,"href":"https:\/\/shop.diolosa.com\/pl\/wp-json\/wp\/v2\/media\/3835943"}],"wp:attachment":[{"href":"https:\/\/shop.diolosa.com\/pl\/wp-json\/wp\/v2\/media?parent=3835995"}],"wp:term":[{"taxonomy":"product_brand","embeddable":true,"href":"https:\/\/shop.diolosa.com\/pl\/wp-json\/wp\/v2\/product_brand?post=3835995"},{"taxonomy":"product_cat","embeddable":true,"href":"https:\/\/shop.diolosa.com\/pl\/wp-json\/wp\/v2\/product_cat?post=3835995"},{"taxonomy":"product_tag","embeddable":true,"href":"https:\/\/shop.diolosa.com\/pl\/wp-json\/wp\/v2\/product_tag?post=3835995"}],"curies":[{"name":"wp","href":"https:\/\/api.w.org\/{rel}","templated":true}]}}