{"id":3836016,"date":"2019-09-04T12:14:09","date_gmt":"2025-03-08T14:08:15","guid":{"rendered":"https:\/\/shop.diolosa.com\/product\/biegnaca-kobieta\/"},"modified":"2025-05-06T14:55:32","modified_gmt":"2025-05-06T13:55:32","slug":"biegnaca-kobieta","status":"publish","type":"product","link":"https:\/\/shop.diolosa.com\/pl\/product\/biegnaca-kobieta\/","title":{"rendered":"Biegn\u0105ca kobieta"},"content":{"rendered":"<p>RUNNING WOMAN jest stosowany w leczeniu pe\u0142nej postaci zespo\u0142u niespokojnych n\u00f3g RLS, wywo\u0142anej przez wilgo\u0107-gor\u0105co, tward\u0105 flegm\u0119 i zast\u00f3j krwi w LUO MAI. Wilgo\u0107, kt\u00f3ra przemieszcza si\u0119 w d\u00f3\u0142 i ma upodobanie do Dolnego Ogrzewacza, Jue Yin i naczy\u0144 LUO w nogach, blokuje kr\u0105\u017cenie Qi i Krwi oraz powoduje drganie, mrowienie, ciep\u0142o i b\u00f3l. Preparat ten tonizuje \u015bledzion\u0119, przekszta\u0142ca i odprowadza wt\u00f3rne wilgotne ciep\u0142o w ko\u0144czynach dolnych oraz zapobiega gromadzeniu si\u0119 twardej flegmy (Tan) i zastojowi krwi w LUO MAI ko\u0144czyn g\u00f3rnych i dolnych.  <\/p>\n<p>&nbsp;<\/p>\n<p>&nbsp;<\/p>\n","protected":false},"excerpt":{"rendered":"<p>&nbsp;<\/p>\n<p>&nbsp;<\/p>\n","protected":false},"featured_media":3835943,"template":"","meta":{"_acf_changed":false},"product_brand":[],"product_cat":[11834],"product_tag":[11835],"class_list":{"0":"post-3836016","1":"product","2":"type-product","3":"status-publish","4":"has-post-thumbnail","6":"product_cat-neurologia","7":"product_tag-zespol-niespokojnych-nog","9":"first","10":"instock","11":"taxable","12":"shipping-taxable","13":"purchasable","14":"product-type-simple"},"acf":{"yn_product_audio":"https:\/\/shop.diolosa.com\/wp-content\/uploads\/2022\/10\/DL_RunningWoman.m4a","yn_product_video":"https:\/\/shop.diolosa.com\/wp-content\/uploads\/2025\/05\/Running-Woman-.mp4","yn_product_akupunktur":"<p>Wy\u0142adowanie wilgotnego ciep\u0142a &#8211; Xie Fa<br \/>\n\u015bledziona 9 &#8211; yin ling quan (he)<br \/>\n\u015bledziona 6 &#8211; san yin jiao (le,ni,mb)<br \/>\n\u015bledziona 5 &#8211; shang qiu (jing)<br \/>\njelito grube 11 &#8211; qu chi &#8211; gui tui (he &#8211; gui)<\/p>\n<p>Drain Tan &#8211; Xie Fa<br \/>\n\u017co\u0142\u0105dek 40 &#8211; feng long (luo)<br \/>\nren mai 12 &#8211; zhong wan (mo>)\u017co\u0142\u0105dek, ba hui xue, jelito cienkie, san chiao, \u017co\u0142\u0105dek)<br \/>\nkr\u0105\u017cenie 5 &#8211; jian shi &#8211; gui lu (jing, gui)<br \/>\n\u017co\u0142\u0105dek 25 &#8211; tian shu (mo &#8211; jelito grube)<br \/>\n\u017co\u0142\u0105dek 37 &#8211; shang ju xu (xia he xue &#8211; jelito grube, jezioro krwi, chong mai)<\/p>\n<p>Przenie\u015b krew &#8211; Xie Fa<br \/>\n\u015bledziona 10 &#8211; xue hai (jezioro krwi)<br \/>\n\u015bledziona 8 &#8211; di ji (xi)<br \/>\nw\u0105troba 6 &#8211; zhong du (xi)<br \/>\n\u017co\u0142\u0105dek 34 &#8211; liang qiu (xi)<br \/>\nworeczek \u017c\u00f3\u0142ciowy 36 &#8211; wai qiu (xi)<\/p>\n<p>Luo Otwarte naczynia &#8211; Xie Fa<br \/>\np\u0119cherz 58 &#8211; fei yang (luo)<br \/>\nworeczek \u017c\u00f3\u0142ciowy 37 &#8211; guang ming (luo)<br \/>\n\u017co\u0142\u0105dek 40 &#8211; feng long (luo)<\/p>\n<p>Calm Shen &#8211; Xie Fa<br \/>\nsi shen cong &#8211; M-HN-1 (m\u00f3zg, cns)<br \/>\nan mian &#8211; N-HN-54 (shen, m\u00f3zg)<br \/>\nworeczek \u017c\u00f3\u0142ciowy 20 &#8211; feng chi (san chiao, yang wei mai)<br \/>\njelito cienkie 19 &#8211; ting gong (woreczek \u017c\u00f3\u0142ciowy, san chiao)<br \/>\nserce 5 &#8211; tong li (luo)<br \/>\nkr\u0105\u017cenie 7 &#8211; da ling &#8211; gui xin (shu, yuan, gui)<\/p>\n","yn_product_verabreichungsart":"Pelety 140szt.","yn_product_dosierung":"<p>3 x 6 do 9 tabletek dziennie, dawk\u0119 mo\u017cna r\u00f3wnie\u017c zwi\u0119kszy\u0107 w razie potrzeby.<\/p>\n","yn_product_combinations":"<p>PI\u0118\u0106 SMOK\u00d3W (Luo Mai), TABLETKI OCZYSZCZAJ\u0104CE, HERBATA (kuracja detoksykacyjna), OTWIERANIE BRAMY (wilgotne ciep\u0142o Yang Ming), TABLETKI WOLNEGO PRZEP\u0141YWU, \u017bEL W SPRAYU i OLEJ (zast\u00f3j Qi i krwi &#8211; zaburzenia Luo Mai)<\/p>\n","yn_product_avoidable":"<p>Kawa, czarna herbata, palenie tytoniu, pikantne i ostre mieszanki przypraw, sma\u017cone i t\u0142uste potrawy, alkohol, czosnek, pory, cebula, szczypiorek, boczek, szynka, kie\u0142basa, ser g\u00f3rski, czekolada, s\u0142odkie napoje alkoholowe, s\u0142odziki, s\u0142odycze, owoce cytrusowe, soki owocowe.<\/p>\n","yn_product_tcm_mindmapping":"<p>Nawyki \u017cyciowe > Niedob\u00f3r Qi \u015aledziony > Wt\u00f3rne nagromadzenie Wilgotnego Ciep\u0142a Yang Ming w Dolnym Ogrzewaczu, a tak\u017ce w ko\u0144czynach > Kr\u0105\u017cenie Qi i Krwi w LUO MAI jest spowolnione > Zast\u00f3j Tan i Krwi > Niedo\u017cywienie \u015bci\u0119gien i mi\u0119\u015bni > Wiatr w ko\u0144czynach > Drgawki<\/p>\n","yn_product_tongue_body":"<p>Niedob\u00f3r Qi \u015bledziony = kr\u00f3tki, blady, wilgotny > Yang Ming i Shao Yang Wilgotne Ciep\u0142o = szeroki, wilgotny, czerwony, z obrz\u0119kiem po jednej stronie > Twarda Flegma i Tan = gruby korpus j\u0119zyka > Zast\u00f3j Qi i Krwi blokuje LUO MAI = plamy na kraw\u0119dziach j\u0119zyka<\/p>\n","yn_product_tongue_coating":"<p>Pozycja \u017co\u0142\u0105dka: bia\u0142a na zewn\u0105trz i \u017c\u00f3\u0142tawa wewn\u0105trz<br \/>\nPozycja \u017c\u00f3\u0142ci: jednostronna, w kszta\u0142cie paska, \u017c\u00f3\u0142tawa i lepka<\/p>\n","yn_product_pulse_diagnostics":"<p>Pozycja \u015bledziony: duan mai &#8211; kr\u00f3tka, da mai &#8211; szeroka, xu mai &#8211; pusta lub huan mai &#8211; spokojna<br \/>\nPozycja \u017co\u0142\u0105dka: da mai &#8211; szeroka (wilgo\u0107 pierwotna) i hua mai &#8211; \u015blizgowa (ciep\u0142o wilgoci wt\u00f3rnej) > Dolna pozycja cieplejsza: hua mai &#8211; \u015blizgowa, se mai &#8211; szorstka, dai mai &#8211; nieregularna\/regularna<\/p>\n","yn_product_indications":"<p>Zesp\u00f3\u0142 niespokojnych n\u00f3g, ko\u0144czyny dolne s\u0105 opuchni\u0119te, ciep\u0142e i ospa\u0142e, uczucie pragnienia (gdy dominuje ciep\u0142o), nie\u015bwie\u017cy oddech, t\u0142usta sk\u00f3ra i sk\u00f3ra g\u0142owy, b\u00f3l g\u0142owy po jedzeniu i piciu, nudno\u015bci, wymioty, cuchn\u0105ce odchody, sk\u0105pomocz, zm\u0119czenie, uczucie ospa\u0142o\u015bci, wilgotne i ropne wysypki sk\u00f3rne, tr\u0105dzik, ropie\u0144, czyraki, czasami zaburzenia Shen lub stan maniakalny.<\/p>\n","yn_product_contra_indications":"<p>Niedob\u00f3r Yin w nerkach, puste ciep\u0142o i ciep\u0142o krwi, zachodnie preparaty kr\u0105\u017ceniowe<\/p>\n","yn_product_pregnancy":"<p>Przeciwwskazane<\/p>\n","yn_product_herbs":"<p>coicis semen &#8211; yi yi ren, sclerotium poriae cocos albae &#8211; bai fu ling, achyranthis radix &#8211; huai niu xi, moutan cortex &#8211; mu dan pi, alismati rhizoma &#8211; ze xie, salviae radix &#8211; dan shen, spatholobi seu milletiae caulis &#8211; ji xue teng, glycyrrhizae uralensis radix &#8211; gan cao<\/p>\n","yn_product_magisterrecipes":"<p>Si Miao Tang, Ge Xia Fu Zhu Yu Tang, Huo Luo Xiao Ling Dan<\/p>\n"},"yoast_head":"<!-- This site is optimized with the Yoast SEO plugin v24.9 - https:\/\/yoast.com\/wordpress\/plugins\/seo\/ -->\n<title>Biegn\u0105ca kobieta - Claude Diolosa<\/title>\n<meta name=\"robots\" content=\"index, follow, max-snippet:-1, max-image-preview:large, max-video-preview:-1\" \/>\n<link rel=\"canonical\" href=\"https:\/\/shop.diolosa.com\/pl\/product\/biegnaca-kobieta\/\" \/>\n<meta property=\"og:locale\" content=\"pl_PL\" \/>\n<meta property=\"og:type\" content=\"article\" \/>\n<meta property=\"og:title\" content=\"Biegn\u0105ca kobieta - Claude Diolosa\" \/>\n<meta property=\"og:description\" content=\"&nbsp; &nbsp;\" \/>\n<meta property=\"og:url\" content=\"https:\/\/shop.diolosa.com\/pl\/product\/biegnaca-kobieta\/\" \/>\n<meta property=\"og:site_name\" content=\"Claude Diolosa\" \/>\n<meta property=\"article:publisher\" content=\"https:\/\/facebook.com\/claudediolosa\" \/>\n<meta property=\"article:modified_time\" content=\"2025-05-06T13:55:32+00:00\" \/>\n<meta property=\"og:image\" content=\"https:\/\/shop.diolosa.com\/wp-content\/uploads\/2019\/09\/Presslinge-140.jpg\" \/>\n\t<meta property=\"og:image:width\" content=\"800\" \/>\n\t<meta property=\"og:image:height\" content=\"533\" \/>\n\t<meta property=\"og:image:type\" content=\"image\/jpeg\" \/>\n<meta name=\"twitter:card\" content=\"summary_large_image\" \/>\n<meta name=\"twitter:label1\" content=\"Szacowany czas czytania\" \/>\n\t<meta name=\"twitter:data1\" content=\"1 minuta\" \/>\n<script type=\"application\/ld+json\" class=\"yoast-schema-graph\">{\"@context\":\"https:\/\/schema.org\",\"@graph\":[{\"@type\":\"WebPage\",\"@id\":\"https:\/\/shop.diolosa.com\/pl\/product\/biegnaca-kobieta\/\",\"url\":\"https:\/\/shop.diolosa.com\/pl\/product\/biegnaca-kobieta\/\",\"name\":\"Biegn\u0105ca kobieta - Claude Diolosa\",\"isPartOf\":{\"@id\":\"https:\/\/shop.diolosa.com\/pl\/#website\"},\"primaryImageOfPage\":{\"@id\":\"https:\/\/shop.diolosa.com\/pl\/product\/biegnaca-kobieta\/#primaryimage\"},\"image\":{\"@id\":\"https:\/\/shop.diolosa.com\/pl\/product\/biegnaca-kobieta\/#primaryimage\"},\"thumbnailUrl\":\"https:\/\/shop.diolosa.com\/wp-content\/uploads\/2019\/09\/Presslinge-140.jpg\",\"datePublished\":\"2025-03-08T14:08:15+00:00\",\"dateModified\":\"2025-05-06T13:55:32+00:00\",\"breadcrumb\":{\"@id\":\"https:\/\/shop.diolosa.com\/pl\/product\/biegnaca-kobieta\/#breadcrumb\"},\"inLanguage\":\"pl-PL\",\"potentialAction\":[{\"@type\":\"ReadAction\",\"target\":[\"https:\/\/shop.diolosa.com\/pl\/product\/biegnaca-kobieta\/\"]}]},{\"@type\":\"ImageObject\",\"inLanguage\":\"pl-PL\",\"@id\":\"https:\/\/shop.diolosa.com\/pl\/product\/biegnaca-kobieta\/#primaryimage\",\"url\":\"https:\/\/shop.diolosa.com\/wp-content\/uploads\/2019\/09\/Presslinge-140.jpg\",\"contentUrl\":\"https:\/\/shop.diolosa.com\/wp-content\/uploads\/2019\/09\/Presslinge-140.jpg\",\"width\":800,\"height\":533},{\"@type\":\"BreadcrumbList\",\"@id\":\"https:\/\/shop.diolosa.com\/pl\/product\/biegnaca-kobieta\/#breadcrumb\",\"itemListElement\":[{\"@type\":\"ListItem\",\"position\":1,\"name\":\"Startseite\",\"item\":\"https:\/\/shop.diolosa.com\/pl\/?page_id=3835710\"},{\"@type\":\"ListItem\",\"position\":2,\"name\":\"Sklep\",\"item\":\"https:\/\/shop.diolosa.com\/pl\/?page_id=3835710\"},{\"@type\":\"ListItem\",\"position\":3,\"name\":\"Biegn\u0105ca kobieta\"}]},{\"@type\":\"WebSite\",\"@id\":\"https:\/\/shop.diolosa.com\/pl\/#website\",\"url\":\"https:\/\/shop.diolosa.com\/pl\/\",\"name\":\"Claude Diolosa\",\"description\":\"\",\"publisher\":{\"@id\":\"https:\/\/shop.diolosa.com\/pl\/#organization\"},\"potentialAction\":[{\"@type\":\"SearchAction\",\"target\":{\"@type\":\"EntryPoint\",\"urlTemplate\":\"https:\/\/shop.diolosa.com\/pl\/?s={search_term_string}\"},\"query-input\":{\"@type\":\"PropertyValueSpecification\",\"valueRequired\":true,\"valueName\":\"search_term_string\"}}],\"inLanguage\":\"pl-PL\"},{\"@type\":\"Organization\",\"@id\":\"https:\/\/shop.diolosa.com\/pl\/#organization\",\"name\":\"Claude Diolosa\",\"url\":\"https:\/\/shop.diolosa.com\/pl\/\",\"logo\":{\"@type\":\"ImageObject\",\"inLanguage\":\"pl-PL\",\"@id\":\"https:\/\/shop.diolosa.com\/pl\/#\/schema\/logo\/image\/\",\"url\":\"https:\/\/shop.diolosa.com\/wp-content\/uploads\/2019\/08\/diolosa-drop-logo-new.png\",\"contentUrl\":\"https:\/\/shop.diolosa.com\/wp-content\/uploads\/2019\/08\/diolosa-drop-logo-new.png\",\"width\":134,\"height\":176,\"caption\":\"Claude Diolosa\"},\"image\":{\"@id\":\"https:\/\/shop.diolosa.com\/pl\/#\/schema\/logo\/image\/\"},\"sameAs\":[\"https:\/\/facebook.com\/claudediolosa\",\"https:\/\/www.instagram.com\/diolosaclaude108\/\"]}]}<\/script>\n<!-- \/ Yoast SEO plugin. -->","yoast_head_json":{"title":"Biegn\u0105ca kobieta - Claude Diolosa","robots":{"index":"index","follow":"follow","max-snippet":"max-snippet:-1","max-image-preview":"max-image-preview:large","max-video-preview":"max-video-preview:-1"},"canonical":"https:\/\/shop.diolosa.com\/pl\/product\/biegnaca-kobieta\/","og_locale":"pl_PL","og_type":"article","og_title":"Biegn\u0105ca kobieta - Claude Diolosa","og_description":"&nbsp; &nbsp;","og_url":"https:\/\/shop.diolosa.com\/pl\/product\/biegnaca-kobieta\/","og_site_name":"Claude Diolosa","article_publisher":"https:\/\/facebook.com\/claudediolosa","article_modified_time":"2025-05-06T13:55:32+00:00","og_image":[{"width":800,"height":533,"url":"https:\/\/shop.diolosa.com\/wp-content\/uploads\/2019\/09\/Presslinge-140.jpg","type":"image\/jpeg"}],"twitter_card":"summary_large_image","twitter_misc":{"Szacowany czas czytania":"1 minuta"},"schema":{"@context":"https:\/\/schema.org","@graph":[{"@type":"WebPage","@id":"https:\/\/shop.diolosa.com\/pl\/product\/biegnaca-kobieta\/","url":"https:\/\/shop.diolosa.com\/pl\/product\/biegnaca-kobieta\/","name":"Biegn\u0105ca kobieta - Claude Diolosa","isPartOf":{"@id":"https:\/\/shop.diolosa.com\/pl\/#website"},"primaryImageOfPage":{"@id":"https:\/\/shop.diolosa.com\/pl\/product\/biegnaca-kobieta\/#primaryimage"},"image":{"@id":"https:\/\/shop.diolosa.com\/pl\/product\/biegnaca-kobieta\/#primaryimage"},"thumbnailUrl":"https:\/\/shop.diolosa.com\/wp-content\/uploads\/2019\/09\/Presslinge-140.jpg","datePublished":"2025-03-08T14:08:15+00:00","dateModified":"2025-05-06T13:55:32+00:00","breadcrumb":{"@id":"https:\/\/shop.diolosa.com\/pl\/product\/biegnaca-kobieta\/#breadcrumb"},"inLanguage":"pl-PL","potentialAction":[{"@type":"ReadAction","target":["https:\/\/shop.diolosa.com\/pl\/product\/biegnaca-kobieta\/"]}]},{"@type":"ImageObject","inLanguage":"pl-PL","@id":"https:\/\/shop.diolosa.com\/pl\/product\/biegnaca-kobieta\/#primaryimage","url":"https:\/\/shop.diolosa.com\/wp-content\/uploads\/2019\/09\/Presslinge-140.jpg","contentUrl":"https:\/\/shop.diolosa.com\/wp-content\/uploads\/2019\/09\/Presslinge-140.jpg","width":800,"height":533},{"@type":"BreadcrumbList","@id":"https:\/\/shop.diolosa.com\/pl\/product\/biegnaca-kobieta\/#breadcrumb","itemListElement":[{"@type":"ListItem","position":1,"name":"Startseite","item":"https:\/\/shop.diolosa.com\/pl\/?page_id=3835710"},{"@type":"ListItem","position":2,"name":"Sklep","item":"https:\/\/shop.diolosa.com\/pl\/?page_id=3835710"},{"@type":"ListItem","position":3,"name":"Biegn\u0105ca kobieta"}]},{"@type":"WebSite","@id":"https:\/\/shop.diolosa.com\/pl\/#website","url":"https:\/\/shop.diolosa.com\/pl\/","name":"Claude Diolosa","description":"","publisher":{"@id":"https:\/\/shop.diolosa.com\/pl\/#organization"},"potentialAction":[{"@type":"SearchAction","target":{"@type":"EntryPoint","urlTemplate":"https:\/\/shop.diolosa.com\/pl\/?s={search_term_string}"},"query-input":{"@type":"PropertyValueSpecification","valueRequired":true,"valueName":"search_term_string"}}],"inLanguage":"pl-PL"},{"@type":"Organization","@id":"https:\/\/shop.diolosa.com\/pl\/#organization","name":"Claude Diolosa","url":"https:\/\/shop.diolosa.com\/pl\/","logo":{"@type":"ImageObject","inLanguage":"pl-PL","@id":"https:\/\/shop.diolosa.com\/pl\/#\/schema\/logo\/image\/","url":"https:\/\/shop.diolosa.com\/wp-content\/uploads\/2019\/08\/diolosa-drop-logo-new.png","contentUrl":"https:\/\/shop.diolosa.com\/wp-content\/uploads\/2019\/08\/diolosa-drop-logo-new.png","width":134,"height":176,"caption":"Claude Diolosa"},"image":{"@id":"https:\/\/shop.diolosa.com\/pl\/#\/schema\/logo\/image\/"},"sameAs":["https:\/\/facebook.com\/claudediolosa","https:\/\/www.instagram.com\/diolosaclaude108\/"]}]}},"_links":{"self":[{"href":"https:\/\/shop.diolosa.com\/pl\/wp-json\/wp\/v2\/product\/3836016","targetHints":{"allow":["GET"]}}],"collection":[{"href":"https:\/\/shop.diolosa.com\/pl\/wp-json\/wp\/v2\/product"}],"about":[{"href":"https:\/\/shop.diolosa.com\/pl\/wp-json\/wp\/v2\/types\/product"}],"wp:featuredmedia":[{"embeddable":true,"href":"https:\/\/shop.diolosa.com\/pl\/wp-json\/wp\/v2\/media\/3835943"}],"wp:attachment":[{"href":"https:\/\/shop.diolosa.com\/pl\/wp-json\/wp\/v2\/media?parent=3836016"}],"wp:term":[{"taxonomy":"product_brand","embeddable":true,"href":"https:\/\/shop.diolosa.com\/pl\/wp-json\/wp\/v2\/product_brand?post=3836016"},{"taxonomy":"product_cat","embeddable":true,"href":"https:\/\/shop.diolosa.com\/pl\/wp-json\/wp\/v2\/product_cat?post=3836016"},{"taxonomy":"product_tag","embeddable":true,"href":"https:\/\/shop.diolosa.com\/pl\/wp-json\/wp\/v2\/product_tag?post=3836016"}],"curies":[{"name":"wp","href":"https:\/\/api.w.org\/{rel}","templated":true}]}}