{"id":3836020,"date":"2019-09-04T12:14:09","date_gmt":"2025-03-08T14:08:16","guid":{"rendered":"https:\/\/shop.diolosa.com\/product\/running-man\/"},"modified":"2025-05-06T14:55:31","modified_gmt":"2025-05-06T13:55:31","slug":"running-man","status":"publish","type":"product","link":"https:\/\/shop.diolosa.com\/pl\/product\/running-man\/","title":{"rendered":"Running Man"},"content":{"rendered":"<p>RUNNING MAN jest stosowany w przypadku pustej formy zespo\u0142u niespokojnych n\u00f3g RLS. Preparat ten od\u017cywia Yin i Krew, usuwa Puste Ciep\u0142o bez wytwarzania Wilgoci, Flegmy lub Tan, porusza Krew, eliminuje Tward\u0105 Flegm\u0119 (Tan) i zapobiega gromadzeniu si\u0119 Twardej Flegmy (Tan) i zastojowi Krwi w LUO MAI ko\u0144czyn g\u00f3rnych i dolnych. <\/p>\n<p>&nbsp;<\/p>\n<p>&nbsp;<\/p>\n","protected":false},"excerpt":{"rendered":"<p>&nbsp;<\/p>\n<p>&nbsp;<\/p>\n","protected":false},"featured_media":3835943,"template":"","meta":{"_acf_changed":false},"product_brand":[],"product_cat":[11834],"product_tag":[11835],"class_list":{"0":"post-3836020","1":"product","2":"type-product","3":"status-publish","4":"has-post-thumbnail","6":"product_cat-neurologia","7":"product_tag-zespol-niespokojnych-nog","9":"first","10":"instock","11":"taxable","12":"shipping-taxable","13":"purchasable","14":"product-type-simple"},"acf":{"yn_product_audio":"https:\/\/shop.diolosa.com\/wp-content\/uploads\/2022\/10\/DL_Running-Man-.m4a","yn_product_video":"https:\/\/shop.diolosa.com\/wp-content\/uploads\/2025\/05\/running-man-.mp4","yn_product_akupunktur":"<p>Luo Otwarte naczynia &#8211; Xie Fa<br \/>\np\u0119cherz 58 &#8211; fei yang (luo)<br \/>\nworeczek \u017c\u00f3\u0142ciowy 37 &#8211; guang ming (luo)<br \/>\n\u017co\u0142\u0105dek 40 &#8211; feng long (luo)<\/p>\n<p>Drain Tan &#8211; Xie Fa<br \/>\n\u017co\u0142\u0105dek 40 &#8211; feng long (luo)<br \/>\nren mai 12 &#8211; zhong wan (mo>)\u017co\u0142\u0105dek, ba hui xue, jelito cienkie, san chiao, \u017co\u0142\u0105dek)<br \/>\nkr\u0105\u017cenie 5 &#8211; jian shi &#8211; gui lu (jing, gui)<br \/>\n\u017co\u0142\u0105dek 25 &#8211; tian shu (mo &#8211; jelito grube)<br \/>\n\u017co\u0142\u0105dek 37 &#8211; shang ju xu (xia he xue &#8211; jelito grube, jezioro krwi, chong mai)<\/p>\n<p>Calm Shen &#8211; Xie Fa<br \/>\nsi shen cong &#8211; M-HN-1 (m\u00f3zg, cns)<br \/>\nan mian &#8211; N-HN-54 (shen, m\u00f3zg)<br \/>\nworeczek \u017c\u00f3\u0142ciowy 20 &#8211; feng chi (san chiao, yang wei mai)<br \/>\njelito cienkie 19 &#8211; ting gong (woreczek \u017c\u00f3\u0142ciowy, san chiao)<br \/>\nserce 5 &#8211; tong li (luo)<br \/>\nkr\u0105\u017cenie 7 &#8211; da ling &#8211; gui xin (shu, yuan, gui)<\/p>\n<p>Przenie\u015b krew &#8211; Xie Fa<br \/>\n\u015bledziona 10 &#8211; xue hai (jezioro krwi)<br \/>\n\u015bledziona 8 &#8211; di ji (xi)<br \/>\nw\u0105troba 6 &#8211; zhong du (xi)<br \/>\n\u017co\u0142\u0105dek 34 &#8211; liang qiu (xi)<br \/>\nworeczek \u017c\u00f3\u0142ciowy 36 &#8211; wai qiu (xi)<\/p>\n<p>Tonizowanie yin nerek &#8211; Bu Fa<br \/>\nnerka 3 &#8211; tai xi (shu,yuan)<br \/>\nnerka 7 &#8211; fu liu (jing)<br \/>\nnerka 5 &#8211; shui quan (xi &#8211; yin qiao mai)<br \/>\nnerka 6 &#8211; zhao hai (yin qiao mai)<br \/>\nnerka 4 &#8211; da zhong (luo)<br \/>\np\u0119cherz 23 &#8211; shen shu<br \/>\nworeczek \u017c\u00f3\u0142ciowy 25 &#8211; jing men (mo &#8211; nerka)<br \/>\n\u015bledziona 6 &#8211; san yin jiao (le,ni,mb)<\/p>\n<p>Od\u017cywianie krwi w\u0105troby &#8211; Bu Fa<br \/>\nw\u0105troba 3 &#8211; tai chong (shu, yuan)<br \/>\nw\u0105troba 8 &#8211; qu quan (he)<br \/>\np\u0119cherz 17 &#8211; ge shu (krew)<\/p>\n<p>Od\u017cywianie krwi serca &#8211; Bu Fa<br \/>\nserce 7 &#8211; shen men (shu, yuan)<br \/>\nserce 3 &#8211; shao hai (he)<br \/>\np\u0119cherz 15 &#8211; xin shu<\/p>\n","yn_product_verabreichungsart":"Pelety 140szt.","yn_product_dosierung":"<p>3 x 4 do 9 tabletek dziennie, dawk\u0119 mo\u017cna r\u00f3wnie\u017c zwi\u0119kszy\u0107 w razie potrzeby.<\/p>\n","yn_product_combinations":"<p>PI\u0118\u0106 SMOK\u00d3W (Luo Mai), OCZYSZCZANIE CIEP\u0141A (niedob\u00f3r Yin i Puste Ciep\u0142o), SAN BAO TEE, KORZE\u0143 YIN (niedob\u00f3r Yin), TABLETKI, \u017bEL, SPRAY I OLEJ (zast\u00f3j Qi i Krwi &#8211; zaburzenia Luo Mai)<\/p>\n","yn_product_avoidable":"<p>Kawa, czarna herbata, palenie tytoniu, alkohol, ostre i pikantne przyprawy, mi\u0119so jagni\u0119ce i drobiowe, sma\u017cone i t\u0142uste potrawy, ser g\u00f3rski, jogurt.<\/p>\n","yn_product_tcm_mindmapping":"<p>Niedob\u00f3r Yin w nerkach > Puste ciep\u0142o > Ciep\u0142o krwi > Zast\u00f3j krwi i Tan blokuj\u0105 naczynia Luo > Wiatr w ko\u0144czynach<\/p>\n","yn_product_tongue_body":"<p>W\u0105ski, cienki, czerwony, bardzo czerwonawy czubek j\u0119zyka, plamy na kraw\u0119dziach j\u0119zyka, czasami krzywy, a tak\u017ce p\u0119kni\u0119ty w \u015brodku (Shao Yin). Obecno\u015b\u0107 zastoju Tan i Krwi mo\u017ce powodowa\u0107 gruby, krzywy i dr\u017c\u0105cy j\u0119zyk. <\/p>\n","yn_product_tongue_coating":"<p>Rzadkie, cienkie, \u017c\u00f3\u0142te i suche<\/p>\n","yn_product_pulse_diagnostics":"<p>Pozycja \u017co\u0142\u0105dka i woreczka \u017c\u00f3\u0142ciowego: xian mai &#8211; napi\u0119ta, hua mai &#8211; szybuj\u0105ca, se mai &#8211; szorstka<br \/>\nPozycja yin nerek i serca: fu mai &#8211; powierzchowna, xian mai &#8211; napi\u0119ta, xi mai &#8211; cienka, xu mai &#8211; pusta, shuo mai &#8211; szybka, se mai &#8211; szorstka<\/p>\n","yn_product_indications":"<p>Zesp\u00f3\u0142 niespokojnych n\u00f3g, uczucie gor\u0105ca w ko\u0144czynach dolnych, uczucie gor\u0105ca w pi\u0119ciu p\u0142aszczyznach, bolesne, niespokojne nogi i r\u0119ce, uczucie pragnienia lub przewlek\u0142y b\u00f3l gard\u0142a, sk\u0105pomocz, nocne poty.<\/p>\n","yn_product_contra_indications":"<p>Inwazyjne wp\u0142ywy patogenne, niedob\u00f3r Yang i mokra flegma zimna w Yang Ming, ostro\u017cno\u015b\u0107 przy jednoczesnym przyjmowaniu zachodnich preparat\u00f3w rozrzedzaj\u0105cych krew<\/p>\n","yn_product_pregnancy":"<p>Przeciwwskazane<\/p>\n","yn_product_herbs":"<p>ligustri lucidi fructus &#8211; niu zhen zi, loranthi ramulus &#8211; sang ji sheng, achyranthis radix &#8211; huai niu xi, moutan cortex &#8211; mu dan pi, paeoniae rubrae radix &#8211; chi shao yao, salviae radix &#8211; dan shen, glycyrrhizae uralensis radix &#8211; gan cao<\/p>\n","yn_product_magisterrecipes":"<p>Ge Xia Fu Zhu Yu Tang, Huo Luo Xiao Ling Dan<\/p>\n"},"yoast_head":"<!-- This site is optimized with the Yoast SEO plugin v24.9 - https:\/\/yoast.com\/wordpress\/plugins\/seo\/ -->\n<title>Running Man - Claude Diolosa<\/title>\n<meta name=\"robots\" content=\"index, follow, max-snippet:-1, max-image-preview:large, max-video-preview:-1\" \/>\n<link rel=\"canonical\" href=\"https:\/\/shop.diolosa.com\/pl\/product\/running-man\/\" \/>\n<meta property=\"og:locale\" content=\"pl_PL\" \/>\n<meta property=\"og:type\" content=\"article\" \/>\n<meta property=\"og:title\" content=\"Running Man - Claude Diolosa\" \/>\n<meta property=\"og:description\" content=\"&nbsp; &nbsp;\" \/>\n<meta property=\"og:url\" content=\"https:\/\/shop.diolosa.com\/pl\/product\/running-man\/\" \/>\n<meta property=\"og:site_name\" content=\"Claude Diolosa\" \/>\n<meta property=\"article:publisher\" content=\"https:\/\/facebook.com\/claudediolosa\" \/>\n<meta property=\"article:modified_time\" content=\"2025-05-06T13:55:31+00:00\" \/>\n<meta property=\"og:image\" content=\"https:\/\/shop.diolosa.com\/wp-content\/uploads\/2019\/09\/Presslinge-140.jpg\" \/>\n\t<meta property=\"og:image:width\" content=\"800\" \/>\n\t<meta property=\"og:image:height\" content=\"533\" \/>\n\t<meta property=\"og:image:type\" content=\"image\/jpeg\" \/>\n<meta name=\"twitter:card\" content=\"summary_large_image\" \/>\n<script type=\"application\/ld+json\" class=\"yoast-schema-graph\">{\"@context\":\"https:\/\/schema.org\",\"@graph\":[{\"@type\":\"WebPage\",\"@id\":\"https:\/\/shop.diolosa.com\/pl\/product\/running-man\/\",\"url\":\"https:\/\/shop.diolosa.com\/pl\/product\/running-man\/\",\"name\":\"Running Man - Claude Diolosa\",\"isPartOf\":{\"@id\":\"https:\/\/shop.diolosa.com\/pl\/#website\"},\"primaryImageOfPage\":{\"@id\":\"https:\/\/shop.diolosa.com\/pl\/product\/running-man\/#primaryimage\"},\"image\":{\"@id\":\"https:\/\/shop.diolosa.com\/pl\/product\/running-man\/#primaryimage\"},\"thumbnailUrl\":\"https:\/\/shop.diolosa.com\/wp-content\/uploads\/2019\/09\/Presslinge-140.jpg\",\"datePublished\":\"2025-03-08T14:08:16+00:00\",\"dateModified\":\"2025-05-06T13:55:31+00:00\",\"breadcrumb\":{\"@id\":\"https:\/\/shop.diolosa.com\/pl\/product\/running-man\/#breadcrumb\"},\"inLanguage\":\"pl-PL\",\"potentialAction\":[{\"@type\":\"ReadAction\",\"target\":[\"https:\/\/shop.diolosa.com\/pl\/product\/running-man\/\"]}]},{\"@type\":\"ImageObject\",\"inLanguage\":\"pl-PL\",\"@id\":\"https:\/\/shop.diolosa.com\/pl\/product\/running-man\/#primaryimage\",\"url\":\"https:\/\/shop.diolosa.com\/wp-content\/uploads\/2019\/09\/Presslinge-140.jpg\",\"contentUrl\":\"https:\/\/shop.diolosa.com\/wp-content\/uploads\/2019\/09\/Presslinge-140.jpg\",\"width\":800,\"height\":533},{\"@type\":\"BreadcrumbList\",\"@id\":\"https:\/\/shop.diolosa.com\/pl\/product\/running-man\/#breadcrumb\",\"itemListElement\":[{\"@type\":\"ListItem\",\"position\":1,\"name\":\"Startseite\",\"item\":\"https:\/\/shop.diolosa.com\/pl\/?page_id=3835710\"},{\"@type\":\"ListItem\",\"position\":2,\"name\":\"Sklep\",\"item\":\"https:\/\/shop.diolosa.com\/pl\/?page_id=3835710\"},{\"@type\":\"ListItem\",\"position\":3,\"name\":\"Running Man\"}]},{\"@type\":\"WebSite\",\"@id\":\"https:\/\/shop.diolosa.com\/pl\/#website\",\"url\":\"https:\/\/shop.diolosa.com\/pl\/\",\"name\":\"Claude Diolosa\",\"description\":\"\",\"publisher\":{\"@id\":\"https:\/\/shop.diolosa.com\/pl\/#organization\"},\"potentialAction\":[{\"@type\":\"SearchAction\",\"target\":{\"@type\":\"EntryPoint\",\"urlTemplate\":\"https:\/\/shop.diolosa.com\/pl\/?s={search_term_string}\"},\"query-input\":{\"@type\":\"PropertyValueSpecification\",\"valueRequired\":true,\"valueName\":\"search_term_string\"}}],\"inLanguage\":\"pl-PL\"},{\"@type\":\"Organization\",\"@id\":\"https:\/\/shop.diolosa.com\/pl\/#organization\",\"name\":\"Claude Diolosa\",\"url\":\"https:\/\/shop.diolosa.com\/pl\/\",\"logo\":{\"@type\":\"ImageObject\",\"inLanguage\":\"pl-PL\",\"@id\":\"https:\/\/shop.diolosa.com\/pl\/#\/schema\/logo\/image\/\",\"url\":\"https:\/\/shop.diolosa.com\/wp-content\/uploads\/2019\/08\/diolosa-drop-logo-new.png\",\"contentUrl\":\"https:\/\/shop.diolosa.com\/wp-content\/uploads\/2019\/08\/diolosa-drop-logo-new.png\",\"width\":134,\"height\":176,\"caption\":\"Claude Diolosa\"},\"image\":{\"@id\":\"https:\/\/shop.diolosa.com\/pl\/#\/schema\/logo\/image\/\"},\"sameAs\":[\"https:\/\/facebook.com\/claudediolosa\",\"https:\/\/www.instagram.com\/diolosaclaude108\/\"]}]}<\/script>\n<!-- \/ Yoast SEO plugin. -->","yoast_head_json":{"title":"Running Man - Claude Diolosa","robots":{"index":"index","follow":"follow","max-snippet":"max-snippet:-1","max-image-preview":"max-image-preview:large","max-video-preview":"max-video-preview:-1"},"canonical":"https:\/\/shop.diolosa.com\/pl\/product\/running-man\/","og_locale":"pl_PL","og_type":"article","og_title":"Running Man - Claude Diolosa","og_description":"&nbsp; &nbsp;","og_url":"https:\/\/shop.diolosa.com\/pl\/product\/running-man\/","og_site_name":"Claude Diolosa","article_publisher":"https:\/\/facebook.com\/claudediolosa","article_modified_time":"2025-05-06T13:55:31+00:00","og_image":[{"width":800,"height":533,"url":"https:\/\/shop.diolosa.com\/wp-content\/uploads\/2019\/09\/Presslinge-140.jpg","type":"image\/jpeg"}],"twitter_card":"summary_large_image","schema":{"@context":"https:\/\/schema.org","@graph":[{"@type":"WebPage","@id":"https:\/\/shop.diolosa.com\/pl\/product\/running-man\/","url":"https:\/\/shop.diolosa.com\/pl\/product\/running-man\/","name":"Running Man - Claude Diolosa","isPartOf":{"@id":"https:\/\/shop.diolosa.com\/pl\/#website"},"primaryImageOfPage":{"@id":"https:\/\/shop.diolosa.com\/pl\/product\/running-man\/#primaryimage"},"image":{"@id":"https:\/\/shop.diolosa.com\/pl\/product\/running-man\/#primaryimage"},"thumbnailUrl":"https:\/\/shop.diolosa.com\/wp-content\/uploads\/2019\/09\/Presslinge-140.jpg","datePublished":"2025-03-08T14:08:16+00:00","dateModified":"2025-05-06T13:55:31+00:00","breadcrumb":{"@id":"https:\/\/shop.diolosa.com\/pl\/product\/running-man\/#breadcrumb"},"inLanguage":"pl-PL","potentialAction":[{"@type":"ReadAction","target":["https:\/\/shop.diolosa.com\/pl\/product\/running-man\/"]}]},{"@type":"ImageObject","inLanguage":"pl-PL","@id":"https:\/\/shop.diolosa.com\/pl\/product\/running-man\/#primaryimage","url":"https:\/\/shop.diolosa.com\/wp-content\/uploads\/2019\/09\/Presslinge-140.jpg","contentUrl":"https:\/\/shop.diolosa.com\/wp-content\/uploads\/2019\/09\/Presslinge-140.jpg","width":800,"height":533},{"@type":"BreadcrumbList","@id":"https:\/\/shop.diolosa.com\/pl\/product\/running-man\/#breadcrumb","itemListElement":[{"@type":"ListItem","position":1,"name":"Startseite","item":"https:\/\/shop.diolosa.com\/pl\/?page_id=3835710"},{"@type":"ListItem","position":2,"name":"Sklep","item":"https:\/\/shop.diolosa.com\/pl\/?page_id=3835710"},{"@type":"ListItem","position":3,"name":"Running Man"}]},{"@type":"WebSite","@id":"https:\/\/shop.diolosa.com\/pl\/#website","url":"https:\/\/shop.diolosa.com\/pl\/","name":"Claude Diolosa","description":"","publisher":{"@id":"https:\/\/shop.diolosa.com\/pl\/#organization"},"potentialAction":[{"@type":"SearchAction","target":{"@type":"EntryPoint","urlTemplate":"https:\/\/shop.diolosa.com\/pl\/?s={search_term_string}"},"query-input":{"@type":"PropertyValueSpecification","valueRequired":true,"valueName":"search_term_string"}}],"inLanguage":"pl-PL"},{"@type":"Organization","@id":"https:\/\/shop.diolosa.com\/pl\/#organization","name":"Claude Diolosa","url":"https:\/\/shop.diolosa.com\/pl\/","logo":{"@type":"ImageObject","inLanguage":"pl-PL","@id":"https:\/\/shop.diolosa.com\/pl\/#\/schema\/logo\/image\/","url":"https:\/\/shop.diolosa.com\/wp-content\/uploads\/2019\/08\/diolosa-drop-logo-new.png","contentUrl":"https:\/\/shop.diolosa.com\/wp-content\/uploads\/2019\/08\/diolosa-drop-logo-new.png","width":134,"height":176,"caption":"Claude Diolosa"},"image":{"@id":"https:\/\/shop.diolosa.com\/pl\/#\/schema\/logo\/image\/"},"sameAs":["https:\/\/facebook.com\/claudediolosa","https:\/\/www.instagram.com\/diolosaclaude108\/"]}]}},"_links":{"self":[{"href":"https:\/\/shop.diolosa.com\/pl\/wp-json\/wp\/v2\/product\/3836020","targetHints":{"allow":["GET"]}}],"collection":[{"href":"https:\/\/shop.diolosa.com\/pl\/wp-json\/wp\/v2\/product"}],"about":[{"href":"https:\/\/shop.diolosa.com\/pl\/wp-json\/wp\/v2\/types\/product"}],"wp:featuredmedia":[{"embeddable":true,"href":"https:\/\/shop.diolosa.com\/pl\/wp-json\/wp\/v2\/media\/3835943"}],"wp:attachment":[{"href":"https:\/\/shop.diolosa.com\/pl\/wp-json\/wp\/v2\/media?parent=3836020"}],"wp:term":[{"taxonomy":"product_brand","embeddable":true,"href":"https:\/\/shop.diolosa.com\/pl\/wp-json\/wp\/v2\/product_brand?post=3836020"},{"taxonomy":"product_cat","embeddable":true,"href":"https:\/\/shop.diolosa.com\/pl\/wp-json\/wp\/v2\/product_cat?post=3836020"},{"taxonomy":"product_tag","embeddable":true,"href":"https:\/\/shop.diolosa.com\/pl\/wp-json\/wp\/v2\/product_tag?post=3836020"}],"curies":[{"name":"wp","href":"https:\/\/api.w.org\/{rel}","templated":true}]}}