{"id":3836027,"date":"2019-09-04T12:13:58","date_gmt":"2025-03-08T14:08:19","guid":{"rendered":"https:\/\/shop.diolosa.com\/product\/radosne-dni-stagnacja-qi\/"},"modified":"2025-05-06T14:52:33","modified_gmt":"2025-05-06T13:52:33","slug":"radosne-dni-stagnacja-qi","status":"publish","type":"product","link":"https:\/\/shop.diolosa.com\/pl\/product\/radosne-dni-stagnacja-qi\/","title":{"rendered":"Radosne dni (stagnacja Qi)"},"content":{"rendered":"<p>JOYFUL DAYS jest stosowany w przypadku p\u00f3\u017anych skutk\u00f3w stagnacji Qi. Ten preparat zio\u0142owy usuwa stagnacj\u0119 Qi i krwi, otwiera naczynia LUO, \u0142agodzi b\u00f3l, uspokaja i dzia\u0142a korzystnie na Jue Yin. JOYFUL DAYS mo\u017ce by\u0107 r\u00f3wnie\u017c stosowany w leczeniu stagnacji Qi i Krwi spowodowanej stanami Yi i Shen Plus.<\/p>\n","protected":false},"excerpt":{"rendered":"<p>JOYFUL DAYS jest stosowany w przypadku p\u00f3\u017anych skutk\u00f3w stagnacji Qi.  [&#8230;]<\/p>\n","protected":false},"featured_media":3835943,"template":"","meta":{"_acf_changed":false},"product_brand":[],"product_cat":[11765],"product_tag":[11847],"class_list":{"0":"post-3836027","1":"product","2":"type-product","3":"status-publish","4":"has-post-thumbnail","6":"product_cat-procedura-uspokajajaca-xie-fa","7":"product_tag-stagnacja-qi","9":"first","10":"instock","11":"taxable","12":"shipping-taxable","13":"purchasable","14":"product-type-simple"},"acf":{"yn_product_audio":"https:\/\/shop.diolosa.com\/wp-content\/uploads\/2018\/12\/DL_0709.mp3","yn_product_video":"https:\/\/shop.diolosa.com\/wp-content\/uploads\/2025\/03\/Joyful-Days.mp4","yn_product_akupunktur":"<p>Rozpu\u015bci\u0107 przekrwienie qi w\u0105troby<br \/>\nw\u0105troba 3 &#8211; tai chong (shu, yuan) &#8211; xie fa<br \/>\njelito grube 4 &#8211; he gu (yuan) &#8211; xie fa<\/p>\n<p>Rozpu\u015bci\u0107 przekrwienie qi p\u0119cherzyka \u017c\u00f3\u0142ciowego<br \/>\np\u0119cherzyk \u017c\u00f3\u0142ciowy 34 &#8211; yang ling quan (he, xia he xue, gui) &#8211; xie fa<br \/>\np\u0119cherzyk \u017c\u00f3\u0142ciowy 40 &#8211; qiu xu (yuan) &#8211; xie fa<br \/>\np\u0119cherzyk \u017c\u00f3\u0142ciowy 41 &#8211; zu lin qi (dai mai, shu) &#8211; xie fa<\/p>\n<p>Harmonizacja w\u0105troby i \u015bledziony<br \/>\nliver 13 &#8211; zhang men (mo spleen, ba hui xue, liver and gall bladder) &#8211; xie fa  <\/p>\n<p>Mastopatia<br \/>\n\u017co\u0142\u0105dek 34 &#8211; liang qiu (xi) &#8211; xie fa<br \/>\n\u017co\u0142\u0105dek 18 &#8211; ru gen &#8211; xie fa<br \/>\n\u017co\u0142\u0105dek 25 &#8211; tian shu (mo &#8211; jelito grube) &#8211; xie fa<br \/>\nworeczek \u017c\u00f3\u0142ciowy 24 &#8211; ri yue (mo) &#8211; xie fa<br \/>\nw\u0105troba 14 &#8211; qi men (mo, yin wei mai) &#8211; xie fa<\/p>\n","yn_product_verabreichungsart":"Pelety 140szt.","yn_product_dosierung":"<p>Preparat nale\u017cy przyjmowa\u0107 g\u0142\u00f3wnie rano (o pierwszej w ci\u0105gu dnia) lub 3 x 6 do 9 tabletek w ci\u0105gu dnia.<\/p>\n","yn_product_combinations":"<p>NO WORRY (stres &#8211; napi\u0119cie), HAPPY DAYS (depresja do \u0142agodnej depresji), SIX FLOWERS (przekrwienie Shen Qi), FIVE QUEENS (przekrwienie krwi), EASY FLOW COLD (bolesne miesi\u0105czkowanie), LADY&#8217;S RELIEF (mastopatia).<\/p>\n","yn_product_avoidable":"<p>Ci\u0119\u017ckostrawne potrawy, sma\u017cone ziemniaki, frytki, t\u0142uste i sma\u017cone potrawy, wieprzowina, kie\u0142basa, szynka, boczek, czosnek, por, cebula, stres.<\/p>\n","yn_product_tcm_mindmapping":"<p>Zast\u00f3j Qi w w\u0105trobie i p\u0119cherzyku \u017c\u00f3\u0142ciowym > zast\u00f3j Qi Yang Ming i Tai Yin > wilgo\u0107 > flegma > stwardnienie > tworzenie si\u0119 grudek > b\u00f3l<\/p>\n","yn_product_tongue_body":"<p>Kraw\u0119dzie i czubek j\u0119zyka s\u0105 spuchni\u0119te, plamiste (przekrwienie).<\/p>\n","yn_product_tongue_coating":"<p>Cienki i bia\u0142y<\/p>\n","yn_product_pulse_diagnostics":"<p>xian mai &#8211; napi\u0119ty, shi mai &#8211; pe\u0142ny, chi mai &#8211; wolny<\/p>\n","yn_product_indications":"<p>Hepatomegalia, powi\u0119kszenie \u015bledziony, bolesne miesi\u0105czkowanie, stan depresyjny, uczucie ucisku, wzdychanie, b\u00f3l w boku i piersi, mastopatia, uczucie grudkowato\u015bci, obrz\u0119k i b\u00f3l w g\u00f3rnej cieplejszej cz\u0119\u015bci cia\u0142a, w okolicy klatki piersiowej i w jamie brzusznej.<\/p>\n","yn_product_contra_indications":"<p>Zast\u00f3j Qi i krwi<\/p>\n","yn_product_pregnancy":"<p>Przeciwwskazane<\/p>\n","yn_product_herbs":"<p>cyperi rhizoma praep &#8211; chao cu xiang fu, bupleurum radix praep &#8211; chao cu chai hu, scutellariae baicalensis radix &#8211; huang qin, citri reticulatae viride pericarpium &#8211; qing pi , paeoniae albae radix &#8211; bai shao yao<\/p>\n","yn_product_magisterrecipes":"<p>Si Ni San, Xiao Yao San, Chai Hu Su Gan San<\/p>\n"},"yoast_head":"<!-- This site is optimized with the Yoast SEO plugin v24.9 - https:\/\/yoast.com\/wordpress\/plugins\/seo\/ -->\n<title>Radosne dni (stagnacja Qi) - Claude Diolosa<\/title>\n<meta name=\"robots\" content=\"index, follow, max-snippet:-1, max-image-preview:large, max-video-preview:-1\" \/>\n<link rel=\"canonical\" href=\"https:\/\/shop.diolosa.com\/pl\/product\/radosne-dni-stagnacja-qi\/\" \/>\n<meta property=\"og:locale\" content=\"pl_PL\" \/>\n<meta property=\"og:type\" content=\"article\" \/>\n<meta property=\"og:title\" content=\"Radosne dni (stagnacja Qi) - Claude Diolosa\" \/>\n<meta property=\"og:description\" content=\"JOYFUL DAYS jest stosowany w przypadku p\u00f3\u017anych skutk\u00f3w stagnacji Qi. [...]\" \/>\n<meta property=\"og:url\" content=\"https:\/\/shop.diolosa.com\/pl\/product\/radosne-dni-stagnacja-qi\/\" \/>\n<meta property=\"og:site_name\" content=\"Claude Diolosa\" \/>\n<meta property=\"article:publisher\" content=\"https:\/\/facebook.com\/claudediolosa\" \/>\n<meta property=\"article:modified_time\" content=\"2025-05-06T13:52:33+00:00\" \/>\n<meta property=\"og:image\" content=\"https:\/\/shop.diolosa.com\/wp-content\/uploads\/2019\/09\/Presslinge-140.jpg\" \/>\n\t<meta property=\"og:image:width\" content=\"800\" \/>\n\t<meta property=\"og:image:height\" content=\"533\" \/>\n\t<meta property=\"og:image:type\" content=\"image\/jpeg\" \/>\n<meta name=\"twitter:card\" content=\"summary_large_image\" \/>\n<script type=\"application\/ld+json\" class=\"yoast-schema-graph\">{\"@context\":\"https:\/\/schema.org\",\"@graph\":[{\"@type\":\"WebPage\",\"@id\":\"https:\/\/shop.diolosa.com\/pl\/product\/radosne-dni-stagnacja-qi\/\",\"url\":\"https:\/\/shop.diolosa.com\/pl\/product\/radosne-dni-stagnacja-qi\/\",\"name\":\"Radosne dni (stagnacja Qi) - Claude Diolosa\",\"isPartOf\":{\"@id\":\"https:\/\/shop.diolosa.com\/pl\/#website\"},\"primaryImageOfPage\":{\"@id\":\"https:\/\/shop.diolosa.com\/pl\/product\/radosne-dni-stagnacja-qi\/#primaryimage\"},\"image\":{\"@id\":\"https:\/\/shop.diolosa.com\/pl\/product\/radosne-dni-stagnacja-qi\/#primaryimage\"},\"thumbnailUrl\":\"https:\/\/shop.diolosa.com\/wp-content\/uploads\/2019\/09\/Presslinge-140.jpg\",\"datePublished\":\"2025-03-08T14:08:19+00:00\",\"dateModified\":\"2025-05-06T13:52:33+00:00\",\"breadcrumb\":{\"@id\":\"https:\/\/shop.diolosa.com\/pl\/product\/radosne-dni-stagnacja-qi\/#breadcrumb\"},\"inLanguage\":\"pl-PL\",\"potentialAction\":[{\"@type\":\"ReadAction\",\"target\":[\"https:\/\/shop.diolosa.com\/pl\/product\/radosne-dni-stagnacja-qi\/\"]}]},{\"@type\":\"ImageObject\",\"inLanguage\":\"pl-PL\",\"@id\":\"https:\/\/shop.diolosa.com\/pl\/product\/radosne-dni-stagnacja-qi\/#primaryimage\",\"url\":\"https:\/\/shop.diolosa.com\/wp-content\/uploads\/2019\/09\/Presslinge-140.jpg\",\"contentUrl\":\"https:\/\/shop.diolosa.com\/wp-content\/uploads\/2019\/09\/Presslinge-140.jpg\",\"width\":800,\"height\":533},{\"@type\":\"BreadcrumbList\",\"@id\":\"https:\/\/shop.diolosa.com\/pl\/product\/radosne-dni-stagnacja-qi\/#breadcrumb\",\"itemListElement\":[{\"@type\":\"ListItem\",\"position\":1,\"name\":\"Startseite\",\"item\":\"https:\/\/shop.diolosa.com\/pl\/?page_id=3835710\"},{\"@type\":\"ListItem\",\"position\":2,\"name\":\"Sklep\",\"item\":\"https:\/\/shop.diolosa.com\/pl\/?page_id=3835710\"},{\"@type\":\"ListItem\",\"position\":3,\"name\":\"Radosne dni (stagnacja Qi)\"}]},{\"@type\":\"WebSite\",\"@id\":\"https:\/\/shop.diolosa.com\/pl\/#website\",\"url\":\"https:\/\/shop.diolosa.com\/pl\/\",\"name\":\"Claude Diolosa\",\"description\":\"\",\"publisher\":{\"@id\":\"https:\/\/shop.diolosa.com\/pl\/#organization\"},\"potentialAction\":[{\"@type\":\"SearchAction\",\"target\":{\"@type\":\"EntryPoint\",\"urlTemplate\":\"https:\/\/shop.diolosa.com\/pl\/?s={search_term_string}\"},\"query-input\":{\"@type\":\"PropertyValueSpecification\",\"valueRequired\":true,\"valueName\":\"search_term_string\"}}],\"inLanguage\":\"pl-PL\"},{\"@type\":\"Organization\",\"@id\":\"https:\/\/shop.diolosa.com\/pl\/#organization\",\"name\":\"Claude Diolosa\",\"url\":\"https:\/\/shop.diolosa.com\/pl\/\",\"logo\":{\"@type\":\"ImageObject\",\"inLanguage\":\"pl-PL\",\"@id\":\"https:\/\/shop.diolosa.com\/pl\/#\/schema\/logo\/image\/\",\"url\":\"https:\/\/shop.diolosa.com\/wp-content\/uploads\/2019\/08\/diolosa-drop-logo-new.png\",\"contentUrl\":\"https:\/\/shop.diolosa.com\/wp-content\/uploads\/2019\/08\/diolosa-drop-logo-new.png\",\"width\":134,\"height\":176,\"caption\":\"Claude Diolosa\"},\"image\":{\"@id\":\"https:\/\/shop.diolosa.com\/pl\/#\/schema\/logo\/image\/\"},\"sameAs\":[\"https:\/\/facebook.com\/claudediolosa\",\"https:\/\/www.instagram.com\/diolosaclaude108\/\"]}]}<\/script>\n<!-- \/ Yoast SEO plugin. -->","yoast_head_json":{"title":"Radosne dni (stagnacja Qi) - Claude Diolosa","robots":{"index":"index","follow":"follow","max-snippet":"max-snippet:-1","max-image-preview":"max-image-preview:large","max-video-preview":"max-video-preview:-1"},"canonical":"https:\/\/shop.diolosa.com\/pl\/product\/radosne-dni-stagnacja-qi\/","og_locale":"pl_PL","og_type":"article","og_title":"Radosne dni (stagnacja Qi) - Claude Diolosa","og_description":"JOYFUL DAYS jest stosowany w przypadku p\u00f3\u017anych skutk\u00f3w stagnacji Qi. [...]","og_url":"https:\/\/shop.diolosa.com\/pl\/product\/radosne-dni-stagnacja-qi\/","og_site_name":"Claude Diolosa","article_publisher":"https:\/\/facebook.com\/claudediolosa","article_modified_time":"2025-05-06T13:52:33+00:00","og_image":[{"width":800,"height":533,"url":"https:\/\/shop.diolosa.com\/wp-content\/uploads\/2019\/09\/Presslinge-140.jpg","type":"image\/jpeg"}],"twitter_card":"summary_large_image","schema":{"@context":"https:\/\/schema.org","@graph":[{"@type":"WebPage","@id":"https:\/\/shop.diolosa.com\/pl\/product\/radosne-dni-stagnacja-qi\/","url":"https:\/\/shop.diolosa.com\/pl\/product\/radosne-dni-stagnacja-qi\/","name":"Radosne dni (stagnacja Qi) - Claude Diolosa","isPartOf":{"@id":"https:\/\/shop.diolosa.com\/pl\/#website"},"primaryImageOfPage":{"@id":"https:\/\/shop.diolosa.com\/pl\/product\/radosne-dni-stagnacja-qi\/#primaryimage"},"image":{"@id":"https:\/\/shop.diolosa.com\/pl\/product\/radosne-dni-stagnacja-qi\/#primaryimage"},"thumbnailUrl":"https:\/\/shop.diolosa.com\/wp-content\/uploads\/2019\/09\/Presslinge-140.jpg","datePublished":"2025-03-08T14:08:19+00:00","dateModified":"2025-05-06T13:52:33+00:00","breadcrumb":{"@id":"https:\/\/shop.diolosa.com\/pl\/product\/radosne-dni-stagnacja-qi\/#breadcrumb"},"inLanguage":"pl-PL","potentialAction":[{"@type":"ReadAction","target":["https:\/\/shop.diolosa.com\/pl\/product\/radosne-dni-stagnacja-qi\/"]}]},{"@type":"ImageObject","inLanguage":"pl-PL","@id":"https:\/\/shop.diolosa.com\/pl\/product\/radosne-dni-stagnacja-qi\/#primaryimage","url":"https:\/\/shop.diolosa.com\/wp-content\/uploads\/2019\/09\/Presslinge-140.jpg","contentUrl":"https:\/\/shop.diolosa.com\/wp-content\/uploads\/2019\/09\/Presslinge-140.jpg","width":800,"height":533},{"@type":"BreadcrumbList","@id":"https:\/\/shop.diolosa.com\/pl\/product\/radosne-dni-stagnacja-qi\/#breadcrumb","itemListElement":[{"@type":"ListItem","position":1,"name":"Startseite","item":"https:\/\/shop.diolosa.com\/pl\/?page_id=3835710"},{"@type":"ListItem","position":2,"name":"Sklep","item":"https:\/\/shop.diolosa.com\/pl\/?page_id=3835710"},{"@type":"ListItem","position":3,"name":"Radosne dni (stagnacja Qi)"}]},{"@type":"WebSite","@id":"https:\/\/shop.diolosa.com\/pl\/#website","url":"https:\/\/shop.diolosa.com\/pl\/","name":"Claude Diolosa","description":"","publisher":{"@id":"https:\/\/shop.diolosa.com\/pl\/#organization"},"potentialAction":[{"@type":"SearchAction","target":{"@type":"EntryPoint","urlTemplate":"https:\/\/shop.diolosa.com\/pl\/?s={search_term_string}"},"query-input":{"@type":"PropertyValueSpecification","valueRequired":true,"valueName":"search_term_string"}}],"inLanguage":"pl-PL"},{"@type":"Organization","@id":"https:\/\/shop.diolosa.com\/pl\/#organization","name":"Claude Diolosa","url":"https:\/\/shop.diolosa.com\/pl\/","logo":{"@type":"ImageObject","inLanguage":"pl-PL","@id":"https:\/\/shop.diolosa.com\/pl\/#\/schema\/logo\/image\/","url":"https:\/\/shop.diolosa.com\/wp-content\/uploads\/2019\/08\/diolosa-drop-logo-new.png","contentUrl":"https:\/\/shop.diolosa.com\/wp-content\/uploads\/2019\/08\/diolosa-drop-logo-new.png","width":134,"height":176,"caption":"Claude Diolosa"},"image":{"@id":"https:\/\/shop.diolosa.com\/pl\/#\/schema\/logo\/image\/"},"sameAs":["https:\/\/facebook.com\/claudediolosa","https:\/\/www.instagram.com\/diolosaclaude108\/"]}]}},"_links":{"self":[{"href":"https:\/\/shop.diolosa.com\/pl\/wp-json\/wp\/v2\/product\/3836027","targetHints":{"allow":["GET"]}}],"collection":[{"href":"https:\/\/shop.diolosa.com\/pl\/wp-json\/wp\/v2\/product"}],"about":[{"href":"https:\/\/shop.diolosa.com\/pl\/wp-json\/wp\/v2\/types\/product"}],"wp:featuredmedia":[{"embeddable":true,"href":"https:\/\/shop.diolosa.com\/pl\/wp-json\/wp\/v2\/media\/3835943"}],"wp:attachment":[{"href":"https:\/\/shop.diolosa.com\/pl\/wp-json\/wp\/v2\/media?parent=3836027"}],"wp:term":[{"taxonomy":"product_brand","embeddable":true,"href":"https:\/\/shop.diolosa.com\/pl\/wp-json\/wp\/v2\/product_brand?post=3836027"},{"taxonomy":"product_cat","embeddable":true,"href":"https:\/\/shop.diolosa.com\/pl\/wp-json\/wp\/v2\/product_cat?post=3836027"},{"taxonomy":"product_tag","embeddable":true,"href":"https:\/\/shop.diolosa.com\/pl\/wp-json\/wp\/v2\/product_tag?post=3836027"}],"curies":[{"name":"wp","href":"https:\/\/api.w.org\/{rel}","templated":true}]}}