{"id":3836042,"date":"2019-09-04T12:12:50","date_gmt":"2025-03-08T14:08:24","guid":{"rendered":"https:\/\/shop.diolosa.com\/product\/bialy-tygrys\/"},"modified":"2025-05-06T15:21:41","modified_gmt":"2025-05-06T14:21:41","slug":"bialy-tygrys","status":"publish","type":"product","link":"https:\/\/shop.diolosa.com\/pl\/product\/bialy-tygrys\/","title":{"rendered":"Bia\u0142y Tygrys"},"content":{"rendered":"<p>WHITE TIGER jest zalecany w leczeniu zapalenia p\u0142uc z wysok\u0105 gor\u0105czk\u0105 bez zator\u00f3w. Preparat ten oczyszcza ogie\u0144 Yang Ming i Qi Fen, eliminuje toksyny ognia w p\u0142ucach (antybiotyk) i ma dzia\u0142anie przeciwgor\u0105czkowe. WHITE TIGER nale\u017cy podawa\u0107 w du\u017cych dawkach lub nawet w postaci wywaru, aby zapobiec przenikaniu patogennego wp\u0142ywu g\u0142\u0119biej i uszkodzeniu PO. WHITE TIGER nie powinien by\u0107 podawany w przewlek\u0142ym zapaleniu p\u0142uc bez gor\u0105czki, poniewa\u017c Gypsum Fibrosum &#8211; Shi Gao mo\u017ce uszkodzi\u0107 Yang Qi. Preparat ten \u0142agodzi r\u00f3wnie\u017c silne napady kaszlu.<\/p>\n","protected":false},"excerpt":{"rendered":"<p>WHITE TIGER jest zalecany w leczeniu zapalenia p\u0142uc z wysok\u0105  [&#8230;]<\/p>\n","protected":false},"featured_media":3835943,"template":"","meta":{"_acf_changed":false},"product_brand":[],"product_cat":[11796,11771],"product_tag":[11860],"class_list":{"0":"post-3836042","1":"product","2":"type-product","3":"status-publish","4":"has-post-thumbnail","6":"product_cat-pneumologia","7":"product_cat-wen-bing-lun-pl","8":"product_tag-ostre-zapalenie-pluc","10":"first","11":"instock","12":"taxable","13":"shipping-taxable","14":"purchasable","15":"product-type-simple"},"acf":{"yn_product_audio":"https:\/\/shop.diolosa.com\/wp-content\/uploads\/2018\/12\/DL_0373.mp3","yn_product_akupunktur":"<p>Akupunktura Qi Fen<br \/>\nlung 10 &#8211; yu jin (ying) &#8211; xie fa<br \/>\nlon\u017ca 7 &#8211; lie que (luo, ren mai) &#8211; xie fa<br \/>\nren mai 17 &#8211; tan zhong (mo>circulation,ba hui xue,OE) &#8211; xie fa<br \/>\ncykl 6 &#8211; nei guan (luo, yin wei mai) &#8211; xie fa<br \/>\n\u017co\u0142\u0105dek 36 &#8211; to san li (shu, xia he xue &#8211; \u017co\u0142\u0105dek, si hai xue, si zhong xue) &#8211; xie fa<br \/>\n\u017co\u0142\u0105dek 37 &#8211; shang ju xu (xia he xue &#8211; jelito grube, jezioro krwi, chong mai) &#8211; xie fa<br \/>\n\u017co\u0142\u0105dek 44 &#8211; nei ting (ying) &#8211; xie fa<br \/>\n\u017co\u0142\u0105dek 25 &#8211; tian shu (mo, jelito grube, ME) &#8211; xie fa<br \/>\nyou mai 14 &#8211; da zhui (jezioro qi) &#8211; xie fa<br \/>\ndu mai 20 &#8211; bai hui &#8211; bai lao (jezioro szpiku kostnego, p\u0119cherza moczowego) &#8211; xie fa<br \/>\nren mai 22 &#8211; tian tu (yin wei mai) &#8211; xie fa<\/p>\n","yn_product_verabreichungsart":"Pelety 140szt.","yn_product_dosierung":"<p>Natychmiast przyj\u0105\u0107 10 granulek, w przypadku wysokiej gor\u0105czki od 6 do 10 granulek co godzin\u0119, a\u017c do ust\u0105pienia objaw\u00f3w.<\/p>\n","yn_product_combinations":"<p>WBL GREEN PROTECTION SCREEN (grypa &#8211; Wei Fen), WBL RED PROTECTION SCREEN (grypa &#8211; Qi Fen\/Ying Fen), THROAT COOLING DEW TABLETS and SPRAY (zapalenie migda\u0142k\u00f3w, angina), COOLING DEW SUPP. (gor\u0105czka), SHL SNOW TIGER (zesp\u00f3\u0142 Yang Ming), SHL DRY EARTH (zesp\u00f3\u0142 Yang Ming z zaparciami) <\/p>\n","yn_product_avoidable":"<p>Mi\u0119so, ryby, kie\u0142basa, szynka, ostre przyprawy, czosnek, por, cebula, papryka, herbata z kopru w\u0142oskiego, herbata z kminku, any\u017c, przyprawy indyjskie, kolendra<\/p>\n","yn_product_tcm_mindmapping":"<p>Wen Bing Lun > Zesp\u00f3\u0142 Qi Fen > Zapalenie p\u0142uc<\/p>\n","yn_product_tongue_body":"<p>Czerwony<\/p>\n","yn_product_tongue_coating":"<p>\u017b\u00f3\u0142tawy, suchy<\/p>\n","yn_product_pulse_diagnostics":"<p>hong mai &#8211; falisty, shi mai &#8211; pe\u0142ny, shuo mai &#8211; szybki<\/p>\n","yn_product_indications":"<p>Zapalenie p\u0142uc, wysoka gor\u0105czka, duszno\u015b\u0107, cechy &#8222;SI HONG&#8221; bez zapar\u0107<\/p>\n","yn_product_contra_indications":"<p>Niedob\u00f3r Yang p\u0142uc z wilgoci\u0105 i zimn\u0105 flegm\u0105<\/p>\n","yn_product_pregnancy":"<p>Dozwolone<\/p>\n","yn_product_herbs":"<p>gypsum fibrosum &#8211; shi gao, anemarrhenae rhizoma &#8211; zhi mu, ephedrae herba praeparatum &#8211; mi zhi ma huang, armeniacae amarum semen &#8211; ku xing ren, forsythiae suspensae fructus &#8211; lian qiao<\/p>\n","yn_product_magisterrecipes":"<p>Ma Xing Shi Gan Tang, Bai Hu Tang<\/p>\n","yn_product_video":"https:\/\/shop.diolosa.com\/wp-content\/uploads\/2025\/07\/White-Tiger.mp4"},"yoast_head":"<!-- This site is optimized with the Yoast SEO plugin v24.9 - https:\/\/yoast.com\/wordpress\/plugins\/seo\/ -->\n<title>Bia\u0142y Tygrys - Claude Diolosa<\/title>\n<meta name=\"robots\" content=\"index, follow, max-snippet:-1, max-image-preview:large, max-video-preview:-1\" \/>\n<link rel=\"canonical\" href=\"https:\/\/shop.diolosa.com\/pl\/product\/bialy-tygrys\/\" \/>\n<meta property=\"og:locale\" content=\"pl_PL\" \/>\n<meta property=\"og:type\" content=\"article\" \/>\n<meta property=\"og:title\" content=\"Bia\u0142y Tygrys - Claude Diolosa\" \/>\n<meta property=\"og:description\" content=\"WHITE TIGER jest zalecany w leczeniu zapalenia p\u0142uc z wysok\u0105 [...]\" \/>\n<meta property=\"og:url\" content=\"https:\/\/shop.diolosa.com\/pl\/product\/bialy-tygrys\/\" \/>\n<meta property=\"og:site_name\" content=\"Claude Diolosa\" \/>\n<meta property=\"article:publisher\" content=\"https:\/\/facebook.com\/claudediolosa\" \/>\n<meta property=\"article:modified_time\" content=\"2025-05-06T14:21:41+00:00\" \/>\n<meta property=\"og:image\" content=\"https:\/\/shop.diolosa.com\/wp-content\/uploads\/2019\/09\/Presslinge-140.jpg\" \/>\n\t<meta property=\"og:image:width\" content=\"800\" \/>\n\t<meta property=\"og:image:height\" content=\"533\" \/>\n\t<meta property=\"og:image:type\" content=\"image\/jpeg\" \/>\n<meta name=\"twitter:card\" content=\"summary_large_image\" \/>\n<script type=\"application\/ld+json\" class=\"yoast-schema-graph\">{\"@context\":\"https:\/\/schema.org\",\"@graph\":[{\"@type\":\"WebPage\",\"@id\":\"https:\/\/shop.diolosa.com\/pl\/product\/bialy-tygrys\/\",\"url\":\"https:\/\/shop.diolosa.com\/pl\/product\/bialy-tygrys\/\",\"name\":\"Bia\u0142y Tygrys - Claude Diolosa\",\"isPartOf\":{\"@id\":\"https:\/\/shop.diolosa.com\/pl\/#website\"},\"primaryImageOfPage\":{\"@id\":\"https:\/\/shop.diolosa.com\/pl\/product\/bialy-tygrys\/#primaryimage\"},\"image\":{\"@id\":\"https:\/\/shop.diolosa.com\/pl\/product\/bialy-tygrys\/#primaryimage\"},\"thumbnailUrl\":\"https:\/\/shop.diolosa.com\/wp-content\/uploads\/2019\/09\/Presslinge-140.jpg\",\"datePublished\":\"2025-03-08T14:08:24+00:00\",\"dateModified\":\"2025-05-06T14:21:41+00:00\",\"breadcrumb\":{\"@id\":\"https:\/\/shop.diolosa.com\/pl\/product\/bialy-tygrys\/#breadcrumb\"},\"inLanguage\":\"pl-PL\",\"potentialAction\":[{\"@type\":\"ReadAction\",\"target\":[\"https:\/\/shop.diolosa.com\/pl\/product\/bialy-tygrys\/\"]}]},{\"@type\":\"ImageObject\",\"inLanguage\":\"pl-PL\",\"@id\":\"https:\/\/shop.diolosa.com\/pl\/product\/bialy-tygrys\/#primaryimage\",\"url\":\"https:\/\/shop.diolosa.com\/wp-content\/uploads\/2019\/09\/Presslinge-140.jpg\",\"contentUrl\":\"https:\/\/shop.diolosa.com\/wp-content\/uploads\/2019\/09\/Presslinge-140.jpg\",\"width\":800,\"height\":533},{\"@type\":\"BreadcrumbList\",\"@id\":\"https:\/\/shop.diolosa.com\/pl\/product\/bialy-tygrys\/#breadcrumb\",\"itemListElement\":[{\"@type\":\"ListItem\",\"position\":1,\"name\":\"Startseite\",\"item\":\"https:\/\/shop.diolosa.com\/pl\/?page_id=3835710\"},{\"@type\":\"ListItem\",\"position\":2,\"name\":\"Sklep\",\"item\":\"https:\/\/shop.diolosa.com\/pl\/?page_id=3835710\"},{\"@type\":\"ListItem\",\"position\":3,\"name\":\"Bia\u0142y Tygrys\"}]},{\"@type\":\"WebSite\",\"@id\":\"https:\/\/shop.diolosa.com\/pl\/#website\",\"url\":\"https:\/\/shop.diolosa.com\/pl\/\",\"name\":\"Claude Diolosa\",\"description\":\"\",\"publisher\":{\"@id\":\"https:\/\/shop.diolosa.com\/pl\/#organization\"},\"potentialAction\":[{\"@type\":\"SearchAction\",\"target\":{\"@type\":\"EntryPoint\",\"urlTemplate\":\"https:\/\/shop.diolosa.com\/pl\/?s={search_term_string}\"},\"query-input\":{\"@type\":\"PropertyValueSpecification\",\"valueRequired\":true,\"valueName\":\"search_term_string\"}}],\"inLanguage\":\"pl-PL\"},{\"@type\":\"Organization\",\"@id\":\"https:\/\/shop.diolosa.com\/pl\/#organization\",\"name\":\"Claude Diolosa\",\"url\":\"https:\/\/shop.diolosa.com\/pl\/\",\"logo\":{\"@type\":\"ImageObject\",\"inLanguage\":\"pl-PL\",\"@id\":\"https:\/\/shop.diolosa.com\/pl\/#\/schema\/logo\/image\/\",\"url\":\"https:\/\/shop.diolosa.com\/wp-content\/uploads\/2019\/08\/diolosa-drop-logo-new.png\",\"contentUrl\":\"https:\/\/shop.diolosa.com\/wp-content\/uploads\/2019\/08\/diolosa-drop-logo-new.png\",\"width\":134,\"height\":176,\"caption\":\"Claude Diolosa\"},\"image\":{\"@id\":\"https:\/\/shop.diolosa.com\/pl\/#\/schema\/logo\/image\/\"},\"sameAs\":[\"https:\/\/facebook.com\/claudediolosa\",\"https:\/\/www.instagram.com\/diolosaclaude108\/\"]}]}<\/script>\n<!-- \/ Yoast SEO plugin. -->","yoast_head_json":{"title":"Bia\u0142y Tygrys - Claude Diolosa","robots":{"index":"index","follow":"follow","max-snippet":"max-snippet:-1","max-image-preview":"max-image-preview:large","max-video-preview":"max-video-preview:-1"},"canonical":"https:\/\/shop.diolosa.com\/pl\/product\/bialy-tygrys\/","og_locale":"pl_PL","og_type":"article","og_title":"Bia\u0142y Tygrys - Claude Diolosa","og_description":"WHITE TIGER jest zalecany w leczeniu zapalenia p\u0142uc z wysok\u0105 [...]","og_url":"https:\/\/shop.diolosa.com\/pl\/product\/bialy-tygrys\/","og_site_name":"Claude Diolosa","article_publisher":"https:\/\/facebook.com\/claudediolosa","article_modified_time":"2025-05-06T14:21:41+00:00","og_image":[{"width":800,"height":533,"url":"https:\/\/shop.diolosa.com\/wp-content\/uploads\/2019\/09\/Presslinge-140.jpg","type":"image\/jpeg"}],"twitter_card":"summary_large_image","schema":{"@context":"https:\/\/schema.org","@graph":[{"@type":"WebPage","@id":"https:\/\/shop.diolosa.com\/pl\/product\/bialy-tygrys\/","url":"https:\/\/shop.diolosa.com\/pl\/product\/bialy-tygrys\/","name":"Bia\u0142y Tygrys - Claude Diolosa","isPartOf":{"@id":"https:\/\/shop.diolosa.com\/pl\/#website"},"primaryImageOfPage":{"@id":"https:\/\/shop.diolosa.com\/pl\/product\/bialy-tygrys\/#primaryimage"},"image":{"@id":"https:\/\/shop.diolosa.com\/pl\/product\/bialy-tygrys\/#primaryimage"},"thumbnailUrl":"https:\/\/shop.diolosa.com\/wp-content\/uploads\/2019\/09\/Presslinge-140.jpg","datePublished":"2025-03-08T14:08:24+00:00","dateModified":"2025-05-06T14:21:41+00:00","breadcrumb":{"@id":"https:\/\/shop.diolosa.com\/pl\/product\/bialy-tygrys\/#breadcrumb"},"inLanguage":"pl-PL","potentialAction":[{"@type":"ReadAction","target":["https:\/\/shop.diolosa.com\/pl\/product\/bialy-tygrys\/"]}]},{"@type":"ImageObject","inLanguage":"pl-PL","@id":"https:\/\/shop.diolosa.com\/pl\/product\/bialy-tygrys\/#primaryimage","url":"https:\/\/shop.diolosa.com\/wp-content\/uploads\/2019\/09\/Presslinge-140.jpg","contentUrl":"https:\/\/shop.diolosa.com\/wp-content\/uploads\/2019\/09\/Presslinge-140.jpg","width":800,"height":533},{"@type":"BreadcrumbList","@id":"https:\/\/shop.diolosa.com\/pl\/product\/bialy-tygrys\/#breadcrumb","itemListElement":[{"@type":"ListItem","position":1,"name":"Startseite","item":"https:\/\/shop.diolosa.com\/pl\/?page_id=3835710"},{"@type":"ListItem","position":2,"name":"Sklep","item":"https:\/\/shop.diolosa.com\/pl\/?page_id=3835710"},{"@type":"ListItem","position":3,"name":"Bia\u0142y Tygrys"}]},{"@type":"WebSite","@id":"https:\/\/shop.diolosa.com\/pl\/#website","url":"https:\/\/shop.diolosa.com\/pl\/","name":"Claude Diolosa","description":"","publisher":{"@id":"https:\/\/shop.diolosa.com\/pl\/#organization"},"potentialAction":[{"@type":"SearchAction","target":{"@type":"EntryPoint","urlTemplate":"https:\/\/shop.diolosa.com\/pl\/?s={search_term_string}"},"query-input":{"@type":"PropertyValueSpecification","valueRequired":true,"valueName":"search_term_string"}}],"inLanguage":"pl-PL"},{"@type":"Organization","@id":"https:\/\/shop.diolosa.com\/pl\/#organization","name":"Claude Diolosa","url":"https:\/\/shop.diolosa.com\/pl\/","logo":{"@type":"ImageObject","inLanguage":"pl-PL","@id":"https:\/\/shop.diolosa.com\/pl\/#\/schema\/logo\/image\/","url":"https:\/\/shop.diolosa.com\/wp-content\/uploads\/2019\/08\/diolosa-drop-logo-new.png","contentUrl":"https:\/\/shop.diolosa.com\/wp-content\/uploads\/2019\/08\/diolosa-drop-logo-new.png","width":134,"height":176,"caption":"Claude Diolosa"},"image":{"@id":"https:\/\/shop.diolosa.com\/pl\/#\/schema\/logo\/image\/"},"sameAs":["https:\/\/facebook.com\/claudediolosa","https:\/\/www.instagram.com\/diolosaclaude108\/"]}]}},"_links":{"self":[{"href":"https:\/\/shop.diolosa.com\/pl\/wp-json\/wp\/v2\/product\/3836042","targetHints":{"allow":["GET"]}}],"collection":[{"href":"https:\/\/shop.diolosa.com\/pl\/wp-json\/wp\/v2\/product"}],"about":[{"href":"https:\/\/shop.diolosa.com\/pl\/wp-json\/wp\/v2\/types\/product"}],"wp:featuredmedia":[{"embeddable":true,"href":"https:\/\/shop.diolosa.com\/pl\/wp-json\/wp\/v2\/media\/3835943"}],"wp:attachment":[{"href":"https:\/\/shop.diolosa.com\/pl\/wp-json\/wp\/v2\/media?parent=3836042"}],"wp:term":[{"taxonomy":"product_brand","embeddable":true,"href":"https:\/\/shop.diolosa.com\/pl\/wp-json\/wp\/v2\/product_brand?post=3836042"},{"taxonomy":"product_cat","embeddable":true,"href":"https:\/\/shop.diolosa.com\/pl\/wp-json\/wp\/v2\/product_cat?post=3836042"},{"taxonomy":"product_tag","embeddable":true,"href":"https:\/\/shop.diolosa.com\/pl\/wp-json\/wp\/v2\/product_tag?post=3836042"}],"curies":[{"name":"wp","href":"https:\/\/api.w.org\/{rel}","templated":true}]}}