{"id":3836044,"date":"2019-09-04T12:12:50","date_gmt":"2025-03-08T14:08:24","guid":{"rendered":"https:\/\/shop.diolosa.com\/product\/tabletki-phoenix-mouth\/"},"modified":"2025-05-06T15:21:42","modified_gmt":"2025-05-06T14:21:42","slug":"tabletki-phoenix-mouth","status":"publish","type":"product","link":"https:\/\/shop.diolosa.com\/pl\/product\/tabletki-phoenix-mouth\/","title":{"rendered":"Tabletki Phoenix Mouth"},"content":{"rendered":"<p>PHOENIX MOUTH TABLETS jest stosowany w leczeniu zespo\u0142u PAP. Preparat ten odprowadza wilgotne ciep\u0142o i nagromadzone toksyny z dolnego ogrzewacza, porusza Qi naczynia pasowego (Dai Mai), usuwa ciep\u0142o krwi i zapobiega zastojowi krwi bez uszkadzania pi\u0119ciu filar\u00f3w cia\u0142a. Regularne badanie jest konieczne, aby zapewni\u0107 popraw\u0119 warto\u015bci.<\/p>\n","protected":false},"excerpt":{"rendered":"<p>PHOENIX MOUTH TABLETS jest stosowany w leczeniu zespo\u0142u PAP. Preparat  [&#8230;]<\/p>\n","protected":false},"featured_media":3835943,"template":"","meta":{"_acf_changed":false},"product_brand":[],"product_cat":[11799],"product_tag":[11862],"class_list":{"0":"post-3836044","1":"product","2":"type-product","3":"status-publish","4":"has-post-thumbnail","6":"product_cat-ginekologia","7":"product_tag-zespol-pap-tabletki","9":"first","10":"instock","11":"taxable","12":"shipping-taxable","13":"purchasable","14":"product-type-simple"},"acf":{"yn_product_audio":"https:\/\/shop.diolosa.com\/wp-content\/uploads\/2018\/12\/DL_0715.mp3","yn_product_video":"https:\/\/shop.diolosa.com\/wp-content\/uploads\/2024\/10\/Phoenix-Mouth-TabletsSupp-1.mp4","yn_product_akupunktur":"<p>Dai Mai Wy\u0142adowanie wilgoci, ciep\u0142a i toksyn<br \/>\nworeczek \u017c\u00f3\u0142ciowy 41 &#8211; to lin qi (dai mai, shu) &#8211; xie fa<br \/>\nworeczek \u017c\u00f3\u0142ciowy 26 &#8211; woreczek \u017c\u00f3\u0142ciowy &#8211; dai mai &#8211; xie fa<br \/>\nworeczek \u017c\u00f3\u0142ciowy 43 &#8211; xia xi (ying) &#8211; xie fa  <\/p>\n<p>W\u0105troba Wy\u0142adowanie Wilgo\u0107 Ciep\u0142o<br \/>\nw\u0105troba 3 &#8211; tai chong (shu, yuan) &#8211; xie fa<br \/>\nw\u0105troba 2 &#8211; xing jian (ying) &#8211; xie fa  <\/p>\n<p>Wy\u0142adowanie ciep\u0142a z p\u0119cherza moczowego<br \/>\nren mai 3 &#8211; zhong ji (mo>)p\u0119cherz, w\u0105troba, nerki, \u015bledziona) &#8211; xie fa<br \/>\np\u0119cherz 40 &#8211; wei zhong (he, xia he xue &#8211; p\u0119cherz, xi krwi, jing bie ni\/bl) &#8211; xie fa<br \/>\n\u017co\u0142\u0105dek 39 &#8211; xia ju xu (xia he xue &#8211; jelito cienkie, jezioro krwi, chong mai) &#8211; xie fa<br \/>\np\u0119cherz 31 do 34 &#8211; ba liao &#8211; xie fa<\/p>\n<p>Chong Mai Wy\u0142adowanie Gor\u0105co<br \/>\n\u015bledziona 6 &#8211; san yin jiao (le,ni,mb) &#8211; xie fa<br \/>\nw\u0105troba 3 &#8211; tai chong (shu, yuan) &#8211; xie fa<br \/>\n\u015bledziona 4 &#8211; gong sun (luo, chong mai) &#8211; xie fa<br \/>\n\u015bledziona 10 &#8211; xue hai (jezioro krwi) &#8211; xie fa  <\/p>\n<p>Shen uspok\u00f3j si\u0119<br \/>\nsi shen cong &#8211; M-HN-1 (m\u00f3zg, cns) &#8211; xie fa<br \/>\nyin tang &#8211; M-HN-3 &#8211; xie fa<br \/>\nuszy &#8211; Shen Men<\/p>\n","yn_product_verabreichungsart":"Pelety 140szt.","yn_product_dosierung":"<p>3 x 6 do 10 tabletek dziennie, przed posi\u0142kami, przez co najmniej 30 dni i do 4 miesi\u0119cy.<\/p>\n","yn_product_combinations":"<p>HOT DAMP BELT (\u017c\u00f3\u0142tawa wydzielina), PEACEFUL VALLEY BALM and SUPP. (Grzybica), CLEANSING DAYS TABLETS and TEE (Wilgotne ciep\u0142o w\u0105troby), PHOENIX MOUTH SUPP. (czopki na zesp\u00f3\u0142 PAP), HOT STREAM (ostre zapalenie p\u0119cherza moczowego), LADY&#8217;S RELIEF (mastopatia), EASY FLOW HOT (up\u0142awy z bolesnym miesi\u0105czkowaniem), YELLOW DRAGON (wirusowe zapalenie w\u0105troby typu B), WATER SEPARATION (up\u0142awy w dolnej cz\u0119\u015bci plec\u00f3w).  <\/p>\n","yn_product_avoidable":"<p>czosnek, cebula, por, papryka, ostre przyprawy, pieprz, jagni\u0119cina, ryby, dr\u00f3b, owoce morza, alkohol, cukier, orzechy w\u0142oskie, czerwone wino, bia\u0142e wino<\/p>\n","yn_product_tcm_mindmapping":"<p>Zast\u00f3j Qi w\u0105troby i p\u0119cherzyka \u017c\u00f3\u0142ciowego > Zast\u00f3j Qi Dai Mai > Nagromadzenie mokrego ciep\u0142a w UE > Toksyny mokrego ciep\u0142a > Zast\u00f3j Qi i krwi > Zhong Liu<\/p>\n","yn_product_tongue_body":"<p>Korze\u0144 j\u0119zyka: brodawki s\u0105 widoczne i ciemnoczerwone, kraw\u0119dzie mog\u0105 by\u0107 r\u00f3wnie\u017c plamiste.<\/p>\n","yn_product_tongue_coating":"<p>U nasady j\u0119zyka: \u017c\u00f3\u0142tawy, lepki, a nawet ciemnobr\u0105zowy<\/p>\n","yn_product_pulse_diagnostics":"<p>Pozycja UE: hua mai &#8211; szybuj\u0105cy, xian mai &#8211; napi\u0119ty, se mai &#8211; szorstki, shi mai &#8211; pe\u0142ny, shuo mai &#8211; szybki<\/p>\n","yn_product_indications":"<p>Zesp\u00f3\u0142 PAP, \u017c\u00f3\u0142tawe i zapalne up\u0142awy, bolesne miesi\u0105czkowanie<\/p>\n","yn_product_contra_indications":"<p>Niedob\u00f3r Yang nerek<\/p>\n","yn_product_pregnancy":"<p>Przeciwwskazane<\/p>\n","yn_product_herbs":"<p>coicis semen &#8211; yi yi ren, sclerotium poriae cocos rubrae &#8211; chi fu ling, meliae fructus &#8211; chuan lian zi, linderae radix &#8211; wu yao, zeodariae rhizoma &#8211; e zhu, cyathulae radix &#8211; chuan niu xi, angelicae sinensis radix &#8211; dang gui, alismati rhizoma &#8211; ze xie, moutan cortex &#8211; mu dan pi<\/p>\n","yn_product_magisterrecipes":"<p>Si Miao San<\/p>\n"},"yoast_head":"<!-- This site is optimized with the Yoast SEO plugin v24.9 - https:\/\/yoast.com\/wordpress\/plugins\/seo\/ -->\n<title>Tabletki Phoenix Mouth - Claude Diolosa<\/title>\n<meta name=\"robots\" content=\"index, follow, max-snippet:-1, max-image-preview:large, max-video-preview:-1\" \/>\n<link rel=\"canonical\" href=\"https:\/\/shop.diolosa.com\/pl\/product\/tabletki-phoenix-mouth\/\" \/>\n<meta property=\"og:locale\" content=\"pl_PL\" \/>\n<meta property=\"og:type\" content=\"article\" \/>\n<meta property=\"og:title\" content=\"Tabletki Phoenix Mouth - Claude Diolosa\" \/>\n<meta property=\"og:description\" content=\"PHOENIX MOUTH TABLETS jest stosowany w leczeniu zespo\u0142u PAP. Preparat [...]\" \/>\n<meta property=\"og:url\" content=\"https:\/\/shop.diolosa.com\/pl\/product\/tabletki-phoenix-mouth\/\" \/>\n<meta property=\"og:site_name\" content=\"Claude Diolosa\" \/>\n<meta property=\"article:publisher\" content=\"https:\/\/facebook.com\/claudediolosa\" \/>\n<meta property=\"article:modified_time\" content=\"2025-05-06T14:21:42+00:00\" \/>\n<meta property=\"og:image\" content=\"https:\/\/shop.diolosa.com\/wp-content\/uploads\/2019\/09\/Presslinge-140.jpg\" \/>\n\t<meta property=\"og:image:width\" content=\"800\" \/>\n\t<meta property=\"og:image:height\" content=\"533\" \/>\n\t<meta property=\"og:image:type\" content=\"image\/jpeg\" \/>\n<meta name=\"twitter:card\" content=\"summary_large_image\" \/>\n<script type=\"application\/ld+json\" class=\"yoast-schema-graph\">{\"@context\":\"https:\/\/schema.org\",\"@graph\":[{\"@type\":\"WebPage\",\"@id\":\"https:\/\/shop.diolosa.com\/pl\/product\/tabletki-phoenix-mouth\/\",\"url\":\"https:\/\/shop.diolosa.com\/pl\/product\/tabletki-phoenix-mouth\/\",\"name\":\"Tabletki Phoenix Mouth - Claude Diolosa\",\"isPartOf\":{\"@id\":\"https:\/\/shop.diolosa.com\/pl\/#website\"},\"primaryImageOfPage\":{\"@id\":\"https:\/\/shop.diolosa.com\/pl\/product\/tabletki-phoenix-mouth\/#primaryimage\"},\"image\":{\"@id\":\"https:\/\/shop.diolosa.com\/pl\/product\/tabletki-phoenix-mouth\/#primaryimage\"},\"thumbnailUrl\":\"https:\/\/shop.diolosa.com\/wp-content\/uploads\/2019\/09\/Presslinge-140.jpg\",\"datePublished\":\"2025-03-08T14:08:24+00:00\",\"dateModified\":\"2025-05-06T14:21:42+00:00\",\"breadcrumb\":{\"@id\":\"https:\/\/shop.diolosa.com\/pl\/product\/tabletki-phoenix-mouth\/#breadcrumb\"},\"inLanguage\":\"pl-PL\",\"potentialAction\":[{\"@type\":\"ReadAction\",\"target\":[\"https:\/\/shop.diolosa.com\/pl\/product\/tabletki-phoenix-mouth\/\"]}]},{\"@type\":\"ImageObject\",\"inLanguage\":\"pl-PL\",\"@id\":\"https:\/\/shop.diolosa.com\/pl\/product\/tabletki-phoenix-mouth\/#primaryimage\",\"url\":\"https:\/\/shop.diolosa.com\/wp-content\/uploads\/2019\/09\/Presslinge-140.jpg\",\"contentUrl\":\"https:\/\/shop.diolosa.com\/wp-content\/uploads\/2019\/09\/Presslinge-140.jpg\",\"width\":800,\"height\":533},{\"@type\":\"BreadcrumbList\",\"@id\":\"https:\/\/shop.diolosa.com\/pl\/product\/tabletki-phoenix-mouth\/#breadcrumb\",\"itemListElement\":[{\"@type\":\"ListItem\",\"position\":1,\"name\":\"Startseite\",\"item\":\"https:\/\/shop.diolosa.com\/pl\/?page_id=3835710\"},{\"@type\":\"ListItem\",\"position\":2,\"name\":\"Sklep\",\"item\":\"https:\/\/shop.diolosa.com\/pl\/?page_id=3835710\"},{\"@type\":\"ListItem\",\"position\":3,\"name\":\"Tabletki Phoenix Mouth\"}]},{\"@type\":\"WebSite\",\"@id\":\"https:\/\/shop.diolosa.com\/pl\/#website\",\"url\":\"https:\/\/shop.diolosa.com\/pl\/\",\"name\":\"Claude Diolosa\",\"description\":\"\",\"publisher\":{\"@id\":\"https:\/\/shop.diolosa.com\/pl\/#organization\"},\"potentialAction\":[{\"@type\":\"SearchAction\",\"target\":{\"@type\":\"EntryPoint\",\"urlTemplate\":\"https:\/\/shop.diolosa.com\/pl\/?s={search_term_string}\"},\"query-input\":{\"@type\":\"PropertyValueSpecification\",\"valueRequired\":true,\"valueName\":\"search_term_string\"}}],\"inLanguage\":\"pl-PL\"},{\"@type\":\"Organization\",\"@id\":\"https:\/\/shop.diolosa.com\/pl\/#organization\",\"name\":\"Claude Diolosa\",\"url\":\"https:\/\/shop.diolosa.com\/pl\/\",\"logo\":{\"@type\":\"ImageObject\",\"inLanguage\":\"pl-PL\",\"@id\":\"https:\/\/shop.diolosa.com\/pl\/#\/schema\/logo\/image\/\",\"url\":\"https:\/\/shop.diolosa.com\/wp-content\/uploads\/2019\/08\/diolosa-drop-logo-new.png\",\"contentUrl\":\"https:\/\/shop.diolosa.com\/wp-content\/uploads\/2019\/08\/diolosa-drop-logo-new.png\",\"width\":134,\"height\":176,\"caption\":\"Claude Diolosa\"},\"image\":{\"@id\":\"https:\/\/shop.diolosa.com\/pl\/#\/schema\/logo\/image\/\"},\"sameAs\":[\"https:\/\/facebook.com\/claudediolosa\",\"https:\/\/www.instagram.com\/diolosaclaude108\/\"]}]}<\/script>\n<!-- \/ Yoast SEO plugin. -->","yoast_head_json":{"title":"Tabletki Phoenix Mouth - Claude Diolosa","robots":{"index":"index","follow":"follow","max-snippet":"max-snippet:-1","max-image-preview":"max-image-preview:large","max-video-preview":"max-video-preview:-1"},"canonical":"https:\/\/shop.diolosa.com\/pl\/product\/tabletki-phoenix-mouth\/","og_locale":"pl_PL","og_type":"article","og_title":"Tabletki Phoenix Mouth - Claude Diolosa","og_description":"PHOENIX MOUTH TABLETS jest stosowany w leczeniu zespo\u0142u PAP. Preparat [...]","og_url":"https:\/\/shop.diolosa.com\/pl\/product\/tabletki-phoenix-mouth\/","og_site_name":"Claude Diolosa","article_publisher":"https:\/\/facebook.com\/claudediolosa","article_modified_time":"2025-05-06T14:21:42+00:00","og_image":[{"width":800,"height":533,"url":"https:\/\/shop.diolosa.com\/wp-content\/uploads\/2019\/09\/Presslinge-140.jpg","type":"image\/jpeg"}],"twitter_card":"summary_large_image","schema":{"@context":"https:\/\/schema.org","@graph":[{"@type":"WebPage","@id":"https:\/\/shop.diolosa.com\/pl\/product\/tabletki-phoenix-mouth\/","url":"https:\/\/shop.diolosa.com\/pl\/product\/tabletki-phoenix-mouth\/","name":"Tabletki Phoenix Mouth - Claude Diolosa","isPartOf":{"@id":"https:\/\/shop.diolosa.com\/pl\/#website"},"primaryImageOfPage":{"@id":"https:\/\/shop.diolosa.com\/pl\/product\/tabletki-phoenix-mouth\/#primaryimage"},"image":{"@id":"https:\/\/shop.diolosa.com\/pl\/product\/tabletki-phoenix-mouth\/#primaryimage"},"thumbnailUrl":"https:\/\/shop.diolosa.com\/wp-content\/uploads\/2019\/09\/Presslinge-140.jpg","datePublished":"2025-03-08T14:08:24+00:00","dateModified":"2025-05-06T14:21:42+00:00","breadcrumb":{"@id":"https:\/\/shop.diolosa.com\/pl\/product\/tabletki-phoenix-mouth\/#breadcrumb"},"inLanguage":"pl-PL","potentialAction":[{"@type":"ReadAction","target":["https:\/\/shop.diolosa.com\/pl\/product\/tabletki-phoenix-mouth\/"]}]},{"@type":"ImageObject","inLanguage":"pl-PL","@id":"https:\/\/shop.diolosa.com\/pl\/product\/tabletki-phoenix-mouth\/#primaryimage","url":"https:\/\/shop.diolosa.com\/wp-content\/uploads\/2019\/09\/Presslinge-140.jpg","contentUrl":"https:\/\/shop.diolosa.com\/wp-content\/uploads\/2019\/09\/Presslinge-140.jpg","width":800,"height":533},{"@type":"BreadcrumbList","@id":"https:\/\/shop.diolosa.com\/pl\/product\/tabletki-phoenix-mouth\/#breadcrumb","itemListElement":[{"@type":"ListItem","position":1,"name":"Startseite","item":"https:\/\/shop.diolosa.com\/pl\/?page_id=3835710"},{"@type":"ListItem","position":2,"name":"Sklep","item":"https:\/\/shop.diolosa.com\/pl\/?page_id=3835710"},{"@type":"ListItem","position":3,"name":"Tabletki Phoenix Mouth"}]},{"@type":"WebSite","@id":"https:\/\/shop.diolosa.com\/pl\/#website","url":"https:\/\/shop.diolosa.com\/pl\/","name":"Claude Diolosa","description":"","publisher":{"@id":"https:\/\/shop.diolosa.com\/pl\/#organization"},"potentialAction":[{"@type":"SearchAction","target":{"@type":"EntryPoint","urlTemplate":"https:\/\/shop.diolosa.com\/pl\/?s={search_term_string}"},"query-input":{"@type":"PropertyValueSpecification","valueRequired":true,"valueName":"search_term_string"}}],"inLanguage":"pl-PL"},{"@type":"Organization","@id":"https:\/\/shop.diolosa.com\/pl\/#organization","name":"Claude Diolosa","url":"https:\/\/shop.diolosa.com\/pl\/","logo":{"@type":"ImageObject","inLanguage":"pl-PL","@id":"https:\/\/shop.diolosa.com\/pl\/#\/schema\/logo\/image\/","url":"https:\/\/shop.diolosa.com\/wp-content\/uploads\/2019\/08\/diolosa-drop-logo-new.png","contentUrl":"https:\/\/shop.diolosa.com\/wp-content\/uploads\/2019\/08\/diolosa-drop-logo-new.png","width":134,"height":176,"caption":"Claude Diolosa"},"image":{"@id":"https:\/\/shop.diolosa.com\/pl\/#\/schema\/logo\/image\/"},"sameAs":["https:\/\/facebook.com\/claudediolosa","https:\/\/www.instagram.com\/diolosaclaude108\/"]}]}},"_links":{"self":[{"href":"https:\/\/shop.diolosa.com\/pl\/wp-json\/wp\/v2\/product\/3836044","targetHints":{"allow":["GET"]}}],"collection":[{"href":"https:\/\/shop.diolosa.com\/pl\/wp-json\/wp\/v2\/product"}],"about":[{"href":"https:\/\/shop.diolosa.com\/pl\/wp-json\/wp\/v2\/types\/product"}],"wp:featuredmedia":[{"embeddable":true,"href":"https:\/\/shop.diolosa.com\/pl\/wp-json\/wp\/v2\/media\/3835943"}],"wp:attachment":[{"href":"https:\/\/shop.diolosa.com\/pl\/wp-json\/wp\/v2\/media?parent=3836044"}],"wp:term":[{"taxonomy":"product_brand","embeddable":true,"href":"https:\/\/shop.diolosa.com\/pl\/wp-json\/wp\/v2\/product_brand?post=3836044"},{"taxonomy":"product_cat","embeddable":true,"href":"https:\/\/shop.diolosa.com\/pl\/wp-json\/wp\/v2\/product_cat?post=3836044"},{"taxonomy":"product_tag","embeddable":true,"href":"https:\/\/shop.diolosa.com\/pl\/wp-json\/wp\/v2\/product_tag?post=3836044"}],"curies":[{"name":"wp","href":"https:\/\/api.w.org\/{rel}","templated":true}]}}