{"id":3836045,"date":"2019-09-04T12:12:50","date_gmt":"2025-03-08T14:08:25","guid":{"rendered":"https:\/\/shop.diolosa.com\/product\/sekretne-zaklecie\/"},"modified":"2025-05-06T15:21:42","modified_gmt":"2025-05-06T14:21:42","slug":"sekretne-zaklecie","status":"publish","type":"product","link":"https:\/\/shop.diolosa.com\/pl\/product\/sekretne-zaklecie\/","title":{"rendered":"Sekretne zakl\u0119cie"},"content":{"rendered":"<p>SECRET SPELL jest stosowany w leczeniu gor\u0105czki gruczo\u0142owej Pfeiffera. Preparat ten przeciwdzia\u0142a wirusowi Epsteina-Barra (EBV) lub eliminuje inwazj\u0119 toksyn wilgoci i ciep\u0142a w Mo Yuan i Shao Yang, gdzie dominuj\u0105 toksyny ciep\u0142a (Re Du). SECRET SPELL usuwa toksyny Wilgotnego Ciep\u0142a (wirusy), zmi\u0119kcza toksyczne nagromadzenia i stwardnienia w G\u00f3rnym Ogrzewaczu (limfie), \u0142agodzi b\u00f3l, zmniejsza gor\u0105czk\u0119 i og\u00f3lnie usuwa toksyny Ognia i Ciep\u0142a Krwi. Preparat ten powinien by\u0107 stosowany wy\u0142\u0105cznie w fazie ostrej i przez co najmniej 12 dni. Nast\u0119pnie terapia powinna by\u0107 dostosowana do leczenia Mokrego Ciep\u0142a, a zw\u0142aszcza toksyn w Jue Yin (W\u0105troba &#8211; Krew) lub Xue Fen.    <\/p>\n<p>&nbsp;<\/p>\n","protected":false},"excerpt":{"rendered":"<p>&nbsp;<\/p>\n<p>&nbsp;<\/p>\n","protected":false},"featured_media":3835943,"template":"","meta":{"_acf_changed":false},"product_brand":[],"product_cat":[11771],"product_tag":[11863],"class_list":{"0":"post-3836045","1":"product","2":"type-product","3":"status-publish","4":"has-post-thumbnail","6":"product_cat-wen-bing-lun-pl","7":"product_tag-goraczka-gruczolowa-pfeiffera","9":"first","10":"instock","11":"taxable","12":"shipping-taxable","13":"purchasable","14":"product-type-simple"},"acf":{"yn_product_audio":"https:\/\/shop.diolosa.com\/wp-content\/uploads\/2022\/10\/DL_SecretSpell.m4a","yn_product_video":"https:\/\/shop.diolosa.com\/wp-content\/uploads\/2024\/10\/Secret-Spell-.mp4","yn_product_akupunktur":"<p>Wiatr eliminuj\u0105cy ciep\u0142o i toksyny<br \/>\np\u0119cherz moczowy 13 &#8211; fei shu &#8211; xie fa<br \/>\np\u0142uca 7 &#8211; lie que (luo, ren mai, gao wu, ma da yang) &#8211; xie fa<br \/>\njelito grube 4 &#8211; he gu (yuan) &#8211; xie fa<br \/>\njelito grube 11 &#8211; qu chi &#8211; gui tui (he &#8211; gui) &#8211; xie fa<\/p>\n<p>Mo Yuan Nadelung<br \/>\nsan chiao 5 &#8211; wai guan (yang wei mai, luo) &#8211; xie fa<br \/>\nsan chiao 3 &#8211; zhong zhu (shu) &#8211; xie fa<br \/>\nsan chiao 4 &#8211; yang chi (yuan) &#8211; xie fa<br \/>\nsan chiao 6 &#8211; zhi gou (jing) &#8211; xie fa  <\/p>\n<p>Obni\u017cenie gor\u0105czki<br \/>\n\u017co\u0142\u0105dek 44 &#8211; nei ting (ying) &#8211; xie fa<br \/>\n\u017co\u0142\u0105dek 36 &#8211; zu san li (shu, xia he xue &#8211; \u017co\u0142\u0105dek, si hai xue, si zhong xue) &#8211; xie fa<br \/>\nyou mai 14 &#8211; da zhui (jezioro qi) &#8211; xie fa<br \/>\nyou mai 20 &#8211; bai hui &#8211; bai lao (jezioro szpiku kostnego, p\u0119cherza moczowego) &#8211; xie fa<\/p>\n<p>Zmniejsza gor\u0105czk\u0119 i stymuluje tranzyt jelitowy<br \/>\n\u017co\u0142\u0105dek 25 &#8211; tian shu (mo &#8211; jelito grube) &#8211; xie fa<br \/>\njelito grube 4 &#8211; he gu (yuan) &#8211; xie fa<br \/>\njelito grube 11 &#8211; qu chi &#8211; gui tui (he &#8211; gui) &#8211; xie fa<br \/>\n\u017co\u0142\u0105dek 37 &#8211; shang ju xu (xia he xue &#8211; jelito grube, jezioro krwi, chong mai) &#8211; xie fa<br \/>\nsan chiao 6 &#8211; zhi gou (jing) &#8211; xie fa  <\/p>\n<p>B\u00f3l gard\u0142a i obrz\u0119k w\u0119z\u0142\u00f3w ch\u0142onnych<br \/>\np\u0142uco 11 &#8211; shao shang &#8211; gui xin (jing, gui) &#8211; krwawienie<br \/>\njelito grube 1 &#8211; shang yang (jing) &#8211; krwawienie<br \/>\njelito grube 4 &#8211; he gu (yuan) &#8211; xie fa<br \/>\njelito grube 11 &#8211; qu chi &#8211; gui tui (he &#8211; gui) &#8211; xie fa<br \/>\nsan chiao 17 &#8211; yi feng (woreczek \u017c\u00f3\u0142ciowy) &#8211; xie fa<br \/>\nsan chiao 3 &#8211; zhong zhu (shu) &#8211; xie fa<br \/>\nsan chiao 5 &#8211; wai guan (yang wei mai, luo) &#8211; xie fa<br \/>\njelito cienkie 3 &#8211; hou xi (shu, du mai) &#8211; xie fa<\/p>\n","yn_product_verabreichungsart":"Pelety 140szt.","yn_product_dosierung":"<p>4 x 6 do 10 tabletek dziennie, zawsze przed posi\u0142kami. Terapia powinna trwa\u0107 co najmniej 12 do 30 dni, a dok\u0142adny czas jej trwania powinien zosta\u0107 okre\u015blony przez towarzysz\u0105cego terapeut\u0119. <\/p>\n","yn_product_combinations":"<p>WBL GREEN PROTECTION SCREEN (grypa), FLEMING (antybiotyk), THROAT COOLING DEW TABLETKI i SPRAY (b\u00f3l gard\u0142a &#8211; angina)<\/p>\n","yn_product_avoidable":"<p>Alkohol, sma\u017cone i t\u0142uste potrawy, ostre i pikantne przyprawy, pieprz, czosnek, por, cebula, chili, ocet, jagni\u0119cina, owoce morza, wieprzowina, kie\u0142basa, szynka, bekon, imbir, ga\u0142ka muszkato\u0142owa, papryka, koper w\u0142oski, any\u017c, go\u017adziki, ser, cukier, czekolada.<\/p>\n","yn_product_tcm_mindmapping":"<p>WBL > Zesp\u00f3\u0142 Mo Yuan > Zesp\u00f3\u0142 Shao Yang > Toksyny Mokrego Ciep\u0142a (Shi Re Du) > Akumulacja Toksyny Mokrego Ciep\u0142a w G\u00f3rnym Ogrzewaczu<\/p>\n","yn_product_tongue_body":"<p>Szeroki, g\u0119sty i czerwony (Wei Fen &#8211; Qi Fen) do ciemnoczerwonego (Ying Fen), a nawet plamisty (zast\u00f3j krwi spowodowany ciep\u0142em krwi).<\/p>\n","yn_product_tongue_coating":"<p>Bia\u0142y, \u017c\u00f3\u0142tawy i t\u0142usty,<br \/>\nBrudnoszary zamiast bia\u0142ego nalot na migda\u0142ach<\/p>\n","yn_product_pulse_diagnostics":"<p>Faza ostra: fu mai &#8211; powierzchowna, hua mai &#8211; szybuj\u0105ca, shuo mai &#8211; szybka, shi mai &#8211; pe\u0142na<\/p>\n","yn_product_indications":"<p>Gor\u0105czka gruczo\u0142owa Pfeiffera, mononukleoza, mononukleoza zaka\u017ana, angina monocytowa, objawy grypopodobne, takie jak wysoka gor\u0105czka, b\u00f3l ko\u0144czyn i silne zm\u0119czenie, powi\u0119kszenie w\u0119z\u0142\u00f3w ch\u0142onnych, b\u00f3l gard\u0142a, zapalenie migda\u0142k\u00f3w (angina tonsillaris), nieprzyjemny zapach z ust, chrypka.<\/p>\n","yn_product_contra_indications":"<p>Wiatr (Zhong Feng), Wiatr Zimno (Zhong Feng Shang Han), Wiatr Wilgo\u0107 Zimno (Zhong Feng Shi Han). Ta formu\u0142a jest termicznie zimna i nie powinna by\u0107 stosowana w przypadku niedoboru Yang i Qi, hipotermii i niedoci\u015bnienia. <\/p>\n","yn_product_pregnancy":"<p>Dozwolone<\/p>\n","yn_product_herbs":"<p>bupleurum radix &#8211; chai hu, scutellariae baicalensis radix &#8211; huang qin, fritillariae thunbergyii bulbus &#8211; zhe bei mu, lasiospaerae fructificatio &#8211; ma bo, isatidis radix &#8211; ban lan gen<\/p>\n","yn_product_magisterrecipes":"<p>Pu Ji Xiao Du Yin, Da Yuan Yin, Chai Hu Da Yuan Yin<\/p>\n"},"yoast_head":"<!-- This site is optimized with the Yoast SEO plugin v24.9 - https:\/\/yoast.com\/wordpress\/plugins\/seo\/ -->\n<title>Sekretne zakl\u0119cie - Claude Diolosa<\/title>\n<meta name=\"robots\" content=\"index, follow, max-snippet:-1, max-image-preview:large, max-video-preview:-1\" \/>\n<link rel=\"canonical\" href=\"https:\/\/shop.diolosa.com\/pl\/product\/sekretne-zaklecie\/\" \/>\n<meta property=\"og:locale\" content=\"pl_PL\" \/>\n<meta property=\"og:type\" content=\"article\" \/>\n<meta property=\"og:title\" content=\"Sekretne zakl\u0119cie - Claude Diolosa\" \/>\n<meta property=\"og:description\" content=\"&nbsp; &nbsp;\" \/>\n<meta property=\"og:url\" content=\"https:\/\/shop.diolosa.com\/pl\/product\/sekretne-zaklecie\/\" \/>\n<meta property=\"og:site_name\" content=\"Claude Diolosa\" \/>\n<meta property=\"article:publisher\" content=\"https:\/\/facebook.com\/claudediolosa\" \/>\n<meta property=\"article:modified_time\" content=\"2025-05-06T14:21:42+00:00\" \/>\n<meta property=\"og:image\" content=\"https:\/\/shop.diolosa.com\/wp-content\/uploads\/2019\/09\/Presslinge-140.jpg\" \/>\n\t<meta property=\"og:image:width\" content=\"800\" \/>\n\t<meta property=\"og:image:height\" content=\"533\" \/>\n\t<meta property=\"og:image:type\" content=\"image\/jpeg\" \/>\n<meta name=\"twitter:card\" content=\"summary_large_image\" \/>\n<meta name=\"twitter:label1\" content=\"Szacowany czas czytania\" \/>\n\t<meta name=\"twitter:data1\" content=\"1 minuta\" \/>\n<script type=\"application\/ld+json\" class=\"yoast-schema-graph\">{\"@context\":\"https:\/\/schema.org\",\"@graph\":[{\"@type\":\"WebPage\",\"@id\":\"https:\/\/shop.diolosa.com\/pl\/product\/sekretne-zaklecie\/\",\"url\":\"https:\/\/shop.diolosa.com\/pl\/product\/sekretne-zaklecie\/\",\"name\":\"Sekretne zakl\u0119cie - Claude Diolosa\",\"isPartOf\":{\"@id\":\"https:\/\/shop.diolosa.com\/pl\/#website\"},\"primaryImageOfPage\":{\"@id\":\"https:\/\/shop.diolosa.com\/pl\/product\/sekretne-zaklecie\/#primaryimage\"},\"image\":{\"@id\":\"https:\/\/shop.diolosa.com\/pl\/product\/sekretne-zaklecie\/#primaryimage\"},\"thumbnailUrl\":\"https:\/\/shop.diolosa.com\/wp-content\/uploads\/2019\/09\/Presslinge-140.jpg\",\"datePublished\":\"2025-03-08T14:08:25+00:00\",\"dateModified\":\"2025-05-06T14:21:42+00:00\",\"breadcrumb\":{\"@id\":\"https:\/\/shop.diolosa.com\/pl\/product\/sekretne-zaklecie\/#breadcrumb\"},\"inLanguage\":\"pl-PL\",\"potentialAction\":[{\"@type\":\"ReadAction\",\"target\":[\"https:\/\/shop.diolosa.com\/pl\/product\/sekretne-zaklecie\/\"]}]},{\"@type\":\"ImageObject\",\"inLanguage\":\"pl-PL\",\"@id\":\"https:\/\/shop.diolosa.com\/pl\/product\/sekretne-zaklecie\/#primaryimage\",\"url\":\"https:\/\/shop.diolosa.com\/wp-content\/uploads\/2019\/09\/Presslinge-140.jpg\",\"contentUrl\":\"https:\/\/shop.diolosa.com\/wp-content\/uploads\/2019\/09\/Presslinge-140.jpg\",\"width\":800,\"height\":533},{\"@type\":\"BreadcrumbList\",\"@id\":\"https:\/\/shop.diolosa.com\/pl\/product\/sekretne-zaklecie\/#breadcrumb\",\"itemListElement\":[{\"@type\":\"ListItem\",\"position\":1,\"name\":\"Startseite\",\"item\":\"https:\/\/shop.diolosa.com\/pl\/?page_id=3835710\"},{\"@type\":\"ListItem\",\"position\":2,\"name\":\"Sklep\",\"item\":\"https:\/\/shop.diolosa.com\/pl\/?page_id=3835710\"},{\"@type\":\"ListItem\",\"position\":3,\"name\":\"Sekretne zakl\u0119cie\"}]},{\"@type\":\"WebSite\",\"@id\":\"https:\/\/shop.diolosa.com\/pl\/#website\",\"url\":\"https:\/\/shop.diolosa.com\/pl\/\",\"name\":\"Claude Diolosa\",\"description\":\"\",\"publisher\":{\"@id\":\"https:\/\/shop.diolosa.com\/pl\/#organization\"},\"potentialAction\":[{\"@type\":\"SearchAction\",\"target\":{\"@type\":\"EntryPoint\",\"urlTemplate\":\"https:\/\/shop.diolosa.com\/pl\/?s={search_term_string}\"},\"query-input\":{\"@type\":\"PropertyValueSpecification\",\"valueRequired\":true,\"valueName\":\"search_term_string\"}}],\"inLanguage\":\"pl-PL\"},{\"@type\":\"Organization\",\"@id\":\"https:\/\/shop.diolosa.com\/pl\/#organization\",\"name\":\"Claude Diolosa\",\"url\":\"https:\/\/shop.diolosa.com\/pl\/\",\"logo\":{\"@type\":\"ImageObject\",\"inLanguage\":\"pl-PL\",\"@id\":\"https:\/\/shop.diolosa.com\/pl\/#\/schema\/logo\/image\/\",\"url\":\"https:\/\/shop.diolosa.com\/wp-content\/uploads\/2019\/08\/diolosa-drop-logo-new.png\",\"contentUrl\":\"https:\/\/shop.diolosa.com\/wp-content\/uploads\/2019\/08\/diolosa-drop-logo-new.png\",\"width\":134,\"height\":176,\"caption\":\"Claude Diolosa\"},\"image\":{\"@id\":\"https:\/\/shop.diolosa.com\/pl\/#\/schema\/logo\/image\/\"},\"sameAs\":[\"https:\/\/facebook.com\/claudediolosa\",\"https:\/\/www.instagram.com\/diolosaclaude108\/\"]}]}<\/script>\n<!-- \/ Yoast SEO plugin. -->","yoast_head_json":{"title":"Sekretne zakl\u0119cie - Claude Diolosa","robots":{"index":"index","follow":"follow","max-snippet":"max-snippet:-1","max-image-preview":"max-image-preview:large","max-video-preview":"max-video-preview:-1"},"canonical":"https:\/\/shop.diolosa.com\/pl\/product\/sekretne-zaklecie\/","og_locale":"pl_PL","og_type":"article","og_title":"Sekretne zakl\u0119cie - Claude Diolosa","og_description":"&nbsp; &nbsp;","og_url":"https:\/\/shop.diolosa.com\/pl\/product\/sekretne-zaklecie\/","og_site_name":"Claude Diolosa","article_publisher":"https:\/\/facebook.com\/claudediolosa","article_modified_time":"2025-05-06T14:21:42+00:00","og_image":[{"width":800,"height":533,"url":"https:\/\/shop.diolosa.com\/wp-content\/uploads\/2019\/09\/Presslinge-140.jpg","type":"image\/jpeg"}],"twitter_card":"summary_large_image","twitter_misc":{"Szacowany czas czytania":"1 minuta"},"schema":{"@context":"https:\/\/schema.org","@graph":[{"@type":"WebPage","@id":"https:\/\/shop.diolosa.com\/pl\/product\/sekretne-zaklecie\/","url":"https:\/\/shop.diolosa.com\/pl\/product\/sekretne-zaklecie\/","name":"Sekretne zakl\u0119cie - Claude Diolosa","isPartOf":{"@id":"https:\/\/shop.diolosa.com\/pl\/#website"},"primaryImageOfPage":{"@id":"https:\/\/shop.diolosa.com\/pl\/product\/sekretne-zaklecie\/#primaryimage"},"image":{"@id":"https:\/\/shop.diolosa.com\/pl\/product\/sekretne-zaklecie\/#primaryimage"},"thumbnailUrl":"https:\/\/shop.diolosa.com\/wp-content\/uploads\/2019\/09\/Presslinge-140.jpg","datePublished":"2025-03-08T14:08:25+00:00","dateModified":"2025-05-06T14:21:42+00:00","breadcrumb":{"@id":"https:\/\/shop.diolosa.com\/pl\/product\/sekretne-zaklecie\/#breadcrumb"},"inLanguage":"pl-PL","potentialAction":[{"@type":"ReadAction","target":["https:\/\/shop.diolosa.com\/pl\/product\/sekretne-zaklecie\/"]}]},{"@type":"ImageObject","inLanguage":"pl-PL","@id":"https:\/\/shop.diolosa.com\/pl\/product\/sekretne-zaklecie\/#primaryimage","url":"https:\/\/shop.diolosa.com\/wp-content\/uploads\/2019\/09\/Presslinge-140.jpg","contentUrl":"https:\/\/shop.diolosa.com\/wp-content\/uploads\/2019\/09\/Presslinge-140.jpg","width":800,"height":533},{"@type":"BreadcrumbList","@id":"https:\/\/shop.diolosa.com\/pl\/product\/sekretne-zaklecie\/#breadcrumb","itemListElement":[{"@type":"ListItem","position":1,"name":"Startseite","item":"https:\/\/shop.diolosa.com\/pl\/?page_id=3835710"},{"@type":"ListItem","position":2,"name":"Sklep","item":"https:\/\/shop.diolosa.com\/pl\/?page_id=3835710"},{"@type":"ListItem","position":3,"name":"Sekretne zakl\u0119cie"}]},{"@type":"WebSite","@id":"https:\/\/shop.diolosa.com\/pl\/#website","url":"https:\/\/shop.diolosa.com\/pl\/","name":"Claude Diolosa","description":"","publisher":{"@id":"https:\/\/shop.diolosa.com\/pl\/#organization"},"potentialAction":[{"@type":"SearchAction","target":{"@type":"EntryPoint","urlTemplate":"https:\/\/shop.diolosa.com\/pl\/?s={search_term_string}"},"query-input":{"@type":"PropertyValueSpecification","valueRequired":true,"valueName":"search_term_string"}}],"inLanguage":"pl-PL"},{"@type":"Organization","@id":"https:\/\/shop.diolosa.com\/pl\/#organization","name":"Claude Diolosa","url":"https:\/\/shop.diolosa.com\/pl\/","logo":{"@type":"ImageObject","inLanguage":"pl-PL","@id":"https:\/\/shop.diolosa.com\/pl\/#\/schema\/logo\/image\/","url":"https:\/\/shop.diolosa.com\/wp-content\/uploads\/2019\/08\/diolosa-drop-logo-new.png","contentUrl":"https:\/\/shop.diolosa.com\/wp-content\/uploads\/2019\/08\/diolosa-drop-logo-new.png","width":134,"height":176,"caption":"Claude Diolosa"},"image":{"@id":"https:\/\/shop.diolosa.com\/pl\/#\/schema\/logo\/image\/"},"sameAs":["https:\/\/facebook.com\/claudediolosa","https:\/\/www.instagram.com\/diolosaclaude108\/"]}]}},"_links":{"self":[{"href":"https:\/\/shop.diolosa.com\/pl\/wp-json\/wp\/v2\/product\/3836045","targetHints":{"allow":["GET"]}}],"collection":[{"href":"https:\/\/shop.diolosa.com\/pl\/wp-json\/wp\/v2\/product"}],"about":[{"href":"https:\/\/shop.diolosa.com\/pl\/wp-json\/wp\/v2\/types\/product"}],"wp:featuredmedia":[{"embeddable":true,"href":"https:\/\/shop.diolosa.com\/pl\/wp-json\/wp\/v2\/media\/3835943"}],"wp:attachment":[{"href":"https:\/\/shop.diolosa.com\/pl\/wp-json\/wp\/v2\/media?parent=3836045"}],"wp:term":[{"taxonomy":"product_brand","embeddable":true,"href":"https:\/\/shop.diolosa.com\/pl\/wp-json\/wp\/v2\/product_brand?post=3836045"},{"taxonomy":"product_cat","embeddable":true,"href":"https:\/\/shop.diolosa.com\/pl\/wp-json\/wp\/v2\/product_cat?post=3836045"},{"taxonomy":"product_tag","embeddable":true,"href":"https:\/\/shop.diolosa.com\/pl\/wp-json\/wp\/v2\/product_tag?post=3836045"}],"curies":[{"name":"wp","href":"https:\/\/api.w.org\/{rel}","templated":true}]}}