{"id":3836056,"date":"2019-09-04T12:12:50","date_gmt":"2025-03-08T14:08:29","guid":{"rendered":"https:\/\/shop.diolosa.com\/product\/esencja-ksiezyca\/"},"modified":"2025-05-06T15:21:53","modified_gmt":"2025-05-06T14:21:53","slug":"esencja-ksiezyca","status":"publish","type":"product","link":"https:\/\/shop.diolosa.com\/pl\/product\/esencja-ksiezyca\/","title":{"rendered":"Esencja Ksi\u0119\u017cyca"},"content":{"rendered":"<p>MOON ESSENCE jest stosowany w leczeniu niedoboru estrogenu, objaw\u00f3w menopauzy z silnymi uderzeniami gor\u0105ca, nocnymi potami, atakami paniki, bezsenno\u015bci\u0105 i wewn\u0119trznym niepokojem. Preparat ten tonizuje poporodowe \u017ar\u00f3d\u0142o yin, od\u017cywia jing, p\u0142yny ustrojowe i krew bez tworzenia wilgoci, usuwa Puste Ciep\u0142o i uspokaja yang. MOON ESSENCE jest stosowany w przypadku wyra\u017anego niedoboru yin i pustego ciep\u0142a z zespo\u0142em Gu Zheng i mo\u017ce by\u0107 uwa\u017cany za naturalny preparat estrogenowy. (zawiera niewielkie ilo\u015bci glutenu!!!!)<\/p>\n","protected":false},"excerpt":{"rendered":"<p>MOON ESSENCE jest stosowany w leczeniu niedoboru estrogenu, objaw\u00f3w menopauzy  [&#8230;]<\/p>\n","protected":false},"featured_media":3835943,"template":"","meta":{"_acf_changed":false},"product_brand":[],"product_cat":[11799],"product_tag":[11874],"class_list":{"0":"post-3836056","1":"product","2":"type-product","3":"status-publish","4":"has-post-thumbnail","6":"product_cat-ginekologia","7":"product_tag-niedobor-estrogenow","9":"first","10":"instock","11":"taxable","12":"shipping-taxable","13":"purchasable","14":"product-type-simple"},"acf":{"yn_product_audio":"https:\/\/shop.diolosa.com\/wp-content\/uploads\/2018\/12\/DL_0371.mp3","yn_product_video":"https:\/\/shop.diolosa.com\/wp-content\/uploads\/2024\/03\/Moon-Essence.mp4","yn_product_akupunktur":"<p>Shao Yin harmonizuje<br \/>\nserce 6 &#8211; yin xi (xi) &#8211; bu fa<br \/>\njelito cienkie 7 &#8211; zhi zheng (luo) &#8211; xie fa<br \/>\nserce 7 &#8211; shen men (shu, yuan) &#8211; bu fa<br \/>\nnerka 3 &#8211; tai xi (shu,yuan) &#8211; bu fa<br \/>\n\u015bledziona 6 &#8211; san yin jiao (le,ni,mb) &#8211; bu fa<br \/>\n\u017co\u0142\u0105dek 36 &#8211; zu san li (shu, xia he xue &#8211; \u017co\u0142\u0105dek, si hai xue, si zhong xue) &#8211; bu fa<\/p>\n<p>\u017bo\u0142\u0105dek Yang pe\u0142nia i ciep\u0142o<br \/>\n\u017co\u0142\u0105dek 44 &#8211; nei ting (ying) &#8211; xie fa<br \/>\njelito grube 2 &#8211; er jian (ying) &#8211; xie fa  <\/p>\n<p>Chong i Ren Mai wype\u0142niaj\u0105<br \/>\n\u015bledziona 4 &#8211; gong sun (luo, chong mai) &#8211; bu fa<br \/>\nkr\u0105\u017cenie 6 &#8211; nei guan (luo, yin wei mai) &#8211; bu fa<br \/>\np\u0142uca 7 &#8211; lie que (luo, ren mai) &#8211; bu fa<br \/>\nnerki 6 &#8211; zhao hai (yin qiao mai) &#8211; bu fa<\/p>\n<p>Tonizuje Qi \u015bledziony<br \/>\n\u015bledziona 3 &#8211; tai bai (shu, yuan) &#8211; bu fa<br \/>\np\u0119cherz 20 &#8211; pi shu &#8211; bu fa  <\/p>\n<p>Zharmonizuj shen<br \/>\nan mian &#8211; N-HN-54 (shen, m\u00f3zg) &#8211; xie fa<br \/>\nyin tang &#8211; M-HN-3 &#8211; xie fa<br \/>\ndu mai 20 &#8211; bai hui &#8211; bai lao (jezioro szpiku kostnego, p\u0119cherz) &#8211; xie fa<br \/>\ndu mai 24 &#8211; shen ting (p\u0119cherz, \u017co\u0142\u0105dek, gui) &#8211; xie fa<\/p>\n","yn_product_verabreichungsart":"Pelety 140szt.","yn_product_dosierung":"<p>3 x 4 do 9 tabletek dziennie, przed posi\u0142kami, szczeg\u00f3lnie p\u00f3\u017anym popo\u0142udniem lub wieczorem przed snem<\/p>\n<p>(zawiera niewielkie ilo\u015bci glutenu!!!!)<\/p>\n","yn_product_combinations":"<p>COOL MOON (objawy menopauzy), YIN ROOT, SAN BAO TEE (niedob\u00f3r yin w nerkach), PEACEFUL NIGHTS (bezsenno\u015b\u0107), CLEARING THE HEAT (niedob\u00f3r yin i puste ciep\u0142o)<\/p>\n","yn_product_avoidable":"<p>Ostre przyprawy, papryka, czosnek, por, cebula, czerwone wino, owoce morza, jagni\u0119cina<\/p>\n","yn_product_tcm_mindmapping":"<p>Niedob\u00f3r estrogenu > Niedob\u00f3r Yin w nerkach > Puste ciep\u0142o w nerkach > Ciep\u0142o krwi > Ogie\u0144 w \u017co\u0142\u0105dku > Niedob\u00f3r Yin w sercu i puste ciep\u0142o > Zesp\u00f3\u0142 Gu Zheng.<\/p>\n","yn_product_tongue_body":"<p>W\u0105ski, cienki, czerwony, p\u0119kni\u0119ty w Shao Yin, czerwony czubek j\u0119zyka<\/p>\n","yn_product_tongue_coating":"<p>Rzadkie, cienkie, suche i \u017c\u00f3\u0142tawe<\/p>\n","yn_product_pulse_diagnostics":"<p>fu mai &#8211; powierzchowny, xi mai &#8211; cienki, xu mai &#8211; pusty, xian mai &#8211; napi\u0119ty, shuo mai &#8211; szybki<\/p>\n","yn_product_indications":"<p>Niedob\u00f3r estrogen\u00f3w, uderzenia gor\u0105ca, nocne poty, sucho\u015b\u0107 pochwy, sw\u0119dzenie pochwy, brak miesi\u0105czki, sucho\u015b\u0107 sk\u00f3ry.<\/p>\n","yn_product_contra_indications":"<p>Niedob\u00f3r Yang\/Qi nerek i Qi \u015bledziony z wilgoci\u0105 Yang Ming i zimnem flegmy<\/p>\n","yn_product_pregnancy":"<p>Dozwolone<\/p>\n","yn_product_herbs":"<p>achyranthis radix &#8211; huai niu xi, loranthi ramulus &#8211; sang ji sheng, ligustri lucidi fructus &#8211; nu zhen zi, rhemanniae radix &#8211; sheng di huang, rhemanniae radix praep &#8211; shu di huang, moutan cortex &#8211; mu dan pi, scrophulariae ningpoensis radix &#8211; xuan shen, glycyrrhizae uralensis radix &#8211; gan cao, panacis quinquefolium radix &#8211; xi yang shen<\/p>\n","yn_product_magisterrecipes":"<p>Qing Hao Bie Jia Tang<\/p>\n"},"yoast_head":"<!-- This site is optimized with the Yoast SEO plugin v24.9 - https:\/\/yoast.com\/wordpress\/plugins\/seo\/ -->\n<title>Esencja Ksi\u0119\u017cyca - Claude Diolosa<\/title>\n<meta name=\"robots\" content=\"index, follow, max-snippet:-1, max-image-preview:large, max-video-preview:-1\" \/>\n<link rel=\"canonical\" href=\"https:\/\/shop.diolosa.com\/pl\/product\/esencja-ksiezyca\/\" \/>\n<meta property=\"og:locale\" content=\"pl_PL\" \/>\n<meta property=\"og:type\" content=\"article\" \/>\n<meta property=\"og:title\" content=\"Esencja Ksi\u0119\u017cyca - Claude Diolosa\" \/>\n<meta property=\"og:description\" content=\"MOON ESSENCE jest stosowany w leczeniu niedoboru estrogenu, objaw\u00f3w menopauzy [...]\" \/>\n<meta property=\"og:url\" content=\"https:\/\/shop.diolosa.com\/pl\/product\/esencja-ksiezyca\/\" \/>\n<meta property=\"og:site_name\" content=\"Claude Diolosa\" \/>\n<meta property=\"article:publisher\" content=\"https:\/\/facebook.com\/claudediolosa\" \/>\n<meta property=\"article:modified_time\" content=\"2025-05-06T14:21:53+00:00\" \/>\n<meta property=\"og:image\" content=\"https:\/\/shop.diolosa.com\/wp-content\/uploads\/2019\/09\/Presslinge-140.jpg\" \/>\n\t<meta property=\"og:image:width\" content=\"800\" \/>\n\t<meta property=\"og:image:height\" content=\"533\" \/>\n\t<meta property=\"og:image:type\" content=\"image\/jpeg\" \/>\n<meta name=\"twitter:card\" content=\"summary_large_image\" \/>\n<script type=\"application\/ld+json\" class=\"yoast-schema-graph\">{\"@context\":\"https:\/\/schema.org\",\"@graph\":[{\"@type\":\"WebPage\",\"@id\":\"https:\/\/shop.diolosa.com\/pl\/product\/esencja-ksiezyca\/\",\"url\":\"https:\/\/shop.diolosa.com\/pl\/product\/esencja-ksiezyca\/\",\"name\":\"Esencja Ksi\u0119\u017cyca - Claude Diolosa\",\"isPartOf\":{\"@id\":\"https:\/\/shop.diolosa.com\/pl\/#website\"},\"primaryImageOfPage\":{\"@id\":\"https:\/\/shop.diolosa.com\/pl\/product\/esencja-ksiezyca\/#primaryimage\"},\"image\":{\"@id\":\"https:\/\/shop.diolosa.com\/pl\/product\/esencja-ksiezyca\/#primaryimage\"},\"thumbnailUrl\":\"https:\/\/shop.diolosa.com\/wp-content\/uploads\/2019\/09\/Presslinge-140.jpg\",\"datePublished\":\"2025-03-08T14:08:29+00:00\",\"dateModified\":\"2025-05-06T14:21:53+00:00\",\"breadcrumb\":{\"@id\":\"https:\/\/shop.diolosa.com\/pl\/product\/esencja-ksiezyca\/#breadcrumb\"},\"inLanguage\":\"pl-PL\",\"potentialAction\":[{\"@type\":\"ReadAction\",\"target\":[\"https:\/\/shop.diolosa.com\/pl\/product\/esencja-ksiezyca\/\"]}]},{\"@type\":\"ImageObject\",\"inLanguage\":\"pl-PL\",\"@id\":\"https:\/\/shop.diolosa.com\/pl\/product\/esencja-ksiezyca\/#primaryimage\",\"url\":\"https:\/\/shop.diolosa.com\/wp-content\/uploads\/2019\/09\/Presslinge-140.jpg\",\"contentUrl\":\"https:\/\/shop.diolosa.com\/wp-content\/uploads\/2019\/09\/Presslinge-140.jpg\",\"width\":800,\"height\":533},{\"@type\":\"BreadcrumbList\",\"@id\":\"https:\/\/shop.diolosa.com\/pl\/product\/esencja-ksiezyca\/#breadcrumb\",\"itemListElement\":[{\"@type\":\"ListItem\",\"position\":1,\"name\":\"Startseite\",\"item\":\"https:\/\/shop.diolosa.com\/pl\/?page_id=3835710\"},{\"@type\":\"ListItem\",\"position\":2,\"name\":\"Sklep\",\"item\":\"https:\/\/shop.diolosa.com\/pl\/?page_id=3835710\"},{\"@type\":\"ListItem\",\"position\":3,\"name\":\"Esencja Ksi\u0119\u017cyca\"}]},{\"@type\":\"WebSite\",\"@id\":\"https:\/\/shop.diolosa.com\/pl\/#website\",\"url\":\"https:\/\/shop.diolosa.com\/pl\/\",\"name\":\"Claude Diolosa\",\"description\":\"\",\"publisher\":{\"@id\":\"https:\/\/shop.diolosa.com\/pl\/#organization\"},\"potentialAction\":[{\"@type\":\"SearchAction\",\"target\":{\"@type\":\"EntryPoint\",\"urlTemplate\":\"https:\/\/shop.diolosa.com\/pl\/?s={search_term_string}\"},\"query-input\":{\"@type\":\"PropertyValueSpecification\",\"valueRequired\":true,\"valueName\":\"search_term_string\"}}],\"inLanguage\":\"pl-PL\"},{\"@type\":\"Organization\",\"@id\":\"https:\/\/shop.diolosa.com\/pl\/#organization\",\"name\":\"Claude Diolosa\",\"url\":\"https:\/\/shop.diolosa.com\/pl\/\",\"logo\":{\"@type\":\"ImageObject\",\"inLanguage\":\"pl-PL\",\"@id\":\"https:\/\/shop.diolosa.com\/pl\/#\/schema\/logo\/image\/\",\"url\":\"https:\/\/shop.diolosa.com\/wp-content\/uploads\/2019\/08\/diolosa-drop-logo-new.png\",\"contentUrl\":\"https:\/\/shop.diolosa.com\/wp-content\/uploads\/2019\/08\/diolosa-drop-logo-new.png\",\"width\":134,\"height\":176,\"caption\":\"Claude Diolosa\"},\"image\":{\"@id\":\"https:\/\/shop.diolosa.com\/pl\/#\/schema\/logo\/image\/\"},\"sameAs\":[\"https:\/\/facebook.com\/claudediolosa\",\"https:\/\/www.instagram.com\/diolosaclaude108\/\"]}]}<\/script>\n<!-- \/ Yoast SEO plugin. -->","yoast_head_json":{"title":"Esencja Ksi\u0119\u017cyca - Claude Diolosa","robots":{"index":"index","follow":"follow","max-snippet":"max-snippet:-1","max-image-preview":"max-image-preview:large","max-video-preview":"max-video-preview:-1"},"canonical":"https:\/\/shop.diolosa.com\/pl\/product\/esencja-ksiezyca\/","og_locale":"pl_PL","og_type":"article","og_title":"Esencja Ksi\u0119\u017cyca - Claude Diolosa","og_description":"MOON ESSENCE jest stosowany w leczeniu niedoboru estrogenu, objaw\u00f3w menopauzy [...]","og_url":"https:\/\/shop.diolosa.com\/pl\/product\/esencja-ksiezyca\/","og_site_name":"Claude Diolosa","article_publisher":"https:\/\/facebook.com\/claudediolosa","article_modified_time":"2025-05-06T14:21:53+00:00","og_image":[{"width":800,"height":533,"url":"https:\/\/shop.diolosa.com\/wp-content\/uploads\/2019\/09\/Presslinge-140.jpg","type":"image\/jpeg"}],"twitter_card":"summary_large_image","schema":{"@context":"https:\/\/schema.org","@graph":[{"@type":"WebPage","@id":"https:\/\/shop.diolosa.com\/pl\/product\/esencja-ksiezyca\/","url":"https:\/\/shop.diolosa.com\/pl\/product\/esencja-ksiezyca\/","name":"Esencja Ksi\u0119\u017cyca - Claude Diolosa","isPartOf":{"@id":"https:\/\/shop.diolosa.com\/pl\/#website"},"primaryImageOfPage":{"@id":"https:\/\/shop.diolosa.com\/pl\/product\/esencja-ksiezyca\/#primaryimage"},"image":{"@id":"https:\/\/shop.diolosa.com\/pl\/product\/esencja-ksiezyca\/#primaryimage"},"thumbnailUrl":"https:\/\/shop.diolosa.com\/wp-content\/uploads\/2019\/09\/Presslinge-140.jpg","datePublished":"2025-03-08T14:08:29+00:00","dateModified":"2025-05-06T14:21:53+00:00","breadcrumb":{"@id":"https:\/\/shop.diolosa.com\/pl\/product\/esencja-ksiezyca\/#breadcrumb"},"inLanguage":"pl-PL","potentialAction":[{"@type":"ReadAction","target":["https:\/\/shop.diolosa.com\/pl\/product\/esencja-ksiezyca\/"]}]},{"@type":"ImageObject","inLanguage":"pl-PL","@id":"https:\/\/shop.diolosa.com\/pl\/product\/esencja-ksiezyca\/#primaryimage","url":"https:\/\/shop.diolosa.com\/wp-content\/uploads\/2019\/09\/Presslinge-140.jpg","contentUrl":"https:\/\/shop.diolosa.com\/wp-content\/uploads\/2019\/09\/Presslinge-140.jpg","width":800,"height":533},{"@type":"BreadcrumbList","@id":"https:\/\/shop.diolosa.com\/pl\/product\/esencja-ksiezyca\/#breadcrumb","itemListElement":[{"@type":"ListItem","position":1,"name":"Startseite","item":"https:\/\/shop.diolosa.com\/pl\/?page_id=3835710"},{"@type":"ListItem","position":2,"name":"Sklep","item":"https:\/\/shop.diolosa.com\/pl\/?page_id=3835710"},{"@type":"ListItem","position":3,"name":"Esencja Ksi\u0119\u017cyca"}]},{"@type":"WebSite","@id":"https:\/\/shop.diolosa.com\/pl\/#website","url":"https:\/\/shop.diolosa.com\/pl\/","name":"Claude Diolosa","description":"","publisher":{"@id":"https:\/\/shop.diolosa.com\/pl\/#organization"},"potentialAction":[{"@type":"SearchAction","target":{"@type":"EntryPoint","urlTemplate":"https:\/\/shop.diolosa.com\/pl\/?s={search_term_string}"},"query-input":{"@type":"PropertyValueSpecification","valueRequired":true,"valueName":"search_term_string"}}],"inLanguage":"pl-PL"},{"@type":"Organization","@id":"https:\/\/shop.diolosa.com\/pl\/#organization","name":"Claude Diolosa","url":"https:\/\/shop.diolosa.com\/pl\/","logo":{"@type":"ImageObject","inLanguage":"pl-PL","@id":"https:\/\/shop.diolosa.com\/pl\/#\/schema\/logo\/image\/","url":"https:\/\/shop.diolosa.com\/wp-content\/uploads\/2019\/08\/diolosa-drop-logo-new.png","contentUrl":"https:\/\/shop.diolosa.com\/wp-content\/uploads\/2019\/08\/diolosa-drop-logo-new.png","width":134,"height":176,"caption":"Claude Diolosa"},"image":{"@id":"https:\/\/shop.diolosa.com\/pl\/#\/schema\/logo\/image\/"},"sameAs":["https:\/\/facebook.com\/claudediolosa","https:\/\/www.instagram.com\/diolosaclaude108\/"]}]}},"_links":{"self":[{"href":"https:\/\/shop.diolosa.com\/pl\/wp-json\/wp\/v2\/product\/3836056","targetHints":{"allow":["GET"]}}],"collection":[{"href":"https:\/\/shop.diolosa.com\/pl\/wp-json\/wp\/v2\/product"}],"about":[{"href":"https:\/\/shop.diolosa.com\/pl\/wp-json\/wp\/v2\/types\/product"}],"wp:featuredmedia":[{"embeddable":true,"href":"https:\/\/shop.diolosa.com\/pl\/wp-json\/wp\/v2\/media\/3835943"}],"wp:attachment":[{"href":"https:\/\/shop.diolosa.com\/pl\/wp-json\/wp\/v2\/media?parent=3836056"}],"wp:term":[{"taxonomy":"product_brand","embeddable":true,"href":"https:\/\/shop.diolosa.com\/pl\/wp-json\/wp\/v2\/product_brand?post=3836056"},{"taxonomy":"product_cat","embeddable":true,"href":"https:\/\/shop.diolosa.com\/pl\/wp-json\/wp\/v2\/product_cat?post=3836056"},{"taxonomy":"product_tag","embeddable":true,"href":"https:\/\/shop.diolosa.com\/pl\/wp-json\/wp\/v2\/product_tag?post=3836056"}],"curies":[{"name":"wp","href":"https:\/\/api.w.org\/{rel}","templated":true}]}}