{"id":3836059,"date":"2019-09-04T12:12:50","date_gmt":"2025-03-08T14:08:30","guid":{"rendered":"https:\/\/shop.diolosa.com\/product\/biala-powloka\/"},"modified":"2025-05-06T15:21:54","modified_gmt":"2025-05-06T14:21:54","slug":"biala-powloka","status":"publish","type":"product","link":"https:\/\/shop.diolosa.com\/pl\/product\/biala-powloka\/","title":{"rendered":"Bia\u0142a pow\u0142oka"},"content":{"rendered":"<p>Zrozumienie infekcji ucha u dzieci i roli White Shell<\/p>\n<p>Infekcje ucha s\u0105 cz\u0119stym schorzeniem u dzieci, cz\u0119sto zwi\u0105zanym z niezr\u00f3wnowa\u017conymi nawykami \u017cywieniowymi. Przyczynia si\u0119 do tego nadmierne spo\u017cywanie s\u0142odyczy, czekolady i zimnych, s\u0142odkich napoj\u00f3w. Ponadto, nadmierne stosowanie antybiotyk\u00f3w mo\u017ce r\u00f3wnie\u017c odgrywa\u0107 rol\u0119 w rozwoju infekcji ucha.  <\/p>\n<p>Jedn\u0105 z g\u0142\u00f3wnych przyczyn tego stanu zapalnego jest gromadzenie si\u0119 wilgoci, ciep\u0142a i toksyn w uk\u0142adzie pokarmowym. Sytuacja ta prowadzi do podra\u017cnie\u0144 w g\u00f3rnej cz\u0119\u015bci cia\u0142a, co mo\u017ce sprzyja\u0107 wyst\u0105pieniu zapalenia ucha. <\/p>\n<p>W leczeniu tego schorzenia White Shell okazuje si\u0119 by\u0107 skutecznym rozwi\u0105zaniem \u0142agodz\u0105cym objawy infekcji ucha u m\u0142odych pacjent\u00f3w. Dzi\u0119ki zbilansowanej diecie i dba\u0142o\u015bci o codzienne nawyki, mo\u017cliwe jest znaczne zmniejszenie ryzyka nawracaj\u0105cych infekcji ucha u dzieci.<\/p>\n","protected":false},"excerpt":{"rendered":"<p>Zrozumienie infekcji ucha u dzieci i roli White Shell Infekcje  [&#8230;]<\/p>\n","protected":false},"featured_media":3835943,"template":"","meta":{"_acf_changed":false},"product_brand":[],"product_cat":[11869],"product_tag":[11877],"class_list":{"0":"post-3836059","1":"product","2":"type-product","3":"status-publish","4":"has-post-thumbnail","6":"product_cat-ent-pl","7":"product_tag-przewlekle-zapalenie-ucha-srodkowego","9":"first","10":"instock","11":"taxable","12":"shipping-taxable","13":"purchasable","14":"product-type-simple"},"acf":{"yn_product_audio":"https:\/\/shop.diolosa.com\/wp-content\/uploads\/2025\/02\/White-Shell-.m4a","yn_product_video":"https:\/\/shop.diolosa.com\/wp-content\/uploads\/2025\/02\/White-Shell.mp4","yn_product_akupunktur":"<p>Tonizuje \u015bledzion\u0119 Qi<br \/>\n\u015bledziona 3 &#8211; tai bai (shu, yuan) &#8211; bu fa<br \/>\n\u015bledziona 2 &#8211; da du (ying) &#8211; bu fa<br \/>\n\u017co\u0142\u0105dek 40 &#8211; feng long (luo) &#8211; xie fa  <\/p>\n<p>Leczenie miejscowe<br \/>\nsan chiao 17 &#8211; yi feng (woreczek \u017c\u00f3\u0142ciowy) &#8211; xie fa<br \/>\njelito cienkie 19 &#8211; ting gong (woreczek \u017c\u00f3\u0142ciowy, san chiao) &#8211; xie fa<br \/>\nworeczek \u017c\u00f3\u0142ciowy 2 &#8211; ting hui &#8211; xie fa<br \/>\nworeczek \u017c\u00f3\u0142ciowy 20 &#8211; feng chi (san chiao, yang wei mai) &#8211; xie fa<br \/>\nworeczek \u017c\u00f3\u0142ciowy 8 &#8211; shuai gu (p\u0119cherz moczowy) &#8211; xie fa  <\/p>\n<p>Dalekie punkty<br \/>\nsan chiao 5 &#8211; wai guan (yang wei mai, luo) &#8211; xie fa<br \/>\nsan chiao 3 &#8211; zhong zhu (shu) &#8211; xie fa<br \/>\njelito grube 4 &#8211; he gu (yuan) &#8211; xie fa<br \/>\njelito grube 11 &#8211; qu chi &#8211; gui tui (he &#8211; gui) &#8211; xie fa<br \/>\njelito grube 6 &#8211; pian li (luo) &#8211; xie fa<br \/>\nsi shen cong &#8211; M-HN-1 (m\u00f3zg, cns) &#8211; xie fa<\/p>\n","yn_product_verabreichungsart":"Pelety 140szt.","yn_product_dosierung":"<p>3 x 6 granulek dziennie &#8211; nale\u017cy uwa\u017ca\u0107, aby preparat nie by\u0142 BITTER<br \/>\nDzieci w wieku od 1 do 3 lat: od 1 do 3 granulek, od 3 do 6 lat: od 3 do 6 granulek i od 6 do 9 lat: od 6 do 9 granulek.<\/p>\n","yn_product_combinations":"<p><strong>RED SHELL <\/strong>(ostre zapalenie ucha \u015brodkowego) <strong>, FLEMING<\/strong> (FIEBER),<strong> EAR DROPS<\/strong> (krople do uszu), <strong>NIRIPSA<\/strong> (b\u00f3l), <strong>QUICK BELLY MOVEMENT<\/strong> (zast\u00f3j pokarmu), <strong>SLOW BELLY MOVEMENT<\/strong> (zast\u00f3j pokarmu)<\/p>\n","yn_product_avoidable":"<p>Czekolada, wszelkie s\u0142odycze, Coca Cola, Fanta, soki owocowe, mi\u00f3d, orzechy, ziemniaki, marchew, cebula, czosnek, alkohol.<\/p>\n","yn_product_tcm_mindmapping":"<p>Niedob\u00f3r Qi \u015bledziony > wt\u00f3rne toksyny Yang Ming i Shao Yang Damp Heat w g\u00f3rnym ogrzewaczu<\/p>\n","yn_product_tongue_body":"<p>Kr\u00f3tki, szeroki, gruby<\/p>\n","yn_product_tongue_coating":"<p>\u017bo\u0142\u0105dek, jelito cienkie, jelito grube i p\u0119cherzyk \u017c\u00f3\u0142ciowy Pozycja: \u017b\u00f3\u0142tawy, wilgotny, lepki<\/p>\n","yn_product_pulse_diagnostics":"<p>Pozycja \u015bledziony: Chen Mai &#8211; G\u0142\u0119boki puls, Duan Mai &#8211; Kr\u00f3tki puls, Xu Mai &#8211; Pusty puls, Huan Mai &#8211; Spokojny puls <span class=\"Apple-converted-space\">  <\/span>> Tai Yang, Yang Ming i Shao Yang > Da Mai &#8211; Szeroki puls, Hua Mai &#8211; \u015alizgaj\u0105cy si\u0119 &#8211; Tocz\u0105cy si\u0119 puls, Xian Mai &#8211; Puls przypominaj\u0105cy strun\u0119, Se Mai &#8211; Chwiejny &#8211; Szorstki puls.<\/p>\n","yn_product_indications":"<p>Przewlek\u0142e zapalenie ucha \u015brodkowego, ropa, b\u00f3l, gor\u0105czka, niestrawno\u015b\u0107, cuchn\u0105ca wydzielina, nadmierne podjadanie s\u0142odyczy.<\/p>\n","yn_product_contra_indications":"<p>Niedob\u00f3r Yang, wilgo\u0107 i flegma Zimno lub wiatr Ciep\u0142o Zapalenie ucha \u015brodkowego<\/p>\n","yn_product_pregnancy":"<p>Dozwolone<\/p>\n","yn_product_magisterrecipes":"<p>Xiao Chai Hu Tang, Shen Ling Bai Zhu San, Er Miao San, Bao He Wan, Mu Xiang Bing Lang Wan, Ban Xia Xie Xin Tang<\/p>\n"},"yoast_head":"<!-- This site is optimized with the Yoast SEO plugin v24.9 - https:\/\/yoast.com\/wordpress\/plugins\/seo\/ -->\n<title>Bia\u0142a pow\u0142oka - Claude Diolosa<\/title>\n<meta name=\"robots\" content=\"index, follow, max-snippet:-1, max-image-preview:large, max-video-preview:-1\" \/>\n<link rel=\"canonical\" href=\"https:\/\/shop.diolosa.com\/pl\/product\/biala-powloka\/\" \/>\n<meta property=\"og:locale\" content=\"pl_PL\" \/>\n<meta property=\"og:type\" content=\"article\" \/>\n<meta property=\"og:title\" content=\"Bia\u0142a pow\u0142oka - Claude Diolosa\" \/>\n<meta property=\"og:description\" content=\"Zrozumienie infekcji ucha u dzieci i roli White Shell Infekcje [...]\" \/>\n<meta property=\"og:url\" content=\"https:\/\/shop.diolosa.com\/pl\/product\/biala-powloka\/\" \/>\n<meta property=\"og:site_name\" content=\"Claude Diolosa\" \/>\n<meta property=\"article:publisher\" content=\"https:\/\/facebook.com\/claudediolosa\" \/>\n<meta property=\"article:modified_time\" content=\"2025-05-06T14:21:54+00:00\" \/>\n<meta property=\"og:image\" content=\"https:\/\/shop.diolosa.com\/wp-content\/uploads\/2019\/09\/Presslinge-140.jpg\" \/>\n\t<meta property=\"og:image:width\" content=\"800\" \/>\n\t<meta property=\"og:image:height\" content=\"533\" \/>\n\t<meta property=\"og:image:type\" content=\"image\/jpeg\" \/>\n<meta name=\"twitter:card\" content=\"summary_large_image\" \/>\n<meta name=\"twitter:label1\" content=\"Szacowany czas czytania\" \/>\n\t<meta name=\"twitter:data1\" content=\"1 minuta\" \/>\n<script type=\"application\/ld+json\" class=\"yoast-schema-graph\">{\"@context\":\"https:\/\/schema.org\",\"@graph\":[{\"@type\":\"WebPage\",\"@id\":\"https:\/\/shop.diolosa.com\/pl\/product\/biala-powloka\/\",\"url\":\"https:\/\/shop.diolosa.com\/pl\/product\/biala-powloka\/\",\"name\":\"Bia\u0142a pow\u0142oka - Claude Diolosa\",\"isPartOf\":{\"@id\":\"https:\/\/shop.diolosa.com\/pl\/#website\"},\"primaryImageOfPage\":{\"@id\":\"https:\/\/shop.diolosa.com\/pl\/product\/biala-powloka\/#primaryimage\"},\"image\":{\"@id\":\"https:\/\/shop.diolosa.com\/pl\/product\/biala-powloka\/#primaryimage\"},\"thumbnailUrl\":\"https:\/\/shop.diolosa.com\/wp-content\/uploads\/2019\/09\/Presslinge-140.jpg\",\"datePublished\":\"2025-03-08T14:08:30+00:00\",\"dateModified\":\"2025-05-06T14:21:54+00:00\",\"breadcrumb\":{\"@id\":\"https:\/\/shop.diolosa.com\/pl\/product\/biala-powloka\/#breadcrumb\"},\"inLanguage\":\"pl-PL\",\"potentialAction\":[{\"@type\":\"ReadAction\",\"target\":[\"https:\/\/shop.diolosa.com\/pl\/product\/biala-powloka\/\"]}]},{\"@type\":\"ImageObject\",\"inLanguage\":\"pl-PL\",\"@id\":\"https:\/\/shop.diolosa.com\/pl\/product\/biala-powloka\/#primaryimage\",\"url\":\"https:\/\/shop.diolosa.com\/wp-content\/uploads\/2019\/09\/Presslinge-140.jpg\",\"contentUrl\":\"https:\/\/shop.diolosa.com\/wp-content\/uploads\/2019\/09\/Presslinge-140.jpg\",\"width\":800,\"height\":533},{\"@type\":\"BreadcrumbList\",\"@id\":\"https:\/\/shop.diolosa.com\/pl\/product\/biala-powloka\/#breadcrumb\",\"itemListElement\":[{\"@type\":\"ListItem\",\"position\":1,\"name\":\"Startseite\",\"item\":\"https:\/\/shop.diolosa.com\/pl\/?page_id=3835710\"},{\"@type\":\"ListItem\",\"position\":2,\"name\":\"Sklep\",\"item\":\"https:\/\/shop.diolosa.com\/pl\/?page_id=3835710\"},{\"@type\":\"ListItem\",\"position\":3,\"name\":\"Bia\u0142a pow\u0142oka\"}]},{\"@type\":\"WebSite\",\"@id\":\"https:\/\/shop.diolosa.com\/pl\/#website\",\"url\":\"https:\/\/shop.diolosa.com\/pl\/\",\"name\":\"Claude Diolosa\",\"description\":\"\",\"publisher\":{\"@id\":\"https:\/\/shop.diolosa.com\/pl\/#organization\"},\"potentialAction\":[{\"@type\":\"SearchAction\",\"target\":{\"@type\":\"EntryPoint\",\"urlTemplate\":\"https:\/\/shop.diolosa.com\/pl\/?s={search_term_string}\"},\"query-input\":{\"@type\":\"PropertyValueSpecification\",\"valueRequired\":true,\"valueName\":\"search_term_string\"}}],\"inLanguage\":\"pl-PL\"},{\"@type\":\"Organization\",\"@id\":\"https:\/\/shop.diolosa.com\/pl\/#organization\",\"name\":\"Claude Diolosa\",\"url\":\"https:\/\/shop.diolosa.com\/pl\/\",\"logo\":{\"@type\":\"ImageObject\",\"inLanguage\":\"pl-PL\",\"@id\":\"https:\/\/shop.diolosa.com\/pl\/#\/schema\/logo\/image\/\",\"url\":\"https:\/\/shop.diolosa.com\/wp-content\/uploads\/2019\/08\/diolosa-drop-logo-new.png\",\"contentUrl\":\"https:\/\/shop.diolosa.com\/wp-content\/uploads\/2019\/08\/diolosa-drop-logo-new.png\",\"width\":134,\"height\":176,\"caption\":\"Claude Diolosa\"},\"image\":{\"@id\":\"https:\/\/shop.diolosa.com\/pl\/#\/schema\/logo\/image\/\"},\"sameAs\":[\"https:\/\/facebook.com\/claudediolosa\",\"https:\/\/www.instagram.com\/diolosaclaude108\/\"]}]}<\/script>\n<!-- \/ Yoast SEO plugin. -->","yoast_head_json":{"title":"Bia\u0142a pow\u0142oka - Claude Diolosa","robots":{"index":"index","follow":"follow","max-snippet":"max-snippet:-1","max-image-preview":"max-image-preview:large","max-video-preview":"max-video-preview:-1"},"canonical":"https:\/\/shop.diolosa.com\/pl\/product\/biala-powloka\/","og_locale":"pl_PL","og_type":"article","og_title":"Bia\u0142a pow\u0142oka - Claude Diolosa","og_description":"Zrozumienie infekcji ucha u dzieci i roli White Shell Infekcje [...]","og_url":"https:\/\/shop.diolosa.com\/pl\/product\/biala-powloka\/","og_site_name":"Claude Diolosa","article_publisher":"https:\/\/facebook.com\/claudediolosa","article_modified_time":"2025-05-06T14:21:54+00:00","og_image":[{"width":800,"height":533,"url":"https:\/\/shop.diolosa.com\/wp-content\/uploads\/2019\/09\/Presslinge-140.jpg","type":"image\/jpeg"}],"twitter_card":"summary_large_image","twitter_misc":{"Szacowany czas czytania":"1 minuta"},"schema":{"@context":"https:\/\/schema.org","@graph":[{"@type":"WebPage","@id":"https:\/\/shop.diolosa.com\/pl\/product\/biala-powloka\/","url":"https:\/\/shop.diolosa.com\/pl\/product\/biala-powloka\/","name":"Bia\u0142a pow\u0142oka - Claude Diolosa","isPartOf":{"@id":"https:\/\/shop.diolosa.com\/pl\/#website"},"primaryImageOfPage":{"@id":"https:\/\/shop.diolosa.com\/pl\/product\/biala-powloka\/#primaryimage"},"image":{"@id":"https:\/\/shop.diolosa.com\/pl\/product\/biala-powloka\/#primaryimage"},"thumbnailUrl":"https:\/\/shop.diolosa.com\/wp-content\/uploads\/2019\/09\/Presslinge-140.jpg","datePublished":"2025-03-08T14:08:30+00:00","dateModified":"2025-05-06T14:21:54+00:00","breadcrumb":{"@id":"https:\/\/shop.diolosa.com\/pl\/product\/biala-powloka\/#breadcrumb"},"inLanguage":"pl-PL","potentialAction":[{"@type":"ReadAction","target":["https:\/\/shop.diolosa.com\/pl\/product\/biala-powloka\/"]}]},{"@type":"ImageObject","inLanguage":"pl-PL","@id":"https:\/\/shop.diolosa.com\/pl\/product\/biala-powloka\/#primaryimage","url":"https:\/\/shop.diolosa.com\/wp-content\/uploads\/2019\/09\/Presslinge-140.jpg","contentUrl":"https:\/\/shop.diolosa.com\/wp-content\/uploads\/2019\/09\/Presslinge-140.jpg","width":800,"height":533},{"@type":"BreadcrumbList","@id":"https:\/\/shop.diolosa.com\/pl\/product\/biala-powloka\/#breadcrumb","itemListElement":[{"@type":"ListItem","position":1,"name":"Startseite","item":"https:\/\/shop.diolosa.com\/pl\/?page_id=3835710"},{"@type":"ListItem","position":2,"name":"Sklep","item":"https:\/\/shop.diolosa.com\/pl\/?page_id=3835710"},{"@type":"ListItem","position":3,"name":"Bia\u0142a pow\u0142oka"}]},{"@type":"WebSite","@id":"https:\/\/shop.diolosa.com\/pl\/#website","url":"https:\/\/shop.diolosa.com\/pl\/","name":"Claude Diolosa","description":"","publisher":{"@id":"https:\/\/shop.diolosa.com\/pl\/#organization"},"potentialAction":[{"@type":"SearchAction","target":{"@type":"EntryPoint","urlTemplate":"https:\/\/shop.diolosa.com\/pl\/?s={search_term_string}"},"query-input":{"@type":"PropertyValueSpecification","valueRequired":true,"valueName":"search_term_string"}}],"inLanguage":"pl-PL"},{"@type":"Organization","@id":"https:\/\/shop.diolosa.com\/pl\/#organization","name":"Claude Diolosa","url":"https:\/\/shop.diolosa.com\/pl\/","logo":{"@type":"ImageObject","inLanguage":"pl-PL","@id":"https:\/\/shop.diolosa.com\/pl\/#\/schema\/logo\/image\/","url":"https:\/\/shop.diolosa.com\/wp-content\/uploads\/2019\/08\/diolosa-drop-logo-new.png","contentUrl":"https:\/\/shop.diolosa.com\/wp-content\/uploads\/2019\/08\/diolosa-drop-logo-new.png","width":134,"height":176,"caption":"Claude Diolosa"},"image":{"@id":"https:\/\/shop.diolosa.com\/pl\/#\/schema\/logo\/image\/"},"sameAs":["https:\/\/facebook.com\/claudediolosa","https:\/\/www.instagram.com\/diolosaclaude108\/"]}]}},"_links":{"self":[{"href":"https:\/\/shop.diolosa.com\/pl\/wp-json\/wp\/v2\/product\/3836059","targetHints":{"allow":["GET"]}}],"collection":[{"href":"https:\/\/shop.diolosa.com\/pl\/wp-json\/wp\/v2\/product"}],"about":[{"href":"https:\/\/shop.diolosa.com\/pl\/wp-json\/wp\/v2\/types\/product"}],"wp:featuredmedia":[{"embeddable":true,"href":"https:\/\/shop.diolosa.com\/pl\/wp-json\/wp\/v2\/media\/3835943"}],"wp:attachment":[{"href":"https:\/\/shop.diolosa.com\/pl\/wp-json\/wp\/v2\/media?parent=3836059"}],"wp:term":[{"taxonomy":"product_brand","embeddable":true,"href":"https:\/\/shop.diolosa.com\/pl\/wp-json\/wp\/v2\/product_brand?post=3836059"},{"taxonomy":"product_cat","embeddable":true,"href":"https:\/\/shop.diolosa.com\/pl\/wp-json\/wp\/v2\/product_cat?post=3836059"},{"taxonomy":"product_tag","embeddable":true,"href":"https:\/\/shop.diolosa.com\/pl\/wp-json\/wp\/v2\/product_tag?post=3836059"}],"curies":[{"name":"wp","href":"https:\/\/api.w.org\/{rel}","templated":true}]}}