{"id":3836066,"date":"2019-09-04T12:11:44","date_gmt":"2025-03-08T14:08:33","guid":{"rendered":"https:\/\/shop.diolosa.com\/product\/krople-nektaru\/"},"modified":"2025-05-06T15:18:59","modified_gmt":"2025-05-06T14:18:59","slug":"krople-nektaru","status":"publish","type":"product","link":"https:\/\/shop.diolosa.com\/pl\/product\/krople-nektaru\/","title":{"rendered":"Krople nektaru"},"content":{"rendered":"<p>Krople NECTAR DROPS s\u0105 stosowane w leczeniu hipogalaktazji poporodowej. Ta zio\u0142owa formu\u0142a rozlu\u017ania Qi, od\u017cywia esencj\u0119 i krew oraz uzupe\u0142nia Chong Mai i Ren Mai.<\/p>\n","protected":false},"excerpt":{"rendered":"<p>Krople NECTAR DROPS s\u0105 stosowane w leczeniu hipogalaktazji poporodowej. Ta  [&#8230;]<\/p>\n","protected":false},"featured_media":3835943,"template":"","meta":{"_acf_changed":false},"product_brand":[],"product_cat":[11799],"product_tag":[11884],"class_list":{"0":"post-3836066","1":"product","2":"type-product","3":"status-publish","4":"has-post-thumbnail","6":"product_cat-ginekologia","7":"product_tag-udzial-hipogalaktyczny","9":"first","10":"instock","11":"taxable","12":"shipping-taxable","13":"purchasable","14":"product-type-simple"},"acf":{"yn_product_audio":"https:\/\/shop.diolosa.com\/wp-content\/uploads\/2018\/12\/DL_0982.mp3","yn_product_video":"https:\/\/shop.diolosa.com\/wp-content\/uploads\/2024\/10\/Nectar-Drops.mp4","yn_product_akupunktur":"<p>Poporodowe \u017ar\u00f3d\u0142o tonizacji Jing i Krwi<br \/>\np\u0119cherz moczowy 20 &#8211; pi shu &#8211; bu fa<br \/>\np\u0119cherz moczowy 17 &#8211; ge shu (krew) &#8211; bu fa<br \/>\np\u0119cherz moczowy 43 &#8211; gao huang shu (qi, xue, jinye, yin,yang) &#8211; bu fa<br \/>\n\u017co\u0142\u0105dek 36 &#8211; zu san li (shu, xia he xue &#8211; \u017co\u0142\u0105dek, si hai xue, si zhong xue) &#8211; bu fa<br \/>\n\u015bledziona 6 &#8211; san yin jiao (le,ni,mb) &#8211; bu fa<br \/>\nnerka 3 &#8211; tai xi (shu,yuan) &#8211; bu fa<\/p>\n","yn_product_verabreichungsart":"Pelety 140szt.","yn_product_dosierung":"<p>3 x 4 do 9 granulek dziennie, w po\u0142\u0105czeniu z POWER SOUPS dla Qi\/Blood i Qi\/Jing<\/p>\n","yn_product_combinations":"<p>SAN BAO TEE, YIN ROOT (od\u017cywianie Jing), POWER SOUPS (niedob\u00f3r Jing i krwi)<\/p>\n","yn_product_avoidable":"<p>Produkty mleczne, jogurt, kefir, twar\u00f3g, cukier, ser, serek \u015bmietankowy, owoce tropikalne, suplementy witaminy C, zielona sa\u0142ata, pomidory, og\u00f3rki, bak\u0142a\u017cany, ziemniaki, kiszona kapusta i wszystkie zimne napoje.<\/p>\n","yn_product_tcm_mindmapping":"<p>Po porodzie > Niedob\u00f3r krwi w nerkach i w\u0105trobie > Stres > Zast\u00f3j Qi i krwi<\/p>\n","yn_product_tongue_body":"<p>Blady i suchy<\/p>\n","yn_product_tongue_coating":"<p>Rzadki, bia\u0142y\/\u017c\u00f3\u0142ty<\/p>\n","yn_product_pulse_diagnostics":"<p>xi mai &#8211; cienki, xu mai &#8211; pusty, xian mai &#8211; napi\u0119ty, fu mai &#8211; powierzchowny, shuo mai &#8211; szybki<\/p>\n","yn_product_indications":"<p>Hipogalaktia, agalaktia, zm\u0119czenie, nocne poty, utrata masy cia\u0142a<\/p>\n","yn_product_contra_indications":"<p>Zapalenie sutka, ropie\u0144 piersi, ciep\u0142o i toksyny Yang Ming.<\/p>\n","yn_product_pregnancy":"<p>Dozwolone<\/p>\n","yn_product_herbs":"<p>polygoni multiflori radix &#8211; he shou wu, rhemanniae praep &#8211; shu di huang, lycii fructus &#8211; gou qi zi, sesami indici semenn &#8211; hei zhi ma, angelicae sinensis radix &#8211; dang gui, ophiopogonis radix &#8211; mai men dong, ziziphy semen &#8211; suan zao ren, glycyrrhizae uralensis radix &#8211; gan cao<\/p>\n","yn_product_magisterrecipes":"<p>Zuo Gui Yin, You Gui Yin<\/p>\n"},"yoast_head":"<!-- This site is optimized with the Yoast SEO plugin v24.9 - https:\/\/yoast.com\/wordpress\/plugins\/seo\/ -->\n<title>Krople nektaru - Claude Diolosa<\/title>\n<meta name=\"robots\" content=\"index, follow, max-snippet:-1, max-image-preview:large, max-video-preview:-1\" \/>\n<link rel=\"canonical\" href=\"https:\/\/shop.diolosa.com\/pl\/product\/krople-nektaru\/\" \/>\n<meta property=\"og:locale\" content=\"pl_PL\" \/>\n<meta property=\"og:type\" content=\"article\" \/>\n<meta property=\"og:title\" content=\"Krople nektaru - Claude Diolosa\" \/>\n<meta property=\"og:description\" content=\"Krople NECTAR DROPS s\u0105 stosowane w leczeniu hipogalaktazji poporodowej. Ta [...]\" \/>\n<meta property=\"og:url\" content=\"https:\/\/shop.diolosa.com\/pl\/product\/krople-nektaru\/\" \/>\n<meta property=\"og:site_name\" content=\"Claude Diolosa\" \/>\n<meta property=\"article:publisher\" content=\"https:\/\/facebook.com\/claudediolosa\" \/>\n<meta property=\"article:modified_time\" content=\"2025-05-06T14:18:59+00:00\" \/>\n<meta property=\"og:image\" content=\"https:\/\/shop.diolosa.com\/wp-content\/uploads\/2019\/09\/Presslinge-140.jpg\" \/>\n\t<meta property=\"og:image:width\" content=\"800\" \/>\n\t<meta property=\"og:image:height\" content=\"533\" \/>\n\t<meta property=\"og:image:type\" content=\"image\/jpeg\" \/>\n<meta name=\"twitter:card\" content=\"summary_large_image\" \/>\n<script type=\"application\/ld+json\" class=\"yoast-schema-graph\">{\"@context\":\"https:\/\/schema.org\",\"@graph\":[{\"@type\":\"WebPage\",\"@id\":\"https:\/\/shop.diolosa.com\/pl\/product\/krople-nektaru\/\",\"url\":\"https:\/\/shop.diolosa.com\/pl\/product\/krople-nektaru\/\",\"name\":\"Krople nektaru - Claude Diolosa\",\"isPartOf\":{\"@id\":\"https:\/\/shop.diolosa.com\/pl\/#website\"},\"primaryImageOfPage\":{\"@id\":\"https:\/\/shop.diolosa.com\/pl\/product\/krople-nektaru\/#primaryimage\"},\"image\":{\"@id\":\"https:\/\/shop.diolosa.com\/pl\/product\/krople-nektaru\/#primaryimage\"},\"thumbnailUrl\":\"https:\/\/shop.diolosa.com\/wp-content\/uploads\/2019\/09\/Presslinge-140.jpg\",\"datePublished\":\"2025-03-08T14:08:33+00:00\",\"dateModified\":\"2025-05-06T14:18:59+00:00\",\"breadcrumb\":{\"@id\":\"https:\/\/shop.diolosa.com\/pl\/product\/krople-nektaru\/#breadcrumb\"},\"inLanguage\":\"pl-PL\",\"potentialAction\":[{\"@type\":\"ReadAction\",\"target\":[\"https:\/\/shop.diolosa.com\/pl\/product\/krople-nektaru\/\"]}]},{\"@type\":\"ImageObject\",\"inLanguage\":\"pl-PL\",\"@id\":\"https:\/\/shop.diolosa.com\/pl\/product\/krople-nektaru\/#primaryimage\",\"url\":\"https:\/\/shop.diolosa.com\/wp-content\/uploads\/2019\/09\/Presslinge-140.jpg\",\"contentUrl\":\"https:\/\/shop.diolosa.com\/wp-content\/uploads\/2019\/09\/Presslinge-140.jpg\",\"width\":800,\"height\":533},{\"@type\":\"BreadcrumbList\",\"@id\":\"https:\/\/shop.diolosa.com\/pl\/product\/krople-nektaru\/#breadcrumb\",\"itemListElement\":[{\"@type\":\"ListItem\",\"position\":1,\"name\":\"Startseite\",\"item\":\"https:\/\/shop.diolosa.com\/pl\/?page_id=3835710\"},{\"@type\":\"ListItem\",\"position\":2,\"name\":\"Sklep\",\"item\":\"https:\/\/shop.diolosa.com\/pl\/?page_id=3835710\"},{\"@type\":\"ListItem\",\"position\":3,\"name\":\"Krople nektaru\"}]},{\"@type\":\"WebSite\",\"@id\":\"https:\/\/shop.diolosa.com\/pl\/#website\",\"url\":\"https:\/\/shop.diolosa.com\/pl\/\",\"name\":\"Claude Diolosa\",\"description\":\"\",\"publisher\":{\"@id\":\"https:\/\/shop.diolosa.com\/pl\/#organization\"},\"potentialAction\":[{\"@type\":\"SearchAction\",\"target\":{\"@type\":\"EntryPoint\",\"urlTemplate\":\"https:\/\/shop.diolosa.com\/pl\/?s={search_term_string}\"},\"query-input\":{\"@type\":\"PropertyValueSpecification\",\"valueRequired\":true,\"valueName\":\"search_term_string\"}}],\"inLanguage\":\"pl-PL\"},{\"@type\":\"Organization\",\"@id\":\"https:\/\/shop.diolosa.com\/pl\/#organization\",\"name\":\"Claude Diolosa\",\"url\":\"https:\/\/shop.diolosa.com\/pl\/\",\"logo\":{\"@type\":\"ImageObject\",\"inLanguage\":\"pl-PL\",\"@id\":\"https:\/\/shop.diolosa.com\/pl\/#\/schema\/logo\/image\/\",\"url\":\"https:\/\/shop.diolosa.com\/wp-content\/uploads\/2019\/08\/diolosa-drop-logo-new.png\",\"contentUrl\":\"https:\/\/shop.diolosa.com\/wp-content\/uploads\/2019\/08\/diolosa-drop-logo-new.png\",\"width\":134,\"height\":176,\"caption\":\"Claude Diolosa\"},\"image\":{\"@id\":\"https:\/\/shop.diolosa.com\/pl\/#\/schema\/logo\/image\/\"},\"sameAs\":[\"https:\/\/facebook.com\/claudediolosa\",\"https:\/\/www.instagram.com\/diolosaclaude108\/\"]}]}<\/script>\n<!-- \/ Yoast SEO plugin. -->","yoast_head_json":{"title":"Krople nektaru - Claude Diolosa","robots":{"index":"index","follow":"follow","max-snippet":"max-snippet:-1","max-image-preview":"max-image-preview:large","max-video-preview":"max-video-preview:-1"},"canonical":"https:\/\/shop.diolosa.com\/pl\/product\/krople-nektaru\/","og_locale":"pl_PL","og_type":"article","og_title":"Krople nektaru - Claude Diolosa","og_description":"Krople NECTAR DROPS s\u0105 stosowane w leczeniu hipogalaktazji poporodowej. Ta [...]","og_url":"https:\/\/shop.diolosa.com\/pl\/product\/krople-nektaru\/","og_site_name":"Claude Diolosa","article_publisher":"https:\/\/facebook.com\/claudediolosa","article_modified_time":"2025-05-06T14:18:59+00:00","og_image":[{"width":800,"height":533,"url":"https:\/\/shop.diolosa.com\/wp-content\/uploads\/2019\/09\/Presslinge-140.jpg","type":"image\/jpeg"}],"twitter_card":"summary_large_image","schema":{"@context":"https:\/\/schema.org","@graph":[{"@type":"WebPage","@id":"https:\/\/shop.diolosa.com\/pl\/product\/krople-nektaru\/","url":"https:\/\/shop.diolosa.com\/pl\/product\/krople-nektaru\/","name":"Krople nektaru - Claude Diolosa","isPartOf":{"@id":"https:\/\/shop.diolosa.com\/pl\/#website"},"primaryImageOfPage":{"@id":"https:\/\/shop.diolosa.com\/pl\/product\/krople-nektaru\/#primaryimage"},"image":{"@id":"https:\/\/shop.diolosa.com\/pl\/product\/krople-nektaru\/#primaryimage"},"thumbnailUrl":"https:\/\/shop.diolosa.com\/wp-content\/uploads\/2019\/09\/Presslinge-140.jpg","datePublished":"2025-03-08T14:08:33+00:00","dateModified":"2025-05-06T14:18:59+00:00","breadcrumb":{"@id":"https:\/\/shop.diolosa.com\/pl\/product\/krople-nektaru\/#breadcrumb"},"inLanguage":"pl-PL","potentialAction":[{"@type":"ReadAction","target":["https:\/\/shop.diolosa.com\/pl\/product\/krople-nektaru\/"]}]},{"@type":"ImageObject","inLanguage":"pl-PL","@id":"https:\/\/shop.diolosa.com\/pl\/product\/krople-nektaru\/#primaryimage","url":"https:\/\/shop.diolosa.com\/wp-content\/uploads\/2019\/09\/Presslinge-140.jpg","contentUrl":"https:\/\/shop.diolosa.com\/wp-content\/uploads\/2019\/09\/Presslinge-140.jpg","width":800,"height":533},{"@type":"BreadcrumbList","@id":"https:\/\/shop.diolosa.com\/pl\/product\/krople-nektaru\/#breadcrumb","itemListElement":[{"@type":"ListItem","position":1,"name":"Startseite","item":"https:\/\/shop.diolosa.com\/pl\/?page_id=3835710"},{"@type":"ListItem","position":2,"name":"Sklep","item":"https:\/\/shop.diolosa.com\/pl\/?page_id=3835710"},{"@type":"ListItem","position":3,"name":"Krople nektaru"}]},{"@type":"WebSite","@id":"https:\/\/shop.diolosa.com\/pl\/#website","url":"https:\/\/shop.diolosa.com\/pl\/","name":"Claude Diolosa","description":"","publisher":{"@id":"https:\/\/shop.diolosa.com\/pl\/#organization"},"potentialAction":[{"@type":"SearchAction","target":{"@type":"EntryPoint","urlTemplate":"https:\/\/shop.diolosa.com\/pl\/?s={search_term_string}"},"query-input":{"@type":"PropertyValueSpecification","valueRequired":true,"valueName":"search_term_string"}}],"inLanguage":"pl-PL"},{"@type":"Organization","@id":"https:\/\/shop.diolosa.com\/pl\/#organization","name":"Claude Diolosa","url":"https:\/\/shop.diolosa.com\/pl\/","logo":{"@type":"ImageObject","inLanguage":"pl-PL","@id":"https:\/\/shop.diolosa.com\/pl\/#\/schema\/logo\/image\/","url":"https:\/\/shop.diolosa.com\/wp-content\/uploads\/2019\/08\/diolosa-drop-logo-new.png","contentUrl":"https:\/\/shop.diolosa.com\/wp-content\/uploads\/2019\/08\/diolosa-drop-logo-new.png","width":134,"height":176,"caption":"Claude Diolosa"},"image":{"@id":"https:\/\/shop.diolosa.com\/pl\/#\/schema\/logo\/image\/"},"sameAs":["https:\/\/facebook.com\/claudediolosa","https:\/\/www.instagram.com\/diolosaclaude108\/"]}]}},"_links":{"self":[{"href":"https:\/\/shop.diolosa.com\/pl\/wp-json\/wp\/v2\/product\/3836066","targetHints":{"allow":["GET"]}}],"collection":[{"href":"https:\/\/shop.diolosa.com\/pl\/wp-json\/wp\/v2\/product"}],"about":[{"href":"https:\/\/shop.diolosa.com\/pl\/wp-json\/wp\/v2\/types\/product"}],"wp:featuredmedia":[{"embeddable":true,"href":"https:\/\/shop.diolosa.com\/pl\/wp-json\/wp\/v2\/media\/3835943"}],"wp:attachment":[{"href":"https:\/\/shop.diolosa.com\/pl\/wp-json\/wp\/v2\/media?parent=3836066"}],"wp:term":[{"taxonomy":"product_brand","embeddable":true,"href":"https:\/\/shop.diolosa.com\/pl\/wp-json\/wp\/v2\/product_brand?post=3836066"},{"taxonomy":"product_cat","embeddable":true,"href":"https:\/\/shop.diolosa.com\/pl\/wp-json\/wp\/v2\/product_cat?post=3836066"},{"taxonomy":"product_tag","embeddable":true,"href":"https:\/\/shop.diolosa.com\/pl\/wp-json\/wp\/v2\/product_tag?post=3836066"}],"curies":[{"name":"wp","href":"https:\/\/api.w.org\/{rel}","templated":true}]}}