{"id":3836068,"date":"2019-09-04T12:12:50","date_gmt":"2025-03-08T14:08:34","guid":{"rendered":"https:\/\/shop.diolosa.com\/product\/czarny-kamien\/"},"modified":"2025-05-31T16:36:38","modified_gmt":"2025-05-31T15:36:38","slug":"czarny-kamien","status":"publish","type":"product","link":"https:\/\/shop.diolosa.com\/pl\/product\/czarny-kamien\/","title":{"rendered":"Czarny kamie\u0144"},"content":{"rendered":"<p>BLACK STONE to sprawdzony preparat stosowany szczeg\u00f3lnie w leczeniu kamicy nerkowej i p\u0119cherza moczowego. Ma zdolno\u015b\u0107 eliminowania nadmiaru wilgoci i ciep\u0142a w okolicy uk\u0142adu moczowo-p\u0142ciowego, co jest szczeg\u00f3lnie wa\u017cne dla utrzymania zdrowej r\u00f3wnowagi w tym wra\u017cliwym obszarze cia\u0142a. Ponadto BLACK STONE pomaga zmi\u0119kczy\u0107 i rozpu\u015bci\u0107 stwardnienia i kamienie. Osi\u0105ga si\u0119 to poprzez ukierunkowane uwalnianie Qi i zator\u00f3w krwi, kt\u00f3re cz\u0119sto mog\u0105 prowadzi\u0107 do b\u00f3lu i dyskomfortu.   <\/p>\n<p>Kolejn\u0105 zalet\u0105 tego preparatu jest jego zdolno\u015b\u0107 do promowania eliminacji. Oznacza to, \u017ce pomaga on organizmowi skuteczniej eliminowa\u0107 szkodliwe substancje. BLACK STONE ma r\u00f3wnie\u017c dzia\u0142anie hemostatyczne, co mo\u017ce by\u0107 szczeg\u00f3lnie pomocne w przypadku dolegliwo\u015bci lub uraz\u00f3w w okolicy uk\u0142adu moczowo-p\u0142ciowego. Dzia\u0142anie przeciwb\u00f3lowe produktu zapewnia, \u017ce pacjenci mog\u0105 czu\u0107 si\u0119 bardziej komfortowo podczas leczenia.   <\/p>\n<p>Nale\u017cy r\u00f3wnie\u017c zauwa\u017cy\u0107, \u017ce BLACK STONE zosta\u0142 opracowany w taki spos\u00f3b, aby nie szkodzi\u0107 ani nie os\u0142abia\u0107 nerek Yin. Nerki Yin odgrywaj\u0105 kluczow\u0105 rol\u0119 w og\u00f3lnym zdrowiu i dobrym samopoczuciu organizmu, dlatego wa\u017cne jest, aby upewni\u0107 si\u0119, \u017ce nie s\u0105 one os\u0142abione przez \u015brodki terapeutyczne. Og\u00f3lnie rzecz bior\u0105c, BLACK STONE oferuje kompleksowe rozwi\u0105zanie dla os\u00f3b z problemami zwi\u0105zanymi z kamieniami nerkowymi i p\u0119cherzowymi oraz innymi schorzeniami urologicznymi.<\/p>\n","protected":false},"excerpt":{"rendered":"<p>BLACK STONE to sprawdzony preparat stosowany szczeg\u00f3lnie w leczeniu kamicy  [&#8230;]<\/p>\n","protected":false},"featured_media":3835943,"template":"","meta":{"_acf_changed":false},"product_brand":[],"product_cat":[11773],"product_tag":[11886],"class_list":{"0":"post-3836068","1":"product","2":"type-product","3":"status-publish","4":"has-post-thumbnail","6":"product_cat-urologia","7":"product_tag-kamienie-nerkowe-kamienie-pecherza-moczowego","9":"first","10":"instock","11":"taxable","12":"shipping-taxable","13":"purchasable","14":"product-type-simple"},"acf":{"yn_product_audio":"https:\/\/shop.diolosa.com\/wp-content\/uploads\/2018\/12\/DL_0382.mp3","yn_product_video":"https:\/\/shop.diolosa.com\/wp-content\/uploads\/2024\/12\/Black-Stone.mp4","yn_product_akupunktur":"<p>Akupunktura w nag\u0142ych wypadkach<br \/>\ndan nang xue &#8211; M-LE-23 (woreczek \u017c\u00f3\u0142ciowy, kamienie) &#8211; xie fa<br \/>\nbubble 23 &#8211; shen shu &#8211; xie fa (ostry)<br \/>\nbubble 52 &#8211; zhi shi (gui = zhi) &#8211; xie fa<br \/>\nbubble 22 &#8211; san jiao shu &#8211; xie fa<br \/>\nworeczek \u017c\u00f3\u0142ciowy 25 &#8211; jing men (mo) &#8211; xie fa<br \/>\np\u0119cherzyk \u017c\u00f3\u0142ciowy 34 &#8211; yang ling quan (he, xia he xue, gui) &#8211; xie fa<br \/>\n\u017co\u0142\u0105dek 25 &#8211; tian shu (mo, jelito grube, ME) &#8211; xie fa<br \/>\n\u017co\u0142\u0105dek 37 &#8211; shang ju xu (xia he xue &#8211; jelito grube, jezioro krwi, chong mai) &#8211; xie fa<br \/>\njelito grube 4 &#8211; he gu (yuan) i w\u0105troba 3 &#8211; tai chong (shu, yuan) &#8211; xie fa<br \/>\n\u015bledziona 10 &#8211; xue hai (jezioro krwi) &#8211; xie fa<br \/>\n\u015bledziona 9 &#8211; yin ling quan (he) &#8211; xie fa<br \/>\n\u015bledziona 6 &#8211; san yin jiao (le,ni,mb) &#8211; xie fa<\/p>\n","yn_product_verabreichungsart":"Pelety 140szt.","yn_product_dosierung":"<p>3 x 6 do 10 tabletek dziennie, zawsze przed posi\u0142kami, czas trwania leczenia do 30 dni.<\/p>\n","yn_product_combinations":"<p>TABLETKI I HERBATKA NA DZIE\u0143 OCZYSZCZANIA (kuracja detoksykacyjna), GOR\u0104CY STUMIE\u0143 (ostre zapalenie p\u0119cherza moczowego), GOR\u0104CY STUMIE\u0143 (wilgotne ciep\u0142o w Jue Yin) lub ZIMNY STUMIE\u0143 (wt\u00f3rne zapalenie p\u0119cherza moczowego z niedoboru Yang i Qi).<\/p>\n","yn_product_avoidable":"<p>Bia\u0142ko zwierz\u0119ce, zw\u0142aszcza wieprzowina, ryby i owoce morza, czosnek, cebula, pory, ostre przyprawy, alkohol, sma\u017cone potrawy, czekolada, kawa.<\/p>\n","yn_product_tcm_mindmapping":"<p>Mokro\u015b\u0107 Nagromadzenie ciep\u0142a w dolnym ogrzewaczu > Kamienie nerkowe i p\u0119cherzowe > Przekrwienie Qi i krwi w dolnym ogrzewaczu > B\u00f3l > Krwiomocz<\/p>\n","yn_product_tongue_body":"<p>Opuchni\u0119te, szerokie, czerwonawe<\/p>\n","yn_product_tongue_coating":"<p>\u017b\u00f3\u0142tawy (do br\u0105zowego) i t\u0142usty nalot u nasady j\u0119zyka<\/p>\n","yn_product_pulse_diagnostics":"<p>Pozycja nerek: xian mai &#8211; napi\u0119ta, se mai &#8211; szorstka, shi mai &#8211; pe\u0142na, chen mai &#8211; g\u0142\u0119boka, shuo mai &#8211; szybka lub hua mai &#8211; szybuj\u0105ca, se mai &#8211; szorstka.<\/p>\n","yn_product_indications":"<p>Kamienie nerkowe i p\u0119cherzowe, krwiomocz, zapalenie p\u0119cherza moczowego<\/p>\n","yn_product_contra_indications":"<p>Niedob\u00f3r Qi\/ Yang \u015bledziony i nerek, obfite krwawienia, nadmierne miesi\u0105czkowanie<\/p>\n","yn_product_pregnancy":"<p>Przeciwwskazane<\/p>\n","yn_product_herbs":"<p>lysimachiae herba &#8211; jin qian cao, spora lygodii japonici &#8211; hai jin sha, corium galli endothelium &#8211; ji nei jin, abutili semen &#8211; dong kui zi, poria cocos &#8211; fu ling, meliae fructus &#8211; chuan lian zi, gardeniae jasminoidis fructus &#8211; zhi zi, alismati rhizoma &#8211; ze xie, achyranthis radix &#8211; huai niu xi<\/p>\n","yn_product_magisterrecipes":"<p>Ba Zheng San, Shi Wei San, Liu Yi San, San Jin Tang, Xiao Ji Yin Zi<\/p>\n"},"yoast_head":"<!-- This site is optimized with the Yoast SEO plugin v24.9 - https:\/\/yoast.com\/wordpress\/plugins\/seo\/ -->\n<title>Czarny kamie\u0144 - Claude Diolosa<\/title>\n<meta name=\"robots\" content=\"index, follow, max-snippet:-1, max-image-preview:large, max-video-preview:-1\" \/>\n<link rel=\"canonical\" href=\"https:\/\/shop.diolosa.com\/pl\/product\/czarny-kamien\/\" \/>\n<meta property=\"og:locale\" content=\"pl_PL\" \/>\n<meta property=\"og:type\" content=\"article\" \/>\n<meta property=\"og:title\" content=\"Czarny kamie\u0144 - Claude Diolosa\" \/>\n<meta property=\"og:description\" content=\"BLACK STONE to sprawdzony preparat stosowany szczeg\u00f3lnie w leczeniu kamicy [...]\" \/>\n<meta property=\"og:url\" content=\"https:\/\/shop.diolosa.com\/pl\/product\/czarny-kamien\/\" \/>\n<meta property=\"og:site_name\" content=\"Claude Diolosa\" \/>\n<meta property=\"article:publisher\" content=\"https:\/\/facebook.com\/claudediolosa\" \/>\n<meta property=\"article:modified_time\" content=\"2025-05-31T15:36:38+00:00\" \/>\n<meta property=\"og:image\" content=\"https:\/\/shop.diolosa.com\/wp-content\/uploads\/2019\/09\/Presslinge-140.jpg\" \/>\n\t<meta property=\"og:image:width\" content=\"800\" \/>\n\t<meta property=\"og:image:height\" content=\"533\" \/>\n\t<meta property=\"og:image:type\" content=\"image\/jpeg\" \/>\n<meta name=\"twitter:card\" content=\"summary_large_image\" \/>\n<meta name=\"twitter:label1\" content=\"Szacowany czas czytania\" \/>\n\t<meta name=\"twitter:data1\" content=\"1 minuta\" \/>\n<script type=\"application\/ld+json\" class=\"yoast-schema-graph\">{\"@context\":\"https:\/\/schema.org\",\"@graph\":[{\"@type\":\"WebPage\",\"@id\":\"https:\/\/shop.diolosa.com\/pl\/product\/czarny-kamien\/\",\"url\":\"https:\/\/shop.diolosa.com\/pl\/product\/czarny-kamien\/\",\"name\":\"Czarny kamie\u0144 - Claude Diolosa\",\"isPartOf\":{\"@id\":\"https:\/\/shop.diolosa.com\/pl\/#website\"},\"primaryImageOfPage\":{\"@id\":\"https:\/\/shop.diolosa.com\/pl\/product\/czarny-kamien\/#primaryimage\"},\"image\":{\"@id\":\"https:\/\/shop.diolosa.com\/pl\/product\/czarny-kamien\/#primaryimage\"},\"thumbnailUrl\":\"https:\/\/shop.diolosa.com\/wp-content\/uploads\/2019\/09\/Presslinge-140.jpg\",\"datePublished\":\"2025-03-08T14:08:34+00:00\",\"dateModified\":\"2025-05-31T15:36:38+00:00\",\"breadcrumb\":{\"@id\":\"https:\/\/shop.diolosa.com\/pl\/product\/czarny-kamien\/#breadcrumb\"},\"inLanguage\":\"pl-PL\",\"potentialAction\":[{\"@type\":\"ReadAction\",\"target\":[\"https:\/\/shop.diolosa.com\/pl\/product\/czarny-kamien\/\"]}]},{\"@type\":\"ImageObject\",\"inLanguage\":\"pl-PL\",\"@id\":\"https:\/\/shop.diolosa.com\/pl\/product\/czarny-kamien\/#primaryimage\",\"url\":\"https:\/\/shop.diolosa.com\/wp-content\/uploads\/2019\/09\/Presslinge-140.jpg\",\"contentUrl\":\"https:\/\/shop.diolosa.com\/wp-content\/uploads\/2019\/09\/Presslinge-140.jpg\",\"width\":800,\"height\":533},{\"@type\":\"BreadcrumbList\",\"@id\":\"https:\/\/shop.diolosa.com\/pl\/product\/czarny-kamien\/#breadcrumb\",\"itemListElement\":[{\"@type\":\"ListItem\",\"position\":1,\"name\":\"Startseite\",\"item\":\"https:\/\/shop.diolosa.com\/pl\/?page_id=3835710\"},{\"@type\":\"ListItem\",\"position\":2,\"name\":\"Sklep\",\"item\":\"https:\/\/shop.diolosa.com\/pl\/?page_id=3835710\"},{\"@type\":\"ListItem\",\"position\":3,\"name\":\"Czarny kamie\u0144\"}]},{\"@type\":\"WebSite\",\"@id\":\"https:\/\/shop.diolosa.com\/pl\/#website\",\"url\":\"https:\/\/shop.diolosa.com\/pl\/\",\"name\":\"Claude Diolosa\",\"description\":\"\",\"publisher\":{\"@id\":\"https:\/\/shop.diolosa.com\/pl\/#organization\"},\"potentialAction\":[{\"@type\":\"SearchAction\",\"target\":{\"@type\":\"EntryPoint\",\"urlTemplate\":\"https:\/\/shop.diolosa.com\/pl\/?s={search_term_string}\"},\"query-input\":{\"@type\":\"PropertyValueSpecification\",\"valueRequired\":true,\"valueName\":\"search_term_string\"}}],\"inLanguage\":\"pl-PL\"},{\"@type\":\"Organization\",\"@id\":\"https:\/\/shop.diolosa.com\/pl\/#organization\",\"name\":\"Claude Diolosa\",\"url\":\"https:\/\/shop.diolosa.com\/pl\/\",\"logo\":{\"@type\":\"ImageObject\",\"inLanguage\":\"pl-PL\",\"@id\":\"https:\/\/shop.diolosa.com\/pl\/#\/schema\/logo\/image\/\",\"url\":\"https:\/\/shop.diolosa.com\/wp-content\/uploads\/2019\/08\/diolosa-drop-logo-new.png\",\"contentUrl\":\"https:\/\/shop.diolosa.com\/wp-content\/uploads\/2019\/08\/diolosa-drop-logo-new.png\",\"width\":134,\"height\":176,\"caption\":\"Claude Diolosa\"},\"image\":{\"@id\":\"https:\/\/shop.diolosa.com\/pl\/#\/schema\/logo\/image\/\"},\"sameAs\":[\"https:\/\/facebook.com\/claudediolosa\",\"https:\/\/www.instagram.com\/diolosaclaude108\/\"]}]}<\/script>\n<!-- \/ Yoast SEO plugin. -->","yoast_head_json":{"title":"Czarny kamie\u0144 - Claude Diolosa","robots":{"index":"index","follow":"follow","max-snippet":"max-snippet:-1","max-image-preview":"max-image-preview:large","max-video-preview":"max-video-preview:-1"},"canonical":"https:\/\/shop.diolosa.com\/pl\/product\/czarny-kamien\/","og_locale":"pl_PL","og_type":"article","og_title":"Czarny kamie\u0144 - Claude Diolosa","og_description":"BLACK STONE to sprawdzony preparat stosowany szczeg\u00f3lnie w leczeniu kamicy [...]","og_url":"https:\/\/shop.diolosa.com\/pl\/product\/czarny-kamien\/","og_site_name":"Claude Diolosa","article_publisher":"https:\/\/facebook.com\/claudediolosa","article_modified_time":"2025-05-31T15:36:38+00:00","og_image":[{"width":800,"height":533,"url":"https:\/\/shop.diolosa.com\/wp-content\/uploads\/2019\/09\/Presslinge-140.jpg","type":"image\/jpeg"}],"twitter_card":"summary_large_image","twitter_misc":{"Szacowany czas czytania":"1 minuta"},"schema":{"@context":"https:\/\/schema.org","@graph":[{"@type":"WebPage","@id":"https:\/\/shop.diolosa.com\/pl\/product\/czarny-kamien\/","url":"https:\/\/shop.diolosa.com\/pl\/product\/czarny-kamien\/","name":"Czarny kamie\u0144 - Claude Diolosa","isPartOf":{"@id":"https:\/\/shop.diolosa.com\/pl\/#website"},"primaryImageOfPage":{"@id":"https:\/\/shop.diolosa.com\/pl\/product\/czarny-kamien\/#primaryimage"},"image":{"@id":"https:\/\/shop.diolosa.com\/pl\/product\/czarny-kamien\/#primaryimage"},"thumbnailUrl":"https:\/\/shop.diolosa.com\/wp-content\/uploads\/2019\/09\/Presslinge-140.jpg","datePublished":"2025-03-08T14:08:34+00:00","dateModified":"2025-05-31T15:36:38+00:00","breadcrumb":{"@id":"https:\/\/shop.diolosa.com\/pl\/product\/czarny-kamien\/#breadcrumb"},"inLanguage":"pl-PL","potentialAction":[{"@type":"ReadAction","target":["https:\/\/shop.diolosa.com\/pl\/product\/czarny-kamien\/"]}]},{"@type":"ImageObject","inLanguage":"pl-PL","@id":"https:\/\/shop.diolosa.com\/pl\/product\/czarny-kamien\/#primaryimage","url":"https:\/\/shop.diolosa.com\/wp-content\/uploads\/2019\/09\/Presslinge-140.jpg","contentUrl":"https:\/\/shop.diolosa.com\/wp-content\/uploads\/2019\/09\/Presslinge-140.jpg","width":800,"height":533},{"@type":"BreadcrumbList","@id":"https:\/\/shop.diolosa.com\/pl\/product\/czarny-kamien\/#breadcrumb","itemListElement":[{"@type":"ListItem","position":1,"name":"Startseite","item":"https:\/\/shop.diolosa.com\/pl\/?page_id=3835710"},{"@type":"ListItem","position":2,"name":"Sklep","item":"https:\/\/shop.diolosa.com\/pl\/?page_id=3835710"},{"@type":"ListItem","position":3,"name":"Czarny kamie\u0144"}]},{"@type":"WebSite","@id":"https:\/\/shop.diolosa.com\/pl\/#website","url":"https:\/\/shop.diolosa.com\/pl\/","name":"Claude Diolosa","description":"","publisher":{"@id":"https:\/\/shop.diolosa.com\/pl\/#organization"},"potentialAction":[{"@type":"SearchAction","target":{"@type":"EntryPoint","urlTemplate":"https:\/\/shop.diolosa.com\/pl\/?s={search_term_string}"},"query-input":{"@type":"PropertyValueSpecification","valueRequired":true,"valueName":"search_term_string"}}],"inLanguage":"pl-PL"},{"@type":"Organization","@id":"https:\/\/shop.diolosa.com\/pl\/#organization","name":"Claude Diolosa","url":"https:\/\/shop.diolosa.com\/pl\/","logo":{"@type":"ImageObject","inLanguage":"pl-PL","@id":"https:\/\/shop.diolosa.com\/pl\/#\/schema\/logo\/image\/","url":"https:\/\/shop.diolosa.com\/wp-content\/uploads\/2019\/08\/diolosa-drop-logo-new.png","contentUrl":"https:\/\/shop.diolosa.com\/wp-content\/uploads\/2019\/08\/diolosa-drop-logo-new.png","width":134,"height":176,"caption":"Claude Diolosa"},"image":{"@id":"https:\/\/shop.diolosa.com\/pl\/#\/schema\/logo\/image\/"},"sameAs":["https:\/\/facebook.com\/claudediolosa","https:\/\/www.instagram.com\/diolosaclaude108\/"]}]}},"_links":{"self":[{"href":"https:\/\/shop.diolosa.com\/pl\/wp-json\/wp\/v2\/product\/3836068","targetHints":{"allow":["GET"]}}],"collection":[{"href":"https:\/\/shop.diolosa.com\/pl\/wp-json\/wp\/v2\/product"}],"about":[{"href":"https:\/\/shop.diolosa.com\/pl\/wp-json\/wp\/v2\/types\/product"}],"wp:featuredmedia":[{"embeddable":true,"href":"https:\/\/shop.diolosa.com\/pl\/wp-json\/wp\/v2\/media\/3835943"}],"wp:attachment":[{"href":"https:\/\/shop.diolosa.com\/pl\/wp-json\/wp\/v2\/media?parent=3836068"}],"wp:term":[{"taxonomy":"product_brand","embeddable":true,"href":"https:\/\/shop.diolosa.com\/pl\/wp-json\/wp\/v2\/product_brand?post=3836068"},{"taxonomy":"product_cat","embeddable":true,"href":"https:\/\/shop.diolosa.com\/pl\/wp-json\/wp\/v2\/product_cat?post=3836068"},{"taxonomy":"product_tag","embeddable":true,"href":"https:\/\/shop.diolosa.com\/pl\/wp-json\/wp\/v2\/product_tag?post=3836068"}],"curies":[{"name":"wp","href":"https:\/\/api.w.org\/{rel}","templated":true}]}}