{"id":3836075,"date":"2019-09-04T12:12:33","date_gmt":"2025-03-08T14:08:37","guid":{"rendered":"https:\/\/shop.diolosa.com\/product\/zachod-slonca\/"},"modified":"2025-05-06T15:20:43","modified_gmt":"2025-05-06T14:20:43","slug":"zachod-slonca","status":"publish","type":"product","link":"https:\/\/shop.diolosa.com\/pl\/product\/zachod-slonca\/","title":{"rendered":"Zach\u00f3d s\u0142o\u0144ca"},"content":{"rendered":"<p>SUNSET jest stosowany w przypadku wrodzonej, a tak\u017ce bardzo przewlek\u0142ej postaci atopowego zapalenia sk\u00f3ry, kt\u00f3re wyst\u0119puje po urodzeniu lub po szczepieniach. Preparat ten penetruje XUE FEN, usuwa wilgo\u0107 i toksyny z warstwy krwi, usuwa wiatr ze sk\u00f3ry (Wei Fen), \u0142agodzi sw\u0119dzenie, chroni Yin i uspokaja HUN i SHEN.<br \/>\nZachowaj ostro\u017cno\u015b\u0107: Sk\u00f3ra mo\u017ce by\u0107 sucha, ale wilgo\u0107\/flegma nadal ukrywa zast\u00f3j ciep\u0142a i krwi w XUE FEN i pod sk\u00f3r\u0105. Wysypka objawia si\u0119 g\u0142\u00f3wnie wok\u00f3\u0142 oczu, wok\u00f3\u0142 ust, w zag\u0142\u0119bieniu kolan (p\u0119cherz 40) i po wewn\u0119trznej stronie \u0142okcia (obw\u00f3d 3). Kiedy Puste Ciep\u0142o rozprzestrzenia si\u0119, wysypka jest widoczna g\u0142\u00f3wnie wzd\u0142u\u017c meridian\u00f3w Yang Ming i Shao Yang. Nale\u017cy zauwa\u017cy\u0107, \u017ce wrodzona posta\u0107 atopowego zapalenia sk\u00f3ry mo\u017ce rozwin\u0105\u0107 si\u0119 z powodu toksyn p\u0142odowych, spo\u017cywania owoc\u00f3w morza w czasie ci\u0105\u017cy, a zw\u0142aszcza w wyniku szczepionek.<\/p>\n","protected":false},"excerpt":{"rendered":"<p>SUNSET jest stosowany w przypadku wrodzonej, a tak\u017ce bardzo przewlek\u0142ej  [&#8230;]<\/p>\n","protected":false},"featured_media":3835943,"template":"","meta":{"_acf_changed":false},"product_brand":[],"product_cat":[11813],"product_tag":[11891],"class_list":{"0":"post-3836075","1":"product","2":"type-product","3":"status-publish","4":"has-post-thumbnail","6":"product_cat-dermatologia","7":"product_tag-ostre-neurodermitowe-zapalenie-skory-xue-fen","9":"first","10":"instock","11":"taxable","12":"shipping-taxable","13":"purchasable","14":"product-type-simple"},"acf":{"yn_product_audio":"https:\/\/shop.diolosa.com\/wp-content\/uploads\/2018\/12\/DL_0785.mp3","yn_product_video":"https:\/\/shop.diolosa.com\/wp-content\/uploads\/2024\/11\/Sunset.mp4","yn_product_akupunktur":"<p>Leczenie ostre<br \/>\nshi xuan &#8211; M-UE-1 (bleed,shen) &#8211; xie fa<br \/>\nyou mai 10 &#8211; ling tai &#8211; xie fa<br \/>\nsan chiao 3 &#8211; zhong zhu (shu) &#8211; xie fa<br \/>\nsan chiao 5 &#8211; wai guan (yang wei mai, luo) &#8211; xie fa<br \/>\np\u0119cherzyk \u017c\u00f3\u0142ciowy 34 &#8211; yang ling quan (he, xia he xue, gui) &#8211; xie fa<br \/>\nworeczek \u017c\u00f3\u0142ciowy 40 &#8211; qiu xu (yuan) &#8211; xie fa<br \/>\nbubble 40 &#8211; wei zhong (he, xia he xue &#8211; ba\u0144ka, xi krwi, jing bie ni\/bl) &#8211; xie fa<br \/>\ndwukropek 4 &#8211; he gu (yuan) &#8211; xie fa<br \/>\ndwukropek 11 &#8211; qu chi &#8211; gui tui (he &#8211; gui) &#8211; xie fa<br \/>\n\u015bledziona 9 &#8211; yin ling quan (he) &#8211; xie fa<br \/>\n\u017co\u0142\u0105dek 40 &#8211; feng long (luo) &#8211; xie fa<\/p>\n<p>Ciep\u0142o krwi i wilgotne ciep\u0142o oczyszczaj\u0105<br \/>\n\u015bledzion\u0119 10 &#8211; xue hai (xue) &#8211; xie fa<br \/>\nkr\u0105\u017cenie 3 &#8211; qu ze (he) &#8211; xie fa<br \/>\nkr\u0105\u017cenie 5 &#8211; jian shi &#8211; gui lu (jing, gui) &#8211; xie fa<br \/>\njelito grube 11 &#8211; qu chi &#8211; gui tui (he &#8211; gui) &#8211; xie fa<br \/>\np\u0119cherz 17 &#8211; ge shu (krew) &#8211; krwawe ba\u0144ki  <\/p>\n<p>Oczyszczanie \u017co\u0142\u0105dka z ognia<br \/>\n\u017co\u0142\u0105dek 44 &#8211; nei ting (ying) &#8211; xie fa<\/p>\n<p>Nawil\u017canie sk\u00f3ry i tkanek<br \/>\n\u015bledziona 9 &#8211; yin ling quan (he) &#8211; xie fa  <\/p>\n<p>Shen uspok\u00f3j si\u0119<br \/>\ndu mai 20 &#8211; bai hui &#8211; bai lao (jezioro szpiku kostnego, p\u0119cherz) &#8211; xie fa<br \/>\nyin tang &#8211; M-HN-3 &#8211; xie fa &#8211; krwawienie<br \/>\nsi shen cong &#8211; M-HN-1 (m\u00f3zg,cns) &#8211; xie fa<br \/>\ncirculation 5 &#8211; jian shi &#8211; gui lu (jing, gui) &#8211; xie fa<br \/>\ndu mai 23 &#8211; shang xing &#8211; ming tang &#8211; gui tang (gui) &#8211; xie fa<\/p>\n<p>Uzupe\u0142nienie yin nerki<br \/>\nnerka 7 &#8211; fu liu (jing) &#8211; bu fa<br \/>\nnerka 3 &#8211; tai xi (shu, yuan) &#8211; bu fa<br \/>\np\u0119cherz 23 &#8211; shen shu &#8211; bu fa  <\/p>\n<p>Wype\u0142nij p\u0142uca Yin<br \/>\nwykrok 5 &#8211; chi ze (on) &#8211; bu fa<br \/>\nwykrok 7 &#8211; lie que (luo, ren mai, gao wu, ma da yang) &#8211; bu fa<\/p>\n","yn_product_verabreichungsart":"Pelety 140szt.","yn_product_dosierung":"<p>3 x 4 do 10 tabletek dziennie lub 6 tabletek jednorazowo przed snem.<\/p>\n","yn_product_combinations":"<p>SUNRISE (neurodermit Shao Yang), MORNING HEAVEN&#8217;S BLISS (neurodermit Yang Ming), MILKY WAY (neurodermit Tai Yang), AFTERNOON HEAVEN&#8217;S BALM (przewlek\u0142y neurodermit &#8211; ma\u015b\u0107), AFTERNOON HEAVEN&#8217;S BLISS (przewlek\u0142y neurodermit), CLEARING THE HEAT (niedob\u00f3r Yin > puste ciep\u0142o)<\/p>\n","yn_product_avoidable":"<p>Ocet, ostre i aromatyczne przyprawy, wino, owoce morza, jagni\u0119cina, owoce cytrusowe, owoce tropikalne i soki owocowe rano, koper w\u0142oski, kminek, kolendra, imbir, go\u017adziki, ga\u0142ka muszkato\u0142owa, li\u015b\u0107 laurowy, rozmaryn, tymianek.<\/p>\n","yn_product_tcm_mindmapping":"<p>Wrodzone ciep\u0142o krwi > Toksyny > Wilgotne ciep\u0142o sk\u00f3ry > Wiatr sk\u00f3ry > Niedob\u00f3r Yin i puste ciep\u0142o<\/p>\n","yn_product_tongue_body":"<p>W\u0105skie, cienkie, pop\u0119kane, ciemnoczerwone<\/p>\n","yn_product_tongue_coating":"<p>\u017b\u00f3\u0142tawy, cienki, suchy<\/p>\n","yn_product_pulse_diagnostics":"<p>Poziom g\u0142\u0119boki: chen mai &#8211; g\u0142\u0119boki, xi mai &#8211; cienki, se mai &#8211; szorstki, xian mai &#8211; napi\u0119ty, shuo mai &#8211; szybki<\/p>\n","yn_product_indications":"<p>Wrodzone neurodermit, czerwone, ciemnoczerwone, p\u0142acz\u0105ce i sw\u0119dz\u0105ce neurodermit wok\u00f3\u0142 oczu, na \u0142okciach, w zag\u0142\u0119bieniach kolan i na d\u0142oniach.<\/p>\n","yn_product_contra_indications":"<p>Niedob\u00f3r Yang, wewn\u0119trzne przezi\u0119bienie, wilgo\u0107 i flegma w Yang Ming i jelicie cienkim, przewlek\u0142a i p\u0142ynna biegunka, wielomocz, nokturia, parestezja spowodowana zastojem krwi i przezi\u0119bieniem.<\/p>\n","yn_product_pregnancy":"<p>Dozwolone<\/p>\n","yn_product_herbs":"<p>moutan cortex &#8211; mu dan pi, paeoniae rubrae radix &#8211; chi shao yao, rhemanniae radix &#8211; sheng di huang, violae herba &#8211; zi hua di ding, taraxacum herba &#8211; pu gong yin, alismati rhizoma &#8211; ze xie<\/p>\n","yn_product_magisterrecipes":"<p>Zhi Bai Di Huang Wan, Dang Gui Yin Zi, Liu Wei Di Huang Wan<\/p>\n"},"yoast_head":"<!-- This site is optimized with the Yoast SEO plugin v24.9 - https:\/\/yoast.com\/wordpress\/plugins\/seo\/ -->\n<title>Zach\u00f3d s\u0142o\u0144ca - Claude Diolosa<\/title>\n<meta name=\"robots\" content=\"index, follow, max-snippet:-1, max-image-preview:large, max-video-preview:-1\" \/>\n<link rel=\"canonical\" href=\"https:\/\/shop.diolosa.com\/pl\/product\/zachod-slonca\/\" \/>\n<meta property=\"og:locale\" content=\"pl_PL\" \/>\n<meta property=\"og:type\" content=\"article\" \/>\n<meta property=\"og:title\" content=\"Zach\u00f3d s\u0142o\u0144ca - Claude Diolosa\" \/>\n<meta property=\"og:description\" content=\"SUNSET jest stosowany w przypadku wrodzonej, a tak\u017ce bardzo przewlek\u0142ej [...]\" \/>\n<meta property=\"og:url\" content=\"https:\/\/shop.diolosa.com\/pl\/product\/zachod-slonca\/\" \/>\n<meta property=\"og:site_name\" content=\"Claude Diolosa\" \/>\n<meta property=\"article:publisher\" content=\"https:\/\/facebook.com\/claudediolosa\" \/>\n<meta property=\"article:modified_time\" content=\"2025-05-06T14:20:43+00:00\" \/>\n<meta property=\"og:image\" content=\"https:\/\/shop.diolosa.com\/wp-content\/uploads\/2019\/09\/Presslinge-140.jpg\" \/>\n\t<meta property=\"og:image:width\" content=\"800\" \/>\n\t<meta property=\"og:image:height\" content=\"533\" \/>\n\t<meta property=\"og:image:type\" content=\"image\/jpeg\" \/>\n<meta name=\"twitter:card\" content=\"summary_large_image\" \/>\n<meta name=\"twitter:label1\" content=\"Szacowany czas czytania\" \/>\n\t<meta name=\"twitter:data1\" content=\"1 minuta\" \/>\n<script type=\"application\/ld+json\" class=\"yoast-schema-graph\">{\"@context\":\"https:\/\/schema.org\",\"@graph\":[{\"@type\":\"WebPage\",\"@id\":\"https:\/\/shop.diolosa.com\/pl\/product\/zachod-slonca\/\",\"url\":\"https:\/\/shop.diolosa.com\/pl\/product\/zachod-slonca\/\",\"name\":\"Zach\u00f3d s\u0142o\u0144ca - Claude Diolosa\",\"isPartOf\":{\"@id\":\"https:\/\/shop.diolosa.com\/pl\/#website\"},\"primaryImageOfPage\":{\"@id\":\"https:\/\/shop.diolosa.com\/pl\/product\/zachod-slonca\/#primaryimage\"},\"image\":{\"@id\":\"https:\/\/shop.diolosa.com\/pl\/product\/zachod-slonca\/#primaryimage\"},\"thumbnailUrl\":\"https:\/\/shop.diolosa.com\/wp-content\/uploads\/2019\/09\/Presslinge-140.jpg\",\"datePublished\":\"2025-03-08T14:08:37+00:00\",\"dateModified\":\"2025-05-06T14:20:43+00:00\",\"breadcrumb\":{\"@id\":\"https:\/\/shop.diolosa.com\/pl\/product\/zachod-slonca\/#breadcrumb\"},\"inLanguage\":\"pl-PL\",\"potentialAction\":[{\"@type\":\"ReadAction\",\"target\":[\"https:\/\/shop.diolosa.com\/pl\/product\/zachod-slonca\/\"]}]},{\"@type\":\"ImageObject\",\"inLanguage\":\"pl-PL\",\"@id\":\"https:\/\/shop.diolosa.com\/pl\/product\/zachod-slonca\/#primaryimage\",\"url\":\"https:\/\/shop.diolosa.com\/wp-content\/uploads\/2019\/09\/Presslinge-140.jpg\",\"contentUrl\":\"https:\/\/shop.diolosa.com\/wp-content\/uploads\/2019\/09\/Presslinge-140.jpg\",\"width\":800,\"height\":533},{\"@type\":\"BreadcrumbList\",\"@id\":\"https:\/\/shop.diolosa.com\/pl\/product\/zachod-slonca\/#breadcrumb\",\"itemListElement\":[{\"@type\":\"ListItem\",\"position\":1,\"name\":\"Startseite\",\"item\":\"https:\/\/shop.diolosa.com\/pl\/?page_id=3835710\"},{\"@type\":\"ListItem\",\"position\":2,\"name\":\"Sklep\",\"item\":\"https:\/\/shop.diolosa.com\/pl\/?page_id=3835710\"},{\"@type\":\"ListItem\",\"position\":3,\"name\":\"Zach\u00f3d s\u0142o\u0144ca\"}]},{\"@type\":\"WebSite\",\"@id\":\"https:\/\/shop.diolosa.com\/pl\/#website\",\"url\":\"https:\/\/shop.diolosa.com\/pl\/\",\"name\":\"Claude Diolosa\",\"description\":\"\",\"publisher\":{\"@id\":\"https:\/\/shop.diolosa.com\/pl\/#organization\"},\"potentialAction\":[{\"@type\":\"SearchAction\",\"target\":{\"@type\":\"EntryPoint\",\"urlTemplate\":\"https:\/\/shop.diolosa.com\/pl\/?s={search_term_string}\"},\"query-input\":{\"@type\":\"PropertyValueSpecification\",\"valueRequired\":true,\"valueName\":\"search_term_string\"}}],\"inLanguage\":\"pl-PL\"},{\"@type\":\"Organization\",\"@id\":\"https:\/\/shop.diolosa.com\/pl\/#organization\",\"name\":\"Claude Diolosa\",\"url\":\"https:\/\/shop.diolosa.com\/pl\/\",\"logo\":{\"@type\":\"ImageObject\",\"inLanguage\":\"pl-PL\",\"@id\":\"https:\/\/shop.diolosa.com\/pl\/#\/schema\/logo\/image\/\",\"url\":\"https:\/\/shop.diolosa.com\/wp-content\/uploads\/2019\/08\/diolosa-drop-logo-new.png\",\"contentUrl\":\"https:\/\/shop.diolosa.com\/wp-content\/uploads\/2019\/08\/diolosa-drop-logo-new.png\",\"width\":134,\"height\":176,\"caption\":\"Claude Diolosa\"},\"image\":{\"@id\":\"https:\/\/shop.diolosa.com\/pl\/#\/schema\/logo\/image\/\"},\"sameAs\":[\"https:\/\/facebook.com\/claudediolosa\",\"https:\/\/www.instagram.com\/diolosaclaude108\/\"]}]}<\/script>\n<!-- \/ Yoast SEO plugin. -->","yoast_head_json":{"title":"Zach\u00f3d s\u0142o\u0144ca - Claude Diolosa","robots":{"index":"index","follow":"follow","max-snippet":"max-snippet:-1","max-image-preview":"max-image-preview:large","max-video-preview":"max-video-preview:-1"},"canonical":"https:\/\/shop.diolosa.com\/pl\/product\/zachod-slonca\/","og_locale":"pl_PL","og_type":"article","og_title":"Zach\u00f3d s\u0142o\u0144ca - Claude Diolosa","og_description":"SUNSET jest stosowany w przypadku wrodzonej, a tak\u017ce bardzo przewlek\u0142ej [...]","og_url":"https:\/\/shop.diolosa.com\/pl\/product\/zachod-slonca\/","og_site_name":"Claude Diolosa","article_publisher":"https:\/\/facebook.com\/claudediolosa","article_modified_time":"2025-05-06T14:20:43+00:00","og_image":[{"width":800,"height":533,"url":"https:\/\/shop.diolosa.com\/wp-content\/uploads\/2019\/09\/Presslinge-140.jpg","type":"image\/jpeg"}],"twitter_card":"summary_large_image","twitter_misc":{"Szacowany czas czytania":"1 minuta"},"schema":{"@context":"https:\/\/schema.org","@graph":[{"@type":"WebPage","@id":"https:\/\/shop.diolosa.com\/pl\/product\/zachod-slonca\/","url":"https:\/\/shop.diolosa.com\/pl\/product\/zachod-slonca\/","name":"Zach\u00f3d s\u0142o\u0144ca - Claude Diolosa","isPartOf":{"@id":"https:\/\/shop.diolosa.com\/pl\/#website"},"primaryImageOfPage":{"@id":"https:\/\/shop.diolosa.com\/pl\/product\/zachod-slonca\/#primaryimage"},"image":{"@id":"https:\/\/shop.diolosa.com\/pl\/product\/zachod-slonca\/#primaryimage"},"thumbnailUrl":"https:\/\/shop.diolosa.com\/wp-content\/uploads\/2019\/09\/Presslinge-140.jpg","datePublished":"2025-03-08T14:08:37+00:00","dateModified":"2025-05-06T14:20:43+00:00","breadcrumb":{"@id":"https:\/\/shop.diolosa.com\/pl\/product\/zachod-slonca\/#breadcrumb"},"inLanguage":"pl-PL","potentialAction":[{"@type":"ReadAction","target":["https:\/\/shop.diolosa.com\/pl\/product\/zachod-slonca\/"]}]},{"@type":"ImageObject","inLanguage":"pl-PL","@id":"https:\/\/shop.diolosa.com\/pl\/product\/zachod-slonca\/#primaryimage","url":"https:\/\/shop.diolosa.com\/wp-content\/uploads\/2019\/09\/Presslinge-140.jpg","contentUrl":"https:\/\/shop.diolosa.com\/wp-content\/uploads\/2019\/09\/Presslinge-140.jpg","width":800,"height":533},{"@type":"BreadcrumbList","@id":"https:\/\/shop.diolosa.com\/pl\/product\/zachod-slonca\/#breadcrumb","itemListElement":[{"@type":"ListItem","position":1,"name":"Startseite","item":"https:\/\/shop.diolosa.com\/pl\/?page_id=3835710"},{"@type":"ListItem","position":2,"name":"Sklep","item":"https:\/\/shop.diolosa.com\/pl\/?page_id=3835710"},{"@type":"ListItem","position":3,"name":"Zach\u00f3d s\u0142o\u0144ca"}]},{"@type":"WebSite","@id":"https:\/\/shop.diolosa.com\/pl\/#website","url":"https:\/\/shop.diolosa.com\/pl\/","name":"Claude Diolosa","description":"","publisher":{"@id":"https:\/\/shop.diolosa.com\/pl\/#organization"},"potentialAction":[{"@type":"SearchAction","target":{"@type":"EntryPoint","urlTemplate":"https:\/\/shop.diolosa.com\/pl\/?s={search_term_string}"},"query-input":{"@type":"PropertyValueSpecification","valueRequired":true,"valueName":"search_term_string"}}],"inLanguage":"pl-PL"},{"@type":"Organization","@id":"https:\/\/shop.diolosa.com\/pl\/#organization","name":"Claude Diolosa","url":"https:\/\/shop.diolosa.com\/pl\/","logo":{"@type":"ImageObject","inLanguage":"pl-PL","@id":"https:\/\/shop.diolosa.com\/pl\/#\/schema\/logo\/image\/","url":"https:\/\/shop.diolosa.com\/wp-content\/uploads\/2019\/08\/diolosa-drop-logo-new.png","contentUrl":"https:\/\/shop.diolosa.com\/wp-content\/uploads\/2019\/08\/diolosa-drop-logo-new.png","width":134,"height":176,"caption":"Claude Diolosa"},"image":{"@id":"https:\/\/shop.diolosa.com\/pl\/#\/schema\/logo\/image\/"},"sameAs":["https:\/\/facebook.com\/claudediolosa","https:\/\/www.instagram.com\/diolosaclaude108\/"]}]}},"_links":{"self":[{"href":"https:\/\/shop.diolosa.com\/pl\/wp-json\/wp\/v2\/product\/3836075","targetHints":{"allow":["GET"]}}],"collection":[{"href":"https:\/\/shop.diolosa.com\/pl\/wp-json\/wp\/v2\/product"}],"about":[{"href":"https:\/\/shop.diolosa.com\/pl\/wp-json\/wp\/v2\/types\/product"}],"wp:featuredmedia":[{"embeddable":true,"href":"https:\/\/shop.diolosa.com\/pl\/wp-json\/wp\/v2\/media\/3835943"}],"wp:attachment":[{"href":"https:\/\/shop.diolosa.com\/pl\/wp-json\/wp\/v2\/media?parent=3836075"}],"wp:term":[{"taxonomy":"product_brand","embeddable":true,"href":"https:\/\/shop.diolosa.com\/pl\/wp-json\/wp\/v2\/product_brand?post=3836075"},{"taxonomy":"product_cat","embeddable":true,"href":"https:\/\/shop.diolosa.com\/pl\/wp-json\/wp\/v2\/product_cat?post=3836075"},{"taxonomy":"product_tag","embeddable":true,"href":"https:\/\/shop.diolosa.com\/pl\/wp-json\/wp\/v2\/product_tag?post=3836075"}],"curies":[{"name":"wp","href":"https:\/\/api.w.org\/{rel}","templated":true}]}}