{"id":3836076,"date":"2019-09-04T12:12:33","date_gmt":"2025-03-08T14:08:37","guid":{"rendered":"https:\/\/shop.diolosa.com\/product\/apollo\/"},"modified":"2025-05-31T07:23:42","modified_gmt":"2025-05-31T06:23:42","slug":"apollo","status":"publish","type":"product","link":"https:\/\/shop.diolosa.com\/pl\/product\/apollo\/","title":{"rendered":"Apollo"},"content":{"rendered":"<p>APOLLON jest stosowany w szczeg\u00f3lno\u015bci w leczeniu b\u00f3lu nerw\u00f3w spowodowanego urazem lub b\u0119d\u0105cego p\u00f3\u017an\u0105 konsekwencj\u0105 operacji chirurgicznej. Nale\u017cy podkre\u015bli\u0107, \u017ce preparat ten nie jest odpowiedni w przypadku b\u00f3lu nerw\u00f3w spowodowanego chorob\u0105 wirusow\u0105 lub lekami. APOLLON ma kilka mechanizm\u00f3w dzia\u0142ania: uzupe\u0142nia yin, co oznacza, \u017ce pomaga dostarczy\u0107 organizmowi niezb\u0119dnej energii i wilgoci. Ponadto zapobiega wyst\u0119powaniu Pustego Ciep\u0142a, stanu, w kt\u00f3rym w organizmie wyst\u0119puje brak r\u00f3wnowagi i wytwarzane jest ciep\u0142o. APOLLON Blood usuwa r\u00f3wnie\u017c ciep\u0142o i zapewnia swobodny przep\u0142yw krwi, co ma kluczowe znaczenie dla \u0142agodzenia b\u00f3lu i dyskomfortu. Innym wa\u017cnym aspektem jest jego zdolno\u015b\u0107 do wprawiania krwi w ruch &#8211; promuje to kr\u0105\u017cenie i pomaga rozpu\u015bci\u0107 stagnacj\u0119. Ponadto APOLLON Shen uspokaja (umys\u0142), a tym samym przyczynia si\u0119 do stabilno\u015bci emocjonalnej. Wreszcie, otwiera r\u00f3wnie\u017c naczynia Luo &#8211; te drobne kana\u0142y s\u0105 wa\u017cne dla przep\u0142ywu Qi (energii \u017cyciowej) w organizmie &#8211; co przyczynia si\u0119 do og\u00f3lnej poprawy samopoczucia.<\/p>\n","protected":false},"excerpt":{"rendered":"<p>APOLLON jest stosowany w szczeg\u00f3lno\u015bci w leczeniu b\u00f3lu nerw\u00f3w spowodowanego  [&#8230;]<\/p>\n","protected":false},"featured_media":3835943,"template":"","meta":{"_acf_changed":false},"product_brand":[],"product_cat":[11784],"product_tag":[11892],"class_list":{"0":"post-3836076","1":"product","2":"type-product","3":"status-publish","4":"has-post-thumbnail","6":"product_cat-medycyna-sportowa","7":"product_tag-bol-nerwow","9":"first","10":"instock","11":"taxable","12":"shipping-taxable","13":"purchasable","14":"product-type-simple"},"acf":{"yn_product_audio":"https:\/\/shop.diolosa.com\/wp-content\/uploads\/2018\/12\/DL_0973.mp3","yn_product_akupunktur":"<p>Leczenie miejscowe &#8211; punkty Ah-Shi &#8211; Xie Fa  <\/p>\n<p>Odleg\u0142e punkty, wzmacniaj\u0105 nerwy<br \/>\nnerka 6 &#8211; zhao hai (yin qiao mai) &#8211; bu fa<br \/>\np\u0119cherz 62 &#8211; shen mai &#8211; gui lu (yang qiao mai) &#8211; xie fa<br \/>\nnerka 3 &#8211; tai xi (shu,yuan) &#8211; bu fa<br \/>\np\u0119cherz 23 &#8211; shen shu &#8211; bu fa<\/p>\n<p>Uspok\u00f3j shen i oczy\u015b\u0107 umys\u0142<br \/>\nsi shen cong &#8211; M-HN-1 (m\u00f3zg, cns) &#8211; xie fa<br \/>\nyin tang &#8211; M-HN-3 &#8211; xie fa<br \/>\nanmian &#8211; N-HN-54 (shen, m\u00f3zg) &#8211; xie fa<br \/>\nworeczek \u017c\u00f3\u0142ciowy 14 &#8211; yang bai (\u017co\u0142\u0105dek, yang wei mai) &#8211; xie fa<br \/>\ndu mai 24 &#8211; shen ting (p\u0119cherz, \u017co\u0142\u0105dek, gui) &#8211; xie fa<br \/>\nkr\u0105\u017cenie 6 &#8211; nei guan (luo, yin wei mai) &#8211; xie fa lub bu fa<br \/>\nserce 3 &#8211; shao hai (he) &#8211; bu fa<\/p>\n","yn_product_verabreichungsart":"Pelety 140szt.","yn_product_dosierung":"<p>3 x 4 do 10 tabletek dziennie, czas trwania leczenia zale\u017cy od rozwoju choroby i diagnozy r\u00f3\u017cnicowej. Preparat ten jest odpowiedni tylko w przypadku b\u00f3lu nerw\u00f3w spowodowanego urazem, a nie chorob\u0105 zaka\u017an\u0105. <\/p>\n","yn_product_combinations":"<p>SAN BAO TEE, YIN ROOT, aby ustabilizowa\u0107 Yin, IRON DROPS na niedob\u00f3r krwi, DEEP SLEEP FORTE na bezsenno\u015b\u0107, HAPPY DAYS na depresj\u0119, CLEARING THE HEAT na niedob\u00f3r Yin z pustym ciep\u0142em, NIRIPSA na b\u00f3l.<\/p>\n","yn_product_avoidable":"<p>Kawa, czarna herbata, gor\u0105ce i ostre przyprawy lub zio\u0142a, pieprz, czosnek, por, cebula<\/p>\n","yn_product_tcm_mindmapping":"<p>Uraz lub p\u00f3\u017any efekt operacji > uszkadza nerwy > zast\u00f3j Qi i krwi oraz os\u0142abienie Yin z pustym ciep\u0142em sprzyjaj\u0105 urazowi<\/p>\n","yn_product_tongue_body":"<p>Chwiejny, p\u0119kni\u0119ty w \u015brodku, zaczerwieniony czubek j\u0119zyka<\/p>\n","yn_product_tongue_coating":"<p>Cienki i \u017c\u00f3\u0142ty<\/p>\n","yn_product_pulse_diagnostics":"<p>Og\u00f3lne: xian mai &#8211; napi\u0119ty, xi mai &#8211; cienki, xu mai &#8211; pusty, shuo mai &#8211; szybki, se mai &#8211; szorstki<\/p>\n","yn_product_indications":"<p>St\u0142uczenia nerw\u00f3w, cho\u0107 stosunkowo rzadkie podczas uprawiania sportu, czasami wyst\u0119puj\u0105 i mog\u0105 prowadzi\u0107 do d\u0142ugotrwa\u0142ych problem\u00f3w, silnego promieniuj\u0105cego b\u00f3lu, bezsenno\u015bci<\/p>\n","yn_product_contra_indications":"<p>Niedob\u00f3r Yang z wewn\u0119trznym przezi\u0119bieniem, wilgotne przezi\u0119bienie, biegunka, wielomocz<\/p>\n","yn_product_pregnancy":"<p>Przeciwwskazane<\/p>\n","yn_product_herbs":"<p>ligustri fructus &#8211; niu zhen zi, ecliptae herba &#8211; han lian cao, cuscutae semen &#8211; tu si zi, lycii fructus &#8211; gou qi zi, moutan cortex &#8211; mu dan pi, paeoniae albae radix &#8211; bai shao yao, ophiopogonis radix &#8211; mai men dong, ziziphy semen &#8211; suan zao ren, polygoni multiflori caulis &#8211; ye jiao teng<\/p>\n","yn_product_magisterrecipes":"<p>Da Wan<\/p>\n","yn_product_video":"https:\/\/shop.diolosa.com\/wp-content\/uploads\/2026\/03\/Apollon.mp4"},"yoast_head":"<!-- This site is optimized with the Yoast SEO plugin v24.9 - https:\/\/yoast.com\/wordpress\/plugins\/seo\/ -->\n<title>Apollo - Claude Diolosa<\/title>\n<meta name=\"robots\" content=\"index, follow, max-snippet:-1, max-image-preview:large, max-video-preview:-1\" \/>\n<link rel=\"canonical\" href=\"https:\/\/shop.diolosa.com\/pl\/product\/apollo\/\" \/>\n<meta property=\"og:locale\" content=\"pl_PL\" \/>\n<meta property=\"og:type\" content=\"article\" \/>\n<meta property=\"og:title\" content=\"Apollo - Claude Diolosa\" \/>\n<meta property=\"og:description\" content=\"APOLLON jest stosowany w szczeg\u00f3lno\u015bci w leczeniu b\u00f3lu nerw\u00f3w spowodowanego [...]\" \/>\n<meta property=\"og:url\" content=\"https:\/\/shop.diolosa.com\/pl\/product\/apollo\/\" \/>\n<meta property=\"og:site_name\" content=\"Claude Diolosa\" \/>\n<meta property=\"article:publisher\" content=\"https:\/\/facebook.com\/claudediolosa\" \/>\n<meta property=\"article:modified_time\" content=\"2025-05-31T06:23:42+00:00\" \/>\n<meta property=\"og:image\" content=\"https:\/\/shop.diolosa.com\/wp-content\/uploads\/2019\/09\/Presslinge-140.jpg\" \/>\n\t<meta property=\"og:image:width\" content=\"800\" \/>\n\t<meta property=\"og:image:height\" content=\"533\" \/>\n\t<meta property=\"og:image:type\" content=\"image\/jpeg\" \/>\n<meta name=\"twitter:card\" content=\"summary_large_image\" \/>\n<meta name=\"twitter:label1\" content=\"Szacowany czas czytania\" \/>\n\t<meta name=\"twitter:data1\" content=\"1 minuta\" \/>\n<script type=\"application\/ld+json\" class=\"yoast-schema-graph\">{\"@context\":\"https:\/\/schema.org\",\"@graph\":[{\"@type\":\"WebPage\",\"@id\":\"https:\/\/shop.diolosa.com\/pl\/product\/apollo\/\",\"url\":\"https:\/\/shop.diolosa.com\/pl\/product\/apollo\/\",\"name\":\"Apollo - Claude Diolosa\",\"isPartOf\":{\"@id\":\"https:\/\/shop.diolosa.com\/pl\/#website\"},\"primaryImageOfPage\":{\"@id\":\"https:\/\/shop.diolosa.com\/pl\/product\/apollo\/#primaryimage\"},\"image\":{\"@id\":\"https:\/\/shop.diolosa.com\/pl\/product\/apollo\/#primaryimage\"},\"thumbnailUrl\":\"https:\/\/shop.diolosa.com\/wp-content\/uploads\/2019\/09\/Presslinge-140.jpg\",\"datePublished\":\"2025-03-08T14:08:37+00:00\",\"dateModified\":\"2025-05-31T06:23:42+00:00\",\"breadcrumb\":{\"@id\":\"https:\/\/shop.diolosa.com\/pl\/product\/apollo\/#breadcrumb\"},\"inLanguage\":\"pl-PL\",\"potentialAction\":[{\"@type\":\"ReadAction\",\"target\":[\"https:\/\/shop.diolosa.com\/pl\/product\/apollo\/\"]}]},{\"@type\":\"ImageObject\",\"inLanguage\":\"pl-PL\",\"@id\":\"https:\/\/shop.diolosa.com\/pl\/product\/apollo\/#primaryimage\",\"url\":\"https:\/\/shop.diolosa.com\/wp-content\/uploads\/2019\/09\/Presslinge-140.jpg\",\"contentUrl\":\"https:\/\/shop.diolosa.com\/wp-content\/uploads\/2019\/09\/Presslinge-140.jpg\",\"width\":800,\"height\":533},{\"@type\":\"BreadcrumbList\",\"@id\":\"https:\/\/shop.diolosa.com\/pl\/product\/apollo\/#breadcrumb\",\"itemListElement\":[{\"@type\":\"ListItem\",\"position\":1,\"name\":\"Startseite\",\"item\":\"https:\/\/shop.diolosa.com\/pl\/?page_id=3835710\"},{\"@type\":\"ListItem\",\"position\":2,\"name\":\"Sklep\",\"item\":\"https:\/\/shop.diolosa.com\/pl\/?page_id=3835710\"},{\"@type\":\"ListItem\",\"position\":3,\"name\":\"Apollo\"}]},{\"@type\":\"WebSite\",\"@id\":\"https:\/\/shop.diolosa.com\/pl\/#website\",\"url\":\"https:\/\/shop.diolosa.com\/pl\/\",\"name\":\"Claude Diolosa\",\"description\":\"\",\"publisher\":{\"@id\":\"https:\/\/shop.diolosa.com\/pl\/#organization\"},\"potentialAction\":[{\"@type\":\"SearchAction\",\"target\":{\"@type\":\"EntryPoint\",\"urlTemplate\":\"https:\/\/shop.diolosa.com\/pl\/?s={search_term_string}\"},\"query-input\":{\"@type\":\"PropertyValueSpecification\",\"valueRequired\":true,\"valueName\":\"search_term_string\"}}],\"inLanguage\":\"pl-PL\"},{\"@type\":\"Organization\",\"@id\":\"https:\/\/shop.diolosa.com\/pl\/#organization\",\"name\":\"Claude Diolosa\",\"url\":\"https:\/\/shop.diolosa.com\/pl\/\",\"logo\":{\"@type\":\"ImageObject\",\"inLanguage\":\"pl-PL\",\"@id\":\"https:\/\/shop.diolosa.com\/pl\/#\/schema\/logo\/image\/\",\"url\":\"https:\/\/shop.diolosa.com\/wp-content\/uploads\/2019\/08\/diolosa-drop-logo-new.png\",\"contentUrl\":\"https:\/\/shop.diolosa.com\/wp-content\/uploads\/2019\/08\/diolosa-drop-logo-new.png\",\"width\":134,\"height\":176,\"caption\":\"Claude Diolosa\"},\"image\":{\"@id\":\"https:\/\/shop.diolosa.com\/pl\/#\/schema\/logo\/image\/\"},\"sameAs\":[\"https:\/\/facebook.com\/claudediolosa\",\"https:\/\/www.instagram.com\/diolosaclaude108\/\"]}]}<\/script>\n<!-- \/ Yoast SEO plugin. -->","yoast_head_json":{"title":"Apollo - Claude Diolosa","robots":{"index":"index","follow":"follow","max-snippet":"max-snippet:-1","max-image-preview":"max-image-preview:large","max-video-preview":"max-video-preview:-1"},"canonical":"https:\/\/shop.diolosa.com\/pl\/product\/apollo\/","og_locale":"pl_PL","og_type":"article","og_title":"Apollo - Claude Diolosa","og_description":"APOLLON jest stosowany w szczeg\u00f3lno\u015bci w leczeniu b\u00f3lu nerw\u00f3w spowodowanego [...]","og_url":"https:\/\/shop.diolosa.com\/pl\/product\/apollo\/","og_site_name":"Claude Diolosa","article_publisher":"https:\/\/facebook.com\/claudediolosa","article_modified_time":"2025-05-31T06:23:42+00:00","og_image":[{"width":800,"height":533,"url":"https:\/\/shop.diolosa.com\/wp-content\/uploads\/2019\/09\/Presslinge-140.jpg","type":"image\/jpeg"}],"twitter_card":"summary_large_image","twitter_misc":{"Szacowany czas czytania":"1 minuta"},"schema":{"@context":"https:\/\/schema.org","@graph":[{"@type":"WebPage","@id":"https:\/\/shop.diolosa.com\/pl\/product\/apollo\/","url":"https:\/\/shop.diolosa.com\/pl\/product\/apollo\/","name":"Apollo - Claude Diolosa","isPartOf":{"@id":"https:\/\/shop.diolosa.com\/pl\/#website"},"primaryImageOfPage":{"@id":"https:\/\/shop.diolosa.com\/pl\/product\/apollo\/#primaryimage"},"image":{"@id":"https:\/\/shop.diolosa.com\/pl\/product\/apollo\/#primaryimage"},"thumbnailUrl":"https:\/\/shop.diolosa.com\/wp-content\/uploads\/2019\/09\/Presslinge-140.jpg","datePublished":"2025-03-08T14:08:37+00:00","dateModified":"2025-05-31T06:23:42+00:00","breadcrumb":{"@id":"https:\/\/shop.diolosa.com\/pl\/product\/apollo\/#breadcrumb"},"inLanguage":"pl-PL","potentialAction":[{"@type":"ReadAction","target":["https:\/\/shop.diolosa.com\/pl\/product\/apollo\/"]}]},{"@type":"ImageObject","inLanguage":"pl-PL","@id":"https:\/\/shop.diolosa.com\/pl\/product\/apollo\/#primaryimage","url":"https:\/\/shop.diolosa.com\/wp-content\/uploads\/2019\/09\/Presslinge-140.jpg","contentUrl":"https:\/\/shop.diolosa.com\/wp-content\/uploads\/2019\/09\/Presslinge-140.jpg","width":800,"height":533},{"@type":"BreadcrumbList","@id":"https:\/\/shop.diolosa.com\/pl\/product\/apollo\/#breadcrumb","itemListElement":[{"@type":"ListItem","position":1,"name":"Startseite","item":"https:\/\/shop.diolosa.com\/pl\/?page_id=3835710"},{"@type":"ListItem","position":2,"name":"Sklep","item":"https:\/\/shop.diolosa.com\/pl\/?page_id=3835710"},{"@type":"ListItem","position":3,"name":"Apollo"}]},{"@type":"WebSite","@id":"https:\/\/shop.diolosa.com\/pl\/#website","url":"https:\/\/shop.diolosa.com\/pl\/","name":"Claude Diolosa","description":"","publisher":{"@id":"https:\/\/shop.diolosa.com\/pl\/#organization"},"potentialAction":[{"@type":"SearchAction","target":{"@type":"EntryPoint","urlTemplate":"https:\/\/shop.diolosa.com\/pl\/?s={search_term_string}"},"query-input":{"@type":"PropertyValueSpecification","valueRequired":true,"valueName":"search_term_string"}}],"inLanguage":"pl-PL"},{"@type":"Organization","@id":"https:\/\/shop.diolosa.com\/pl\/#organization","name":"Claude Diolosa","url":"https:\/\/shop.diolosa.com\/pl\/","logo":{"@type":"ImageObject","inLanguage":"pl-PL","@id":"https:\/\/shop.diolosa.com\/pl\/#\/schema\/logo\/image\/","url":"https:\/\/shop.diolosa.com\/wp-content\/uploads\/2019\/08\/diolosa-drop-logo-new.png","contentUrl":"https:\/\/shop.diolosa.com\/wp-content\/uploads\/2019\/08\/diolosa-drop-logo-new.png","width":134,"height":176,"caption":"Claude Diolosa"},"image":{"@id":"https:\/\/shop.diolosa.com\/pl\/#\/schema\/logo\/image\/"},"sameAs":["https:\/\/facebook.com\/claudediolosa","https:\/\/www.instagram.com\/diolosaclaude108\/"]}]}},"_links":{"self":[{"href":"https:\/\/shop.diolosa.com\/pl\/wp-json\/wp\/v2\/product\/3836076","targetHints":{"allow":["GET"]}}],"collection":[{"href":"https:\/\/shop.diolosa.com\/pl\/wp-json\/wp\/v2\/product"}],"about":[{"href":"https:\/\/shop.diolosa.com\/pl\/wp-json\/wp\/v2\/types\/product"}],"wp:featuredmedia":[{"embeddable":true,"href":"https:\/\/shop.diolosa.com\/pl\/wp-json\/wp\/v2\/media\/3835943"}],"wp:attachment":[{"href":"https:\/\/shop.diolosa.com\/pl\/wp-json\/wp\/v2\/media?parent=3836076"}],"wp:term":[{"taxonomy":"product_brand","embeddable":true,"href":"https:\/\/shop.diolosa.com\/pl\/wp-json\/wp\/v2\/product_brand?post=3836076"},{"taxonomy":"product_cat","embeddable":true,"href":"https:\/\/shop.diolosa.com\/pl\/wp-json\/wp\/v2\/product_cat?post=3836076"},{"taxonomy":"product_tag","embeddable":true,"href":"https:\/\/shop.diolosa.com\/pl\/wp-json\/wp\/v2\/product_tag?post=3836076"}],"curies":[{"name":"wp","href":"https:\/\/api.w.org\/{rel}","templated":true}]}}