{"id":3836091,"date":"2019-09-04T12:12:17","date_gmt":"2025-03-08T14:08:42","guid":{"rendered":"https:\/\/shop.diolosa.com\/product\/znajdowanie-prawdy\/"},"modified":"2025-05-06T15:20:13","modified_gmt":"2025-05-06T14:20:13","slug":"znajdowanie-prawdy","status":"publish","type":"product","link":"https:\/\/shop.diolosa.com\/pl\/product\/znajdowanie-prawdy\/","title":{"rendered":"Znajdowanie prawdy"},"content":{"rendered":"<p>FINDING THE TRUTH jest stosowany w leczeniu choroby Le\u015bniowskiego-Crohna. Preparat ten ma bardzo g\u0142\u0119boki wp\u0142yw na YI i SHEN. FINDING THE TRUTH usuwa zast\u00f3j Qi, oczyszcza subtelne kana\u0142y serca, usuwa ciep\u0142o i toksyny z jelita cienkiego poprzez diurez\u0119 (Tai Yang), usuwa ciep\u0142o krwi, porusza krew, stymuluje wch\u0142anianie pokarmu, wspomaga produkcj\u0119 poporodowego JING oraz kontroluje nadkwasot\u0119 i wrzody.<\/p>\n","protected":false},"excerpt":{"rendered":"<p>FINDING THE TRUTH jest stosowany w leczeniu choroby Le\u015bniowskiego-Crohna. Preparat  [&#8230;]<\/p>\n","protected":false},"featured_media":3835943,"template":"","meta":{"_acf_changed":false},"product_brand":[],"product_cat":[11867],"product_tag":[11906],"class_list":{"0":"post-3836091","1":"product","2":"type-product","3":"status-publish","4":"has-post-thumbnail","6":"product_cat-gastroenterologia","7":"product_tag-choroba-lesniowskiego-crohna","9":"first","10":"instock","11":"taxable","12":"shipping-taxable","13":"purchasable","14":"product-type-simple"},"acf":{"yn_product_audio":"https:\/\/shop.diolosa.com\/wp-content\/uploads\/2018\/12\/DL_0767.mp3","yn_product_video":"https:\/\/shop.diolosa.com\/wp-content\/uploads\/2024\/10\/Finding-the-Truth.mp4","yn_product_akupunktur":"<p>Resolving Qi Congestion<br \/>\nworeczek \u017c\u00f3\u0142ciowy 34 &#8211; yang ling quan (he, xia he xue, gui) &#8211; xie fa<br \/>\n\u017co\u0142\u0105dek 36 &#8211; zu san li (shu, xia he xue &#8211; \u017co\u0142\u0105dek, si hai xue, si zhong xue) &#8211; xie fa<br \/>\nren mai 12 &#8211; zhong wan (mo> \u017co\u0142\u0105dek, ba hui xue, san chiao, \u017co\u0142\u0105dek)\u017co\u0142\u0105dek, ba hui xue, jelito cienkie, san chiao, \u017co\u0142\u0105dek) &#8211; xie fa<br \/>\nw\u0105troba 13 &#8211; zhang men (mo \u015bledziona, ba hui xue, w\u0105troba i woreczek \u017c\u00f3\u0142ciowy) &#8211; xie fa<br \/>\nkr\u0105\u017cenie 6 &#8211; nei guan (luo, yin wei mai) &#8211; xie fa  <\/p>\n<p>Shen oczyszcza i \u0142agodzi<br \/>\n\u017co\u0142\u0105dek 6 &#8211; jia che &#8211; gui chuan (gui) &#8211; xie fa<br \/>\np\u0119cherz 49 &#8211; yi she (yi) &#8211; xie fa<br \/>\ndu mai 20 &#8211; bai hui &#8211; bai lao (jezioro szpiku kostnego, p\u0119cherz) &#8211; xie fa<br \/>\njelito cienkie 7 &#8211; zhi zheng (luo) &#8211; xie fa<br \/>\njelito cienkie 6 &#8211; yang lao (xi) &#8211; xie fa  <\/p>\n<p>Ciep\u0142o jelita cienkiego i wilgotne ciep\u0142o<br \/>\njelito cienkie 2 &#8211; qian gu (ying) &#8211; xie fa<br \/>\np\u0119cherz 27 &#8211; xiao chang shu &#8211; xie fa<br \/>\nren mai 3 &#8211; zhong ji (mo> p\u0119cherz, w\u0105troba, nerki, \u015bledziona) &#8211; xie fa<br \/>\n\u017co\u0142\u0105dek 39 &#8211; xia ju xu (xia he xue &#8211; jelito cienkie, jezioro krwi, chong mai) &#8211; xie fa<\/p>\n<p>B\u00f3l brzucha<br \/>\n\u017co\u0142\u0105dek 25 &#8211; tian shu (mo &#8211; jelito grube) &#8211; xie fa<br \/>\n\u015bledziona 15 &#8211; da heng (yin wei mai) &#8211; xie fa<\/p>\n<p>Punkty b\u00f3lu<br \/>\n\u017co\u0142\u0105dek 24 &#8211; huo rou men &#8211; xie fa<br \/>\n\u017co\u0142\u0105dek 23 &#8211; tai yi &#8211; xie fa<br \/>\n\u017co\u0142\u0105dek 22 &#8211; guan men &#8211; xie fa<br \/>\n\u017co\u0142\u0105dek 21 &#8211; liang men &#8211; xie fa<br \/>\n\u017co\u0142\u0105dek 20 &#8211; cheng man &#8211; xie fa<\/p>\n","yn_product_verabreichungsart":"Pelety 140szt.","yn_product_dosierung":"<p>3 x 6 do 10 tabletek dziennie, zawsze przed posi\u0142kami<\/p>\n","yn_product_combinations":"<p>CALM RELIEF (zapalenie b\u0142ony \u015bluzowej \u017co\u0142\u0105dka), BURNOUT RELIEF (zesp\u00f3\u0142 wypalenia zawodowego), CONFIDENCE (wrzody \u017co\u0142\u0105dka), PEACEFUL NIGHTS (bezsenno\u015b\u0107), SIX FLOWERS (przekrwienie qi i krwi), NO WORRY (stres), HAPPY DAYS (\u0142agodna depresja).<\/p>\n","yn_product_avoidable":"<p>Aromatyczne, gor\u0105ce i ostre przyprawy, alkohol, palenie tytoniu, kawa, czarna herbata, zielona herbata, czosnek, cebula, por, szczypiorek, koperek, pieprz, chili, tabasco, owoce cytrusowe, ocet.<\/p>\n","yn_product_tcm_mindmapping":"<p>Yi Plus > Zast\u00f3j Qi i krwi w jelicie cienkim > Wilgotne ciep\u0142o lub ogie\u0144 w jelicie cienkim > Wyczerpanie Yin > Puste ciep\u0142o<\/p>\n","yn_product_tongue_body":"<p>Ostra: Szeroka, czerwona<br \/>\nPrzewlek\u0142a: Cienka, w\u0105ska, p\u0119kni\u0119ta w \u015brodku<\/p>\n","yn_product_tongue_coating":"<p>\u017b\u00f3\u0142tawy, t\u0142usty, lepki<\/p>\n","yn_product_pulse_diagnostics":"<p>Ostry: hua mai &#8211; szybuj\u0105cy, shi mai &#8211; pe\u0142ny, shuo mai &#8211; szybki<br \/>\nPrzewlek\u0142y: xi mai &#8211; cienki, xian mai &#8211; napi\u0119ty, se mai &#8211; szorstki<\/p>\n","yn_product_indications":"<p>B\u00f3l brzucha i biegunka, b\u00f3l w prawej dolnej cz\u0119\u015bci brzucha oraz po jedzeniu lub przed oddaniem stolca, krwawa biegunka, gor\u0105czka, utrata masy cia\u0142a, utrata apetytu, nudno\u015bci i wymioty Op\u00f3\u017anienie wzrostu, przetoki lub ropnie w odbycie.<\/p>\n","yn_product_contra_indications":"<p>Wilgotno\u015b\u0107 \u017co\u0142\u0105dka, jelita cienkiego i grubego oraz flegma, niedob\u00f3r yang<\/p>\n","yn_product_pregnancy":"<p>Dozwolone<\/p>\n","yn_product_herbs":"<p>puerariae lobatae radix &#8211; ge ge, lonicerae japonicae flos &#8211; jin yin hua, aucklandiae radix &#8211; mu xiang, patriniae cum radice herba &#8211; bai jiang cao, forsythiae suspensae fructus &#8211; lian qiao, salviae radix &#8211; dan shen, paeoniae rubrae radix &#8211; chi shao yao, glycyrrhizae uralensis radix &#8211; gan cao, menthae haplocalycis herba &#8211; bo he<\/p>\n","yn_product_magisterrecipes":"<p>Si Ni San, Qing Wei San, Ge Gen Huang Qin Huang Lian Tang, Bao He Wan<\/p>\n"},"yoast_head":"<!-- This site is optimized with the Yoast SEO plugin v24.9 - https:\/\/yoast.com\/wordpress\/plugins\/seo\/ -->\n<title>Znajdowanie prawdy - Claude Diolosa<\/title>\n<meta name=\"robots\" content=\"index, follow, max-snippet:-1, max-image-preview:large, max-video-preview:-1\" \/>\n<link rel=\"canonical\" href=\"https:\/\/shop.diolosa.com\/pl\/product\/znajdowanie-prawdy\/\" \/>\n<meta property=\"og:locale\" content=\"pl_PL\" \/>\n<meta property=\"og:type\" content=\"article\" \/>\n<meta property=\"og:title\" content=\"Znajdowanie prawdy - Claude Diolosa\" \/>\n<meta property=\"og:description\" content=\"FINDING THE TRUTH jest stosowany w leczeniu choroby Le\u015bniowskiego-Crohna. Preparat [...]\" \/>\n<meta property=\"og:url\" content=\"https:\/\/shop.diolosa.com\/pl\/product\/znajdowanie-prawdy\/\" \/>\n<meta property=\"og:site_name\" content=\"Claude Diolosa\" \/>\n<meta property=\"article:publisher\" content=\"https:\/\/facebook.com\/claudediolosa\" \/>\n<meta property=\"article:modified_time\" content=\"2025-05-06T14:20:13+00:00\" \/>\n<meta property=\"og:image\" content=\"https:\/\/shop.diolosa.com\/wp-content\/uploads\/2019\/09\/Presslinge-140.jpg\" \/>\n\t<meta property=\"og:image:width\" content=\"800\" \/>\n\t<meta property=\"og:image:height\" content=\"533\" \/>\n\t<meta property=\"og:image:type\" content=\"image\/jpeg\" \/>\n<meta name=\"twitter:card\" content=\"summary_large_image\" \/>\n<script type=\"application\/ld+json\" class=\"yoast-schema-graph\">{\"@context\":\"https:\/\/schema.org\",\"@graph\":[{\"@type\":\"WebPage\",\"@id\":\"https:\/\/shop.diolosa.com\/pl\/product\/znajdowanie-prawdy\/\",\"url\":\"https:\/\/shop.diolosa.com\/pl\/product\/znajdowanie-prawdy\/\",\"name\":\"Znajdowanie prawdy - Claude Diolosa\",\"isPartOf\":{\"@id\":\"https:\/\/shop.diolosa.com\/pl\/#website\"},\"primaryImageOfPage\":{\"@id\":\"https:\/\/shop.diolosa.com\/pl\/product\/znajdowanie-prawdy\/#primaryimage\"},\"image\":{\"@id\":\"https:\/\/shop.diolosa.com\/pl\/product\/znajdowanie-prawdy\/#primaryimage\"},\"thumbnailUrl\":\"https:\/\/shop.diolosa.com\/wp-content\/uploads\/2019\/09\/Presslinge-140.jpg\",\"datePublished\":\"2025-03-08T14:08:42+00:00\",\"dateModified\":\"2025-05-06T14:20:13+00:00\",\"breadcrumb\":{\"@id\":\"https:\/\/shop.diolosa.com\/pl\/product\/znajdowanie-prawdy\/#breadcrumb\"},\"inLanguage\":\"pl-PL\",\"potentialAction\":[{\"@type\":\"ReadAction\",\"target\":[\"https:\/\/shop.diolosa.com\/pl\/product\/znajdowanie-prawdy\/\"]}]},{\"@type\":\"ImageObject\",\"inLanguage\":\"pl-PL\",\"@id\":\"https:\/\/shop.diolosa.com\/pl\/product\/znajdowanie-prawdy\/#primaryimage\",\"url\":\"https:\/\/shop.diolosa.com\/wp-content\/uploads\/2019\/09\/Presslinge-140.jpg\",\"contentUrl\":\"https:\/\/shop.diolosa.com\/wp-content\/uploads\/2019\/09\/Presslinge-140.jpg\",\"width\":800,\"height\":533},{\"@type\":\"BreadcrumbList\",\"@id\":\"https:\/\/shop.diolosa.com\/pl\/product\/znajdowanie-prawdy\/#breadcrumb\",\"itemListElement\":[{\"@type\":\"ListItem\",\"position\":1,\"name\":\"Startseite\",\"item\":\"https:\/\/shop.diolosa.com\/pl\/?page_id=3835710\"},{\"@type\":\"ListItem\",\"position\":2,\"name\":\"Sklep\",\"item\":\"https:\/\/shop.diolosa.com\/pl\/?page_id=3835710\"},{\"@type\":\"ListItem\",\"position\":3,\"name\":\"Znajdowanie prawdy\"}]},{\"@type\":\"WebSite\",\"@id\":\"https:\/\/shop.diolosa.com\/pl\/#website\",\"url\":\"https:\/\/shop.diolosa.com\/pl\/\",\"name\":\"Claude Diolosa\",\"description\":\"\",\"publisher\":{\"@id\":\"https:\/\/shop.diolosa.com\/pl\/#organization\"},\"potentialAction\":[{\"@type\":\"SearchAction\",\"target\":{\"@type\":\"EntryPoint\",\"urlTemplate\":\"https:\/\/shop.diolosa.com\/pl\/?s={search_term_string}\"},\"query-input\":{\"@type\":\"PropertyValueSpecification\",\"valueRequired\":true,\"valueName\":\"search_term_string\"}}],\"inLanguage\":\"pl-PL\"},{\"@type\":\"Organization\",\"@id\":\"https:\/\/shop.diolosa.com\/pl\/#organization\",\"name\":\"Claude Diolosa\",\"url\":\"https:\/\/shop.diolosa.com\/pl\/\",\"logo\":{\"@type\":\"ImageObject\",\"inLanguage\":\"pl-PL\",\"@id\":\"https:\/\/shop.diolosa.com\/pl\/#\/schema\/logo\/image\/\",\"url\":\"https:\/\/shop.diolosa.com\/wp-content\/uploads\/2019\/08\/diolosa-drop-logo-new.png\",\"contentUrl\":\"https:\/\/shop.diolosa.com\/wp-content\/uploads\/2019\/08\/diolosa-drop-logo-new.png\",\"width\":134,\"height\":176,\"caption\":\"Claude Diolosa\"},\"image\":{\"@id\":\"https:\/\/shop.diolosa.com\/pl\/#\/schema\/logo\/image\/\"},\"sameAs\":[\"https:\/\/facebook.com\/claudediolosa\",\"https:\/\/www.instagram.com\/diolosaclaude108\/\"]}]}<\/script>\n<!-- \/ Yoast SEO plugin. -->","yoast_head_json":{"title":"Znajdowanie prawdy - Claude Diolosa","robots":{"index":"index","follow":"follow","max-snippet":"max-snippet:-1","max-image-preview":"max-image-preview:large","max-video-preview":"max-video-preview:-1"},"canonical":"https:\/\/shop.diolosa.com\/pl\/product\/znajdowanie-prawdy\/","og_locale":"pl_PL","og_type":"article","og_title":"Znajdowanie prawdy - Claude Diolosa","og_description":"FINDING THE TRUTH jest stosowany w leczeniu choroby Le\u015bniowskiego-Crohna. Preparat [...]","og_url":"https:\/\/shop.diolosa.com\/pl\/product\/znajdowanie-prawdy\/","og_site_name":"Claude Diolosa","article_publisher":"https:\/\/facebook.com\/claudediolosa","article_modified_time":"2025-05-06T14:20:13+00:00","og_image":[{"width":800,"height":533,"url":"https:\/\/shop.diolosa.com\/wp-content\/uploads\/2019\/09\/Presslinge-140.jpg","type":"image\/jpeg"}],"twitter_card":"summary_large_image","schema":{"@context":"https:\/\/schema.org","@graph":[{"@type":"WebPage","@id":"https:\/\/shop.diolosa.com\/pl\/product\/znajdowanie-prawdy\/","url":"https:\/\/shop.diolosa.com\/pl\/product\/znajdowanie-prawdy\/","name":"Znajdowanie prawdy - Claude Diolosa","isPartOf":{"@id":"https:\/\/shop.diolosa.com\/pl\/#website"},"primaryImageOfPage":{"@id":"https:\/\/shop.diolosa.com\/pl\/product\/znajdowanie-prawdy\/#primaryimage"},"image":{"@id":"https:\/\/shop.diolosa.com\/pl\/product\/znajdowanie-prawdy\/#primaryimage"},"thumbnailUrl":"https:\/\/shop.diolosa.com\/wp-content\/uploads\/2019\/09\/Presslinge-140.jpg","datePublished":"2025-03-08T14:08:42+00:00","dateModified":"2025-05-06T14:20:13+00:00","breadcrumb":{"@id":"https:\/\/shop.diolosa.com\/pl\/product\/znajdowanie-prawdy\/#breadcrumb"},"inLanguage":"pl-PL","potentialAction":[{"@type":"ReadAction","target":["https:\/\/shop.diolosa.com\/pl\/product\/znajdowanie-prawdy\/"]}]},{"@type":"ImageObject","inLanguage":"pl-PL","@id":"https:\/\/shop.diolosa.com\/pl\/product\/znajdowanie-prawdy\/#primaryimage","url":"https:\/\/shop.diolosa.com\/wp-content\/uploads\/2019\/09\/Presslinge-140.jpg","contentUrl":"https:\/\/shop.diolosa.com\/wp-content\/uploads\/2019\/09\/Presslinge-140.jpg","width":800,"height":533},{"@type":"BreadcrumbList","@id":"https:\/\/shop.diolosa.com\/pl\/product\/znajdowanie-prawdy\/#breadcrumb","itemListElement":[{"@type":"ListItem","position":1,"name":"Startseite","item":"https:\/\/shop.diolosa.com\/pl\/?page_id=3835710"},{"@type":"ListItem","position":2,"name":"Sklep","item":"https:\/\/shop.diolosa.com\/pl\/?page_id=3835710"},{"@type":"ListItem","position":3,"name":"Znajdowanie prawdy"}]},{"@type":"WebSite","@id":"https:\/\/shop.diolosa.com\/pl\/#website","url":"https:\/\/shop.diolosa.com\/pl\/","name":"Claude Diolosa","description":"","publisher":{"@id":"https:\/\/shop.diolosa.com\/pl\/#organization"},"potentialAction":[{"@type":"SearchAction","target":{"@type":"EntryPoint","urlTemplate":"https:\/\/shop.diolosa.com\/pl\/?s={search_term_string}"},"query-input":{"@type":"PropertyValueSpecification","valueRequired":true,"valueName":"search_term_string"}}],"inLanguage":"pl-PL"},{"@type":"Organization","@id":"https:\/\/shop.diolosa.com\/pl\/#organization","name":"Claude Diolosa","url":"https:\/\/shop.diolosa.com\/pl\/","logo":{"@type":"ImageObject","inLanguage":"pl-PL","@id":"https:\/\/shop.diolosa.com\/pl\/#\/schema\/logo\/image\/","url":"https:\/\/shop.diolosa.com\/wp-content\/uploads\/2019\/08\/diolosa-drop-logo-new.png","contentUrl":"https:\/\/shop.diolosa.com\/wp-content\/uploads\/2019\/08\/diolosa-drop-logo-new.png","width":134,"height":176,"caption":"Claude Diolosa"},"image":{"@id":"https:\/\/shop.diolosa.com\/pl\/#\/schema\/logo\/image\/"},"sameAs":["https:\/\/facebook.com\/claudediolosa","https:\/\/www.instagram.com\/diolosaclaude108\/"]}]}},"_links":{"self":[{"href":"https:\/\/shop.diolosa.com\/pl\/wp-json\/wp\/v2\/product\/3836091","targetHints":{"allow":["GET"]}}],"collection":[{"href":"https:\/\/shop.diolosa.com\/pl\/wp-json\/wp\/v2\/product"}],"about":[{"href":"https:\/\/shop.diolosa.com\/pl\/wp-json\/wp\/v2\/types\/product"}],"wp:featuredmedia":[{"embeddable":true,"href":"https:\/\/shop.diolosa.com\/pl\/wp-json\/wp\/v2\/media\/3835943"}],"wp:attachment":[{"href":"https:\/\/shop.diolosa.com\/pl\/wp-json\/wp\/v2\/media?parent=3836091"}],"wp:term":[{"taxonomy":"product_brand","embeddable":true,"href":"https:\/\/shop.diolosa.com\/pl\/wp-json\/wp\/v2\/product_brand?post=3836091"},{"taxonomy":"product_cat","embeddable":true,"href":"https:\/\/shop.diolosa.com\/pl\/wp-json\/wp\/v2\/product_cat?post=3836091"},{"taxonomy":"product_tag","embeddable":true,"href":"https:\/\/shop.diolosa.com\/pl\/wp-json\/wp\/v2\/product_tag?post=3836091"}],"curies":[{"name":"wp","href":"https:\/\/api.w.org\/{rel}","templated":true}]}}