{"id":3836092,"date":"2019-09-04T12:12:17","date_gmt":"2025-03-08T14:08:43","guid":{"rendered":"https:\/\/shop.diolosa.com\/product\/demeter\/"},"modified":"2025-05-06T15:20:13","modified_gmt":"2025-05-06T14:20:13","slug":"demeter","status":"publish","type":"product","link":"https:\/\/shop.diolosa.com\/pl\/product\/demeter\/","title":{"rendered":"Demeter"},"content":{"rendered":"<p>DEMETER jest stosowany w leczeniu dolegliwo\u015bci \u0142\u0105kotki i uszkodze\u0144 chrz\u0105stki. Ten zio\u0142owy preparat rozprasza wiatr, wilgo\u0107 i zimno w dolnej cz\u0119\u015bci stawu kolanowego, rozpuszcza przekrwienie, \u0142agodzi b\u00f3l, regeneruje \u0142\u0105kotk\u0119 i chrz\u0105stk\u0119 oraz wzmacnia kolana.<\/p>\n","protected":false},"excerpt":{"rendered":"<p>DEMETER jest stosowany w leczeniu dolegliwo\u015bci \u0142\u0105kotki i uszkodze\u0144 chrz\u0105stki.  [&#8230;]<\/p>\n","protected":false},"featured_media":3835943,"template":"","meta":{"_acf_changed":false},"product_brand":[],"product_cat":[11784],"product_tag":[11907],"class_list":{"0":"post-3836092","1":"product","2":"type-product","3":"status-publish","4":"has-post-thumbnail","6":"product_cat-medycyna-sportowa","7":"product_tag-naderwanie-lakotki","9":"first","10":"instock","11":"taxable","12":"shipping-taxable","13":"purchasable","14":"product-type-simple"},"acf":{"yn_product_audio":"https:\/\/shop.diolosa.com\/wp-content\/uploads\/2018\/12\/DL_0983.mp3","yn_product_akupunktur":"<p>Ostre: ig\u0142owanie miejscowe, uspokojenie lub z u\u017cyciem moksy<br \/>\nxi yuan &#8211; MN-LE-16 (kolano)<br \/>\n\u017co\u0142\u0105dek 35 &#8211; you bi &#8211; xie fa<br \/>\n\u017co\u0142\u0105dek 34 &#8211; liang qiu (xi) &#8211; xie fa<br \/>\np\u0119cherzyk \u017c\u00f3\u0142ciowy 34 &#8211; yang ling quan (he, xia he xue, gui) &#8211; xie fa<br \/>\nnei xi yan &#8211; dodatkowe punkty kolanowe<br \/>\n\u015bledziona 10 &#8211; xue hai (jezioro krwi) &#8211; xie fa<br \/>\n\u015bledziona 9 &#8211; yin ling quan (he) &#8211; xie fa<br \/>\n\u015bledziona 8 &#8211; di ji (xi) &#8211; xie fa<br \/>\n\u017co\u0142\u0105dek 36 &#8211; to san li (shu, xia he xue &#8211; \u017co\u0142\u0105dek, si hai xue, si zhong xue) &#8211; xie fa<br \/>\nbubble 40 &#8211; wei zhong (he, xia he xue &#8211; ba\u0144ka, xi krwi, jing bie ni\/bl) &#8211; xie fa  <\/p>\n<p>Tonizowanie nerek<br \/>\nnerka 3 &#8211; tai xi (shu,yuan) &#8211; bu fa<br \/>\np\u0119cherz 23 &#8211; shen shu &#8211; moxa<\/p>\n","yn_product_verabreichungsart":"Pelety 140szt.","yn_product_dosierung":"<p>3 x 6 do 10 tabletek dziennie, zawsze przed posi\u0142kami<\/p>\n","yn_product_combinations":"<p>Stosowa\u0107 zewn\u0119trznie: FREE FLOW OIL, SPRAY, GEL i wewn\u0119trznie: FREE FLOW TABLETS (otwiera naczynia Luo, rozpuszcza zastoje Qi i Krwi oraz \u0142agodzi b\u00f3l), YANG ROOT, WARMING THE ROOT, RINCHEN TEA (niedob\u00f3r Yang w nerkach), IRON DROPS (niedob\u00f3r Krwi).<\/p>\n","yn_product_avoidable":"<p>Ch\u0142odzenie Yang Ming zimnym mlekiem i napojami ch\u0142odz\u0105cymi powoduje kontuzje ko\u0144czyn, a zw\u0142aszcza kolan (\u0142\u0105kotek, wi\u0119zade\u0142 i rzepki). Spo\u017cywanie zbyt du\u017cej ilo\u015bci produkt\u00f3w mlecznych (mleko, kefir, jogurt, jogurt owocowy z cukrem, twar\u00f3g) zmi\u0119kcza \u015bci\u0119gna i mi\u0119\u015bnie oraz znacznie zwi\u0119ksza ryzyko kontuzji. Nale\u017cy r\u00f3wnie\u017c pami\u0119ta\u0107, \u017ce produkty mleczne sprzyjaj\u0105 wilgotno\u015bci i odk\u0142adaniu si\u0119 \u015bluzu w stawach i \u015bci\u0119gnach oraz spowalniaj\u0105 kr\u0105\u017cenie Qi i krwi. Preparaty z witamin\u0105 C s\u0105 kwa\u015bne i bardzo zimne termicznie. Spo\u017cywana w nadmiarze, w postaci sok\u00f3w owocowych lub tabletek, zimna witamina C przenika do obwodu funkcjonalnego w\u0105troby i p\u0119cherzyka \u017c\u00f3\u0142ciowego i prowadzi do niedostatecznego dop\u0142ywu krwi do \u015bci\u0119gien i mi\u0119\u015bni. Chocia\u017c witamina C nie wytwarza wilgoci, spowalnia kr\u0105\u017cenie Qi i krwi.     <\/p>\n","yn_product_tcm_mindmapping":"<p>Niedob\u00f3r Qi \u015bledziony > Wilgo\u0107 Yang Ming > Zast\u00f3j krwi w kolanach i penetracja Feng Shi PE lub p\u00f3\u017ane skutki urazu i operacji > Zast\u00f3j krwi i Qi oraz penetracja wilgoci wiatru<\/p>\n","yn_product_tongue_body":"<p>Blady, szeroki, wilgotny ze \u015bladami z\u0119b\u00f3w<\/p>\n","yn_product_tongue_coating":"<p>Bia\u0142y i wilgotny<\/p>\n","yn_product_pulse_diagnostics":"<p>Pozycja \u017co\u0142\u0105dka: da mai &#8211; szeroki, chi mai &#8211; powolny, shi mai &#8211; pe\u0142ny, se mai &#8211; szorstki<br \/>\nPozycja \u015bledziony: chen mai &#8211; g\u0142\u0119boki, duan mai &#8211; kr\u00f3tki, xi mai &#8211; cienki, xu mai &#8211; pusty, chi mai &#8211; powolny<\/p>\n","yn_product_indications":"<p>Dolegliwo\u015bci zwi\u0105zane z \u0142\u0105kotk\u0105, p\u00f3\u017ane skutki wypadku sportowego, p\u00f3\u017ane skutki operacji kolana, uszkodzenie chrz\u0105stki<\/p>\n","yn_product_contra_indications":"<p>Niedob\u00f3r Yin z pustym ciep\u0142em, ciep\u0142em krwi<\/p>\n","yn_product_pregnancy":"<p>Przeciwwskazane<\/p>\n","yn_product_herbs":"<p>coicis semen &#8211; yi yi ren, spatholobi seu milletiae caulis &#8211; ji xue teng, angelicae sinensis par caudensis radix &#8211; dang gui wei, drynariae rhizoma &#8211; gu sui bu, olibanum resina &#8211; ru xiang, myrrhae gummi &#8211; mo yao, glycyrrhizae uralensis radix &#8211; gan cao, bingpian &#8211; borneolum (dryobalanops aromitaca)<\/p>\n","yn_product_magisterrecipes":"<p>Da Wan<\/p>\n","yn_product_video":"https:\/\/shop.diolosa.com\/wp-content\/uploads\/2026\/03\/Demeter.mp4"},"yoast_head":"<!-- This site is optimized with the Yoast SEO plugin v24.9 - https:\/\/yoast.com\/wordpress\/plugins\/seo\/ -->\n<title>Demeter - Claude Diolosa<\/title>\n<meta name=\"robots\" content=\"index, follow, max-snippet:-1, max-image-preview:large, max-video-preview:-1\" \/>\n<link rel=\"canonical\" href=\"https:\/\/shop.diolosa.com\/pl\/product\/demeter\/\" \/>\n<meta property=\"og:locale\" content=\"pl_PL\" \/>\n<meta property=\"og:type\" content=\"article\" \/>\n<meta property=\"og:title\" content=\"Demeter - Claude Diolosa\" \/>\n<meta property=\"og:description\" content=\"DEMETER jest stosowany w leczeniu dolegliwo\u015bci \u0142\u0105kotki i uszkodze\u0144 chrz\u0105stki. [...]\" \/>\n<meta property=\"og:url\" content=\"https:\/\/shop.diolosa.com\/pl\/product\/demeter\/\" \/>\n<meta property=\"og:site_name\" content=\"Claude Diolosa\" \/>\n<meta property=\"article:publisher\" content=\"https:\/\/facebook.com\/claudediolosa\" \/>\n<meta property=\"article:modified_time\" content=\"2025-05-06T14:20:13+00:00\" \/>\n<meta property=\"og:image\" content=\"https:\/\/shop.diolosa.com\/wp-content\/uploads\/2019\/09\/Presslinge-140.jpg\" \/>\n\t<meta property=\"og:image:width\" content=\"800\" \/>\n\t<meta property=\"og:image:height\" content=\"533\" \/>\n\t<meta property=\"og:image:type\" content=\"image\/jpeg\" \/>\n<meta name=\"twitter:card\" content=\"summary_large_image\" \/>\n<script type=\"application\/ld+json\" class=\"yoast-schema-graph\">{\"@context\":\"https:\/\/schema.org\",\"@graph\":[{\"@type\":\"WebPage\",\"@id\":\"https:\/\/shop.diolosa.com\/pl\/product\/demeter\/\",\"url\":\"https:\/\/shop.diolosa.com\/pl\/product\/demeter\/\",\"name\":\"Demeter - Claude Diolosa\",\"isPartOf\":{\"@id\":\"https:\/\/shop.diolosa.com\/pl\/#website\"},\"primaryImageOfPage\":{\"@id\":\"https:\/\/shop.diolosa.com\/pl\/product\/demeter\/#primaryimage\"},\"image\":{\"@id\":\"https:\/\/shop.diolosa.com\/pl\/product\/demeter\/#primaryimage\"},\"thumbnailUrl\":\"https:\/\/shop.diolosa.com\/wp-content\/uploads\/2019\/09\/Presslinge-140.jpg\",\"datePublished\":\"2025-03-08T14:08:43+00:00\",\"dateModified\":\"2025-05-06T14:20:13+00:00\",\"breadcrumb\":{\"@id\":\"https:\/\/shop.diolosa.com\/pl\/product\/demeter\/#breadcrumb\"},\"inLanguage\":\"pl-PL\",\"potentialAction\":[{\"@type\":\"ReadAction\",\"target\":[\"https:\/\/shop.diolosa.com\/pl\/product\/demeter\/\"]}]},{\"@type\":\"ImageObject\",\"inLanguage\":\"pl-PL\",\"@id\":\"https:\/\/shop.diolosa.com\/pl\/product\/demeter\/#primaryimage\",\"url\":\"https:\/\/shop.diolosa.com\/wp-content\/uploads\/2019\/09\/Presslinge-140.jpg\",\"contentUrl\":\"https:\/\/shop.diolosa.com\/wp-content\/uploads\/2019\/09\/Presslinge-140.jpg\",\"width\":800,\"height\":533},{\"@type\":\"BreadcrumbList\",\"@id\":\"https:\/\/shop.diolosa.com\/pl\/product\/demeter\/#breadcrumb\",\"itemListElement\":[{\"@type\":\"ListItem\",\"position\":1,\"name\":\"Startseite\",\"item\":\"https:\/\/shop.diolosa.com\/pl\/?page_id=3835710\"},{\"@type\":\"ListItem\",\"position\":2,\"name\":\"Sklep\",\"item\":\"https:\/\/shop.diolosa.com\/pl\/?page_id=3835710\"},{\"@type\":\"ListItem\",\"position\":3,\"name\":\"Demeter\"}]},{\"@type\":\"WebSite\",\"@id\":\"https:\/\/shop.diolosa.com\/pl\/#website\",\"url\":\"https:\/\/shop.diolosa.com\/pl\/\",\"name\":\"Claude Diolosa\",\"description\":\"\",\"publisher\":{\"@id\":\"https:\/\/shop.diolosa.com\/pl\/#organization\"},\"potentialAction\":[{\"@type\":\"SearchAction\",\"target\":{\"@type\":\"EntryPoint\",\"urlTemplate\":\"https:\/\/shop.diolosa.com\/pl\/?s={search_term_string}\"},\"query-input\":{\"@type\":\"PropertyValueSpecification\",\"valueRequired\":true,\"valueName\":\"search_term_string\"}}],\"inLanguage\":\"pl-PL\"},{\"@type\":\"Organization\",\"@id\":\"https:\/\/shop.diolosa.com\/pl\/#organization\",\"name\":\"Claude Diolosa\",\"url\":\"https:\/\/shop.diolosa.com\/pl\/\",\"logo\":{\"@type\":\"ImageObject\",\"inLanguage\":\"pl-PL\",\"@id\":\"https:\/\/shop.diolosa.com\/pl\/#\/schema\/logo\/image\/\",\"url\":\"https:\/\/shop.diolosa.com\/wp-content\/uploads\/2019\/08\/diolosa-drop-logo-new.png\",\"contentUrl\":\"https:\/\/shop.diolosa.com\/wp-content\/uploads\/2019\/08\/diolosa-drop-logo-new.png\",\"width\":134,\"height\":176,\"caption\":\"Claude Diolosa\"},\"image\":{\"@id\":\"https:\/\/shop.diolosa.com\/pl\/#\/schema\/logo\/image\/\"},\"sameAs\":[\"https:\/\/facebook.com\/claudediolosa\",\"https:\/\/www.instagram.com\/diolosaclaude108\/\"]}]}<\/script>\n<!-- \/ Yoast SEO plugin. -->","yoast_head_json":{"title":"Demeter - Claude Diolosa","robots":{"index":"index","follow":"follow","max-snippet":"max-snippet:-1","max-image-preview":"max-image-preview:large","max-video-preview":"max-video-preview:-1"},"canonical":"https:\/\/shop.diolosa.com\/pl\/product\/demeter\/","og_locale":"pl_PL","og_type":"article","og_title":"Demeter - Claude Diolosa","og_description":"DEMETER jest stosowany w leczeniu dolegliwo\u015bci \u0142\u0105kotki i uszkodze\u0144 chrz\u0105stki. [...]","og_url":"https:\/\/shop.diolosa.com\/pl\/product\/demeter\/","og_site_name":"Claude Diolosa","article_publisher":"https:\/\/facebook.com\/claudediolosa","article_modified_time":"2025-05-06T14:20:13+00:00","og_image":[{"width":800,"height":533,"url":"https:\/\/shop.diolosa.com\/wp-content\/uploads\/2019\/09\/Presslinge-140.jpg","type":"image\/jpeg"}],"twitter_card":"summary_large_image","schema":{"@context":"https:\/\/schema.org","@graph":[{"@type":"WebPage","@id":"https:\/\/shop.diolosa.com\/pl\/product\/demeter\/","url":"https:\/\/shop.diolosa.com\/pl\/product\/demeter\/","name":"Demeter - Claude Diolosa","isPartOf":{"@id":"https:\/\/shop.diolosa.com\/pl\/#website"},"primaryImageOfPage":{"@id":"https:\/\/shop.diolosa.com\/pl\/product\/demeter\/#primaryimage"},"image":{"@id":"https:\/\/shop.diolosa.com\/pl\/product\/demeter\/#primaryimage"},"thumbnailUrl":"https:\/\/shop.diolosa.com\/wp-content\/uploads\/2019\/09\/Presslinge-140.jpg","datePublished":"2025-03-08T14:08:43+00:00","dateModified":"2025-05-06T14:20:13+00:00","breadcrumb":{"@id":"https:\/\/shop.diolosa.com\/pl\/product\/demeter\/#breadcrumb"},"inLanguage":"pl-PL","potentialAction":[{"@type":"ReadAction","target":["https:\/\/shop.diolosa.com\/pl\/product\/demeter\/"]}]},{"@type":"ImageObject","inLanguage":"pl-PL","@id":"https:\/\/shop.diolosa.com\/pl\/product\/demeter\/#primaryimage","url":"https:\/\/shop.diolosa.com\/wp-content\/uploads\/2019\/09\/Presslinge-140.jpg","contentUrl":"https:\/\/shop.diolosa.com\/wp-content\/uploads\/2019\/09\/Presslinge-140.jpg","width":800,"height":533},{"@type":"BreadcrumbList","@id":"https:\/\/shop.diolosa.com\/pl\/product\/demeter\/#breadcrumb","itemListElement":[{"@type":"ListItem","position":1,"name":"Startseite","item":"https:\/\/shop.diolosa.com\/pl\/?page_id=3835710"},{"@type":"ListItem","position":2,"name":"Sklep","item":"https:\/\/shop.diolosa.com\/pl\/?page_id=3835710"},{"@type":"ListItem","position":3,"name":"Demeter"}]},{"@type":"WebSite","@id":"https:\/\/shop.diolosa.com\/pl\/#website","url":"https:\/\/shop.diolosa.com\/pl\/","name":"Claude Diolosa","description":"","publisher":{"@id":"https:\/\/shop.diolosa.com\/pl\/#organization"},"potentialAction":[{"@type":"SearchAction","target":{"@type":"EntryPoint","urlTemplate":"https:\/\/shop.diolosa.com\/pl\/?s={search_term_string}"},"query-input":{"@type":"PropertyValueSpecification","valueRequired":true,"valueName":"search_term_string"}}],"inLanguage":"pl-PL"},{"@type":"Organization","@id":"https:\/\/shop.diolosa.com\/pl\/#organization","name":"Claude Diolosa","url":"https:\/\/shop.diolosa.com\/pl\/","logo":{"@type":"ImageObject","inLanguage":"pl-PL","@id":"https:\/\/shop.diolosa.com\/pl\/#\/schema\/logo\/image\/","url":"https:\/\/shop.diolosa.com\/wp-content\/uploads\/2019\/08\/diolosa-drop-logo-new.png","contentUrl":"https:\/\/shop.diolosa.com\/wp-content\/uploads\/2019\/08\/diolosa-drop-logo-new.png","width":134,"height":176,"caption":"Claude Diolosa"},"image":{"@id":"https:\/\/shop.diolosa.com\/pl\/#\/schema\/logo\/image\/"},"sameAs":["https:\/\/facebook.com\/claudediolosa","https:\/\/www.instagram.com\/diolosaclaude108\/"]}]}},"_links":{"self":[{"href":"https:\/\/shop.diolosa.com\/pl\/wp-json\/wp\/v2\/product\/3836092","targetHints":{"allow":["GET"]}}],"collection":[{"href":"https:\/\/shop.diolosa.com\/pl\/wp-json\/wp\/v2\/product"}],"about":[{"href":"https:\/\/shop.diolosa.com\/pl\/wp-json\/wp\/v2\/types\/product"}],"wp:featuredmedia":[{"embeddable":true,"href":"https:\/\/shop.diolosa.com\/pl\/wp-json\/wp\/v2\/media\/3835943"}],"wp:attachment":[{"href":"https:\/\/shop.diolosa.com\/pl\/wp-json\/wp\/v2\/media?parent=3836092"}],"wp:term":[{"taxonomy":"product_brand","embeddable":true,"href":"https:\/\/shop.diolosa.com\/pl\/wp-json\/wp\/v2\/product_brand?post=3836092"},{"taxonomy":"product_cat","embeddable":true,"href":"https:\/\/shop.diolosa.com\/pl\/wp-json\/wp\/v2\/product_cat?post=3836092"},{"taxonomy":"product_tag","embeddable":true,"href":"https:\/\/shop.diolosa.com\/pl\/wp-json\/wp\/v2\/product_tag?post=3836092"}],"curies":[{"name":"wp","href":"https:\/\/api.w.org\/{rel}","templated":true}]}}