{"id":3836095,"date":"2019-09-04T12:12:17","date_gmt":"2025-03-08T14:08:44","guid":{"rendered":"https:\/\/shop.diolosa.com\/product\/oczy-smoka\/"},"modified":"2025-05-06T15:20:14","modified_gmt":"2025-05-06T14:20:14","slug":"oczy-smoka","status":"publish","type":"product","link":"https:\/\/shop.diolosa.com\/pl\/product\/oczy-smoka\/","title":{"rendered":"Oczy smoka"},"content":{"rendered":"<p>DRAGON EYES jest stosowany w leczeniu choroby Gravesa-Basedowa. Preparat ten usuwa tward\u0105 flegm\u0119-gor\u0105co, Tan, krew-gor\u0105co i zast\u00f3j krwi z Shao Yang i Yang Ming, eliminuje flegm\u0119 wietrzn\u0105 (Feng Tan), oczyszcza gard\u0142o, oczyszcza oczy, uspokaja Shen i zachowuje Yin bez wytwarzania dodatkowej wilgoci. DRAGON EYES bierze pod uwag\u0119 zar\u00f3wno Pe\u0142ni\u0119, jak i Puste formy tej choroby, ale przede wszystkim eliminuje Feng Tan, kt\u00f3ry jest g\u0142\u00f3wnie spowodowany brakiem r\u00f3wnowagi mi\u0119dzy Shao Yang i Yang Ming i atakuje oczy i centralny uk\u0142ad nerwowy, a nast\u0119pnie wyczerpuje Yin.<\/p>\n","protected":false},"excerpt":{"rendered":"<p>DRAGON EYES jest stosowany w leczeniu choroby Gravesa-Basedowa. Preparat ten  [&#8230;]<\/p>\n","protected":false},"featured_media":3835943,"template":"","meta":{"_acf_changed":false},"product_brand":[],"product_cat":[11910],"product_tag":[11911],"class_list":{"0":"post-3836095","1":"product","2":"type-product","3":"status-publish","4":"has-post-thumbnail","6":"product_cat-choroby-autoimmunologiczne","7":"product_tag-choroba-gravesa-basedowa","9":"first","10":"instock","11":"taxable","12":"shipping-taxable","13":"purchasable","14":"product-type-simple"},"acf":{"yn_product_akupunktur":"<p>Dla oczu<br \/>\nworeczek \u017c\u00f3\u0142ciowy 36 &#8211; wai qiu (xi) &#8211; xie fa<br \/>\ntaiyang &#8211; M-HN-9 &#8211; xie fa<br \/>\nyu yao &#8211; M-HN-6 &#8211; xie fa<br \/>\n\u017co\u0142\u0105dek 1 &#8211; cheng qi (jing bie of mb and ma) &#8211; xie fa<br \/>\np\u0119cherz moczowy 1 &#8211; jing ming (du mai, yang\/yin qiao mai, jelito cienkie, san chiao, \u017co\u0142\u0105dek, jing bie of he and d\u00fc) &#8211; xie fa<br \/>\nworeczek \u017c\u00f3\u0142ciowy 20 &#8211; feng chi (san chiao, yang wei mai) &#8211; xie fa<br \/>\njelito grube 4 &#8211; he gu (yuan) &#8211; xie fa  <\/p>\n<p>Na gard\u0142o<br \/>\n\u017co\u0142\u0105dek 40 &#8211; feng long (luo) &#8211; xie fa<br \/>\n\u017co\u0142\u0105dek 44 &#8211; nei ting (ying) &#8211; xie fa<br \/>\n\u017co\u0142\u0105dek 34 &#8211; liang qiu (xi) &#8211; xie fa<br \/>\njelito grube 11 &#8211; qu chi &#8211; gui tui (he &#8211; gui) &#8211; xie fa<br \/>\n\u017co\u0142\u0105dek 25 &#8211; tian shu (mo &#8211; jelito grube) &#8211; xie fa<br \/>\nMiejscowe ig\u0142owanie &#8211; xie fa<\/p>\n<p>Leczenie Shen<br \/>\nsi shen cong &#8211; M-HN-1 (m\u00f3zg, cns) &#8211; xie fa<br \/>\ndu mai 20 &#8211; bai hui &#8211; bai lao (jezioro szpiku kostnego, p\u0119cherz) &#8211; xie fa<br \/>\nyin tang &#8211; M-HN-3 &#8211; xie fa<br \/>\n\u017co\u0142\u0105dek 6 &#8211; jia che &#8211; gui chuan (gui) &#8211; xie fa<br \/>\nkr\u0105\u017cenie 6 &#8211; nei guan (luo, yin wei mai) &#8211; xie fa<br \/>\nkr\u0105\u017cenie 5 &#8211; jian shi &#8211; gui lu (jing, gui) &#8211; xie fa  <\/p>\n<p>Leczenie nerek<br \/>\nnerka 6 &#8211; zhao hai (yin qiao mai) &#8211; bu fa<br \/>\np\u0119cherz 62 &#8211; shen mai &#8211; gui lu (yang qiao mai) &#8211; xie fa<br \/>\nnerka 7 &#8211; fu liu (jing) &#8211; bu fa<br \/>\nnerka 3 &#8211; tai xi (shu,yuan) &#8211; bu fa<br \/>\n\u015bledziona 6 &#8211; san yin jiao (le,ni,mb) &#8211; bu fa<\/p>\n","yn_product_verabreichungsart":"Pelety 140szt.","yn_product_dosierung":"<p>3 x 6 do 10 granulek dziennie<\/p>\n","yn_product_combinations":"<p>PORANNA SEKRETNA RADO\u015a\u0106 (Pe\u0142nia nadczynno\u015bci tarczycy), WIECZORNA SEKRETNA RADO\u015a\u0106 (Pustka nadczynno\u015bci tarczycy), USUWANIE CIEP\u0141A (Niedob\u00f3r Yin i Puste Ciep\u0142o), SPOKOJNE NOCE (Bezsenno\u015b\u0107), GOR\u0104CZKA (Epilepsja), PI\u0118\u0106 SMOK\u00d3W (Luo Mai), PI\u0118\u0106 \u0141USEK (Wole), KORZE\u0143 YIN, SAN BAO TEE (Niedob\u00f3r Yin), SPOKOJNE NIEBO (Migrena).<\/p>\n","yn_product_avoidable":"<p>Ro\u015bliny cebulowe, alkohol, ostre i pikantne mieszanki przypraw, owoce morza, jagni\u0119cina, dr\u00f3b, ocet, pieprz, go\u017adziki, nasiona kopru w\u0142oskiego, ga\u0142ka muszkato\u0142owa, czosnek, cebula, por, koper, szczypiorek, chili, sma\u017cone i t\u0142uste potrawy.<\/p>\n","yn_product_tcm_mindmapping":"<p>P\u0119cherzyk \u017c\u00f3\u0142ciowy Twarda flegma Ciep\u0142o > Feng Tan > Tan i przekrwienie w krtani i okolicach oczu > P\u00f3\u017any efekt > Niedob\u00f3r Yin w nerkach > Niedob\u00f3r krwi w w\u0105trobie > Chong i Ren Mai s\u0105 puste<\/p>\n","yn_product_tongue_body":"<p>Obrz\u0119k po jednej stronie, krzywy, gruby, dr\u017c\u0105cy, czerwony, plamisty<\/p>\n","yn_product_tongue_coating":"<p>\u017b\u00f3\u0142tawy, lepki, pr\u0105\u017ckowany i pokryty z jednej strony<\/p>\n","yn_product_pulse_diagnostics":"<p>Pozycja p\u0119cherzyka \u017c\u00f3\u0142ciowego: hua mai &#8211; szybuj\u0105ca, shi mai &#8211; pe\u0142na, xian mai &#8211; napi\u0119ta<br \/>\nPozycja \u017co\u0142\u0105dka: hua mai &#8211; szybuj\u0105ca, shi mai &#8211; pe\u0142na, xian mai &#8211; napi\u0119ta<br \/>\nPozycja nerek: chen mai &#8211; g\u0142\u0119boka, xi mai &#8211; cienka, xu mai &#8211; pusta, shuo mai &#8211; szybka<\/p>\n","yn_product_indications":"<p>Nadczynno\u015b\u0107 tarczycy, wytrzeszcz oczu, bezsenno\u015b\u0107, dra\u017cliwo\u015b\u0107, nerwowo\u015b\u0107 i dr\u017cenie (dr\u017cenie drobnoplamiste), tachykardia zatokowa, skurcze dodatkowe, migotanie przedsionk\u00f3w, utrata masy cia\u0142a pomimo \u0142aknienia, nietolerancja ciep\u0142a, pocenie si\u0119, ciep\u0142a wilgotna sk\u00f3ra, zwi\u0119kszona cz\u0119stotliwo\u015b\u0107 oddawania stolca, os\u0142abienie mi\u0119\u015bni, osteoporoza i zaburzenia cyklu, w tym przej\u015bciowa niep\u0142odno\u015b\u0107. W przypadku znacznego wola pacjenci cz\u0119sto skar\u017c\u0105 si\u0119 na uczucie ucisku, ucisku lub grudki w gardle, dyskomfort podczas noszenia ciasnych ko\u0142nierzyk\u00f3w, trudno\u015bci w po\u0142ykaniu lub duszno\u015b\u0107 podczas wysi\u0142ku. <\/p>\n","yn_product_contra_indications":"<p>Niedob\u00f3r Yang nerek, przezi\u0119bienie, przezi\u0119bienie flegmy w p\u0119cherzyku \u017c\u00f3\u0142ciowym i \u017co\u0142\u0105dku<\/p>\n","yn_product_pregnancy":"<p>Dozwolone<\/p>\n","yn_product_herbs":"<p>bupleurum radix &#8211; chai hu, gardeniae jasminoidis fructus &#8211; zhi zi, scutellariae baicalensis radix &#8211; huang qin, pinelliae ternatae rhizoma &#8211; ban xia, prunellae vulgaris &#8211; xia ku cao, fritillariae thunbergyii bulbus &#8211; zhe bei mu<\/p>\n","yn_product_magisterrecipes":"<p>Long Dan Xie Gan Tang, Huang Lian Shen Qin Wan, Qi Ju Di Huang Wan, Qing Ying Tang, Huang Lian Wen Dan Tang<\/p>\n","yn_product_audio":"https:\/\/shop.diolosa.com\/wp-content\/uploads\/2025\/07\/Dragon-Eyes.m4a","yn_product_video":"https:\/\/shop.diolosa.com\/wp-content\/uploads\/2025\/07\/Dragon-Eyes.mp4"},"yoast_head":"<!-- This site is optimized with the Yoast SEO plugin v24.9 - https:\/\/yoast.com\/wordpress\/plugins\/seo\/ -->\n<title>Oczy smoka - Claude Diolosa<\/title>\n<meta name=\"robots\" content=\"index, follow, max-snippet:-1, max-image-preview:large, max-video-preview:-1\" \/>\n<link rel=\"canonical\" href=\"https:\/\/shop.diolosa.com\/pl\/product\/oczy-smoka\/\" \/>\n<meta property=\"og:locale\" content=\"pl_PL\" \/>\n<meta property=\"og:type\" content=\"article\" \/>\n<meta property=\"og:title\" content=\"Oczy smoka - Claude Diolosa\" \/>\n<meta property=\"og:description\" content=\"DRAGON EYES jest stosowany w leczeniu choroby Gravesa-Basedowa. Preparat ten [...]\" \/>\n<meta property=\"og:url\" content=\"https:\/\/shop.diolosa.com\/pl\/product\/oczy-smoka\/\" \/>\n<meta property=\"og:site_name\" content=\"Claude Diolosa\" \/>\n<meta property=\"article:publisher\" content=\"https:\/\/facebook.com\/claudediolosa\" \/>\n<meta property=\"article:modified_time\" content=\"2025-05-06T14:20:14+00:00\" \/>\n<meta property=\"og:image\" content=\"https:\/\/shop.diolosa.com\/wp-content\/uploads\/2019\/09\/Presslinge-140.jpg\" \/>\n\t<meta property=\"og:image:width\" content=\"800\" \/>\n\t<meta property=\"og:image:height\" content=\"533\" \/>\n\t<meta property=\"og:image:type\" content=\"image\/jpeg\" \/>\n<meta name=\"twitter:card\" content=\"summary_large_image\" \/>\n<script type=\"application\/ld+json\" class=\"yoast-schema-graph\">{\"@context\":\"https:\/\/schema.org\",\"@graph\":[{\"@type\":\"WebPage\",\"@id\":\"https:\/\/shop.diolosa.com\/pl\/product\/oczy-smoka\/\",\"url\":\"https:\/\/shop.diolosa.com\/pl\/product\/oczy-smoka\/\",\"name\":\"Oczy smoka - Claude Diolosa\",\"isPartOf\":{\"@id\":\"https:\/\/shop.diolosa.com\/pl\/#website\"},\"primaryImageOfPage\":{\"@id\":\"https:\/\/shop.diolosa.com\/pl\/product\/oczy-smoka\/#primaryimage\"},\"image\":{\"@id\":\"https:\/\/shop.diolosa.com\/pl\/product\/oczy-smoka\/#primaryimage\"},\"thumbnailUrl\":\"https:\/\/shop.diolosa.com\/wp-content\/uploads\/2019\/09\/Presslinge-140.jpg\",\"datePublished\":\"2025-03-08T14:08:44+00:00\",\"dateModified\":\"2025-05-06T14:20:14+00:00\",\"breadcrumb\":{\"@id\":\"https:\/\/shop.diolosa.com\/pl\/product\/oczy-smoka\/#breadcrumb\"},\"inLanguage\":\"pl-PL\",\"potentialAction\":[{\"@type\":\"ReadAction\",\"target\":[\"https:\/\/shop.diolosa.com\/pl\/product\/oczy-smoka\/\"]}]},{\"@type\":\"ImageObject\",\"inLanguage\":\"pl-PL\",\"@id\":\"https:\/\/shop.diolosa.com\/pl\/product\/oczy-smoka\/#primaryimage\",\"url\":\"https:\/\/shop.diolosa.com\/wp-content\/uploads\/2019\/09\/Presslinge-140.jpg\",\"contentUrl\":\"https:\/\/shop.diolosa.com\/wp-content\/uploads\/2019\/09\/Presslinge-140.jpg\",\"width\":800,\"height\":533},{\"@type\":\"BreadcrumbList\",\"@id\":\"https:\/\/shop.diolosa.com\/pl\/product\/oczy-smoka\/#breadcrumb\",\"itemListElement\":[{\"@type\":\"ListItem\",\"position\":1,\"name\":\"Startseite\",\"item\":\"https:\/\/shop.diolosa.com\/pl\/?page_id=3835710\"},{\"@type\":\"ListItem\",\"position\":2,\"name\":\"Sklep\",\"item\":\"https:\/\/shop.diolosa.com\/pl\/?page_id=3835710\"},{\"@type\":\"ListItem\",\"position\":3,\"name\":\"Oczy smoka\"}]},{\"@type\":\"WebSite\",\"@id\":\"https:\/\/shop.diolosa.com\/pl\/#website\",\"url\":\"https:\/\/shop.diolosa.com\/pl\/\",\"name\":\"Claude Diolosa\",\"description\":\"\",\"publisher\":{\"@id\":\"https:\/\/shop.diolosa.com\/pl\/#organization\"},\"potentialAction\":[{\"@type\":\"SearchAction\",\"target\":{\"@type\":\"EntryPoint\",\"urlTemplate\":\"https:\/\/shop.diolosa.com\/pl\/?s={search_term_string}\"},\"query-input\":{\"@type\":\"PropertyValueSpecification\",\"valueRequired\":true,\"valueName\":\"search_term_string\"}}],\"inLanguage\":\"pl-PL\"},{\"@type\":\"Organization\",\"@id\":\"https:\/\/shop.diolosa.com\/pl\/#organization\",\"name\":\"Claude Diolosa\",\"url\":\"https:\/\/shop.diolosa.com\/pl\/\",\"logo\":{\"@type\":\"ImageObject\",\"inLanguage\":\"pl-PL\",\"@id\":\"https:\/\/shop.diolosa.com\/pl\/#\/schema\/logo\/image\/\",\"url\":\"https:\/\/shop.diolosa.com\/wp-content\/uploads\/2019\/08\/diolosa-drop-logo-new.png\",\"contentUrl\":\"https:\/\/shop.diolosa.com\/wp-content\/uploads\/2019\/08\/diolosa-drop-logo-new.png\",\"width\":134,\"height\":176,\"caption\":\"Claude Diolosa\"},\"image\":{\"@id\":\"https:\/\/shop.diolosa.com\/pl\/#\/schema\/logo\/image\/\"},\"sameAs\":[\"https:\/\/facebook.com\/claudediolosa\",\"https:\/\/www.instagram.com\/diolosaclaude108\/\"]}]}<\/script>\n<!-- \/ Yoast SEO plugin. -->","yoast_head_json":{"title":"Oczy smoka - Claude Diolosa","robots":{"index":"index","follow":"follow","max-snippet":"max-snippet:-1","max-image-preview":"max-image-preview:large","max-video-preview":"max-video-preview:-1"},"canonical":"https:\/\/shop.diolosa.com\/pl\/product\/oczy-smoka\/","og_locale":"pl_PL","og_type":"article","og_title":"Oczy smoka - Claude Diolosa","og_description":"DRAGON EYES jest stosowany w leczeniu choroby Gravesa-Basedowa. Preparat ten [...]","og_url":"https:\/\/shop.diolosa.com\/pl\/product\/oczy-smoka\/","og_site_name":"Claude Diolosa","article_publisher":"https:\/\/facebook.com\/claudediolosa","article_modified_time":"2025-05-06T14:20:14+00:00","og_image":[{"width":800,"height":533,"url":"https:\/\/shop.diolosa.com\/wp-content\/uploads\/2019\/09\/Presslinge-140.jpg","type":"image\/jpeg"}],"twitter_card":"summary_large_image","schema":{"@context":"https:\/\/schema.org","@graph":[{"@type":"WebPage","@id":"https:\/\/shop.diolosa.com\/pl\/product\/oczy-smoka\/","url":"https:\/\/shop.diolosa.com\/pl\/product\/oczy-smoka\/","name":"Oczy smoka - Claude Diolosa","isPartOf":{"@id":"https:\/\/shop.diolosa.com\/pl\/#website"},"primaryImageOfPage":{"@id":"https:\/\/shop.diolosa.com\/pl\/product\/oczy-smoka\/#primaryimage"},"image":{"@id":"https:\/\/shop.diolosa.com\/pl\/product\/oczy-smoka\/#primaryimage"},"thumbnailUrl":"https:\/\/shop.diolosa.com\/wp-content\/uploads\/2019\/09\/Presslinge-140.jpg","datePublished":"2025-03-08T14:08:44+00:00","dateModified":"2025-05-06T14:20:14+00:00","breadcrumb":{"@id":"https:\/\/shop.diolosa.com\/pl\/product\/oczy-smoka\/#breadcrumb"},"inLanguage":"pl-PL","potentialAction":[{"@type":"ReadAction","target":["https:\/\/shop.diolosa.com\/pl\/product\/oczy-smoka\/"]}]},{"@type":"ImageObject","inLanguage":"pl-PL","@id":"https:\/\/shop.diolosa.com\/pl\/product\/oczy-smoka\/#primaryimage","url":"https:\/\/shop.diolosa.com\/wp-content\/uploads\/2019\/09\/Presslinge-140.jpg","contentUrl":"https:\/\/shop.diolosa.com\/wp-content\/uploads\/2019\/09\/Presslinge-140.jpg","width":800,"height":533},{"@type":"BreadcrumbList","@id":"https:\/\/shop.diolosa.com\/pl\/product\/oczy-smoka\/#breadcrumb","itemListElement":[{"@type":"ListItem","position":1,"name":"Startseite","item":"https:\/\/shop.diolosa.com\/pl\/?page_id=3835710"},{"@type":"ListItem","position":2,"name":"Sklep","item":"https:\/\/shop.diolosa.com\/pl\/?page_id=3835710"},{"@type":"ListItem","position":3,"name":"Oczy smoka"}]},{"@type":"WebSite","@id":"https:\/\/shop.diolosa.com\/pl\/#website","url":"https:\/\/shop.diolosa.com\/pl\/","name":"Claude Diolosa","description":"","publisher":{"@id":"https:\/\/shop.diolosa.com\/pl\/#organization"},"potentialAction":[{"@type":"SearchAction","target":{"@type":"EntryPoint","urlTemplate":"https:\/\/shop.diolosa.com\/pl\/?s={search_term_string}"},"query-input":{"@type":"PropertyValueSpecification","valueRequired":true,"valueName":"search_term_string"}}],"inLanguage":"pl-PL"},{"@type":"Organization","@id":"https:\/\/shop.diolosa.com\/pl\/#organization","name":"Claude Diolosa","url":"https:\/\/shop.diolosa.com\/pl\/","logo":{"@type":"ImageObject","inLanguage":"pl-PL","@id":"https:\/\/shop.diolosa.com\/pl\/#\/schema\/logo\/image\/","url":"https:\/\/shop.diolosa.com\/wp-content\/uploads\/2019\/08\/diolosa-drop-logo-new.png","contentUrl":"https:\/\/shop.diolosa.com\/wp-content\/uploads\/2019\/08\/diolosa-drop-logo-new.png","width":134,"height":176,"caption":"Claude Diolosa"},"image":{"@id":"https:\/\/shop.diolosa.com\/pl\/#\/schema\/logo\/image\/"},"sameAs":["https:\/\/facebook.com\/claudediolosa","https:\/\/www.instagram.com\/diolosaclaude108\/"]}]}},"_links":{"self":[{"href":"https:\/\/shop.diolosa.com\/pl\/wp-json\/wp\/v2\/product\/3836095","targetHints":{"allow":["GET"]}}],"collection":[{"href":"https:\/\/shop.diolosa.com\/pl\/wp-json\/wp\/v2\/product"}],"about":[{"href":"https:\/\/shop.diolosa.com\/pl\/wp-json\/wp\/v2\/types\/product"}],"wp:featuredmedia":[{"embeddable":true,"href":"https:\/\/shop.diolosa.com\/pl\/wp-json\/wp\/v2\/media\/3835943"}],"wp:attachment":[{"href":"https:\/\/shop.diolosa.com\/pl\/wp-json\/wp\/v2\/media?parent=3836095"}],"wp:term":[{"taxonomy":"product_brand","embeddable":true,"href":"https:\/\/shop.diolosa.com\/pl\/wp-json\/wp\/v2\/product_brand?post=3836095"},{"taxonomy":"product_cat","embeddable":true,"href":"https:\/\/shop.diolosa.com\/pl\/wp-json\/wp\/v2\/product_cat?post=3836095"},{"taxonomy":"product_tag","embeddable":true,"href":"https:\/\/shop.diolosa.com\/pl\/wp-json\/wp\/v2\/product_tag?post=3836095"}],"curies":[{"name":"wp","href":"https:\/\/api.w.org\/{rel}","templated":true}]}}