{"id":3836098,"date":"2019-09-04T12:12:17","date_gmt":"2025-03-08T14:08:46","guid":{"rendered":"https:\/\/shop.diolosa.com\/product\/drzewo-zycia\/"},"modified":"2025-05-06T15:20:14","modified_gmt":"2025-05-06T14:20:14","slug":"drzewo-zycia","status":"publish","type":"product","link":"https:\/\/shop.diolosa.com\/pl\/product\/drzewo-zycia\/","title":{"rendered":"Drzewo \u017cycia"},"content":{"rendered":"<p>TREE OF LIFE zosta\u0142 stworzony do leczenia ostrego zapalenia sutka. Preparat ten rozlu\u017ania Qi, harmonizuje po\u0142\u0105czenie mi\u0119dzy p\u0119cherzykiem \u017c\u00f3\u0142ciowym a \u017co\u0142\u0105dkiem, obni\u017ca Qi \u017co\u0142\u0105dka, usuwa ciep\u0142o i toksyny, ma dzia\u0142anie obkurczaj\u0105ce, poruszaj\u0105ce krew i przeciwzapalne. TREE OF LIFE mo\u017ce by\u0107 podawany tylko przez ograniczony czas podczas karmienia piersi\u0105.<\/p>\n","protected":false},"excerpt":{"rendered":"<p>TREE OF LIFE zosta\u0142 stworzony do leczenia ostrego zapalenia sutka.  [&#8230;]<\/p>\n","protected":false},"featured_media":3835943,"template":"","meta":{"_acf_changed":false},"product_brand":[],"product_cat":[11799],"product_tag":[11912],"class_list":{"0":"post-3836098","1":"product","2":"type-product","3":"status-publish","4":"has-post-thumbnail","6":"product_cat-ginekologia","7":"product_tag-zapalenie-sutka","9":"first","10":"instock","11":"taxable","12":"shipping-taxable","13":"purchasable","14":"product-type-simple"},"acf":{"yn_product_audio":"https:\/\/shop.diolosa.com\/wp-content\/uploads\/2018\/12\/DL_0984.mp3","yn_product_video":"https:\/\/shop.diolosa.com\/wp-content\/uploads\/2024\/10\/Tree-of-Life-1.mp4","yn_product_akupunktur":"<p>Zharmonizowa\u0107 Shao Yang i Yang Ming<br \/>\np\u0119cherzyk \u017c\u00f3\u0142ciowy 34 &#8211; yang ling quan (he, xia he xue, gui) &#8211; xie fa<br \/>\n\u017co\u0142\u0105dek 34 &#8211; liang qiu (xi) &#8211; xie fa<br \/>\n\u017co\u0142\u0105dek 18 &#8211; ru gen &#8211; xie fa<br \/>\n\u017co\u0142\u0105dek 15 &#8211; wu yi &#8211; xie fa<br \/>\n\u017co\u0142\u0105dek 16 &#8211; ying chuan &#8211; xie fa<br \/>\nbubble 51 &#8211; huang men &#8211; xie fa<br \/>\nworeczek \u017c\u00f3\u0142ciowy 21 &#8211; jiang jing &#8211; xie fa<br \/>\njelito cienkie 1 &#8211; shao ze (jing) &#8211; xie fa<br \/>\np\u0119cherzyk \u017c\u00f3\u0142ciowy 24 &#8211; ri yue (mo) &#8211; xie fa<br \/>\nworeczek \u017c\u00f3\u0142ciowy 23 &#8211; zhe jin (p\u0119cherz) &#8211; xie fa<br \/>\nw\u0105troba 14 &#8211; qi men (mo, yin wei mai) &#8211; xie fa<br \/>\nren mai 17 &#8211; tan zhong (mo>circulation,ba hui xue,OE) &#8211; xie fa  <\/p>\n<p>Oczyszczanie \u017co\u0142\u0105dka i stymulowanie pasa\u017cu jelitowego<br \/>\n\u017co\u0142\u0105dek 44 &#8211; nei ting (ying) &#8211; xie fa<br \/>\n\u017co\u0142\u0105dek 40 &#8211; feng long (luo) &#8211; xie fa<br \/>\n\u017co\u0142\u0105dek 25 &#8211; tian shu (mo, jelito grube, ME) &#8211; xie fa<br \/>\n\u017co\u0142\u0105dek 37 &#8211; shang ju xu (xia he xue &#8211; jelito grube, jezioro krwi, chong mai) &#8211; xie fa<br \/>\n\u017co\u0142\u0105dek 39 &#8211; xia ju xu (xia he xue &#8211; jelito cienkie, jezioro krwi, chong mai) &#8211; xie fa<br \/>\nsan chiao 6 &#8211; zhi gou (jing) &#8211; xie fa  <\/p>\n<p>Zdalne i miejscowe rozpuszczanie zastoj\u00f3w krwi<br \/>\n\u017co\u0142\u0105dek 34 &#8211; liang qiu (xi) &#8211; xie fa<br \/>\n\u017co\u0142\u0105dek 18 &#8211; ru gen &#8211; xie fa<br \/>\np\u0119cherzyk \u017c\u00f3\u0142ciowy 24 &#8211; ri yue (mo) &#8211; xie fa<br \/>\nw\u0105troba 14 &#8211; qi men (mo, yin wei mai) &#8211; xie fa<\/p>\n<p>Uzupe\u0142ni\u0107 yin<br \/>\nnerka 3 &#8211; tai xi (shu,yuan) &#8211; bu fa<br \/>\np\u0119cherz 23 &#8211; shen shu &#8211; bu fa<br \/>\n\u015bledziona 6 &#8211; san yin jiao (le,ni,mb) &#8211; bu fa<\/p>\n<p>Chong i Ren Mai Yin wype\u0142niaj\u0105<br \/>\n\u015bledzion\u0119 4 &#8211; gong sun (luo, chong mai) &#8211; bu fa<br \/>\nlunge 7 &#8211; lie que (luo, ren mai, gao wu, ma da yang) &#8211; bu fa<\/p>\n","yn_product_verabreichungsart":"Pelety 140szt.","yn_product_dosierung":"<p>Pacjentka powinna przyjmowa\u0107 3 x 6 do 10 tabletek dziennie i zaprzesta\u0107 przyjmowania leku, gdy tylko objawy ust\u0105pi\u0105. Mleko powinno by\u0107 nadal odci\u0105gane i bardzo wa\u017cne jest, aby w tym czasie nie pi\u0107 herbaty laktacyjnej. Nale\u017cy zachowa\u0107 ostro\u017cno\u015b\u0107: Ta formu\u0142a powinna by\u0107 podawana tylko przez kr\u00f3tki czas.  <\/p>\n","yn_product_combinations":"<p>HERBATA NA DZIE\u0143 RELAKSUJ\u0104CA (przekrwienie Qi), FLEMING (infekcja i gor\u0105czka)<\/p>\n","yn_product_avoidable":"<p>Wszystkie ostre i aromatyczne przyprawy s\u0105 zabronione! Ponadto nale\u017cy unika\u0107 nast\u0119puj\u0105cych produkt\u00f3w: Owoc\u00f3w morza, jagni\u0119ciny, zupy drobiowej i zupy zio\u0142owej z zio\u0142ami, kminkiem, kminkiem, kolendr\u0105, any\u017cem, koprem w\u0142oskim, rozmarynem, sk\u00f3rk\u0105 pomara\u0144czow\u0105 <\/p>\n","yn_product_tcm_mindmapping":"<p>Przekrwienie Qi p\u0119cherzyka \u017c\u00f3\u0142ciowego > Przekrwienie Qi \u017co\u0142\u0105dka > Ogie\u0144 i toksyny w \u017co\u0142\u0105dku > Przekrwienie krwi > Ciep\u0142o krwi > Stwardnienie<\/p>\n","yn_product_tongue_body":"<p>Kraw\u0119dzie spuchni\u0119te i zaczerwienione<\/p>\n","yn_product_tongue_coating":"<p>\u017b\u00f3\u0142tawy<\/p>\n","yn_product_pulse_diagnostics":"<p>Pozycja brzucha: xian mai &#8211; napi\u0119ty, shi mai &#8211; pe\u0142ny, shuo mai &#8211; szybki, hua mai &#8211; szybuj\u0105cy i se mai &#8211; szorstki.<\/p>\n","yn_product_indications":"<p>Zapalenie sutka, b\u00f3l piersi<\/p>\n","yn_product_contra_indications":"<p>Wilgotno\u015b\u0107 \u017co\u0142\u0105dka i flegma, niedob\u00f3r yang nerek<\/p>\n","yn_product_pregnancy":"<p>Dozwolone<\/p>\n","yn_product_herbs":"<p>taraxacum herba &#8211; pu gong yin, violae herba &#8211; zi hua di ding, chrysanthemi albae flos &#8211; bai ju hua, menthae haplocalycis herba &#8211; bo he, glycyrrhizae uralensis radix &#8211; gan cao, albizziae flos &#8211; he huan hua, citri reticulatae viride pericarpium &#8211; qing pi<\/p>\n","yn_product_magisterrecipes":"<p>Gua Lou Niu Bang Zi Tang, Gua Lou Xiao Yao San, Shen Xiao Gua Lou San, Dan Zhi Xiao Yao San, Xiao Chai Hu Tang<\/p>\n"},"yoast_head":"<!-- This site is optimized with the Yoast SEO plugin v24.9 - https:\/\/yoast.com\/wordpress\/plugins\/seo\/ -->\n<title>Drzewo \u017cycia - Claude Diolosa<\/title>\n<meta name=\"robots\" content=\"index, follow, max-snippet:-1, max-image-preview:large, max-video-preview:-1\" \/>\n<link rel=\"canonical\" href=\"https:\/\/shop.diolosa.com\/pl\/product\/drzewo-zycia\/\" \/>\n<meta property=\"og:locale\" content=\"pl_PL\" \/>\n<meta property=\"og:type\" content=\"article\" \/>\n<meta property=\"og:title\" content=\"Drzewo \u017cycia - Claude Diolosa\" \/>\n<meta property=\"og:description\" content=\"TREE OF LIFE zosta\u0142 stworzony do leczenia ostrego zapalenia sutka. [...]\" \/>\n<meta property=\"og:url\" content=\"https:\/\/shop.diolosa.com\/pl\/product\/drzewo-zycia\/\" \/>\n<meta property=\"og:site_name\" content=\"Claude Diolosa\" \/>\n<meta property=\"article:publisher\" content=\"https:\/\/facebook.com\/claudediolosa\" \/>\n<meta property=\"article:modified_time\" content=\"2025-05-06T14:20:14+00:00\" \/>\n<meta property=\"og:image\" content=\"https:\/\/shop.diolosa.com\/wp-content\/uploads\/2019\/09\/Presslinge-140.jpg\" \/>\n\t<meta property=\"og:image:width\" content=\"800\" \/>\n\t<meta property=\"og:image:height\" content=\"533\" \/>\n\t<meta property=\"og:image:type\" content=\"image\/jpeg\" \/>\n<meta name=\"twitter:card\" content=\"summary_large_image\" \/>\n<script type=\"application\/ld+json\" class=\"yoast-schema-graph\">{\"@context\":\"https:\/\/schema.org\",\"@graph\":[{\"@type\":\"WebPage\",\"@id\":\"https:\/\/shop.diolosa.com\/pl\/product\/drzewo-zycia\/\",\"url\":\"https:\/\/shop.diolosa.com\/pl\/product\/drzewo-zycia\/\",\"name\":\"Drzewo \u017cycia - Claude Diolosa\",\"isPartOf\":{\"@id\":\"https:\/\/shop.diolosa.com\/pl\/#website\"},\"primaryImageOfPage\":{\"@id\":\"https:\/\/shop.diolosa.com\/pl\/product\/drzewo-zycia\/#primaryimage\"},\"image\":{\"@id\":\"https:\/\/shop.diolosa.com\/pl\/product\/drzewo-zycia\/#primaryimage\"},\"thumbnailUrl\":\"https:\/\/shop.diolosa.com\/wp-content\/uploads\/2019\/09\/Presslinge-140.jpg\",\"datePublished\":\"2025-03-08T14:08:46+00:00\",\"dateModified\":\"2025-05-06T14:20:14+00:00\",\"breadcrumb\":{\"@id\":\"https:\/\/shop.diolosa.com\/pl\/product\/drzewo-zycia\/#breadcrumb\"},\"inLanguage\":\"pl-PL\",\"potentialAction\":[{\"@type\":\"ReadAction\",\"target\":[\"https:\/\/shop.diolosa.com\/pl\/product\/drzewo-zycia\/\"]}]},{\"@type\":\"ImageObject\",\"inLanguage\":\"pl-PL\",\"@id\":\"https:\/\/shop.diolosa.com\/pl\/product\/drzewo-zycia\/#primaryimage\",\"url\":\"https:\/\/shop.diolosa.com\/wp-content\/uploads\/2019\/09\/Presslinge-140.jpg\",\"contentUrl\":\"https:\/\/shop.diolosa.com\/wp-content\/uploads\/2019\/09\/Presslinge-140.jpg\",\"width\":800,\"height\":533},{\"@type\":\"BreadcrumbList\",\"@id\":\"https:\/\/shop.diolosa.com\/pl\/product\/drzewo-zycia\/#breadcrumb\",\"itemListElement\":[{\"@type\":\"ListItem\",\"position\":1,\"name\":\"Startseite\",\"item\":\"https:\/\/shop.diolosa.com\/pl\/?page_id=3835710\"},{\"@type\":\"ListItem\",\"position\":2,\"name\":\"Sklep\",\"item\":\"https:\/\/shop.diolosa.com\/pl\/?page_id=3835710\"},{\"@type\":\"ListItem\",\"position\":3,\"name\":\"Drzewo \u017cycia\"}]},{\"@type\":\"WebSite\",\"@id\":\"https:\/\/shop.diolosa.com\/pl\/#website\",\"url\":\"https:\/\/shop.diolosa.com\/pl\/\",\"name\":\"Claude Diolosa\",\"description\":\"\",\"publisher\":{\"@id\":\"https:\/\/shop.diolosa.com\/pl\/#organization\"},\"potentialAction\":[{\"@type\":\"SearchAction\",\"target\":{\"@type\":\"EntryPoint\",\"urlTemplate\":\"https:\/\/shop.diolosa.com\/pl\/?s={search_term_string}\"},\"query-input\":{\"@type\":\"PropertyValueSpecification\",\"valueRequired\":true,\"valueName\":\"search_term_string\"}}],\"inLanguage\":\"pl-PL\"},{\"@type\":\"Organization\",\"@id\":\"https:\/\/shop.diolosa.com\/pl\/#organization\",\"name\":\"Claude Diolosa\",\"url\":\"https:\/\/shop.diolosa.com\/pl\/\",\"logo\":{\"@type\":\"ImageObject\",\"inLanguage\":\"pl-PL\",\"@id\":\"https:\/\/shop.diolosa.com\/pl\/#\/schema\/logo\/image\/\",\"url\":\"https:\/\/shop.diolosa.com\/wp-content\/uploads\/2019\/08\/diolosa-drop-logo-new.png\",\"contentUrl\":\"https:\/\/shop.diolosa.com\/wp-content\/uploads\/2019\/08\/diolosa-drop-logo-new.png\",\"width\":134,\"height\":176,\"caption\":\"Claude Diolosa\"},\"image\":{\"@id\":\"https:\/\/shop.diolosa.com\/pl\/#\/schema\/logo\/image\/\"},\"sameAs\":[\"https:\/\/facebook.com\/claudediolosa\",\"https:\/\/www.instagram.com\/diolosaclaude108\/\"]}]}<\/script>\n<!-- \/ Yoast SEO plugin. -->","yoast_head_json":{"title":"Drzewo \u017cycia - Claude Diolosa","robots":{"index":"index","follow":"follow","max-snippet":"max-snippet:-1","max-image-preview":"max-image-preview:large","max-video-preview":"max-video-preview:-1"},"canonical":"https:\/\/shop.diolosa.com\/pl\/product\/drzewo-zycia\/","og_locale":"pl_PL","og_type":"article","og_title":"Drzewo \u017cycia - Claude Diolosa","og_description":"TREE OF LIFE zosta\u0142 stworzony do leczenia ostrego zapalenia sutka. [...]","og_url":"https:\/\/shop.diolosa.com\/pl\/product\/drzewo-zycia\/","og_site_name":"Claude Diolosa","article_publisher":"https:\/\/facebook.com\/claudediolosa","article_modified_time":"2025-05-06T14:20:14+00:00","og_image":[{"width":800,"height":533,"url":"https:\/\/shop.diolosa.com\/wp-content\/uploads\/2019\/09\/Presslinge-140.jpg","type":"image\/jpeg"}],"twitter_card":"summary_large_image","schema":{"@context":"https:\/\/schema.org","@graph":[{"@type":"WebPage","@id":"https:\/\/shop.diolosa.com\/pl\/product\/drzewo-zycia\/","url":"https:\/\/shop.diolosa.com\/pl\/product\/drzewo-zycia\/","name":"Drzewo \u017cycia - Claude Diolosa","isPartOf":{"@id":"https:\/\/shop.diolosa.com\/pl\/#website"},"primaryImageOfPage":{"@id":"https:\/\/shop.diolosa.com\/pl\/product\/drzewo-zycia\/#primaryimage"},"image":{"@id":"https:\/\/shop.diolosa.com\/pl\/product\/drzewo-zycia\/#primaryimage"},"thumbnailUrl":"https:\/\/shop.diolosa.com\/wp-content\/uploads\/2019\/09\/Presslinge-140.jpg","datePublished":"2025-03-08T14:08:46+00:00","dateModified":"2025-05-06T14:20:14+00:00","breadcrumb":{"@id":"https:\/\/shop.diolosa.com\/pl\/product\/drzewo-zycia\/#breadcrumb"},"inLanguage":"pl-PL","potentialAction":[{"@type":"ReadAction","target":["https:\/\/shop.diolosa.com\/pl\/product\/drzewo-zycia\/"]}]},{"@type":"ImageObject","inLanguage":"pl-PL","@id":"https:\/\/shop.diolosa.com\/pl\/product\/drzewo-zycia\/#primaryimage","url":"https:\/\/shop.diolosa.com\/wp-content\/uploads\/2019\/09\/Presslinge-140.jpg","contentUrl":"https:\/\/shop.diolosa.com\/wp-content\/uploads\/2019\/09\/Presslinge-140.jpg","width":800,"height":533},{"@type":"BreadcrumbList","@id":"https:\/\/shop.diolosa.com\/pl\/product\/drzewo-zycia\/#breadcrumb","itemListElement":[{"@type":"ListItem","position":1,"name":"Startseite","item":"https:\/\/shop.diolosa.com\/pl\/?page_id=3835710"},{"@type":"ListItem","position":2,"name":"Sklep","item":"https:\/\/shop.diolosa.com\/pl\/?page_id=3835710"},{"@type":"ListItem","position":3,"name":"Drzewo \u017cycia"}]},{"@type":"WebSite","@id":"https:\/\/shop.diolosa.com\/pl\/#website","url":"https:\/\/shop.diolosa.com\/pl\/","name":"Claude Diolosa","description":"","publisher":{"@id":"https:\/\/shop.diolosa.com\/pl\/#organization"},"potentialAction":[{"@type":"SearchAction","target":{"@type":"EntryPoint","urlTemplate":"https:\/\/shop.diolosa.com\/pl\/?s={search_term_string}"},"query-input":{"@type":"PropertyValueSpecification","valueRequired":true,"valueName":"search_term_string"}}],"inLanguage":"pl-PL"},{"@type":"Organization","@id":"https:\/\/shop.diolosa.com\/pl\/#organization","name":"Claude Diolosa","url":"https:\/\/shop.diolosa.com\/pl\/","logo":{"@type":"ImageObject","inLanguage":"pl-PL","@id":"https:\/\/shop.diolosa.com\/pl\/#\/schema\/logo\/image\/","url":"https:\/\/shop.diolosa.com\/wp-content\/uploads\/2019\/08\/diolosa-drop-logo-new.png","contentUrl":"https:\/\/shop.diolosa.com\/wp-content\/uploads\/2019\/08\/diolosa-drop-logo-new.png","width":134,"height":176,"caption":"Claude Diolosa"},"image":{"@id":"https:\/\/shop.diolosa.com\/pl\/#\/schema\/logo\/image\/"},"sameAs":["https:\/\/facebook.com\/claudediolosa","https:\/\/www.instagram.com\/diolosaclaude108\/"]}]}},"_links":{"self":[{"href":"https:\/\/shop.diolosa.com\/pl\/wp-json\/wp\/v2\/product\/3836098","targetHints":{"allow":["GET"]}}],"collection":[{"href":"https:\/\/shop.diolosa.com\/pl\/wp-json\/wp\/v2\/product"}],"about":[{"href":"https:\/\/shop.diolosa.com\/pl\/wp-json\/wp\/v2\/types\/product"}],"wp:featuredmedia":[{"embeddable":true,"href":"https:\/\/shop.diolosa.com\/pl\/wp-json\/wp\/v2\/media\/3835943"}],"wp:attachment":[{"href":"https:\/\/shop.diolosa.com\/pl\/wp-json\/wp\/v2\/media?parent=3836098"}],"wp:term":[{"taxonomy":"product_brand","embeddable":true,"href":"https:\/\/shop.diolosa.com\/pl\/wp-json\/wp\/v2\/product_brand?post=3836098"},{"taxonomy":"product_cat","embeddable":true,"href":"https:\/\/shop.diolosa.com\/pl\/wp-json\/wp\/v2\/product_cat?post=3836098"},{"taxonomy":"product_tag","embeddable":true,"href":"https:\/\/shop.diolosa.com\/pl\/wp-json\/wp\/v2\/product_tag?post=3836098"}],"curies":[{"name":"wp","href":"https:\/\/api.w.org\/{rel}","templated":true}]}}